{"id":49115,"date":"2025-07-29T12:09:54","date_gmt":"2025-07-29T09:09:54","guid":{"rendered":"https:\/\/miumjau.ee\/toode\/beaphar-sampunas-suniukams-250-ml\/"},"modified":"2026-01-07T20:43:58","modified_gmt":"2026-01-07T18:43:58","slug":"beaphar-sampunas-suniukams-250-ml","status":"publish","type":"product","link":"https:\/\/miumjau.ee\/lt\/produktas\/beaphar-sampunas-suniukams-250-ml\/","title":{"rendered":"Beaphar \u0161amp\u016bnas \u0161uniukams 250 ml"},"content":{"rendered":"","protected":false},"excerpt":{"rendered":"<p data-start=\"5160\" data-end=\"5415\">Beaphar ekologi\u0161kas \u0161amp\u016bnas su ramun\u0117l\u0117mis ir aloe vera puikiai tinka \u0161uniukams nuo 12 savai\u010di\u0173, turintiems jautri\u0105 od\u0105. \u0160amp\u016bnas turi ramun\u0117li\u0173 ekstrakto, kuris maitina ir dr\u0117kina od\u0105, padeda atstatyti nuobod\u0173 ir trap\u0173 kail\u012f. Produktas yra pH neutralus.<\/p>\n<ul data-start=\"5417\" data-end=\"5634\">\n<li data-start=\"5417\" data-end=\"5505\">\n<p data-start=\"5419\" data-end=\"5505\">Sud\u0117tyje yra makadamijos aliejus, padedantis palaikyti sveik\u0105 od\u0105 ir blizgant\u012f kail\u012f<\/p>\n<\/li>\n<li data-start=\"5506\" data-end=\"5522\">\n<p data-start=\"5508\" data-end=\"5522\">pH neutralus<\/p>\n<\/li>\n<li data-start=\"5523\" data-end=\"5572\">\n<p data-start=\"5525\" data-end=\"5572\">Specialiai sukurtas \u0161uniukams nuo 12 savai\u010di\u0173<\/p>\n<\/li>\n<li data-start=\"5573\" data-end=\"5601\">\n<p data-start=\"5575\" data-end=\"5601\">Be paraben\u0173, be silikono<\/p>\n<\/li>\n<li data-start=\"5602\" data-end=\"5634\">\n<p data-start=\"5604\" data-end=\"5634\">Tinka vis\u0173 veisli\u0173 \u0161uniukams<\/p>\n<\/li>\n<\/ul>\n<p data-start=\"5636\" data-end=\"6394\"><strong data-start=\"5636\" data-end=\"5648\">Sud\u0117tis:<\/strong> Vanduo, natrio laureto sulfatas, PEG-200 hidrogenintas glicerilo palmitatas, glicerilo-2 kokos\u0173 r\u016bg\u0161tis, kokamidopropilbetainas, natrio chloridas, PEG-7 glicerilo kokos\u0173 r\u016bg\u0161tis, glicerilo-7 lauratas, lauril-laktatas, kaprilin\u0117\/kaprin\u0117 triglicerid\u0173 r\u016bg\u0161tis, dinatrio EDTA, glikolio distearatas, natrio C14-16 olefino sulfonatas, polikvaternijus-7, citrinos r\u016bg\u0161tis, glicinas, benzilo alkoholis, trietilenglikolis, aloe (Aloe Barbadensis) lap\u0173 ekstraktas, glicerinas, propilenglikolio sulfonatas, butilenglikolio sulfonatas, sorbitano lauratas, fenoksietanolis, natrio citratas, metilchloroizotiazolinonas, ramun\u0117li\u0173 (Anthemis Nobilis) \u017eied\u0173 ekstraktas, CI 15985, metilizotiazolinonas, magnio chloridas, magnio nitratas, kalio sorbatas, CI 19140.<\/p>\n<p data-start=\"6396\" data-end=\"6648\"><strong data-start=\"6396\" data-end=\"6411\">Naudojimas:<\/strong> \u0160amp\u016bnas koncentruotas, gali b\u016bti praskiestas 1:1. Naudojamo kiekio priklauso nuo \u0161uniuko dyd\u017eio. Sudr\u0117kinkite kail\u012f ir \u012fmasa\u017euokite \u0161amp\u016bn\u0105, kol susidarys putos. Palikite 2\u20133 minutes, kruop\u0161\u010diai nuplaukite ir nusausinkite rank\u0161luos\u010diu.<\/p>\n<p data-start=\"6650\" data-end=\"6803\"><strong data-start=\"6650\" data-end=\"6663\">Laikymas:<\/strong> Laikyti \u017eemiau 25 \u00baC, originalioje pakuot\u0117je. Laikyti vaikams nepasiekiamoje vietoje. Nepageidautina \u0161aldyti. Po galiojimo datos nenaudoti.<\/p>\n","protected":false},"featured_media":49116,"template":"","meta":[],"product_brand":[],"product_cat":[542],"product_tag":[],"class_list":{"0":"post-49115","1":"product","2":"type-product","3":"status-publish","4":"has-post-thumbnail","6":"product_cat-prieziuros-priemones-sunims","8":"first","9":"instock","10":"taxable","11":"shipping-taxable","12":"purchasable","13":"product-type-simple"},"yoast_head":"<!-- This site is optimized with the Yoast SEO plugin v27.2 - https:\/\/yoast.com\/product\/yoast-seo-wordpress\/ -->\n<title>Beaphar \u0161amp\u016bnas \u0161uniukams 250 ml - MiuMjau<\/title>\n<meta name=\"robots\" content=\"index, follow, max-snippet:-1, max-image-preview:large, max-video-preview:-1\" \/>\n<link rel=\"canonical\" href=\"https:\/\/miumjau.ee\/lt\/produktas\/beaphar-sampunas-suniukams-250-ml\/\" \/>\n<meta property=\"og:locale\" content=\"lt_LT\" \/>\n<meta property=\"og:type\" content=\"article\" \/>\n<meta property=\"og:title\" content=\"Beaphar \u0161amp\u016bnas \u0161uniukams 250 ml - MiuMjau\" \/>\n<meta property=\"og:description\" content=\"Beaphar ekologi\u0161kas \u0161amp\u016bnas su ramun\u0117l\u0117mis ir aloe vera puikiai tinka \u0161uniukams nuo 12 savai\u010di\u0173, turintiems jautri\u0105 od\u0105. \u0160amp\u016bnas turi ramun\u0117li\u0173 ekstrakto, kuris maitina ir dr\u0117kina od\u0105, padeda atstatyti nuobod\u0173 ir trap\u0173 kail\u012f. Produktas yra pH neutralus.     Sud\u0117tyje yra makadamijos aliejus, padedantis palaikyti sveik\u0105 od\u0105 ir blizgant\u012f kail\u012f    pH neutralus    Specialiai sukurtas \u0161uniukams nuo 12 savai\u010di\u0173    Be paraben\u0173, be silikono    Tinka vis\u0173 veisli\u0173 \u0161uniukams   Sud\u0117tis: Vanduo, natrio laureto sulfatas, PEG-200 hidrogenintas glicerilo palmitatas, glicerilo-2 kokos\u0173 r\u016bg\u0161tis, kokamidopropilbetainas, natrio chloridas, PEG-7 glicerilo kokos\u0173 r\u016bg\u0161tis, glicerilo-7 lauratas, lauril-laktatas, kaprilin\u0117\/kaprin\u0117 triglicerid\u0173 r\u016bg\u0161tis, dinatrio EDTA, glikolio distearatas, natrio C14-16 olefino sulfonatas, polikvaternijus-7, citrinos r\u016bg\u0161tis, glicinas, benzilo alkoholis, trietilenglikolis, aloe (Aloe Barbadensis) lap\u0173 ekstraktas, glicerinas, propilenglikolio sulfonatas, butilenglikolio sulfonatas, sorbitano lauratas, fenoksietanolis, natrio citratas, metilchloroizotiazolinonas, ramun\u0117li\u0173 (Anthemis Nobilis) \u017eied\u0173 ekstraktas, CI 15985, metilizotiazolinonas, magnio chloridas, magnio nitratas, kalio sorbatas, CI 19140. Naudojimas: \u0160amp\u016bnas koncentruotas, gali b\u016bti praskiestas 1:1. Naudojamo kiekio priklauso nuo \u0161uniuko dyd\u017eio. Sudr\u0117kinkite kail\u012f ir \u012fmasa\u017euokite \u0161amp\u016bn\u0105, kol susidarys putos. Palikite 2\u20133 minutes, kruop\u0161\u010diai nuplaukite ir nusausinkite rank\u0161luos\u010diu. Laikymas: Laikyti \u017eemiau 25 \u00baC, originalioje pakuot\u0117je. Laikyti vaikams nepasiekiamoje vietoje. Nepageidautina \u0161aldyti. Po galiojimo datos nenaudoti.\" \/>\n<meta property=\"og:url\" content=\"https:\/\/miumjau.ee\/lt\/produktas\/beaphar-sampunas-suniukams-250-ml\/\" \/>\n<meta property=\"og:site_name\" content=\"MiuMjau\" \/>\n<meta property=\"article:publisher\" content=\"https:\/\/www.facebook.com\/miumjaupood\/\" \/>\n<meta property=\"article:modified_time\" content=\"2026-01-07T18:43:58+00:00\" \/>\n<meta property=\"og:image\" content=\"https:\/\/miumjau.ee\/wp-content\/uploads\/2025\/07\/beaphar-kassidele-koertele21.jpg\" \/>\n\t<meta property=\"og:image:width\" content=\"600\" \/>\n\t<meta property=\"og:image:height\" content=\"800\" \/>\n\t<meta property=\"og:image:type\" content=\"image\/jpeg\" \/>\n<meta name=\"twitter:card\" content=\"summary_large_image\" \/>\n<script type=\"application\/ld+json\" class=\"yoast-schema-graph\">{\"@context\":\"https:\/\/schema.org\",\"@graph\":[{\"@type\":\"WebPage\",\"@id\":\"https:\/\/miumjau.ee\/lt\/produktas\/beaphar-sampunas-suniukams-250-ml\/\",\"url\":\"https:\/\/miumjau.ee\/lt\/produktas\/beaphar-sampunas-suniukams-250-ml\/\",\"name\":\"Beaphar \u0161amp\u016bnas \u0161uniukams 250 ml - MiuMjau\",\"isPartOf\":{\"@id\":\"https:\/\/miumjau.ee\/#website\"},\"primaryImageOfPage\":{\"@id\":\"https:\/\/miumjau.ee\/lt\/produktas\/beaphar-sampunas-suniukams-250-ml\/#primaryimage\"},\"image\":{\"@id\":\"https:\/\/miumjau.ee\/lt\/produktas\/beaphar-sampunas-suniukams-250-ml\/#primaryimage\"},\"thumbnailUrl\":\"https:\/\/miumjau.ee\/wp-content\/uploads\/2025\/07\/beaphar-kassidele-koertele21.jpg\",\"datePublished\":\"2025-07-29T09:09:54+00:00\",\"dateModified\":\"2026-01-07T18:43:58+00:00\",\"breadcrumb\":{\"@id\":\"https:\/\/miumjau.ee\/lt\/produktas\/beaphar-sampunas-suniukams-250-ml\/#breadcrumb\"},\"inLanguage\":\"lt-LT\",\"potentialAction\":[{\"@type\":\"ReadAction\",\"target\":[\"https:\/\/miumjau.ee\/lt\/produktas\/beaphar-sampunas-suniukams-250-ml\/\"]}]},{\"@type\":\"ImageObject\",\"inLanguage\":\"lt-LT\",\"@id\":\"https:\/\/miumjau.ee\/lt\/produktas\/beaphar-sampunas-suniukams-250-ml\/#primaryimage\",\"url\":\"https:\/\/miumjau.ee\/wp-content\/uploads\/2025\/07\/beaphar-kassidele-koertele21.jpg\",\"contentUrl\":\"https:\/\/miumjau.ee\/wp-content\/uploads\/2025\/07\/beaphar-kassidele-koertele21.jpg\",\"width\":600,\"height\":800},{\"@type\":\"BreadcrumbList\",\"@id\":\"https:\/\/miumjau.ee\/lt\/produktas\/beaphar-sampunas-suniukams-250-ml\/#breadcrumb\",\"itemListElement\":[{\"@type\":\"ListItem\",\"position\":1,\"name\":\"Home\",\"item\":\"https:\/\/miumjau.ee\/lt\/\"},{\"@type\":\"ListItem\",\"position\":2,\"name\":\"Parduotuv\u0117\",\"item\":\"https:\/\/miumjau.ee\/lt\/parduotuve\/\"},{\"@type\":\"ListItem\",\"position\":3,\"name\":\"Beaphar \u0161amp\u016bnas \u0161uniukams 250 ml\"}]},{\"@type\":\"WebSite\",\"@id\":\"https:\/\/miumjau.ee\/#website\",\"url\":\"https:\/\/miumjau.ee\/\",\"name\":\"MiuMjau\",\"description\":\"Kraapimispuud kassidele\",\"publisher\":{\"@id\":\"https:\/\/miumjau.ee\/#organization\"},\"potentialAction\":[{\"@type\":\"SearchAction\",\"target\":{\"@type\":\"EntryPoint\",\"urlTemplate\":\"https:\/\/miumjau.ee\/?s={search_term_string}\"},\"query-input\":{\"@type\":\"PropertyValueSpecification\",\"valueRequired\":true,\"valueName\":\"search_term_string\"}}],\"inLanguage\":\"lt-LT\"},{\"@type\":\"Organization\",\"@id\":\"https:\/\/miumjau.ee\/#organization\",\"name\":\"MiuMjau O\u00dc\",\"url\":\"https:\/\/miumjau.ee\/\",\"logo\":{\"@type\":\"ImageObject\",\"inLanguage\":\"lt-LT\",\"@id\":\"https:\/\/miumjau.ee\/#\/schema\/logo\/image\/\",\"url\":\"https:\/\/miumjau.ee\/wp-content\/uploads\/2022\/04\/MiuMjau-logo-kollane.png\",\"contentUrl\":\"https:\/\/miumjau.ee\/wp-content\/uploads\/2022\/04\/MiuMjau-logo-kollane.png\",\"width\":219,\"height\":100,\"caption\":\"MiuMjau O\u00dc\"},\"image\":{\"@id\":\"https:\/\/miumjau.ee\/#\/schema\/logo\/image\/\"},\"sameAs\":[\"https:\/\/www.facebook.com\/miumjaupood\/\"]}]}<\/script>\n<!-- \/ Yoast SEO plugin. -->","yoast_head_json":{"title":"Beaphar \u0161amp\u016bnas \u0161uniukams 250 ml - MiuMjau","robots":{"index":"index","follow":"follow","max-snippet":"max-snippet:-1","max-image-preview":"max-image-preview:large","max-video-preview":"max-video-preview:-1"},"canonical":"https:\/\/miumjau.ee\/lt\/produktas\/beaphar-sampunas-suniukams-250-ml\/","og_locale":"lt_LT","og_type":"article","og_title":"Beaphar \u0161amp\u016bnas \u0161uniukams 250 ml - MiuMjau","og_description":"Beaphar ekologi\u0161kas \u0161amp\u016bnas su ramun\u0117l\u0117mis ir aloe vera puikiai tinka \u0161uniukams nuo 12 savai\u010di\u0173, turintiems jautri\u0105 od\u0105. \u0160amp\u016bnas turi ramun\u0117li\u0173 ekstrakto, kuris maitina ir dr\u0117kina od\u0105, padeda atstatyti nuobod\u0173 ir trap\u0173 kail\u012f. Produktas yra pH neutralus.     Sud\u0117tyje yra makadamijos aliejus, padedantis palaikyti sveik\u0105 od\u0105 ir blizgant\u012f kail\u012f    pH neutralus    Specialiai sukurtas \u0161uniukams nuo 12 savai\u010di\u0173    Be paraben\u0173, be silikono    Tinka vis\u0173 veisli\u0173 \u0161uniukams   Sud\u0117tis: Vanduo, natrio laureto sulfatas, PEG-200 hidrogenintas glicerilo palmitatas, glicerilo-2 kokos\u0173 r\u016bg\u0161tis, kokamidopropilbetainas, natrio chloridas, PEG-7 glicerilo kokos\u0173 r\u016bg\u0161tis, glicerilo-7 lauratas, lauril-laktatas, kaprilin\u0117\/kaprin\u0117 triglicerid\u0173 r\u016bg\u0161tis, dinatrio EDTA, glikolio distearatas, natrio C14-16 olefino sulfonatas, polikvaternijus-7, citrinos r\u016bg\u0161tis, glicinas, benzilo alkoholis, trietilenglikolis, aloe (Aloe Barbadensis) lap\u0173 ekstraktas, glicerinas, propilenglikolio sulfonatas, butilenglikolio sulfonatas, sorbitano lauratas, fenoksietanolis, natrio citratas, metilchloroizotiazolinonas, ramun\u0117li\u0173 (Anthemis Nobilis) \u017eied\u0173 ekstraktas, CI 15985, metilizotiazolinonas, magnio chloridas, magnio nitratas, kalio sorbatas, CI 19140. Naudojimas: \u0160amp\u016bnas koncentruotas, gali b\u016bti praskiestas 1:1. Naudojamo kiekio priklauso nuo \u0161uniuko dyd\u017eio. Sudr\u0117kinkite kail\u012f ir \u012fmasa\u017euokite \u0161amp\u016bn\u0105, kol susidarys putos. Palikite 2\u20133 minutes, kruop\u0161\u010diai nuplaukite ir nusausinkite rank\u0161luos\u010diu. Laikymas: Laikyti \u017eemiau 25 \u00baC, originalioje pakuot\u0117je. Laikyti vaikams nepasiekiamoje vietoje. Nepageidautina \u0161aldyti. Po galiojimo datos nenaudoti.","og_url":"https:\/\/miumjau.ee\/lt\/produktas\/beaphar-sampunas-suniukams-250-ml\/","og_site_name":"MiuMjau","article_publisher":"https:\/\/www.facebook.com\/miumjaupood\/","article_modified_time":"2026-01-07T18:43:58+00:00","og_image":[{"width":600,"height":800,"url":"https:\/\/miumjau.ee\/wp-content\/uploads\/2025\/07\/beaphar-kassidele-koertele21.jpg","type":"image\/jpeg"}],"twitter_card":"summary_large_image","schema":{"@context":"https:\/\/schema.org","@graph":[{"@type":"WebPage","@id":"https:\/\/miumjau.ee\/lt\/produktas\/beaphar-sampunas-suniukams-250-ml\/","url":"https:\/\/miumjau.ee\/lt\/produktas\/beaphar-sampunas-suniukams-250-ml\/","name":"Beaphar \u0161amp\u016bnas \u0161uniukams 250 ml - MiuMjau","isPartOf":{"@id":"https:\/\/miumjau.ee\/#website"},"primaryImageOfPage":{"@id":"https:\/\/miumjau.ee\/lt\/produktas\/beaphar-sampunas-suniukams-250-ml\/#primaryimage"},"image":{"@id":"https:\/\/miumjau.ee\/lt\/produktas\/beaphar-sampunas-suniukams-250-ml\/#primaryimage"},"thumbnailUrl":"https:\/\/miumjau.ee\/wp-content\/uploads\/2025\/07\/beaphar-kassidele-koertele21.jpg","datePublished":"2025-07-29T09:09:54+00:00","dateModified":"2026-01-07T18:43:58+00:00","breadcrumb":{"@id":"https:\/\/miumjau.ee\/lt\/produktas\/beaphar-sampunas-suniukams-250-ml\/#breadcrumb"},"inLanguage":"lt-LT","potentialAction":[{"@type":"ReadAction","target":["https:\/\/miumjau.ee\/lt\/produktas\/beaphar-sampunas-suniukams-250-ml\/"]}]},{"@type":"ImageObject","inLanguage":"lt-LT","@id":"https:\/\/miumjau.ee\/lt\/produktas\/beaphar-sampunas-suniukams-250-ml\/#primaryimage","url":"https:\/\/miumjau.ee\/wp-content\/uploads\/2025\/07\/beaphar-kassidele-koertele21.jpg","contentUrl":"https:\/\/miumjau.ee\/wp-content\/uploads\/2025\/07\/beaphar-kassidele-koertele21.jpg","width":600,"height":800},{"@type":"BreadcrumbList","@id":"https:\/\/miumjau.ee\/lt\/produktas\/beaphar-sampunas-suniukams-250-ml\/#breadcrumb","itemListElement":[{"@type":"ListItem","position":1,"name":"Home","item":"https:\/\/miumjau.ee\/lt\/"},{"@type":"ListItem","position":2,"name":"Parduotuv\u0117","item":"https:\/\/miumjau.ee\/lt\/parduotuve\/"},{"@type":"ListItem","position":3,"name":"Beaphar \u0161amp\u016bnas \u0161uniukams 250 ml"}]},{"@type":"WebSite","@id":"https:\/\/miumjau.ee\/#website","url":"https:\/\/miumjau.ee\/","name":"MiuMjau","description":"Kraapimispuud kassidele","publisher":{"@id":"https:\/\/miumjau.ee\/#organization"},"potentialAction":[{"@type":"SearchAction","target":{"@type":"EntryPoint","urlTemplate":"https:\/\/miumjau.ee\/?s={search_term_string}"},"query-input":{"@type":"PropertyValueSpecification","valueRequired":true,"valueName":"search_term_string"}}],"inLanguage":"lt-LT"},{"@type":"Organization","@id":"https:\/\/miumjau.ee\/#organization","name":"MiuMjau O\u00dc","url":"https:\/\/miumjau.ee\/","logo":{"@type":"ImageObject","inLanguage":"lt-LT","@id":"https:\/\/miumjau.ee\/#\/schema\/logo\/image\/","url":"https:\/\/miumjau.ee\/wp-content\/uploads\/2022\/04\/MiuMjau-logo-kollane.png","contentUrl":"https:\/\/miumjau.ee\/wp-content\/uploads\/2022\/04\/MiuMjau-logo-kollane.png","width":219,"height":100,"caption":"MiuMjau O\u00dc"},"image":{"@id":"https:\/\/miumjau.ee\/#\/schema\/logo\/image\/"},"sameAs":["https:\/\/www.facebook.com\/miumjaupood\/"]}]}},"_links":{"self":[{"href":"https:\/\/miumjau.ee\/lt\/wp-json\/wp\/v2\/product\/49115","targetHints":{"allow":["GET"]}}],"collection":[{"href":"https:\/\/miumjau.ee\/lt\/wp-json\/wp\/v2\/product"}],"about":[{"href":"https:\/\/miumjau.ee\/lt\/wp-json\/wp\/v2\/types\/product"}],"wp:featuredmedia":[{"embeddable":true,"href":"https:\/\/miumjau.ee\/lt\/wp-json\/wp\/v2\/media\/49116"}],"wp:attachment":[{"href":"https:\/\/miumjau.ee\/lt\/wp-json\/wp\/v2\/media?parent=49115"}],"wp:term":[{"taxonomy":"product_brand","embeddable":true,"href":"https:\/\/miumjau.ee\/lt\/wp-json\/wp\/v2\/product_brand?post=49115"},{"taxonomy":"product_cat","embeddable":true,"href":"https:\/\/miumjau.ee\/lt\/wp-json\/wp\/v2\/product_cat?post=49115"},{"taxonomy":"product_tag","embeddable":true,"href":"https:\/\/miumjau.ee\/lt\/wp-json\/wp\/v2\/product_tag?post=49115"}],"curies":[{"name":"wp","href":"https:\/\/api.w.org\/{rel}","templated":true}]}}