{"id":49109,"date":"2025-07-29T15:11:39","date_gmt":"2025-07-29T12:11:39","guid":{"rendered":"https:\/\/miumjau.ee\/toode\/beaphar-oftal-akiu-valiklis-50-ml\/"},"modified":"2026-01-07T20:43:58","modified_gmt":"2026-01-07T18:43:58","slug":"beaphar-oftal-akiu-valiklis-50-ml","status":"publish","type":"product","link":"https:\/\/miumjau.ee\/lt\/produktas\/beaphar-oftal-akiu-valiklis-50-ml\/","title":{"rendered":"Beaphar Oftal aki\u0173 valiklis 50 ml"},"content":{"rendered":"","protected":false},"excerpt":{"rendered":"<p data-start=\"2052\" data-end=\"2315\">\u0160i priemon\u0117 skirta \u0161un\u0173, ka\u010di\u0173 ir kit\u0173 namini\u0173 gyv\u016bn\u0173 aki\u0173 valymui. Reguliarus naudojimas padeda i\u0161vengti aki\u0173 dirginimo. Apsaugo nuo purvo ir dulki\u0173, skatina nat\u016bral\u0173 aki\u0173 apsivalym\u0105. \u012e akis patek\u0119 ne\u0161varumai greitai pa\u0161alinami. Padeda apsaugoti nuo a\u0161ar\u0173 d\u0117mi\u0173.<\/p>\n<p data-start=\"2317\" data-end=\"2411\">Du kartus per savait\u0119 \u0161velniai valykite gyv\u016bno akis vatos diskeliu, gerai sudr\u0117kintu priemone.<\/p>\n<ul data-start=\"2413\" data-end=\"2529\">\n<li data-start=\"2413\" data-end=\"2447\">\n<p data-start=\"2415\" data-end=\"2447\">Padeda i\u0161vengti aki\u0173 dirginimo<\/p>\n<\/li>\n<li data-start=\"2448\" data-end=\"2492\">\n<p data-start=\"2450\" data-end=\"2492\">Apsaugo nuo purvo, dulki\u0173 ir a\u0161ar\u0173 d\u0117mi\u0173<\/p>\n<\/li>\n<li data-start=\"2493\" data-end=\"2529\">\n<p data-start=\"2495\" data-end=\"2529\">Skatina nat\u016bral\u0173 aki\u0173 apsivalym\u0105<\/p>\n<\/li>\n<\/ul>\n<p data-start=\"2531\" data-end=\"2568\"><strong data-start=\"2531\" data-end=\"2546\">Gamintojas:<\/strong> Beaphar, Nyderlandai.<\/p>\n","protected":false},"featured_media":49110,"template":"","meta":[],"product_brand":[],"product_cat":[523,542],"product_tag":[],"class_list":{"0":"post-49109","1":"product","2":"type-product","3":"status-publish","4":"has-post-thumbnail","6":"product_cat-kita","7":"product_cat-prieziuros-priemones-sunims","9":"first","10":"instock","11":"taxable","12":"shipping-taxable","13":"purchasable","14":"product-type-simple"},"yoast_head":"<!-- This site is optimized with the Yoast SEO plugin v27.2 - https:\/\/yoast.com\/product\/yoast-seo-wordpress\/ -->\n<title>Beaphar Oftal aki\u0173 valiklis 50 ml - MiuMjau<\/title>\n<meta name=\"robots\" content=\"index, follow, max-snippet:-1, max-image-preview:large, max-video-preview:-1\" \/>\n<link rel=\"canonical\" href=\"https:\/\/miumjau.ee\/lt\/produktas\/beaphar-oftal-akiu-valiklis-50-ml\/\" \/>\n<meta property=\"og:locale\" content=\"lt_LT\" \/>\n<meta property=\"og:type\" content=\"article\" \/>\n<meta property=\"og:title\" content=\"Beaphar Oftal aki\u0173 valiklis 50 ml - MiuMjau\" \/>\n<meta property=\"og:description\" content=\"\u0160i priemon\u0117 skirta \u0161un\u0173, ka\u010di\u0173 ir kit\u0173 namini\u0173 gyv\u016bn\u0173 aki\u0173 valymui. Reguliarus naudojimas padeda i\u0161vengti aki\u0173 dirginimo. Apsaugo nuo purvo ir dulki\u0173, skatina nat\u016bral\u0173 aki\u0173 apsivalym\u0105. \u012e akis patek\u0119 ne\u0161varumai greitai pa\u0161alinami. Padeda apsaugoti nuo a\u0161ar\u0173 d\u0117mi\u0173. Du kartus per savait\u0119 \u0161velniai valykite gyv\u016bno akis vatos diskeliu, gerai sudr\u0117kintu priemone.     Padeda i\u0161vengti aki\u0173 dirginimo    Apsaugo nuo purvo, dulki\u0173 ir a\u0161ar\u0173 d\u0117mi\u0173    Skatina nat\u016bral\u0173 aki\u0173 apsivalym\u0105   Gamintojas: Beaphar, Nyderlandai.\" \/>\n<meta property=\"og:url\" content=\"https:\/\/miumjau.ee\/lt\/produktas\/beaphar-oftal-akiu-valiklis-50-ml\/\" \/>\n<meta property=\"og:site_name\" content=\"MiuMjau\" \/>\n<meta property=\"article:publisher\" content=\"https:\/\/www.facebook.com\/miumjaupood\/\" \/>\n<meta property=\"article:modified_time\" content=\"2026-01-07T18:43:58+00:00\" \/>\n<meta property=\"og:image\" content=\"https:\/\/miumjau.ee\/wp-content\/uploads\/2025\/07\/beaphar-kassidele-koertele29.jpg\" \/>\n\t<meta property=\"og:image:width\" content=\"600\" \/>\n\t<meta property=\"og:image:height\" content=\"800\" \/>\n\t<meta property=\"og:image:type\" content=\"image\/jpeg\" \/>\n<meta name=\"twitter:card\" content=\"summary_large_image\" \/>\n<script type=\"application\/ld+json\" class=\"yoast-schema-graph\">{\"@context\":\"https:\/\/schema.org\",\"@graph\":[{\"@type\":\"WebPage\",\"@id\":\"https:\/\/miumjau.ee\/lt\/produktas\/beaphar-oftal-akiu-valiklis-50-ml\/\",\"url\":\"https:\/\/miumjau.ee\/lt\/produktas\/beaphar-oftal-akiu-valiklis-50-ml\/\",\"name\":\"Beaphar Oftal aki\u0173 valiklis 50 ml - MiuMjau\",\"isPartOf\":{\"@id\":\"https:\/\/miumjau.ee\/#website\"},\"primaryImageOfPage\":{\"@id\":\"https:\/\/miumjau.ee\/lt\/produktas\/beaphar-oftal-akiu-valiklis-50-ml\/#primaryimage\"},\"image\":{\"@id\":\"https:\/\/miumjau.ee\/lt\/produktas\/beaphar-oftal-akiu-valiklis-50-ml\/#primaryimage\"},\"thumbnailUrl\":\"https:\/\/miumjau.ee\/wp-content\/uploads\/2025\/07\/beaphar-kassidele-koertele29.jpg\",\"datePublished\":\"2025-07-29T12:11:39+00:00\",\"dateModified\":\"2026-01-07T18:43:58+00:00\",\"breadcrumb\":{\"@id\":\"https:\/\/miumjau.ee\/lt\/produktas\/beaphar-oftal-akiu-valiklis-50-ml\/#breadcrumb\"},\"inLanguage\":\"lt-LT\",\"potentialAction\":[{\"@type\":\"ReadAction\",\"target\":[\"https:\/\/miumjau.ee\/lt\/produktas\/beaphar-oftal-akiu-valiklis-50-ml\/\"]}]},{\"@type\":\"ImageObject\",\"inLanguage\":\"lt-LT\",\"@id\":\"https:\/\/miumjau.ee\/lt\/produktas\/beaphar-oftal-akiu-valiklis-50-ml\/#primaryimage\",\"url\":\"https:\/\/miumjau.ee\/wp-content\/uploads\/2025\/07\/beaphar-kassidele-koertele29.jpg\",\"contentUrl\":\"https:\/\/miumjau.ee\/wp-content\/uploads\/2025\/07\/beaphar-kassidele-koertele29.jpg\",\"width\":600,\"height\":800},{\"@type\":\"BreadcrumbList\",\"@id\":\"https:\/\/miumjau.ee\/lt\/produktas\/beaphar-oftal-akiu-valiklis-50-ml\/#breadcrumb\",\"itemListElement\":[{\"@type\":\"ListItem\",\"position\":1,\"name\":\"Home\",\"item\":\"https:\/\/miumjau.ee\/lt\/\"},{\"@type\":\"ListItem\",\"position\":2,\"name\":\"Parduotuv\u0117\",\"item\":\"https:\/\/miumjau.ee\/lt\/parduotuve\/\"},{\"@type\":\"ListItem\",\"position\":3,\"name\":\"Beaphar Oftal aki\u0173 valiklis 50 ml\"}]},{\"@type\":\"WebSite\",\"@id\":\"https:\/\/miumjau.ee\/#website\",\"url\":\"https:\/\/miumjau.ee\/\",\"name\":\"MiuMjau\",\"description\":\"Kraapimispuud kassidele\",\"publisher\":{\"@id\":\"https:\/\/miumjau.ee\/#organization\"},\"potentialAction\":[{\"@type\":\"SearchAction\",\"target\":{\"@type\":\"EntryPoint\",\"urlTemplate\":\"https:\/\/miumjau.ee\/?s={search_term_string}\"},\"query-input\":{\"@type\":\"PropertyValueSpecification\",\"valueRequired\":true,\"valueName\":\"search_term_string\"}}],\"inLanguage\":\"lt-LT\"},{\"@type\":\"Organization\",\"@id\":\"https:\/\/miumjau.ee\/#organization\",\"name\":\"MiuMjau O\u00dc\",\"url\":\"https:\/\/miumjau.ee\/\",\"logo\":{\"@type\":\"ImageObject\",\"inLanguage\":\"lt-LT\",\"@id\":\"https:\/\/miumjau.ee\/#\/schema\/logo\/image\/\",\"url\":\"https:\/\/miumjau.ee\/wp-content\/uploads\/2022\/04\/MiuMjau-logo-kollane.png\",\"contentUrl\":\"https:\/\/miumjau.ee\/wp-content\/uploads\/2022\/04\/MiuMjau-logo-kollane.png\",\"width\":219,\"height\":100,\"caption\":\"MiuMjau O\u00dc\"},\"image\":{\"@id\":\"https:\/\/miumjau.ee\/#\/schema\/logo\/image\/\"},\"sameAs\":[\"https:\/\/www.facebook.com\/miumjaupood\/\"]}]}<\/script>\n<!-- \/ Yoast SEO plugin. -->","yoast_head_json":{"title":"Beaphar Oftal aki\u0173 valiklis 50 ml - MiuMjau","robots":{"index":"index","follow":"follow","max-snippet":"max-snippet:-1","max-image-preview":"max-image-preview:large","max-video-preview":"max-video-preview:-1"},"canonical":"https:\/\/miumjau.ee\/lt\/produktas\/beaphar-oftal-akiu-valiklis-50-ml\/","og_locale":"lt_LT","og_type":"article","og_title":"Beaphar Oftal aki\u0173 valiklis 50 ml - MiuMjau","og_description":"\u0160i priemon\u0117 skirta \u0161un\u0173, ka\u010di\u0173 ir kit\u0173 namini\u0173 gyv\u016bn\u0173 aki\u0173 valymui. Reguliarus naudojimas padeda i\u0161vengti aki\u0173 dirginimo. Apsaugo nuo purvo ir dulki\u0173, skatina nat\u016bral\u0173 aki\u0173 apsivalym\u0105. \u012e akis patek\u0119 ne\u0161varumai greitai pa\u0161alinami. Padeda apsaugoti nuo a\u0161ar\u0173 d\u0117mi\u0173. Du kartus per savait\u0119 \u0161velniai valykite gyv\u016bno akis vatos diskeliu, gerai sudr\u0117kintu priemone.     Padeda i\u0161vengti aki\u0173 dirginimo    Apsaugo nuo purvo, dulki\u0173 ir a\u0161ar\u0173 d\u0117mi\u0173    Skatina nat\u016bral\u0173 aki\u0173 apsivalym\u0105   Gamintojas: Beaphar, Nyderlandai.","og_url":"https:\/\/miumjau.ee\/lt\/produktas\/beaphar-oftal-akiu-valiklis-50-ml\/","og_site_name":"MiuMjau","article_publisher":"https:\/\/www.facebook.com\/miumjaupood\/","article_modified_time":"2026-01-07T18:43:58+00:00","og_image":[{"width":600,"height":800,"url":"https:\/\/miumjau.ee\/wp-content\/uploads\/2025\/07\/beaphar-kassidele-koertele29.jpg","type":"image\/jpeg"}],"twitter_card":"summary_large_image","schema":{"@context":"https:\/\/schema.org","@graph":[{"@type":"WebPage","@id":"https:\/\/miumjau.ee\/lt\/produktas\/beaphar-oftal-akiu-valiklis-50-ml\/","url":"https:\/\/miumjau.ee\/lt\/produktas\/beaphar-oftal-akiu-valiklis-50-ml\/","name":"Beaphar Oftal aki\u0173 valiklis 50 ml - MiuMjau","isPartOf":{"@id":"https:\/\/miumjau.ee\/#website"},"primaryImageOfPage":{"@id":"https:\/\/miumjau.ee\/lt\/produktas\/beaphar-oftal-akiu-valiklis-50-ml\/#primaryimage"},"image":{"@id":"https:\/\/miumjau.ee\/lt\/produktas\/beaphar-oftal-akiu-valiklis-50-ml\/#primaryimage"},"thumbnailUrl":"https:\/\/miumjau.ee\/wp-content\/uploads\/2025\/07\/beaphar-kassidele-koertele29.jpg","datePublished":"2025-07-29T12:11:39+00:00","dateModified":"2026-01-07T18:43:58+00:00","breadcrumb":{"@id":"https:\/\/miumjau.ee\/lt\/produktas\/beaphar-oftal-akiu-valiklis-50-ml\/#breadcrumb"},"inLanguage":"lt-LT","potentialAction":[{"@type":"ReadAction","target":["https:\/\/miumjau.ee\/lt\/produktas\/beaphar-oftal-akiu-valiklis-50-ml\/"]}]},{"@type":"ImageObject","inLanguage":"lt-LT","@id":"https:\/\/miumjau.ee\/lt\/produktas\/beaphar-oftal-akiu-valiklis-50-ml\/#primaryimage","url":"https:\/\/miumjau.ee\/wp-content\/uploads\/2025\/07\/beaphar-kassidele-koertele29.jpg","contentUrl":"https:\/\/miumjau.ee\/wp-content\/uploads\/2025\/07\/beaphar-kassidele-koertele29.jpg","width":600,"height":800},{"@type":"BreadcrumbList","@id":"https:\/\/miumjau.ee\/lt\/produktas\/beaphar-oftal-akiu-valiklis-50-ml\/#breadcrumb","itemListElement":[{"@type":"ListItem","position":1,"name":"Home","item":"https:\/\/miumjau.ee\/lt\/"},{"@type":"ListItem","position":2,"name":"Parduotuv\u0117","item":"https:\/\/miumjau.ee\/lt\/parduotuve\/"},{"@type":"ListItem","position":3,"name":"Beaphar Oftal aki\u0173 valiklis 50 ml"}]},{"@type":"WebSite","@id":"https:\/\/miumjau.ee\/#website","url":"https:\/\/miumjau.ee\/","name":"MiuMjau","description":"Kraapimispuud kassidele","publisher":{"@id":"https:\/\/miumjau.ee\/#organization"},"potentialAction":[{"@type":"SearchAction","target":{"@type":"EntryPoint","urlTemplate":"https:\/\/miumjau.ee\/?s={search_term_string}"},"query-input":{"@type":"PropertyValueSpecification","valueRequired":true,"valueName":"search_term_string"}}],"inLanguage":"lt-LT"},{"@type":"Organization","@id":"https:\/\/miumjau.ee\/#organization","name":"MiuMjau O\u00dc","url":"https:\/\/miumjau.ee\/","logo":{"@type":"ImageObject","inLanguage":"lt-LT","@id":"https:\/\/miumjau.ee\/#\/schema\/logo\/image\/","url":"https:\/\/miumjau.ee\/wp-content\/uploads\/2022\/04\/MiuMjau-logo-kollane.png","contentUrl":"https:\/\/miumjau.ee\/wp-content\/uploads\/2022\/04\/MiuMjau-logo-kollane.png","width":219,"height":100,"caption":"MiuMjau O\u00dc"},"image":{"@id":"https:\/\/miumjau.ee\/#\/schema\/logo\/image\/"},"sameAs":["https:\/\/www.facebook.com\/miumjaupood\/"]}]}},"_links":{"self":[{"href":"https:\/\/miumjau.ee\/lt\/wp-json\/wp\/v2\/product\/49109","targetHints":{"allow":["GET"]}}],"collection":[{"href":"https:\/\/miumjau.ee\/lt\/wp-json\/wp\/v2\/product"}],"about":[{"href":"https:\/\/miumjau.ee\/lt\/wp-json\/wp\/v2\/types\/product"}],"wp:featuredmedia":[{"embeddable":true,"href":"https:\/\/miumjau.ee\/lt\/wp-json\/wp\/v2\/media\/49110"}],"wp:attachment":[{"href":"https:\/\/miumjau.ee\/lt\/wp-json\/wp\/v2\/media?parent=49109"}],"wp:term":[{"taxonomy":"product_brand","embeddable":true,"href":"https:\/\/miumjau.ee\/lt\/wp-json\/wp\/v2\/product_brand?post=49109"},{"taxonomy":"product_cat","embeddable":true,"href":"https:\/\/miumjau.ee\/lt\/wp-json\/wp\/v2\/product_cat?post=49109"},{"taxonomy":"product_tag","embeddable":true,"href":"https:\/\/miumjau.ee\/lt\/wp-json\/wp\/v2\/product_tag?post=49109"}],"curies":[{"name":"wp","href":"https:\/\/api.w.org\/{rel}","templated":true}]}}