{"id":49103,"date":"2025-07-29T14:50:24","date_gmt":"2025-07-29T11:50:24","guid":{"rendered":"https:\/\/miumjau.ee\/toode\/stop-it-cat-kaciu-atbaidymo-priemone-100-ml\/"},"modified":"2026-02-16T15:06:56","modified_gmt":"2026-02-16T13:06:56","slug":"stop-it-cat-kaciu-atbaidymo-priemone-200-ml","status":"publish","type":"product","link":"https:\/\/miumjau.ee\/lt\/produktas\/stop-it-cat-kaciu-atbaidymo-priemone-200-ml\/","title":{"rendered":"Stop-it Cat, ka\u010di\u0173 atbaidymo priemon\u0117, 200 ml"},"content":{"rendered":"","protected":false},"excerpt":{"rendered":"<p data-start=\"2504\" data-end=\"2697\">Beaphar Stop It kat\u0117ms \u2013 tai aerozolio pavidalo ka\u010di\u0173 atbaidymo priemon\u0117, skirta atbaidyti kates nuo nepageidaujam\u0173 viet\u0173, kad jos nekast\u0173 nag\u0173 netinkamose vietose ir nenaudot\u0173 j\u0173 kaip tualeto.<\/p>\n<p data-start=\"2699\" data-end=\"2748\"><strong data-start=\"2699\" data-end=\"2722\">Veiklioji med\u017eiaga:<\/strong> Metilnonilketonas 14 g\/l.<\/p>\n<p data-start=\"2750\" data-end=\"2952\"><strong data-start=\"2750\" data-end=\"2776\">Naudojimo instrukcija:<\/strong> Atsargiai purk\u0161kite priemon\u0119 i\u0161 ma\u017edaug 30 cm atstumo tose vietose, kur kat\u0117s buvimas yra nepageidaujamas. Kartokite kas 24 valandas, kol kat\u0117 neberodys susidom\u0117jimo ta vieta.<\/p>\n<p data-start=\"2954\" data-end=\"3048\"><strong data-start=\"2954\" data-end=\"2968\">\u012esp\u0117jimai:<\/strong> Nepurk\u0161ti ant \u017emoni\u0173, gyv\u016bn\u0173 ar augal\u0173. Naudoti tik gerai v\u0117dinamose patalpose.<\/p>\n<p data-start=\"3050\" data-end=\"3147\"><strong data-start=\"3050\" data-end=\"3063\">Laikymas:<\/strong> Laikyti originalioje pakuot\u0117je kambario temperat\u016broje (15\u00b0\u201325\u00b0 C), sausoje vietoje.<\/p>\n<p data-start=\"3149\" data-end=\"3192\"><strong data-start=\"3149\" data-end=\"3192\">Laikyti vaikams nepasiekiamoje vietoje.<\/strong><\/p>\n","protected":false},"featured_media":49104,"template":"","meta":[],"product_brand":[],"product_cat":[523],"product_tag":[],"class_list":{"0":"post-49103","1":"product","2":"type-product","3":"status-publish","4":"has-post-thumbnail","6":"product_cat-kita","8":"first","9":"instock","10":"taxable","11":"shipping-taxable","12":"purchasable","13":"product-type-simple"},"yoast_head":"<!-- This site is optimized with the Yoast SEO plugin v27.2 - https:\/\/yoast.com\/product\/yoast-seo-wordpress\/ -->\n<title>Stop-it Cat, ka\u010di\u0173 atbaidymo priemon\u0117, 200 ml - MiuMjau<\/title>\n<meta name=\"robots\" content=\"index, follow, max-snippet:-1, max-image-preview:large, max-video-preview:-1\" \/>\n<link rel=\"canonical\" href=\"https:\/\/miumjau.ee\/lt\/produktas\/stop-it-cat-kaciu-atbaidymo-priemone-200-ml\/\" \/>\n<meta property=\"og:locale\" content=\"lt_LT\" \/>\n<meta property=\"og:type\" content=\"article\" \/>\n<meta property=\"og:title\" content=\"Stop-it Cat, ka\u010di\u0173 atbaidymo priemon\u0117, 200 ml - MiuMjau\" \/>\n<meta property=\"og:description\" content=\"Beaphar Stop It kat\u0117ms \u2013 tai aerozolio pavidalo ka\u010di\u0173 atbaidymo priemon\u0117, skirta atbaidyti kates nuo nepageidaujam\u0173 viet\u0173, kad jos nekast\u0173 nag\u0173 netinkamose vietose ir nenaudot\u0173 j\u0173 kaip tualeto. Veiklioji med\u017eiaga: Metilnonilketonas 14 g\/l. Naudojimo instrukcija: Atsargiai purk\u0161kite priemon\u0119 i\u0161 ma\u017edaug 30 cm atstumo tose vietose, kur kat\u0117s buvimas yra nepageidaujamas. Kartokite kas 24 valandas, kol kat\u0117 neberodys susidom\u0117jimo ta vieta. \u012esp\u0117jimai: Nepurk\u0161ti ant \u017emoni\u0173, gyv\u016bn\u0173 ar augal\u0173. Naudoti tik gerai v\u0117dinamose patalpose. Laikymas: Laikyti originalioje pakuot\u0117je kambario temperat\u016broje (15\u00b0\u201325\u00b0 C), sausoje vietoje. Laikyti vaikams nepasiekiamoje vietoje.\" \/>\n<meta property=\"og:url\" content=\"https:\/\/miumjau.ee\/lt\/produktas\/stop-it-cat-kaciu-atbaidymo-priemone-200-ml\/\" \/>\n<meta property=\"og:site_name\" content=\"MiuMjau\" \/>\n<meta property=\"article:publisher\" content=\"https:\/\/www.facebook.com\/miumjaupood\/\" \/>\n<meta property=\"article:modified_time\" content=\"2026-02-16T13:06:56+00:00\" \/>\n<meta property=\"og:image\" content=\"https:\/\/miumjau.ee\/wp-content\/uploads\/2025\/07\/beaphar-kassidele-koertele38.jpg\" \/>\n\t<meta property=\"og:image:width\" content=\"600\" \/>\n\t<meta property=\"og:image:height\" content=\"800\" \/>\n\t<meta property=\"og:image:type\" content=\"image\/jpeg\" \/>\n<meta name=\"twitter:card\" content=\"summary_large_image\" \/>\n<meta name=\"twitter:label1\" content=\"Est. reading time\" \/>\n\t<meta name=\"twitter:data1\" content=\"1 minut\u0117\" \/>\n<script type=\"application\/ld+json\" class=\"yoast-schema-graph\">{\"@context\":\"https:\/\/schema.org\",\"@graph\":[{\"@type\":\"WebPage\",\"@id\":\"https:\/\/miumjau.ee\/lt\/produktas\/stop-it-cat-kaciu-atbaidymo-priemone-200-ml\/\",\"url\":\"https:\/\/miumjau.ee\/lt\/produktas\/stop-it-cat-kaciu-atbaidymo-priemone-200-ml\/\",\"name\":\"Stop-it Cat, ka\u010di\u0173 atbaidymo priemon\u0117, 200 ml - MiuMjau\",\"isPartOf\":{\"@id\":\"https:\/\/miumjau.ee\/#website\"},\"primaryImageOfPage\":{\"@id\":\"https:\/\/miumjau.ee\/lt\/produktas\/stop-it-cat-kaciu-atbaidymo-priemone-200-ml\/#primaryimage\"},\"image\":{\"@id\":\"https:\/\/miumjau.ee\/lt\/produktas\/stop-it-cat-kaciu-atbaidymo-priemone-200-ml\/#primaryimage\"},\"thumbnailUrl\":\"https:\/\/miumjau.ee\/wp-content\/uploads\/2025\/07\/beaphar-kassidele-koertele38.jpg\",\"datePublished\":\"2025-07-29T11:50:24+00:00\",\"dateModified\":\"2026-02-16T13:06:56+00:00\",\"breadcrumb\":{\"@id\":\"https:\/\/miumjau.ee\/lt\/produktas\/stop-it-cat-kaciu-atbaidymo-priemone-200-ml\/#breadcrumb\"},\"inLanguage\":\"lt-LT\",\"potentialAction\":[{\"@type\":\"ReadAction\",\"target\":[\"https:\/\/miumjau.ee\/lt\/produktas\/stop-it-cat-kaciu-atbaidymo-priemone-200-ml\/\"]}]},{\"@type\":\"ImageObject\",\"inLanguage\":\"lt-LT\",\"@id\":\"https:\/\/miumjau.ee\/lt\/produktas\/stop-it-cat-kaciu-atbaidymo-priemone-200-ml\/#primaryimage\",\"url\":\"https:\/\/miumjau.ee\/wp-content\/uploads\/2025\/07\/beaphar-kassidele-koertele38.jpg\",\"contentUrl\":\"https:\/\/miumjau.ee\/wp-content\/uploads\/2025\/07\/beaphar-kassidele-koertele38.jpg\",\"width\":600,\"height\":800},{\"@type\":\"BreadcrumbList\",\"@id\":\"https:\/\/miumjau.ee\/lt\/produktas\/stop-it-cat-kaciu-atbaidymo-priemone-200-ml\/#breadcrumb\",\"itemListElement\":[{\"@type\":\"ListItem\",\"position\":1,\"name\":\"Home\",\"item\":\"https:\/\/miumjau.ee\/lt\/\"},{\"@type\":\"ListItem\",\"position\":2,\"name\":\"Parduotuv\u0117\",\"item\":\"https:\/\/miumjau.ee\/lt\/parduotuve\/\"},{\"@type\":\"ListItem\",\"position\":3,\"name\":\"Stop-it Cat, ka\u010di\u0173 atbaidymo priemon\u0117, 200 ml\"}]},{\"@type\":\"WebSite\",\"@id\":\"https:\/\/miumjau.ee\/#website\",\"url\":\"https:\/\/miumjau.ee\/\",\"name\":\"MiuMjau\",\"description\":\"Kraapimispuud kassidele\",\"publisher\":{\"@id\":\"https:\/\/miumjau.ee\/#organization\"},\"potentialAction\":[{\"@type\":\"SearchAction\",\"target\":{\"@type\":\"EntryPoint\",\"urlTemplate\":\"https:\/\/miumjau.ee\/?s={search_term_string}\"},\"query-input\":{\"@type\":\"PropertyValueSpecification\",\"valueRequired\":true,\"valueName\":\"search_term_string\"}}],\"inLanguage\":\"lt-LT\"},{\"@type\":\"Organization\",\"@id\":\"https:\/\/miumjau.ee\/#organization\",\"name\":\"MiuMjau O\u00dc\",\"url\":\"https:\/\/miumjau.ee\/\",\"logo\":{\"@type\":\"ImageObject\",\"inLanguage\":\"lt-LT\",\"@id\":\"https:\/\/miumjau.ee\/#\/schema\/logo\/image\/\",\"url\":\"https:\/\/miumjau.ee\/wp-content\/uploads\/2022\/04\/MiuMjau-logo-kollane.png\",\"contentUrl\":\"https:\/\/miumjau.ee\/wp-content\/uploads\/2022\/04\/MiuMjau-logo-kollane.png\",\"width\":219,\"height\":100,\"caption\":\"MiuMjau O\u00dc\"},\"image\":{\"@id\":\"https:\/\/miumjau.ee\/#\/schema\/logo\/image\/\"},\"sameAs\":[\"https:\/\/www.facebook.com\/miumjaupood\/\"]}]}<\/script>\n<!-- \/ Yoast SEO plugin. -->","yoast_head_json":{"title":"Stop-it Cat, ka\u010di\u0173 atbaidymo priemon\u0117, 200 ml - MiuMjau","robots":{"index":"index","follow":"follow","max-snippet":"max-snippet:-1","max-image-preview":"max-image-preview:large","max-video-preview":"max-video-preview:-1"},"canonical":"https:\/\/miumjau.ee\/lt\/produktas\/stop-it-cat-kaciu-atbaidymo-priemone-200-ml\/","og_locale":"lt_LT","og_type":"article","og_title":"Stop-it Cat, ka\u010di\u0173 atbaidymo priemon\u0117, 200 ml - MiuMjau","og_description":"Beaphar Stop It kat\u0117ms \u2013 tai aerozolio pavidalo ka\u010di\u0173 atbaidymo priemon\u0117, skirta atbaidyti kates nuo nepageidaujam\u0173 viet\u0173, kad jos nekast\u0173 nag\u0173 netinkamose vietose ir nenaudot\u0173 j\u0173 kaip tualeto. Veiklioji med\u017eiaga: Metilnonilketonas 14 g\/l. Naudojimo instrukcija: Atsargiai purk\u0161kite priemon\u0119 i\u0161 ma\u017edaug 30 cm atstumo tose vietose, kur kat\u0117s buvimas yra nepageidaujamas. Kartokite kas 24 valandas, kol kat\u0117 neberodys susidom\u0117jimo ta vieta. \u012esp\u0117jimai: Nepurk\u0161ti ant \u017emoni\u0173, gyv\u016bn\u0173 ar augal\u0173. Naudoti tik gerai v\u0117dinamose patalpose. Laikymas: Laikyti originalioje pakuot\u0117je kambario temperat\u016broje (15\u00b0\u201325\u00b0 C), sausoje vietoje. Laikyti vaikams nepasiekiamoje vietoje.","og_url":"https:\/\/miumjau.ee\/lt\/produktas\/stop-it-cat-kaciu-atbaidymo-priemone-200-ml\/","og_site_name":"MiuMjau","article_publisher":"https:\/\/www.facebook.com\/miumjaupood\/","article_modified_time":"2026-02-16T13:06:56+00:00","og_image":[{"width":600,"height":800,"url":"https:\/\/miumjau.ee\/wp-content\/uploads\/2025\/07\/beaphar-kassidele-koertele38.jpg","type":"image\/jpeg"}],"twitter_card":"summary_large_image","twitter_misc":{"Est. reading time":"1 minut\u0117"},"schema":{"@context":"https:\/\/schema.org","@graph":[{"@type":"WebPage","@id":"https:\/\/miumjau.ee\/lt\/produktas\/stop-it-cat-kaciu-atbaidymo-priemone-200-ml\/","url":"https:\/\/miumjau.ee\/lt\/produktas\/stop-it-cat-kaciu-atbaidymo-priemone-200-ml\/","name":"Stop-it Cat, ka\u010di\u0173 atbaidymo priemon\u0117, 200 ml - MiuMjau","isPartOf":{"@id":"https:\/\/miumjau.ee\/#website"},"primaryImageOfPage":{"@id":"https:\/\/miumjau.ee\/lt\/produktas\/stop-it-cat-kaciu-atbaidymo-priemone-200-ml\/#primaryimage"},"image":{"@id":"https:\/\/miumjau.ee\/lt\/produktas\/stop-it-cat-kaciu-atbaidymo-priemone-200-ml\/#primaryimage"},"thumbnailUrl":"https:\/\/miumjau.ee\/wp-content\/uploads\/2025\/07\/beaphar-kassidele-koertele38.jpg","datePublished":"2025-07-29T11:50:24+00:00","dateModified":"2026-02-16T13:06:56+00:00","breadcrumb":{"@id":"https:\/\/miumjau.ee\/lt\/produktas\/stop-it-cat-kaciu-atbaidymo-priemone-200-ml\/#breadcrumb"},"inLanguage":"lt-LT","potentialAction":[{"@type":"ReadAction","target":["https:\/\/miumjau.ee\/lt\/produktas\/stop-it-cat-kaciu-atbaidymo-priemone-200-ml\/"]}]},{"@type":"ImageObject","inLanguage":"lt-LT","@id":"https:\/\/miumjau.ee\/lt\/produktas\/stop-it-cat-kaciu-atbaidymo-priemone-200-ml\/#primaryimage","url":"https:\/\/miumjau.ee\/wp-content\/uploads\/2025\/07\/beaphar-kassidele-koertele38.jpg","contentUrl":"https:\/\/miumjau.ee\/wp-content\/uploads\/2025\/07\/beaphar-kassidele-koertele38.jpg","width":600,"height":800},{"@type":"BreadcrumbList","@id":"https:\/\/miumjau.ee\/lt\/produktas\/stop-it-cat-kaciu-atbaidymo-priemone-200-ml\/#breadcrumb","itemListElement":[{"@type":"ListItem","position":1,"name":"Home","item":"https:\/\/miumjau.ee\/lt\/"},{"@type":"ListItem","position":2,"name":"Parduotuv\u0117","item":"https:\/\/miumjau.ee\/lt\/parduotuve\/"},{"@type":"ListItem","position":3,"name":"Stop-it Cat, ka\u010di\u0173 atbaidymo priemon\u0117, 200 ml"}]},{"@type":"WebSite","@id":"https:\/\/miumjau.ee\/#website","url":"https:\/\/miumjau.ee\/","name":"MiuMjau","description":"Kraapimispuud kassidele","publisher":{"@id":"https:\/\/miumjau.ee\/#organization"},"potentialAction":[{"@type":"SearchAction","target":{"@type":"EntryPoint","urlTemplate":"https:\/\/miumjau.ee\/?s={search_term_string}"},"query-input":{"@type":"PropertyValueSpecification","valueRequired":true,"valueName":"search_term_string"}}],"inLanguage":"lt-LT"},{"@type":"Organization","@id":"https:\/\/miumjau.ee\/#organization","name":"MiuMjau O\u00dc","url":"https:\/\/miumjau.ee\/","logo":{"@type":"ImageObject","inLanguage":"lt-LT","@id":"https:\/\/miumjau.ee\/#\/schema\/logo\/image\/","url":"https:\/\/miumjau.ee\/wp-content\/uploads\/2022\/04\/MiuMjau-logo-kollane.png","contentUrl":"https:\/\/miumjau.ee\/wp-content\/uploads\/2022\/04\/MiuMjau-logo-kollane.png","width":219,"height":100,"caption":"MiuMjau O\u00dc"},"image":{"@id":"https:\/\/miumjau.ee\/#\/schema\/logo\/image\/"},"sameAs":["https:\/\/www.facebook.com\/miumjaupood\/"]}]}},"_links":{"self":[{"href":"https:\/\/miumjau.ee\/lt\/wp-json\/wp\/v2\/product\/49103","targetHints":{"allow":["GET"]}}],"collection":[{"href":"https:\/\/miumjau.ee\/lt\/wp-json\/wp\/v2\/product"}],"about":[{"href":"https:\/\/miumjau.ee\/lt\/wp-json\/wp\/v2\/types\/product"}],"wp:featuredmedia":[{"embeddable":true,"href":"https:\/\/miumjau.ee\/lt\/wp-json\/wp\/v2\/media\/49104"}],"wp:attachment":[{"href":"https:\/\/miumjau.ee\/lt\/wp-json\/wp\/v2\/media?parent=49103"}],"wp:term":[{"taxonomy":"product_brand","embeddable":true,"href":"https:\/\/miumjau.ee\/lt\/wp-json\/wp\/v2\/product_brand?post=49103"},{"taxonomy":"product_cat","embeddable":true,"href":"https:\/\/miumjau.ee\/lt\/wp-json\/wp\/v2\/product_cat?post=49103"},{"taxonomy":"product_tag","embeddable":true,"href":"https:\/\/miumjau.ee\/lt\/wp-json\/wp\/v2\/product_tag?post=49103"}],"curies":[{"name":"wp","href":"https:\/\/api.w.org\/{rel}","templated":true}]}}