{"id":49096,"date":"2025-07-29T15:04:54","date_gmt":"2025-07-29T12:04:54","guid":{"rendered":"https:\/\/miumjau.ee\/toode\/beaphar-bio-band-vabzdzius-atbaidantis-antkaklis-65-cm\/"},"modified":"2026-01-07T20:43:58","modified_gmt":"2026-01-07T18:43:58","slug":"beaphar-bio-band-vabzdzius-atbaidantis-antkaklis-65-cm","status":"publish","type":"product","link":"https:\/\/miumjau.ee\/lt\/produktas\/beaphar-bio-band-vabzdzius-atbaidantis-antkaklis-65-cm\/","title":{"rendered":"Beaphar Bio Band \u2013 vabzd\u017eius atbaidantis antkaklis 65 cm"},"content":{"rendered":"","protected":false},"excerpt":{"rendered":"<p data-start=\"4458\" data-end=\"4817\">Bio Band \u2013 tai 100 % nat\u016bralus vabzd\u017eius atbaidantis antkaklis \u0161unims, 65 cm. Beaphar Bio Band tinka \u0161unims nuo 12 savai\u010di\u0173 am\u017eiaus. Veikliosios med\u017eiagos pasklinda po kail\u012f ir atbaido blusas bei kitus vabzd\u017eius. Antkaklis taip pat suteikia augintiniui malon\u0173, gaiv\u0173 kvap\u0105. Antkaklio ilgis reguliuojamas individualiai. Beaphar Bio Band yra atsparus vandeniui.<\/p>\n<p data-start=\"4819\" data-end=\"4941\"><strong data-start=\"4819\" data-end=\"4831\">Sud\u0117tis:<\/strong> Nimbo (Azadirachta indica) ekstraktas (CAS Nr. 84696-25-3: 2 %), levand\u0173 aliejus (CAS Nr. 91722-69-9: 1,5 %).<\/p>\n<p data-start=\"4943\" data-end=\"5254\"><strong data-start=\"4943\" data-end=\"4969\">Naudojimo instrukcija:<\/strong> Atidarykite pakuot\u0119 tik prie\u0161 naudojim\u0105 ir laisvai u\u017esekite antkakl\u012f aplink \u0161uns kakl\u0105. Tarp kaklo ir antkaklio turi tilpti du pir\u0161tai. Perteklin\u0119 dal\u012f nukirpkite u\u017e sagties. Augan\u010diam \u0161uniui antkakl\u012f reikia reguliuoti pagal augim\u0105. Antkaklis pasiekia piln\u0105 veiksmingum\u0105 po 5\u20137 dien\u0173.<\/p>\n<p data-start=\"5256\" data-end=\"5332\"><strong data-start=\"5256\" data-end=\"5270\">\u012esp\u0117jimas:<\/strong> Sud\u0117tyje yra linalolio, kuris gali sukelti alergin\u0119 reakcij\u0105.<\/p>\n<p data-start=\"5334\" data-end=\"5788\"><strong data-start=\"5334\" data-end=\"5354\">Pirmoji pagalba:<\/strong><br data-start=\"5354\" data-end=\"5357\" \/>Patekus ant odos: Nuplauti dideliu kiekiu muilo ir vandens.<br data-start=\"5416\" data-end=\"5419\" \/>Patekus \u012f akis: Nedelsiant skalauti vandeniu ma\u017eiausiai 10 minu\u010di\u0173.<br data-start=\"5486\" data-end=\"5489\" \/>Prarijus: Sukelti v\u0117mim\u0105. Nedelsiant kreiptis \u012f gydytoj\u0105 ir parodyti pakuot\u0119 arba etiket\u0119. Duoti aktyvintos anglies vandens tirpal\u0105 arba skysto parafino.<br data-start=\"5642\" data-end=\"5645\" \/>\u012ekv\u0117pus: I\u0161v\u0117dinti patalpas. Apsinuodijimo atveju nukent\u0117jus\u012fj\u012f i\u0161vesti \u012f gryn\u0105 or\u0105 ir paguldyti. Jei savijauta pablog\u0117ja, kreiptis \u012f gydytoj\u0105.<\/p>\n","protected":false},"featured_media":49097,"template":"","meta":[],"product_brand":[],"product_cat":[542],"product_tag":[],"class_list":{"0":"post-49096","1":"product","2":"type-product","3":"status-publish","4":"has-post-thumbnail","6":"product_cat-prieziuros-priemones-sunims","8":"first","9":"instock","10":"taxable","11":"shipping-taxable","12":"purchasable","13":"product-type-simple"},"yoast_head":"<!-- This site is optimized with the Yoast SEO plugin v27.2 - https:\/\/yoast.com\/product\/yoast-seo-wordpress\/ -->\n<title>Beaphar Bio Band \u2013 vabzd\u017eius atbaidantis antkaklis 65 cm - MiuMjau<\/title>\n<meta name=\"robots\" content=\"index, follow, max-snippet:-1, max-image-preview:large, max-video-preview:-1\" \/>\n<link rel=\"canonical\" href=\"https:\/\/miumjau.ee\/lt\/produktas\/beaphar-bio-band-vabzdzius-atbaidantis-antkaklis-65-cm\/\" \/>\n<meta property=\"og:locale\" content=\"lt_LT\" \/>\n<meta property=\"og:type\" content=\"article\" \/>\n<meta property=\"og:title\" content=\"Beaphar Bio Band \u2013 vabzd\u017eius atbaidantis antkaklis 65 cm - MiuMjau\" \/>\n<meta property=\"og:description\" content=\"Bio Band \u2013 tai 100 % nat\u016bralus vabzd\u017eius atbaidantis antkaklis \u0161unims, 65 cm. Beaphar Bio Band tinka \u0161unims nuo 12 savai\u010di\u0173 am\u017eiaus. Veikliosios med\u017eiagos pasklinda po kail\u012f ir atbaido blusas bei kitus vabzd\u017eius. Antkaklis taip pat suteikia augintiniui malon\u0173, gaiv\u0173 kvap\u0105. Antkaklio ilgis reguliuojamas individualiai. Beaphar Bio Band yra atsparus vandeniui. Sud\u0117tis: Nimbo (Azadirachta indica) ekstraktas (CAS Nr. 84696-25-3: 2 %), levand\u0173 aliejus (CAS Nr. 91722-69-9: 1,5 %). Naudojimo instrukcija: Atidarykite pakuot\u0119 tik prie\u0161 naudojim\u0105 ir laisvai u\u017esekite antkakl\u012f aplink \u0161uns kakl\u0105. Tarp kaklo ir antkaklio turi tilpti du pir\u0161tai. Perteklin\u0119 dal\u012f nukirpkite u\u017e sagties. Augan\u010diam \u0161uniui antkakl\u012f reikia reguliuoti pagal augim\u0105. Antkaklis pasiekia piln\u0105 veiksmingum\u0105 po 5\u20137 dien\u0173. \u012esp\u0117jimas: Sud\u0117tyje yra linalolio, kuris gali sukelti alergin\u0119 reakcij\u0105. Pirmoji pagalba:Patekus ant odos: Nuplauti dideliu kiekiu muilo ir vandens.Patekus \u012f akis: Nedelsiant skalauti vandeniu ma\u017eiausiai 10 minu\u010di\u0173.Prarijus: Sukelti v\u0117mim\u0105. Nedelsiant kreiptis \u012f gydytoj\u0105 ir parodyti pakuot\u0119 arba etiket\u0119. Duoti aktyvintos anglies vandens tirpal\u0105 arba skysto parafino.\u012ekv\u0117pus: I\u0161v\u0117dinti patalpas. Apsinuodijimo atveju nukent\u0117jus\u012fj\u012f i\u0161vesti \u012f gryn\u0105 or\u0105 ir paguldyti. Jei savijauta pablog\u0117ja, kreiptis \u012f gydytoj\u0105.\" \/>\n<meta property=\"og:url\" content=\"https:\/\/miumjau.ee\/lt\/produktas\/beaphar-bio-band-vabzdzius-atbaidantis-antkaklis-65-cm\/\" \/>\n<meta property=\"og:site_name\" content=\"MiuMjau\" \/>\n<meta property=\"article:publisher\" content=\"https:\/\/www.facebook.com\/miumjaupood\/\" \/>\n<meta property=\"article:modified_time\" content=\"2026-01-07T18:43:58+00:00\" \/>\n<meta property=\"og:image\" content=\"https:\/\/miumjau.ee\/wp-content\/uploads\/2025\/07\/beaphar-kassidele-koertele25.jpg\" \/>\n\t<meta property=\"og:image:width\" content=\"600\" \/>\n\t<meta property=\"og:image:height\" content=\"800\" \/>\n\t<meta property=\"og:image:type\" content=\"image\/jpeg\" \/>\n<meta name=\"twitter:card\" content=\"summary_large_image\" \/>\n<script type=\"application\/ld+json\" class=\"yoast-schema-graph\">{\"@context\":\"https:\/\/schema.org\",\"@graph\":[{\"@type\":\"WebPage\",\"@id\":\"https:\/\/miumjau.ee\/lt\/produktas\/beaphar-bio-band-vabzdzius-atbaidantis-antkaklis-65-cm\/\",\"url\":\"https:\/\/miumjau.ee\/lt\/produktas\/beaphar-bio-band-vabzdzius-atbaidantis-antkaklis-65-cm\/\",\"name\":\"Beaphar Bio Band \u2013 vabzd\u017eius atbaidantis antkaklis 65 cm - MiuMjau\",\"isPartOf\":{\"@id\":\"https:\/\/miumjau.ee\/#website\"},\"primaryImageOfPage\":{\"@id\":\"https:\/\/miumjau.ee\/lt\/produktas\/beaphar-bio-band-vabzdzius-atbaidantis-antkaklis-65-cm\/#primaryimage\"},\"image\":{\"@id\":\"https:\/\/miumjau.ee\/lt\/produktas\/beaphar-bio-band-vabzdzius-atbaidantis-antkaklis-65-cm\/#primaryimage\"},\"thumbnailUrl\":\"https:\/\/miumjau.ee\/wp-content\/uploads\/2025\/07\/beaphar-kassidele-koertele25.jpg\",\"datePublished\":\"2025-07-29T12:04:54+00:00\",\"dateModified\":\"2026-01-07T18:43:58+00:00\",\"breadcrumb\":{\"@id\":\"https:\/\/miumjau.ee\/lt\/produktas\/beaphar-bio-band-vabzdzius-atbaidantis-antkaklis-65-cm\/#breadcrumb\"},\"inLanguage\":\"lt-LT\",\"potentialAction\":[{\"@type\":\"ReadAction\",\"target\":[\"https:\/\/miumjau.ee\/lt\/produktas\/beaphar-bio-band-vabzdzius-atbaidantis-antkaklis-65-cm\/\"]}]},{\"@type\":\"ImageObject\",\"inLanguage\":\"lt-LT\",\"@id\":\"https:\/\/miumjau.ee\/lt\/produktas\/beaphar-bio-band-vabzdzius-atbaidantis-antkaklis-65-cm\/#primaryimage\",\"url\":\"https:\/\/miumjau.ee\/wp-content\/uploads\/2025\/07\/beaphar-kassidele-koertele25.jpg\",\"contentUrl\":\"https:\/\/miumjau.ee\/wp-content\/uploads\/2025\/07\/beaphar-kassidele-koertele25.jpg\",\"width\":600,\"height\":800},{\"@type\":\"BreadcrumbList\",\"@id\":\"https:\/\/miumjau.ee\/lt\/produktas\/beaphar-bio-band-vabzdzius-atbaidantis-antkaklis-65-cm\/#breadcrumb\",\"itemListElement\":[{\"@type\":\"ListItem\",\"position\":1,\"name\":\"Home\",\"item\":\"https:\/\/miumjau.ee\/lt\/\"},{\"@type\":\"ListItem\",\"position\":2,\"name\":\"Parduotuv\u0117\",\"item\":\"https:\/\/miumjau.ee\/lt\/parduotuve\/\"},{\"@type\":\"ListItem\",\"position\":3,\"name\":\"Beaphar Bio Band \u2013 vabzd\u017eius atbaidantis antkaklis 65 cm\"}]},{\"@type\":\"WebSite\",\"@id\":\"https:\/\/miumjau.ee\/#website\",\"url\":\"https:\/\/miumjau.ee\/\",\"name\":\"MiuMjau\",\"description\":\"Kraapimispuud kassidele\",\"publisher\":{\"@id\":\"https:\/\/miumjau.ee\/#organization\"},\"potentialAction\":[{\"@type\":\"SearchAction\",\"target\":{\"@type\":\"EntryPoint\",\"urlTemplate\":\"https:\/\/miumjau.ee\/?s={search_term_string}\"},\"query-input\":{\"@type\":\"PropertyValueSpecification\",\"valueRequired\":true,\"valueName\":\"search_term_string\"}}],\"inLanguage\":\"lt-LT\"},{\"@type\":\"Organization\",\"@id\":\"https:\/\/miumjau.ee\/#organization\",\"name\":\"MiuMjau O\u00dc\",\"url\":\"https:\/\/miumjau.ee\/\",\"logo\":{\"@type\":\"ImageObject\",\"inLanguage\":\"lt-LT\",\"@id\":\"https:\/\/miumjau.ee\/#\/schema\/logo\/image\/\",\"url\":\"https:\/\/miumjau.ee\/wp-content\/uploads\/2022\/04\/MiuMjau-logo-kollane.png\",\"contentUrl\":\"https:\/\/miumjau.ee\/wp-content\/uploads\/2022\/04\/MiuMjau-logo-kollane.png\",\"width\":219,\"height\":100,\"caption\":\"MiuMjau O\u00dc\"},\"image\":{\"@id\":\"https:\/\/miumjau.ee\/#\/schema\/logo\/image\/\"},\"sameAs\":[\"https:\/\/www.facebook.com\/miumjaupood\/\"]}]}<\/script>\n<!-- \/ Yoast SEO plugin. -->","yoast_head_json":{"title":"Beaphar Bio Band \u2013 vabzd\u017eius atbaidantis antkaklis 65 cm - MiuMjau","robots":{"index":"index","follow":"follow","max-snippet":"max-snippet:-1","max-image-preview":"max-image-preview:large","max-video-preview":"max-video-preview:-1"},"canonical":"https:\/\/miumjau.ee\/lt\/produktas\/beaphar-bio-band-vabzdzius-atbaidantis-antkaklis-65-cm\/","og_locale":"lt_LT","og_type":"article","og_title":"Beaphar Bio Band \u2013 vabzd\u017eius atbaidantis antkaklis 65 cm - MiuMjau","og_description":"Bio Band \u2013 tai 100 % nat\u016bralus vabzd\u017eius atbaidantis antkaklis \u0161unims, 65 cm. Beaphar Bio Band tinka \u0161unims nuo 12 savai\u010di\u0173 am\u017eiaus. Veikliosios med\u017eiagos pasklinda po kail\u012f ir atbaido blusas bei kitus vabzd\u017eius. Antkaklis taip pat suteikia augintiniui malon\u0173, gaiv\u0173 kvap\u0105. Antkaklio ilgis reguliuojamas individualiai. Beaphar Bio Band yra atsparus vandeniui. Sud\u0117tis: Nimbo (Azadirachta indica) ekstraktas (CAS Nr. 84696-25-3: 2 %), levand\u0173 aliejus (CAS Nr. 91722-69-9: 1,5 %). Naudojimo instrukcija: Atidarykite pakuot\u0119 tik prie\u0161 naudojim\u0105 ir laisvai u\u017esekite antkakl\u012f aplink \u0161uns kakl\u0105. Tarp kaklo ir antkaklio turi tilpti du pir\u0161tai. Perteklin\u0119 dal\u012f nukirpkite u\u017e sagties. Augan\u010diam \u0161uniui antkakl\u012f reikia reguliuoti pagal augim\u0105. Antkaklis pasiekia piln\u0105 veiksmingum\u0105 po 5\u20137 dien\u0173. \u012esp\u0117jimas: Sud\u0117tyje yra linalolio, kuris gali sukelti alergin\u0119 reakcij\u0105. Pirmoji pagalba:Patekus ant odos: Nuplauti dideliu kiekiu muilo ir vandens.Patekus \u012f akis: Nedelsiant skalauti vandeniu ma\u017eiausiai 10 minu\u010di\u0173.Prarijus: Sukelti v\u0117mim\u0105. Nedelsiant kreiptis \u012f gydytoj\u0105 ir parodyti pakuot\u0119 arba etiket\u0119. Duoti aktyvintos anglies vandens tirpal\u0105 arba skysto parafino.\u012ekv\u0117pus: I\u0161v\u0117dinti patalpas. Apsinuodijimo atveju nukent\u0117jus\u012fj\u012f i\u0161vesti \u012f gryn\u0105 or\u0105 ir paguldyti. Jei savijauta pablog\u0117ja, kreiptis \u012f gydytoj\u0105.","og_url":"https:\/\/miumjau.ee\/lt\/produktas\/beaphar-bio-band-vabzdzius-atbaidantis-antkaklis-65-cm\/","og_site_name":"MiuMjau","article_publisher":"https:\/\/www.facebook.com\/miumjaupood\/","article_modified_time":"2026-01-07T18:43:58+00:00","og_image":[{"width":600,"height":800,"url":"https:\/\/miumjau.ee\/wp-content\/uploads\/2025\/07\/beaphar-kassidele-koertele25.jpg","type":"image\/jpeg"}],"twitter_card":"summary_large_image","schema":{"@context":"https:\/\/schema.org","@graph":[{"@type":"WebPage","@id":"https:\/\/miumjau.ee\/lt\/produktas\/beaphar-bio-band-vabzdzius-atbaidantis-antkaklis-65-cm\/","url":"https:\/\/miumjau.ee\/lt\/produktas\/beaphar-bio-band-vabzdzius-atbaidantis-antkaklis-65-cm\/","name":"Beaphar Bio Band \u2013 vabzd\u017eius atbaidantis antkaklis 65 cm - MiuMjau","isPartOf":{"@id":"https:\/\/miumjau.ee\/#website"},"primaryImageOfPage":{"@id":"https:\/\/miumjau.ee\/lt\/produktas\/beaphar-bio-band-vabzdzius-atbaidantis-antkaklis-65-cm\/#primaryimage"},"image":{"@id":"https:\/\/miumjau.ee\/lt\/produktas\/beaphar-bio-band-vabzdzius-atbaidantis-antkaklis-65-cm\/#primaryimage"},"thumbnailUrl":"https:\/\/miumjau.ee\/wp-content\/uploads\/2025\/07\/beaphar-kassidele-koertele25.jpg","datePublished":"2025-07-29T12:04:54+00:00","dateModified":"2026-01-07T18:43:58+00:00","breadcrumb":{"@id":"https:\/\/miumjau.ee\/lt\/produktas\/beaphar-bio-band-vabzdzius-atbaidantis-antkaklis-65-cm\/#breadcrumb"},"inLanguage":"lt-LT","potentialAction":[{"@type":"ReadAction","target":["https:\/\/miumjau.ee\/lt\/produktas\/beaphar-bio-band-vabzdzius-atbaidantis-antkaklis-65-cm\/"]}]},{"@type":"ImageObject","inLanguage":"lt-LT","@id":"https:\/\/miumjau.ee\/lt\/produktas\/beaphar-bio-band-vabzdzius-atbaidantis-antkaklis-65-cm\/#primaryimage","url":"https:\/\/miumjau.ee\/wp-content\/uploads\/2025\/07\/beaphar-kassidele-koertele25.jpg","contentUrl":"https:\/\/miumjau.ee\/wp-content\/uploads\/2025\/07\/beaphar-kassidele-koertele25.jpg","width":600,"height":800},{"@type":"BreadcrumbList","@id":"https:\/\/miumjau.ee\/lt\/produktas\/beaphar-bio-band-vabzdzius-atbaidantis-antkaklis-65-cm\/#breadcrumb","itemListElement":[{"@type":"ListItem","position":1,"name":"Home","item":"https:\/\/miumjau.ee\/lt\/"},{"@type":"ListItem","position":2,"name":"Parduotuv\u0117","item":"https:\/\/miumjau.ee\/lt\/parduotuve\/"},{"@type":"ListItem","position":3,"name":"Beaphar Bio Band \u2013 vabzd\u017eius atbaidantis antkaklis 65 cm"}]},{"@type":"WebSite","@id":"https:\/\/miumjau.ee\/#website","url":"https:\/\/miumjau.ee\/","name":"MiuMjau","description":"Kraapimispuud kassidele","publisher":{"@id":"https:\/\/miumjau.ee\/#organization"},"potentialAction":[{"@type":"SearchAction","target":{"@type":"EntryPoint","urlTemplate":"https:\/\/miumjau.ee\/?s={search_term_string}"},"query-input":{"@type":"PropertyValueSpecification","valueRequired":true,"valueName":"search_term_string"}}],"inLanguage":"lt-LT"},{"@type":"Organization","@id":"https:\/\/miumjau.ee\/#organization","name":"MiuMjau O\u00dc","url":"https:\/\/miumjau.ee\/","logo":{"@type":"ImageObject","inLanguage":"lt-LT","@id":"https:\/\/miumjau.ee\/#\/schema\/logo\/image\/","url":"https:\/\/miumjau.ee\/wp-content\/uploads\/2022\/04\/MiuMjau-logo-kollane.png","contentUrl":"https:\/\/miumjau.ee\/wp-content\/uploads\/2022\/04\/MiuMjau-logo-kollane.png","width":219,"height":100,"caption":"MiuMjau O\u00dc"},"image":{"@id":"https:\/\/miumjau.ee\/#\/schema\/logo\/image\/"},"sameAs":["https:\/\/www.facebook.com\/miumjaupood\/"]}]}},"_links":{"self":[{"href":"https:\/\/miumjau.ee\/lt\/wp-json\/wp\/v2\/product\/49096","targetHints":{"allow":["GET"]}}],"collection":[{"href":"https:\/\/miumjau.ee\/lt\/wp-json\/wp\/v2\/product"}],"about":[{"href":"https:\/\/miumjau.ee\/lt\/wp-json\/wp\/v2\/types\/product"}],"wp:featuredmedia":[{"embeddable":true,"href":"https:\/\/miumjau.ee\/lt\/wp-json\/wp\/v2\/media\/49097"}],"wp:attachment":[{"href":"https:\/\/miumjau.ee\/lt\/wp-json\/wp\/v2\/media?parent=49096"}],"wp:term":[{"taxonomy":"product_brand","embeddable":true,"href":"https:\/\/miumjau.ee\/lt\/wp-json\/wp\/v2\/product_brand?post=49096"},{"taxonomy":"product_cat","embeddable":true,"href":"https:\/\/miumjau.ee\/lt\/wp-json\/wp\/v2\/product_cat?post=49096"},{"taxonomy":"product_tag","embeddable":true,"href":"https:\/\/miumjau.ee\/lt\/wp-json\/wp\/v2\/product_tag?post=49096"}],"curies":[{"name":"wp","href":"https:\/\/api.w.org\/{rel}","templated":true}]}}