{"id":49090,"date":"2025-07-29T14:11:09","date_gmt":"2025-07-29T11:11:09","guid":{"rendered":"https:\/\/miumjau.ee\/toode\/beaphar-streso-mazinimo-skanestai-35-g\/"},"modified":"2026-01-07T20:43:58","modified_gmt":"2026-01-07T18:43:58","slug":"beaphar-streso-mazinimo-skanestai-35-g","status":"publish","type":"product","link":"https:\/\/miumjau.ee\/lt\/produktas\/beaphar-streso-mazinimo-skanestai-35-g\/","title":{"rendered":"Beaphar streso ma\u017einimo skan\u0117stai 35 g"},"content":{"rendered":"","protected":false},"excerpt":{"rendered":"<p data-start=\"4628\" data-end=\"4752\"><strong data-start=\"4628\" data-end=\"4666\">Beaphar No Stress skan\u0117stai kat\u0117ms<\/strong> \u2013 tra\u0161k\u016bs, \u012fdaryti pagalv\u0117l\u0117s formos skan\u0117stai. Raminantis papildomas pa\u0161aras kat\u0117ms.<\/p>\n<p data-start=\"4754\" data-end=\"5100\">Sud\u0117tyje yra nat\u016brali\u0173 augalin\u0117s kilm\u0117s komponent\u0173 (valerijonas, melisa, apyniai). Rekomenduojami stresui ma\u017einti ir raminti, padeda i\u0161vengti per didelio kniaukimo, bald\u0173 draskymo ir teritorijos \u017eym\u0117jimo. Tinka stresin\u0117se situacijose: lankantis veterinarijos klinikoje ar prieglaudoje, perk\u016bnijos ir fejerverk\u0173 metu, persikraustant ar keliaujant.<\/p>\n<p data-start=\"5102\" data-end=\"5298\"><strong data-start=\"5102\" data-end=\"5114\">Sud\u0117tis:<\/strong> Gr\u016bdai, pienas ir pieno produktai, augalin\u0117s kilm\u0117s produktai (valerijonas 0,1 %, apyniai 1 %, melisa 5 %), riebalai, m\u0117sa ir gyv\u016bnin\u0117s kilm\u0117s \u0161alutiniai produktai (vi\u0161tienos miltai).<\/p>\n<p data-start=\"5300\" data-end=\"5679\"><strong data-start=\"5300\" data-end=\"5322\">Analitin\u0117 sud\u0117tis:<\/strong> \u017dali baltymai 30 %, \u017ealia l\u0105steliena 4,2 %, riebalai ir aliejai 9,7 %, pelenai 4,1 %, dr\u0117gm\u0117 9,6 %, kalcis 0,17 %, fosforas 0,63 %, magnis 0,12 %, siera 0,00021 %, natris 0,16 %, kalis 0,53 %, laktoz\u0117 5,2 %, gliukoz\u0117 2,5 %, \u03b1-linoleno r\u016bg\u0161tis 0,073 %, linolo r\u016bg\u0161tis 1,9 %.<br data-start=\"5596\" data-end=\"5599\" \/><strong data-start=\"5599\" data-end=\"5621\">Pa\u0161aro priedai\/kg:<\/strong> Vitaminas A 4580 TV, vitaminas B1 4,1 mg, antioksidantai.<\/p>\n<p data-start=\"5681\" data-end=\"6117\"><strong data-start=\"5681\" data-end=\"5707\">Naudojimo instrukcija:<\/strong> Skan\u0117stus galima mai\u0161yti su pa\u0161aru arba duoti i\u0161 rankos. Rekomenduojama duoti 1,5 valandos prie\u0161 numatom\u0105 stresin\u0119 situacij\u0105.<br data-start=\"5833\" data-end=\"5836\" \/><strong data-start=\"5836\" data-end=\"5850\">Dozavimas:<\/strong> 2\u20133 skan\u0117stai per dien\u0105. Ne daugiau kaip 6 skan\u0117stai per dien\u0105. Poveikis pasirei\u0161kia per 1,5 valandos. Galima pakartoti po 2,5 valandos. Nedoti daugiau nei 3 kartus per dien\u0105.<br data-start=\"6026\" data-end=\"6029\" \/><strong data-start=\"6029\" data-end=\"6051\">Kontraindikacijos:<\/strong> Individualus jautrumas sudedamosioms dalims.<br data-start=\"6096\" data-end=\"6099\" \/><strong data-start=\"6099\" data-end=\"6111\">Pakuot\u0117:<\/strong> 35 g.<\/p>\n","protected":false},"featured_media":49091,"template":"","meta":[],"product_brand":[],"product_cat":[527,879],"product_tag":[],"class_list":{"0":"post-49090","1":"product","2":"type-product","3":"status-publish","4":"has-post-thumbnail","6":"product_cat-skanestai","7":"product_cat-vitaminai-ir-papildai-katems","9":"first","10":"instock","11":"taxable","12":"shipping-taxable","13":"purchasable","14":"product-type-simple"},"yoast_head":"<!-- This site is optimized with the Yoast SEO plugin v27.4 - https:\/\/yoast.com\/product\/yoast-seo-wordpress\/ -->\n<title>Beaphar streso ma\u017einimo skan\u0117stai 35 g - MiuMjau<\/title>\n<meta name=\"robots\" content=\"index, follow, max-snippet:-1, max-image-preview:large, max-video-preview:-1\" \/>\n<link rel=\"canonical\" href=\"https:\/\/miumjau.ee\/lt\/produktas\/beaphar-streso-mazinimo-skanestai-35-g\/\" \/>\n<meta property=\"og:locale\" content=\"lt_LT\" \/>\n<meta property=\"og:type\" content=\"article\" \/>\n<meta property=\"og:title\" content=\"Beaphar streso ma\u017einimo skan\u0117stai 35 g - MiuMjau\" \/>\n<meta property=\"og:description\" content=\"Beaphar No Stress skan\u0117stai kat\u0117ms \u2013 tra\u0161k\u016bs, \u012fdaryti pagalv\u0117l\u0117s formos skan\u0117stai. Raminantis papildomas pa\u0161aras kat\u0117ms. Sud\u0117tyje yra nat\u016brali\u0173 augalin\u0117s kilm\u0117s komponent\u0173 (valerijonas, melisa, apyniai). Rekomenduojami stresui ma\u017einti ir raminti, padeda i\u0161vengti per didelio kniaukimo, bald\u0173 draskymo ir teritorijos \u017eym\u0117jimo. Tinka stresin\u0117se situacijose: lankantis veterinarijos klinikoje ar prieglaudoje, perk\u016bnijos ir fejerverk\u0173 metu, persikraustant ar keliaujant. Sud\u0117tis: Gr\u016bdai, pienas ir pieno produktai, augalin\u0117s kilm\u0117s produktai (valerijonas 0,1 %, apyniai 1 %, melisa 5 %), riebalai, m\u0117sa ir gyv\u016bnin\u0117s kilm\u0117s \u0161alutiniai produktai (vi\u0161tienos miltai). Analitin\u0117 sud\u0117tis: \u017dali baltymai 30 %, \u017ealia l\u0105steliena 4,2 %, riebalai ir aliejai 9,7 %, pelenai 4,1 %, dr\u0117gm\u0117 9,6 %, kalcis 0,17 %, fosforas 0,63 %, magnis 0,12 %, siera 0,00021 %, natris 0,16 %, kalis 0,53 %, laktoz\u0117 5,2 %, gliukoz\u0117 2,5 %, \u03b1-linoleno r\u016bg\u0161tis 0,073 %, linolo r\u016bg\u0161tis 1,9 %.Pa\u0161aro priedai\/kg: Vitaminas A 4580 TV, vitaminas B1 4,1 mg, antioksidantai. Naudojimo instrukcija: Skan\u0117stus galima mai\u0161yti su pa\u0161aru arba duoti i\u0161 rankos. Rekomenduojama duoti 1,5 valandos prie\u0161 numatom\u0105 stresin\u0119 situacij\u0105.Dozavimas: 2\u20133 skan\u0117stai per dien\u0105. Ne daugiau kaip 6 skan\u0117stai per dien\u0105. Poveikis pasirei\u0161kia per 1,5 valandos. Galima pakartoti po 2,5 valandos. Nedoti daugiau nei 3 kartus per dien\u0105.Kontraindikacijos: Individualus jautrumas sudedamosioms dalims.Pakuot\u0117: 35 g.\" \/>\n<meta property=\"og:url\" content=\"https:\/\/miumjau.ee\/lt\/produktas\/beaphar-streso-mazinimo-skanestai-35-g\/\" \/>\n<meta property=\"og:site_name\" content=\"MiuMjau\" \/>\n<meta property=\"article:publisher\" content=\"https:\/\/www.facebook.com\/miumjaupood\/\" \/>\n<meta property=\"article:modified_time\" content=\"2026-01-07T18:43:58+00:00\" \/>\n<meta property=\"og:image\" content=\"https:\/\/miumjau.ee\/wp-content\/uploads\/2025\/07\/beaphar-kassidele-koertele24.jpg\" \/>\n\t<meta property=\"og:image:width\" content=\"600\" \/>\n\t<meta property=\"og:image:height\" content=\"800\" \/>\n\t<meta property=\"og:image:type\" content=\"image\/jpeg\" \/>\n<meta name=\"twitter:card\" content=\"summary_large_image\" \/>\n<script type=\"application\/ld+json\" class=\"yoast-schema-graph\">{\"@context\":\"https:\\\/\\\/schema.org\",\"@graph\":[{\"@type\":\"WebPage\",\"@id\":\"https:\\\/\\\/miumjau.ee\\\/lt\\\/produktas\\\/beaphar-streso-mazinimo-skanestai-35-g\\\/\",\"url\":\"https:\\\/\\\/miumjau.ee\\\/lt\\\/produktas\\\/beaphar-streso-mazinimo-skanestai-35-g\\\/\",\"name\":\"Beaphar streso ma\u017einimo skan\u0117stai 35 g - MiuMjau\",\"isPartOf\":{\"@id\":\"https:\\\/\\\/miumjau.ee\\\/#website\"},\"primaryImageOfPage\":{\"@id\":\"https:\\\/\\\/miumjau.ee\\\/lt\\\/produktas\\\/beaphar-streso-mazinimo-skanestai-35-g\\\/#primaryimage\"},\"image\":{\"@id\":\"https:\\\/\\\/miumjau.ee\\\/lt\\\/produktas\\\/beaphar-streso-mazinimo-skanestai-35-g\\\/#primaryimage\"},\"thumbnailUrl\":\"https:\\\/\\\/miumjau.ee\\\/wp-content\\\/uploads\\\/2025\\\/07\\\/beaphar-kassidele-koertele24.jpg\",\"datePublished\":\"2025-07-29T11:11:09+00:00\",\"dateModified\":\"2026-01-07T18:43:58+00:00\",\"breadcrumb\":{\"@id\":\"https:\\\/\\\/miumjau.ee\\\/lt\\\/produktas\\\/beaphar-streso-mazinimo-skanestai-35-g\\\/#breadcrumb\"},\"inLanguage\":\"lt-LT\",\"potentialAction\":[{\"@type\":\"ReadAction\",\"target\":[\"https:\\\/\\\/miumjau.ee\\\/lt\\\/produktas\\\/beaphar-streso-mazinimo-skanestai-35-g\\\/\"]}]},{\"@type\":\"ImageObject\",\"inLanguage\":\"lt-LT\",\"@id\":\"https:\\\/\\\/miumjau.ee\\\/lt\\\/produktas\\\/beaphar-streso-mazinimo-skanestai-35-g\\\/#primaryimage\",\"url\":\"https:\\\/\\\/miumjau.ee\\\/wp-content\\\/uploads\\\/2025\\\/07\\\/beaphar-kassidele-koertele24.jpg\",\"contentUrl\":\"https:\\\/\\\/miumjau.ee\\\/wp-content\\\/uploads\\\/2025\\\/07\\\/beaphar-kassidele-koertele24.jpg\",\"width\":600,\"height\":800},{\"@type\":\"BreadcrumbList\",\"@id\":\"https:\\\/\\\/miumjau.ee\\\/lt\\\/produktas\\\/beaphar-streso-mazinimo-skanestai-35-g\\\/#breadcrumb\",\"itemListElement\":[{\"@type\":\"ListItem\",\"position\":1,\"name\":\"Home\",\"item\":\"https:\\\/\\\/miumjau.ee\\\/lt\\\/\"},{\"@type\":\"ListItem\",\"position\":2,\"name\":\"Parduotuv\u0117\",\"item\":\"https:\\\/\\\/miumjau.ee\\\/lt\\\/parduotuve\\\/\"},{\"@type\":\"ListItem\",\"position\":3,\"name\":\"Beaphar streso ma\u017einimo skan\u0117stai 35 g\"}]},{\"@type\":\"WebSite\",\"@id\":\"https:\\\/\\\/miumjau.ee\\\/#website\",\"url\":\"https:\\\/\\\/miumjau.ee\\\/\",\"name\":\"MiuMjau\",\"description\":\"Kraapimispuud kassidele\",\"publisher\":{\"@id\":\"https:\\\/\\\/miumjau.ee\\\/#organization\"},\"potentialAction\":[{\"@type\":\"SearchAction\",\"target\":{\"@type\":\"EntryPoint\",\"urlTemplate\":\"https:\\\/\\\/miumjau.ee\\\/?s={search_term_string}\"},\"query-input\":{\"@type\":\"PropertyValueSpecification\",\"valueRequired\":true,\"valueName\":\"search_term_string\"}}],\"inLanguage\":\"lt-LT\"},{\"@type\":\"Organization\",\"@id\":\"https:\\\/\\\/miumjau.ee\\\/#organization\",\"name\":\"MiuMjau O\u00dc\",\"url\":\"https:\\\/\\\/miumjau.ee\\\/\",\"logo\":{\"@type\":\"ImageObject\",\"inLanguage\":\"lt-LT\",\"@id\":\"https:\\\/\\\/miumjau.ee\\\/#\\\/schema\\\/logo\\\/image\\\/\",\"url\":\"https:\\\/\\\/miumjau.ee\\\/wp-content\\\/uploads\\\/2022\\\/04\\\/MiuMjau-logo-kollane.png\",\"contentUrl\":\"https:\\\/\\\/miumjau.ee\\\/wp-content\\\/uploads\\\/2022\\\/04\\\/MiuMjau-logo-kollane.png\",\"width\":219,\"height\":100,\"caption\":\"MiuMjau O\u00dc\"},\"image\":{\"@id\":\"https:\\\/\\\/miumjau.ee\\\/#\\\/schema\\\/logo\\\/image\\\/\"},\"sameAs\":[\"https:\\\/\\\/www.facebook.com\\\/miumjaupood\\\/\"]}]}<\/script>\n<!-- \/ Yoast SEO plugin. -->","yoast_head_json":{"title":"Beaphar streso ma\u017einimo skan\u0117stai 35 g - MiuMjau","robots":{"index":"index","follow":"follow","max-snippet":"max-snippet:-1","max-image-preview":"max-image-preview:large","max-video-preview":"max-video-preview:-1"},"canonical":"https:\/\/miumjau.ee\/lt\/produktas\/beaphar-streso-mazinimo-skanestai-35-g\/","og_locale":"lt_LT","og_type":"article","og_title":"Beaphar streso ma\u017einimo skan\u0117stai 35 g - MiuMjau","og_description":"Beaphar No Stress skan\u0117stai kat\u0117ms \u2013 tra\u0161k\u016bs, \u012fdaryti pagalv\u0117l\u0117s formos skan\u0117stai. Raminantis papildomas pa\u0161aras kat\u0117ms. Sud\u0117tyje yra nat\u016brali\u0173 augalin\u0117s kilm\u0117s komponent\u0173 (valerijonas, melisa, apyniai). Rekomenduojami stresui ma\u017einti ir raminti, padeda i\u0161vengti per didelio kniaukimo, bald\u0173 draskymo ir teritorijos \u017eym\u0117jimo. Tinka stresin\u0117se situacijose: lankantis veterinarijos klinikoje ar prieglaudoje, perk\u016bnijos ir fejerverk\u0173 metu, persikraustant ar keliaujant. Sud\u0117tis: Gr\u016bdai, pienas ir pieno produktai, augalin\u0117s kilm\u0117s produktai (valerijonas 0,1 %, apyniai 1 %, melisa 5 %), riebalai, m\u0117sa ir gyv\u016bnin\u0117s kilm\u0117s \u0161alutiniai produktai (vi\u0161tienos miltai). Analitin\u0117 sud\u0117tis: \u017dali baltymai 30 %, \u017ealia l\u0105steliena 4,2 %, riebalai ir aliejai 9,7 %, pelenai 4,1 %, dr\u0117gm\u0117 9,6 %, kalcis 0,17 %, fosforas 0,63 %, magnis 0,12 %, siera 0,00021 %, natris 0,16 %, kalis 0,53 %, laktoz\u0117 5,2 %, gliukoz\u0117 2,5 %, \u03b1-linoleno r\u016bg\u0161tis 0,073 %, linolo r\u016bg\u0161tis 1,9 %.Pa\u0161aro priedai\/kg: Vitaminas A 4580 TV, vitaminas B1 4,1 mg, antioksidantai. Naudojimo instrukcija: Skan\u0117stus galima mai\u0161yti su pa\u0161aru arba duoti i\u0161 rankos. Rekomenduojama duoti 1,5 valandos prie\u0161 numatom\u0105 stresin\u0119 situacij\u0105.Dozavimas: 2\u20133 skan\u0117stai per dien\u0105. Ne daugiau kaip 6 skan\u0117stai per dien\u0105. Poveikis pasirei\u0161kia per 1,5 valandos. Galima pakartoti po 2,5 valandos. Nedoti daugiau nei 3 kartus per dien\u0105.Kontraindikacijos: Individualus jautrumas sudedamosioms dalims.Pakuot\u0117: 35 g.","og_url":"https:\/\/miumjau.ee\/lt\/produktas\/beaphar-streso-mazinimo-skanestai-35-g\/","og_site_name":"MiuMjau","article_publisher":"https:\/\/www.facebook.com\/miumjaupood\/","article_modified_time":"2026-01-07T18:43:58+00:00","og_image":[{"width":600,"height":800,"url":"https:\/\/miumjau.ee\/wp-content\/uploads\/2025\/07\/beaphar-kassidele-koertele24.jpg","type":"image\/jpeg"}],"twitter_card":"summary_large_image","schema":{"@context":"https:\/\/schema.org","@graph":[{"@type":"WebPage","@id":"https:\/\/miumjau.ee\/lt\/produktas\/beaphar-streso-mazinimo-skanestai-35-g\/","url":"https:\/\/miumjau.ee\/lt\/produktas\/beaphar-streso-mazinimo-skanestai-35-g\/","name":"Beaphar streso ma\u017einimo skan\u0117stai 35 g - MiuMjau","isPartOf":{"@id":"https:\/\/miumjau.ee\/#website"},"primaryImageOfPage":{"@id":"https:\/\/miumjau.ee\/lt\/produktas\/beaphar-streso-mazinimo-skanestai-35-g\/#primaryimage"},"image":{"@id":"https:\/\/miumjau.ee\/lt\/produktas\/beaphar-streso-mazinimo-skanestai-35-g\/#primaryimage"},"thumbnailUrl":"https:\/\/miumjau.ee\/wp-content\/uploads\/2025\/07\/beaphar-kassidele-koertele24.jpg","datePublished":"2025-07-29T11:11:09+00:00","dateModified":"2026-01-07T18:43:58+00:00","breadcrumb":{"@id":"https:\/\/miumjau.ee\/lt\/produktas\/beaphar-streso-mazinimo-skanestai-35-g\/#breadcrumb"},"inLanguage":"lt-LT","potentialAction":[{"@type":"ReadAction","target":["https:\/\/miumjau.ee\/lt\/produktas\/beaphar-streso-mazinimo-skanestai-35-g\/"]}]},{"@type":"ImageObject","inLanguage":"lt-LT","@id":"https:\/\/miumjau.ee\/lt\/produktas\/beaphar-streso-mazinimo-skanestai-35-g\/#primaryimage","url":"https:\/\/miumjau.ee\/wp-content\/uploads\/2025\/07\/beaphar-kassidele-koertele24.jpg","contentUrl":"https:\/\/miumjau.ee\/wp-content\/uploads\/2025\/07\/beaphar-kassidele-koertele24.jpg","width":600,"height":800},{"@type":"BreadcrumbList","@id":"https:\/\/miumjau.ee\/lt\/produktas\/beaphar-streso-mazinimo-skanestai-35-g\/#breadcrumb","itemListElement":[{"@type":"ListItem","position":1,"name":"Home","item":"https:\/\/miumjau.ee\/lt\/"},{"@type":"ListItem","position":2,"name":"Parduotuv\u0117","item":"https:\/\/miumjau.ee\/lt\/parduotuve\/"},{"@type":"ListItem","position":3,"name":"Beaphar streso ma\u017einimo skan\u0117stai 35 g"}]},{"@type":"WebSite","@id":"https:\/\/miumjau.ee\/#website","url":"https:\/\/miumjau.ee\/","name":"MiuMjau","description":"Kraapimispuud kassidele","publisher":{"@id":"https:\/\/miumjau.ee\/#organization"},"potentialAction":[{"@type":"SearchAction","target":{"@type":"EntryPoint","urlTemplate":"https:\/\/miumjau.ee\/?s={search_term_string}"},"query-input":{"@type":"PropertyValueSpecification","valueRequired":true,"valueName":"search_term_string"}}],"inLanguage":"lt-LT"},{"@type":"Organization","@id":"https:\/\/miumjau.ee\/#organization","name":"MiuMjau O\u00dc","url":"https:\/\/miumjau.ee\/","logo":{"@type":"ImageObject","inLanguage":"lt-LT","@id":"https:\/\/miumjau.ee\/#\/schema\/logo\/image\/","url":"https:\/\/miumjau.ee\/wp-content\/uploads\/2022\/04\/MiuMjau-logo-kollane.png","contentUrl":"https:\/\/miumjau.ee\/wp-content\/uploads\/2022\/04\/MiuMjau-logo-kollane.png","width":219,"height":100,"caption":"MiuMjau O\u00dc"},"image":{"@id":"https:\/\/miumjau.ee\/#\/schema\/logo\/image\/"},"sameAs":["https:\/\/www.facebook.com\/miumjaupood\/"]}]}},"_links":{"self":[{"href":"https:\/\/miumjau.ee\/lt\/wp-json\/wp\/v2\/product\/49090","targetHints":{"allow":["GET"]}}],"collection":[{"href":"https:\/\/miumjau.ee\/lt\/wp-json\/wp\/v2\/product"}],"about":[{"href":"https:\/\/miumjau.ee\/lt\/wp-json\/wp\/v2\/types\/product"}],"wp:featuredmedia":[{"embeddable":true,"href":"https:\/\/miumjau.ee\/lt\/wp-json\/wp\/v2\/media\/49091"}],"wp:attachment":[{"href":"https:\/\/miumjau.ee\/lt\/wp-json\/wp\/v2\/media?parent=49090"}],"wp:term":[{"taxonomy":"product_brand","embeddable":true,"href":"https:\/\/miumjau.ee\/lt\/wp-json\/wp\/v2\/product_brand?post=49090"},{"taxonomy":"product_cat","embeddable":true,"href":"https:\/\/miumjau.ee\/lt\/wp-json\/wp\/v2\/product_cat?post=49090"},{"taxonomy":"product_tag","embeddable":true,"href":"https:\/\/miumjau.ee\/lt\/wp-json\/wp\/v2\/product_tag?post=49090"}],"curies":[{"name":"wp","href":"https:\/\/api.w.org\/{rel}","templated":true}]}}