{"id":49078,"date":"2025-07-29T14:22:19","date_gmt":"2025-07-29T11:22:19","guid":{"rendered":"https:\/\/miumjau.ee\/toode\/beaphar-malt-bits-skanestai-nuo-plauku-gumuleliu-35-g\/"},"modified":"2026-01-07T20:44:05","modified_gmt":"2026-01-07T18:44:05","slug":"beaphar-malt-bits-skanestai-nuo-plauku-gumuleliu-35-g","status":"publish","type":"product","link":"https:\/\/miumjau.ee\/lt\/produktas\/beaphar-malt-bits-skanestai-nuo-plauku-gumuleliu-35-g\/","title":{"rendered":"Beaphar Malt Bits skan\u0117stai nuo plauk\u0173 gumul\u0117li\u0173 35 g"},"content":{"rendered":"","protected":false},"excerpt":{"rendered":"<p data-start=\"3279\" data-end=\"3602\">Malt Bits \u2013 tai tra\u0161k\u016bs, pagalv\u0117l\u0117s formos skan\u0117stai su skania ir sveika salyklo pasta, skirti kat\u0117ms ir ka\u010diukams. \u0160is produktas padeda i\u0161vengti plauk\u0173 gumul\u0117li\u0173 susidarymo skrandyje ir palaiko nat\u016bral\u0173 praryt\u0173 plauk\u0173 pasi\u0161alinim\u0105 per vir\u0161kinam\u0105j\u012f trakt\u0105.<br data-start=\"3535\" data-end=\"3538\" \/><strong data-start=\"3538\" data-end=\"3561\">Veiklioji med\u017eiaga:<\/strong> salyklo ekstraktas, ne ma\u017eiau kaip 20 %.<\/p>\n<p data-start=\"3604\" data-end=\"3723\"><strong data-start=\"3604\" data-end=\"3618\">Dozavimas:<\/strong> 5\u201310 gabal\u0117li\u0173 per dien\u0105 profilaktikai arba 10\u201320 gabal\u0117li\u0173 per dien\u0105 3 savaites kaip intensyvus kursas.<\/p>\n<p data-start=\"3725\" data-end=\"3918\"><strong data-start=\"3725\" data-end=\"3737\">Sud\u0117tis:<\/strong> Gr\u016bdai, augalin\u0117s kilm\u0117s produktai (MOS 0,12 %, salyklo ekstraktas 1,62 %), aliejai ir riebalai, pieno produktai, miel\u0117s, m\u0117sa ir gyv\u016bnin\u0117s kilm\u0117s produktai, mineralin\u0117s med\u017eiagos.<\/p>\n<p data-start=\"3920\" data-end=\"4119\"><strong data-start=\"3920\" data-end=\"3942\">Analitin\u0117 sud\u0117tis:<\/strong> \u017dali baltymai 32,1 %, dr\u0117gm\u0117 8,5 %, \u017eali riebalai 8,4 %, \u017eali pelenai 3,6 %, \u017ealia l\u0105steliena 2,8 %, kalis 0,68 %, fosforas 0,55 %, natris 0,14 %, magnis 0,14 %, kalcis 0,09 %.<\/p>\n<p data-start=\"4121\" data-end=\"4252\"><strong data-start=\"4121\" data-end=\"4134\">Laikymas:<\/strong> Laikyti sausoje vietoje kambario temperat\u016broje. Tinkamumo vartoti terminas ir partijos numeris nurodyti ant pakuot\u0117s.<\/p>\n<p data-start=\"4254\" data-end=\"4291\"><strong data-start=\"4254\" data-end=\"4269\">Gamintojas:<\/strong> Beaphar, Nyderlandai.<\/p>\n","protected":false},"featured_media":49079,"template":"","meta":[],"product_brand":[],"product_cat":[527],"product_tag":[],"class_list":{"0":"post-49078","1":"product","2":"type-product","3":"status-publish","4":"has-post-thumbnail","6":"product_cat-skanestai","8":"first","9":"instock","10":"taxable","11":"shipping-taxable","12":"purchasable","13":"product-type-simple"},"yoast_head":"<!-- This site is optimized with the Yoast SEO plugin v27.2 - https:\/\/yoast.com\/product\/yoast-seo-wordpress\/ -->\n<title>Beaphar Malt Bits skan\u0117stai nuo plauk\u0173 gumul\u0117li\u0173 35 g - MiuMjau<\/title>\n<meta name=\"robots\" content=\"index, follow, max-snippet:-1, max-image-preview:large, max-video-preview:-1\" \/>\n<link rel=\"canonical\" href=\"https:\/\/miumjau.ee\/lt\/produktas\/beaphar-malt-bits-skanestai-nuo-plauku-gumuleliu-35-g\/\" \/>\n<meta property=\"og:locale\" content=\"lt_LT\" \/>\n<meta property=\"og:type\" content=\"article\" \/>\n<meta property=\"og:title\" content=\"Beaphar Malt Bits skan\u0117stai nuo plauk\u0173 gumul\u0117li\u0173 35 g - MiuMjau\" \/>\n<meta property=\"og:description\" content=\"Malt Bits \u2013 tai tra\u0161k\u016bs, pagalv\u0117l\u0117s formos skan\u0117stai su skania ir sveika salyklo pasta, skirti kat\u0117ms ir ka\u010diukams. \u0160is produktas padeda i\u0161vengti plauk\u0173 gumul\u0117li\u0173 susidarymo skrandyje ir palaiko nat\u016bral\u0173 praryt\u0173 plauk\u0173 pasi\u0161alinim\u0105 per vir\u0161kinam\u0105j\u012f trakt\u0105.Veiklioji med\u017eiaga: salyklo ekstraktas, ne ma\u017eiau kaip 20 %. Dozavimas: 5\u201310 gabal\u0117li\u0173 per dien\u0105 profilaktikai arba 10\u201320 gabal\u0117li\u0173 per dien\u0105 3 savaites kaip intensyvus kursas. Sud\u0117tis: Gr\u016bdai, augalin\u0117s kilm\u0117s produktai (MOS 0,12 %, salyklo ekstraktas 1,62 %), aliejai ir riebalai, pieno produktai, miel\u0117s, m\u0117sa ir gyv\u016bnin\u0117s kilm\u0117s produktai, mineralin\u0117s med\u017eiagos. Analitin\u0117 sud\u0117tis: \u017dali baltymai 32,1 %, dr\u0117gm\u0117 8,5 %, \u017eali riebalai 8,4 %, \u017eali pelenai 3,6 %, \u017ealia l\u0105steliena 2,8 %, kalis 0,68 %, fosforas 0,55 %, natris 0,14 %, magnis 0,14 %, kalcis 0,09 %. Laikymas: Laikyti sausoje vietoje kambario temperat\u016broje. Tinkamumo vartoti terminas ir partijos numeris nurodyti ant pakuot\u0117s. Gamintojas: Beaphar, Nyderlandai.\" \/>\n<meta property=\"og:url\" content=\"https:\/\/miumjau.ee\/lt\/produktas\/beaphar-malt-bits-skanestai-nuo-plauku-gumuleliu-35-g\/\" \/>\n<meta property=\"og:site_name\" content=\"MiuMjau\" \/>\n<meta property=\"article:publisher\" content=\"https:\/\/www.facebook.com\/miumjaupood\/\" \/>\n<meta property=\"article:modified_time\" content=\"2026-01-07T18:44:05+00:00\" \/>\n<meta property=\"og:image\" content=\"https:\/\/miumjau.ee\/wp-content\/uploads\/2025\/07\/beaphar-kassidele-koertele27.jpg\" \/>\n\t<meta property=\"og:image:width\" content=\"600\" \/>\n\t<meta property=\"og:image:height\" content=\"800\" \/>\n\t<meta property=\"og:image:type\" content=\"image\/jpeg\" \/>\n<meta name=\"twitter:card\" content=\"summary_large_image\" \/>\n<script type=\"application\/ld+json\" class=\"yoast-schema-graph\">{\"@context\":\"https:\/\/schema.org\",\"@graph\":[{\"@type\":\"WebPage\",\"@id\":\"https:\/\/miumjau.ee\/lt\/produktas\/beaphar-malt-bits-skanestai-nuo-plauku-gumuleliu-35-g\/\",\"url\":\"https:\/\/miumjau.ee\/lt\/produktas\/beaphar-malt-bits-skanestai-nuo-plauku-gumuleliu-35-g\/\",\"name\":\"Beaphar Malt Bits skan\u0117stai nuo plauk\u0173 gumul\u0117li\u0173 35 g - MiuMjau\",\"isPartOf\":{\"@id\":\"https:\/\/miumjau.ee\/#website\"},\"primaryImageOfPage\":{\"@id\":\"https:\/\/miumjau.ee\/lt\/produktas\/beaphar-malt-bits-skanestai-nuo-plauku-gumuleliu-35-g\/#primaryimage\"},\"image\":{\"@id\":\"https:\/\/miumjau.ee\/lt\/produktas\/beaphar-malt-bits-skanestai-nuo-plauku-gumuleliu-35-g\/#primaryimage\"},\"thumbnailUrl\":\"https:\/\/miumjau.ee\/wp-content\/uploads\/2025\/07\/beaphar-kassidele-koertele27.jpg\",\"datePublished\":\"2025-07-29T11:22:19+00:00\",\"dateModified\":\"2026-01-07T18:44:05+00:00\",\"breadcrumb\":{\"@id\":\"https:\/\/miumjau.ee\/lt\/produktas\/beaphar-malt-bits-skanestai-nuo-plauku-gumuleliu-35-g\/#breadcrumb\"},\"inLanguage\":\"lt-LT\",\"potentialAction\":[{\"@type\":\"ReadAction\",\"target\":[\"https:\/\/miumjau.ee\/lt\/produktas\/beaphar-malt-bits-skanestai-nuo-plauku-gumuleliu-35-g\/\"]}]},{\"@type\":\"ImageObject\",\"inLanguage\":\"lt-LT\",\"@id\":\"https:\/\/miumjau.ee\/lt\/produktas\/beaphar-malt-bits-skanestai-nuo-plauku-gumuleliu-35-g\/#primaryimage\",\"url\":\"https:\/\/miumjau.ee\/wp-content\/uploads\/2025\/07\/beaphar-kassidele-koertele27.jpg\",\"contentUrl\":\"https:\/\/miumjau.ee\/wp-content\/uploads\/2025\/07\/beaphar-kassidele-koertele27.jpg\",\"width\":600,\"height\":800},{\"@type\":\"BreadcrumbList\",\"@id\":\"https:\/\/miumjau.ee\/lt\/produktas\/beaphar-malt-bits-skanestai-nuo-plauku-gumuleliu-35-g\/#breadcrumb\",\"itemListElement\":[{\"@type\":\"ListItem\",\"position\":1,\"name\":\"Home\",\"item\":\"https:\/\/miumjau.ee\/lt\/\"},{\"@type\":\"ListItem\",\"position\":2,\"name\":\"Parduotuv\u0117\",\"item\":\"https:\/\/miumjau.ee\/lt\/parduotuve\/\"},{\"@type\":\"ListItem\",\"position\":3,\"name\":\"Beaphar Malt Bits skan\u0117stai nuo plauk\u0173 gumul\u0117li\u0173 35 g\"}]},{\"@type\":\"WebSite\",\"@id\":\"https:\/\/miumjau.ee\/#website\",\"url\":\"https:\/\/miumjau.ee\/\",\"name\":\"MiuMjau\",\"description\":\"Kraapimispuud kassidele\",\"publisher\":{\"@id\":\"https:\/\/miumjau.ee\/#organization\"},\"potentialAction\":[{\"@type\":\"SearchAction\",\"target\":{\"@type\":\"EntryPoint\",\"urlTemplate\":\"https:\/\/miumjau.ee\/?s={search_term_string}\"},\"query-input\":{\"@type\":\"PropertyValueSpecification\",\"valueRequired\":true,\"valueName\":\"search_term_string\"}}],\"inLanguage\":\"lt-LT\"},{\"@type\":\"Organization\",\"@id\":\"https:\/\/miumjau.ee\/#organization\",\"name\":\"MiuMjau O\u00dc\",\"url\":\"https:\/\/miumjau.ee\/\",\"logo\":{\"@type\":\"ImageObject\",\"inLanguage\":\"lt-LT\",\"@id\":\"https:\/\/miumjau.ee\/#\/schema\/logo\/image\/\",\"url\":\"https:\/\/miumjau.ee\/wp-content\/uploads\/2022\/04\/MiuMjau-logo-kollane.png\",\"contentUrl\":\"https:\/\/miumjau.ee\/wp-content\/uploads\/2022\/04\/MiuMjau-logo-kollane.png\",\"width\":219,\"height\":100,\"caption\":\"MiuMjau O\u00dc\"},\"image\":{\"@id\":\"https:\/\/miumjau.ee\/#\/schema\/logo\/image\/\"},\"sameAs\":[\"https:\/\/www.facebook.com\/miumjaupood\/\"]}]}<\/script>\n<!-- \/ Yoast SEO plugin. -->","yoast_head_json":{"title":"Beaphar Malt Bits skan\u0117stai nuo plauk\u0173 gumul\u0117li\u0173 35 g - MiuMjau","robots":{"index":"index","follow":"follow","max-snippet":"max-snippet:-1","max-image-preview":"max-image-preview:large","max-video-preview":"max-video-preview:-1"},"canonical":"https:\/\/miumjau.ee\/lt\/produktas\/beaphar-malt-bits-skanestai-nuo-plauku-gumuleliu-35-g\/","og_locale":"lt_LT","og_type":"article","og_title":"Beaphar Malt Bits skan\u0117stai nuo plauk\u0173 gumul\u0117li\u0173 35 g - MiuMjau","og_description":"Malt Bits \u2013 tai tra\u0161k\u016bs, pagalv\u0117l\u0117s formos skan\u0117stai su skania ir sveika salyklo pasta, skirti kat\u0117ms ir ka\u010diukams. \u0160is produktas padeda i\u0161vengti plauk\u0173 gumul\u0117li\u0173 susidarymo skrandyje ir palaiko nat\u016bral\u0173 praryt\u0173 plauk\u0173 pasi\u0161alinim\u0105 per vir\u0161kinam\u0105j\u012f trakt\u0105.Veiklioji med\u017eiaga: salyklo ekstraktas, ne ma\u017eiau kaip 20 %. Dozavimas: 5\u201310 gabal\u0117li\u0173 per dien\u0105 profilaktikai arba 10\u201320 gabal\u0117li\u0173 per dien\u0105 3 savaites kaip intensyvus kursas. Sud\u0117tis: Gr\u016bdai, augalin\u0117s kilm\u0117s produktai (MOS 0,12 %, salyklo ekstraktas 1,62 %), aliejai ir riebalai, pieno produktai, miel\u0117s, m\u0117sa ir gyv\u016bnin\u0117s kilm\u0117s produktai, mineralin\u0117s med\u017eiagos. Analitin\u0117 sud\u0117tis: \u017dali baltymai 32,1 %, dr\u0117gm\u0117 8,5 %, \u017eali riebalai 8,4 %, \u017eali pelenai 3,6 %, \u017ealia l\u0105steliena 2,8 %, kalis 0,68 %, fosforas 0,55 %, natris 0,14 %, magnis 0,14 %, kalcis 0,09 %. Laikymas: Laikyti sausoje vietoje kambario temperat\u016broje. Tinkamumo vartoti terminas ir partijos numeris nurodyti ant pakuot\u0117s. Gamintojas: Beaphar, Nyderlandai.","og_url":"https:\/\/miumjau.ee\/lt\/produktas\/beaphar-malt-bits-skanestai-nuo-plauku-gumuleliu-35-g\/","og_site_name":"MiuMjau","article_publisher":"https:\/\/www.facebook.com\/miumjaupood\/","article_modified_time":"2026-01-07T18:44:05+00:00","og_image":[{"width":600,"height":800,"url":"https:\/\/miumjau.ee\/wp-content\/uploads\/2025\/07\/beaphar-kassidele-koertele27.jpg","type":"image\/jpeg"}],"twitter_card":"summary_large_image","schema":{"@context":"https:\/\/schema.org","@graph":[{"@type":"WebPage","@id":"https:\/\/miumjau.ee\/lt\/produktas\/beaphar-malt-bits-skanestai-nuo-plauku-gumuleliu-35-g\/","url":"https:\/\/miumjau.ee\/lt\/produktas\/beaphar-malt-bits-skanestai-nuo-plauku-gumuleliu-35-g\/","name":"Beaphar Malt Bits skan\u0117stai nuo plauk\u0173 gumul\u0117li\u0173 35 g - MiuMjau","isPartOf":{"@id":"https:\/\/miumjau.ee\/#website"},"primaryImageOfPage":{"@id":"https:\/\/miumjau.ee\/lt\/produktas\/beaphar-malt-bits-skanestai-nuo-plauku-gumuleliu-35-g\/#primaryimage"},"image":{"@id":"https:\/\/miumjau.ee\/lt\/produktas\/beaphar-malt-bits-skanestai-nuo-plauku-gumuleliu-35-g\/#primaryimage"},"thumbnailUrl":"https:\/\/miumjau.ee\/wp-content\/uploads\/2025\/07\/beaphar-kassidele-koertele27.jpg","datePublished":"2025-07-29T11:22:19+00:00","dateModified":"2026-01-07T18:44:05+00:00","breadcrumb":{"@id":"https:\/\/miumjau.ee\/lt\/produktas\/beaphar-malt-bits-skanestai-nuo-plauku-gumuleliu-35-g\/#breadcrumb"},"inLanguage":"lt-LT","potentialAction":[{"@type":"ReadAction","target":["https:\/\/miumjau.ee\/lt\/produktas\/beaphar-malt-bits-skanestai-nuo-plauku-gumuleliu-35-g\/"]}]},{"@type":"ImageObject","inLanguage":"lt-LT","@id":"https:\/\/miumjau.ee\/lt\/produktas\/beaphar-malt-bits-skanestai-nuo-plauku-gumuleliu-35-g\/#primaryimage","url":"https:\/\/miumjau.ee\/wp-content\/uploads\/2025\/07\/beaphar-kassidele-koertele27.jpg","contentUrl":"https:\/\/miumjau.ee\/wp-content\/uploads\/2025\/07\/beaphar-kassidele-koertele27.jpg","width":600,"height":800},{"@type":"BreadcrumbList","@id":"https:\/\/miumjau.ee\/lt\/produktas\/beaphar-malt-bits-skanestai-nuo-plauku-gumuleliu-35-g\/#breadcrumb","itemListElement":[{"@type":"ListItem","position":1,"name":"Home","item":"https:\/\/miumjau.ee\/lt\/"},{"@type":"ListItem","position":2,"name":"Parduotuv\u0117","item":"https:\/\/miumjau.ee\/lt\/parduotuve\/"},{"@type":"ListItem","position":3,"name":"Beaphar Malt Bits skan\u0117stai nuo plauk\u0173 gumul\u0117li\u0173 35 g"}]},{"@type":"WebSite","@id":"https:\/\/miumjau.ee\/#website","url":"https:\/\/miumjau.ee\/","name":"MiuMjau","description":"Kraapimispuud kassidele","publisher":{"@id":"https:\/\/miumjau.ee\/#organization"},"potentialAction":[{"@type":"SearchAction","target":{"@type":"EntryPoint","urlTemplate":"https:\/\/miumjau.ee\/?s={search_term_string}"},"query-input":{"@type":"PropertyValueSpecification","valueRequired":true,"valueName":"search_term_string"}}],"inLanguage":"lt-LT"},{"@type":"Organization","@id":"https:\/\/miumjau.ee\/#organization","name":"MiuMjau O\u00dc","url":"https:\/\/miumjau.ee\/","logo":{"@type":"ImageObject","inLanguage":"lt-LT","@id":"https:\/\/miumjau.ee\/#\/schema\/logo\/image\/","url":"https:\/\/miumjau.ee\/wp-content\/uploads\/2022\/04\/MiuMjau-logo-kollane.png","contentUrl":"https:\/\/miumjau.ee\/wp-content\/uploads\/2022\/04\/MiuMjau-logo-kollane.png","width":219,"height":100,"caption":"MiuMjau O\u00dc"},"image":{"@id":"https:\/\/miumjau.ee\/#\/schema\/logo\/image\/"},"sameAs":["https:\/\/www.facebook.com\/miumjaupood\/"]}]}},"_links":{"self":[{"href":"https:\/\/miumjau.ee\/lt\/wp-json\/wp\/v2\/product\/49078","targetHints":{"allow":["GET"]}}],"collection":[{"href":"https:\/\/miumjau.ee\/lt\/wp-json\/wp\/v2\/product"}],"about":[{"href":"https:\/\/miumjau.ee\/lt\/wp-json\/wp\/v2\/types\/product"}],"wp:featuredmedia":[{"embeddable":true,"href":"https:\/\/miumjau.ee\/lt\/wp-json\/wp\/v2\/media\/49079"}],"wp:attachment":[{"href":"https:\/\/miumjau.ee\/lt\/wp-json\/wp\/v2\/media?parent=49078"}],"wp:term":[{"taxonomy":"product_brand","embeddable":true,"href":"https:\/\/miumjau.ee\/lt\/wp-json\/wp\/v2\/product_brand?post=49078"},{"taxonomy":"product_cat","embeddable":true,"href":"https:\/\/miumjau.ee\/lt\/wp-json\/wp\/v2\/product_cat?post=49078"},{"taxonomy":"product_tag","embeddable":true,"href":"https:\/\/miumjau.ee\/lt\/wp-json\/wp\/v2\/product_tag?post=49078"}],"curies":[{"name":"wp","href":"https:\/\/api.w.org\/{rel}","templated":true}]}}