{"id":49072,"date":"2025-07-29T14:56:20","date_gmt":"2025-07-29T11:56:20","guid":{"rendered":"https:\/\/miumjau.ee\/toode\/beaphar-cat-a-dent-bits-skanestai-katems-35-g\/"},"modified":"2026-01-07T20:44:05","modified_gmt":"2026-01-07T18:44:05","slug":"beaphar-cat-a-dent-bits-skanestai-katems-35-g","status":"publish","type":"product","link":"https:\/\/miumjau.ee\/lt\/produktas\/beaphar-cat-a-dent-bits-skanestai-katems-35-g\/","title":{"rendered":"Beaphar Cat-A-Dent Bits skan\u0117stai kat\u0117ms 35 g"},"content":{"rendered":"","protected":false},"excerpt":{"rendered":"<p data-start=\"3028\" data-end=\"3146\">Cat-A-Dent Bits \u2013 tai tra\u0161k\u016bs, pagalv\u0117l\u0117s formos skan\u0117stai kat\u0117ms, sukurti pad\u0117ti palaikyti \u0161varius ir sveikus dantis.<\/p>\n<p data-start=\"3148\" data-end=\"3340\">Skan\u0117stai stiprina ir poliruoja dant\u0173 emal\u012f, padeda apsaugoti nuo pa\u017eeidim\u0173 ir apna\u0161\u0173. Sud\u0117tyje yra chlorofilo, kuris padeda pa\u0161alinti nemalonius kvapus ir gaivina burnos kvap\u0105. Puikus skonis.<\/p>\n<ul data-start=\"3342\" data-end=\"3452\">\n<li data-start=\"3342\" data-end=\"3377\">\n<p data-start=\"3344\" data-end=\"3377\">Padeda palaikyti \u0161varius dantis<\/p>\n<\/li>\n<li data-start=\"3378\" data-end=\"3416\">\n<p data-start=\"3380\" data-end=\"3416\">Stiprina emal\u012f ir saugo nuo apna\u0161\u0173<\/p>\n<\/li>\n<li data-start=\"3417\" data-end=\"3434\">\n<p data-start=\"3419\" data-end=\"3434\">Gaivina burn\u0105<\/p>\n<\/li>\n<li data-start=\"3435\" data-end=\"3452\">\n<p data-start=\"3437\" data-end=\"3452\">Puikus skonis<\/p>\n<\/li>\n<\/ul>\n<p data-start=\"3454\" data-end=\"3491\"><strong data-start=\"3454\" data-end=\"3469\">Gamintojas:<\/strong> Beaphar, Nyderlandai.<\/p>\n<p data-start=\"3493\" data-end=\"3593\"><strong data-start=\"3493\" data-end=\"3505\">Sud\u0117tis:<\/strong> Gr\u016bdai ir gr\u016bd\u0173 produktai, mineralin\u0117s med\u017eiagos, m\u0117sa (pauk\u0161tiena) ir m\u0117sos produktai.<\/p>\n<p data-start=\"3595\" data-end=\"3805\"><strong data-start=\"3595\" data-end=\"3617\">Analitin\u0117 sud\u0117tis:<\/strong> \u017dali baltymai 28,6 %, \u017eali aliejai ir riebalai 6,3 %, \u017ealia l\u0105steliena 2,5 %, \u017eali pelenai 5,4 %, dr\u0117gm\u0117 8,5 %, kalcis 0,24 %, fosforas 0,61 %, natris 0,09 %, kalis 0,56 %, magnis 0,12 %.<\/p>\n<p data-start=\"3807\" data-end=\"3933\"><strong data-start=\"3807\" data-end=\"3833\">\u0160\u0117rimo rekomendacijos:<\/strong> 5\u201310 gabal\u0117li\u0173 per dien\u0105. Gyv\u016bnui visada turi b\u016bti prieinamas \u0161vie\u017eias ir \u0161varus geriamasis vanduo.<\/p>\n","protected":false},"featured_media":49073,"template":"","meta":[],"product_brand":[],"product_cat":[527,879],"product_tag":[],"class_list":{"0":"post-49072","1":"product","2":"type-product","3":"status-publish","4":"has-post-thumbnail","6":"product_cat-skanestai","7":"product_cat-vitaminai-ir-papildai-katems","9":"first","10":"instock","11":"taxable","12":"shipping-taxable","13":"purchasable","14":"product-type-simple"},"yoast_head":"<!-- This site is optimized with the Yoast SEO plugin v27.4 - https:\/\/yoast.com\/product\/yoast-seo-wordpress\/ -->\n<title>Beaphar Cat-A-Dent Bits skan\u0117stai kat\u0117ms 35 g - MiuMjau<\/title>\n<meta name=\"robots\" content=\"index, follow, max-snippet:-1, max-image-preview:large, max-video-preview:-1\" \/>\n<link rel=\"canonical\" href=\"https:\/\/miumjau.ee\/lt\/produktas\/beaphar-cat-a-dent-bits-skanestai-katems-35-g\/\" \/>\n<meta property=\"og:locale\" content=\"lt_LT\" \/>\n<meta property=\"og:type\" content=\"article\" \/>\n<meta property=\"og:title\" content=\"Beaphar Cat-A-Dent Bits skan\u0117stai kat\u0117ms 35 g - MiuMjau\" \/>\n<meta property=\"og:description\" content=\"Cat-A-Dent Bits \u2013 tai tra\u0161k\u016bs, pagalv\u0117l\u0117s formos skan\u0117stai kat\u0117ms, sukurti pad\u0117ti palaikyti \u0161varius ir sveikus dantis. Skan\u0117stai stiprina ir poliruoja dant\u0173 emal\u012f, padeda apsaugoti nuo pa\u017eeidim\u0173 ir apna\u0161\u0173. Sud\u0117tyje yra chlorofilo, kuris padeda pa\u0161alinti nemalonius kvapus ir gaivina burnos kvap\u0105. Puikus skonis.     Padeda palaikyti \u0161varius dantis    Stiprina emal\u012f ir saugo nuo apna\u0161\u0173    Gaivina burn\u0105    Puikus skonis   Gamintojas: Beaphar, Nyderlandai. Sud\u0117tis: Gr\u016bdai ir gr\u016bd\u0173 produktai, mineralin\u0117s med\u017eiagos, m\u0117sa (pauk\u0161tiena) ir m\u0117sos produktai. Analitin\u0117 sud\u0117tis: \u017dali baltymai 28,6 %, \u017eali aliejai ir riebalai 6,3 %, \u017ealia l\u0105steliena 2,5 %, \u017eali pelenai 5,4 %, dr\u0117gm\u0117 8,5 %, kalcis 0,24 %, fosforas 0,61 %, natris 0,09 %, kalis 0,56 %, magnis 0,12 %. \u0160\u0117rimo rekomendacijos: 5\u201310 gabal\u0117li\u0173 per dien\u0105. Gyv\u016bnui visada turi b\u016bti prieinamas \u0161vie\u017eias ir \u0161varus geriamasis vanduo.\" \/>\n<meta property=\"og:url\" content=\"https:\/\/miumjau.ee\/lt\/produktas\/beaphar-cat-a-dent-bits-skanestai-katems-35-g\/\" \/>\n<meta property=\"og:site_name\" content=\"MiuMjau\" \/>\n<meta property=\"article:publisher\" content=\"https:\/\/www.facebook.com\/miumjaupood\/\" \/>\n<meta property=\"article:modified_time\" content=\"2026-01-07T18:44:05+00:00\" \/>\n<meta property=\"og:image\" content=\"https:\/\/miumjau.ee\/wp-content\/uploads\/2025\/07\/beaphar-kassidele-koertele39.jpg\" \/>\n\t<meta property=\"og:image:width\" content=\"600\" \/>\n\t<meta property=\"og:image:height\" content=\"800\" \/>\n\t<meta property=\"og:image:type\" content=\"image\/jpeg\" \/>\n<meta name=\"twitter:card\" content=\"summary_large_image\" \/>\n<script type=\"application\/ld+json\" class=\"yoast-schema-graph\">{\"@context\":\"https:\\\/\\\/schema.org\",\"@graph\":[{\"@type\":\"WebPage\",\"@id\":\"https:\\\/\\\/miumjau.ee\\\/lt\\\/produktas\\\/beaphar-cat-a-dent-bits-skanestai-katems-35-g\\\/\",\"url\":\"https:\\\/\\\/miumjau.ee\\\/lt\\\/produktas\\\/beaphar-cat-a-dent-bits-skanestai-katems-35-g\\\/\",\"name\":\"Beaphar Cat-A-Dent Bits skan\u0117stai kat\u0117ms 35 g - MiuMjau\",\"isPartOf\":{\"@id\":\"https:\\\/\\\/miumjau.ee\\\/#website\"},\"primaryImageOfPage\":{\"@id\":\"https:\\\/\\\/miumjau.ee\\\/lt\\\/produktas\\\/beaphar-cat-a-dent-bits-skanestai-katems-35-g\\\/#primaryimage\"},\"image\":{\"@id\":\"https:\\\/\\\/miumjau.ee\\\/lt\\\/produktas\\\/beaphar-cat-a-dent-bits-skanestai-katems-35-g\\\/#primaryimage\"},\"thumbnailUrl\":\"https:\\\/\\\/miumjau.ee\\\/wp-content\\\/uploads\\\/2025\\\/07\\\/beaphar-kassidele-koertele39.jpg\",\"datePublished\":\"2025-07-29T11:56:20+00:00\",\"dateModified\":\"2026-01-07T18:44:05+00:00\",\"breadcrumb\":{\"@id\":\"https:\\\/\\\/miumjau.ee\\\/lt\\\/produktas\\\/beaphar-cat-a-dent-bits-skanestai-katems-35-g\\\/#breadcrumb\"},\"inLanguage\":\"lt-LT\",\"potentialAction\":[{\"@type\":\"ReadAction\",\"target\":[\"https:\\\/\\\/miumjau.ee\\\/lt\\\/produktas\\\/beaphar-cat-a-dent-bits-skanestai-katems-35-g\\\/\"]}]},{\"@type\":\"ImageObject\",\"inLanguage\":\"lt-LT\",\"@id\":\"https:\\\/\\\/miumjau.ee\\\/lt\\\/produktas\\\/beaphar-cat-a-dent-bits-skanestai-katems-35-g\\\/#primaryimage\",\"url\":\"https:\\\/\\\/miumjau.ee\\\/wp-content\\\/uploads\\\/2025\\\/07\\\/beaphar-kassidele-koertele39.jpg\",\"contentUrl\":\"https:\\\/\\\/miumjau.ee\\\/wp-content\\\/uploads\\\/2025\\\/07\\\/beaphar-kassidele-koertele39.jpg\",\"width\":600,\"height\":800},{\"@type\":\"BreadcrumbList\",\"@id\":\"https:\\\/\\\/miumjau.ee\\\/lt\\\/produktas\\\/beaphar-cat-a-dent-bits-skanestai-katems-35-g\\\/#breadcrumb\",\"itemListElement\":[{\"@type\":\"ListItem\",\"position\":1,\"name\":\"Home\",\"item\":\"https:\\\/\\\/miumjau.ee\\\/lt\\\/\"},{\"@type\":\"ListItem\",\"position\":2,\"name\":\"Parduotuv\u0117\",\"item\":\"https:\\\/\\\/miumjau.ee\\\/lt\\\/parduotuve\\\/\"},{\"@type\":\"ListItem\",\"position\":3,\"name\":\"Beaphar Cat-A-Dent Bits skan\u0117stai kat\u0117ms 35 g\"}]},{\"@type\":\"WebSite\",\"@id\":\"https:\\\/\\\/miumjau.ee\\\/#website\",\"url\":\"https:\\\/\\\/miumjau.ee\\\/\",\"name\":\"MiuMjau\",\"description\":\"Kraapimispuud kassidele\",\"publisher\":{\"@id\":\"https:\\\/\\\/miumjau.ee\\\/#organization\"},\"potentialAction\":[{\"@type\":\"SearchAction\",\"target\":{\"@type\":\"EntryPoint\",\"urlTemplate\":\"https:\\\/\\\/miumjau.ee\\\/?s={search_term_string}\"},\"query-input\":{\"@type\":\"PropertyValueSpecification\",\"valueRequired\":true,\"valueName\":\"search_term_string\"}}],\"inLanguage\":\"lt-LT\"},{\"@type\":\"Organization\",\"@id\":\"https:\\\/\\\/miumjau.ee\\\/#organization\",\"name\":\"MiuMjau O\u00dc\",\"url\":\"https:\\\/\\\/miumjau.ee\\\/\",\"logo\":{\"@type\":\"ImageObject\",\"inLanguage\":\"lt-LT\",\"@id\":\"https:\\\/\\\/miumjau.ee\\\/#\\\/schema\\\/logo\\\/image\\\/\",\"url\":\"https:\\\/\\\/miumjau.ee\\\/wp-content\\\/uploads\\\/2022\\\/04\\\/MiuMjau-logo-kollane.png\",\"contentUrl\":\"https:\\\/\\\/miumjau.ee\\\/wp-content\\\/uploads\\\/2022\\\/04\\\/MiuMjau-logo-kollane.png\",\"width\":219,\"height\":100,\"caption\":\"MiuMjau O\u00dc\"},\"image\":{\"@id\":\"https:\\\/\\\/miumjau.ee\\\/#\\\/schema\\\/logo\\\/image\\\/\"},\"sameAs\":[\"https:\\\/\\\/www.facebook.com\\\/miumjaupood\\\/\"]}]}<\/script>\n<!-- \/ Yoast SEO plugin. -->","yoast_head_json":{"title":"Beaphar Cat-A-Dent Bits skan\u0117stai kat\u0117ms 35 g - MiuMjau","robots":{"index":"index","follow":"follow","max-snippet":"max-snippet:-1","max-image-preview":"max-image-preview:large","max-video-preview":"max-video-preview:-1"},"canonical":"https:\/\/miumjau.ee\/lt\/produktas\/beaphar-cat-a-dent-bits-skanestai-katems-35-g\/","og_locale":"lt_LT","og_type":"article","og_title":"Beaphar Cat-A-Dent Bits skan\u0117stai kat\u0117ms 35 g - MiuMjau","og_description":"Cat-A-Dent Bits \u2013 tai tra\u0161k\u016bs, pagalv\u0117l\u0117s formos skan\u0117stai kat\u0117ms, sukurti pad\u0117ti palaikyti \u0161varius ir sveikus dantis. Skan\u0117stai stiprina ir poliruoja dant\u0173 emal\u012f, padeda apsaugoti nuo pa\u017eeidim\u0173 ir apna\u0161\u0173. Sud\u0117tyje yra chlorofilo, kuris padeda pa\u0161alinti nemalonius kvapus ir gaivina burnos kvap\u0105. Puikus skonis.     Padeda palaikyti \u0161varius dantis    Stiprina emal\u012f ir saugo nuo apna\u0161\u0173    Gaivina burn\u0105    Puikus skonis   Gamintojas: Beaphar, Nyderlandai. Sud\u0117tis: Gr\u016bdai ir gr\u016bd\u0173 produktai, mineralin\u0117s med\u017eiagos, m\u0117sa (pauk\u0161tiena) ir m\u0117sos produktai. Analitin\u0117 sud\u0117tis: \u017dali baltymai 28,6 %, \u017eali aliejai ir riebalai 6,3 %, \u017ealia l\u0105steliena 2,5 %, \u017eali pelenai 5,4 %, dr\u0117gm\u0117 8,5 %, kalcis 0,24 %, fosforas 0,61 %, natris 0,09 %, kalis 0,56 %, magnis 0,12 %. \u0160\u0117rimo rekomendacijos: 5\u201310 gabal\u0117li\u0173 per dien\u0105. Gyv\u016bnui visada turi b\u016bti prieinamas \u0161vie\u017eias ir \u0161varus geriamasis vanduo.","og_url":"https:\/\/miumjau.ee\/lt\/produktas\/beaphar-cat-a-dent-bits-skanestai-katems-35-g\/","og_site_name":"MiuMjau","article_publisher":"https:\/\/www.facebook.com\/miumjaupood\/","article_modified_time":"2026-01-07T18:44:05+00:00","og_image":[{"width":600,"height":800,"url":"https:\/\/miumjau.ee\/wp-content\/uploads\/2025\/07\/beaphar-kassidele-koertele39.jpg","type":"image\/jpeg"}],"twitter_card":"summary_large_image","schema":{"@context":"https:\/\/schema.org","@graph":[{"@type":"WebPage","@id":"https:\/\/miumjau.ee\/lt\/produktas\/beaphar-cat-a-dent-bits-skanestai-katems-35-g\/","url":"https:\/\/miumjau.ee\/lt\/produktas\/beaphar-cat-a-dent-bits-skanestai-katems-35-g\/","name":"Beaphar Cat-A-Dent Bits skan\u0117stai kat\u0117ms 35 g - MiuMjau","isPartOf":{"@id":"https:\/\/miumjau.ee\/#website"},"primaryImageOfPage":{"@id":"https:\/\/miumjau.ee\/lt\/produktas\/beaphar-cat-a-dent-bits-skanestai-katems-35-g\/#primaryimage"},"image":{"@id":"https:\/\/miumjau.ee\/lt\/produktas\/beaphar-cat-a-dent-bits-skanestai-katems-35-g\/#primaryimage"},"thumbnailUrl":"https:\/\/miumjau.ee\/wp-content\/uploads\/2025\/07\/beaphar-kassidele-koertele39.jpg","datePublished":"2025-07-29T11:56:20+00:00","dateModified":"2026-01-07T18:44:05+00:00","breadcrumb":{"@id":"https:\/\/miumjau.ee\/lt\/produktas\/beaphar-cat-a-dent-bits-skanestai-katems-35-g\/#breadcrumb"},"inLanguage":"lt-LT","potentialAction":[{"@type":"ReadAction","target":["https:\/\/miumjau.ee\/lt\/produktas\/beaphar-cat-a-dent-bits-skanestai-katems-35-g\/"]}]},{"@type":"ImageObject","inLanguage":"lt-LT","@id":"https:\/\/miumjau.ee\/lt\/produktas\/beaphar-cat-a-dent-bits-skanestai-katems-35-g\/#primaryimage","url":"https:\/\/miumjau.ee\/wp-content\/uploads\/2025\/07\/beaphar-kassidele-koertele39.jpg","contentUrl":"https:\/\/miumjau.ee\/wp-content\/uploads\/2025\/07\/beaphar-kassidele-koertele39.jpg","width":600,"height":800},{"@type":"BreadcrumbList","@id":"https:\/\/miumjau.ee\/lt\/produktas\/beaphar-cat-a-dent-bits-skanestai-katems-35-g\/#breadcrumb","itemListElement":[{"@type":"ListItem","position":1,"name":"Home","item":"https:\/\/miumjau.ee\/lt\/"},{"@type":"ListItem","position":2,"name":"Parduotuv\u0117","item":"https:\/\/miumjau.ee\/lt\/parduotuve\/"},{"@type":"ListItem","position":3,"name":"Beaphar Cat-A-Dent Bits skan\u0117stai kat\u0117ms 35 g"}]},{"@type":"WebSite","@id":"https:\/\/miumjau.ee\/#website","url":"https:\/\/miumjau.ee\/","name":"MiuMjau","description":"Kraapimispuud kassidele","publisher":{"@id":"https:\/\/miumjau.ee\/#organization"},"potentialAction":[{"@type":"SearchAction","target":{"@type":"EntryPoint","urlTemplate":"https:\/\/miumjau.ee\/?s={search_term_string}"},"query-input":{"@type":"PropertyValueSpecification","valueRequired":true,"valueName":"search_term_string"}}],"inLanguage":"lt-LT"},{"@type":"Organization","@id":"https:\/\/miumjau.ee\/#organization","name":"MiuMjau O\u00dc","url":"https:\/\/miumjau.ee\/","logo":{"@type":"ImageObject","inLanguage":"lt-LT","@id":"https:\/\/miumjau.ee\/#\/schema\/logo\/image\/","url":"https:\/\/miumjau.ee\/wp-content\/uploads\/2022\/04\/MiuMjau-logo-kollane.png","contentUrl":"https:\/\/miumjau.ee\/wp-content\/uploads\/2022\/04\/MiuMjau-logo-kollane.png","width":219,"height":100,"caption":"MiuMjau O\u00dc"},"image":{"@id":"https:\/\/miumjau.ee\/#\/schema\/logo\/image\/"},"sameAs":["https:\/\/www.facebook.com\/miumjaupood\/"]}]}},"_links":{"self":[{"href":"https:\/\/miumjau.ee\/lt\/wp-json\/wp\/v2\/product\/49072","targetHints":{"allow":["GET"]}}],"collection":[{"href":"https:\/\/miumjau.ee\/lt\/wp-json\/wp\/v2\/product"}],"about":[{"href":"https:\/\/miumjau.ee\/lt\/wp-json\/wp\/v2\/types\/product"}],"wp:featuredmedia":[{"embeddable":true,"href":"https:\/\/miumjau.ee\/lt\/wp-json\/wp\/v2\/media\/49073"}],"wp:attachment":[{"href":"https:\/\/miumjau.ee\/lt\/wp-json\/wp\/v2\/media?parent=49072"}],"wp:term":[{"taxonomy":"product_brand","embeddable":true,"href":"https:\/\/miumjau.ee\/lt\/wp-json\/wp\/v2\/product_brand?post=49072"},{"taxonomy":"product_cat","embeddable":true,"href":"https:\/\/miumjau.ee\/lt\/wp-json\/wp\/v2\/product_cat?post=49072"},{"taxonomy":"product_tag","embeddable":true,"href":"https:\/\/miumjau.ee\/lt\/wp-json\/wp\/v2\/product_tag?post=49072"}],"curies":[{"name":"wp","href":"https:\/\/api.w.org\/{rel}","templated":true}]}}