{"id":49066,"date":"2025-07-29T14:17:11","date_gmt":"2025-07-29T11:17:11","guid":{"rendered":"https:\/\/miumjau.ee\/toode\/beaphar-catnip-bits-skanestai-35-g-75-vnt\/"},"modified":"2026-01-07T20:44:05","modified_gmt":"2026-01-07T18:44:05","slug":"beaphar-catnip-bits-skanestai-35-g-75-vnt","status":"publish","type":"product","link":"https:\/\/miumjau.ee\/lt\/produktas\/beaphar-catnip-bits-skanestai-35-g-75-vnt\/","title":{"rendered":"Beaphar Catnip Bits skan\u0117stai 35 g, 75 vnt."},"content":{"rendered":"","protected":false},"excerpt":{"rendered":"<p data-start=\"2485\" data-end=\"2804\">Skanus ir sveikas skan\u0117stas kat\u0117ms. Kiekvienas gabal\u0117lis yra pripildytas gard\u017eios kat\u017eol\u0117s pastos, suteikian\u010dios j\u016bs\u0173 katei jaudinant\u012f ir neatsispiriam\u0105 skonio potyr\u012f. Tinka vis\u0173 veisli\u0173 kat\u0117ms. Tra\u0161k\u016bs skan\u0117st\u0173 pagalv\u0117l\u0117s sud\u0117tyje turi svarbi\u0173 vitamin\u0173 ir mineralini\u0173 med\u017eiag\u0173, padedan\u010di\u0173 palaikyti puiki\u0105 kat\u0117s form\u0105.<\/p>\n<p data-start=\"2806\" data-end=\"3215\"><strong data-start=\"2806\" data-end=\"2818\">Sud\u0117tis:<\/strong> Gr\u016bdai, pienas ir pieno produktai, aliejai ir riebalai, mineralin\u0117s med\u017eiagos, miel\u0117s, augalin\u0117s kilm\u0117s dariniai, \u017euvis ir \u017euv\u0173 produktai, m\u0117sa ir gyv\u016bnin\u0117s kilm\u0117s dariniai.<br data-start=\"2992\" data-end=\"2995\" \/><strong data-start=\"2995\" data-end=\"3007\">Priedai:<\/strong> Vit. A 4600 TV, Vit. B1 4,1 mg.<br data-start=\"3039\" data-end=\"3042\" \/><strong data-start=\"3042\" data-end=\"3064\">Analitin\u0117 sud\u0117tis:<\/strong> \u017dali baltymai 30 %, \u017eali riebalai 8,9 %, \u017ealia l\u0105steliena 1,6 %, \u017eali pelenai 2,7 %, dr\u0117gm\u0117 8,7 %, Ca 0,2 %, P 0,5 %, Na 0,18 %, Mg 0,024 %, K 0,17 %.<\/p>\n","protected":false},"featured_media":49067,"template":"","meta":[],"product_brand":[],"product_cat":[527,879],"product_tag":[],"class_list":{"0":"post-49066","1":"product","2":"type-product","3":"status-publish","4":"has-post-thumbnail","6":"product_cat-skanestai","7":"product_cat-vitaminai-ir-papildai-katems","9":"first","10":"instock","11":"taxable","12":"shipping-taxable","13":"purchasable","14":"product-type-simple"},"yoast_head":"<!-- This site is optimized with the Yoast SEO plugin v27.4 - https:\/\/yoast.com\/product\/yoast-seo-wordpress\/ -->\n<title>Beaphar Catnip Bits skan\u0117stai 35 g, 75 vnt. - MiuMjau<\/title>\n<meta name=\"robots\" content=\"index, follow, max-snippet:-1, max-image-preview:large, max-video-preview:-1\" \/>\n<link rel=\"canonical\" href=\"https:\/\/miumjau.ee\/lt\/produktas\/beaphar-catnip-bits-skanestai-35-g-75-vnt\/\" \/>\n<meta property=\"og:locale\" content=\"lt_LT\" \/>\n<meta property=\"og:type\" content=\"article\" \/>\n<meta property=\"og:title\" content=\"Beaphar Catnip Bits skan\u0117stai 35 g, 75 vnt. - MiuMjau\" \/>\n<meta property=\"og:description\" content=\"Skanus ir sveikas skan\u0117stas kat\u0117ms. Kiekvienas gabal\u0117lis yra pripildytas gard\u017eios kat\u017eol\u0117s pastos, suteikian\u010dios j\u016bs\u0173 katei jaudinant\u012f ir neatsispiriam\u0105 skonio potyr\u012f. Tinka vis\u0173 veisli\u0173 kat\u0117ms. Tra\u0161k\u016bs skan\u0117st\u0173 pagalv\u0117l\u0117s sud\u0117tyje turi svarbi\u0173 vitamin\u0173 ir mineralini\u0173 med\u017eiag\u0173, padedan\u010di\u0173 palaikyti puiki\u0105 kat\u0117s form\u0105. Sud\u0117tis: Gr\u016bdai, pienas ir pieno produktai, aliejai ir riebalai, mineralin\u0117s med\u017eiagos, miel\u0117s, augalin\u0117s kilm\u0117s dariniai, \u017euvis ir \u017euv\u0173 produktai, m\u0117sa ir gyv\u016bnin\u0117s kilm\u0117s dariniai.Priedai: Vit. A 4600 TV, Vit. B1 4,1 mg.Analitin\u0117 sud\u0117tis: \u017dali baltymai 30 %, \u017eali riebalai 8,9 %, \u017ealia l\u0105steliena 1,6 %, \u017eali pelenai 2,7 %, dr\u0117gm\u0117 8,7 %, Ca 0,2 %, P 0,5 %, Na 0,18 %, Mg 0,024 %, K 0,17 %.\" \/>\n<meta property=\"og:url\" content=\"https:\/\/miumjau.ee\/lt\/produktas\/beaphar-catnip-bits-skanestai-35-g-75-vnt\/\" \/>\n<meta property=\"og:site_name\" content=\"MiuMjau\" \/>\n<meta property=\"article:publisher\" content=\"https:\/\/www.facebook.com\/miumjaupood\/\" \/>\n<meta property=\"article:modified_time\" content=\"2026-01-07T18:44:05+00:00\" \/>\n<meta property=\"og:image\" content=\"https:\/\/miumjau.ee\/wp-content\/uploads\/2025\/07\/beaphar-kassidele-koertele28.jpg\" \/>\n\t<meta property=\"og:image:width\" content=\"600\" \/>\n\t<meta property=\"og:image:height\" content=\"800\" \/>\n\t<meta property=\"og:image:type\" content=\"image\/jpeg\" \/>\n<meta name=\"twitter:card\" content=\"summary_large_image\" \/>\n<script type=\"application\/ld+json\" class=\"yoast-schema-graph\">{\"@context\":\"https:\\\/\\\/schema.org\",\"@graph\":[{\"@type\":\"WebPage\",\"@id\":\"https:\\\/\\\/miumjau.ee\\\/lt\\\/produktas\\\/beaphar-catnip-bits-skanestai-35-g-75-vnt\\\/\",\"url\":\"https:\\\/\\\/miumjau.ee\\\/lt\\\/produktas\\\/beaphar-catnip-bits-skanestai-35-g-75-vnt\\\/\",\"name\":\"Beaphar Catnip Bits skan\u0117stai 35 g, 75 vnt. - MiuMjau\",\"isPartOf\":{\"@id\":\"https:\\\/\\\/miumjau.ee\\\/#website\"},\"primaryImageOfPage\":{\"@id\":\"https:\\\/\\\/miumjau.ee\\\/lt\\\/produktas\\\/beaphar-catnip-bits-skanestai-35-g-75-vnt\\\/#primaryimage\"},\"image\":{\"@id\":\"https:\\\/\\\/miumjau.ee\\\/lt\\\/produktas\\\/beaphar-catnip-bits-skanestai-35-g-75-vnt\\\/#primaryimage\"},\"thumbnailUrl\":\"https:\\\/\\\/miumjau.ee\\\/wp-content\\\/uploads\\\/2025\\\/07\\\/beaphar-kassidele-koertele28.jpg\",\"datePublished\":\"2025-07-29T11:17:11+00:00\",\"dateModified\":\"2026-01-07T18:44:05+00:00\",\"breadcrumb\":{\"@id\":\"https:\\\/\\\/miumjau.ee\\\/lt\\\/produktas\\\/beaphar-catnip-bits-skanestai-35-g-75-vnt\\\/#breadcrumb\"},\"inLanguage\":\"lt-LT\",\"potentialAction\":[{\"@type\":\"ReadAction\",\"target\":[\"https:\\\/\\\/miumjau.ee\\\/lt\\\/produktas\\\/beaphar-catnip-bits-skanestai-35-g-75-vnt\\\/\"]}]},{\"@type\":\"ImageObject\",\"inLanguage\":\"lt-LT\",\"@id\":\"https:\\\/\\\/miumjau.ee\\\/lt\\\/produktas\\\/beaphar-catnip-bits-skanestai-35-g-75-vnt\\\/#primaryimage\",\"url\":\"https:\\\/\\\/miumjau.ee\\\/wp-content\\\/uploads\\\/2025\\\/07\\\/beaphar-kassidele-koertele28.jpg\",\"contentUrl\":\"https:\\\/\\\/miumjau.ee\\\/wp-content\\\/uploads\\\/2025\\\/07\\\/beaphar-kassidele-koertele28.jpg\",\"width\":600,\"height\":800},{\"@type\":\"BreadcrumbList\",\"@id\":\"https:\\\/\\\/miumjau.ee\\\/lt\\\/produktas\\\/beaphar-catnip-bits-skanestai-35-g-75-vnt\\\/#breadcrumb\",\"itemListElement\":[{\"@type\":\"ListItem\",\"position\":1,\"name\":\"Home\",\"item\":\"https:\\\/\\\/miumjau.ee\\\/lt\\\/\"},{\"@type\":\"ListItem\",\"position\":2,\"name\":\"Parduotuv\u0117\",\"item\":\"https:\\\/\\\/miumjau.ee\\\/lt\\\/parduotuve\\\/\"},{\"@type\":\"ListItem\",\"position\":3,\"name\":\"Beaphar Catnip Bits skan\u0117stai 35 g, 75 vnt.\"}]},{\"@type\":\"WebSite\",\"@id\":\"https:\\\/\\\/miumjau.ee\\\/#website\",\"url\":\"https:\\\/\\\/miumjau.ee\\\/\",\"name\":\"MiuMjau\",\"description\":\"Kraapimispuud kassidele\",\"publisher\":{\"@id\":\"https:\\\/\\\/miumjau.ee\\\/#organization\"},\"potentialAction\":[{\"@type\":\"SearchAction\",\"target\":{\"@type\":\"EntryPoint\",\"urlTemplate\":\"https:\\\/\\\/miumjau.ee\\\/?s={search_term_string}\"},\"query-input\":{\"@type\":\"PropertyValueSpecification\",\"valueRequired\":true,\"valueName\":\"search_term_string\"}}],\"inLanguage\":\"lt-LT\"},{\"@type\":\"Organization\",\"@id\":\"https:\\\/\\\/miumjau.ee\\\/#organization\",\"name\":\"MiuMjau O\u00dc\",\"url\":\"https:\\\/\\\/miumjau.ee\\\/\",\"logo\":{\"@type\":\"ImageObject\",\"inLanguage\":\"lt-LT\",\"@id\":\"https:\\\/\\\/miumjau.ee\\\/#\\\/schema\\\/logo\\\/image\\\/\",\"url\":\"https:\\\/\\\/miumjau.ee\\\/wp-content\\\/uploads\\\/2022\\\/04\\\/MiuMjau-logo-kollane.png\",\"contentUrl\":\"https:\\\/\\\/miumjau.ee\\\/wp-content\\\/uploads\\\/2022\\\/04\\\/MiuMjau-logo-kollane.png\",\"width\":219,\"height\":100,\"caption\":\"MiuMjau O\u00dc\"},\"image\":{\"@id\":\"https:\\\/\\\/miumjau.ee\\\/#\\\/schema\\\/logo\\\/image\\\/\"},\"sameAs\":[\"https:\\\/\\\/www.facebook.com\\\/miumjaupood\\\/\"]}]}<\/script>\n<!-- \/ Yoast SEO plugin. -->","yoast_head_json":{"title":"Beaphar Catnip Bits skan\u0117stai 35 g, 75 vnt. - MiuMjau","robots":{"index":"index","follow":"follow","max-snippet":"max-snippet:-1","max-image-preview":"max-image-preview:large","max-video-preview":"max-video-preview:-1"},"canonical":"https:\/\/miumjau.ee\/lt\/produktas\/beaphar-catnip-bits-skanestai-35-g-75-vnt\/","og_locale":"lt_LT","og_type":"article","og_title":"Beaphar Catnip Bits skan\u0117stai 35 g, 75 vnt. - MiuMjau","og_description":"Skanus ir sveikas skan\u0117stas kat\u0117ms. Kiekvienas gabal\u0117lis yra pripildytas gard\u017eios kat\u017eol\u0117s pastos, suteikian\u010dios j\u016bs\u0173 katei jaudinant\u012f ir neatsispiriam\u0105 skonio potyr\u012f. Tinka vis\u0173 veisli\u0173 kat\u0117ms. Tra\u0161k\u016bs skan\u0117st\u0173 pagalv\u0117l\u0117s sud\u0117tyje turi svarbi\u0173 vitamin\u0173 ir mineralini\u0173 med\u017eiag\u0173, padedan\u010di\u0173 palaikyti puiki\u0105 kat\u0117s form\u0105. Sud\u0117tis: Gr\u016bdai, pienas ir pieno produktai, aliejai ir riebalai, mineralin\u0117s med\u017eiagos, miel\u0117s, augalin\u0117s kilm\u0117s dariniai, \u017euvis ir \u017euv\u0173 produktai, m\u0117sa ir gyv\u016bnin\u0117s kilm\u0117s dariniai.Priedai: Vit. A 4600 TV, Vit. B1 4,1 mg.Analitin\u0117 sud\u0117tis: \u017dali baltymai 30 %, \u017eali riebalai 8,9 %, \u017ealia l\u0105steliena 1,6 %, \u017eali pelenai 2,7 %, dr\u0117gm\u0117 8,7 %, Ca 0,2 %, P 0,5 %, Na 0,18 %, Mg 0,024 %, K 0,17 %.","og_url":"https:\/\/miumjau.ee\/lt\/produktas\/beaphar-catnip-bits-skanestai-35-g-75-vnt\/","og_site_name":"MiuMjau","article_publisher":"https:\/\/www.facebook.com\/miumjaupood\/","article_modified_time":"2026-01-07T18:44:05+00:00","og_image":[{"width":600,"height":800,"url":"https:\/\/miumjau.ee\/wp-content\/uploads\/2025\/07\/beaphar-kassidele-koertele28.jpg","type":"image\/jpeg"}],"twitter_card":"summary_large_image","schema":{"@context":"https:\/\/schema.org","@graph":[{"@type":"WebPage","@id":"https:\/\/miumjau.ee\/lt\/produktas\/beaphar-catnip-bits-skanestai-35-g-75-vnt\/","url":"https:\/\/miumjau.ee\/lt\/produktas\/beaphar-catnip-bits-skanestai-35-g-75-vnt\/","name":"Beaphar Catnip Bits skan\u0117stai 35 g, 75 vnt. - MiuMjau","isPartOf":{"@id":"https:\/\/miumjau.ee\/#website"},"primaryImageOfPage":{"@id":"https:\/\/miumjau.ee\/lt\/produktas\/beaphar-catnip-bits-skanestai-35-g-75-vnt\/#primaryimage"},"image":{"@id":"https:\/\/miumjau.ee\/lt\/produktas\/beaphar-catnip-bits-skanestai-35-g-75-vnt\/#primaryimage"},"thumbnailUrl":"https:\/\/miumjau.ee\/wp-content\/uploads\/2025\/07\/beaphar-kassidele-koertele28.jpg","datePublished":"2025-07-29T11:17:11+00:00","dateModified":"2026-01-07T18:44:05+00:00","breadcrumb":{"@id":"https:\/\/miumjau.ee\/lt\/produktas\/beaphar-catnip-bits-skanestai-35-g-75-vnt\/#breadcrumb"},"inLanguage":"lt-LT","potentialAction":[{"@type":"ReadAction","target":["https:\/\/miumjau.ee\/lt\/produktas\/beaphar-catnip-bits-skanestai-35-g-75-vnt\/"]}]},{"@type":"ImageObject","inLanguage":"lt-LT","@id":"https:\/\/miumjau.ee\/lt\/produktas\/beaphar-catnip-bits-skanestai-35-g-75-vnt\/#primaryimage","url":"https:\/\/miumjau.ee\/wp-content\/uploads\/2025\/07\/beaphar-kassidele-koertele28.jpg","contentUrl":"https:\/\/miumjau.ee\/wp-content\/uploads\/2025\/07\/beaphar-kassidele-koertele28.jpg","width":600,"height":800},{"@type":"BreadcrumbList","@id":"https:\/\/miumjau.ee\/lt\/produktas\/beaphar-catnip-bits-skanestai-35-g-75-vnt\/#breadcrumb","itemListElement":[{"@type":"ListItem","position":1,"name":"Home","item":"https:\/\/miumjau.ee\/lt\/"},{"@type":"ListItem","position":2,"name":"Parduotuv\u0117","item":"https:\/\/miumjau.ee\/lt\/parduotuve\/"},{"@type":"ListItem","position":3,"name":"Beaphar Catnip Bits skan\u0117stai 35 g, 75 vnt."}]},{"@type":"WebSite","@id":"https:\/\/miumjau.ee\/#website","url":"https:\/\/miumjau.ee\/","name":"MiuMjau","description":"Kraapimispuud kassidele","publisher":{"@id":"https:\/\/miumjau.ee\/#organization"},"potentialAction":[{"@type":"SearchAction","target":{"@type":"EntryPoint","urlTemplate":"https:\/\/miumjau.ee\/?s={search_term_string}"},"query-input":{"@type":"PropertyValueSpecification","valueRequired":true,"valueName":"search_term_string"}}],"inLanguage":"lt-LT"},{"@type":"Organization","@id":"https:\/\/miumjau.ee\/#organization","name":"MiuMjau O\u00dc","url":"https:\/\/miumjau.ee\/","logo":{"@type":"ImageObject","inLanguage":"lt-LT","@id":"https:\/\/miumjau.ee\/#\/schema\/logo\/image\/","url":"https:\/\/miumjau.ee\/wp-content\/uploads\/2022\/04\/MiuMjau-logo-kollane.png","contentUrl":"https:\/\/miumjau.ee\/wp-content\/uploads\/2022\/04\/MiuMjau-logo-kollane.png","width":219,"height":100,"caption":"MiuMjau O\u00dc"},"image":{"@id":"https:\/\/miumjau.ee\/#\/schema\/logo\/image\/"},"sameAs":["https:\/\/www.facebook.com\/miumjaupood\/"]}]}},"_links":{"self":[{"href":"https:\/\/miumjau.ee\/lt\/wp-json\/wp\/v2\/product\/49066","targetHints":{"allow":["GET"]}}],"collection":[{"href":"https:\/\/miumjau.ee\/lt\/wp-json\/wp\/v2\/product"}],"about":[{"href":"https:\/\/miumjau.ee\/lt\/wp-json\/wp\/v2\/types\/product"}],"wp:featuredmedia":[{"embeddable":true,"href":"https:\/\/miumjau.ee\/lt\/wp-json\/wp\/v2\/media\/49067"}],"wp:attachment":[{"href":"https:\/\/miumjau.ee\/lt\/wp-json\/wp\/v2\/media?parent=49066"}],"wp:term":[{"taxonomy":"product_brand","embeddable":true,"href":"https:\/\/miumjau.ee\/lt\/wp-json\/wp\/v2\/product_brand?post=49066"},{"taxonomy":"product_cat","embeddable":true,"href":"https:\/\/miumjau.ee\/lt\/wp-json\/wp\/v2\/product_cat?post=49066"},{"taxonomy":"product_tag","embeddable":true,"href":"https:\/\/miumjau.ee\/lt\/wp-json\/wp\/v2\/product_tag?post=49066"}],"curies":[{"name":"wp","href":"https:\/\/api.w.org\/{rel}","templated":true}]}}