{"id":49034,"date":"2025-03-04T12:50:53","date_gmt":"2025-03-04T10:50:53","guid":{"rendered":"https:\/\/miumjau.ee\/toode\/suns-teniso-kamuoliukai-dog-comets-m-3-vnt-oranziniai\/"},"modified":"2026-01-07T20:44:12","modified_gmt":"2026-01-07T18:44:12","slug":"suns-teniso-kamuoliukai-dog-comets-m-3-vnt-oranziniai","status":"publish","type":"product","link":"https:\/\/miumjau.ee\/lt\/produktas\/suns-teniso-kamuoliukai-dog-comets-m-3-vnt-oranziniai\/","title":{"rendered":"\u0160uns teniso kamuoliukai Dog Comets M \u2013 3 vnt., oran\u017einiai"},"content":{"rendered":"","protected":false},"excerpt":{"rendered":"<p data-start=\"3163\" data-end=\"3252\"><strong data-start=\"3163\" data-end=\"3252\">Dog Comets Neutron Star \u2013 itin tvirtas ir auk\u0161tai \u0161okin\u0117jantis teniso kamuoliukas! \ud83d\ude80<\/strong><\/p>\n<p data-start=\"3254\" data-end=\"3472\">Tai ne tik \u012fprastas teniso kamuoliukas! Dog Comets Neutron Star sukurtas specialiai \u0161unims, m\u0117gstantiems k\u0105sti \u017eaislus. D\u0117l papildomai storos gumin\u0117s \u0161erdies kamuoliukas beveik nesunaikinamas ir \u0161okin\u0117ja labai auk\u0161tai!<\/p>\n<p data-start=\"3474\" data-end=\"3892\">\ud83c\udfbe <strong data-start=\"3477\" data-end=\"3513\">Kod\u0117l \u0161is kamuoliukas ypatingas:<\/strong><br data-start=\"3513\" data-end=\"3516\" \/>\u2714 \u010cirpukas \u2013 papildomas \u017eaidimo d\u017eiaugsmas su \u010diulb\u0117jimu!<br data-start=\"3573\" data-end=\"3576\" \/>\u2714 70 % perdirbtos nat\u016bralios gumos \u2013 tvirtas ir draugi\u0161kas aplinkai<br data-start=\"3643\" data-end=\"3646\" \/>\u2714 Tvirta gumin\u0117 \u0161erdis \u2013 labai atspari nusid\u0117v\u0117jimui<br data-start=\"3698\" data-end=\"3701\" \/>\u2714 Saugus \u0161uns dantims \u2013 mink\u0161tas vilnos dangtelis nebrai\u017eo ir nekenkia<br data-start=\"3771\" data-end=\"3774\" \/>\u2714 Apsaugotas \u010diulpukas \u2013 u\u017edarytas dizainas saugo nuo vandens ir purvo<br data-start=\"3844\" data-end=\"3847\" \/>\u2714 Super \u0161uolis \u2013 puikus metimui ir gaudymui<\/p>\n<p data-start=\"3894\" data-end=\"3961\">\ud83d\udef8 <strong data-start=\"3897\" data-end=\"3909\">Dyd\u017eiai:<\/strong><br data-start=\"3909\" data-end=\"3912\" \/>\ud83d\udd39 S \u2013 \u00d8 5 cm<br data-start=\"3925\" data-end=\"3928\" \/>\ud83d\udd39 M \u2013 \u00d8 6 cm<br data-start=\"3941\" data-end=\"3944\" \/>\ud83d\udd39 L \u2013 \u00d8 7,5 cm<\/p>\n<p data-start=\"3963\" data-end=\"4098\" data-is-last-node=\"\" data-is-only-node=\"\">Padarykite \u017eaidim\u0105 dar smagesn\u012f su Dog Comets Neutron Star kamuoliukais \u2013 tvirti, auk\u0161tai \u0161okin\u0117jantys ir atspar\u016bs \u017eaidim\u0173 draugai! \ud83d\udc36\u2728<\/p>\n","protected":false},"featured_media":49031,"template":"","meta":[],"product_brand":[],"product_cat":[541],"product_tag":[],"class_list":{"0":"post-49034","1":"product","2":"type-product","3":"status-publish","4":"has-post-thumbnail","6":"product_cat-zaislai-sunims","8":"first","9":"outofstock","10":"taxable","11":"shipping-taxable","12":"purchasable","13":"product-type-simple"},"yoast_head":"<!-- This site is optimized with the Yoast SEO plugin v27.2 - https:\/\/yoast.com\/product\/yoast-seo-wordpress\/ -->\n<title>\u0160uns teniso kamuoliukai Dog Comets M \u2013 3 vnt., oran\u017einiai - MiuMjau<\/title>\n<meta name=\"robots\" content=\"index, follow, max-snippet:-1, max-image-preview:large, max-video-preview:-1\" \/>\n<link rel=\"canonical\" href=\"https:\/\/miumjau.ee\/lt\/produktas\/suns-teniso-kamuoliukai-dog-comets-m-3-vnt-oranziniai\/\" \/>\n<meta property=\"og:locale\" content=\"lt_LT\" \/>\n<meta property=\"og:type\" content=\"article\" \/>\n<meta property=\"og:title\" content=\"\u0160uns teniso kamuoliukai Dog Comets M \u2013 3 vnt., oran\u017einiai - MiuMjau\" \/>\n<meta property=\"og:description\" content=\"Dog Comets Neutron Star \u2013 itin tvirtas ir auk\u0161tai \u0161okin\u0117jantis teniso kamuoliukas! \ud83d\ude80 Tai ne tik \u012fprastas teniso kamuoliukas! Dog Comets Neutron Star sukurtas specialiai \u0161unims, m\u0117gstantiems k\u0105sti \u017eaislus. D\u0117l papildomai storos gumin\u0117s \u0161erdies kamuoliukas beveik nesunaikinamas ir \u0161okin\u0117ja labai auk\u0161tai! \ud83c\udfbe Kod\u0117l \u0161is kamuoliukas ypatingas:\u2714 \u010cirpukas \u2013 papildomas \u017eaidimo d\u017eiaugsmas su \u010diulb\u0117jimu!\u2714 70 % perdirbtos nat\u016bralios gumos \u2013 tvirtas ir draugi\u0161kas aplinkai\u2714 Tvirta gumin\u0117 \u0161erdis \u2013 labai atspari nusid\u0117v\u0117jimui\u2714 Saugus \u0161uns dantims \u2013 mink\u0161tas vilnos dangtelis nebrai\u017eo ir nekenkia\u2714 Apsaugotas \u010diulpukas \u2013 u\u017edarytas dizainas saugo nuo vandens ir purvo\u2714 Super \u0161uolis \u2013 puikus metimui ir gaudymui \ud83d\udef8 Dyd\u017eiai:\ud83d\udd39 S \u2013 \u00d8 5 cm\ud83d\udd39 M \u2013 \u00d8 6 cm\ud83d\udd39 L \u2013 \u00d8 7,5 cm Padarykite \u017eaidim\u0105 dar smagesn\u012f su Dog Comets Neutron Star kamuoliukais \u2013 tvirti, auk\u0161tai \u0161okin\u0117jantys ir atspar\u016bs \u017eaidim\u0173 draugai! \ud83d\udc36\u2728\" \/>\n<meta property=\"og:url\" content=\"https:\/\/miumjau.ee\/lt\/produktas\/suns-teniso-kamuoliukai-dog-comets-m-3-vnt-oranziniai\/\" \/>\n<meta property=\"og:site_name\" content=\"MiuMjau\" \/>\n<meta property=\"article:publisher\" content=\"https:\/\/www.facebook.com\/miumjaupood\/\" \/>\n<meta property=\"article:modified_time\" content=\"2026-01-07T18:44:12+00:00\" \/>\n<meta property=\"og:image\" content=\"https:\/\/miumjau.ee\/wp-content\/uploads\/2025\/03\/manguasi-koerale-dog-comet-tennisepallid5.jpg\" \/>\n\t<meta property=\"og:image:width\" content=\"600\" \/>\n\t<meta property=\"og:image:height\" content=\"800\" \/>\n\t<meta property=\"og:image:type\" content=\"image\/jpeg\" \/>\n<meta name=\"twitter:card\" content=\"summary_large_image\" \/>\n<script type=\"application\/ld+json\" class=\"yoast-schema-graph\">{\"@context\":\"https:\/\/schema.org\",\"@graph\":[{\"@type\":\"WebPage\",\"@id\":\"https:\/\/miumjau.ee\/lt\/produktas\/suns-teniso-kamuoliukai-dog-comets-m-3-vnt-oranziniai\/\",\"url\":\"https:\/\/miumjau.ee\/lt\/produktas\/suns-teniso-kamuoliukai-dog-comets-m-3-vnt-oranziniai\/\",\"name\":\"\u0160uns teniso kamuoliukai Dog Comets M \u2013 3 vnt., oran\u017einiai - MiuMjau\",\"isPartOf\":{\"@id\":\"https:\/\/miumjau.ee\/#website\"},\"primaryImageOfPage\":{\"@id\":\"https:\/\/miumjau.ee\/lt\/produktas\/suns-teniso-kamuoliukai-dog-comets-m-3-vnt-oranziniai\/#primaryimage\"},\"image\":{\"@id\":\"https:\/\/miumjau.ee\/lt\/produktas\/suns-teniso-kamuoliukai-dog-comets-m-3-vnt-oranziniai\/#primaryimage\"},\"thumbnailUrl\":\"https:\/\/miumjau.ee\/wp-content\/uploads\/2025\/03\/manguasi-koerale-dog-comet-tennisepallid5.jpg\",\"datePublished\":\"2025-03-04T10:50:53+00:00\",\"dateModified\":\"2026-01-07T18:44:12+00:00\",\"breadcrumb\":{\"@id\":\"https:\/\/miumjau.ee\/lt\/produktas\/suns-teniso-kamuoliukai-dog-comets-m-3-vnt-oranziniai\/#breadcrumb\"},\"inLanguage\":\"lt-LT\",\"potentialAction\":[{\"@type\":\"ReadAction\",\"target\":[\"https:\/\/miumjau.ee\/lt\/produktas\/suns-teniso-kamuoliukai-dog-comets-m-3-vnt-oranziniai\/\"]}]},{\"@type\":\"ImageObject\",\"inLanguage\":\"lt-LT\",\"@id\":\"https:\/\/miumjau.ee\/lt\/produktas\/suns-teniso-kamuoliukai-dog-comets-m-3-vnt-oranziniai\/#primaryimage\",\"url\":\"https:\/\/miumjau.ee\/wp-content\/uploads\/2025\/03\/manguasi-koerale-dog-comet-tennisepallid5.jpg\",\"contentUrl\":\"https:\/\/miumjau.ee\/wp-content\/uploads\/2025\/03\/manguasi-koerale-dog-comet-tennisepallid5.jpg\",\"width\":600,\"height\":800},{\"@type\":\"BreadcrumbList\",\"@id\":\"https:\/\/miumjau.ee\/lt\/produktas\/suns-teniso-kamuoliukai-dog-comets-m-3-vnt-oranziniai\/#breadcrumb\",\"itemListElement\":[{\"@type\":\"ListItem\",\"position\":1,\"name\":\"Home\",\"item\":\"https:\/\/miumjau.ee\/lt\/\"},{\"@type\":\"ListItem\",\"position\":2,\"name\":\"Parduotuv\u0117\",\"item\":\"https:\/\/miumjau.ee\/lt\/parduotuve\/\"},{\"@type\":\"ListItem\",\"position\":3,\"name\":\"\u0160uns teniso kamuoliukai Dog Comets M \u2013 3 vnt., oran\u017einiai\"}]},{\"@type\":\"WebSite\",\"@id\":\"https:\/\/miumjau.ee\/#website\",\"url\":\"https:\/\/miumjau.ee\/\",\"name\":\"MiuMjau\",\"description\":\"Kraapimispuud kassidele\",\"publisher\":{\"@id\":\"https:\/\/miumjau.ee\/#organization\"},\"potentialAction\":[{\"@type\":\"SearchAction\",\"target\":{\"@type\":\"EntryPoint\",\"urlTemplate\":\"https:\/\/miumjau.ee\/?s={search_term_string}\"},\"query-input\":{\"@type\":\"PropertyValueSpecification\",\"valueRequired\":true,\"valueName\":\"search_term_string\"}}],\"inLanguage\":\"lt-LT\"},{\"@type\":\"Organization\",\"@id\":\"https:\/\/miumjau.ee\/#organization\",\"name\":\"MiuMjau O\u00dc\",\"url\":\"https:\/\/miumjau.ee\/\",\"logo\":{\"@type\":\"ImageObject\",\"inLanguage\":\"lt-LT\",\"@id\":\"https:\/\/miumjau.ee\/#\/schema\/logo\/image\/\",\"url\":\"https:\/\/miumjau.ee\/wp-content\/uploads\/2022\/04\/MiuMjau-logo-kollane.png\",\"contentUrl\":\"https:\/\/miumjau.ee\/wp-content\/uploads\/2022\/04\/MiuMjau-logo-kollane.png\",\"width\":219,\"height\":100,\"caption\":\"MiuMjau O\u00dc\"},\"image\":{\"@id\":\"https:\/\/miumjau.ee\/#\/schema\/logo\/image\/\"},\"sameAs\":[\"https:\/\/www.facebook.com\/miumjaupood\/\"]}]}<\/script>\n<!-- \/ Yoast SEO plugin. -->","yoast_head_json":{"title":"\u0160uns teniso kamuoliukai Dog Comets M \u2013 3 vnt., oran\u017einiai - MiuMjau","robots":{"index":"index","follow":"follow","max-snippet":"max-snippet:-1","max-image-preview":"max-image-preview:large","max-video-preview":"max-video-preview:-1"},"canonical":"https:\/\/miumjau.ee\/lt\/produktas\/suns-teniso-kamuoliukai-dog-comets-m-3-vnt-oranziniai\/","og_locale":"lt_LT","og_type":"article","og_title":"\u0160uns teniso kamuoliukai Dog Comets M \u2013 3 vnt., oran\u017einiai - MiuMjau","og_description":"Dog Comets Neutron Star \u2013 itin tvirtas ir auk\u0161tai \u0161okin\u0117jantis teniso kamuoliukas! \ud83d\ude80 Tai ne tik \u012fprastas teniso kamuoliukas! Dog Comets Neutron Star sukurtas specialiai \u0161unims, m\u0117gstantiems k\u0105sti \u017eaislus. D\u0117l papildomai storos gumin\u0117s \u0161erdies kamuoliukas beveik nesunaikinamas ir \u0161okin\u0117ja labai auk\u0161tai! \ud83c\udfbe Kod\u0117l \u0161is kamuoliukas ypatingas:\u2714 \u010cirpukas \u2013 papildomas \u017eaidimo d\u017eiaugsmas su \u010diulb\u0117jimu!\u2714 70 % perdirbtos nat\u016bralios gumos \u2013 tvirtas ir draugi\u0161kas aplinkai\u2714 Tvirta gumin\u0117 \u0161erdis \u2013 labai atspari nusid\u0117v\u0117jimui\u2714 Saugus \u0161uns dantims \u2013 mink\u0161tas vilnos dangtelis nebrai\u017eo ir nekenkia\u2714 Apsaugotas \u010diulpukas \u2013 u\u017edarytas dizainas saugo nuo vandens ir purvo\u2714 Super \u0161uolis \u2013 puikus metimui ir gaudymui \ud83d\udef8 Dyd\u017eiai:\ud83d\udd39 S \u2013 \u00d8 5 cm\ud83d\udd39 M \u2013 \u00d8 6 cm\ud83d\udd39 L \u2013 \u00d8 7,5 cm Padarykite \u017eaidim\u0105 dar smagesn\u012f su Dog Comets Neutron Star kamuoliukais \u2013 tvirti, auk\u0161tai \u0161okin\u0117jantys ir atspar\u016bs \u017eaidim\u0173 draugai! \ud83d\udc36\u2728","og_url":"https:\/\/miumjau.ee\/lt\/produktas\/suns-teniso-kamuoliukai-dog-comets-m-3-vnt-oranziniai\/","og_site_name":"MiuMjau","article_publisher":"https:\/\/www.facebook.com\/miumjaupood\/","article_modified_time":"2026-01-07T18:44:12+00:00","og_image":[{"width":600,"height":800,"url":"https:\/\/miumjau.ee\/wp-content\/uploads\/2025\/03\/manguasi-koerale-dog-comet-tennisepallid5.jpg","type":"image\/jpeg"}],"twitter_card":"summary_large_image","schema":{"@context":"https:\/\/schema.org","@graph":[{"@type":"WebPage","@id":"https:\/\/miumjau.ee\/lt\/produktas\/suns-teniso-kamuoliukai-dog-comets-m-3-vnt-oranziniai\/","url":"https:\/\/miumjau.ee\/lt\/produktas\/suns-teniso-kamuoliukai-dog-comets-m-3-vnt-oranziniai\/","name":"\u0160uns teniso kamuoliukai Dog Comets M \u2013 3 vnt., oran\u017einiai - MiuMjau","isPartOf":{"@id":"https:\/\/miumjau.ee\/#website"},"primaryImageOfPage":{"@id":"https:\/\/miumjau.ee\/lt\/produktas\/suns-teniso-kamuoliukai-dog-comets-m-3-vnt-oranziniai\/#primaryimage"},"image":{"@id":"https:\/\/miumjau.ee\/lt\/produktas\/suns-teniso-kamuoliukai-dog-comets-m-3-vnt-oranziniai\/#primaryimage"},"thumbnailUrl":"https:\/\/miumjau.ee\/wp-content\/uploads\/2025\/03\/manguasi-koerale-dog-comet-tennisepallid5.jpg","datePublished":"2025-03-04T10:50:53+00:00","dateModified":"2026-01-07T18:44:12+00:00","breadcrumb":{"@id":"https:\/\/miumjau.ee\/lt\/produktas\/suns-teniso-kamuoliukai-dog-comets-m-3-vnt-oranziniai\/#breadcrumb"},"inLanguage":"lt-LT","potentialAction":[{"@type":"ReadAction","target":["https:\/\/miumjau.ee\/lt\/produktas\/suns-teniso-kamuoliukai-dog-comets-m-3-vnt-oranziniai\/"]}]},{"@type":"ImageObject","inLanguage":"lt-LT","@id":"https:\/\/miumjau.ee\/lt\/produktas\/suns-teniso-kamuoliukai-dog-comets-m-3-vnt-oranziniai\/#primaryimage","url":"https:\/\/miumjau.ee\/wp-content\/uploads\/2025\/03\/manguasi-koerale-dog-comet-tennisepallid5.jpg","contentUrl":"https:\/\/miumjau.ee\/wp-content\/uploads\/2025\/03\/manguasi-koerale-dog-comet-tennisepallid5.jpg","width":600,"height":800},{"@type":"BreadcrumbList","@id":"https:\/\/miumjau.ee\/lt\/produktas\/suns-teniso-kamuoliukai-dog-comets-m-3-vnt-oranziniai\/#breadcrumb","itemListElement":[{"@type":"ListItem","position":1,"name":"Home","item":"https:\/\/miumjau.ee\/lt\/"},{"@type":"ListItem","position":2,"name":"Parduotuv\u0117","item":"https:\/\/miumjau.ee\/lt\/parduotuve\/"},{"@type":"ListItem","position":3,"name":"\u0160uns teniso kamuoliukai Dog Comets M \u2013 3 vnt., oran\u017einiai"}]},{"@type":"WebSite","@id":"https:\/\/miumjau.ee\/#website","url":"https:\/\/miumjau.ee\/","name":"MiuMjau","description":"Kraapimispuud kassidele","publisher":{"@id":"https:\/\/miumjau.ee\/#organization"},"potentialAction":[{"@type":"SearchAction","target":{"@type":"EntryPoint","urlTemplate":"https:\/\/miumjau.ee\/?s={search_term_string}"},"query-input":{"@type":"PropertyValueSpecification","valueRequired":true,"valueName":"search_term_string"}}],"inLanguage":"lt-LT"},{"@type":"Organization","@id":"https:\/\/miumjau.ee\/#organization","name":"MiuMjau O\u00dc","url":"https:\/\/miumjau.ee\/","logo":{"@type":"ImageObject","inLanguage":"lt-LT","@id":"https:\/\/miumjau.ee\/#\/schema\/logo\/image\/","url":"https:\/\/miumjau.ee\/wp-content\/uploads\/2022\/04\/MiuMjau-logo-kollane.png","contentUrl":"https:\/\/miumjau.ee\/wp-content\/uploads\/2022\/04\/MiuMjau-logo-kollane.png","width":219,"height":100,"caption":"MiuMjau O\u00dc"},"image":{"@id":"https:\/\/miumjau.ee\/#\/schema\/logo\/image\/"},"sameAs":["https:\/\/www.facebook.com\/miumjaupood\/"]}]}},"_links":{"self":[{"href":"https:\/\/miumjau.ee\/lt\/wp-json\/wp\/v2\/product\/49034","targetHints":{"allow":["GET"]}}],"collection":[{"href":"https:\/\/miumjau.ee\/lt\/wp-json\/wp\/v2\/product"}],"about":[{"href":"https:\/\/miumjau.ee\/lt\/wp-json\/wp\/v2\/types\/product"}],"wp:featuredmedia":[{"embeddable":true,"href":"https:\/\/miumjau.ee\/lt\/wp-json\/wp\/v2\/media\/49031"}],"wp:attachment":[{"href":"https:\/\/miumjau.ee\/lt\/wp-json\/wp\/v2\/media?parent=49034"}],"wp:term":[{"taxonomy":"product_brand","embeddable":true,"href":"https:\/\/miumjau.ee\/lt\/wp-json\/wp\/v2\/product_brand?post=49034"},{"taxonomy":"product_cat","embeddable":true,"href":"https:\/\/miumjau.ee\/lt\/wp-json\/wp\/v2\/product_cat?post=49034"},{"taxonomy":"product_tag","embeddable":true,"href":"https:\/\/miumjau.ee\/lt\/wp-json\/wp\/v2\/product_tag?post=49034"}],"curies":[{"name":"wp","href":"https:\/\/api.w.org\/{rel}","templated":true}]}}