{"id":49013,"date":"2025-03-04T13:36:32","date_gmt":"2025-03-04T11:36:32","guid":{"rendered":"https:\/\/miumjau.ee\/toode\/suns-zaislas-dog-comets-invaders-zalia-l\/"},"modified":"2026-01-07T20:44:12","modified_gmt":"2026-01-07T18:44:12","slug":"suns-zaislas-dog-comets-invaders-zalia-l","status":"publish","type":"product","link":"https:\/\/miumjau.ee\/lt\/produktas\/suns-zaislas-dog-comets-invaders-zalia-l\/","title":{"rendered":"\u0160uns \u017eaislas Dog Comets Invaders, \u017ealia L"},"content":{"rendered":"","protected":false},"excerpt":{"rendered":"<p data-start=\"2998\" data-end=\"3065\"><strong data-start=\"2998\" data-end=\"3065\">Dog Comets Invaders \u2013 ateiviai, u\u017ekariav\u0119 j\u016bs\u0173 \u0161uns \u0161ird\u012f! \ud83d\udc7d\ud83d\udc36<\/strong><\/p>\n<p data-start=\"3067\" data-end=\"3257\">\u0160ie ma\u017ei ateiviai nusileido \u017dem\u0117je ir yra pasiruo\u0161\u0119 kartu su j\u016bs\u0173 \u0161unimi u\u017ekariauti pasaul\u012f! Dog Comets Invaders metimo lazdel\u0117 yra puikus \u017eaislas, derinantis tvirtum\u0105, mink\u0161tum\u0105 ir smagum\u0105.<\/p>\n<p data-start=\"3259\" data-end=\"3744\">\ud83d\ude80 <strong data-start=\"3262\" data-end=\"3307\">Kod\u0117l j\u016bs\u0173 \u0161uo myl\u0117s Dog Comets Invaders:<\/strong><br data-start=\"3307\" data-end=\"3310\" \/>\u2714 \u010cirpimas ir tra\u0161k\u0117jimas \u2013 \u012fmontuotas \u010dirpiantis elementas ir tra\u0161ki med\u017eiaga suteikia dar daugiau smagumo<br data-start=\"3417\" data-end=\"3420\" \/>\u2714 Ypa\u010d tvirtas ir atsparus \u2013 tanki put\u0173 vidin\u0117 dalis daro j\u012f sunkesn\u012f ir tvirtesn\u012f nei \u012fprasti \u0161un\u0173 \u017eaislai<br data-start=\"3527\" data-end=\"3530\" \/>\u2714 Mink\u0161tas pliu\u0161as \u2013 puikiai tinka \u017eaisti ir glostyti<br data-start=\"3583\" data-end=\"3586\" \/>\u2714 Universalus naudojimas \u2013 tinkamas m\u0117tymui, tempimui ir interaktyviems \u017eaidimams<br data-start=\"3667\" data-end=\"3670\" \/>\u2714 Unikalus dizainas \u2013 kiekvienas Invaderis turi savo veid\u0105 ir charakter\u012f<\/p>\n<p data-start=\"3746\" data-end=\"3883\" data-is-last-node=\"\" data-is-only-node=\"\">Padovanokite savo \u0161uniui kosmin\u0119 \u017eaidim\u0173 patirt\u012f su Dog Comets Invaders \u2013 puikus draugas aktyviems \u017eaidimams ir \u0161velniems momentams! \ud83d\udef8\ud83d\udc9a<\/p>\n","protected":false},"featured_media":49014,"template":"","meta":[],"product_brand":[],"product_cat":[541],"product_tag":[],"class_list":{"0":"post-49013","1":"product","2":"type-product","3":"status-publish","4":"has-post-thumbnail","6":"product_cat-zaislai-sunims","8":"first","9":"instock","10":"taxable","11":"shipping-taxable","12":"purchasable","13":"product-type-simple"},"yoast_head":"<!-- This site is optimized with the Yoast SEO plugin v27.2 - https:\/\/yoast.com\/product\/yoast-seo-wordpress\/ -->\n<title>\u0160uns \u017eaislas Dog Comets Invaders, \u017ealia L - MiuMjau<\/title>\n<meta name=\"robots\" content=\"index, follow, max-snippet:-1, max-image-preview:large, max-video-preview:-1\" \/>\n<link rel=\"canonical\" href=\"https:\/\/miumjau.ee\/lt\/produktas\/suns-zaislas-dog-comets-invaders-zalia-l\/\" \/>\n<meta property=\"og:locale\" content=\"lt_LT\" \/>\n<meta property=\"og:type\" content=\"article\" \/>\n<meta property=\"og:title\" content=\"\u0160uns \u017eaislas Dog Comets Invaders, \u017ealia L - MiuMjau\" \/>\n<meta property=\"og:description\" content=\"Dog Comets Invaders \u2013 ateiviai, u\u017ekariav\u0119 j\u016bs\u0173 \u0161uns \u0161ird\u012f! \ud83d\udc7d\ud83d\udc36 \u0160ie ma\u017ei ateiviai nusileido \u017dem\u0117je ir yra pasiruo\u0161\u0119 kartu su j\u016bs\u0173 \u0161unimi u\u017ekariauti pasaul\u012f! Dog Comets Invaders metimo lazdel\u0117 yra puikus \u017eaislas, derinantis tvirtum\u0105, mink\u0161tum\u0105 ir smagum\u0105. \ud83d\ude80 Kod\u0117l j\u016bs\u0173 \u0161uo myl\u0117s Dog Comets Invaders:\u2714 \u010cirpimas ir tra\u0161k\u0117jimas \u2013 \u012fmontuotas \u010dirpiantis elementas ir tra\u0161ki med\u017eiaga suteikia dar daugiau smagumo\u2714 Ypa\u010d tvirtas ir atsparus \u2013 tanki put\u0173 vidin\u0117 dalis daro j\u012f sunkesn\u012f ir tvirtesn\u012f nei \u012fprasti \u0161un\u0173 \u017eaislai\u2714 Mink\u0161tas pliu\u0161as \u2013 puikiai tinka \u017eaisti ir glostyti\u2714 Universalus naudojimas \u2013 tinkamas m\u0117tymui, tempimui ir interaktyviems \u017eaidimams\u2714 Unikalus dizainas \u2013 kiekvienas Invaderis turi savo veid\u0105 ir charakter\u012f Padovanokite savo \u0161uniui kosmin\u0119 \u017eaidim\u0173 patirt\u012f su Dog Comets Invaders \u2013 puikus draugas aktyviems \u017eaidimams ir \u0161velniems momentams! \ud83d\udef8\ud83d\udc9a\" \/>\n<meta property=\"og:url\" content=\"https:\/\/miumjau.ee\/lt\/produktas\/suns-zaislas-dog-comets-invaders-zalia-l\/\" \/>\n<meta property=\"og:site_name\" content=\"MiuMjau\" \/>\n<meta property=\"article:publisher\" content=\"https:\/\/www.facebook.com\/miumjaupood\/\" \/>\n<meta property=\"article:modified_time\" content=\"2026-01-07T18:44:12+00:00\" \/>\n<meta property=\"og:image\" content=\"https:\/\/miumjau.ee\/wp-content\/uploads\/2025\/03\/manguasi-koertele-dog-comets15.jpg\" \/>\n\t<meta property=\"og:image:width\" content=\"600\" \/>\n\t<meta property=\"og:image:height\" content=\"800\" \/>\n\t<meta property=\"og:image:type\" content=\"image\/jpeg\" \/>\n<meta name=\"twitter:card\" content=\"summary_large_image\" \/>\n<script type=\"application\/ld+json\" class=\"yoast-schema-graph\">{\"@context\":\"https:\/\/schema.org\",\"@graph\":[{\"@type\":\"WebPage\",\"@id\":\"https:\/\/miumjau.ee\/lt\/produktas\/suns-zaislas-dog-comets-invaders-zalia-l\/\",\"url\":\"https:\/\/miumjau.ee\/lt\/produktas\/suns-zaislas-dog-comets-invaders-zalia-l\/\",\"name\":\"\u0160uns \u017eaislas Dog Comets Invaders, \u017ealia L - MiuMjau\",\"isPartOf\":{\"@id\":\"https:\/\/miumjau.ee\/#website\"},\"primaryImageOfPage\":{\"@id\":\"https:\/\/miumjau.ee\/lt\/produktas\/suns-zaislas-dog-comets-invaders-zalia-l\/#primaryimage\"},\"image\":{\"@id\":\"https:\/\/miumjau.ee\/lt\/produktas\/suns-zaislas-dog-comets-invaders-zalia-l\/#primaryimage\"},\"thumbnailUrl\":\"https:\/\/miumjau.ee\/wp-content\/uploads\/2025\/03\/manguasi-koertele-dog-comets15.jpg\",\"datePublished\":\"2025-03-04T11:36:32+00:00\",\"dateModified\":\"2026-01-07T18:44:12+00:00\",\"breadcrumb\":{\"@id\":\"https:\/\/miumjau.ee\/lt\/produktas\/suns-zaislas-dog-comets-invaders-zalia-l\/#breadcrumb\"},\"inLanguage\":\"lt-LT\",\"potentialAction\":[{\"@type\":\"ReadAction\",\"target\":[\"https:\/\/miumjau.ee\/lt\/produktas\/suns-zaislas-dog-comets-invaders-zalia-l\/\"]}]},{\"@type\":\"ImageObject\",\"inLanguage\":\"lt-LT\",\"@id\":\"https:\/\/miumjau.ee\/lt\/produktas\/suns-zaislas-dog-comets-invaders-zalia-l\/#primaryimage\",\"url\":\"https:\/\/miumjau.ee\/wp-content\/uploads\/2025\/03\/manguasi-koertele-dog-comets15.jpg\",\"contentUrl\":\"https:\/\/miumjau.ee\/wp-content\/uploads\/2025\/03\/manguasi-koertele-dog-comets15.jpg\",\"width\":600,\"height\":800},{\"@type\":\"BreadcrumbList\",\"@id\":\"https:\/\/miumjau.ee\/lt\/produktas\/suns-zaislas-dog-comets-invaders-zalia-l\/#breadcrumb\",\"itemListElement\":[{\"@type\":\"ListItem\",\"position\":1,\"name\":\"Home\",\"item\":\"https:\/\/miumjau.ee\/lt\/\"},{\"@type\":\"ListItem\",\"position\":2,\"name\":\"Parduotuv\u0117\",\"item\":\"https:\/\/miumjau.ee\/lt\/parduotuve\/\"},{\"@type\":\"ListItem\",\"position\":3,\"name\":\"\u0160uns \u017eaislas Dog Comets Invaders, \u017ealia L\"}]},{\"@type\":\"WebSite\",\"@id\":\"https:\/\/miumjau.ee\/#website\",\"url\":\"https:\/\/miumjau.ee\/\",\"name\":\"MiuMjau\",\"description\":\"Kraapimispuud kassidele\",\"publisher\":{\"@id\":\"https:\/\/miumjau.ee\/#organization\"},\"potentialAction\":[{\"@type\":\"SearchAction\",\"target\":{\"@type\":\"EntryPoint\",\"urlTemplate\":\"https:\/\/miumjau.ee\/?s={search_term_string}\"},\"query-input\":{\"@type\":\"PropertyValueSpecification\",\"valueRequired\":true,\"valueName\":\"search_term_string\"}}],\"inLanguage\":\"lt-LT\"},{\"@type\":\"Organization\",\"@id\":\"https:\/\/miumjau.ee\/#organization\",\"name\":\"MiuMjau O\u00dc\",\"url\":\"https:\/\/miumjau.ee\/\",\"logo\":{\"@type\":\"ImageObject\",\"inLanguage\":\"lt-LT\",\"@id\":\"https:\/\/miumjau.ee\/#\/schema\/logo\/image\/\",\"url\":\"https:\/\/miumjau.ee\/wp-content\/uploads\/2022\/04\/MiuMjau-logo-kollane.png\",\"contentUrl\":\"https:\/\/miumjau.ee\/wp-content\/uploads\/2022\/04\/MiuMjau-logo-kollane.png\",\"width\":219,\"height\":100,\"caption\":\"MiuMjau O\u00dc\"},\"image\":{\"@id\":\"https:\/\/miumjau.ee\/#\/schema\/logo\/image\/\"},\"sameAs\":[\"https:\/\/www.facebook.com\/miumjaupood\/\"]}]}<\/script>\n<!-- \/ Yoast SEO plugin. -->","yoast_head_json":{"title":"\u0160uns \u017eaislas Dog Comets Invaders, \u017ealia L - MiuMjau","robots":{"index":"index","follow":"follow","max-snippet":"max-snippet:-1","max-image-preview":"max-image-preview:large","max-video-preview":"max-video-preview:-1"},"canonical":"https:\/\/miumjau.ee\/lt\/produktas\/suns-zaislas-dog-comets-invaders-zalia-l\/","og_locale":"lt_LT","og_type":"article","og_title":"\u0160uns \u017eaislas Dog Comets Invaders, \u017ealia L - MiuMjau","og_description":"Dog Comets Invaders \u2013 ateiviai, u\u017ekariav\u0119 j\u016bs\u0173 \u0161uns \u0161ird\u012f! \ud83d\udc7d\ud83d\udc36 \u0160ie ma\u017ei ateiviai nusileido \u017dem\u0117je ir yra pasiruo\u0161\u0119 kartu su j\u016bs\u0173 \u0161unimi u\u017ekariauti pasaul\u012f! Dog Comets Invaders metimo lazdel\u0117 yra puikus \u017eaislas, derinantis tvirtum\u0105, mink\u0161tum\u0105 ir smagum\u0105. \ud83d\ude80 Kod\u0117l j\u016bs\u0173 \u0161uo myl\u0117s Dog Comets Invaders:\u2714 \u010cirpimas ir tra\u0161k\u0117jimas \u2013 \u012fmontuotas \u010dirpiantis elementas ir tra\u0161ki med\u017eiaga suteikia dar daugiau smagumo\u2714 Ypa\u010d tvirtas ir atsparus \u2013 tanki put\u0173 vidin\u0117 dalis daro j\u012f sunkesn\u012f ir tvirtesn\u012f nei \u012fprasti \u0161un\u0173 \u017eaislai\u2714 Mink\u0161tas pliu\u0161as \u2013 puikiai tinka \u017eaisti ir glostyti\u2714 Universalus naudojimas \u2013 tinkamas m\u0117tymui, tempimui ir interaktyviems \u017eaidimams\u2714 Unikalus dizainas \u2013 kiekvienas Invaderis turi savo veid\u0105 ir charakter\u012f Padovanokite savo \u0161uniui kosmin\u0119 \u017eaidim\u0173 patirt\u012f su Dog Comets Invaders \u2013 puikus draugas aktyviems \u017eaidimams ir \u0161velniems momentams! \ud83d\udef8\ud83d\udc9a","og_url":"https:\/\/miumjau.ee\/lt\/produktas\/suns-zaislas-dog-comets-invaders-zalia-l\/","og_site_name":"MiuMjau","article_publisher":"https:\/\/www.facebook.com\/miumjaupood\/","article_modified_time":"2026-01-07T18:44:12+00:00","og_image":[{"width":600,"height":800,"url":"https:\/\/miumjau.ee\/wp-content\/uploads\/2025\/03\/manguasi-koertele-dog-comets15.jpg","type":"image\/jpeg"}],"twitter_card":"summary_large_image","schema":{"@context":"https:\/\/schema.org","@graph":[{"@type":"WebPage","@id":"https:\/\/miumjau.ee\/lt\/produktas\/suns-zaislas-dog-comets-invaders-zalia-l\/","url":"https:\/\/miumjau.ee\/lt\/produktas\/suns-zaislas-dog-comets-invaders-zalia-l\/","name":"\u0160uns \u017eaislas Dog Comets Invaders, \u017ealia L - MiuMjau","isPartOf":{"@id":"https:\/\/miumjau.ee\/#website"},"primaryImageOfPage":{"@id":"https:\/\/miumjau.ee\/lt\/produktas\/suns-zaislas-dog-comets-invaders-zalia-l\/#primaryimage"},"image":{"@id":"https:\/\/miumjau.ee\/lt\/produktas\/suns-zaislas-dog-comets-invaders-zalia-l\/#primaryimage"},"thumbnailUrl":"https:\/\/miumjau.ee\/wp-content\/uploads\/2025\/03\/manguasi-koertele-dog-comets15.jpg","datePublished":"2025-03-04T11:36:32+00:00","dateModified":"2026-01-07T18:44:12+00:00","breadcrumb":{"@id":"https:\/\/miumjau.ee\/lt\/produktas\/suns-zaislas-dog-comets-invaders-zalia-l\/#breadcrumb"},"inLanguage":"lt-LT","potentialAction":[{"@type":"ReadAction","target":["https:\/\/miumjau.ee\/lt\/produktas\/suns-zaislas-dog-comets-invaders-zalia-l\/"]}]},{"@type":"ImageObject","inLanguage":"lt-LT","@id":"https:\/\/miumjau.ee\/lt\/produktas\/suns-zaislas-dog-comets-invaders-zalia-l\/#primaryimage","url":"https:\/\/miumjau.ee\/wp-content\/uploads\/2025\/03\/manguasi-koertele-dog-comets15.jpg","contentUrl":"https:\/\/miumjau.ee\/wp-content\/uploads\/2025\/03\/manguasi-koertele-dog-comets15.jpg","width":600,"height":800},{"@type":"BreadcrumbList","@id":"https:\/\/miumjau.ee\/lt\/produktas\/suns-zaislas-dog-comets-invaders-zalia-l\/#breadcrumb","itemListElement":[{"@type":"ListItem","position":1,"name":"Home","item":"https:\/\/miumjau.ee\/lt\/"},{"@type":"ListItem","position":2,"name":"Parduotuv\u0117","item":"https:\/\/miumjau.ee\/lt\/parduotuve\/"},{"@type":"ListItem","position":3,"name":"\u0160uns \u017eaislas Dog Comets Invaders, \u017ealia L"}]},{"@type":"WebSite","@id":"https:\/\/miumjau.ee\/#website","url":"https:\/\/miumjau.ee\/","name":"MiuMjau","description":"Kraapimispuud kassidele","publisher":{"@id":"https:\/\/miumjau.ee\/#organization"},"potentialAction":[{"@type":"SearchAction","target":{"@type":"EntryPoint","urlTemplate":"https:\/\/miumjau.ee\/?s={search_term_string}"},"query-input":{"@type":"PropertyValueSpecification","valueRequired":true,"valueName":"search_term_string"}}],"inLanguage":"lt-LT"},{"@type":"Organization","@id":"https:\/\/miumjau.ee\/#organization","name":"MiuMjau O\u00dc","url":"https:\/\/miumjau.ee\/","logo":{"@type":"ImageObject","inLanguage":"lt-LT","@id":"https:\/\/miumjau.ee\/#\/schema\/logo\/image\/","url":"https:\/\/miumjau.ee\/wp-content\/uploads\/2022\/04\/MiuMjau-logo-kollane.png","contentUrl":"https:\/\/miumjau.ee\/wp-content\/uploads\/2022\/04\/MiuMjau-logo-kollane.png","width":219,"height":100,"caption":"MiuMjau O\u00dc"},"image":{"@id":"https:\/\/miumjau.ee\/#\/schema\/logo\/image\/"},"sameAs":["https:\/\/www.facebook.com\/miumjaupood\/"]}]}},"_links":{"self":[{"href":"https:\/\/miumjau.ee\/lt\/wp-json\/wp\/v2\/product\/49013","targetHints":{"allow":["GET"]}}],"collection":[{"href":"https:\/\/miumjau.ee\/lt\/wp-json\/wp\/v2\/product"}],"about":[{"href":"https:\/\/miumjau.ee\/lt\/wp-json\/wp\/v2\/types\/product"}],"wp:featuredmedia":[{"embeddable":true,"href":"https:\/\/miumjau.ee\/lt\/wp-json\/wp\/v2\/media\/49014"}],"wp:attachment":[{"href":"https:\/\/miumjau.ee\/lt\/wp-json\/wp\/v2\/media?parent=49013"}],"wp:term":[{"taxonomy":"product_brand","embeddable":true,"href":"https:\/\/miumjau.ee\/lt\/wp-json\/wp\/v2\/product_brand?post=49013"},{"taxonomy":"product_cat","embeddable":true,"href":"https:\/\/miumjau.ee\/lt\/wp-json\/wp\/v2\/product_cat?post=49013"},{"taxonomy":"product_tag","embeddable":true,"href":"https:\/\/miumjau.ee\/lt\/wp-json\/wp\/v2\/product_tag?post=49013"}],"curies":[{"name":"wp","href":"https:\/\/api.w.org\/{rel}","templated":true}]}}