{"id":49006,"date":"2025-03-04T13:31:41","date_gmt":"2025-03-04T11:31:41","guid":{"rendered":"https:\/\/miumjau.ee\/toode\/suns-zaislas-dog-comets-treat-locker-pripildomas-skanestais\/"},"modified":"2026-01-07T20:44:12","modified_gmt":"2026-01-07T18:44:12","slug":"suns-zaislas-dog-comets-treat-locker-pripildomas-skanestais","status":"publish","type":"product","link":"https:\/\/miumjau.ee\/lt\/produktas\/suns-zaislas-dog-comets-treat-locker-pripildomas-skanestais\/","title":{"rendered":"\u0160uns \u017eaislas Dog Comets Treat Locker \u2013 pripildomas skan\u0117stais"},"content":{"rendered":"","protected":false},"excerpt":{"rendered":"<p data-start=\"2722\" data-end=\"2807\"><strong data-start=\"2722\" data-end=\"2807\">Dog Comets Treat Locker \u2013 \u017eaislas su skan\u0117stais, kuris taip pat valo dantis! \ud83e\uddb4\ud83d\udef8<\/strong><\/p>\n<p data-start=\"2809\" data-end=\"3010\">Dog Comets Treat Locker yra specialus \u017eaislas su skan\u0117stais, suteikiantis smagi\u0105 veikl\u0105 ir naudos \u0161uns dantims! Unikalus dizainas padeda valyti dantis ir masa\u017euoti dantenas, skatindamas burnos higien\u0105.<\/p>\n<p data-start=\"3012\" data-end=\"3366\">\ud83d\udd39 <strong data-start=\"3015\" data-end=\"3063\">Kod\u0117l verta rinktis Dog Comets Treat Locker:<\/strong><br data-start=\"3063\" data-end=\"3066\" \/>\u2714 Skan\u0117st\u0173 sl\u0117ptuv\u0117 \u2013 u\u017epildykite skan\u0117stais ir suteikite \u0161uniui \u012fdomi\u0105 veikl\u0105<br data-start=\"3144\" data-end=\"3147\" \/>\u2714 Valo dantis \u2013 tekst\u016bra pa\u0161alina ne\u0161varumus ir masa\u017euoja dantenas<br data-start=\"3213\" data-end=\"3216\" \/>\u2714 Tvirtas ir lankstus \u2013 pagamintas i\u0161 patvarios TPR gumos<br data-start=\"3273\" data-end=\"3276\" \/>\u2714 Skatina nat\u016bral\u0173 kramtymo instinkt\u0105<br data-start=\"3313\" data-end=\"3316\" \/>\u2714 Dydis: \u00d8 7 cm \u2013 tinkamas daugumai \u0161un\u0173 veisli\u0173<\/p>\n<p data-start=\"3368\" data-end=\"3499\" data-is-last-node=\"\" data-is-only-node=\"\">Padarykite \u017eaidimo laik\u0105 smagesn\u012f ir naudingesn\u012f su Dog Comets Treat Locker \u2013 tobula skan\u0117st\u0173 ir dant\u0173 prie\u017ei\u016bros kombinacija! \ud83d\udc36\ud83d\ude80<\/p>\n","protected":false},"featured_media":49007,"template":"","meta":[],"product_brand":[],"product_cat":[541],"product_tag":[],"class_list":{"0":"post-49006","1":"product","2":"type-product","3":"status-publish","4":"has-post-thumbnail","6":"product_cat-zaislai-sunims","8":"first","9":"instock","10":"taxable","11":"shipping-taxable","12":"purchasable","13":"product-type-simple"},"yoast_head":"<!-- This site is optimized with the Yoast SEO plugin v27.2 - https:\/\/yoast.com\/product\/yoast-seo-wordpress\/ -->\n<title>\u0160uns \u017eaislas Dog Comets Treat Locker \u2013 pripildomas skan\u0117stais - MiuMjau<\/title>\n<meta name=\"robots\" content=\"index, follow, max-snippet:-1, max-image-preview:large, max-video-preview:-1\" \/>\n<link rel=\"canonical\" href=\"https:\/\/miumjau.ee\/lt\/produktas\/suns-zaislas-dog-comets-treat-locker-pripildomas-skanestais\/\" \/>\n<meta property=\"og:locale\" content=\"lt_LT\" \/>\n<meta property=\"og:type\" content=\"article\" \/>\n<meta property=\"og:title\" content=\"\u0160uns \u017eaislas Dog Comets Treat Locker \u2013 pripildomas skan\u0117stais - MiuMjau\" \/>\n<meta property=\"og:description\" content=\"Dog Comets Treat Locker \u2013 \u017eaislas su skan\u0117stais, kuris taip pat valo dantis! \ud83e\uddb4\ud83d\udef8 Dog Comets Treat Locker yra specialus \u017eaislas su skan\u0117stais, suteikiantis smagi\u0105 veikl\u0105 ir naudos \u0161uns dantims! Unikalus dizainas padeda valyti dantis ir masa\u017euoti dantenas, skatindamas burnos higien\u0105. \ud83d\udd39 Kod\u0117l verta rinktis Dog Comets Treat Locker:\u2714 Skan\u0117st\u0173 sl\u0117ptuv\u0117 \u2013 u\u017epildykite skan\u0117stais ir suteikite \u0161uniui \u012fdomi\u0105 veikl\u0105\u2714 Valo dantis \u2013 tekst\u016bra pa\u0161alina ne\u0161varumus ir masa\u017euoja dantenas\u2714 Tvirtas ir lankstus \u2013 pagamintas i\u0161 patvarios TPR gumos\u2714 Skatina nat\u016bral\u0173 kramtymo instinkt\u0105\u2714 Dydis: \u00d8 7 cm \u2013 tinkamas daugumai \u0161un\u0173 veisli\u0173 Padarykite \u017eaidimo laik\u0105 smagesn\u012f ir naudingesn\u012f su Dog Comets Treat Locker \u2013 tobula skan\u0117st\u0173 ir dant\u0173 prie\u017ei\u016bros kombinacija! \ud83d\udc36\ud83d\ude80\" \/>\n<meta property=\"og:url\" content=\"https:\/\/miumjau.ee\/lt\/produktas\/suns-zaislas-dog-comets-treat-locker-pripildomas-skanestais\/\" \/>\n<meta property=\"og:site_name\" content=\"MiuMjau\" \/>\n<meta property=\"article:publisher\" content=\"https:\/\/www.facebook.com\/miumjaupood\/\" \/>\n<meta property=\"article:modified_time\" content=\"2026-01-07T18:44:12+00:00\" \/>\n<meta property=\"og:image\" content=\"https:\/\/miumjau.ee\/wp-content\/uploads\/2025\/03\/manguasi-koertele-dog-comets26.jpg\" \/>\n\t<meta property=\"og:image:width\" content=\"600\" \/>\n\t<meta property=\"og:image:height\" content=\"800\" \/>\n\t<meta property=\"og:image:type\" content=\"image\/jpeg\" \/>\n<meta name=\"twitter:card\" content=\"summary_large_image\" \/>\n<script type=\"application\/ld+json\" class=\"yoast-schema-graph\">{\"@context\":\"https:\/\/schema.org\",\"@graph\":[{\"@type\":\"WebPage\",\"@id\":\"https:\/\/miumjau.ee\/lt\/produktas\/suns-zaislas-dog-comets-treat-locker-pripildomas-skanestais\/\",\"url\":\"https:\/\/miumjau.ee\/lt\/produktas\/suns-zaislas-dog-comets-treat-locker-pripildomas-skanestais\/\",\"name\":\"\u0160uns \u017eaislas Dog Comets Treat Locker \u2013 pripildomas skan\u0117stais - MiuMjau\",\"isPartOf\":{\"@id\":\"https:\/\/miumjau.ee\/#website\"},\"primaryImageOfPage\":{\"@id\":\"https:\/\/miumjau.ee\/lt\/produktas\/suns-zaislas-dog-comets-treat-locker-pripildomas-skanestais\/#primaryimage\"},\"image\":{\"@id\":\"https:\/\/miumjau.ee\/lt\/produktas\/suns-zaislas-dog-comets-treat-locker-pripildomas-skanestais\/#primaryimage\"},\"thumbnailUrl\":\"https:\/\/miumjau.ee\/wp-content\/uploads\/2025\/03\/manguasi-koertele-dog-comets26.jpg\",\"datePublished\":\"2025-03-04T11:31:41+00:00\",\"dateModified\":\"2026-01-07T18:44:12+00:00\",\"breadcrumb\":{\"@id\":\"https:\/\/miumjau.ee\/lt\/produktas\/suns-zaislas-dog-comets-treat-locker-pripildomas-skanestais\/#breadcrumb\"},\"inLanguage\":\"lt-LT\",\"potentialAction\":[{\"@type\":\"ReadAction\",\"target\":[\"https:\/\/miumjau.ee\/lt\/produktas\/suns-zaislas-dog-comets-treat-locker-pripildomas-skanestais\/\"]}]},{\"@type\":\"ImageObject\",\"inLanguage\":\"lt-LT\",\"@id\":\"https:\/\/miumjau.ee\/lt\/produktas\/suns-zaislas-dog-comets-treat-locker-pripildomas-skanestais\/#primaryimage\",\"url\":\"https:\/\/miumjau.ee\/wp-content\/uploads\/2025\/03\/manguasi-koertele-dog-comets26.jpg\",\"contentUrl\":\"https:\/\/miumjau.ee\/wp-content\/uploads\/2025\/03\/manguasi-koertele-dog-comets26.jpg\",\"width\":600,\"height\":800},{\"@type\":\"BreadcrumbList\",\"@id\":\"https:\/\/miumjau.ee\/lt\/produktas\/suns-zaislas-dog-comets-treat-locker-pripildomas-skanestais\/#breadcrumb\",\"itemListElement\":[{\"@type\":\"ListItem\",\"position\":1,\"name\":\"Home\",\"item\":\"https:\/\/miumjau.ee\/lt\/\"},{\"@type\":\"ListItem\",\"position\":2,\"name\":\"Parduotuv\u0117\",\"item\":\"https:\/\/miumjau.ee\/lt\/parduotuve\/\"},{\"@type\":\"ListItem\",\"position\":3,\"name\":\"\u0160uns \u017eaislas Dog Comets Treat Locker \u2013 pripildomas skan\u0117stais\"}]},{\"@type\":\"WebSite\",\"@id\":\"https:\/\/miumjau.ee\/#website\",\"url\":\"https:\/\/miumjau.ee\/\",\"name\":\"MiuMjau\",\"description\":\"Kraapimispuud kassidele\",\"publisher\":{\"@id\":\"https:\/\/miumjau.ee\/#organization\"},\"potentialAction\":[{\"@type\":\"SearchAction\",\"target\":{\"@type\":\"EntryPoint\",\"urlTemplate\":\"https:\/\/miumjau.ee\/?s={search_term_string}\"},\"query-input\":{\"@type\":\"PropertyValueSpecification\",\"valueRequired\":true,\"valueName\":\"search_term_string\"}}],\"inLanguage\":\"lt-LT\"},{\"@type\":\"Organization\",\"@id\":\"https:\/\/miumjau.ee\/#organization\",\"name\":\"MiuMjau O\u00dc\",\"url\":\"https:\/\/miumjau.ee\/\",\"logo\":{\"@type\":\"ImageObject\",\"inLanguage\":\"lt-LT\",\"@id\":\"https:\/\/miumjau.ee\/#\/schema\/logo\/image\/\",\"url\":\"https:\/\/miumjau.ee\/wp-content\/uploads\/2022\/04\/MiuMjau-logo-kollane.png\",\"contentUrl\":\"https:\/\/miumjau.ee\/wp-content\/uploads\/2022\/04\/MiuMjau-logo-kollane.png\",\"width\":219,\"height\":100,\"caption\":\"MiuMjau O\u00dc\"},\"image\":{\"@id\":\"https:\/\/miumjau.ee\/#\/schema\/logo\/image\/\"},\"sameAs\":[\"https:\/\/www.facebook.com\/miumjaupood\/\"]}]}<\/script>\n<!-- \/ Yoast SEO plugin. -->","yoast_head_json":{"title":"\u0160uns \u017eaislas Dog Comets Treat Locker \u2013 pripildomas skan\u0117stais - MiuMjau","robots":{"index":"index","follow":"follow","max-snippet":"max-snippet:-1","max-image-preview":"max-image-preview:large","max-video-preview":"max-video-preview:-1"},"canonical":"https:\/\/miumjau.ee\/lt\/produktas\/suns-zaislas-dog-comets-treat-locker-pripildomas-skanestais\/","og_locale":"lt_LT","og_type":"article","og_title":"\u0160uns \u017eaislas Dog Comets Treat Locker \u2013 pripildomas skan\u0117stais - MiuMjau","og_description":"Dog Comets Treat Locker \u2013 \u017eaislas su skan\u0117stais, kuris taip pat valo dantis! \ud83e\uddb4\ud83d\udef8 Dog Comets Treat Locker yra specialus \u017eaislas su skan\u0117stais, suteikiantis smagi\u0105 veikl\u0105 ir naudos \u0161uns dantims! Unikalus dizainas padeda valyti dantis ir masa\u017euoti dantenas, skatindamas burnos higien\u0105. \ud83d\udd39 Kod\u0117l verta rinktis Dog Comets Treat Locker:\u2714 Skan\u0117st\u0173 sl\u0117ptuv\u0117 \u2013 u\u017epildykite skan\u0117stais ir suteikite \u0161uniui \u012fdomi\u0105 veikl\u0105\u2714 Valo dantis \u2013 tekst\u016bra pa\u0161alina ne\u0161varumus ir masa\u017euoja dantenas\u2714 Tvirtas ir lankstus \u2013 pagamintas i\u0161 patvarios TPR gumos\u2714 Skatina nat\u016bral\u0173 kramtymo instinkt\u0105\u2714 Dydis: \u00d8 7 cm \u2013 tinkamas daugumai \u0161un\u0173 veisli\u0173 Padarykite \u017eaidimo laik\u0105 smagesn\u012f ir naudingesn\u012f su Dog Comets Treat Locker \u2013 tobula skan\u0117st\u0173 ir dant\u0173 prie\u017ei\u016bros kombinacija! \ud83d\udc36\ud83d\ude80","og_url":"https:\/\/miumjau.ee\/lt\/produktas\/suns-zaislas-dog-comets-treat-locker-pripildomas-skanestais\/","og_site_name":"MiuMjau","article_publisher":"https:\/\/www.facebook.com\/miumjaupood\/","article_modified_time":"2026-01-07T18:44:12+00:00","og_image":[{"width":600,"height":800,"url":"https:\/\/miumjau.ee\/wp-content\/uploads\/2025\/03\/manguasi-koertele-dog-comets26.jpg","type":"image\/jpeg"}],"twitter_card":"summary_large_image","schema":{"@context":"https:\/\/schema.org","@graph":[{"@type":"WebPage","@id":"https:\/\/miumjau.ee\/lt\/produktas\/suns-zaislas-dog-comets-treat-locker-pripildomas-skanestais\/","url":"https:\/\/miumjau.ee\/lt\/produktas\/suns-zaislas-dog-comets-treat-locker-pripildomas-skanestais\/","name":"\u0160uns \u017eaislas Dog Comets Treat Locker \u2013 pripildomas skan\u0117stais - MiuMjau","isPartOf":{"@id":"https:\/\/miumjau.ee\/#website"},"primaryImageOfPage":{"@id":"https:\/\/miumjau.ee\/lt\/produktas\/suns-zaislas-dog-comets-treat-locker-pripildomas-skanestais\/#primaryimage"},"image":{"@id":"https:\/\/miumjau.ee\/lt\/produktas\/suns-zaislas-dog-comets-treat-locker-pripildomas-skanestais\/#primaryimage"},"thumbnailUrl":"https:\/\/miumjau.ee\/wp-content\/uploads\/2025\/03\/manguasi-koertele-dog-comets26.jpg","datePublished":"2025-03-04T11:31:41+00:00","dateModified":"2026-01-07T18:44:12+00:00","breadcrumb":{"@id":"https:\/\/miumjau.ee\/lt\/produktas\/suns-zaislas-dog-comets-treat-locker-pripildomas-skanestais\/#breadcrumb"},"inLanguage":"lt-LT","potentialAction":[{"@type":"ReadAction","target":["https:\/\/miumjau.ee\/lt\/produktas\/suns-zaislas-dog-comets-treat-locker-pripildomas-skanestais\/"]}]},{"@type":"ImageObject","inLanguage":"lt-LT","@id":"https:\/\/miumjau.ee\/lt\/produktas\/suns-zaislas-dog-comets-treat-locker-pripildomas-skanestais\/#primaryimage","url":"https:\/\/miumjau.ee\/wp-content\/uploads\/2025\/03\/manguasi-koertele-dog-comets26.jpg","contentUrl":"https:\/\/miumjau.ee\/wp-content\/uploads\/2025\/03\/manguasi-koertele-dog-comets26.jpg","width":600,"height":800},{"@type":"BreadcrumbList","@id":"https:\/\/miumjau.ee\/lt\/produktas\/suns-zaislas-dog-comets-treat-locker-pripildomas-skanestais\/#breadcrumb","itemListElement":[{"@type":"ListItem","position":1,"name":"Home","item":"https:\/\/miumjau.ee\/lt\/"},{"@type":"ListItem","position":2,"name":"Parduotuv\u0117","item":"https:\/\/miumjau.ee\/lt\/parduotuve\/"},{"@type":"ListItem","position":3,"name":"\u0160uns \u017eaislas Dog Comets Treat Locker \u2013 pripildomas skan\u0117stais"}]},{"@type":"WebSite","@id":"https:\/\/miumjau.ee\/#website","url":"https:\/\/miumjau.ee\/","name":"MiuMjau","description":"Kraapimispuud kassidele","publisher":{"@id":"https:\/\/miumjau.ee\/#organization"},"potentialAction":[{"@type":"SearchAction","target":{"@type":"EntryPoint","urlTemplate":"https:\/\/miumjau.ee\/?s={search_term_string}"},"query-input":{"@type":"PropertyValueSpecification","valueRequired":true,"valueName":"search_term_string"}}],"inLanguage":"lt-LT"},{"@type":"Organization","@id":"https:\/\/miumjau.ee\/#organization","name":"MiuMjau O\u00dc","url":"https:\/\/miumjau.ee\/","logo":{"@type":"ImageObject","inLanguage":"lt-LT","@id":"https:\/\/miumjau.ee\/#\/schema\/logo\/image\/","url":"https:\/\/miumjau.ee\/wp-content\/uploads\/2022\/04\/MiuMjau-logo-kollane.png","contentUrl":"https:\/\/miumjau.ee\/wp-content\/uploads\/2022\/04\/MiuMjau-logo-kollane.png","width":219,"height":100,"caption":"MiuMjau O\u00dc"},"image":{"@id":"https:\/\/miumjau.ee\/#\/schema\/logo\/image\/"},"sameAs":["https:\/\/www.facebook.com\/miumjaupood\/"]}]}},"_links":{"self":[{"href":"https:\/\/miumjau.ee\/lt\/wp-json\/wp\/v2\/product\/49006","targetHints":{"allow":["GET"]}}],"collection":[{"href":"https:\/\/miumjau.ee\/lt\/wp-json\/wp\/v2\/product"}],"about":[{"href":"https:\/\/miumjau.ee\/lt\/wp-json\/wp\/v2\/types\/product"}],"wp:featuredmedia":[{"embeddable":true,"href":"https:\/\/miumjau.ee\/lt\/wp-json\/wp\/v2\/media\/49007"}],"wp:attachment":[{"href":"https:\/\/miumjau.ee\/lt\/wp-json\/wp\/v2\/media?parent=49006"}],"wp:term":[{"taxonomy":"product_brand","embeddable":true,"href":"https:\/\/miumjau.ee\/lt\/wp-json\/wp\/v2\/product_brand?post=49006"},{"taxonomy":"product_cat","embeddable":true,"href":"https:\/\/miumjau.ee\/lt\/wp-json\/wp\/v2\/product_cat?post=49006"},{"taxonomy":"product_tag","embeddable":true,"href":"https:\/\/miumjau.ee\/lt\/wp-json\/wp\/v2\/product_tag?post=49006"}],"curies":[{"name":"wp","href":"https:\/\/api.w.org\/{rel}","templated":true}]}}