{"id":48993,"date":"2025-03-04T14:23:05","date_gmt":"2025-03-04T12:23:05","guid":{"rendered":"https:\/\/miumjau.ee\/toode\/suns-zaislas-dog-comets-alien-octo-m-oranzine\/"},"modified":"2026-01-07T20:44:12","modified_gmt":"2026-01-07T18:44:12","slug":"suns-zaislas-dog-comets-alien-octo-m-oranzine","status":"publish","type":"product","link":"https:\/\/miumjau.ee\/lt\/produktas\/suns-zaislas-dog-comets-alien-octo-m-oranzine\/","title":{"rendered":"\u0160uns \u017eaislas Dog Comets Alien Octo M, oran\u017ein\u0117"},"content":{"rendered":"","protected":false},"excerpt":{"rendered":"<p data-start=\"2914\" data-end=\"2995\"><strong data-start=\"2914\" data-end=\"2995\">Dog Comets Alien Octo \u2013 ateivi\u0173 a\u0161tuonkojis kosminei \u017eaidim\u0173 linksmybei! \ud83d\udef8\ud83d\udc19<\/strong><\/p>\n<p data-start=\"2997\" data-end=\"3206\">Dog Comets Alien Octo nusileido \u017dem\u0117je ir yra pasiruo\u0161\u0119s nuvesti j\u016bs\u0173 \u0161un\u012f \u012f \u012fdomi\u0105 nuotyk\u012f! \u0160is linksmas ateivio draugas turi \u010dirpiant\u012f galv\u0105 ir tra\u0161kius tentaklius, kurie dar labiau praturtina \u017eaidimo laik\u0105.<\/p>\n<p data-start=\"3208\" data-end=\"3578\">\ud83d\udc7e <strong data-start=\"3211\" data-end=\"3247\">Kod\u0117l j\u016bs\u0173 \u0161uo myl\u0117s Alien Octo:<\/strong><br data-start=\"3247\" data-end=\"3250\" \/>\u2714 Dvigubi si\u016blai \u2013 ypa\u010d patvarus ir atsparus ply\u0161imui<br data-start=\"3303\" data-end=\"3306\" \/>\u2714 \u010cirpianti galva \u2013 suteikia \u017eaidimo d\u017eiaugsmo ir stimuliuoja smalsum\u0105<br data-start=\"3376\" data-end=\"3379\" \/>\u2714 Tra\u0161k\u016bs tentakliai \u2013 kvie\u010dia kramtyti ir \u017eaisti<br data-start=\"3428\" data-end=\"3431\" \/>\u2714 Pl\u016bduriuoja vandenyje \u2013 puikiai tinka vandens \u017eaidimams ir apportavimui<br data-start=\"3504\" data-end=\"3507\" \/>\u2714 Smagus dizainas \u2013 prieinamas 3 spalv\u0173, kiekvienas su unikaliu veidu<\/p>\n<p data-start=\"3580\" data-end=\"3627\">\ud83d\udccf <strong data-start=\"3583\" data-end=\"3595\">Dyd\u017eiai:<\/strong><br data-start=\"3595\" data-end=\"3598\" \/>\ud83d\udd39 M \u2013 28 cm<br data-start=\"3610\" data-end=\"3613\" \/>\ud83d\udd39 L \u2013 37 cm<\/p>\n<p data-start=\"3629\" data-end=\"3773\" data-is-last-node=\"\" data-is-only-node=\"\">Padovanokite savo \u0161uniui kosmin\u012f \u017eaidim\u0173 draug\u0105 \u017eaidimui, kramtymui ir vandens pramogoms \u2013 Dog Comets Alien Octo suteikia begalin\u012f smagum\u0105! \ud83d\ude80\ud83d\udc3e<\/p>\n","protected":false},"featured_media":48994,"template":"","meta":[],"product_brand":[],"product_cat":[541],"product_tag":[],"class_list":{"0":"post-48993","1":"product","2":"type-product","3":"status-publish","4":"has-post-thumbnail","6":"product_cat-zaislai-sunims","8":"first","9":"instock","10":"taxable","11":"shipping-taxable","12":"purchasable","13":"product-type-simple"},"yoast_head":"<!-- This site is optimized with the Yoast SEO plugin v27.2 - https:\/\/yoast.com\/product\/yoast-seo-wordpress\/ -->\n<title>\u0160uns \u017eaislas Dog Comets Alien Octo M, oran\u017ein\u0117 - MiuMjau<\/title>\n<meta name=\"robots\" content=\"index, follow, max-snippet:-1, max-image-preview:large, max-video-preview:-1\" \/>\n<link rel=\"canonical\" href=\"https:\/\/miumjau.ee\/lt\/produktas\/suns-zaislas-dog-comets-alien-octo-m-oranzine\/\" \/>\n<meta property=\"og:locale\" content=\"lt_LT\" \/>\n<meta property=\"og:type\" content=\"article\" \/>\n<meta property=\"og:title\" content=\"\u0160uns \u017eaislas Dog Comets Alien Octo M, oran\u017ein\u0117 - MiuMjau\" \/>\n<meta property=\"og:description\" content=\"Dog Comets Alien Octo \u2013 ateivi\u0173 a\u0161tuonkojis kosminei \u017eaidim\u0173 linksmybei! \ud83d\udef8\ud83d\udc19 Dog Comets Alien Octo nusileido \u017dem\u0117je ir yra pasiruo\u0161\u0119s nuvesti j\u016bs\u0173 \u0161un\u012f \u012f \u012fdomi\u0105 nuotyk\u012f! \u0160is linksmas ateivio draugas turi \u010dirpiant\u012f galv\u0105 ir tra\u0161kius tentaklius, kurie dar labiau praturtina \u017eaidimo laik\u0105. \ud83d\udc7e Kod\u0117l j\u016bs\u0173 \u0161uo myl\u0117s Alien Octo:\u2714 Dvigubi si\u016blai \u2013 ypa\u010d patvarus ir atsparus ply\u0161imui\u2714 \u010cirpianti galva \u2013 suteikia \u017eaidimo d\u017eiaugsmo ir stimuliuoja smalsum\u0105\u2714 Tra\u0161k\u016bs tentakliai \u2013 kvie\u010dia kramtyti ir \u017eaisti\u2714 Pl\u016bduriuoja vandenyje \u2013 puikiai tinka vandens \u017eaidimams ir apportavimui\u2714 Smagus dizainas \u2013 prieinamas 3 spalv\u0173, kiekvienas su unikaliu veidu \ud83d\udccf Dyd\u017eiai:\ud83d\udd39 M \u2013 28 cm\ud83d\udd39 L \u2013 37 cm Padovanokite savo \u0161uniui kosmin\u012f \u017eaidim\u0173 draug\u0105 \u017eaidimui, kramtymui ir vandens pramogoms \u2013 Dog Comets Alien Octo suteikia begalin\u012f smagum\u0105! \ud83d\ude80\ud83d\udc3e\" \/>\n<meta property=\"og:url\" content=\"https:\/\/miumjau.ee\/lt\/produktas\/suns-zaislas-dog-comets-alien-octo-m-oranzine\/\" \/>\n<meta property=\"og:site_name\" content=\"MiuMjau\" \/>\n<meta property=\"article:publisher\" content=\"https:\/\/www.facebook.com\/miumjaupood\/\" \/>\n<meta property=\"article:modified_time\" content=\"2026-01-07T18:44:12+00:00\" \/>\n<meta property=\"og:image\" content=\"https:\/\/miumjau.ee\/wp-content\/uploads\/2025\/03\/manguasi-koertele-dog-comets23.jpg\" \/>\n\t<meta property=\"og:image:width\" content=\"600\" \/>\n\t<meta property=\"og:image:height\" content=\"800\" \/>\n\t<meta property=\"og:image:type\" content=\"image\/jpeg\" \/>\n<meta name=\"twitter:card\" content=\"summary_large_image\" \/>\n<script type=\"application\/ld+json\" class=\"yoast-schema-graph\">{\"@context\":\"https:\/\/schema.org\",\"@graph\":[{\"@type\":\"WebPage\",\"@id\":\"https:\/\/miumjau.ee\/lt\/produktas\/suns-zaislas-dog-comets-alien-octo-m-oranzine\/\",\"url\":\"https:\/\/miumjau.ee\/lt\/produktas\/suns-zaislas-dog-comets-alien-octo-m-oranzine\/\",\"name\":\"\u0160uns \u017eaislas Dog Comets Alien Octo M, oran\u017ein\u0117 - MiuMjau\",\"isPartOf\":{\"@id\":\"https:\/\/miumjau.ee\/#website\"},\"primaryImageOfPage\":{\"@id\":\"https:\/\/miumjau.ee\/lt\/produktas\/suns-zaislas-dog-comets-alien-octo-m-oranzine\/#primaryimage\"},\"image\":{\"@id\":\"https:\/\/miumjau.ee\/lt\/produktas\/suns-zaislas-dog-comets-alien-octo-m-oranzine\/#primaryimage\"},\"thumbnailUrl\":\"https:\/\/miumjau.ee\/wp-content\/uploads\/2025\/03\/manguasi-koertele-dog-comets23.jpg\",\"datePublished\":\"2025-03-04T12:23:05+00:00\",\"dateModified\":\"2026-01-07T18:44:12+00:00\",\"breadcrumb\":{\"@id\":\"https:\/\/miumjau.ee\/lt\/produktas\/suns-zaislas-dog-comets-alien-octo-m-oranzine\/#breadcrumb\"},\"inLanguage\":\"lt-LT\",\"potentialAction\":[{\"@type\":\"ReadAction\",\"target\":[\"https:\/\/miumjau.ee\/lt\/produktas\/suns-zaislas-dog-comets-alien-octo-m-oranzine\/\"]}]},{\"@type\":\"ImageObject\",\"inLanguage\":\"lt-LT\",\"@id\":\"https:\/\/miumjau.ee\/lt\/produktas\/suns-zaislas-dog-comets-alien-octo-m-oranzine\/#primaryimage\",\"url\":\"https:\/\/miumjau.ee\/wp-content\/uploads\/2025\/03\/manguasi-koertele-dog-comets23.jpg\",\"contentUrl\":\"https:\/\/miumjau.ee\/wp-content\/uploads\/2025\/03\/manguasi-koertele-dog-comets23.jpg\",\"width\":600,\"height\":800},{\"@type\":\"BreadcrumbList\",\"@id\":\"https:\/\/miumjau.ee\/lt\/produktas\/suns-zaislas-dog-comets-alien-octo-m-oranzine\/#breadcrumb\",\"itemListElement\":[{\"@type\":\"ListItem\",\"position\":1,\"name\":\"Home\",\"item\":\"https:\/\/miumjau.ee\/lt\/\"},{\"@type\":\"ListItem\",\"position\":2,\"name\":\"Parduotuv\u0117\",\"item\":\"https:\/\/miumjau.ee\/lt\/parduotuve\/\"},{\"@type\":\"ListItem\",\"position\":3,\"name\":\"\u0160uns \u017eaislas Dog Comets Alien Octo M, oran\u017ein\u0117\"}]},{\"@type\":\"WebSite\",\"@id\":\"https:\/\/miumjau.ee\/#website\",\"url\":\"https:\/\/miumjau.ee\/\",\"name\":\"MiuMjau\",\"description\":\"Kraapimispuud kassidele\",\"publisher\":{\"@id\":\"https:\/\/miumjau.ee\/#organization\"},\"potentialAction\":[{\"@type\":\"SearchAction\",\"target\":{\"@type\":\"EntryPoint\",\"urlTemplate\":\"https:\/\/miumjau.ee\/?s={search_term_string}\"},\"query-input\":{\"@type\":\"PropertyValueSpecification\",\"valueRequired\":true,\"valueName\":\"search_term_string\"}}],\"inLanguage\":\"lt-LT\"},{\"@type\":\"Organization\",\"@id\":\"https:\/\/miumjau.ee\/#organization\",\"name\":\"MiuMjau O\u00dc\",\"url\":\"https:\/\/miumjau.ee\/\",\"logo\":{\"@type\":\"ImageObject\",\"inLanguage\":\"lt-LT\",\"@id\":\"https:\/\/miumjau.ee\/#\/schema\/logo\/image\/\",\"url\":\"https:\/\/miumjau.ee\/wp-content\/uploads\/2022\/04\/MiuMjau-logo-kollane.png\",\"contentUrl\":\"https:\/\/miumjau.ee\/wp-content\/uploads\/2022\/04\/MiuMjau-logo-kollane.png\",\"width\":219,\"height\":100,\"caption\":\"MiuMjau O\u00dc\"},\"image\":{\"@id\":\"https:\/\/miumjau.ee\/#\/schema\/logo\/image\/\"},\"sameAs\":[\"https:\/\/www.facebook.com\/miumjaupood\/\"]}]}<\/script>\n<!-- \/ Yoast SEO plugin. -->","yoast_head_json":{"title":"\u0160uns \u017eaislas Dog Comets Alien Octo M, oran\u017ein\u0117 - MiuMjau","robots":{"index":"index","follow":"follow","max-snippet":"max-snippet:-1","max-image-preview":"max-image-preview:large","max-video-preview":"max-video-preview:-1"},"canonical":"https:\/\/miumjau.ee\/lt\/produktas\/suns-zaislas-dog-comets-alien-octo-m-oranzine\/","og_locale":"lt_LT","og_type":"article","og_title":"\u0160uns \u017eaislas Dog Comets Alien Octo M, oran\u017ein\u0117 - MiuMjau","og_description":"Dog Comets Alien Octo \u2013 ateivi\u0173 a\u0161tuonkojis kosminei \u017eaidim\u0173 linksmybei! \ud83d\udef8\ud83d\udc19 Dog Comets Alien Octo nusileido \u017dem\u0117je ir yra pasiruo\u0161\u0119s nuvesti j\u016bs\u0173 \u0161un\u012f \u012f \u012fdomi\u0105 nuotyk\u012f! \u0160is linksmas ateivio draugas turi \u010dirpiant\u012f galv\u0105 ir tra\u0161kius tentaklius, kurie dar labiau praturtina \u017eaidimo laik\u0105. \ud83d\udc7e Kod\u0117l j\u016bs\u0173 \u0161uo myl\u0117s Alien Octo:\u2714 Dvigubi si\u016blai \u2013 ypa\u010d patvarus ir atsparus ply\u0161imui\u2714 \u010cirpianti galva \u2013 suteikia \u017eaidimo d\u017eiaugsmo ir stimuliuoja smalsum\u0105\u2714 Tra\u0161k\u016bs tentakliai \u2013 kvie\u010dia kramtyti ir \u017eaisti\u2714 Pl\u016bduriuoja vandenyje \u2013 puikiai tinka vandens \u017eaidimams ir apportavimui\u2714 Smagus dizainas \u2013 prieinamas 3 spalv\u0173, kiekvienas su unikaliu veidu \ud83d\udccf Dyd\u017eiai:\ud83d\udd39 M \u2013 28 cm\ud83d\udd39 L \u2013 37 cm Padovanokite savo \u0161uniui kosmin\u012f \u017eaidim\u0173 draug\u0105 \u017eaidimui, kramtymui ir vandens pramogoms \u2013 Dog Comets Alien Octo suteikia begalin\u012f smagum\u0105! \ud83d\ude80\ud83d\udc3e","og_url":"https:\/\/miumjau.ee\/lt\/produktas\/suns-zaislas-dog-comets-alien-octo-m-oranzine\/","og_site_name":"MiuMjau","article_publisher":"https:\/\/www.facebook.com\/miumjaupood\/","article_modified_time":"2026-01-07T18:44:12+00:00","og_image":[{"width":600,"height":800,"url":"https:\/\/miumjau.ee\/wp-content\/uploads\/2025\/03\/manguasi-koertele-dog-comets23.jpg","type":"image\/jpeg"}],"twitter_card":"summary_large_image","schema":{"@context":"https:\/\/schema.org","@graph":[{"@type":"WebPage","@id":"https:\/\/miumjau.ee\/lt\/produktas\/suns-zaislas-dog-comets-alien-octo-m-oranzine\/","url":"https:\/\/miumjau.ee\/lt\/produktas\/suns-zaislas-dog-comets-alien-octo-m-oranzine\/","name":"\u0160uns \u017eaislas Dog Comets Alien Octo M, oran\u017ein\u0117 - MiuMjau","isPartOf":{"@id":"https:\/\/miumjau.ee\/#website"},"primaryImageOfPage":{"@id":"https:\/\/miumjau.ee\/lt\/produktas\/suns-zaislas-dog-comets-alien-octo-m-oranzine\/#primaryimage"},"image":{"@id":"https:\/\/miumjau.ee\/lt\/produktas\/suns-zaislas-dog-comets-alien-octo-m-oranzine\/#primaryimage"},"thumbnailUrl":"https:\/\/miumjau.ee\/wp-content\/uploads\/2025\/03\/manguasi-koertele-dog-comets23.jpg","datePublished":"2025-03-04T12:23:05+00:00","dateModified":"2026-01-07T18:44:12+00:00","breadcrumb":{"@id":"https:\/\/miumjau.ee\/lt\/produktas\/suns-zaislas-dog-comets-alien-octo-m-oranzine\/#breadcrumb"},"inLanguage":"lt-LT","potentialAction":[{"@type":"ReadAction","target":["https:\/\/miumjau.ee\/lt\/produktas\/suns-zaislas-dog-comets-alien-octo-m-oranzine\/"]}]},{"@type":"ImageObject","inLanguage":"lt-LT","@id":"https:\/\/miumjau.ee\/lt\/produktas\/suns-zaislas-dog-comets-alien-octo-m-oranzine\/#primaryimage","url":"https:\/\/miumjau.ee\/wp-content\/uploads\/2025\/03\/manguasi-koertele-dog-comets23.jpg","contentUrl":"https:\/\/miumjau.ee\/wp-content\/uploads\/2025\/03\/manguasi-koertele-dog-comets23.jpg","width":600,"height":800},{"@type":"BreadcrumbList","@id":"https:\/\/miumjau.ee\/lt\/produktas\/suns-zaislas-dog-comets-alien-octo-m-oranzine\/#breadcrumb","itemListElement":[{"@type":"ListItem","position":1,"name":"Home","item":"https:\/\/miumjau.ee\/lt\/"},{"@type":"ListItem","position":2,"name":"Parduotuv\u0117","item":"https:\/\/miumjau.ee\/lt\/parduotuve\/"},{"@type":"ListItem","position":3,"name":"\u0160uns \u017eaislas Dog Comets Alien Octo M, oran\u017ein\u0117"}]},{"@type":"WebSite","@id":"https:\/\/miumjau.ee\/#website","url":"https:\/\/miumjau.ee\/","name":"MiuMjau","description":"Kraapimispuud kassidele","publisher":{"@id":"https:\/\/miumjau.ee\/#organization"},"potentialAction":[{"@type":"SearchAction","target":{"@type":"EntryPoint","urlTemplate":"https:\/\/miumjau.ee\/?s={search_term_string}"},"query-input":{"@type":"PropertyValueSpecification","valueRequired":true,"valueName":"search_term_string"}}],"inLanguage":"lt-LT"},{"@type":"Organization","@id":"https:\/\/miumjau.ee\/#organization","name":"MiuMjau O\u00dc","url":"https:\/\/miumjau.ee\/","logo":{"@type":"ImageObject","inLanguage":"lt-LT","@id":"https:\/\/miumjau.ee\/#\/schema\/logo\/image\/","url":"https:\/\/miumjau.ee\/wp-content\/uploads\/2022\/04\/MiuMjau-logo-kollane.png","contentUrl":"https:\/\/miumjau.ee\/wp-content\/uploads\/2022\/04\/MiuMjau-logo-kollane.png","width":219,"height":100,"caption":"MiuMjau O\u00dc"},"image":{"@id":"https:\/\/miumjau.ee\/#\/schema\/logo\/image\/"},"sameAs":["https:\/\/www.facebook.com\/miumjaupood\/"]}]}},"_links":{"self":[{"href":"https:\/\/miumjau.ee\/lt\/wp-json\/wp\/v2\/product\/48993","targetHints":{"allow":["GET"]}}],"collection":[{"href":"https:\/\/miumjau.ee\/lt\/wp-json\/wp\/v2\/product"}],"about":[{"href":"https:\/\/miumjau.ee\/lt\/wp-json\/wp\/v2\/types\/product"}],"wp:featuredmedia":[{"embeddable":true,"href":"https:\/\/miumjau.ee\/lt\/wp-json\/wp\/v2\/media\/48994"}],"wp:attachment":[{"href":"https:\/\/miumjau.ee\/lt\/wp-json\/wp\/v2\/media?parent=48993"}],"wp:term":[{"taxonomy":"product_brand","embeddable":true,"href":"https:\/\/miumjau.ee\/lt\/wp-json\/wp\/v2\/product_brand?post=48993"},{"taxonomy":"product_cat","embeddable":true,"href":"https:\/\/miumjau.ee\/lt\/wp-json\/wp\/v2\/product_cat?post=48993"},{"taxonomy":"product_tag","embeddable":true,"href":"https:\/\/miumjau.ee\/lt\/wp-json\/wp\/v2\/product_tag?post=48993"}],"curies":[{"name":"wp","href":"https:\/\/api.w.org\/{rel}","templated":true}]}}