{"id":48977,"date":"2025-03-05T09:45:11","date_gmt":"2025-03-05T07:45:11","guid":{"rendered":"https:\/\/miumjau.ee\/toode\/minkstas-kamuolys-sunims-vidaus-zaidimams-chuckit-indoor\/"},"modified":"2026-01-07T20:44:12","modified_gmt":"2026-01-07T18:44:12","slug":"minkstas-kamuolys-sunims-vidaus-zaidimams-chuckit-indoor","status":"publish","type":"product","link":"https:\/\/miumjau.ee\/lt\/produktas\/minkstas-kamuolys-sunims-vidaus-zaidimams-chuckit-indoor\/","title":{"rendered":"Mink\u0161tas kamuolys \u0161unims vidaus \u017eaidimams Chuckit! Indoor"},"content":{"rendered":"","protected":false},"excerpt":{"rendered":"<p data-start=\"3167\" data-end=\"3244\"><strong data-start=\"3167\" data-end=\"3244\">Chuckit! Indoor Ball \u2013 mink\u0161tas kamuolys saugiam \u017eaidimui patalpose! \ud83c\udfe0\ud83d\udc36<\/strong><\/p>\n<p data-start=\"3246\" data-end=\"3487\">Ar j\u016bs\u0173 \u0161uo m\u0117gsta gaudyti kamuoliuk\u0105, bet nenorite nerimauti d\u0117l l\u016b\u017etan\u010di\u0173 daikt\u0173? Chuckit! Indoor Ball sukurtas specialiai \u017eaidimui patalpose \u2013 jis mink\u0161tas, tylus ir \u0161okin\u0117jantis, suteikiantis saugi\u0105 pramog\u0105 tiek j\u016bs\u0173 \u0161uniui, tiek namams!<\/p>\n<p data-start=\"3489\" data-end=\"3899\">\ud83c\udfbe <strong data-start=\"3492\" data-end=\"3537\">Kod\u0117l verta rinktis Chuckit! Indoor Ball?<\/strong><br data-start=\"3537\" data-end=\"3540\" \/>\u2714 Bounceflex Core technologija \u2013 u\u017etikrina mink\u0161tum\u0105 ir \u0161veln\u0173 \u0161uol\u012f<br data-start=\"3608\" data-end=\"3611\" \/>\u2714 Saugus patalpose \u2013 nepa\u017eeid\u017eia bald\u0173 ar sien\u0173<br data-start=\"3658\" data-end=\"3661\" \/>\u2714 Tylus \u017eaislas \u2013 mink\u0161tas chenille pavir\u0161ius suma\u017eina triuk\u0161m\u0105 ir saugo grindis<br data-start=\"3741\" data-end=\"3744\" \/>\u2714 Laiko form\u0105 \u2013 tvirta put\u0173 \u0161erdis i\u0161laiko form\u0105 net ilgo \u017eaidimo metu<br data-start=\"3814\" data-end=\"3817\" \/>\u2714 Tobulas \u0161uolis \u2013 daugiasluoksn\u0117 strukt\u016bra suteikia papildomo \u017eaidimo d\u017eiaugsmo<\/p>\n<p data-start=\"3901\" data-end=\"3981\">\ud83d\udccf <strong data-start=\"3904\" data-end=\"3914\">Dydis:<\/strong><br data-start=\"3914\" data-end=\"3917\" \/>\ud83d\udd39 \u00d8 12 cm \u2013 idealiai tinka vidutinio ir didelio dyd\u017eio \u0161unims<\/p>\n<p data-start=\"3983\" data-end=\"4151\" data-is-last-node=\"\" data-is-only-node=\"\">M\u0117gaukit\u0117s ner\u016bpestingais ir smagiais \u017eaidimais patalpose su Chuckit! Indoor Ball \u2013 saugus, mink\u0161tas ir \u0161okin\u0117jantis \u017eaislas kiekvienam \u017eaidim\u0173 m\u0117gstan\u010diam \u0161uniui! \ud83d\udc3e\ud83c\udfe1<\/p>\n","protected":false},"featured_media":48975,"template":"","meta":[],"product_brand":[],"product_cat":[541],"product_tag":[],"class_list":{"0":"post-48977","1":"product","2":"type-product","3":"status-publish","4":"has-post-thumbnail","6":"product_cat-zaislai-sunims","8":"first","9":"instock","10":"taxable","11":"shipping-taxable","12":"purchasable","13":"product-type-simple"},"yoast_head":"<!-- This site is optimized with the Yoast SEO plugin v27.2 - https:\/\/yoast.com\/product\/yoast-seo-wordpress\/ -->\n<title>Mink\u0161tas kamuolys \u0161unims vidaus \u017eaidimams Chuckit! Indoor - MiuMjau<\/title>\n<meta name=\"robots\" content=\"index, follow, max-snippet:-1, max-image-preview:large, max-video-preview:-1\" \/>\n<link rel=\"canonical\" href=\"https:\/\/miumjau.ee\/lt\/produktas\/minkstas-kamuolys-sunims-vidaus-zaidimams-chuckit-indoor\/\" \/>\n<meta property=\"og:locale\" content=\"lt_LT\" \/>\n<meta property=\"og:type\" content=\"article\" \/>\n<meta property=\"og:title\" content=\"Mink\u0161tas kamuolys \u0161unims vidaus \u017eaidimams Chuckit! Indoor - MiuMjau\" \/>\n<meta property=\"og:description\" content=\"Chuckit! Indoor Ball \u2013 mink\u0161tas kamuolys saugiam \u017eaidimui patalpose! \ud83c\udfe0\ud83d\udc36 Ar j\u016bs\u0173 \u0161uo m\u0117gsta gaudyti kamuoliuk\u0105, bet nenorite nerimauti d\u0117l l\u016b\u017etan\u010di\u0173 daikt\u0173? Chuckit! Indoor Ball sukurtas specialiai \u017eaidimui patalpose \u2013 jis mink\u0161tas, tylus ir \u0161okin\u0117jantis, suteikiantis saugi\u0105 pramog\u0105 tiek j\u016bs\u0173 \u0161uniui, tiek namams! \ud83c\udfbe Kod\u0117l verta rinktis Chuckit! Indoor Ball?\u2714 Bounceflex Core technologija \u2013 u\u017etikrina mink\u0161tum\u0105 ir \u0161veln\u0173 \u0161uol\u012f\u2714 Saugus patalpose \u2013 nepa\u017eeid\u017eia bald\u0173 ar sien\u0173\u2714 Tylus \u017eaislas \u2013 mink\u0161tas chenille pavir\u0161ius suma\u017eina triuk\u0161m\u0105 ir saugo grindis\u2714 Laiko form\u0105 \u2013 tvirta put\u0173 \u0161erdis i\u0161laiko form\u0105 net ilgo \u017eaidimo metu\u2714 Tobulas \u0161uolis \u2013 daugiasluoksn\u0117 strukt\u016bra suteikia papildomo \u017eaidimo d\u017eiaugsmo \ud83d\udccf Dydis:\ud83d\udd39 \u00d8 12 cm \u2013 idealiai tinka vidutinio ir didelio dyd\u017eio \u0161unims M\u0117gaukit\u0117s ner\u016bpestingais ir smagiais \u017eaidimais patalpose su Chuckit! Indoor Ball \u2013 saugus, mink\u0161tas ir \u0161okin\u0117jantis \u017eaislas kiekvienam \u017eaidim\u0173 m\u0117gstan\u010diam \u0161uniui! \ud83d\udc3e\ud83c\udfe1\" \/>\n<meta property=\"og:url\" content=\"https:\/\/miumjau.ee\/lt\/produktas\/minkstas-kamuolys-sunims-vidaus-zaidimams-chuckit-indoor\/\" \/>\n<meta property=\"og:site_name\" content=\"MiuMjau\" \/>\n<meta property=\"article:publisher\" content=\"https:\/\/www.facebook.com\/miumjaupood\/\" \/>\n<meta property=\"article:modified_time\" content=\"2026-01-07T18:44:12+00:00\" \/>\n<meta property=\"og:image\" content=\"https:\/\/miumjau.ee\/wp-content\/uploads\/2025\/03\/manguasi-koerale-chuckit6.jpg\" \/>\n\t<meta property=\"og:image:width\" content=\"600\" \/>\n\t<meta property=\"og:image:height\" content=\"800\" \/>\n\t<meta property=\"og:image:type\" content=\"image\/jpeg\" \/>\n<meta name=\"twitter:card\" content=\"summary_large_image\" \/>\n<script type=\"application\/ld+json\" class=\"yoast-schema-graph\">{\"@context\":\"https:\/\/schema.org\",\"@graph\":[{\"@type\":\"WebPage\",\"@id\":\"https:\/\/miumjau.ee\/lt\/produktas\/minkstas-kamuolys-sunims-vidaus-zaidimams-chuckit-indoor\/\",\"url\":\"https:\/\/miumjau.ee\/lt\/produktas\/minkstas-kamuolys-sunims-vidaus-zaidimams-chuckit-indoor\/\",\"name\":\"Mink\u0161tas kamuolys \u0161unims vidaus \u017eaidimams Chuckit! Indoor - MiuMjau\",\"isPartOf\":{\"@id\":\"https:\/\/miumjau.ee\/#website\"},\"primaryImageOfPage\":{\"@id\":\"https:\/\/miumjau.ee\/lt\/produktas\/minkstas-kamuolys-sunims-vidaus-zaidimams-chuckit-indoor\/#primaryimage\"},\"image\":{\"@id\":\"https:\/\/miumjau.ee\/lt\/produktas\/minkstas-kamuolys-sunims-vidaus-zaidimams-chuckit-indoor\/#primaryimage\"},\"thumbnailUrl\":\"https:\/\/miumjau.ee\/wp-content\/uploads\/2025\/03\/manguasi-koerale-chuckit6.jpg\",\"datePublished\":\"2025-03-05T07:45:11+00:00\",\"dateModified\":\"2026-01-07T18:44:12+00:00\",\"breadcrumb\":{\"@id\":\"https:\/\/miumjau.ee\/lt\/produktas\/minkstas-kamuolys-sunims-vidaus-zaidimams-chuckit-indoor\/#breadcrumb\"},\"inLanguage\":\"lt-LT\",\"potentialAction\":[{\"@type\":\"ReadAction\",\"target\":[\"https:\/\/miumjau.ee\/lt\/produktas\/minkstas-kamuolys-sunims-vidaus-zaidimams-chuckit-indoor\/\"]}]},{\"@type\":\"ImageObject\",\"inLanguage\":\"lt-LT\",\"@id\":\"https:\/\/miumjau.ee\/lt\/produktas\/minkstas-kamuolys-sunims-vidaus-zaidimams-chuckit-indoor\/#primaryimage\",\"url\":\"https:\/\/miumjau.ee\/wp-content\/uploads\/2025\/03\/manguasi-koerale-chuckit6.jpg\",\"contentUrl\":\"https:\/\/miumjau.ee\/wp-content\/uploads\/2025\/03\/manguasi-koerale-chuckit6.jpg\",\"width\":600,\"height\":800},{\"@type\":\"BreadcrumbList\",\"@id\":\"https:\/\/miumjau.ee\/lt\/produktas\/minkstas-kamuolys-sunims-vidaus-zaidimams-chuckit-indoor\/#breadcrumb\",\"itemListElement\":[{\"@type\":\"ListItem\",\"position\":1,\"name\":\"Home\",\"item\":\"https:\/\/miumjau.ee\/lt\/\"},{\"@type\":\"ListItem\",\"position\":2,\"name\":\"Parduotuv\u0117\",\"item\":\"https:\/\/miumjau.ee\/lt\/parduotuve\/\"},{\"@type\":\"ListItem\",\"position\":3,\"name\":\"Mink\u0161tas kamuolys \u0161unims vidaus \u017eaidimams Chuckit! Indoor\"}]},{\"@type\":\"WebSite\",\"@id\":\"https:\/\/miumjau.ee\/#website\",\"url\":\"https:\/\/miumjau.ee\/\",\"name\":\"MiuMjau\",\"description\":\"Kraapimispuud kassidele\",\"publisher\":{\"@id\":\"https:\/\/miumjau.ee\/#organization\"},\"potentialAction\":[{\"@type\":\"SearchAction\",\"target\":{\"@type\":\"EntryPoint\",\"urlTemplate\":\"https:\/\/miumjau.ee\/?s={search_term_string}\"},\"query-input\":{\"@type\":\"PropertyValueSpecification\",\"valueRequired\":true,\"valueName\":\"search_term_string\"}}],\"inLanguage\":\"lt-LT\"},{\"@type\":\"Organization\",\"@id\":\"https:\/\/miumjau.ee\/#organization\",\"name\":\"MiuMjau O\u00dc\",\"url\":\"https:\/\/miumjau.ee\/\",\"logo\":{\"@type\":\"ImageObject\",\"inLanguage\":\"lt-LT\",\"@id\":\"https:\/\/miumjau.ee\/#\/schema\/logo\/image\/\",\"url\":\"https:\/\/miumjau.ee\/wp-content\/uploads\/2022\/04\/MiuMjau-logo-kollane.png\",\"contentUrl\":\"https:\/\/miumjau.ee\/wp-content\/uploads\/2022\/04\/MiuMjau-logo-kollane.png\",\"width\":219,\"height\":100,\"caption\":\"MiuMjau O\u00dc\"},\"image\":{\"@id\":\"https:\/\/miumjau.ee\/#\/schema\/logo\/image\/\"},\"sameAs\":[\"https:\/\/www.facebook.com\/miumjaupood\/\"]}]}<\/script>\n<!-- \/ Yoast SEO plugin. -->","yoast_head_json":{"title":"Mink\u0161tas kamuolys \u0161unims vidaus \u017eaidimams Chuckit! Indoor - MiuMjau","robots":{"index":"index","follow":"follow","max-snippet":"max-snippet:-1","max-image-preview":"max-image-preview:large","max-video-preview":"max-video-preview:-1"},"canonical":"https:\/\/miumjau.ee\/lt\/produktas\/minkstas-kamuolys-sunims-vidaus-zaidimams-chuckit-indoor\/","og_locale":"lt_LT","og_type":"article","og_title":"Mink\u0161tas kamuolys \u0161unims vidaus \u017eaidimams Chuckit! Indoor - MiuMjau","og_description":"Chuckit! Indoor Ball \u2013 mink\u0161tas kamuolys saugiam \u017eaidimui patalpose! \ud83c\udfe0\ud83d\udc36 Ar j\u016bs\u0173 \u0161uo m\u0117gsta gaudyti kamuoliuk\u0105, bet nenorite nerimauti d\u0117l l\u016b\u017etan\u010di\u0173 daikt\u0173? Chuckit! Indoor Ball sukurtas specialiai \u017eaidimui patalpose \u2013 jis mink\u0161tas, tylus ir \u0161okin\u0117jantis, suteikiantis saugi\u0105 pramog\u0105 tiek j\u016bs\u0173 \u0161uniui, tiek namams! \ud83c\udfbe Kod\u0117l verta rinktis Chuckit! Indoor Ball?\u2714 Bounceflex Core technologija \u2013 u\u017etikrina mink\u0161tum\u0105 ir \u0161veln\u0173 \u0161uol\u012f\u2714 Saugus patalpose \u2013 nepa\u017eeid\u017eia bald\u0173 ar sien\u0173\u2714 Tylus \u017eaislas \u2013 mink\u0161tas chenille pavir\u0161ius suma\u017eina triuk\u0161m\u0105 ir saugo grindis\u2714 Laiko form\u0105 \u2013 tvirta put\u0173 \u0161erdis i\u0161laiko form\u0105 net ilgo \u017eaidimo metu\u2714 Tobulas \u0161uolis \u2013 daugiasluoksn\u0117 strukt\u016bra suteikia papildomo \u017eaidimo d\u017eiaugsmo \ud83d\udccf Dydis:\ud83d\udd39 \u00d8 12 cm \u2013 idealiai tinka vidutinio ir didelio dyd\u017eio \u0161unims M\u0117gaukit\u0117s ner\u016bpestingais ir smagiais \u017eaidimais patalpose su Chuckit! Indoor Ball \u2013 saugus, mink\u0161tas ir \u0161okin\u0117jantis \u017eaislas kiekvienam \u017eaidim\u0173 m\u0117gstan\u010diam \u0161uniui! \ud83d\udc3e\ud83c\udfe1","og_url":"https:\/\/miumjau.ee\/lt\/produktas\/minkstas-kamuolys-sunims-vidaus-zaidimams-chuckit-indoor\/","og_site_name":"MiuMjau","article_publisher":"https:\/\/www.facebook.com\/miumjaupood\/","article_modified_time":"2026-01-07T18:44:12+00:00","og_image":[{"width":600,"height":800,"url":"https:\/\/miumjau.ee\/wp-content\/uploads\/2025\/03\/manguasi-koerale-chuckit6.jpg","type":"image\/jpeg"}],"twitter_card":"summary_large_image","schema":{"@context":"https:\/\/schema.org","@graph":[{"@type":"WebPage","@id":"https:\/\/miumjau.ee\/lt\/produktas\/minkstas-kamuolys-sunims-vidaus-zaidimams-chuckit-indoor\/","url":"https:\/\/miumjau.ee\/lt\/produktas\/minkstas-kamuolys-sunims-vidaus-zaidimams-chuckit-indoor\/","name":"Mink\u0161tas kamuolys \u0161unims vidaus \u017eaidimams Chuckit! Indoor - MiuMjau","isPartOf":{"@id":"https:\/\/miumjau.ee\/#website"},"primaryImageOfPage":{"@id":"https:\/\/miumjau.ee\/lt\/produktas\/minkstas-kamuolys-sunims-vidaus-zaidimams-chuckit-indoor\/#primaryimage"},"image":{"@id":"https:\/\/miumjau.ee\/lt\/produktas\/minkstas-kamuolys-sunims-vidaus-zaidimams-chuckit-indoor\/#primaryimage"},"thumbnailUrl":"https:\/\/miumjau.ee\/wp-content\/uploads\/2025\/03\/manguasi-koerale-chuckit6.jpg","datePublished":"2025-03-05T07:45:11+00:00","dateModified":"2026-01-07T18:44:12+00:00","breadcrumb":{"@id":"https:\/\/miumjau.ee\/lt\/produktas\/minkstas-kamuolys-sunims-vidaus-zaidimams-chuckit-indoor\/#breadcrumb"},"inLanguage":"lt-LT","potentialAction":[{"@type":"ReadAction","target":["https:\/\/miumjau.ee\/lt\/produktas\/minkstas-kamuolys-sunims-vidaus-zaidimams-chuckit-indoor\/"]}]},{"@type":"ImageObject","inLanguage":"lt-LT","@id":"https:\/\/miumjau.ee\/lt\/produktas\/minkstas-kamuolys-sunims-vidaus-zaidimams-chuckit-indoor\/#primaryimage","url":"https:\/\/miumjau.ee\/wp-content\/uploads\/2025\/03\/manguasi-koerale-chuckit6.jpg","contentUrl":"https:\/\/miumjau.ee\/wp-content\/uploads\/2025\/03\/manguasi-koerale-chuckit6.jpg","width":600,"height":800},{"@type":"BreadcrumbList","@id":"https:\/\/miumjau.ee\/lt\/produktas\/minkstas-kamuolys-sunims-vidaus-zaidimams-chuckit-indoor\/#breadcrumb","itemListElement":[{"@type":"ListItem","position":1,"name":"Home","item":"https:\/\/miumjau.ee\/lt\/"},{"@type":"ListItem","position":2,"name":"Parduotuv\u0117","item":"https:\/\/miumjau.ee\/lt\/parduotuve\/"},{"@type":"ListItem","position":3,"name":"Mink\u0161tas kamuolys \u0161unims vidaus \u017eaidimams Chuckit! Indoor"}]},{"@type":"WebSite","@id":"https:\/\/miumjau.ee\/#website","url":"https:\/\/miumjau.ee\/","name":"MiuMjau","description":"Kraapimispuud kassidele","publisher":{"@id":"https:\/\/miumjau.ee\/#organization"},"potentialAction":[{"@type":"SearchAction","target":{"@type":"EntryPoint","urlTemplate":"https:\/\/miumjau.ee\/?s={search_term_string}"},"query-input":{"@type":"PropertyValueSpecification","valueRequired":true,"valueName":"search_term_string"}}],"inLanguage":"lt-LT"},{"@type":"Organization","@id":"https:\/\/miumjau.ee\/#organization","name":"MiuMjau O\u00dc","url":"https:\/\/miumjau.ee\/","logo":{"@type":"ImageObject","inLanguage":"lt-LT","@id":"https:\/\/miumjau.ee\/#\/schema\/logo\/image\/","url":"https:\/\/miumjau.ee\/wp-content\/uploads\/2022\/04\/MiuMjau-logo-kollane.png","contentUrl":"https:\/\/miumjau.ee\/wp-content\/uploads\/2022\/04\/MiuMjau-logo-kollane.png","width":219,"height":100,"caption":"MiuMjau O\u00dc"},"image":{"@id":"https:\/\/miumjau.ee\/#\/schema\/logo\/image\/"},"sameAs":["https:\/\/www.facebook.com\/miumjaupood\/"]}]}},"_links":{"self":[{"href":"https:\/\/miumjau.ee\/lt\/wp-json\/wp\/v2\/product\/48977","targetHints":{"allow":["GET"]}}],"collection":[{"href":"https:\/\/miumjau.ee\/lt\/wp-json\/wp\/v2\/product"}],"about":[{"href":"https:\/\/miumjau.ee\/lt\/wp-json\/wp\/v2\/types\/product"}],"wp:featuredmedia":[{"embeddable":true,"href":"https:\/\/miumjau.ee\/lt\/wp-json\/wp\/v2\/media\/48975"}],"wp:attachment":[{"href":"https:\/\/miumjau.ee\/lt\/wp-json\/wp\/v2\/media?parent=48977"}],"wp:term":[{"taxonomy":"product_brand","embeddable":true,"href":"https:\/\/miumjau.ee\/lt\/wp-json\/wp\/v2\/product_brand?post=48977"},{"taxonomy":"product_cat","embeddable":true,"href":"https:\/\/miumjau.ee\/lt\/wp-json\/wp\/v2\/product_cat?post=48977"},{"taxonomy":"product_tag","embeddable":true,"href":"https:\/\/miumjau.ee\/lt\/wp-json\/wp\/v2\/product_tag?post=48977"}],"curies":[{"name":"wp","href":"https:\/\/api.w.org\/{rel}","templated":true}]}}