{"id":48969,"date":"2025-03-05T09:52:08","date_gmt":"2025-03-05T07:52:08","guid":{"rendered":"https:\/\/miumjau.ee\/toode\/teniso-kamuoliukai-sunims-4-vnt-m-chuckit\/"},"modified":"2026-01-07T20:44:19","modified_gmt":"2026-01-07T18:44:19","slug":"teniso-kamuoliukai-sunims-4-vnt-m-chuckit","status":"publish","type":"product","link":"https:\/\/miumjau.ee\/lt\/produktas\/teniso-kamuoliukai-sunims-4-vnt-m-chuckit\/","title":{"rendered":"Teniso kamuoliukai \u0161unims 4 vnt M Chuckit!"},"content":{"rendered":"","protected":false},"excerpt":{"rendered":"<p data-start=\"3091\" data-end=\"3153\"><strong data-start=\"3091\" data-end=\"3153\">Chuckit! Tennis Ball \u2013 tvirtas \u017eaislas j\u016bs\u0173 augintiniui \ud83d\udc36<\/strong><\/p>\n<p data-start=\"3155\" data-end=\"3382\">Padarykite kiekvien\u0105 \u017eaidimo sesij\u0105 dar smagesn\u0119 su Chuckit! Tennis Ball kamuoliukais! D\u0117l ekstra storos nat\u016bralios gumos \u0161erdies \u0161ie kamuoliai yra ypa\u010d patvar\u016bs, auk\u0161tai \u0161oka ir puikiai tinka m\u0117tymui bei apportavimo \u017eaidimams.<\/p>\n<p data-start=\"3384\" data-end=\"3747\">\ud83d\udd25 <strong data-start=\"3387\" data-end=\"3426\">Kod\u0117l rinktis Chuckit! Tennis Ball?<\/strong><br data-start=\"3426\" data-end=\"3429\" \/>\u2714 Tvirti ir patvar\u016bs \u2013 ekstra stora gumin\u0117 \u0161erdis ilgesniam naudojimui<br data-start=\"3499\" data-end=\"3502\" \/>\u2714 Auk\u0161tas \u0161uolis \u2013 suteikia \u017eaidimui dar daugiau energijos<br data-start=\"3560\" data-end=\"3563\" \/>\u2714 Suderinami su Chuckit! m\u0117tytuvais \u2013 lengvesni ir tolesni metimai<br data-start=\"3629\" data-end=\"3632\" \/>\u2714 Pl\u016bduriuoja vandenyje \u2013 idealu \u017eaidimams vandenyje<br data-start=\"3684\" data-end=\"3687\" \/>\u2714 Specialus dizainas \u2013 specialiai \u0161unims, saugu ir patvaru<\/p>\n<p data-start=\"3749\" data-end=\"3887\">\ud83d\udccf <strong data-start=\"3752\" data-end=\"3776\">Dyd\u017eiai ir pakuot\u0117s:<\/strong><br data-start=\"3776\" data-end=\"3779\" \/>\ud83d\udd39 S \u2013 \u00d8 5 cm (2 vnt\/pakuot\u0117je)<br data-start=\"3810\" data-end=\"3813\" \/>\ud83d\udd39 M \u2013 \u00d8 6 cm (2 arba 4 vnt\/pakuot\u0117je)<br data-start=\"3851\" data-end=\"3854\" \/>\ud83d\udd39 L \u2013 \u00d8 7 cm (2 vnt\/pakuot\u0117je)<\/p>\n<p data-start=\"3889\" data-end=\"4024\" data-is-last-node=\"\" data-is-only-node=\"\">Pakelk \u017eaidimo laik\u0105 \u012f nauj\u0105 lyg\u012f su Chuckit! Tennis Ball \u2013 patvar\u016bs, \u0161okin\u0117jantys ir ideal\u016bs j\u016bs\u0173 \u0161uns m\u0117gstamiausiems \u017eaidimams! \ud83d\ude80\ud83d\udc3e<\/p>\n","protected":false},"featured_media":48970,"template":"","meta":[],"product_brand":[],"product_cat":[541],"product_tag":[],"class_list":{"0":"post-48969","1":"product","2":"type-product","3":"status-publish","4":"has-post-thumbnail","6":"product_cat-zaislai-sunims","8":"first","9":"instock","10":"taxable","11":"shipping-taxable","12":"purchasable","13":"product-type-simple"},"yoast_head":"<!-- This site is optimized with the Yoast SEO plugin v27.4 - https:\/\/yoast.com\/product\/yoast-seo-wordpress\/ -->\n<title>Teniso kamuoliukai \u0161unims 4 vnt M Chuckit! - MiuMjau<\/title>\n<meta name=\"robots\" content=\"index, follow, max-snippet:-1, max-image-preview:large, max-video-preview:-1\" \/>\n<link rel=\"canonical\" href=\"https:\/\/miumjau.ee\/lt\/produktas\/teniso-kamuoliukai-sunims-4-vnt-m-chuckit\/\" \/>\n<meta property=\"og:locale\" content=\"lt_LT\" \/>\n<meta property=\"og:type\" content=\"article\" \/>\n<meta property=\"og:title\" content=\"Teniso kamuoliukai \u0161unims 4 vnt M Chuckit! - MiuMjau\" \/>\n<meta property=\"og:description\" content=\"Chuckit! Tennis Ball \u2013 tvirtas \u017eaislas j\u016bs\u0173 augintiniui \ud83d\udc36 Padarykite kiekvien\u0105 \u017eaidimo sesij\u0105 dar smagesn\u0119 su Chuckit! Tennis Ball kamuoliukais! D\u0117l ekstra storos nat\u016bralios gumos \u0161erdies \u0161ie kamuoliai yra ypa\u010d patvar\u016bs, auk\u0161tai \u0161oka ir puikiai tinka m\u0117tymui bei apportavimo \u017eaidimams. \ud83d\udd25 Kod\u0117l rinktis Chuckit! Tennis Ball?\u2714 Tvirti ir patvar\u016bs \u2013 ekstra stora gumin\u0117 \u0161erdis ilgesniam naudojimui\u2714 Auk\u0161tas \u0161uolis \u2013 suteikia \u017eaidimui dar daugiau energijos\u2714 Suderinami su Chuckit! m\u0117tytuvais \u2013 lengvesni ir tolesni metimai\u2714 Pl\u016bduriuoja vandenyje \u2013 idealu \u017eaidimams vandenyje\u2714 Specialus dizainas \u2013 specialiai \u0161unims, saugu ir patvaru \ud83d\udccf Dyd\u017eiai ir pakuot\u0117s:\ud83d\udd39 S \u2013 \u00d8 5 cm (2 vnt\/pakuot\u0117je)\ud83d\udd39 M \u2013 \u00d8 6 cm (2 arba 4 vnt\/pakuot\u0117je)\ud83d\udd39 L \u2013 \u00d8 7 cm (2 vnt\/pakuot\u0117je) Pakelk \u017eaidimo laik\u0105 \u012f nauj\u0105 lyg\u012f su Chuckit! Tennis Ball \u2013 patvar\u016bs, \u0161okin\u0117jantys ir ideal\u016bs j\u016bs\u0173 \u0161uns m\u0117gstamiausiems \u017eaidimams! \ud83d\ude80\ud83d\udc3e\" \/>\n<meta property=\"og:url\" content=\"https:\/\/miumjau.ee\/lt\/produktas\/teniso-kamuoliukai-sunims-4-vnt-m-chuckit\/\" \/>\n<meta property=\"og:site_name\" content=\"MiuMjau\" \/>\n<meta property=\"article:publisher\" content=\"https:\/\/www.facebook.com\/miumjaupood\/\" \/>\n<meta property=\"article:modified_time\" content=\"2026-01-07T18:44:19+00:00\" \/>\n<meta property=\"og:image\" content=\"https:\/\/miumjau.ee\/wp-content\/uploads\/2025\/03\/manguasi-koerale-chuckit3.jpg\" \/>\n\t<meta property=\"og:image:width\" content=\"600\" \/>\n\t<meta property=\"og:image:height\" content=\"800\" \/>\n\t<meta property=\"og:image:type\" content=\"image\/jpeg\" \/>\n<meta name=\"twitter:card\" content=\"summary_large_image\" \/>\n<script type=\"application\/ld+json\" class=\"yoast-schema-graph\">{\"@context\":\"https:\\\/\\\/schema.org\",\"@graph\":[{\"@type\":\"WebPage\",\"@id\":\"https:\\\/\\\/miumjau.ee\\\/lt\\\/produktas\\\/teniso-kamuoliukai-sunims-4-vnt-m-chuckit\\\/\",\"url\":\"https:\\\/\\\/miumjau.ee\\\/lt\\\/produktas\\\/teniso-kamuoliukai-sunims-4-vnt-m-chuckit\\\/\",\"name\":\"Teniso kamuoliukai \u0161unims 4 vnt M Chuckit! - MiuMjau\",\"isPartOf\":{\"@id\":\"https:\\\/\\\/miumjau.ee\\\/#website\"},\"primaryImageOfPage\":{\"@id\":\"https:\\\/\\\/miumjau.ee\\\/lt\\\/produktas\\\/teniso-kamuoliukai-sunims-4-vnt-m-chuckit\\\/#primaryimage\"},\"image\":{\"@id\":\"https:\\\/\\\/miumjau.ee\\\/lt\\\/produktas\\\/teniso-kamuoliukai-sunims-4-vnt-m-chuckit\\\/#primaryimage\"},\"thumbnailUrl\":\"https:\\\/\\\/miumjau.ee\\\/wp-content\\\/uploads\\\/2025\\\/03\\\/manguasi-koerale-chuckit3.jpg\",\"datePublished\":\"2025-03-05T07:52:08+00:00\",\"dateModified\":\"2026-01-07T18:44:19+00:00\",\"breadcrumb\":{\"@id\":\"https:\\\/\\\/miumjau.ee\\\/lt\\\/produktas\\\/teniso-kamuoliukai-sunims-4-vnt-m-chuckit\\\/#breadcrumb\"},\"inLanguage\":\"lt-LT\",\"potentialAction\":[{\"@type\":\"ReadAction\",\"target\":[\"https:\\\/\\\/miumjau.ee\\\/lt\\\/produktas\\\/teniso-kamuoliukai-sunims-4-vnt-m-chuckit\\\/\"]}]},{\"@type\":\"ImageObject\",\"inLanguage\":\"lt-LT\",\"@id\":\"https:\\\/\\\/miumjau.ee\\\/lt\\\/produktas\\\/teniso-kamuoliukai-sunims-4-vnt-m-chuckit\\\/#primaryimage\",\"url\":\"https:\\\/\\\/miumjau.ee\\\/wp-content\\\/uploads\\\/2025\\\/03\\\/manguasi-koerale-chuckit3.jpg\",\"contentUrl\":\"https:\\\/\\\/miumjau.ee\\\/wp-content\\\/uploads\\\/2025\\\/03\\\/manguasi-koerale-chuckit3.jpg\",\"width\":600,\"height\":800},{\"@type\":\"BreadcrumbList\",\"@id\":\"https:\\\/\\\/miumjau.ee\\\/lt\\\/produktas\\\/teniso-kamuoliukai-sunims-4-vnt-m-chuckit\\\/#breadcrumb\",\"itemListElement\":[{\"@type\":\"ListItem\",\"position\":1,\"name\":\"Home\",\"item\":\"https:\\\/\\\/miumjau.ee\\\/lt\\\/\"},{\"@type\":\"ListItem\",\"position\":2,\"name\":\"Parduotuv\u0117\",\"item\":\"https:\\\/\\\/miumjau.ee\\\/lt\\\/parduotuve\\\/\"},{\"@type\":\"ListItem\",\"position\":3,\"name\":\"Teniso kamuoliukai \u0161unims 4 vnt M Chuckit!\"}]},{\"@type\":\"WebSite\",\"@id\":\"https:\\\/\\\/miumjau.ee\\\/#website\",\"url\":\"https:\\\/\\\/miumjau.ee\\\/\",\"name\":\"MiuMjau\",\"description\":\"Kraapimispuud kassidele\",\"publisher\":{\"@id\":\"https:\\\/\\\/miumjau.ee\\\/#organization\"},\"potentialAction\":[{\"@type\":\"SearchAction\",\"target\":{\"@type\":\"EntryPoint\",\"urlTemplate\":\"https:\\\/\\\/miumjau.ee\\\/?s={search_term_string}\"},\"query-input\":{\"@type\":\"PropertyValueSpecification\",\"valueRequired\":true,\"valueName\":\"search_term_string\"}}],\"inLanguage\":\"lt-LT\"},{\"@type\":\"Organization\",\"@id\":\"https:\\\/\\\/miumjau.ee\\\/#organization\",\"name\":\"MiuMjau O\u00dc\",\"url\":\"https:\\\/\\\/miumjau.ee\\\/\",\"logo\":{\"@type\":\"ImageObject\",\"inLanguage\":\"lt-LT\",\"@id\":\"https:\\\/\\\/miumjau.ee\\\/#\\\/schema\\\/logo\\\/image\\\/\",\"url\":\"https:\\\/\\\/miumjau.ee\\\/wp-content\\\/uploads\\\/2022\\\/04\\\/MiuMjau-logo-kollane.png\",\"contentUrl\":\"https:\\\/\\\/miumjau.ee\\\/wp-content\\\/uploads\\\/2022\\\/04\\\/MiuMjau-logo-kollane.png\",\"width\":219,\"height\":100,\"caption\":\"MiuMjau O\u00dc\"},\"image\":{\"@id\":\"https:\\\/\\\/miumjau.ee\\\/#\\\/schema\\\/logo\\\/image\\\/\"},\"sameAs\":[\"https:\\\/\\\/www.facebook.com\\\/miumjaupood\\\/\"]}]}<\/script>\n<!-- \/ Yoast SEO plugin. -->","yoast_head_json":{"title":"Teniso kamuoliukai \u0161unims 4 vnt M Chuckit! - MiuMjau","robots":{"index":"index","follow":"follow","max-snippet":"max-snippet:-1","max-image-preview":"max-image-preview:large","max-video-preview":"max-video-preview:-1"},"canonical":"https:\/\/miumjau.ee\/lt\/produktas\/teniso-kamuoliukai-sunims-4-vnt-m-chuckit\/","og_locale":"lt_LT","og_type":"article","og_title":"Teniso kamuoliukai \u0161unims 4 vnt M Chuckit! - MiuMjau","og_description":"Chuckit! Tennis Ball \u2013 tvirtas \u017eaislas j\u016bs\u0173 augintiniui \ud83d\udc36 Padarykite kiekvien\u0105 \u017eaidimo sesij\u0105 dar smagesn\u0119 su Chuckit! Tennis Ball kamuoliukais! D\u0117l ekstra storos nat\u016bralios gumos \u0161erdies \u0161ie kamuoliai yra ypa\u010d patvar\u016bs, auk\u0161tai \u0161oka ir puikiai tinka m\u0117tymui bei apportavimo \u017eaidimams. \ud83d\udd25 Kod\u0117l rinktis Chuckit! Tennis Ball?\u2714 Tvirti ir patvar\u016bs \u2013 ekstra stora gumin\u0117 \u0161erdis ilgesniam naudojimui\u2714 Auk\u0161tas \u0161uolis \u2013 suteikia \u017eaidimui dar daugiau energijos\u2714 Suderinami su Chuckit! m\u0117tytuvais \u2013 lengvesni ir tolesni metimai\u2714 Pl\u016bduriuoja vandenyje \u2013 idealu \u017eaidimams vandenyje\u2714 Specialus dizainas \u2013 specialiai \u0161unims, saugu ir patvaru \ud83d\udccf Dyd\u017eiai ir pakuot\u0117s:\ud83d\udd39 S \u2013 \u00d8 5 cm (2 vnt\/pakuot\u0117je)\ud83d\udd39 M \u2013 \u00d8 6 cm (2 arba 4 vnt\/pakuot\u0117je)\ud83d\udd39 L \u2013 \u00d8 7 cm (2 vnt\/pakuot\u0117je) Pakelk \u017eaidimo laik\u0105 \u012f nauj\u0105 lyg\u012f su Chuckit! Tennis Ball \u2013 patvar\u016bs, \u0161okin\u0117jantys ir ideal\u016bs j\u016bs\u0173 \u0161uns m\u0117gstamiausiems \u017eaidimams! \ud83d\ude80\ud83d\udc3e","og_url":"https:\/\/miumjau.ee\/lt\/produktas\/teniso-kamuoliukai-sunims-4-vnt-m-chuckit\/","og_site_name":"MiuMjau","article_publisher":"https:\/\/www.facebook.com\/miumjaupood\/","article_modified_time":"2026-01-07T18:44:19+00:00","og_image":[{"width":600,"height":800,"url":"https:\/\/miumjau.ee\/wp-content\/uploads\/2025\/03\/manguasi-koerale-chuckit3.jpg","type":"image\/jpeg"}],"twitter_card":"summary_large_image","schema":{"@context":"https:\/\/schema.org","@graph":[{"@type":"WebPage","@id":"https:\/\/miumjau.ee\/lt\/produktas\/teniso-kamuoliukai-sunims-4-vnt-m-chuckit\/","url":"https:\/\/miumjau.ee\/lt\/produktas\/teniso-kamuoliukai-sunims-4-vnt-m-chuckit\/","name":"Teniso kamuoliukai \u0161unims 4 vnt M Chuckit! - MiuMjau","isPartOf":{"@id":"https:\/\/miumjau.ee\/#website"},"primaryImageOfPage":{"@id":"https:\/\/miumjau.ee\/lt\/produktas\/teniso-kamuoliukai-sunims-4-vnt-m-chuckit\/#primaryimage"},"image":{"@id":"https:\/\/miumjau.ee\/lt\/produktas\/teniso-kamuoliukai-sunims-4-vnt-m-chuckit\/#primaryimage"},"thumbnailUrl":"https:\/\/miumjau.ee\/wp-content\/uploads\/2025\/03\/manguasi-koerale-chuckit3.jpg","datePublished":"2025-03-05T07:52:08+00:00","dateModified":"2026-01-07T18:44:19+00:00","breadcrumb":{"@id":"https:\/\/miumjau.ee\/lt\/produktas\/teniso-kamuoliukai-sunims-4-vnt-m-chuckit\/#breadcrumb"},"inLanguage":"lt-LT","potentialAction":[{"@type":"ReadAction","target":["https:\/\/miumjau.ee\/lt\/produktas\/teniso-kamuoliukai-sunims-4-vnt-m-chuckit\/"]}]},{"@type":"ImageObject","inLanguage":"lt-LT","@id":"https:\/\/miumjau.ee\/lt\/produktas\/teniso-kamuoliukai-sunims-4-vnt-m-chuckit\/#primaryimage","url":"https:\/\/miumjau.ee\/wp-content\/uploads\/2025\/03\/manguasi-koerale-chuckit3.jpg","contentUrl":"https:\/\/miumjau.ee\/wp-content\/uploads\/2025\/03\/manguasi-koerale-chuckit3.jpg","width":600,"height":800},{"@type":"BreadcrumbList","@id":"https:\/\/miumjau.ee\/lt\/produktas\/teniso-kamuoliukai-sunims-4-vnt-m-chuckit\/#breadcrumb","itemListElement":[{"@type":"ListItem","position":1,"name":"Home","item":"https:\/\/miumjau.ee\/lt\/"},{"@type":"ListItem","position":2,"name":"Parduotuv\u0117","item":"https:\/\/miumjau.ee\/lt\/parduotuve\/"},{"@type":"ListItem","position":3,"name":"Teniso kamuoliukai \u0161unims 4 vnt M Chuckit!"}]},{"@type":"WebSite","@id":"https:\/\/miumjau.ee\/#website","url":"https:\/\/miumjau.ee\/","name":"MiuMjau","description":"Kraapimispuud kassidele","publisher":{"@id":"https:\/\/miumjau.ee\/#organization"},"potentialAction":[{"@type":"SearchAction","target":{"@type":"EntryPoint","urlTemplate":"https:\/\/miumjau.ee\/?s={search_term_string}"},"query-input":{"@type":"PropertyValueSpecification","valueRequired":true,"valueName":"search_term_string"}}],"inLanguage":"lt-LT"},{"@type":"Organization","@id":"https:\/\/miumjau.ee\/#organization","name":"MiuMjau O\u00dc","url":"https:\/\/miumjau.ee\/","logo":{"@type":"ImageObject","inLanguage":"lt-LT","@id":"https:\/\/miumjau.ee\/#\/schema\/logo\/image\/","url":"https:\/\/miumjau.ee\/wp-content\/uploads\/2022\/04\/MiuMjau-logo-kollane.png","contentUrl":"https:\/\/miumjau.ee\/wp-content\/uploads\/2022\/04\/MiuMjau-logo-kollane.png","width":219,"height":100,"caption":"MiuMjau O\u00dc"},"image":{"@id":"https:\/\/miumjau.ee\/#\/schema\/logo\/image\/"},"sameAs":["https:\/\/www.facebook.com\/miumjaupood\/"]}]}},"_links":{"self":[{"href":"https:\/\/miumjau.ee\/lt\/wp-json\/wp\/v2\/product\/48969","targetHints":{"allow":["GET"]}}],"collection":[{"href":"https:\/\/miumjau.ee\/lt\/wp-json\/wp\/v2\/product"}],"about":[{"href":"https:\/\/miumjau.ee\/lt\/wp-json\/wp\/v2\/types\/product"}],"wp:featuredmedia":[{"embeddable":true,"href":"https:\/\/miumjau.ee\/lt\/wp-json\/wp\/v2\/media\/48970"}],"wp:attachment":[{"href":"https:\/\/miumjau.ee\/lt\/wp-json\/wp\/v2\/media?parent=48969"}],"wp:term":[{"taxonomy":"product_brand","embeddable":true,"href":"https:\/\/miumjau.ee\/lt\/wp-json\/wp\/v2\/product_brand?post=48969"},{"taxonomy":"product_cat","embeddable":true,"href":"https:\/\/miumjau.ee\/lt\/wp-json\/wp\/v2\/product_cat?post=48969"},{"taxonomy":"product_tag","embeddable":true,"href":"https:\/\/miumjau.ee\/lt\/wp-json\/wp\/v2\/product_tag?post=48969"}],"curies":[{"name":"wp","href":"https:\/\/api.w.org\/{rel}","templated":true}]}}