{"id":48963,"date":"2025-03-05T10:03:53","date_gmt":"2025-03-05T08:03:53","guid":{"rendered":"https:\/\/miumjau.ee\/toode\/kamuolys-sunims-vandens-ir-aportavimo-zaidimams-chuckit-ultra-xl\/"},"modified":"2026-01-07T20:44:19","modified_gmt":"2026-01-07T18:44:19","slug":"kamuolys-sunims-vandens-ir-aportavimo-zaidimams-chuckit-ultra-xl","status":"publish","type":"product","link":"https:\/\/miumjau.ee\/lt\/produktas\/kamuolys-sunims-vandens-ir-aportavimo-zaidimams-chuckit-ultra-xl\/","title":{"rendered":"Kamuolys \u0161unims vandens ir aportavimo \u017eaidimams Chuckit! Ultra XL"},"content":{"rendered":"","protected":false},"excerpt":{"rendered":"<p data-start=\"3433\" data-end=\"3541\"><strong data-start=\"3433\" data-end=\"3541\">Chuckit! Ultra Ball \u2013 itin tvirtas ir auk\u0161tai \u0161okin\u0117jantis kamuolys maksimaliam \u017eaidimo d\u017eiaugsmui! \ud83c\udfbe\ud83d\udc36<\/strong><\/p>\n<p data-start=\"3543\" data-end=\"3838\">Chuckit! Ultra Ball sukurtas specialiai aportavimo \u017eaidimams \u2013 \u0161okin\u0117ja auk\u0161\u010diau ir toliau nei \u012fprasti kamuoliai bei tinka visiems pavir\u0161iams! Pagamintas i\u0161 patvarios gumos, kamuolys yra itin tvirtas, ry\u0161ki\u0173 spalv\u0173, tod\u0117l lengvai matomas, ir pl\u016bduriuoja, kad \u017eaidimai gal\u0117t\u0173 t\u0119stis ir vandenyje.<\/p>\n<p data-start=\"3840\" data-end=\"4223\">\ud83d\udd25 <strong data-start=\"3843\" data-end=\"3887\">Kod\u0117l verta rinktis Chuckit! Ultra Ball?<\/strong><br data-start=\"3887\" data-end=\"3890\" \/>\u2714 Itin patvarus \u2013 stipri guma atlaiko ir aktyv\u0173 kramtym\u0105<br data-start=\"3946\" data-end=\"3949\" \/>\u2714 Auk\u0161tas ir tolimas at\u0161okimas \u2013 puikiai tinka interaktyviems \u017eaidimams<br data-start=\"4020\" data-end=\"4023\" \/>\u2714 Suderinamas su Chuckit! m\u0117tytuvais \u2013 tolimesni ir tikslesni metimai<br data-start=\"4092\" data-end=\"4095\" \/>\u2714 Pl\u016bduriuoja vandenyje \u2013 \u017eaidimams sausumoje ir vandenyje<br data-start=\"4153\" data-end=\"4156\" \/>\u2714 Geras matomumas \u2013 ry\u0161kios spalvos leid\u017eia lengvai rasti kamuol\u012f<\/p>\n<p data-start=\"4225\" data-end=\"4326\">\ud83d\udccf <strong data-start=\"4228\" data-end=\"4240\">Dyd\u017eiai:<\/strong><br data-start=\"4240\" data-end=\"4243\" \/>\ud83d\udd39 S \u2013 \u00d8 5 cm<br data-start=\"4256\" data-end=\"4259\" \/>\ud83d\udd39 M \u2013 \u00d8 6 cm<br data-start=\"4272\" data-end=\"4275\" \/>\ud83d\udd39 L \u2013 \u00d8 7 cm<br data-start=\"4288\" data-end=\"4291\" \/>\ud83d\udd39 XL \u2013 \u00d8 9 cm<br data-start=\"4305\" data-end=\"4308\" \/>\ud83d\udd39 XXL \u2013 \u00d8 10 cm<\/p>\n<p data-start=\"4328\" data-end=\"4469\" data-is-last-node=\"\" data-is-only-node=\"\">Pakelk savo \u0161uns \u017eaidim\u0173 patirt\u012f \u012f nauj\u0105 lyg\u012f su Chuckit! Ultra Ball \u2013 tvirtas, \u0161oklus ir idealus kiekvienam nuotyki\u0173 ie\u0161kan\u010diam \u0161uniui! \ud83d\ude80\ud83d\udc3e<\/p>\n","protected":false},"featured_media":48961,"template":"","meta":[],"product_brand":[],"product_cat":[541],"product_tag":[],"class_list":{"0":"post-48963","1":"product","2":"type-product","3":"status-publish","4":"has-post-thumbnail","6":"product_cat-zaislai-sunims","8":"first","9":"instock","10":"taxable","11":"shipping-taxable","12":"purchasable","13":"product-type-simple"},"yoast_head":"<!-- This site is optimized with the Yoast SEO plugin v27.2 - https:\/\/yoast.com\/product\/yoast-seo-wordpress\/ -->\n<title>Kamuolys \u0161unims vandens ir aportavimo \u017eaidimams Chuckit! Ultra XL - MiuMjau<\/title>\n<meta name=\"robots\" content=\"index, follow, max-snippet:-1, max-image-preview:large, max-video-preview:-1\" \/>\n<link rel=\"canonical\" href=\"https:\/\/miumjau.ee\/lt\/produktas\/kamuolys-sunims-vandens-ir-aportavimo-zaidimams-chuckit-ultra-xl\/\" \/>\n<meta property=\"og:locale\" content=\"lt_LT\" \/>\n<meta property=\"og:type\" content=\"article\" \/>\n<meta property=\"og:title\" content=\"Kamuolys \u0161unims vandens ir aportavimo \u017eaidimams Chuckit! Ultra XL - MiuMjau\" \/>\n<meta property=\"og:description\" content=\"Chuckit! Ultra Ball \u2013 itin tvirtas ir auk\u0161tai \u0161okin\u0117jantis kamuolys maksimaliam \u017eaidimo d\u017eiaugsmui! \ud83c\udfbe\ud83d\udc36 Chuckit! Ultra Ball sukurtas specialiai aportavimo \u017eaidimams \u2013 \u0161okin\u0117ja auk\u0161\u010diau ir toliau nei \u012fprasti kamuoliai bei tinka visiems pavir\u0161iams! Pagamintas i\u0161 patvarios gumos, kamuolys yra itin tvirtas, ry\u0161ki\u0173 spalv\u0173, tod\u0117l lengvai matomas, ir pl\u016bduriuoja, kad \u017eaidimai gal\u0117t\u0173 t\u0119stis ir vandenyje. \ud83d\udd25 Kod\u0117l verta rinktis Chuckit! Ultra Ball?\u2714 Itin patvarus \u2013 stipri guma atlaiko ir aktyv\u0173 kramtym\u0105\u2714 Auk\u0161tas ir tolimas at\u0161okimas \u2013 puikiai tinka interaktyviems \u017eaidimams\u2714 Suderinamas su Chuckit! m\u0117tytuvais \u2013 tolimesni ir tikslesni metimai\u2714 Pl\u016bduriuoja vandenyje \u2013 \u017eaidimams sausumoje ir vandenyje\u2714 Geras matomumas \u2013 ry\u0161kios spalvos leid\u017eia lengvai rasti kamuol\u012f \ud83d\udccf Dyd\u017eiai:\ud83d\udd39 S \u2013 \u00d8 5 cm\ud83d\udd39 M \u2013 \u00d8 6 cm\ud83d\udd39 L \u2013 \u00d8 7 cm\ud83d\udd39 XL \u2013 \u00d8 9 cm\ud83d\udd39 XXL \u2013 \u00d8 10 cm Pakelk savo \u0161uns \u017eaidim\u0173 patirt\u012f \u012f nauj\u0105 lyg\u012f su Chuckit! Ultra Ball \u2013 tvirtas, \u0161oklus ir idealus kiekvienam nuotyki\u0173 ie\u0161kan\u010diam \u0161uniui! \ud83d\ude80\ud83d\udc3e\" \/>\n<meta property=\"og:url\" content=\"https:\/\/miumjau.ee\/lt\/produktas\/kamuolys-sunims-vandens-ir-aportavimo-zaidimams-chuckit-ultra-xl\/\" \/>\n<meta property=\"og:site_name\" content=\"MiuMjau\" \/>\n<meta property=\"article:publisher\" content=\"https:\/\/www.facebook.com\/miumjaupood\/\" \/>\n<meta property=\"article:modified_time\" content=\"2026-01-07T18:44:19+00:00\" \/>\n<meta property=\"og:image\" content=\"https:\/\/miumjau.ee\/wp-content\/uploads\/2025\/03\/manguasi-koerale-chuckit4.jpg\" \/>\n\t<meta property=\"og:image:width\" content=\"600\" \/>\n\t<meta property=\"og:image:height\" content=\"800\" \/>\n\t<meta property=\"og:image:type\" content=\"image\/jpeg\" \/>\n<meta name=\"twitter:card\" content=\"summary_large_image\" \/>\n<script type=\"application\/ld+json\" class=\"yoast-schema-graph\">{\"@context\":\"https:\/\/schema.org\",\"@graph\":[{\"@type\":\"WebPage\",\"@id\":\"https:\/\/miumjau.ee\/lt\/produktas\/kamuolys-sunims-vandens-ir-aportavimo-zaidimams-chuckit-ultra-xl\/\",\"url\":\"https:\/\/miumjau.ee\/lt\/produktas\/kamuolys-sunims-vandens-ir-aportavimo-zaidimams-chuckit-ultra-xl\/\",\"name\":\"Kamuolys \u0161unims vandens ir aportavimo \u017eaidimams Chuckit! Ultra XL - MiuMjau\",\"isPartOf\":{\"@id\":\"https:\/\/miumjau.ee\/#website\"},\"primaryImageOfPage\":{\"@id\":\"https:\/\/miumjau.ee\/lt\/produktas\/kamuolys-sunims-vandens-ir-aportavimo-zaidimams-chuckit-ultra-xl\/#primaryimage\"},\"image\":{\"@id\":\"https:\/\/miumjau.ee\/lt\/produktas\/kamuolys-sunims-vandens-ir-aportavimo-zaidimams-chuckit-ultra-xl\/#primaryimage\"},\"thumbnailUrl\":\"https:\/\/miumjau.ee\/wp-content\/uploads\/2025\/03\/manguasi-koerale-chuckit4.jpg\",\"datePublished\":\"2025-03-05T08:03:53+00:00\",\"dateModified\":\"2026-01-07T18:44:19+00:00\",\"breadcrumb\":{\"@id\":\"https:\/\/miumjau.ee\/lt\/produktas\/kamuolys-sunims-vandens-ir-aportavimo-zaidimams-chuckit-ultra-xl\/#breadcrumb\"},\"inLanguage\":\"lt-LT\",\"potentialAction\":[{\"@type\":\"ReadAction\",\"target\":[\"https:\/\/miumjau.ee\/lt\/produktas\/kamuolys-sunims-vandens-ir-aportavimo-zaidimams-chuckit-ultra-xl\/\"]}]},{\"@type\":\"ImageObject\",\"inLanguage\":\"lt-LT\",\"@id\":\"https:\/\/miumjau.ee\/lt\/produktas\/kamuolys-sunims-vandens-ir-aportavimo-zaidimams-chuckit-ultra-xl\/#primaryimage\",\"url\":\"https:\/\/miumjau.ee\/wp-content\/uploads\/2025\/03\/manguasi-koerale-chuckit4.jpg\",\"contentUrl\":\"https:\/\/miumjau.ee\/wp-content\/uploads\/2025\/03\/manguasi-koerale-chuckit4.jpg\",\"width\":600,\"height\":800},{\"@type\":\"BreadcrumbList\",\"@id\":\"https:\/\/miumjau.ee\/lt\/produktas\/kamuolys-sunims-vandens-ir-aportavimo-zaidimams-chuckit-ultra-xl\/#breadcrumb\",\"itemListElement\":[{\"@type\":\"ListItem\",\"position\":1,\"name\":\"Home\",\"item\":\"https:\/\/miumjau.ee\/lt\/\"},{\"@type\":\"ListItem\",\"position\":2,\"name\":\"Parduotuv\u0117\",\"item\":\"https:\/\/miumjau.ee\/lt\/parduotuve\/\"},{\"@type\":\"ListItem\",\"position\":3,\"name\":\"Kamuolys \u0161unims vandens ir aportavimo \u017eaidimams Chuckit! Ultra XL\"}]},{\"@type\":\"WebSite\",\"@id\":\"https:\/\/miumjau.ee\/#website\",\"url\":\"https:\/\/miumjau.ee\/\",\"name\":\"MiuMjau\",\"description\":\"Kraapimispuud kassidele\",\"publisher\":{\"@id\":\"https:\/\/miumjau.ee\/#organization\"},\"potentialAction\":[{\"@type\":\"SearchAction\",\"target\":{\"@type\":\"EntryPoint\",\"urlTemplate\":\"https:\/\/miumjau.ee\/?s={search_term_string}\"},\"query-input\":{\"@type\":\"PropertyValueSpecification\",\"valueRequired\":true,\"valueName\":\"search_term_string\"}}],\"inLanguage\":\"lt-LT\"},{\"@type\":\"Organization\",\"@id\":\"https:\/\/miumjau.ee\/#organization\",\"name\":\"MiuMjau O\u00dc\",\"url\":\"https:\/\/miumjau.ee\/\",\"logo\":{\"@type\":\"ImageObject\",\"inLanguage\":\"lt-LT\",\"@id\":\"https:\/\/miumjau.ee\/#\/schema\/logo\/image\/\",\"url\":\"https:\/\/miumjau.ee\/wp-content\/uploads\/2022\/04\/MiuMjau-logo-kollane.png\",\"contentUrl\":\"https:\/\/miumjau.ee\/wp-content\/uploads\/2022\/04\/MiuMjau-logo-kollane.png\",\"width\":219,\"height\":100,\"caption\":\"MiuMjau O\u00dc\"},\"image\":{\"@id\":\"https:\/\/miumjau.ee\/#\/schema\/logo\/image\/\"},\"sameAs\":[\"https:\/\/www.facebook.com\/miumjaupood\/\"]}]}<\/script>\n<!-- \/ Yoast SEO plugin. -->","yoast_head_json":{"title":"Kamuolys \u0161unims vandens ir aportavimo \u017eaidimams Chuckit! Ultra XL - MiuMjau","robots":{"index":"index","follow":"follow","max-snippet":"max-snippet:-1","max-image-preview":"max-image-preview:large","max-video-preview":"max-video-preview:-1"},"canonical":"https:\/\/miumjau.ee\/lt\/produktas\/kamuolys-sunims-vandens-ir-aportavimo-zaidimams-chuckit-ultra-xl\/","og_locale":"lt_LT","og_type":"article","og_title":"Kamuolys \u0161unims vandens ir aportavimo \u017eaidimams Chuckit! Ultra XL - MiuMjau","og_description":"Chuckit! Ultra Ball \u2013 itin tvirtas ir auk\u0161tai \u0161okin\u0117jantis kamuolys maksimaliam \u017eaidimo d\u017eiaugsmui! \ud83c\udfbe\ud83d\udc36 Chuckit! Ultra Ball sukurtas specialiai aportavimo \u017eaidimams \u2013 \u0161okin\u0117ja auk\u0161\u010diau ir toliau nei \u012fprasti kamuoliai bei tinka visiems pavir\u0161iams! Pagamintas i\u0161 patvarios gumos, kamuolys yra itin tvirtas, ry\u0161ki\u0173 spalv\u0173, tod\u0117l lengvai matomas, ir pl\u016bduriuoja, kad \u017eaidimai gal\u0117t\u0173 t\u0119stis ir vandenyje. \ud83d\udd25 Kod\u0117l verta rinktis Chuckit! Ultra Ball?\u2714 Itin patvarus \u2013 stipri guma atlaiko ir aktyv\u0173 kramtym\u0105\u2714 Auk\u0161tas ir tolimas at\u0161okimas \u2013 puikiai tinka interaktyviems \u017eaidimams\u2714 Suderinamas su Chuckit! m\u0117tytuvais \u2013 tolimesni ir tikslesni metimai\u2714 Pl\u016bduriuoja vandenyje \u2013 \u017eaidimams sausumoje ir vandenyje\u2714 Geras matomumas \u2013 ry\u0161kios spalvos leid\u017eia lengvai rasti kamuol\u012f \ud83d\udccf Dyd\u017eiai:\ud83d\udd39 S \u2013 \u00d8 5 cm\ud83d\udd39 M \u2013 \u00d8 6 cm\ud83d\udd39 L \u2013 \u00d8 7 cm\ud83d\udd39 XL \u2013 \u00d8 9 cm\ud83d\udd39 XXL \u2013 \u00d8 10 cm Pakelk savo \u0161uns \u017eaidim\u0173 patirt\u012f \u012f nauj\u0105 lyg\u012f su Chuckit! Ultra Ball \u2013 tvirtas, \u0161oklus ir idealus kiekvienam nuotyki\u0173 ie\u0161kan\u010diam \u0161uniui! \ud83d\ude80\ud83d\udc3e","og_url":"https:\/\/miumjau.ee\/lt\/produktas\/kamuolys-sunims-vandens-ir-aportavimo-zaidimams-chuckit-ultra-xl\/","og_site_name":"MiuMjau","article_publisher":"https:\/\/www.facebook.com\/miumjaupood\/","article_modified_time":"2026-01-07T18:44:19+00:00","og_image":[{"width":600,"height":800,"url":"https:\/\/miumjau.ee\/wp-content\/uploads\/2025\/03\/manguasi-koerale-chuckit4.jpg","type":"image\/jpeg"}],"twitter_card":"summary_large_image","schema":{"@context":"https:\/\/schema.org","@graph":[{"@type":"WebPage","@id":"https:\/\/miumjau.ee\/lt\/produktas\/kamuolys-sunims-vandens-ir-aportavimo-zaidimams-chuckit-ultra-xl\/","url":"https:\/\/miumjau.ee\/lt\/produktas\/kamuolys-sunims-vandens-ir-aportavimo-zaidimams-chuckit-ultra-xl\/","name":"Kamuolys \u0161unims vandens ir aportavimo \u017eaidimams Chuckit! Ultra XL - MiuMjau","isPartOf":{"@id":"https:\/\/miumjau.ee\/#website"},"primaryImageOfPage":{"@id":"https:\/\/miumjau.ee\/lt\/produktas\/kamuolys-sunims-vandens-ir-aportavimo-zaidimams-chuckit-ultra-xl\/#primaryimage"},"image":{"@id":"https:\/\/miumjau.ee\/lt\/produktas\/kamuolys-sunims-vandens-ir-aportavimo-zaidimams-chuckit-ultra-xl\/#primaryimage"},"thumbnailUrl":"https:\/\/miumjau.ee\/wp-content\/uploads\/2025\/03\/manguasi-koerale-chuckit4.jpg","datePublished":"2025-03-05T08:03:53+00:00","dateModified":"2026-01-07T18:44:19+00:00","breadcrumb":{"@id":"https:\/\/miumjau.ee\/lt\/produktas\/kamuolys-sunims-vandens-ir-aportavimo-zaidimams-chuckit-ultra-xl\/#breadcrumb"},"inLanguage":"lt-LT","potentialAction":[{"@type":"ReadAction","target":["https:\/\/miumjau.ee\/lt\/produktas\/kamuolys-sunims-vandens-ir-aportavimo-zaidimams-chuckit-ultra-xl\/"]}]},{"@type":"ImageObject","inLanguage":"lt-LT","@id":"https:\/\/miumjau.ee\/lt\/produktas\/kamuolys-sunims-vandens-ir-aportavimo-zaidimams-chuckit-ultra-xl\/#primaryimage","url":"https:\/\/miumjau.ee\/wp-content\/uploads\/2025\/03\/manguasi-koerale-chuckit4.jpg","contentUrl":"https:\/\/miumjau.ee\/wp-content\/uploads\/2025\/03\/manguasi-koerale-chuckit4.jpg","width":600,"height":800},{"@type":"BreadcrumbList","@id":"https:\/\/miumjau.ee\/lt\/produktas\/kamuolys-sunims-vandens-ir-aportavimo-zaidimams-chuckit-ultra-xl\/#breadcrumb","itemListElement":[{"@type":"ListItem","position":1,"name":"Home","item":"https:\/\/miumjau.ee\/lt\/"},{"@type":"ListItem","position":2,"name":"Parduotuv\u0117","item":"https:\/\/miumjau.ee\/lt\/parduotuve\/"},{"@type":"ListItem","position":3,"name":"Kamuolys \u0161unims vandens ir aportavimo \u017eaidimams Chuckit! Ultra XL"}]},{"@type":"WebSite","@id":"https:\/\/miumjau.ee\/#website","url":"https:\/\/miumjau.ee\/","name":"MiuMjau","description":"Kraapimispuud kassidele","publisher":{"@id":"https:\/\/miumjau.ee\/#organization"},"potentialAction":[{"@type":"SearchAction","target":{"@type":"EntryPoint","urlTemplate":"https:\/\/miumjau.ee\/?s={search_term_string}"},"query-input":{"@type":"PropertyValueSpecification","valueRequired":true,"valueName":"search_term_string"}}],"inLanguage":"lt-LT"},{"@type":"Organization","@id":"https:\/\/miumjau.ee\/#organization","name":"MiuMjau O\u00dc","url":"https:\/\/miumjau.ee\/","logo":{"@type":"ImageObject","inLanguage":"lt-LT","@id":"https:\/\/miumjau.ee\/#\/schema\/logo\/image\/","url":"https:\/\/miumjau.ee\/wp-content\/uploads\/2022\/04\/MiuMjau-logo-kollane.png","contentUrl":"https:\/\/miumjau.ee\/wp-content\/uploads\/2022\/04\/MiuMjau-logo-kollane.png","width":219,"height":100,"caption":"MiuMjau O\u00dc"},"image":{"@id":"https:\/\/miumjau.ee\/#\/schema\/logo\/image\/"},"sameAs":["https:\/\/www.facebook.com\/miumjaupood\/"]}]}},"_links":{"self":[{"href":"https:\/\/miumjau.ee\/lt\/wp-json\/wp\/v2\/product\/48963","targetHints":{"allow":["GET"]}}],"collection":[{"href":"https:\/\/miumjau.ee\/lt\/wp-json\/wp\/v2\/product"}],"about":[{"href":"https:\/\/miumjau.ee\/lt\/wp-json\/wp\/v2\/types\/product"}],"wp:featuredmedia":[{"embeddable":true,"href":"https:\/\/miumjau.ee\/lt\/wp-json\/wp\/v2\/media\/48961"}],"wp:attachment":[{"href":"https:\/\/miumjau.ee\/lt\/wp-json\/wp\/v2\/media?parent=48963"}],"wp:term":[{"taxonomy":"product_brand","embeddable":true,"href":"https:\/\/miumjau.ee\/lt\/wp-json\/wp\/v2\/product_brand?post=48963"},{"taxonomy":"product_cat","embeddable":true,"href":"https:\/\/miumjau.ee\/lt\/wp-json\/wp\/v2\/product_cat?post=48963"},{"taxonomy":"product_tag","embeddable":true,"href":"https:\/\/miumjau.ee\/lt\/wp-json\/wp\/v2\/product_tag?post=48963"}],"curies":[{"name":"wp","href":"https:\/\/api.w.org\/{rel}","templated":true}]}}