{"id":48946,"date":"2025-03-05T10:09:02","date_gmt":"2025-03-05T08:09:02","guid":{"rendered":"https:\/\/miumjau.ee\/toode\/zaislas-sunims-metymo-ir-tempimo-zaidimams-chuckit-ultra-tug-l\/"},"modified":"2026-01-07T20:44:19","modified_gmt":"2026-01-07T18:44:19","slug":"zaislas-sunims-metymo-ir-tempimo-zaidimams-chuckit-ultra-tug-l","status":"publish","type":"product","link":"https:\/\/miumjau.ee\/lt\/produktas\/zaislas-sunims-metymo-ir-tempimo-zaidimams-chuckit-ultra-tug-l\/","title":{"rendered":"\u017daislas \u0161unims m\u0117tymo ir tempimo \u017eaidimams Chuckit! Ultra Tug L"},"content":{"rendered":"","protected":false},"excerpt":{"rendered":"<p data-start=\"3035\" data-end=\"3105\"><strong data-start=\"3035\" data-end=\"3105\">Chuckit! Ultra Tug \u2013 puikiai tinka m\u0117tyti, tampyti ir \u017eaisti! \ud83c\udfbe\ud83d\udc36<\/strong><\/p>\n<p data-start=\"3107\" data-end=\"3338\">Paversk \u017eaidimo laik\u0105 dar \u012fdomesniu su Chuckit! Ultra Tug kamuoliu! D\u0117l patogios rankenos kamuol\u012f galima mesti toli jo nelie\u010diant \u2013 purvinos rankos lieka praeityje! \u0160is \u017eaislas puikiai tinka tiek aportavimo, tiek tempimo \u017eaidimams.<\/p>\n<p data-start=\"3340\" data-end=\"3675\">\ud83d\udd25 <strong data-start=\"3343\" data-end=\"3386\">Kod\u0117l verta rinktis Chuckit! Ultra Tug?<\/strong><br data-start=\"3386\" data-end=\"3389\" \/>\u2714 Patogi rankena \u2013 lengva mesti ir idealiai tinka tempimui<br data-start=\"3447\" data-end=\"3450\" \/>\u2714 Be purvo \u2013 nereikia liesti kamuolio, rankos lieka \u0161varios<br data-start=\"3509\" data-end=\"3512\" \/>\u2714 Patvarus ir tvirtas \u2013 pagamintas i\u0161 itin patvaraus Chuckit! Ultra Tennis Ball<br data-start=\"3591\" data-end=\"3594\" \/>\u2714 Universalus \u017eaislas \u2013 tinka aportavimui, tempimui ir interaktyviems \u017eaidimams<\/p>\n<p data-start=\"3677\" data-end=\"3742\">\ud83d\udccf <strong data-start=\"3680\" data-end=\"3692\">Dyd\u017eiai:<\/strong><br data-start=\"3692\" data-end=\"3695\" \/>\ud83d\udd39 S \u2013 \u00d8 5 cm<br data-start=\"3708\" data-end=\"3711\" \/>\ud83d\udd39 M \u2013 \u00d8 6 cm<br data-start=\"3724\" data-end=\"3727\" \/>\ud83d\udd39 L \u2013 \u00d8 7 cm<\/p>\n<p data-start=\"3744\" data-end=\"3892\" data-is-last-node=\"\" data-is-only-node=\"\">M\u0117gaukis \u0161variomis rankomis ir begaliniu \u017eaidimo d\u017eiaugsmu su Chuckit! Ultra Tug kamuoliu \u2013 idealus kiekvienam energingam ir \u017eaismingam \u0161uniui! \ud83d\ude80\ud83d\udc3e<\/p>\n","protected":false},"featured_media":48944,"template":"","meta":[],"product_brand":[],"product_cat":[541],"product_tag":[],"class_list":{"0":"post-48946","1":"product","2":"type-product","3":"status-publish","4":"has-post-thumbnail","6":"product_cat-zaislai-sunims","8":"first","9":"instock","10":"taxable","11":"shipping-taxable","12":"purchasable","13":"product-type-simple"},"yoast_head":"<!-- This site is optimized with the Yoast SEO plugin v27.2 - https:\/\/yoast.com\/product\/yoast-seo-wordpress\/ -->\n<title>\u017daislas \u0161unims m\u0117tymo ir tempimo \u017eaidimams Chuckit! Ultra Tug L - MiuMjau<\/title>\n<meta name=\"robots\" content=\"index, follow, max-snippet:-1, max-image-preview:large, max-video-preview:-1\" \/>\n<link rel=\"canonical\" href=\"https:\/\/miumjau.ee\/lt\/produktas\/zaislas-sunims-metymo-ir-tempimo-zaidimams-chuckit-ultra-tug-l\/\" \/>\n<meta property=\"og:locale\" content=\"lt_LT\" \/>\n<meta property=\"og:type\" content=\"article\" \/>\n<meta property=\"og:title\" content=\"\u017daislas \u0161unims m\u0117tymo ir tempimo \u017eaidimams Chuckit! Ultra Tug L - MiuMjau\" \/>\n<meta property=\"og:description\" content=\"Chuckit! Ultra Tug \u2013 puikiai tinka m\u0117tyti, tampyti ir \u017eaisti! \ud83c\udfbe\ud83d\udc36 Paversk \u017eaidimo laik\u0105 dar \u012fdomesniu su Chuckit! Ultra Tug kamuoliu! D\u0117l patogios rankenos kamuol\u012f galima mesti toli jo nelie\u010diant \u2013 purvinos rankos lieka praeityje! \u0160is \u017eaislas puikiai tinka tiek aportavimo, tiek tempimo \u017eaidimams. \ud83d\udd25 Kod\u0117l verta rinktis Chuckit! Ultra Tug?\u2714 Patogi rankena \u2013 lengva mesti ir idealiai tinka tempimui\u2714 Be purvo \u2013 nereikia liesti kamuolio, rankos lieka \u0161varios\u2714 Patvarus ir tvirtas \u2013 pagamintas i\u0161 itin patvaraus Chuckit! Ultra Tennis Ball\u2714 Universalus \u017eaislas \u2013 tinka aportavimui, tempimui ir interaktyviems \u017eaidimams \ud83d\udccf Dyd\u017eiai:\ud83d\udd39 S \u2013 \u00d8 5 cm\ud83d\udd39 M \u2013 \u00d8 6 cm\ud83d\udd39 L \u2013 \u00d8 7 cm M\u0117gaukis \u0161variomis rankomis ir begaliniu \u017eaidimo d\u017eiaugsmu su Chuckit! Ultra Tug kamuoliu \u2013 idealus kiekvienam energingam ir \u017eaismingam \u0161uniui! \ud83d\ude80\ud83d\udc3e\" \/>\n<meta property=\"og:url\" content=\"https:\/\/miumjau.ee\/lt\/produktas\/zaislas-sunims-metymo-ir-tempimo-zaidimams-chuckit-ultra-tug-l\/\" \/>\n<meta property=\"og:site_name\" content=\"MiuMjau\" \/>\n<meta property=\"article:publisher\" content=\"https:\/\/www.facebook.com\/miumjaupood\/\" \/>\n<meta property=\"article:modified_time\" content=\"2026-01-07T18:44:19+00:00\" \/>\n<meta property=\"og:image\" content=\"https:\/\/miumjau.ee\/wp-content\/uploads\/2025\/03\/manguasi-koerale-chuckit7.jpg\" \/>\n\t<meta property=\"og:image:width\" content=\"600\" \/>\n\t<meta property=\"og:image:height\" content=\"800\" \/>\n\t<meta property=\"og:image:type\" content=\"image\/jpeg\" \/>\n<meta name=\"twitter:card\" content=\"summary_large_image\" \/>\n<script type=\"application\/ld+json\" class=\"yoast-schema-graph\">{\"@context\":\"https:\/\/schema.org\",\"@graph\":[{\"@type\":\"WebPage\",\"@id\":\"https:\/\/miumjau.ee\/lt\/produktas\/zaislas-sunims-metymo-ir-tempimo-zaidimams-chuckit-ultra-tug-l\/\",\"url\":\"https:\/\/miumjau.ee\/lt\/produktas\/zaislas-sunims-metymo-ir-tempimo-zaidimams-chuckit-ultra-tug-l\/\",\"name\":\"\u017daislas \u0161unims m\u0117tymo ir tempimo \u017eaidimams Chuckit! Ultra Tug L - MiuMjau\",\"isPartOf\":{\"@id\":\"https:\/\/miumjau.ee\/#website\"},\"primaryImageOfPage\":{\"@id\":\"https:\/\/miumjau.ee\/lt\/produktas\/zaislas-sunims-metymo-ir-tempimo-zaidimams-chuckit-ultra-tug-l\/#primaryimage\"},\"image\":{\"@id\":\"https:\/\/miumjau.ee\/lt\/produktas\/zaislas-sunims-metymo-ir-tempimo-zaidimams-chuckit-ultra-tug-l\/#primaryimage\"},\"thumbnailUrl\":\"https:\/\/miumjau.ee\/wp-content\/uploads\/2025\/03\/manguasi-koerale-chuckit7.jpg\",\"datePublished\":\"2025-03-05T08:09:02+00:00\",\"dateModified\":\"2026-01-07T18:44:19+00:00\",\"breadcrumb\":{\"@id\":\"https:\/\/miumjau.ee\/lt\/produktas\/zaislas-sunims-metymo-ir-tempimo-zaidimams-chuckit-ultra-tug-l\/#breadcrumb\"},\"inLanguage\":\"lt-LT\",\"potentialAction\":[{\"@type\":\"ReadAction\",\"target\":[\"https:\/\/miumjau.ee\/lt\/produktas\/zaislas-sunims-metymo-ir-tempimo-zaidimams-chuckit-ultra-tug-l\/\"]}]},{\"@type\":\"ImageObject\",\"inLanguage\":\"lt-LT\",\"@id\":\"https:\/\/miumjau.ee\/lt\/produktas\/zaislas-sunims-metymo-ir-tempimo-zaidimams-chuckit-ultra-tug-l\/#primaryimage\",\"url\":\"https:\/\/miumjau.ee\/wp-content\/uploads\/2025\/03\/manguasi-koerale-chuckit7.jpg\",\"contentUrl\":\"https:\/\/miumjau.ee\/wp-content\/uploads\/2025\/03\/manguasi-koerale-chuckit7.jpg\",\"width\":600,\"height\":800},{\"@type\":\"BreadcrumbList\",\"@id\":\"https:\/\/miumjau.ee\/lt\/produktas\/zaislas-sunims-metymo-ir-tempimo-zaidimams-chuckit-ultra-tug-l\/#breadcrumb\",\"itemListElement\":[{\"@type\":\"ListItem\",\"position\":1,\"name\":\"Home\",\"item\":\"https:\/\/miumjau.ee\/lt\/\"},{\"@type\":\"ListItem\",\"position\":2,\"name\":\"Parduotuv\u0117\",\"item\":\"https:\/\/miumjau.ee\/lt\/parduotuve\/\"},{\"@type\":\"ListItem\",\"position\":3,\"name\":\"\u017daislas \u0161unims m\u0117tymo ir tempimo \u017eaidimams Chuckit! Ultra Tug L\"}]},{\"@type\":\"WebSite\",\"@id\":\"https:\/\/miumjau.ee\/#website\",\"url\":\"https:\/\/miumjau.ee\/\",\"name\":\"MiuMjau\",\"description\":\"Kraapimispuud kassidele\",\"publisher\":{\"@id\":\"https:\/\/miumjau.ee\/#organization\"},\"potentialAction\":[{\"@type\":\"SearchAction\",\"target\":{\"@type\":\"EntryPoint\",\"urlTemplate\":\"https:\/\/miumjau.ee\/?s={search_term_string}\"},\"query-input\":{\"@type\":\"PropertyValueSpecification\",\"valueRequired\":true,\"valueName\":\"search_term_string\"}}],\"inLanguage\":\"lt-LT\"},{\"@type\":\"Organization\",\"@id\":\"https:\/\/miumjau.ee\/#organization\",\"name\":\"MiuMjau O\u00dc\",\"url\":\"https:\/\/miumjau.ee\/\",\"logo\":{\"@type\":\"ImageObject\",\"inLanguage\":\"lt-LT\",\"@id\":\"https:\/\/miumjau.ee\/#\/schema\/logo\/image\/\",\"url\":\"https:\/\/miumjau.ee\/wp-content\/uploads\/2022\/04\/MiuMjau-logo-kollane.png\",\"contentUrl\":\"https:\/\/miumjau.ee\/wp-content\/uploads\/2022\/04\/MiuMjau-logo-kollane.png\",\"width\":219,\"height\":100,\"caption\":\"MiuMjau O\u00dc\"},\"image\":{\"@id\":\"https:\/\/miumjau.ee\/#\/schema\/logo\/image\/\"},\"sameAs\":[\"https:\/\/www.facebook.com\/miumjaupood\/\"]}]}<\/script>\n<!-- \/ Yoast SEO plugin. -->","yoast_head_json":{"title":"\u017daislas \u0161unims m\u0117tymo ir tempimo \u017eaidimams Chuckit! Ultra Tug L - MiuMjau","robots":{"index":"index","follow":"follow","max-snippet":"max-snippet:-1","max-image-preview":"max-image-preview:large","max-video-preview":"max-video-preview:-1"},"canonical":"https:\/\/miumjau.ee\/lt\/produktas\/zaislas-sunims-metymo-ir-tempimo-zaidimams-chuckit-ultra-tug-l\/","og_locale":"lt_LT","og_type":"article","og_title":"\u017daislas \u0161unims m\u0117tymo ir tempimo \u017eaidimams Chuckit! Ultra Tug L - MiuMjau","og_description":"Chuckit! Ultra Tug \u2013 puikiai tinka m\u0117tyti, tampyti ir \u017eaisti! \ud83c\udfbe\ud83d\udc36 Paversk \u017eaidimo laik\u0105 dar \u012fdomesniu su Chuckit! Ultra Tug kamuoliu! D\u0117l patogios rankenos kamuol\u012f galima mesti toli jo nelie\u010diant \u2013 purvinos rankos lieka praeityje! \u0160is \u017eaislas puikiai tinka tiek aportavimo, tiek tempimo \u017eaidimams. \ud83d\udd25 Kod\u0117l verta rinktis Chuckit! Ultra Tug?\u2714 Patogi rankena \u2013 lengva mesti ir idealiai tinka tempimui\u2714 Be purvo \u2013 nereikia liesti kamuolio, rankos lieka \u0161varios\u2714 Patvarus ir tvirtas \u2013 pagamintas i\u0161 itin patvaraus Chuckit! Ultra Tennis Ball\u2714 Universalus \u017eaislas \u2013 tinka aportavimui, tempimui ir interaktyviems \u017eaidimams \ud83d\udccf Dyd\u017eiai:\ud83d\udd39 S \u2013 \u00d8 5 cm\ud83d\udd39 M \u2013 \u00d8 6 cm\ud83d\udd39 L \u2013 \u00d8 7 cm M\u0117gaukis \u0161variomis rankomis ir begaliniu \u017eaidimo d\u017eiaugsmu su Chuckit! Ultra Tug kamuoliu \u2013 idealus kiekvienam energingam ir \u017eaismingam \u0161uniui! \ud83d\ude80\ud83d\udc3e","og_url":"https:\/\/miumjau.ee\/lt\/produktas\/zaislas-sunims-metymo-ir-tempimo-zaidimams-chuckit-ultra-tug-l\/","og_site_name":"MiuMjau","article_publisher":"https:\/\/www.facebook.com\/miumjaupood\/","article_modified_time":"2026-01-07T18:44:19+00:00","og_image":[{"width":600,"height":800,"url":"https:\/\/miumjau.ee\/wp-content\/uploads\/2025\/03\/manguasi-koerale-chuckit7.jpg","type":"image\/jpeg"}],"twitter_card":"summary_large_image","schema":{"@context":"https:\/\/schema.org","@graph":[{"@type":"WebPage","@id":"https:\/\/miumjau.ee\/lt\/produktas\/zaislas-sunims-metymo-ir-tempimo-zaidimams-chuckit-ultra-tug-l\/","url":"https:\/\/miumjau.ee\/lt\/produktas\/zaislas-sunims-metymo-ir-tempimo-zaidimams-chuckit-ultra-tug-l\/","name":"\u017daislas \u0161unims m\u0117tymo ir tempimo \u017eaidimams Chuckit! Ultra Tug L - MiuMjau","isPartOf":{"@id":"https:\/\/miumjau.ee\/#website"},"primaryImageOfPage":{"@id":"https:\/\/miumjau.ee\/lt\/produktas\/zaislas-sunims-metymo-ir-tempimo-zaidimams-chuckit-ultra-tug-l\/#primaryimage"},"image":{"@id":"https:\/\/miumjau.ee\/lt\/produktas\/zaislas-sunims-metymo-ir-tempimo-zaidimams-chuckit-ultra-tug-l\/#primaryimage"},"thumbnailUrl":"https:\/\/miumjau.ee\/wp-content\/uploads\/2025\/03\/manguasi-koerale-chuckit7.jpg","datePublished":"2025-03-05T08:09:02+00:00","dateModified":"2026-01-07T18:44:19+00:00","breadcrumb":{"@id":"https:\/\/miumjau.ee\/lt\/produktas\/zaislas-sunims-metymo-ir-tempimo-zaidimams-chuckit-ultra-tug-l\/#breadcrumb"},"inLanguage":"lt-LT","potentialAction":[{"@type":"ReadAction","target":["https:\/\/miumjau.ee\/lt\/produktas\/zaislas-sunims-metymo-ir-tempimo-zaidimams-chuckit-ultra-tug-l\/"]}]},{"@type":"ImageObject","inLanguage":"lt-LT","@id":"https:\/\/miumjau.ee\/lt\/produktas\/zaislas-sunims-metymo-ir-tempimo-zaidimams-chuckit-ultra-tug-l\/#primaryimage","url":"https:\/\/miumjau.ee\/wp-content\/uploads\/2025\/03\/manguasi-koerale-chuckit7.jpg","contentUrl":"https:\/\/miumjau.ee\/wp-content\/uploads\/2025\/03\/manguasi-koerale-chuckit7.jpg","width":600,"height":800},{"@type":"BreadcrumbList","@id":"https:\/\/miumjau.ee\/lt\/produktas\/zaislas-sunims-metymo-ir-tempimo-zaidimams-chuckit-ultra-tug-l\/#breadcrumb","itemListElement":[{"@type":"ListItem","position":1,"name":"Home","item":"https:\/\/miumjau.ee\/lt\/"},{"@type":"ListItem","position":2,"name":"Parduotuv\u0117","item":"https:\/\/miumjau.ee\/lt\/parduotuve\/"},{"@type":"ListItem","position":3,"name":"\u017daislas \u0161unims m\u0117tymo ir tempimo \u017eaidimams Chuckit! Ultra Tug L"}]},{"@type":"WebSite","@id":"https:\/\/miumjau.ee\/#website","url":"https:\/\/miumjau.ee\/","name":"MiuMjau","description":"Kraapimispuud kassidele","publisher":{"@id":"https:\/\/miumjau.ee\/#organization"},"potentialAction":[{"@type":"SearchAction","target":{"@type":"EntryPoint","urlTemplate":"https:\/\/miumjau.ee\/?s={search_term_string}"},"query-input":{"@type":"PropertyValueSpecification","valueRequired":true,"valueName":"search_term_string"}}],"inLanguage":"lt-LT"},{"@type":"Organization","@id":"https:\/\/miumjau.ee\/#organization","name":"MiuMjau O\u00dc","url":"https:\/\/miumjau.ee\/","logo":{"@type":"ImageObject","inLanguage":"lt-LT","@id":"https:\/\/miumjau.ee\/#\/schema\/logo\/image\/","url":"https:\/\/miumjau.ee\/wp-content\/uploads\/2022\/04\/MiuMjau-logo-kollane.png","contentUrl":"https:\/\/miumjau.ee\/wp-content\/uploads\/2022\/04\/MiuMjau-logo-kollane.png","width":219,"height":100,"caption":"MiuMjau O\u00dc"},"image":{"@id":"https:\/\/miumjau.ee\/#\/schema\/logo\/image\/"},"sameAs":["https:\/\/www.facebook.com\/miumjaupood\/"]}]}},"_links":{"self":[{"href":"https:\/\/miumjau.ee\/lt\/wp-json\/wp\/v2\/product\/48946","targetHints":{"allow":["GET"]}}],"collection":[{"href":"https:\/\/miumjau.ee\/lt\/wp-json\/wp\/v2\/product"}],"about":[{"href":"https:\/\/miumjau.ee\/lt\/wp-json\/wp\/v2\/types\/product"}],"wp:featuredmedia":[{"embeddable":true,"href":"https:\/\/miumjau.ee\/lt\/wp-json\/wp\/v2\/media\/48944"}],"wp:attachment":[{"href":"https:\/\/miumjau.ee\/lt\/wp-json\/wp\/v2\/media?parent=48946"}],"wp:term":[{"taxonomy":"product_brand","embeddable":true,"href":"https:\/\/miumjau.ee\/lt\/wp-json\/wp\/v2\/product_brand?post=48946"},{"taxonomy":"product_cat","embeddable":true,"href":"https:\/\/miumjau.ee\/lt\/wp-json\/wp\/v2\/product_cat?post=48946"},{"taxonomy":"product_tag","embeddable":true,"href":"https:\/\/miumjau.ee\/lt\/wp-json\/wp\/v2\/product_tag?post=48946"}],"curies":[{"name":"wp","href":"https:\/\/api.w.org\/{rel}","templated":true}]}}