{"id":48931,"date":"2025-03-05T10:53:46","date_gmt":"2025-03-05T08:53:46","guid":{"rendered":"https:\/\/miumjau.ee\/toode\/zaislas-sunims-kong-classic-l\/"},"modified":"2026-01-07T20:44:26","modified_gmt":"2026-01-07T18:44:26","slug":"zaislas-sunims-kong-classic-l","status":"publish","type":"product","link":"https:\/\/miumjau.ee\/lt\/produktas\/zaislas-sunims-kong-classic-l\/","title":{"rendered":"\u017daislas \u0161unims KONG Classic L"},"content":{"rendered":"","protected":false},"excerpt":{"rendered":"<p data-start=\"3373\" data-end=\"3450\"><strong data-start=\"3373\" data-end=\"3450\">KONG Classic \u2013 \u0161un\u0173 \u017eaisl\u0173 aukso standartas jau daugiau nei 40 met\u0173! \ud83e\uddb4\ud83d\udc36<\/strong><\/p>\n<p data-start=\"3452\" data-end=\"3783\">KONG Classic \u2013 tai pasaulyje labiausiai rekomenduojamas \u0161un\u0173 \u017eaislas, suteikiantis begalin\u012f d\u017eiaugsm\u0105 ir patenkinantis nat\u016bral\u0173 \u0161uns kramtymo poreik\u012f. Itin elastinga ir patvari nat\u016brali guma sukuria nenusp\u0117jam\u0105 at\u0161okim\u0105, tod\u0117l aportavimo \u017eaidimai tampa dar \u012fdomesni! U\u017epildyk KONG m\u0117gstamais skan\u0117stais, kad \u017eaidimas trukt\u0173 ilgiau.<\/p>\n<p data-start=\"3785\" data-end=\"4140\">\ud83d\udd25 <strong data-start=\"3788\" data-end=\"3825\">Kod\u0117l verta rinktis KONG Classic?<\/strong><br data-start=\"3825\" data-end=\"3828\" \/>\u2714 Itin patvarus \u2013 puikiai tinka kramtyti m\u0117gstantiems \u0161unims<br data-start=\"3888\" data-end=\"3891\" \/>\u2714 U\u017epildomas skan\u0117stais \u2013 ilgesniam ir malonesniam \u017eaidimui<br data-start=\"3950\" data-end=\"3953\" \/>\u2714 Netaisyklingas at\u0161okimas \u2013 suteikia aportavimo \u017eaidimams netik\u0117tumo ir azarto<br data-start=\"4032\" data-end=\"4035\" \/>\u2714 Rekomenduojamas veterinar\u0173 ir dresuotoj\u0173 \u2013 palaiko nat\u016bralius kramtymo instinktus ir ma\u017eina nuobodul\u012f<\/p>\n<p data-start=\"4142\" data-end=\"4268\">\ud83d\udccf <strong data-start=\"4145\" data-end=\"4157\">Dyd\u017eiai:<\/strong><br data-start=\"4157\" data-end=\"4160\" \/>\ud83d\udd39 XS \u2013 5,72 cm<br data-start=\"4175\" data-end=\"4178\" \/>\ud83d\udd39 S \u2013 7,62 cm<br data-start=\"4192\" data-end=\"4195\" \/>\ud83d\udd39 M \u2013 8,89 cm<br data-start=\"4209\" data-end=\"4212\" \/>\ud83d\udd39 L \u2013 10,16 cm<br data-start=\"4227\" data-end=\"4230\" \/>\ud83d\udd39 XL \u2013 12,70 cm<br data-start=\"4246\" data-end=\"4249\" \/>\ud83d\udd39 XXL \u2013 15,24 cm<\/p>\n<p data-start=\"4270\" data-end=\"4407\" data-is-last-node=\"\" data-is-only-node=\"\">KONG Classic \u2013 patikimas pasirinkimas kiekvienam \u0161uniui: \u0161oklus, patvarus ir u\u017epildomas skan\u0117stais, kad \u017eaidimo laikas trukt\u0173 ilgiau! \ud83d\udc3e\u2728<\/p>\n","protected":false},"featured_media":48927,"template":"","meta":[],"product_brand":[],"product_cat":[541],"product_tag":[],"class_list":{"0":"post-48931","1":"product","2":"type-product","3":"status-publish","4":"has-post-thumbnail","6":"product_cat-zaislai-sunims","8":"first","9":"instock","10":"taxable","11":"shipping-taxable","12":"purchasable","13":"product-type-simple"},"yoast_head":"<!-- This site is optimized with the Yoast SEO plugin v27.2 - https:\/\/yoast.com\/product\/yoast-seo-wordpress\/ -->\n<title>\u017daislas \u0161unims KONG Classic L - MiuMjau<\/title>\n<meta name=\"robots\" content=\"index, follow, max-snippet:-1, max-image-preview:large, max-video-preview:-1\" \/>\n<link rel=\"canonical\" href=\"https:\/\/miumjau.ee\/lt\/produktas\/zaislas-sunims-kong-classic-l\/\" \/>\n<meta property=\"og:locale\" content=\"lt_LT\" \/>\n<meta property=\"og:type\" content=\"article\" \/>\n<meta property=\"og:title\" content=\"\u017daislas \u0161unims KONG Classic L - MiuMjau\" \/>\n<meta property=\"og:description\" content=\"KONG Classic \u2013 \u0161un\u0173 \u017eaisl\u0173 aukso standartas jau daugiau nei 40 met\u0173! \ud83e\uddb4\ud83d\udc36 KONG Classic \u2013 tai pasaulyje labiausiai rekomenduojamas \u0161un\u0173 \u017eaislas, suteikiantis begalin\u012f d\u017eiaugsm\u0105 ir patenkinantis nat\u016bral\u0173 \u0161uns kramtymo poreik\u012f. Itin elastinga ir patvari nat\u016brali guma sukuria nenusp\u0117jam\u0105 at\u0161okim\u0105, tod\u0117l aportavimo \u017eaidimai tampa dar \u012fdomesni! U\u017epildyk KONG m\u0117gstamais skan\u0117stais, kad \u017eaidimas trukt\u0173 ilgiau. \ud83d\udd25 Kod\u0117l verta rinktis KONG Classic?\u2714 Itin patvarus \u2013 puikiai tinka kramtyti m\u0117gstantiems \u0161unims\u2714 U\u017epildomas skan\u0117stais \u2013 ilgesniam ir malonesniam \u017eaidimui\u2714 Netaisyklingas at\u0161okimas \u2013 suteikia aportavimo \u017eaidimams netik\u0117tumo ir azarto\u2714 Rekomenduojamas veterinar\u0173 ir dresuotoj\u0173 \u2013 palaiko nat\u016bralius kramtymo instinktus ir ma\u017eina nuobodul\u012f \ud83d\udccf Dyd\u017eiai:\ud83d\udd39 XS \u2013 5,72 cm\ud83d\udd39 S \u2013 7,62 cm\ud83d\udd39 M \u2013 8,89 cm\ud83d\udd39 L \u2013 10,16 cm\ud83d\udd39 XL \u2013 12,70 cm\ud83d\udd39 XXL \u2013 15,24 cm KONG Classic \u2013 patikimas pasirinkimas kiekvienam \u0161uniui: \u0161oklus, patvarus ir u\u017epildomas skan\u0117stais, kad \u017eaidimo laikas trukt\u0173 ilgiau! \ud83d\udc3e\u2728\" \/>\n<meta property=\"og:url\" content=\"https:\/\/miumjau.ee\/lt\/produktas\/zaislas-sunims-kong-classic-l\/\" \/>\n<meta property=\"og:site_name\" content=\"MiuMjau\" \/>\n<meta property=\"article:publisher\" content=\"https:\/\/www.facebook.com\/miumjaupood\/\" \/>\n<meta property=\"article:modified_time\" content=\"2026-01-07T18:44:26+00:00\" \/>\n<meta property=\"og:image\" content=\"https:\/\/miumjau.ee\/wp-content\/uploads\/2025\/03\/manguasi-koerale-kong27.jpg\" \/>\n\t<meta property=\"og:image:width\" content=\"600\" \/>\n\t<meta property=\"og:image:height\" content=\"800\" \/>\n\t<meta property=\"og:image:type\" content=\"image\/jpeg\" \/>\n<meta name=\"twitter:card\" content=\"summary_large_image\" \/>\n<script type=\"application\/ld+json\" class=\"yoast-schema-graph\">{\"@context\":\"https:\/\/schema.org\",\"@graph\":[{\"@type\":\"WebPage\",\"@id\":\"https:\/\/miumjau.ee\/lt\/produktas\/zaislas-sunims-kong-classic-l\/\",\"url\":\"https:\/\/miumjau.ee\/lt\/produktas\/zaislas-sunims-kong-classic-l\/\",\"name\":\"\u017daislas \u0161unims KONG Classic L - MiuMjau\",\"isPartOf\":{\"@id\":\"https:\/\/miumjau.ee\/#website\"},\"primaryImageOfPage\":{\"@id\":\"https:\/\/miumjau.ee\/lt\/produktas\/zaislas-sunims-kong-classic-l\/#primaryimage\"},\"image\":{\"@id\":\"https:\/\/miumjau.ee\/lt\/produktas\/zaislas-sunims-kong-classic-l\/#primaryimage\"},\"thumbnailUrl\":\"https:\/\/miumjau.ee\/wp-content\/uploads\/2025\/03\/manguasi-koerale-kong27.jpg\",\"datePublished\":\"2025-03-05T08:53:46+00:00\",\"dateModified\":\"2026-01-07T18:44:26+00:00\",\"breadcrumb\":{\"@id\":\"https:\/\/miumjau.ee\/lt\/produktas\/zaislas-sunims-kong-classic-l\/#breadcrumb\"},\"inLanguage\":\"lt-LT\",\"potentialAction\":[{\"@type\":\"ReadAction\",\"target\":[\"https:\/\/miumjau.ee\/lt\/produktas\/zaislas-sunims-kong-classic-l\/\"]}]},{\"@type\":\"ImageObject\",\"inLanguage\":\"lt-LT\",\"@id\":\"https:\/\/miumjau.ee\/lt\/produktas\/zaislas-sunims-kong-classic-l\/#primaryimage\",\"url\":\"https:\/\/miumjau.ee\/wp-content\/uploads\/2025\/03\/manguasi-koerale-kong27.jpg\",\"contentUrl\":\"https:\/\/miumjau.ee\/wp-content\/uploads\/2025\/03\/manguasi-koerale-kong27.jpg\",\"width\":600,\"height\":800},{\"@type\":\"BreadcrumbList\",\"@id\":\"https:\/\/miumjau.ee\/lt\/produktas\/zaislas-sunims-kong-classic-l\/#breadcrumb\",\"itemListElement\":[{\"@type\":\"ListItem\",\"position\":1,\"name\":\"Home\",\"item\":\"https:\/\/miumjau.ee\/lt\/\"},{\"@type\":\"ListItem\",\"position\":2,\"name\":\"Parduotuv\u0117\",\"item\":\"https:\/\/miumjau.ee\/lt\/parduotuve\/\"},{\"@type\":\"ListItem\",\"position\":3,\"name\":\"\u017daislas \u0161unims KONG Classic L\"}]},{\"@type\":\"WebSite\",\"@id\":\"https:\/\/miumjau.ee\/#website\",\"url\":\"https:\/\/miumjau.ee\/\",\"name\":\"MiuMjau\",\"description\":\"Kraapimispuud kassidele\",\"publisher\":{\"@id\":\"https:\/\/miumjau.ee\/#organization\"},\"potentialAction\":[{\"@type\":\"SearchAction\",\"target\":{\"@type\":\"EntryPoint\",\"urlTemplate\":\"https:\/\/miumjau.ee\/?s={search_term_string}\"},\"query-input\":{\"@type\":\"PropertyValueSpecification\",\"valueRequired\":true,\"valueName\":\"search_term_string\"}}],\"inLanguage\":\"lt-LT\"},{\"@type\":\"Organization\",\"@id\":\"https:\/\/miumjau.ee\/#organization\",\"name\":\"MiuMjau O\u00dc\",\"url\":\"https:\/\/miumjau.ee\/\",\"logo\":{\"@type\":\"ImageObject\",\"inLanguage\":\"lt-LT\",\"@id\":\"https:\/\/miumjau.ee\/#\/schema\/logo\/image\/\",\"url\":\"https:\/\/miumjau.ee\/wp-content\/uploads\/2022\/04\/MiuMjau-logo-kollane.png\",\"contentUrl\":\"https:\/\/miumjau.ee\/wp-content\/uploads\/2022\/04\/MiuMjau-logo-kollane.png\",\"width\":219,\"height\":100,\"caption\":\"MiuMjau O\u00dc\"},\"image\":{\"@id\":\"https:\/\/miumjau.ee\/#\/schema\/logo\/image\/\"},\"sameAs\":[\"https:\/\/www.facebook.com\/miumjaupood\/\"]}]}<\/script>\n<!-- \/ Yoast SEO plugin. -->","yoast_head_json":{"title":"\u017daislas \u0161unims KONG Classic L - MiuMjau","robots":{"index":"index","follow":"follow","max-snippet":"max-snippet:-1","max-image-preview":"max-image-preview:large","max-video-preview":"max-video-preview:-1"},"canonical":"https:\/\/miumjau.ee\/lt\/produktas\/zaislas-sunims-kong-classic-l\/","og_locale":"lt_LT","og_type":"article","og_title":"\u017daislas \u0161unims KONG Classic L - MiuMjau","og_description":"KONG Classic \u2013 \u0161un\u0173 \u017eaisl\u0173 aukso standartas jau daugiau nei 40 met\u0173! \ud83e\uddb4\ud83d\udc36 KONG Classic \u2013 tai pasaulyje labiausiai rekomenduojamas \u0161un\u0173 \u017eaislas, suteikiantis begalin\u012f d\u017eiaugsm\u0105 ir patenkinantis nat\u016bral\u0173 \u0161uns kramtymo poreik\u012f. Itin elastinga ir patvari nat\u016brali guma sukuria nenusp\u0117jam\u0105 at\u0161okim\u0105, tod\u0117l aportavimo \u017eaidimai tampa dar \u012fdomesni! U\u017epildyk KONG m\u0117gstamais skan\u0117stais, kad \u017eaidimas trukt\u0173 ilgiau. \ud83d\udd25 Kod\u0117l verta rinktis KONG Classic?\u2714 Itin patvarus \u2013 puikiai tinka kramtyti m\u0117gstantiems \u0161unims\u2714 U\u017epildomas skan\u0117stais \u2013 ilgesniam ir malonesniam \u017eaidimui\u2714 Netaisyklingas at\u0161okimas \u2013 suteikia aportavimo \u017eaidimams netik\u0117tumo ir azarto\u2714 Rekomenduojamas veterinar\u0173 ir dresuotoj\u0173 \u2013 palaiko nat\u016bralius kramtymo instinktus ir ma\u017eina nuobodul\u012f \ud83d\udccf Dyd\u017eiai:\ud83d\udd39 XS \u2013 5,72 cm\ud83d\udd39 S \u2013 7,62 cm\ud83d\udd39 M \u2013 8,89 cm\ud83d\udd39 L \u2013 10,16 cm\ud83d\udd39 XL \u2013 12,70 cm\ud83d\udd39 XXL \u2013 15,24 cm KONG Classic \u2013 patikimas pasirinkimas kiekvienam \u0161uniui: \u0161oklus, patvarus ir u\u017epildomas skan\u0117stais, kad \u017eaidimo laikas trukt\u0173 ilgiau! \ud83d\udc3e\u2728","og_url":"https:\/\/miumjau.ee\/lt\/produktas\/zaislas-sunims-kong-classic-l\/","og_site_name":"MiuMjau","article_publisher":"https:\/\/www.facebook.com\/miumjaupood\/","article_modified_time":"2026-01-07T18:44:26+00:00","og_image":[{"width":600,"height":800,"url":"https:\/\/miumjau.ee\/wp-content\/uploads\/2025\/03\/manguasi-koerale-kong27.jpg","type":"image\/jpeg"}],"twitter_card":"summary_large_image","schema":{"@context":"https:\/\/schema.org","@graph":[{"@type":"WebPage","@id":"https:\/\/miumjau.ee\/lt\/produktas\/zaislas-sunims-kong-classic-l\/","url":"https:\/\/miumjau.ee\/lt\/produktas\/zaislas-sunims-kong-classic-l\/","name":"\u017daislas \u0161unims KONG Classic L - MiuMjau","isPartOf":{"@id":"https:\/\/miumjau.ee\/#website"},"primaryImageOfPage":{"@id":"https:\/\/miumjau.ee\/lt\/produktas\/zaislas-sunims-kong-classic-l\/#primaryimage"},"image":{"@id":"https:\/\/miumjau.ee\/lt\/produktas\/zaislas-sunims-kong-classic-l\/#primaryimage"},"thumbnailUrl":"https:\/\/miumjau.ee\/wp-content\/uploads\/2025\/03\/manguasi-koerale-kong27.jpg","datePublished":"2025-03-05T08:53:46+00:00","dateModified":"2026-01-07T18:44:26+00:00","breadcrumb":{"@id":"https:\/\/miumjau.ee\/lt\/produktas\/zaislas-sunims-kong-classic-l\/#breadcrumb"},"inLanguage":"lt-LT","potentialAction":[{"@type":"ReadAction","target":["https:\/\/miumjau.ee\/lt\/produktas\/zaislas-sunims-kong-classic-l\/"]}]},{"@type":"ImageObject","inLanguage":"lt-LT","@id":"https:\/\/miumjau.ee\/lt\/produktas\/zaislas-sunims-kong-classic-l\/#primaryimage","url":"https:\/\/miumjau.ee\/wp-content\/uploads\/2025\/03\/manguasi-koerale-kong27.jpg","contentUrl":"https:\/\/miumjau.ee\/wp-content\/uploads\/2025\/03\/manguasi-koerale-kong27.jpg","width":600,"height":800},{"@type":"BreadcrumbList","@id":"https:\/\/miumjau.ee\/lt\/produktas\/zaislas-sunims-kong-classic-l\/#breadcrumb","itemListElement":[{"@type":"ListItem","position":1,"name":"Home","item":"https:\/\/miumjau.ee\/lt\/"},{"@type":"ListItem","position":2,"name":"Parduotuv\u0117","item":"https:\/\/miumjau.ee\/lt\/parduotuve\/"},{"@type":"ListItem","position":3,"name":"\u017daislas \u0161unims KONG Classic L"}]},{"@type":"WebSite","@id":"https:\/\/miumjau.ee\/#website","url":"https:\/\/miumjau.ee\/","name":"MiuMjau","description":"Kraapimispuud kassidele","publisher":{"@id":"https:\/\/miumjau.ee\/#organization"},"potentialAction":[{"@type":"SearchAction","target":{"@type":"EntryPoint","urlTemplate":"https:\/\/miumjau.ee\/?s={search_term_string}"},"query-input":{"@type":"PropertyValueSpecification","valueRequired":true,"valueName":"search_term_string"}}],"inLanguage":"lt-LT"},{"@type":"Organization","@id":"https:\/\/miumjau.ee\/#organization","name":"MiuMjau O\u00dc","url":"https:\/\/miumjau.ee\/","logo":{"@type":"ImageObject","inLanguage":"lt-LT","@id":"https:\/\/miumjau.ee\/#\/schema\/logo\/image\/","url":"https:\/\/miumjau.ee\/wp-content\/uploads\/2022\/04\/MiuMjau-logo-kollane.png","contentUrl":"https:\/\/miumjau.ee\/wp-content\/uploads\/2022\/04\/MiuMjau-logo-kollane.png","width":219,"height":100,"caption":"MiuMjau O\u00dc"},"image":{"@id":"https:\/\/miumjau.ee\/#\/schema\/logo\/image\/"},"sameAs":["https:\/\/www.facebook.com\/miumjaupood\/"]}]}},"_links":{"self":[{"href":"https:\/\/miumjau.ee\/lt\/wp-json\/wp\/v2\/product\/48931","targetHints":{"allow":["GET"]}}],"collection":[{"href":"https:\/\/miumjau.ee\/lt\/wp-json\/wp\/v2\/product"}],"about":[{"href":"https:\/\/miumjau.ee\/lt\/wp-json\/wp\/v2\/types\/product"}],"wp:featuredmedia":[{"embeddable":true,"href":"https:\/\/miumjau.ee\/lt\/wp-json\/wp\/v2\/media\/48927"}],"wp:attachment":[{"href":"https:\/\/miumjau.ee\/lt\/wp-json\/wp\/v2\/media?parent=48931"}],"wp:term":[{"taxonomy":"product_brand","embeddable":true,"href":"https:\/\/miumjau.ee\/lt\/wp-json\/wp\/v2\/product_brand?post=48931"},{"taxonomy":"product_cat","embeddable":true,"href":"https:\/\/miumjau.ee\/lt\/wp-json\/wp\/v2\/product_cat?post=48931"},{"taxonomy":"product_tag","embeddable":true,"href":"https:\/\/miumjau.ee\/lt\/wp-json\/wp\/v2\/product_tag?post=48931"}],"curies":[{"name":"wp","href":"https:\/\/api.w.org\/{rel}","templated":true}]}}