{"id":48906,"date":"2025-03-05T10:59:35","date_gmt":"2025-03-05T08:59:35","guid":{"rendered":"https:\/\/miumjau.ee\/toode\/kong-wubba-zaislas-sunims-zuvis-l\/"},"modified":"2026-01-07T20:44:26","modified_gmt":"2026-01-07T18:44:26","slug":"kong-wubba-zaislas-sunims-zuvis-l","status":"publish","type":"product","link":"https:\/\/miumjau.ee\/lt\/produktas\/kong-wubba-zaislas-sunims-zuvis-l\/","title":{"rendered":"KONG Wubba \u017eaislas \u0161unims, \u017euvis L"},"content":{"rendered":"","protected":false},"excerpt":{"rendered":"<p data-start=\"2537\" data-end=\"2624\"><strong data-start=\"2537\" data-end=\"2624\">KONG Wubba Finz (ilgis apie 38 cm) \u2013 puikiai tinka tampyti, purtyti ir m\u0117tyti! \ud83d\udc1f\ud83d\udc36<\/strong><\/p>\n<p data-start=\"2626\" data-end=\"2850\">Suteik \u017eaidim\u0173 laikui daugiau jaudulio su KONG Wubba Finz \u017eaislu! Ilgos, plazdan\u010dios uodegos leid\u017eia lengvai sugriebti \u017eaisl\u0105 ir puikiai tinka tampymo bei purtymo \u017eaidimams, patenkinant nat\u016bralius \u0161uns med\u017eiokl\u0117s instinktus.<\/p>\n<p data-start=\"2852\" data-end=\"3192\">\ud83d\udd25 <strong data-start=\"2855\" data-end=\"2895\">Kod\u0117l verta rinktis KONG Wubba Finz?<\/strong><br data-start=\"2895\" data-end=\"2898\" \/>\u2714 Ilgos uodegos \u2013 lengva sugriebti ir smagu tampyti<br data-start=\"2949\" data-end=\"2952\" \/>\u2714 Dviej\u0173 kamuoliuk\u0173 dizainas \u2013 vienas kamuoliukas \u0161okin\u0117ja, kitas cypsi, kad \u017eaidimas b\u016bt\u0173 \u012fdomus<br data-start=\"3049\" data-end=\"3052\" \/>\u2714 Aerodinamin\u0117 forma \u2013 idealiai tinka m\u0117tymui ir aportavimui<br data-start=\"3112\" data-end=\"3115\" \/>\u2714 Skatina aktyv\u0173 \u017eaidim\u0105 \u2013 padeda palaikyti \u0161uns fizin\u012f ir protin\u012f aktyvum\u0105<\/p>\n<p data-start=\"3194\" data-end=\"3299\" data-is-last-node=\"\" data-is-only-node=\"\">\ud83d\ude80 Mesk ir steb\u0117k, kaip tavo \u0161uo skuba paskui \u2013 KONG Wubba Finz suteikia \u017eaidimams tikros energijos! \ud83d\udc3e<\/p>\n","protected":false},"featured_media":48907,"template":"","meta":[],"product_brand":[],"product_cat":[541],"product_tag":[],"class_list":{"0":"post-48906","1":"product","2":"type-product","3":"status-publish","4":"has-post-thumbnail","6":"product_cat-zaislai-sunims","8":"first","9":"instock","10":"sale","11":"taxable","12":"shipping-taxable","13":"purchasable","14":"product-type-simple"},"yoast_head":"<!-- This site is optimized with the Yoast SEO plugin v27.4 - https:\/\/yoast.com\/product\/yoast-seo-wordpress\/ -->\n<title>KONG Wubba \u017eaislas \u0161unims, \u017euvis L - MiuMjau<\/title>\n<meta name=\"robots\" content=\"index, follow, max-snippet:-1, max-image-preview:large, max-video-preview:-1\" \/>\n<link rel=\"canonical\" href=\"https:\/\/miumjau.ee\/lt\/produktas\/kong-wubba-zaislas-sunims-zuvis-l\/\" \/>\n<meta property=\"og:locale\" content=\"lt_LT\" \/>\n<meta property=\"og:type\" content=\"article\" \/>\n<meta property=\"og:title\" content=\"KONG Wubba \u017eaislas \u0161unims, \u017euvis L - MiuMjau\" \/>\n<meta property=\"og:description\" content=\"KONG Wubba Finz (ilgis apie 38 cm) \u2013 puikiai tinka tampyti, purtyti ir m\u0117tyti! \ud83d\udc1f\ud83d\udc36 Suteik \u017eaidim\u0173 laikui daugiau jaudulio su KONG Wubba Finz \u017eaislu! Ilgos, plazdan\u010dios uodegos leid\u017eia lengvai sugriebti \u017eaisl\u0105 ir puikiai tinka tampymo bei purtymo \u017eaidimams, patenkinant nat\u016bralius \u0161uns med\u017eiokl\u0117s instinktus. \ud83d\udd25 Kod\u0117l verta rinktis KONG Wubba Finz?\u2714 Ilgos uodegos \u2013 lengva sugriebti ir smagu tampyti\u2714 Dviej\u0173 kamuoliuk\u0173 dizainas \u2013 vienas kamuoliukas \u0161okin\u0117ja, kitas cypsi, kad \u017eaidimas b\u016bt\u0173 \u012fdomus\u2714 Aerodinamin\u0117 forma \u2013 idealiai tinka m\u0117tymui ir aportavimui\u2714 Skatina aktyv\u0173 \u017eaidim\u0105 \u2013 padeda palaikyti \u0161uns fizin\u012f ir protin\u012f aktyvum\u0105 \ud83d\ude80 Mesk ir steb\u0117k, kaip tavo \u0161uo skuba paskui \u2013 KONG Wubba Finz suteikia \u017eaidimams tikros energijos! \ud83d\udc3e\" \/>\n<meta property=\"og:url\" content=\"https:\/\/miumjau.ee\/lt\/produktas\/kong-wubba-zaislas-sunims-zuvis-l\/\" \/>\n<meta property=\"og:site_name\" content=\"MiuMjau\" \/>\n<meta property=\"article:publisher\" content=\"https:\/\/www.facebook.com\/miumjaupood\/\" \/>\n<meta property=\"article:modified_time\" content=\"2026-01-07T18:44:26+00:00\" \/>\n<meta property=\"og:image\" content=\"https:\/\/miumjau.ee\/wp-content\/uploads\/2025\/03\/manguasi-koerale-kong22.jpg\" \/>\n\t<meta property=\"og:image:width\" content=\"600\" \/>\n\t<meta property=\"og:image:height\" content=\"800\" \/>\n\t<meta property=\"og:image:type\" content=\"image\/jpeg\" \/>\n<meta name=\"twitter:card\" content=\"summary_large_image\" \/>\n<script type=\"application\/ld+json\" class=\"yoast-schema-graph\">{\"@context\":\"https:\\\/\\\/schema.org\",\"@graph\":[{\"@type\":\"WebPage\",\"@id\":\"https:\\\/\\\/miumjau.ee\\\/lt\\\/produktas\\\/kong-wubba-zaislas-sunims-zuvis-l\\\/\",\"url\":\"https:\\\/\\\/miumjau.ee\\\/lt\\\/produktas\\\/kong-wubba-zaislas-sunims-zuvis-l\\\/\",\"name\":\"KONG Wubba \u017eaislas \u0161unims, \u017euvis L - MiuMjau\",\"isPartOf\":{\"@id\":\"https:\\\/\\\/miumjau.ee\\\/#website\"},\"primaryImageOfPage\":{\"@id\":\"https:\\\/\\\/miumjau.ee\\\/lt\\\/produktas\\\/kong-wubba-zaislas-sunims-zuvis-l\\\/#primaryimage\"},\"image\":{\"@id\":\"https:\\\/\\\/miumjau.ee\\\/lt\\\/produktas\\\/kong-wubba-zaislas-sunims-zuvis-l\\\/#primaryimage\"},\"thumbnailUrl\":\"https:\\\/\\\/miumjau.ee\\\/wp-content\\\/uploads\\\/2025\\\/03\\\/manguasi-koerale-kong22.jpg\",\"datePublished\":\"2025-03-05T08:59:35+00:00\",\"dateModified\":\"2026-01-07T18:44:26+00:00\",\"breadcrumb\":{\"@id\":\"https:\\\/\\\/miumjau.ee\\\/lt\\\/produktas\\\/kong-wubba-zaislas-sunims-zuvis-l\\\/#breadcrumb\"},\"inLanguage\":\"lt-LT\",\"potentialAction\":[{\"@type\":\"ReadAction\",\"target\":[\"https:\\\/\\\/miumjau.ee\\\/lt\\\/produktas\\\/kong-wubba-zaislas-sunims-zuvis-l\\\/\"]}]},{\"@type\":\"ImageObject\",\"inLanguage\":\"lt-LT\",\"@id\":\"https:\\\/\\\/miumjau.ee\\\/lt\\\/produktas\\\/kong-wubba-zaislas-sunims-zuvis-l\\\/#primaryimage\",\"url\":\"https:\\\/\\\/miumjau.ee\\\/wp-content\\\/uploads\\\/2025\\\/03\\\/manguasi-koerale-kong22.jpg\",\"contentUrl\":\"https:\\\/\\\/miumjau.ee\\\/wp-content\\\/uploads\\\/2025\\\/03\\\/manguasi-koerale-kong22.jpg\",\"width\":600,\"height\":800},{\"@type\":\"BreadcrumbList\",\"@id\":\"https:\\\/\\\/miumjau.ee\\\/lt\\\/produktas\\\/kong-wubba-zaislas-sunims-zuvis-l\\\/#breadcrumb\",\"itemListElement\":[{\"@type\":\"ListItem\",\"position\":1,\"name\":\"Home\",\"item\":\"https:\\\/\\\/miumjau.ee\\\/lt\\\/\"},{\"@type\":\"ListItem\",\"position\":2,\"name\":\"Parduotuv\u0117\",\"item\":\"https:\\\/\\\/miumjau.ee\\\/lt\\\/parduotuve\\\/\"},{\"@type\":\"ListItem\",\"position\":3,\"name\":\"KONG Wubba \u017eaislas \u0161unims, \u017euvis L\"}]},{\"@type\":\"WebSite\",\"@id\":\"https:\\\/\\\/miumjau.ee\\\/#website\",\"url\":\"https:\\\/\\\/miumjau.ee\\\/\",\"name\":\"MiuMjau\",\"description\":\"Kraapimispuud kassidele\",\"publisher\":{\"@id\":\"https:\\\/\\\/miumjau.ee\\\/#organization\"},\"potentialAction\":[{\"@type\":\"SearchAction\",\"target\":{\"@type\":\"EntryPoint\",\"urlTemplate\":\"https:\\\/\\\/miumjau.ee\\\/?s={search_term_string}\"},\"query-input\":{\"@type\":\"PropertyValueSpecification\",\"valueRequired\":true,\"valueName\":\"search_term_string\"}}],\"inLanguage\":\"lt-LT\"},{\"@type\":\"Organization\",\"@id\":\"https:\\\/\\\/miumjau.ee\\\/#organization\",\"name\":\"MiuMjau O\u00dc\",\"url\":\"https:\\\/\\\/miumjau.ee\\\/\",\"logo\":{\"@type\":\"ImageObject\",\"inLanguage\":\"lt-LT\",\"@id\":\"https:\\\/\\\/miumjau.ee\\\/#\\\/schema\\\/logo\\\/image\\\/\",\"url\":\"https:\\\/\\\/miumjau.ee\\\/wp-content\\\/uploads\\\/2022\\\/04\\\/MiuMjau-logo-kollane.png\",\"contentUrl\":\"https:\\\/\\\/miumjau.ee\\\/wp-content\\\/uploads\\\/2022\\\/04\\\/MiuMjau-logo-kollane.png\",\"width\":219,\"height\":100,\"caption\":\"MiuMjau O\u00dc\"},\"image\":{\"@id\":\"https:\\\/\\\/miumjau.ee\\\/#\\\/schema\\\/logo\\\/image\\\/\"},\"sameAs\":[\"https:\\\/\\\/www.facebook.com\\\/miumjaupood\\\/\"]}]}<\/script>\n<!-- \/ Yoast SEO plugin. -->","yoast_head_json":{"title":"KONG Wubba \u017eaislas \u0161unims, \u017euvis L - MiuMjau","robots":{"index":"index","follow":"follow","max-snippet":"max-snippet:-1","max-image-preview":"max-image-preview:large","max-video-preview":"max-video-preview:-1"},"canonical":"https:\/\/miumjau.ee\/lt\/produktas\/kong-wubba-zaislas-sunims-zuvis-l\/","og_locale":"lt_LT","og_type":"article","og_title":"KONG Wubba \u017eaislas \u0161unims, \u017euvis L - MiuMjau","og_description":"KONG Wubba Finz (ilgis apie 38 cm) \u2013 puikiai tinka tampyti, purtyti ir m\u0117tyti! \ud83d\udc1f\ud83d\udc36 Suteik \u017eaidim\u0173 laikui daugiau jaudulio su KONG Wubba Finz \u017eaislu! Ilgos, plazdan\u010dios uodegos leid\u017eia lengvai sugriebti \u017eaisl\u0105 ir puikiai tinka tampymo bei purtymo \u017eaidimams, patenkinant nat\u016bralius \u0161uns med\u017eiokl\u0117s instinktus. \ud83d\udd25 Kod\u0117l verta rinktis KONG Wubba Finz?\u2714 Ilgos uodegos \u2013 lengva sugriebti ir smagu tampyti\u2714 Dviej\u0173 kamuoliuk\u0173 dizainas \u2013 vienas kamuoliukas \u0161okin\u0117ja, kitas cypsi, kad \u017eaidimas b\u016bt\u0173 \u012fdomus\u2714 Aerodinamin\u0117 forma \u2013 idealiai tinka m\u0117tymui ir aportavimui\u2714 Skatina aktyv\u0173 \u017eaidim\u0105 \u2013 padeda palaikyti \u0161uns fizin\u012f ir protin\u012f aktyvum\u0105 \ud83d\ude80 Mesk ir steb\u0117k, kaip tavo \u0161uo skuba paskui \u2013 KONG Wubba Finz suteikia \u017eaidimams tikros energijos! \ud83d\udc3e","og_url":"https:\/\/miumjau.ee\/lt\/produktas\/kong-wubba-zaislas-sunims-zuvis-l\/","og_site_name":"MiuMjau","article_publisher":"https:\/\/www.facebook.com\/miumjaupood\/","article_modified_time":"2026-01-07T18:44:26+00:00","og_image":[{"width":600,"height":800,"url":"https:\/\/miumjau.ee\/wp-content\/uploads\/2025\/03\/manguasi-koerale-kong22.jpg","type":"image\/jpeg"}],"twitter_card":"summary_large_image","schema":{"@context":"https:\/\/schema.org","@graph":[{"@type":"WebPage","@id":"https:\/\/miumjau.ee\/lt\/produktas\/kong-wubba-zaislas-sunims-zuvis-l\/","url":"https:\/\/miumjau.ee\/lt\/produktas\/kong-wubba-zaislas-sunims-zuvis-l\/","name":"KONG Wubba \u017eaislas \u0161unims, \u017euvis L - MiuMjau","isPartOf":{"@id":"https:\/\/miumjau.ee\/#website"},"primaryImageOfPage":{"@id":"https:\/\/miumjau.ee\/lt\/produktas\/kong-wubba-zaislas-sunims-zuvis-l\/#primaryimage"},"image":{"@id":"https:\/\/miumjau.ee\/lt\/produktas\/kong-wubba-zaislas-sunims-zuvis-l\/#primaryimage"},"thumbnailUrl":"https:\/\/miumjau.ee\/wp-content\/uploads\/2025\/03\/manguasi-koerale-kong22.jpg","datePublished":"2025-03-05T08:59:35+00:00","dateModified":"2026-01-07T18:44:26+00:00","breadcrumb":{"@id":"https:\/\/miumjau.ee\/lt\/produktas\/kong-wubba-zaislas-sunims-zuvis-l\/#breadcrumb"},"inLanguage":"lt-LT","potentialAction":[{"@type":"ReadAction","target":["https:\/\/miumjau.ee\/lt\/produktas\/kong-wubba-zaislas-sunims-zuvis-l\/"]}]},{"@type":"ImageObject","inLanguage":"lt-LT","@id":"https:\/\/miumjau.ee\/lt\/produktas\/kong-wubba-zaislas-sunims-zuvis-l\/#primaryimage","url":"https:\/\/miumjau.ee\/wp-content\/uploads\/2025\/03\/manguasi-koerale-kong22.jpg","contentUrl":"https:\/\/miumjau.ee\/wp-content\/uploads\/2025\/03\/manguasi-koerale-kong22.jpg","width":600,"height":800},{"@type":"BreadcrumbList","@id":"https:\/\/miumjau.ee\/lt\/produktas\/kong-wubba-zaislas-sunims-zuvis-l\/#breadcrumb","itemListElement":[{"@type":"ListItem","position":1,"name":"Home","item":"https:\/\/miumjau.ee\/lt\/"},{"@type":"ListItem","position":2,"name":"Parduotuv\u0117","item":"https:\/\/miumjau.ee\/lt\/parduotuve\/"},{"@type":"ListItem","position":3,"name":"KONG Wubba \u017eaislas \u0161unims, \u017euvis L"}]},{"@type":"WebSite","@id":"https:\/\/miumjau.ee\/#website","url":"https:\/\/miumjau.ee\/","name":"MiuMjau","description":"Kraapimispuud kassidele","publisher":{"@id":"https:\/\/miumjau.ee\/#organization"},"potentialAction":[{"@type":"SearchAction","target":{"@type":"EntryPoint","urlTemplate":"https:\/\/miumjau.ee\/?s={search_term_string}"},"query-input":{"@type":"PropertyValueSpecification","valueRequired":true,"valueName":"search_term_string"}}],"inLanguage":"lt-LT"},{"@type":"Organization","@id":"https:\/\/miumjau.ee\/#organization","name":"MiuMjau O\u00dc","url":"https:\/\/miumjau.ee\/","logo":{"@type":"ImageObject","inLanguage":"lt-LT","@id":"https:\/\/miumjau.ee\/#\/schema\/logo\/image\/","url":"https:\/\/miumjau.ee\/wp-content\/uploads\/2022\/04\/MiuMjau-logo-kollane.png","contentUrl":"https:\/\/miumjau.ee\/wp-content\/uploads\/2022\/04\/MiuMjau-logo-kollane.png","width":219,"height":100,"caption":"MiuMjau O\u00dc"},"image":{"@id":"https:\/\/miumjau.ee\/#\/schema\/logo\/image\/"},"sameAs":["https:\/\/www.facebook.com\/miumjaupood\/"]}]}},"_links":{"self":[{"href":"https:\/\/miumjau.ee\/lt\/wp-json\/wp\/v2\/product\/48906","targetHints":{"allow":["GET"]}}],"collection":[{"href":"https:\/\/miumjau.ee\/lt\/wp-json\/wp\/v2\/product"}],"about":[{"href":"https:\/\/miumjau.ee\/lt\/wp-json\/wp\/v2\/types\/product"}],"wp:featuredmedia":[{"embeddable":true,"href":"https:\/\/miumjau.ee\/lt\/wp-json\/wp\/v2\/media\/48907"}],"wp:attachment":[{"href":"https:\/\/miumjau.ee\/lt\/wp-json\/wp\/v2\/media?parent=48906"}],"wp:term":[{"taxonomy":"product_brand","embeddable":true,"href":"https:\/\/miumjau.ee\/lt\/wp-json\/wp\/v2\/product_brand?post=48906"},{"taxonomy":"product_cat","embeddable":true,"href":"https:\/\/miumjau.ee\/lt\/wp-json\/wp\/v2\/product_cat?post=48906"},{"taxonomy":"product_tag","embeddable":true,"href":"https:\/\/miumjau.ee\/lt\/wp-json\/wp\/v2\/product_tag?post=48906"}],"curies":[{"name":"wp","href":"https:\/\/api.w.org\/{rel}","templated":true}]}}