{"id":48899,"date":"2025-03-05T11:02:47","date_gmt":"2025-03-05T09:02:47","guid":{"rendered":"https:\/\/miumjau.ee\/toode\/zaislas-suniukams-kong-wubba-puppy-spalva-atsitiktine\/"},"modified":"2026-01-07T20:44:26","modified_gmt":"2026-01-07T18:44:26","slug":"zaislas-suniukams-kong-wubba-puppy-spalva-atsitiktine","status":"publish","type":"product","link":"https:\/\/miumjau.ee\/lt\/produktas\/zaislas-suniukams-kong-wubba-puppy-spalva-atsitiktine\/","title":{"rendered":"\u017daislas \u0161uniukams KONG Wubba Puppy (spalva atsitiktin\u0117)"},"content":{"rendered":"","protected":false},"excerpt":{"rendered":"<p data-start=\"3249\" data-end=\"3329\"><strong data-start=\"3249\" data-end=\"3329\">KONG Wubba Puppy \u2013 puikiai tinka m\u0117tyti, tampyti ir smagiems \u017eaidimams! \ud83d\udc36\ud83c\udfbe<\/strong><\/p>\n<p data-start=\"3331\" data-end=\"3632\">KONG Wubba Puppy \u2013 tai interaktyvus \u017eaislas, specialiai sukurtas \u0161uniukams, suteikiantis smagios veiklos ir stiprinantis ry\u0161\u012f tarp \u0161eimininko ir \u0161uns. Tvirtas nailoninis apvalkalas slepia du kamuoliukus \u2013 vir\u0161uje teniso kamuoliuk\u0105, o apa\u010dioje cypsint\u012f kamuoliuk\u0105, kurie \u017eaidim\u0105 paver\u010dia dar \u012fdomesniu.<\/p>\n<p data-start=\"3634\" data-end=\"4075\">\ud83d\udd25 <strong data-start=\"3637\" data-end=\"3678\">Kod\u0117l verta rinktis KONG Wubba Puppy?<\/strong><br data-start=\"3678\" data-end=\"3681\" \/>\u2714 Ilgos uodegos \u2013 lengva sugriebti, mesti ir tampyti<br data-start=\"3733\" data-end=\"3736\" \/>\u2714 Dvigubo kamuolio dizainas \u2013 teniso kamuoliukas + cypsintis kamuoliukas suteikia \u017eaidimui energijos<br data-start=\"3836\" data-end=\"3839\" \/>\u2714 Tvirtas nailoninis audinys \u2013 papildomas patvarumas aktyviems \u0161uniukams<br data-start=\"3911\" data-end=\"3914\" \/>\u2714 Idealiai tinka interaktyviems \u017eaidimams \u2013 lavina \u0161uniuko \u012fg\u016bd\u017eius ir palaiko aktyvum\u0105<br data-start=\"4001\" data-end=\"4004\" \/>\u2714 Cypsintis vidus \u2013 suteikia papildomo susidom\u0117jimo ir skatina \u017eaisti<\/p>\n<p data-start=\"4077\" data-end=\"4106\">\ud83d\udccf <strong data-start=\"4080\" data-end=\"4090\">Dydis:<\/strong><br data-start=\"4090\" data-end=\"4093\" \/>\ud83d\udd39 22,23 cm<\/p>\n<p data-start=\"4108\" data-end=\"4244\" data-is-last-node=\"\" data-is-only-node=\"\">Padaryk savo \u0161uniuko \u017eaidimo laik\u0105 dar smagesn\u012f su KONG Wubba Puppy \u2013 puikus \u017eaislas m\u0117tymui, tempimui ir interaktyviems nuotykiams! \ud83d\udc3e\u2728<\/p>\n","protected":false},"featured_media":48900,"template":"","meta":[],"product_brand":[],"product_cat":[541],"product_tag":[],"class_list":{"0":"post-48899","1":"product","2":"type-product","3":"status-publish","4":"has-post-thumbnail","6":"product_cat-zaislai-sunims","8":"first","9":"instock","10":"sale","11":"taxable","12":"shipping-taxable","13":"purchasable","14":"product-type-simple"},"yoast_head":"<!-- This site is optimized with the Yoast SEO plugin v27.4 - https:\/\/yoast.com\/product\/yoast-seo-wordpress\/ -->\n<title>\u017daislas \u0161uniukams KONG Wubba Puppy (spalva atsitiktin\u0117) - MiuMjau<\/title>\n<meta name=\"robots\" content=\"index, follow, max-snippet:-1, max-image-preview:large, max-video-preview:-1\" \/>\n<link rel=\"canonical\" href=\"https:\/\/miumjau.ee\/lt\/produktas\/zaislas-suniukams-kong-wubba-puppy-spalva-atsitiktine\/\" \/>\n<meta property=\"og:locale\" content=\"lt_LT\" \/>\n<meta property=\"og:type\" content=\"article\" \/>\n<meta property=\"og:title\" content=\"\u017daislas \u0161uniukams KONG Wubba Puppy (spalva atsitiktin\u0117) - MiuMjau\" \/>\n<meta property=\"og:description\" content=\"KONG Wubba Puppy \u2013 puikiai tinka m\u0117tyti, tampyti ir smagiems \u017eaidimams! \ud83d\udc36\ud83c\udfbe KONG Wubba Puppy \u2013 tai interaktyvus \u017eaislas, specialiai sukurtas \u0161uniukams, suteikiantis smagios veiklos ir stiprinantis ry\u0161\u012f tarp \u0161eimininko ir \u0161uns. Tvirtas nailoninis apvalkalas slepia du kamuoliukus \u2013 vir\u0161uje teniso kamuoliuk\u0105, o apa\u010dioje cypsint\u012f kamuoliuk\u0105, kurie \u017eaidim\u0105 paver\u010dia dar \u012fdomesniu. \ud83d\udd25 Kod\u0117l verta rinktis KONG Wubba Puppy?\u2714 Ilgos uodegos \u2013 lengva sugriebti, mesti ir tampyti\u2714 Dvigubo kamuolio dizainas \u2013 teniso kamuoliukas + cypsintis kamuoliukas suteikia \u017eaidimui energijos\u2714 Tvirtas nailoninis audinys \u2013 papildomas patvarumas aktyviems \u0161uniukams\u2714 Idealiai tinka interaktyviems \u017eaidimams \u2013 lavina \u0161uniuko \u012fg\u016bd\u017eius ir palaiko aktyvum\u0105\u2714 Cypsintis vidus \u2013 suteikia papildomo susidom\u0117jimo ir skatina \u017eaisti \ud83d\udccf Dydis:\ud83d\udd39 22,23 cm Padaryk savo \u0161uniuko \u017eaidimo laik\u0105 dar smagesn\u012f su KONG Wubba Puppy \u2013 puikus \u017eaislas m\u0117tymui, tempimui ir interaktyviems nuotykiams! \ud83d\udc3e\u2728\" \/>\n<meta property=\"og:url\" content=\"https:\/\/miumjau.ee\/lt\/produktas\/zaislas-suniukams-kong-wubba-puppy-spalva-atsitiktine\/\" \/>\n<meta property=\"og:site_name\" content=\"MiuMjau\" \/>\n<meta property=\"article:publisher\" content=\"https:\/\/www.facebook.com\/miumjaupood\/\" \/>\n<meta property=\"article:modified_time\" content=\"2026-01-07T18:44:26+00:00\" \/>\n<meta property=\"og:image\" content=\"https:\/\/miumjau.ee\/wp-content\/uploads\/2025\/03\/manguasi-koerale-kong23.jpg\" \/>\n\t<meta property=\"og:image:width\" content=\"600\" \/>\n\t<meta property=\"og:image:height\" content=\"800\" \/>\n\t<meta property=\"og:image:type\" content=\"image\/jpeg\" \/>\n<meta name=\"twitter:card\" content=\"summary_large_image\" \/>\n<script type=\"application\/ld+json\" class=\"yoast-schema-graph\">{\"@context\":\"https:\\\/\\\/schema.org\",\"@graph\":[{\"@type\":\"WebPage\",\"@id\":\"https:\\\/\\\/miumjau.ee\\\/lt\\\/produktas\\\/zaislas-suniukams-kong-wubba-puppy-spalva-atsitiktine\\\/\",\"url\":\"https:\\\/\\\/miumjau.ee\\\/lt\\\/produktas\\\/zaislas-suniukams-kong-wubba-puppy-spalva-atsitiktine\\\/\",\"name\":\"\u017daislas \u0161uniukams KONG Wubba Puppy (spalva atsitiktin\u0117) - MiuMjau\",\"isPartOf\":{\"@id\":\"https:\\\/\\\/miumjau.ee\\\/#website\"},\"primaryImageOfPage\":{\"@id\":\"https:\\\/\\\/miumjau.ee\\\/lt\\\/produktas\\\/zaislas-suniukams-kong-wubba-puppy-spalva-atsitiktine\\\/#primaryimage\"},\"image\":{\"@id\":\"https:\\\/\\\/miumjau.ee\\\/lt\\\/produktas\\\/zaislas-suniukams-kong-wubba-puppy-spalva-atsitiktine\\\/#primaryimage\"},\"thumbnailUrl\":\"https:\\\/\\\/miumjau.ee\\\/wp-content\\\/uploads\\\/2025\\\/03\\\/manguasi-koerale-kong23.jpg\",\"datePublished\":\"2025-03-05T09:02:47+00:00\",\"dateModified\":\"2026-01-07T18:44:26+00:00\",\"breadcrumb\":{\"@id\":\"https:\\\/\\\/miumjau.ee\\\/lt\\\/produktas\\\/zaislas-suniukams-kong-wubba-puppy-spalva-atsitiktine\\\/#breadcrumb\"},\"inLanguage\":\"lt-LT\",\"potentialAction\":[{\"@type\":\"ReadAction\",\"target\":[\"https:\\\/\\\/miumjau.ee\\\/lt\\\/produktas\\\/zaislas-suniukams-kong-wubba-puppy-spalva-atsitiktine\\\/\"]}]},{\"@type\":\"ImageObject\",\"inLanguage\":\"lt-LT\",\"@id\":\"https:\\\/\\\/miumjau.ee\\\/lt\\\/produktas\\\/zaislas-suniukams-kong-wubba-puppy-spalva-atsitiktine\\\/#primaryimage\",\"url\":\"https:\\\/\\\/miumjau.ee\\\/wp-content\\\/uploads\\\/2025\\\/03\\\/manguasi-koerale-kong23.jpg\",\"contentUrl\":\"https:\\\/\\\/miumjau.ee\\\/wp-content\\\/uploads\\\/2025\\\/03\\\/manguasi-koerale-kong23.jpg\",\"width\":600,\"height\":800},{\"@type\":\"BreadcrumbList\",\"@id\":\"https:\\\/\\\/miumjau.ee\\\/lt\\\/produktas\\\/zaislas-suniukams-kong-wubba-puppy-spalva-atsitiktine\\\/#breadcrumb\",\"itemListElement\":[{\"@type\":\"ListItem\",\"position\":1,\"name\":\"Home\",\"item\":\"https:\\\/\\\/miumjau.ee\\\/lt\\\/\"},{\"@type\":\"ListItem\",\"position\":2,\"name\":\"Parduotuv\u0117\",\"item\":\"https:\\\/\\\/miumjau.ee\\\/lt\\\/parduotuve\\\/\"},{\"@type\":\"ListItem\",\"position\":3,\"name\":\"\u017daislas \u0161uniukams KONG Wubba Puppy (spalva atsitiktin\u0117)\"}]},{\"@type\":\"WebSite\",\"@id\":\"https:\\\/\\\/miumjau.ee\\\/#website\",\"url\":\"https:\\\/\\\/miumjau.ee\\\/\",\"name\":\"MiuMjau\",\"description\":\"Kraapimispuud kassidele\",\"publisher\":{\"@id\":\"https:\\\/\\\/miumjau.ee\\\/#organization\"},\"potentialAction\":[{\"@type\":\"SearchAction\",\"target\":{\"@type\":\"EntryPoint\",\"urlTemplate\":\"https:\\\/\\\/miumjau.ee\\\/?s={search_term_string}\"},\"query-input\":{\"@type\":\"PropertyValueSpecification\",\"valueRequired\":true,\"valueName\":\"search_term_string\"}}],\"inLanguage\":\"lt-LT\"},{\"@type\":\"Organization\",\"@id\":\"https:\\\/\\\/miumjau.ee\\\/#organization\",\"name\":\"MiuMjau O\u00dc\",\"url\":\"https:\\\/\\\/miumjau.ee\\\/\",\"logo\":{\"@type\":\"ImageObject\",\"inLanguage\":\"lt-LT\",\"@id\":\"https:\\\/\\\/miumjau.ee\\\/#\\\/schema\\\/logo\\\/image\\\/\",\"url\":\"https:\\\/\\\/miumjau.ee\\\/wp-content\\\/uploads\\\/2022\\\/04\\\/MiuMjau-logo-kollane.png\",\"contentUrl\":\"https:\\\/\\\/miumjau.ee\\\/wp-content\\\/uploads\\\/2022\\\/04\\\/MiuMjau-logo-kollane.png\",\"width\":219,\"height\":100,\"caption\":\"MiuMjau O\u00dc\"},\"image\":{\"@id\":\"https:\\\/\\\/miumjau.ee\\\/#\\\/schema\\\/logo\\\/image\\\/\"},\"sameAs\":[\"https:\\\/\\\/www.facebook.com\\\/miumjaupood\\\/\"]}]}<\/script>\n<!-- \/ Yoast SEO plugin. -->","yoast_head_json":{"title":"\u017daislas \u0161uniukams KONG Wubba Puppy (spalva atsitiktin\u0117) - MiuMjau","robots":{"index":"index","follow":"follow","max-snippet":"max-snippet:-1","max-image-preview":"max-image-preview:large","max-video-preview":"max-video-preview:-1"},"canonical":"https:\/\/miumjau.ee\/lt\/produktas\/zaislas-suniukams-kong-wubba-puppy-spalva-atsitiktine\/","og_locale":"lt_LT","og_type":"article","og_title":"\u017daislas \u0161uniukams KONG Wubba Puppy (spalva atsitiktin\u0117) - MiuMjau","og_description":"KONG Wubba Puppy \u2013 puikiai tinka m\u0117tyti, tampyti ir smagiems \u017eaidimams! \ud83d\udc36\ud83c\udfbe KONG Wubba Puppy \u2013 tai interaktyvus \u017eaislas, specialiai sukurtas \u0161uniukams, suteikiantis smagios veiklos ir stiprinantis ry\u0161\u012f tarp \u0161eimininko ir \u0161uns. Tvirtas nailoninis apvalkalas slepia du kamuoliukus \u2013 vir\u0161uje teniso kamuoliuk\u0105, o apa\u010dioje cypsint\u012f kamuoliuk\u0105, kurie \u017eaidim\u0105 paver\u010dia dar \u012fdomesniu. \ud83d\udd25 Kod\u0117l verta rinktis KONG Wubba Puppy?\u2714 Ilgos uodegos \u2013 lengva sugriebti, mesti ir tampyti\u2714 Dvigubo kamuolio dizainas \u2013 teniso kamuoliukas + cypsintis kamuoliukas suteikia \u017eaidimui energijos\u2714 Tvirtas nailoninis audinys \u2013 papildomas patvarumas aktyviems \u0161uniukams\u2714 Idealiai tinka interaktyviems \u017eaidimams \u2013 lavina \u0161uniuko \u012fg\u016bd\u017eius ir palaiko aktyvum\u0105\u2714 Cypsintis vidus \u2013 suteikia papildomo susidom\u0117jimo ir skatina \u017eaisti \ud83d\udccf Dydis:\ud83d\udd39 22,23 cm Padaryk savo \u0161uniuko \u017eaidimo laik\u0105 dar smagesn\u012f su KONG Wubba Puppy \u2013 puikus \u017eaislas m\u0117tymui, tempimui ir interaktyviems nuotykiams! \ud83d\udc3e\u2728","og_url":"https:\/\/miumjau.ee\/lt\/produktas\/zaislas-suniukams-kong-wubba-puppy-spalva-atsitiktine\/","og_site_name":"MiuMjau","article_publisher":"https:\/\/www.facebook.com\/miumjaupood\/","article_modified_time":"2026-01-07T18:44:26+00:00","og_image":[{"width":600,"height":800,"url":"https:\/\/miumjau.ee\/wp-content\/uploads\/2025\/03\/manguasi-koerale-kong23.jpg","type":"image\/jpeg"}],"twitter_card":"summary_large_image","schema":{"@context":"https:\/\/schema.org","@graph":[{"@type":"WebPage","@id":"https:\/\/miumjau.ee\/lt\/produktas\/zaislas-suniukams-kong-wubba-puppy-spalva-atsitiktine\/","url":"https:\/\/miumjau.ee\/lt\/produktas\/zaislas-suniukams-kong-wubba-puppy-spalva-atsitiktine\/","name":"\u017daislas \u0161uniukams KONG Wubba Puppy (spalva atsitiktin\u0117) - MiuMjau","isPartOf":{"@id":"https:\/\/miumjau.ee\/#website"},"primaryImageOfPage":{"@id":"https:\/\/miumjau.ee\/lt\/produktas\/zaislas-suniukams-kong-wubba-puppy-spalva-atsitiktine\/#primaryimage"},"image":{"@id":"https:\/\/miumjau.ee\/lt\/produktas\/zaislas-suniukams-kong-wubba-puppy-spalva-atsitiktine\/#primaryimage"},"thumbnailUrl":"https:\/\/miumjau.ee\/wp-content\/uploads\/2025\/03\/manguasi-koerale-kong23.jpg","datePublished":"2025-03-05T09:02:47+00:00","dateModified":"2026-01-07T18:44:26+00:00","breadcrumb":{"@id":"https:\/\/miumjau.ee\/lt\/produktas\/zaislas-suniukams-kong-wubba-puppy-spalva-atsitiktine\/#breadcrumb"},"inLanguage":"lt-LT","potentialAction":[{"@type":"ReadAction","target":["https:\/\/miumjau.ee\/lt\/produktas\/zaislas-suniukams-kong-wubba-puppy-spalva-atsitiktine\/"]}]},{"@type":"ImageObject","inLanguage":"lt-LT","@id":"https:\/\/miumjau.ee\/lt\/produktas\/zaislas-suniukams-kong-wubba-puppy-spalva-atsitiktine\/#primaryimage","url":"https:\/\/miumjau.ee\/wp-content\/uploads\/2025\/03\/manguasi-koerale-kong23.jpg","contentUrl":"https:\/\/miumjau.ee\/wp-content\/uploads\/2025\/03\/manguasi-koerale-kong23.jpg","width":600,"height":800},{"@type":"BreadcrumbList","@id":"https:\/\/miumjau.ee\/lt\/produktas\/zaislas-suniukams-kong-wubba-puppy-spalva-atsitiktine\/#breadcrumb","itemListElement":[{"@type":"ListItem","position":1,"name":"Home","item":"https:\/\/miumjau.ee\/lt\/"},{"@type":"ListItem","position":2,"name":"Parduotuv\u0117","item":"https:\/\/miumjau.ee\/lt\/parduotuve\/"},{"@type":"ListItem","position":3,"name":"\u017daislas \u0161uniukams KONG Wubba Puppy (spalva atsitiktin\u0117)"}]},{"@type":"WebSite","@id":"https:\/\/miumjau.ee\/#website","url":"https:\/\/miumjau.ee\/","name":"MiuMjau","description":"Kraapimispuud kassidele","publisher":{"@id":"https:\/\/miumjau.ee\/#organization"},"potentialAction":[{"@type":"SearchAction","target":{"@type":"EntryPoint","urlTemplate":"https:\/\/miumjau.ee\/?s={search_term_string}"},"query-input":{"@type":"PropertyValueSpecification","valueRequired":true,"valueName":"search_term_string"}}],"inLanguage":"lt-LT"},{"@type":"Organization","@id":"https:\/\/miumjau.ee\/#organization","name":"MiuMjau O\u00dc","url":"https:\/\/miumjau.ee\/","logo":{"@type":"ImageObject","inLanguage":"lt-LT","@id":"https:\/\/miumjau.ee\/#\/schema\/logo\/image\/","url":"https:\/\/miumjau.ee\/wp-content\/uploads\/2022\/04\/MiuMjau-logo-kollane.png","contentUrl":"https:\/\/miumjau.ee\/wp-content\/uploads\/2022\/04\/MiuMjau-logo-kollane.png","width":219,"height":100,"caption":"MiuMjau O\u00dc"},"image":{"@id":"https:\/\/miumjau.ee\/#\/schema\/logo\/image\/"},"sameAs":["https:\/\/www.facebook.com\/miumjaupood\/"]}]}},"_links":{"self":[{"href":"https:\/\/miumjau.ee\/lt\/wp-json\/wp\/v2\/product\/48899","targetHints":{"allow":["GET"]}}],"collection":[{"href":"https:\/\/miumjau.ee\/lt\/wp-json\/wp\/v2\/product"}],"about":[{"href":"https:\/\/miumjau.ee\/lt\/wp-json\/wp\/v2\/types\/product"}],"wp:featuredmedia":[{"embeddable":true,"href":"https:\/\/miumjau.ee\/lt\/wp-json\/wp\/v2\/media\/48900"}],"wp:attachment":[{"href":"https:\/\/miumjau.ee\/lt\/wp-json\/wp\/v2\/media?parent=48899"}],"wp:term":[{"taxonomy":"product_brand","embeddable":true,"href":"https:\/\/miumjau.ee\/lt\/wp-json\/wp\/v2\/product_brand?post=48899"},{"taxonomy":"product_cat","embeddable":true,"href":"https:\/\/miumjau.ee\/lt\/wp-json\/wp\/v2\/product_cat?post=48899"},{"taxonomy":"product_tag","embeddable":true,"href":"https:\/\/miumjau.ee\/lt\/wp-json\/wp\/v2\/product_tag?post=48899"}],"curies":[{"name":"wp","href":"https:\/\/api.w.org\/{rel}","templated":true}]}}