{"id":48888,"date":"2025-03-04T14:19:34","date_gmt":"2025-03-04T12:19:34","guid":{"rendered":"https:\/\/miumjau.ee\/toode\/zaislas-sunims-kamuolys-su-virve-dog-comets-oranzinis\/"},"modified":"2026-01-07T20:44:34","modified_gmt":"2026-01-07T18:44:34","slug":"zaislas-sunims-kamuolys-su-virve-dog-comets-oranzinis","status":"publish","type":"product","link":"https:\/\/miumjau.ee\/lt\/produktas\/zaislas-sunims-kamuolys-su-virve-dog-comets-oranzinis\/","title":{"rendered":"\u017daislas \u0161unims \u2013 kamuolys su virve Dog Comets, oran\u017einis"},"content":{"rendered":"","protected":false},"excerpt":{"rendered":"<p data-start=\"3228\" data-end=\"3302\"><strong data-start=\"3228\" data-end=\"3302\">Dog Comets \u017eaidim\u0173 kamuolys \u2013 ilgalaikiam d\u017eiaugsmui tavo \u0161uniui! \ud83d\ude80\ud83d\udc36<\/strong><\/p>\n<p data-start=\"3304\" data-end=\"3564\">Dog Comets Swift Tuttle, Halley ir Hale Bopp kamuoliai pavadinti garsi\u0173 komet\u0173 vardais ir sukurti maksimaliam aportavimo malonumui. I\u0161manus griovelinis dizainas leid\u017eia \u0161uniui lengviau kv\u0117puoti ne\u0161ant kamuol\u012f, tod\u0117l \u017eaidimo sesijos tampa ilgesn\u0117s ir smagesn\u0117s.<\/p>\n<p data-start=\"3566\" data-end=\"3926\">\ud83c\udfbe <strong data-start=\"3569\" data-end=\"3620\">Kod\u0117l verta rinktis Dog Comets \u017eaidim\u0173 kamuol\u012f?<\/strong><br data-start=\"3620\" data-end=\"3623\" \/>\u2714 100 % nat\u016brali guma \u2013 saugi, patvari ir atspari kramtymui<br data-start=\"3682\" data-end=\"3685\" \/>\u2714 Valo dantis \u2013 grioveliai padeda pa\u0161alinti ne\u0161varumus ir masa\u017euoja dantenas<br data-start=\"3761\" data-end=\"3764\" \/>\u2714 Puikus at\u0161okimas \u2013 idealiai tinka interaktyviems \u017eaidimams<br data-start=\"3824\" data-end=\"3827\" \/>\u2714 Pl\u016bduriuoja vandenyje \u2013 tinka vandens \u017eaidimams<br data-start=\"3876\" data-end=\"3879\" \/>\u2714 Lengvai valomas \u2013 pakanka nuplauti vandeniu<\/p>\n<p data-start=\"3928\" data-end=\"4033\">\ud83d\udef8 <strong data-start=\"3931\" data-end=\"3948\">Du variantai:<\/strong><br data-start=\"3948\" data-end=\"3951\" \/>\ud83d\udd39 Be virv\u0117s \u2013 \u00d8 6 cm<br data-start=\"3972\" data-end=\"3975\" \/>\ud83d\udd39 Su virve \u2013 tolimesniems metimams ir tempimo \u017eaidimams<\/p>\n<p data-start=\"4035\" data-end=\"4181\" data-is-last-node=\"\" data-is-only-node=\"\">Pakelk savo \u0161uns \u017eaidimus \u012f nauj\u0105 lyg\u012f su Dog Comets \u017eaidim\u0173 kamuoliu \u2013 patvarus, \u0161oklus ir idealus kiekvienam nuotyki\u0173 ie\u0161kan\u010diam keturkojui! \ud83d\udc3e\u2728<\/p>\n","protected":false},"featured_media":48889,"template":"","meta":[],"product_brand":[],"product_cat":[541],"product_tag":[],"class_list":{"0":"post-48888","1":"product","2":"type-product","3":"status-publish","4":"has-post-thumbnail","6":"product_cat-zaislai-sunims","8":"first","9":"instock","10":"taxable","11":"shipping-taxable","12":"purchasable","13":"product-type-simple"},"yoast_head":"<!-- This site is optimized with the Yoast SEO plugin v27.2 - https:\/\/yoast.com\/product\/yoast-seo-wordpress\/ -->\n<title>\u017daislas \u0161unims \u2013 kamuolys su virve Dog Comets, oran\u017einis - MiuMjau<\/title>\n<meta name=\"robots\" content=\"index, follow, max-snippet:-1, max-image-preview:large, max-video-preview:-1\" \/>\n<link rel=\"canonical\" href=\"https:\/\/miumjau.ee\/lt\/produktas\/zaislas-sunims-kamuolys-su-virve-dog-comets-oranzinis\/\" \/>\n<meta property=\"og:locale\" content=\"lt_LT\" \/>\n<meta property=\"og:type\" content=\"article\" \/>\n<meta property=\"og:title\" content=\"\u017daislas \u0161unims \u2013 kamuolys su virve Dog Comets, oran\u017einis - MiuMjau\" \/>\n<meta property=\"og:description\" content=\"Dog Comets \u017eaidim\u0173 kamuolys \u2013 ilgalaikiam d\u017eiaugsmui tavo \u0161uniui! \ud83d\ude80\ud83d\udc36 Dog Comets Swift Tuttle, Halley ir Hale Bopp kamuoliai pavadinti garsi\u0173 komet\u0173 vardais ir sukurti maksimaliam aportavimo malonumui. I\u0161manus griovelinis dizainas leid\u017eia \u0161uniui lengviau kv\u0117puoti ne\u0161ant kamuol\u012f, tod\u0117l \u017eaidimo sesijos tampa ilgesn\u0117s ir smagesn\u0117s. \ud83c\udfbe Kod\u0117l verta rinktis Dog Comets \u017eaidim\u0173 kamuol\u012f?\u2714 100 % nat\u016brali guma \u2013 saugi, patvari ir atspari kramtymui\u2714 Valo dantis \u2013 grioveliai padeda pa\u0161alinti ne\u0161varumus ir masa\u017euoja dantenas\u2714 Puikus at\u0161okimas \u2013 idealiai tinka interaktyviems \u017eaidimams\u2714 Pl\u016bduriuoja vandenyje \u2013 tinka vandens \u017eaidimams\u2714 Lengvai valomas \u2013 pakanka nuplauti vandeniu \ud83d\udef8 Du variantai:\ud83d\udd39 Be virv\u0117s \u2013 \u00d8 6 cm\ud83d\udd39 Su virve \u2013 tolimesniems metimams ir tempimo \u017eaidimams Pakelk savo \u0161uns \u017eaidimus \u012f nauj\u0105 lyg\u012f su Dog Comets \u017eaidim\u0173 kamuoliu \u2013 patvarus, \u0161oklus ir idealus kiekvienam nuotyki\u0173 ie\u0161kan\u010diam keturkojui! \ud83d\udc3e\u2728\" \/>\n<meta property=\"og:url\" content=\"https:\/\/miumjau.ee\/lt\/produktas\/zaislas-sunims-kamuolys-su-virve-dog-comets-oranzinis\/\" \/>\n<meta property=\"og:site_name\" content=\"MiuMjau\" \/>\n<meta property=\"article:publisher\" content=\"https:\/\/www.facebook.com\/miumjaupood\/\" \/>\n<meta property=\"article:modified_time\" content=\"2026-01-07T18:44:34+00:00\" \/>\n<meta property=\"og:image\" content=\"https:\/\/miumjau.ee\/wp-content\/uploads\/2025\/03\/manguasi-koertele-dog-comets16.jpg\" \/>\n\t<meta property=\"og:image:width\" content=\"600\" \/>\n\t<meta property=\"og:image:height\" content=\"800\" \/>\n\t<meta property=\"og:image:type\" content=\"image\/jpeg\" \/>\n<meta name=\"twitter:card\" content=\"summary_large_image\" \/>\n<script type=\"application\/ld+json\" class=\"yoast-schema-graph\">{\"@context\":\"https:\/\/schema.org\",\"@graph\":[{\"@type\":\"WebPage\",\"@id\":\"https:\/\/miumjau.ee\/lt\/produktas\/zaislas-sunims-kamuolys-su-virve-dog-comets-oranzinis\/\",\"url\":\"https:\/\/miumjau.ee\/lt\/produktas\/zaislas-sunims-kamuolys-su-virve-dog-comets-oranzinis\/\",\"name\":\"\u017daislas \u0161unims \u2013 kamuolys su virve Dog Comets, oran\u017einis - MiuMjau\",\"isPartOf\":{\"@id\":\"https:\/\/miumjau.ee\/#website\"},\"primaryImageOfPage\":{\"@id\":\"https:\/\/miumjau.ee\/lt\/produktas\/zaislas-sunims-kamuolys-su-virve-dog-comets-oranzinis\/#primaryimage\"},\"image\":{\"@id\":\"https:\/\/miumjau.ee\/lt\/produktas\/zaislas-sunims-kamuolys-su-virve-dog-comets-oranzinis\/#primaryimage\"},\"thumbnailUrl\":\"https:\/\/miumjau.ee\/wp-content\/uploads\/2025\/03\/manguasi-koertele-dog-comets16.jpg\",\"datePublished\":\"2025-03-04T12:19:34+00:00\",\"dateModified\":\"2026-01-07T18:44:34+00:00\",\"breadcrumb\":{\"@id\":\"https:\/\/miumjau.ee\/lt\/produktas\/zaislas-sunims-kamuolys-su-virve-dog-comets-oranzinis\/#breadcrumb\"},\"inLanguage\":\"lt-LT\",\"potentialAction\":[{\"@type\":\"ReadAction\",\"target\":[\"https:\/\/miumjau.ee\/lt\/produktas\/zaislas-sunims-kamuolys-su-virve-dog-comets-oranzinis\/\"]}]},{\"@type\":\"ImageObject\",\"inLanguage\":\"lt-LT\",\"@id\":\"https:\/\/miumjau.ee\/lt\/produktas\/zaislas-sunims-kamuolys-su-virve-dog-comets-oranzinis\/#primaryimage\",\"url\":\"https:\/\/miumjau.ee\/wp-content\/uploads\/2025\/03\/manguasi-koertele-dog-comets16.jpg\",\"contentUrl\":\"https:\/\/miumjau.ee\/wp-content\/uploads\/2025\/03\/manguasi-koertele-dog-comets16.jpg\",\"width\":600,\"height\":800},{\"@type\":\"BreadcrumbList\",\"@id\":\"https:\/\/miumjau.ee\/lt\/produktas\/zaislas-sunims-kamuolys-su-virve-dog-comets-oranzinis\/#breadcrumb\",\"itemListElement\":[{\"@type\":\"ListItem\",\"position\":1,\"name\":\"Home\",\"item\":\"https:\/\/miumjau.ee\/lt\/\"},{\"@type\":\"ListItem\",\"position\":2,\"name\":\"Parduotuv\u0117\",\"item\":\"https:\/\/miumjau.ee\/lt\/parduotuve\/\"},{\"@type\":\"ListItem\",\"position\":3,\"name\":\"\u017daislas \u0161unims \u2013 kamuolys su virve Dog Comets, oran\u017einis\"}]},{\"@type\":\"WebSite\",\"@id\":\"https:\/\/miumjau.ee\/#website\",\"url\":\"https:\/\/miumjau.ee\/\",\"name\":\"MiuMjau\",\"description\":\"Kraapimispuud kassidele\",\"publisher\":{\"@id\":\"https:\/\/miumjau.ee\/#organization\"},\"potentialAction\":[{\"@type\":\"SearchAction\",\"target\":{\"@type\":\"EntryPoint\",\"urlTemplate\":\"https:\/\/miumjau.ee\/?s={search_term_string}\"},\"query-input\":{\"@type\":\"PropertyValueSpecification\",\"valueRequired\":true,\"valueName\":\"search_term_string\"}}],\"inLanguage\":\"lt-LT\"},{\"@type\":\"Organization\",\"@id\":\"https:\/\/miumjau.ee\/#organization\",\"name\":\"MiuMjau O\u00dc\",\"url\":\"https:\/\/miumjau.ee\/\",\"logo\":{\"@type\":\"ImageObject\",\"inLanguage\":\"lt-LT\",\"@id\":\"https:\/\/miumjau.ee\/#\/schema\/logo\/image\/\",\"url\":\"https:\/\/miumjau.ee\/wp-content\/uploads\/2022\/04\/MiuMjau-logo-kollane.png\",\"contentUrl\":\"https:\/\/miumjau.ee\/wp-content\/uploads\/2022\/04\/MiuMjau-logo-kollane.png\",\"width\":219,\"height\":100,\"caption\":\"MiuMjau O\u00dc\"},\"image\":{\"@id\":\"https:\/\/miumjau.ee\/#\/schema\/logo\/image\/\"},\"sameAs\":[\"https:\/\/www.facebook.com\/miumjaupood\/\"]}]}<\/script>\n<!-- \/ Yoast SEO plugin. -->","yoast_head_json":{"title":"\u017daislas \u0161unims \u2013 kamuolys su virve Dog Comets, oran\u017einis - MiuMjau","robots":{"index":"index","follow":"follow","max-snippet":"max-snippet:-1","max-image-preview":"max-image-preview:large","max-video-preview":"max-video-preview:-1"},"canonical":"https:\/\/miumjau.ee\/lt\/produktas\/zaislas-sunims-kamuolys-su-virve-dog-comets-oranzinis\/","og_locale":"lt_LT","og_type":"article","og_title":"\u017daislas \u0161unims \u2013 kamuolys su virve Dog Comets, oran\u017einis - MiuMjau","og_description":"Dog Comets \u017eaidim\u0173 kamuolys \u2013 ilgalaikiam d\u017eiaugsmui tavo \u0161uniui! \ud83d\ude80\ud83d\udc36 Dog Comets Swift Tuttle, Halley ir Hale Bopp kamuoliai pavadinti garsi\u0173 komet\u0173 vardais ir sukurti maksimaliam aportavimo malonumui. I\u0161manus griovelinis dizainas leid\u017eia \u0161uniui lengviau kv\u0117puoti ne\u0161ant kamuol\u012f, tod\u0117l \u017eaidimo sesijos tampa ilgesn\u0117s ir smagesn\u0117s. \ud83c\udfbe Kod\u0117l verta rinktis Dog Comets \u017eaidim\u0173 kamuol\u012f?\u2714 100 % nat\u016brali guma \u2013 saugi, patvari ir atspari kramtymui\u2714 Valo dantis \u2013 grioveliai padeda pa\u0161alinti ne\u0161varumus ir masa\u017euoja dantenas\u2714 Puikus at\u0161okimas \u2013 idealiai tinka interaktyviems \u017eaidimams\u2714 Pl\u016bduriuoja vandenyje \u2013 tinka vandens \u017eaidimams\u2714 Lengvai valomas \u2013 pakanka nuplauti vandeniu \ud83d\udef8 Du variantai:\ud83d\udd39 Be virv\u0117s \u2013 \u00d8 6 cm\ud83d\udd39 Su virve \u2013 tolimesniems metimams ir tempimo \u017eaidimams Pakelk savo \u0161uns \u017eaidimus \u012f nauj\u0105 lyg\u012f su Dog Comets \u017eaidim\u0173 kamuoliu \u2013 patvarus, \u0161oklus ir idealus kiekvienam nuotyki\u0173 ie\u0161kan\u010diam keturkojui! \ud83d\udc3e\u2728","og_url":"https:\/\/miumjau.ee\/lt\/produktas\/zaislas-sunims-kamuolys-su-virve-dog-comets-oranzinis\/","og_site_name":"MiuMjau","article_publisher":"https:\/\/www.facebook.com\/miumjaupood\/","article_modified_time":"2026-01-07T18:44:34+00:00","og_image":[{"width":600,"height":800,"url":"https:\/\/miumjau.ee\/wp-content\/uploads\/2025\/03\/manguasi-koertele-dog-comets16.jpg","type":"image\/jpeg"}],"twitter_card":"summary_large_image","schema":{"@context":"https:\/\/schema.org","@graph":[{"@type":"WebPage","@id":"https:\/\/miumjau.ee\/lt\/produktas\/zaislas-sunims-kamuolys-su-virve-dog-comets-oranzinis\/","url":"https:\/\/miumjau.ee\/lt\/produktas\/zaislas-sunims-kamuolys-su-virve-dog-comets-oranzinis\/","name":"\u017daislas \u0161unims \u2013 kamuolys su virve Dog Comets, oran\u017einis - MiuMjau","isPartOf":{"@id":"https:\/\/miumjau.ee\/#website"},"primaryImageOfPage":{"@id":"https:\/\/miumjau.ee\/lt\/produktas\/zaislas-sunims-kamuolys-su-virve-dog-comets-oranzinis\/#primaryimage"},"image":{"@id":"https:\/\/miumjau.ee\/lt\/produktas\/zaislas-sunims-kamuolys-su-virve-dog-comets-oranzinis\/#primaryimage"},"thumbnailUrl":"https:\/\/miumjau.ee\/wp-content\/uploads\/2025\/03\/manguasi-koertele-dog-comets16.jpg","datePublished":"2025-03-04T12:19:34+00:00","dateModified":"2026-01-07T18:44:34+00:00","breadcrumb":{"@id":"https:\/\/miumjau.ee\/lt\/produktas\/zaislas-sunims-kamuolys-su-virve-dog-comets-oranzinis\/#breadcrumb"},"inLanguage":"lt-LT","potentialAction":[{"@type":"ReadAction","target":["https:\/\/miumjau.ee\/lt\/produktas\/zaislas-sunims-kamuolys-su-virve-dog-comets-oranzinis\/"]}]},{"@type":"ImageObject","inLanguage":"lt-LT","@id":"https:\/\/miumjau.ee\/lt\/produktas\/zaislas-sunims-kamuolys-su-virve-dog-comets-oranzinis\/#primaryimage","url":"https:\/\/miumjau.ee\/wp-content\/uploads\/2025\/03\/manguasi-koertele-dog-comets16.jpg","contentUrl":"https:\/\/miumjau.ee\/wp-content\/uploads\/2025\/03\/manguasi-koertele-dog-comets16.jpg","width":600,"height":800},{"@type":"BreadcrumbList","@id":"https:\/\/miumjau.ee\/lt\/produktas\/zaislas-sunims-kamuolys-su-virve-dog-comets-oranzinis\/#breadcrumb","itemListElement":[{"@type":"ListItem","position":1,"name":"Home","item":"https:\/\/miumjau.ee\/lt\/"},{"@type":"ListItem","position":2,"name":"Parduotuv\u0117","item":"https:\/\/miumjau.ee\/lt\/parduotuve\/"},{"@type":"ListItem","position":3,"name":"\u017daislas \u0161unims \u2013 kamuolys su virve Dog Comets, oran\u017einis"}]},{"@type":"WebSite","@id":"https:\/\/miumjau.ee\/#website","url":"https:\/\/miumjau.ee\/","name":"MiuMjau","description":"Kraapimispuud kassidele","publisher":{"@id":"https:\/\/miumjau.ee\/#organization"},"potentialAction":[{"@type":"SearchAction","target":{"@type":"EntryPoint","urlTemplate":"https:\/\/miumjau.ee\/?s={search_term_string}"},"query-input":{"@type":"PropertyValueSpecification","valueRequired":true,"valueName":"search_term_string"}}],"inLanguage":"lt-LT"},{"@type":"Organization","@id":"https:\/\/miumjau.ee\/#organization","name":"MiuMjau O\u00dc","url":"https:\/\/miumjau.ee\/","logo":{"@type":"ImageObject","inLanguage":"lt-LT","@id":"https:\/\/miumjau.ee\/#\/schema\/logo\/image\/","url":"https:\/\/miumjau.ee\/wp-content\/uploads\/2022\/04\/MiuMjau-logo-kollane.png","contentUrl":"https:\/\/miumjau.ee\/wp-content\/uploads\/2022\/04\/MiuMjau-logo-kollane.png","width":219,"height":100,"caption":"MiuMjau O\u00dc"},"image":{"@id":"https:\/\/miumjau.ee\/#\/schema\/logo\/image\/"},"sameAs":["https:\/\/www.facebook.com\/miumjaupood\/"]}]}},"_links":{"self":[{"href":"https:\/\/miumjau.ee\/lt\/wp-json\/wp\/v2\/product\/48888","targetHints":{"allow":["GET"]}}],"collection":[{"href":"https:\/\/miumjau.ee\/lt\/wp-json\/wp\/v2\/product"}],"about":[{"href":"https:\/\/miumjau.ee\/lt\/wp-json\/wp\/v2\/types\/product"}],"wp:featuredmedia":[{"embeddable":true,"href":"https:\/\/miumjau.ee\/lt\/wp-json\/wp\/v2\/media\/48889"}],"wp:attachment":[{"href":"https:\/\/miumjau.ee\/lt\/wp-json\/wp\/v2\/media?parent=48888"}],"wp:term":[{"taxonomy":"product_brand","embeddable":true,"href":"https:\/\/miumjau.ee\/lt\/wp-json\/wp\/v2\/product_brand?post=48888"},{"taxonomy":"product_cat","embeddable":true,"href":"https:\/\/miumjau.ee\/lt\/wp-json\/wp\/v2\/product_cat?post=48888"},{"taxonomy":"product_tag","embeddable":true,"href":"https:\/\/miumjau.ee\/lt\/wp-json\/wp\/v2\/product_tag?post=48888"}],"curies":[{"name":"wp","href":"https:\/\/api.w.org\/{rel}","templated":true}]}}