{"id":48870,"date":"2025-03-05T11:33:25","date_gmt":"2025-03-05T09:33:25","guid":{"rendered":"https:\/\/miumjau.ee\/toode\/kong-extreme-itin-tvirtas-guminis-kamuolys-sunims-s\/"},"modified":"2026-01-07T20:44:34","modified_gmt":"2026-01-07T18:44:34","slug":"kong-extreme-itin-tvirtas-guminis-kamuolys-sunims-s","status":"publish","type":"product","link":"https:\/\/miumjau.ee\/lt\/produktas\/kong-extreme-itin-tvirtas-guminis-kamuolys-sunims-s\/","title":{"rendered":"KONG Extreme itin tvirtas guminis kamuolys \u0161unims S"},"content":{"rendered":"","protected":false},"excerpt":{"rendered":"<p data-start=\"2790\" data-end=\"2866\"><strong data-start=\"2790\" data-end=\"2866\">KONG Ball Extreme \u2013 tvir\u010diausias ir patvariausias kamuolys rinkoje! \ud83d\udc36\ud83d\udca5<\/strong><\/p>\n<p data-start=\"2868\" data-end=\"3132\">KONG Ball Extreme yra pats patvariausias ir atspariausias kamuolys, idealiai tinkantis \u0161unims, kurie m\u0117gsta aportavimo \u017eaidimus ir kramtym\u0105. Pagamintas i\u0161 KONG Extreme itin tvirtos gumos, \u0161is kamuolys atlaiko net pa\u010dius intensyviausius kramtymo ir m\u0117tymo \u017eaidimus.<\/p>\n<p data-start=\"3134\" data-end=\"3435\">\ud83d\udd25 <strong data-start=\"3137\" data-end=\"3179\">Kod\u0117l verta rinktis KONG Ball Extreme?<\/strong><br data-start=\"3179\" data-end=\"3182\" \/>\u2714 Itin patvarus \u2013 pagamintas i\u0161 KONG Extreme gumos, atsparios stipriam kramtymui<br data-start=\"3262\" data-end=\"3265\" \/>\u2714 Puikiai tinka aportavimui ir kramtymui \u2013 puikiai at\u0161oka ir palaiko \u0161uns aktyvum\u0105<br data-start=\"3347\" data-end=\"3350\" \/>\u2714 Saugus \u0161uniui \u2013 specialiai sukurtas kaip patikimas \u017eaislas stipriems kramtytojams<\/p>\n<p data-start=\"3437\" data-end=\"3494\">\ud83d\udccf <strong data-start=\"3440\" data-end=\"3452\">Dyd\u017eiai:<\/strong><br data-start=\"3452\" data-end=\"3455\" \/>\ud83d\udd39 S \u2013 \u00d8 6,35 cm<br data-start=\"3471\" data-end=\"3474\" \/>\ud83d\udd39 M\/L \u2013 \u00d8 7,62 cm<\/p>\n<p data-start=\"3496\" data-end=\"3627\" data-is-last-node=\"\" data-is-only-node=\"\">KONG Ball Extreme yra geriausias pasirinkimas stipri\u0173 \u017eandikauli\u0173 \u0161unims \u2013 patvarus, ilgaam\u017eis ir idealus begaliniam \u017eaidimui! \ud83d\udc3e\ud83d\ude80<\/p>\n","protected":false},"featured_media":48871,"template":"","meta":[],"product_brand":[],"product_cat":[541],"product_tag":[],"class_list":{"0":"post-48870","1":"product","2":"type-product","3":"status-publish","4":"has-post-thumbnail","6":"product_cat-zaislai-sunims","8":"first","9":"instock","10":"taxable","11":"shipping-taxable","12":"purchasable","13":"product-type-simple"},"yoast_head":"<!-- This site is optimized with the Yoast SEO plugin v27.2 - https:\/\/yoast.com\/product\/yoast-seo-wordpress\/ -->\n<title>KONG Extreme itin tvirtas guminis kamuolys \u0161unims S - MiuMjau<\/title>\n<meta name=\"robots\" content=\"index, follow, max-snippet:-1, max-image-preview:large, max-video-preview:-1\" \/>\n<link rel=\"canonical\" href=\"https:\/\/miumjau.ee\/lt\/produktas\/kong-extreme-itin-tvirtas-guminis-kamuolys-sunims-s\/\" \/>\n<meta property=\"og:locale\" content=\"lt_LT\" \/>\n<meta property=\"og:type\" content=\"article\" \/>\n<meta property=\"og:title\" content=\"KONG Extreme itin tvirtas guminis kamuolys \u0161unims S - MiuMjau\" \/>\n<meta property=\"og:description\" content=\"KONG Ball Extreme \u2013 tvir\u010diausias ir patvariausias kamuolys rinkoje! \ud83d\udc36\ud83d\udca5 KONG Ball Extreme yra pats patvariausias ir atspariausias kamuolys, idealiai tinkantis \u0161unims, kurie m\u0117gsta aportavimo \u017eaidimus ir kramtym\u0105. Pagamintas i\u0161 KONG Extreme itin tvirtos gumos, \u0161is kamuolys atlaiko net pa\u010dius intensyviausius kramtymo ir m\u0117tymo \u017eaidimus. \ud83d\udd25 Kod\u0117l verta rinktis KONG Ball Extreme?\u2714 Itin patvarus \u2013 pagamintas i\u0161 KONG Extreme gumos, atsparios stipriam kramtymui\u2714 Puikiai tinka aportavimui ir kramtymui \u2013 puikiai at\u0161oka ir palaiko \u0161uns aktyvum\u0105\u2714 Saugus \u0161uniui \u2013 specialiai sukurtas kaip patikimas \u017eaislas stipriems kramtytojams \ud83d\udccf Dyd\u017eiai:\ud83d\udd39 S \u2013 \u00d8 6,35 cm\ud83d\udd39 M\/L \u2013 \u00d8 7,62 cm KONG Ball Extreme yra geriausias pasirinkimas stipri\u0173 \u017eandikauli\u0173 \u0161unims \u2013 patvarus, ilgaam\u017eis ir idealus begaliniam \u017eaidimui! \ud83d\udc3e\ud83d\ude80\" \/>\n<meta property=\"og:url\" content=\"https:\/\/miumjau.ee\/lt\/produktas\/kong-extreme-itin-tvirtas-guminis-kamuolys-sunims-s\/\" \/>\n<meta property=\"og:site_name\" content=\"MiuMjau\" \/>\n<meta property=\"article:publisher\" content=\"https:\/\/www.facebook.com\/miumjaupood\/\" \/>\n<meta property=\"article:modified_time\" content=\"2026-01-07T18:44:34+00:00\" \/>\n<meta property=\"og:image\" content=\"https:\/\/miumjau.ee\/wp-content\/uploads\/2025\/03\/manguasi-koerale-kong34.jpg\" \/>\n\t<meta property=\"og:image:width\" content=\"600\" \/>\n\t<meta property=\"og:image:height\" content=\"800\" \/>\n\t<meta property=\"og:image:type\" content=\"image\/jpeg\" \/>\n<meta name=\"twitter:card\" content=\"summary_large_image\" \/>\n<script type=\"application\/ld+json\" class=\"yoast-schema-graph\">{\"@context\":\"https:\/\/schema.org\",\"@graph\":[{\"@type\":\"WebPage\",\"@id\":\"https:\/\/miumjau.ee\/lt\/produktas\/kong-extreme-itin-tvirtas-guminis-kamuolys-sunims-s\/\",\"url\":\"https:\/\/miumjau.ee\/lt\/produktas\/kong-extreme-itin-tvirtas-guminis-kamuolys-sunims-s\/\",\"name\":\"KONG Extreme itin tvirtas guminis kamuolys \u0161unims S - MiuMjau\",\"isPartOf\":{\"@id\":\"https:\/\/miumjau.ee\/#website\"},\"primaryImageOfPage\":{\"@id\":\"https:\/\/miumjau.ee\/lt\/produktas\/kong-extreme-itin-tvirtas-guminis-kamuolys-sunims-s\/#primaryimage\"},\"image\":{\"@id\":\"https:\/\/miumjau.ee\/lt\/produktas\/kong-extreme-itin-tvirtas-guminis-kamuolys-sunims-s\/#primaryimage\"},\"thumbnailUrl\":\"https:\/\/miumjau.ee\/wp-content\/uploads\/2025\/03\/manguasi-koerale-kong34.jpg\",\"datePublished\":\"2025-03-05T09:33:25+00:00\",\"dateModified\":\"2026-01-07T18:44:34+00:00\",\"breadcrumb\":{\"@id\":\"https:\/\/miumjau.ee\/lt\/produktas\/kong-extreme-itin-tvirtas-guminis-kamuolys-sunims-s\/#breadcrumb\"},\"inLanguage\":\"lt-LT\",\"potentialAction\":[{\"@type\":\"ReadAction\",\"target\":[\"https:\/\/miumjau.ee\/lt\/produktas\/kong-extreme-itin-tvirtas-guminis-kamuolys-sunims-s\/\"]}]},{\"@type\":\"ImageObject\",\"inLanguage\":\"lt-LT\",\"@id\":\"https:\/\/miumjau.ee\/lt\/produktas\/kong-extreme-itin-tvirtas-guminis-kamuolys-sunims-s\/#primaryimage\",\"url\":\"https:\/\/miumjau.ee\/wp-content\/uploads\/2025\/03\/manguasi-koerale-kong34.jpg\",\"contentUrl\":\"https:\/\/miumjau.ee\/wp-content\/uploads\/2025\/03\/manguasi-koerale-kong34.jpg\",\"width\":600,\"height\":800},{\"@type\":\"BreadcrumbList\",\"@id\":\"https:\/\/miumjau.ee\/lt\/produktas\/kong-extreme-itin-tvirtas-guminis-kamuolys-sunims-s\/#breadcrumb\",\"itemListElement\":[{\"@type\":\"ListItem\",\"position\":1,\"name\":\"Home\",\"item\":\"https:\/\/miumjau.ee\/lt\/\"},{\"@type\":\"ListItem\",\"position\":2,\"name\":\"Parduotuv\u0117\",\"item\":\"https:\/\/miumjau.ee\/lt\/parduotuve\/\"},{\"@type\":\"ListItem\",\"position\":3,\"name\":\"KONG Extreme itin tvirtas guminis kamuolys \u0161unims S\"}]},{\"@type\":\"WebSite\",\"@id\":\"https:\/\/miumjau.ee\/#website\",\"url\":\"https:\/\/miumjau.ee\/\",\"name\":\"MiuMjau\",\"description\":\"Kraapimispuud kassidele\",\"publisher\":{\"@id\":\"https:\/\/miumjau.ee\/#organization\"},\"potentialAction\":[{\"@type\":\"SearchAction\",\"target\":{\"@type\":\"EntryPoint\",\"urlTemplate\":\"https:\/\/miumjau.ee\/?s={search_term_string}\"},\"query-input\":{\"@type\":\"PropertyValueSpecification\",\"valueRequired\":true,\"valueName\":\"search_term_string\"}}],\"inLanguage\":\"lt-LT\"},{\"@type\":\"Organization\",\"@id\":\"https:\/\/miumjau.ee\/#organization\",\"name\":\"MiuMjau O\u00dc\",\"url\":\"https:\/\/miumjau.ee\/\",\"logo\":{\"@type\":\"ImageObject\",\"inLanguage\":\"lt-LT\",\"@id\":\"https:\/\/miumjau.ee\/#\/schema\/logo\/image\/\",\"url\":\"https:\/\/miumjau.ee\/wp-content\/uploads\/2022\/04\/MiuMjau-logo-kollane.png\",\"contentUrl\":\"https:\/\/miumjau.ee\/wp-content\/uploads\/2022\/04\/MiuMjau-logo-kollane.png\",\"width\":219,\"height\":100,\"caption\":\"MiuMjau O\u00dc\"},\"image\":{\"@id\":\"https:\/\/miumjau.ee\/#\/schema\/logo\/image\/\"},\"sameAs\":[\"https:\/\/www.facebook.com\/miumjaupood\/\"]}]}<\/script>\n<!-- \/ Yoast SEO plugin. -->","yoast_head_json":{"title":"KONG Extreme itin tvirtas guminis kamuolys \u0161unims S - MiuMjau","robots":{"index":"index","follow":"follow","max-snippet":"max-snippet:-1","max-image-preview":"max-image-preview:large","max-video-preview":"max-video-preview:-1"},"canonical":"https:\/\/miumjau.ee\/lt\/produktas\/kong-extreme-itin-tvirtas-guminis-kamuolys-sunims-s\/","og_locale":"lt_LT","og_type":"article","og_title":"KONG Extreme itin tvirtas guminis kamuolys \u0161unims S - MiuMjau","og_description":"KONG Ball Extreme \u2013 tvir\u010diausias ir patvariausias kamuolys rinkoje! \ud83d\udc36\ud83d\udca5 KONG Ball Extreme yra pats patvariausias ir atspariausias kamuolys, idealiai tinkantis \u0161unims, kurie m\u0117gsta aportavimo \u017eaidimus ir kramtym\u0105. Pagamintas i\u0161 KONG Extreme itin tvirtos gumos, \u0161is kamuolys atlaiko net pa\u010dius intensyviausius kramtymo ir m\u0117tymo \u017eaidimus. \ud83d\udd25 Kod\u0117l verta rinktis KONG Ball Extreme?\u2714 Itin patvarus \u2013 pagamintas i\u0161 KONG Extreme gumos, atsparios stipriam kramtymui\u2714 Puikiai tinka aportavimui ir kramtymui \u2013 puikiai at\u0161oka ir palaiko \u0161uns aktyvum\u0105\u2714 Saugus \u0161uniui \u2013 specialiai sukurtas kaip patikimas \u017eaislas stipriems kramtytojams \ud83d\udccf Dyd\u017eiai:\ud83d\udd39 S \u2013 \u00d8 6,35 cm\ud83d\udd39 M\/L \u2013 \u00d8 7,62 cm KONG Ball Extreme yra geriausias pasirinkimas stipri\u0173 \u017eandikauli\u0173 \u0161unims \u2013 patvarus, ilgaam\u017eis ir idealus begaliniam \u017eaidimui! \ud83d\udc3e\ud83d\ude80","og_url":"https:\/\/miumjau.ee\/lt\/produktas\/kong-extreme-itin-tvirtas-guminis-kamuolys-sunims-s\/","og_site_name":"MiuMjau","article_publisher":"https:\/\/www.facebook.com\/miumjaupood\/","article_modified_time":"2026-01-07T18:44:34+00:00","og_image":[{"width":600,"height":800,"url":"https:\/\/miumjau.ee\/wp-content\/uploads\/2025\/03\/manguasi-koerale-kong34.jpg","type":"image\/jpeg"}],"twitter_card":"summary_large_image","schema":{"@context":"https:\/\/schema.org","@graph":[{"@type":"WebPage","@id":"https:\/\/miumjau.ee\/lt\/produktas\/kong-extreme-itin-tvirtas-guminis-kamuolys-sunims-s\/","url":"https:\/\/miumjau.ee\/lt\/produktas\/kong-extreme-itin-tvirtas-guminis-kamuolys-sunims-s\/","name":"KONG Extreme itin tvirtas guminis kamuolys \u0161unims S - MiuMjau","isPartOf":{"@id":"https:\/\/miumjau.ee\/#website"},"primaryImageOfPage":{"@id":"https:\/\/miumjau.ee\/lt\/produktas\/kong-extreme-itin-tvirtas-guminis-kamuolys-sunims-s\/#primaryimage"},"image":{"@id":"https:\/\/miumjau.ee\/lt\/produktas\/kong-extreme-itin-tvirtas-guminis-kamuolys-sunims-s\/#primaryimage"},"thumbnailUrl":"https:\/\/miumjau.ee\/wp-content\/uploads\/2025\/03\/manguasi-koerale-kong34.jpg","datePublished":"2025-03-05T09:33:25+00:00","dateModified":"2026-01-07T18:44:34+00:00","breadcrumb":{"@id":"https:\/\/miumjau.ee\/lt\/produktas\/kong-extreme-itin-tvirtas-guminis-kamuolys-sunims-s\/#breadcrumb"},"inLanguage":"lt-LT","potentialAction":[{"@type":"ReadAction","target":["https:\/\/miumjau.ee\/lt\/produktas\/kong-extreme-itin-tvirtas-guminis-kamuolys-sunims-s\/"]}]},{"@type":"ImageObject","inLanguage":"lt-LT","@id":"https:\/\/miumjau.ee\/lt\/produktas\/kong-extreme-itin-tvirtas-guminis-kamuolys-sunims-s\/#primaryimage","url":"https:\/\/miumjau.ee\/wp-content\/uploads\/2025\/03\/manguasi-koerale-kong34.jpg","contentUrl":"https:\/\/miumjau.ee\/wp-content\/uploads\/2025\/03\/manguasi-koerale-kong34.jpg","width":600,"height":800},{"@type":"BreadcrumbList","@id":"https:\/\/miumjau.ee\/lt\/produktas\/kong-extreme-itin-tvirtas-guminis-kamuolys-sunims-s\/#breadcrumb","itemListElement":[{"@type":"ListItem","position":1,"name":"Home","item":"https:\/\/miumjau.ee\/lt\/"},{"@type":"ListItem","position":2,"name":"Parduotuv\u0117","item":"https:\/\/miumjau.ee\/lt\/parduotuve\/"},{"@type":"ListItem","position":3,"name":"KONG Extreme itin tvirtas guminis kamuolys \u0161unims S"}]},{"@type":"WebSite","@id":"https:\/\/miumjau.ee\/#website","url":"https:\/\/miumjau.ee\/","name":"MiuMjau","description":"Kraapimispuud kassidele","publisher":{"@id":"https:\/\/miumjau.ee\/#organization"},"potentialAction":[{"@type":"SearchAction","target":{"@type":"EntryPoint","urlTemplate":"https:\/\/miumjau.ee\/?s={search_term_string}"},"query-input":{"@type":"PropertyValueSpecification","valueRequired":true,"valueName":"search_term_string"}}],"inLanguage":"lt-LT"},{"@type":"Organization","@id":"https:\/\/miumjau.ee\/#organization","name":"MiuMjau O\u00dc","url":"https:\/\/miumjau.ee\/","logo":{"@type":"ImageObject","inLanguage":"lt-LT","@id":"https:\/\/miumjau.ee\/#\/schema\/logo\/image\/","url":"https:\/\/miumjau.ee\/wp-content\/uploads\/2022\/04\/MiuMjau-logo-kollane.png","contentUrl":"https:\/\/miumjau.ee\/wp-content\/uploads\/2022\/04\/MiuMjau-logo-kollane.png","width":219,"height":100,"caption":"MiuMjau O\u00dc"},"image":{"@id":"https:\/\/miumjau.ee\/#\/schema\/logo\/image\/"},"sameAs":["https:\/\/www.facebook.com\/miumjaupood\/"]}]}},"_links":{"self":[{"href":"https:\/\/miumjau.ee\/lt\/wp-json\/wp\/v2\/product\/48870","targetHints":{"allow":["GET"]}}],"collection":[{"href":"https:\/\/miumjau.ee\/lt\/wp-json\/wp\/v2\/product"}],"about":[{"href":"https:\/\/miumjau.ee\/lt\/wp-json\/wp\/v2\/types\/product"}],"wp:featuredmedia":[{"embeddable":true,"href":"https:\/\/miumjau.ee\/lt\/wp-json\/wp\/v2\/media\/48871"}],"wp:attachment":[{"href":"https:\/\/miumjau.ee\/lt\/wp-json\/wp\/v2\/media?parent=48870"}],"wp:term":[{"taxonomy":"product_brand","embeddable":true,"href":"https:\/\/miumjau.ee\/lt\/wp-json\/wp\/v2\/product_brand?post=48870"},{"taxonomy":"product_cat","embeddable":true,"href":"https:\/\/miumjau.ee\/lt\/wp-json\/wp\/v2\/product_cat?post=48870"},{"taxonomy":"product_tag","embeddable":true,"href":"https:\/\/miumjau.ee\/lt\/wp-json\/wp\/v2\/product_tag?post=48870"}],"curies":[{"name":"wp","href":"https:\/\/api.w.org\/{rel}","templated":true}]}}