{"id":48861,"date":"2025-03-05T11:40:07","date_gmt":"2025-03-05T09:40:07","guid":{"rendered":"https:\/\/miumjau.ee\/toode\/kong-extreme-itin-tvirtas-sunu-kamuolys-su-virve-l\/"},"modified":"2026-01-07T20:44:34","modified_gmt":"2026-01-07T18:44:34","slug":"kong-extreme-itin-tvirtas-sunu-kamuolys-su-virve-l","status":"publish","type":"product","link":"https:\/\/miumjau.ee\/lt\/produktas\/kong-extreme-itin-tvirtas-sunu-kamuolys-su-virve-l\/","title":{"rendered":"KONG Extreme itin tvirtas \u0161un\u0173 kamuolys su virve, L"},"content":{"rendered":"","protected":false},"excerpt":{"rendered":"<p data-start=\"3060\" data-end=\"3131\"><strong data-start=\"3060\" data-end=\"3131\">KONG BALL with Rope \u2013 patvarus \u017eaislas stipriems kramtytojams! \ud83d\udc36\ud83d\udcaa<\/strong><\/p>\n<p data-start=\"3133\" data-end=\"3390\">KONG BALL with Rope sukurtas specialiai stipriems kramtytojams, kuriems reikalingi \u017eaislai, atlaikantys intensyv\u0173 kramtym\u0105. Nat\u016brali guma suteikia ilgalaik\u012f smagum\u0105 ir patvarum\u0105, o 100 % medvilnin\u0117 virv\u0117 masa\u017euoja dantenas ir palaiko sveik\u0105 dant\u0173 vystym\u0105si.<\/p>\n<p data-start=\"3392\" data-end=\"3751\">\ud83d\udd25 <strong data-start=\"3395\" data-end=\"3439\">Kod\u0117l verta rinktis KONG BALL with Rope?<\/strong><br data-start=\"3439\" data-end=\"3442\" \/>\u2714 Patvari nat\u016brali guma \u2013 idealiai tinka stipriems \u0161unims, m\u0117gstantiems kramtyti<br data-start=\"3522\" data-end=\"3525\" \/>\u2714 Medvilnin\u0117 virv\u0117 \u2013 masa\u017euoja dantenas ir palaiko dant\u0173 sveikat\u0105<br data-start=\"3590\" data-end=\"3593\" \/>\u2714 Puikiai tinka tempimo ir aportavimo \u017eaidimams \u2013 tvirta virv\u0117 traukimui ir metimui<br data-start=\"3676\" data-end=\"3679\" \/>\u2714 Tinka vidutinio dyd\u017eio \u0161unims \u2013 skirta \u0161unims, sveriantiems 13\u201330 kg<\/p>\n<p data-start=\"3753\" data-end=\"3832\">\ud83d\udccf <strong data-start=\"3756\" data-end=\"3769\">Matmenys:<\/strong><br data-start=\"3769\" data-end=\"3772\" \/>\ud83d\udd39 Kamuolio \u00d8 \u2013 8 cm<br data-start=\"3792\" data-end=\"3795\" \/>\ud83d\udd39 Bendras ilgis (su virve) \u2013 34 cm<\/p>\n<p data-start=\"3834\" data-end=\"3953\" data-is-last-node=\"\" data-is-only-node=\"\">KONG BALL with Rope \u2013 patvarus, smagus ir sveikas \u017eaislas, padedantis i\u0161laikyti \u0161un\u012f aktyv\u0173 ir jo dantis stiprius! \ud83d\udc3e\ud83c\udfbe<\/p>\n","protected":false},"featured_media":48862,"template":"","meta":[],"product_brand":[],"product_cat":[541],"product_tag":[],"class_list":{"0":"post-48861","1":"product","2":"type-product","3":"status-publish","4":"has-post-thumbnail","6":"product_cat-zaislai-sunims","8":"first","9":"instock","10":"sale","11":"taxable","12":"shipping-taxable","13":"purchasable","14":"product-type-simple"},"yoast_head":"<!-- This site is optimized with the Yoast SEO plugin v27.4 - https:\/\/yoast.com\/product\/yoast-seo-wordpress\/ -->\n<title>KONG Extreme itin tvirtas \u0161un\u0173 kamuolys su virve, L - MiuMjau<\/title>\n<meta name=\"robots\" content=\"index, follow, max-snippet:-1, max-image-preview:large, max-video-preview:-1\" \/>\n<link rel=\"canonical\" href=\"https:\/\/miumjau.ee\/lt\/produktas\/kong-extreme-itin-tvirtas-sunu-kamuolys-su-virve-l\/\" \/>\n<meta property=\"og:locale\" content=\"lt_LT\" \/>\n<meta property=\"og:type\" content=\"article\" \/>\n<meta property=\"og:title\" content=\"KONG Extreme itin tvirtas \u0161un\u0173 kamuolys su virve, L - MiuMjau\" \/>\n<meta property=\"og:description\" content=\"KONG BALL with Rope \u2013 patvarus \u017eaislas stipriems kramtytojams! \ud83d\udc36\ud83d\udcaa KONG BALL with Rope sukurtas specialiai stipriems kramtytojams, kuriems reikalingi \u017eaislai, atlaikantys intensyv\u0173 kramtym\u0105. Nat\u016brali guma suteikia ilgalaik\u012f smagum\u0105 ir patvarum\u0105, o 100 % medvilnin\u0117 virv\u0117 masa\u017euoja dantenas ir palaiko sveik\u0105 dant\u0173 vystym\u0105si. \ud83d\udd25 Kod\u0117l verta rinktis KONG BALL with Rope?\u2714 Patvari nat\u016brali guma \u2013 idealiai tinka stipriems \u0161unims, m\u0117gstantiems kramtyti\u2714 Medvilnin\u0117 virv\u0117 \u2013 masa\u017euoja dantenas ir palaiko dant\u0173 sveikat\u0105\u2714 Puikiai tinka tempimo ir aportavimo \u017eaidimams \u2013 tvirta virv\u0117 traukimui ir metimui\u2714 Tinka vidutinio dyd\u017eio \u0161unims \u2013 skirta \u0161unims, sveriantiems 13\u201330 kg \ud83d\udccf Matmenys:\ud83d\udd39 Kamuolio \u00d8 \u2013 8 cm\ud83d\udd39 Bendras ilgis (su virve) \u2013 34 cm KONG BALL with Rope \u2013 patvarus, smagus ir sveikas \u017eaislas, padedantis i\u0161laikyti \u0161un\u012f aktyv\u0173 ir jo dantis stiprius! \ud83d\udc3e\ud83c\udfbe\" \/>\n<meta property=\"og:url\" content=\"https:\/\/miumjau.ee\/lt\/produktas\/kong-extreme-itin-tvirtas-sunu-kamuolys-su-virve-l\/\" \/>\n<meta property=\"og:site_name\" content=\"MiuMjau\" \/>\n<meta property=\"article:publisher\" content=\"https:\/\/www.facebook.com\/miumjaupood\/\" \/>\n<meta property=\"article:modified_time\" content=\"2026-01-07T18:44:34+00:00\" \/>\n<meta property=\"og:image\" content=\"https:\/\/miumjau.ee\/wp-content\/uploads\/2025\/03\/manguasi-koerale-kong39.jpg\" \/>\n\t<meta property=\"og:image:width\" content=\"600\" \/>\n\t<meta property=\"og:image:height\" content=\"800\" \/>\n\t<meta property=\"og:image:type\" content=\"image\/jpeg\" \/>\n<meta name=\"twitter:card\" content=\"summary_large_image\" \/>\n<script type=\"application\/ld+json\" class=\"yoast-schema-graph\">{\"@context\":\"https:\\\/\\\/schema.org\",\"@graph\":[{\"@type\":\"WebPage\",\"@id\":\"https:\\\/\\\/miumjau.ee\\\/lt\\\/produktas\\\/kong-extreme-itin-tvirtas-sunu-kamuolys-su-virve-l\\\/\",\"url\":\"https:\\\/\\\/miumjau.ee\\\/lt\\\/produktas\\\/kong-extreme-itin-tvirtas-sunu-kamuolys-su-virve-l\\\/\",\"name\":\"KONG Extreme itin tvirtas \u0161un\u0173 kamuolys su virve, L - MiuMjau\",\"isPartOf\":{\"@id\":\"https:\\\/\\\/miumjau.ee\\\/#website\"},\"primaryImageOfPage\":{\"@id\":\"https:\\\/\\\/miumjau.ee\\\/lt\\\/produktas\\\/kong-extreme-itin-tvirtas-sunu-kamuolys-su-virve-l\\\/#primaryimage\"},\"image\":{\"@id\":\"https:\\\/\\\/miumjau.ee\\\/lt\\\/produktas\\\/kong-extreme-itin-tvirtas-sunu-kamuolys-su-virve-l\\\/#primaryimage\"},\"thumbnailUrl\":\"https:\\\/\\\/miumjau.ee\\\/wp-content\\\/uploads\\\/2025\\\/03\\\/manguasi-koerale-kong39.jpg\",\"datePublished\":\"2025-03-05T09:40:07+00:00\",\"dateModified\":\"2026-01-07T18:44:34+00:00\",\"breadcrumb\":{\"@id\":\"https:\\\/\\\/miumjau.ee\\\/lt\\\/produktas\\\/kong-extreme-itin-tvirtas-sunu-kamuolys-su-virve-l\\\/#breadcrumb\"},\"inLanguage\":\"lt-LT\",\"potentialAction\":[{\"@type\":\"ReadAction\",\"target\":[\"https:\\\/\\\/miumjau.ee\\\/lt\\\/produktas\\\/kong-extreme-itin-tvirtas-sunu-kamuolys-su-virve-l\\\/\"]}]},{\"@type\":\"ImageObject\",\"inLanguage\":\"lt-LT\",\"@id\":\"https:\\\/\\\/miumjau.ee\\\/lt\\\/produktas\\\/kong-extreme-itin-tvirtas-sunu-kamuolys-su-virve-l\\\/#primaryimage\",\"url\":\"https:\\\/\\\/miumjau.ee\\\/wp-content\\\/uploads\\\/2025\\\/03\\\/manguasi-koerale-kong39.jpg\",\"contentUrl\":\"https:\\\/\\\/miumjau.ee\\\/wp-content\\\/uploads\\\/2025\\\/03\\\/manguasi-koerale-kong39.jpg\",\"width\":600,\"height\":800},{\"@type\":\"BreadcrumbList\",\"@id\":\"https:\\\/\\\/miumjau.ee\\\/lt\\\/produktas\\\/kong-extreme-itin-tvirtas-sunu-kamuolys-su-virve-l\\\/#breadcrumb\",\"itemListElement\":[{\"@type\":\"ListItem\",\"position\":1,\"name\":\"Home\",\"item\":\"https:\\\/\\\/miumjau.ee\\\/lt\\\/\"},{\"@type\":\"ListItem\",\"position\":2,\"name\":\"Parduotuv\u0117\",\"item\":\"https:\\\/\\\/miumjau.ee\\\/lt\\\/parduotuve\\\/\"},{\"@type\":\"ListItem\",\"position\":3,\"name\":\"KONG Extreme itin tvirtas \u0161un\u0173 kamuolys su virve, L\"}]},{\"@type\":\"WebSite\",\"@id\":\"https:\\\/\\\/miumjau.ee\\\/#website\",\"url\":\"https:\\\/\\\/miumjau.ee\\\/\",\"name\":\"MiuMjau\",\"description\":\"Kraapimispuud kassidele\",\"publisher\":{\"@id\":\"https:\\\/\\\/miumjau.ee\\\/#organization\"},\"potentialAction\":[{\"@type\":\"SearchAction\",\"target\":{\"@type\":\"EntryPoint\",\"urlTemplate\":\"https:\\\/\\\/miumjau.ee\\\/?s={search_term_string}\"},\"query-input\":{\"@type\":\"PropertyValueSpecification\",\"valueRequired\":true,\"valueName\":\"search_term_string\"}}],\"inLanguage\":\"lt-LT\"},{\"@type\":\"Organization\",\"@id\":\"https:\\\/\\\/miumjau.ee\\\/#organization\",\"name\":\"MiuMjau O\u00dc\",\"url\":\"https:\\\/\\\/miumjau.ee\\\/\",\"logo\":{\"@type\":\"ImageObject\",\"inLanguage\":\"lt-LT\",\"@id\":\"https:\\\/\\\/miumjau.ee\\\/#\\\/schema\\\/logo\\\/image\\\/\",\"url\":\"https:\\\/\\\/miumjau.ee\\\/wp-content\\\/uploads\\\/2022\\\/04\\\/MiuMjau-logo-kollane.png\",\"contentUrl\":\"https:\\\/\\\/miumjau.ee\\\/wp-content\\\/uploads\\\/2022\\\/04\\\/MiuMjau-logo-kollane.png\",\"width\":219,\"height\":100,\"caption\":\"MiuMjau O\u00dc\"},\"image\":{\"@id\":\"https:\\\/\\\/miumjau.ee\\\/#\\\/schema\\\/logo\\\/image\\\/\"},\"sameAs\":[\"https:\\\/\\\/www.facebook.com\\\/miumjaupood\\\/\"]}]}<\/script>\n<!-- \/ Yoast SEO plugin. -->","yoast_head_json":{"title":"KONG Extreme itin tvirtas \u0161un\u0173 kamuolys su virve, L - MiuMjau","robots":{"index":"index","follow":"follow","max-snippet":"max-snippet:-1","max-image-preview":"max-image-preview:large","max-video-preview":"max-video-preview:-1"},"canonical":"https:\/\/miumjau.ee\/lt\/produktas\/kong-extreme-itin-tvirtas-sunu-kamuolys-su-virve-l\/","og_locale":"lt_LT","og_type":"article","og_title":"KONG Extreme itin tvirtas \u0161un\u0173 kamuolys su virve, L - MiuMjau","og_description":"KONG BALL with Rope \u2013 patvarus \u017eaislas stipriems kramtytojams! \ud83d\udc36\ud83d\udcaa KONG BALL with Rope sukurtas specialiai stipriems kramtytojams, kuriems reikalingi \u017eaislai, atlaikantys intensyv\u0173 kramtym\u0105. Nat\u016brali guma suteikia ilgalaik\u012f smagum\u0105 ir patvarum\u0105, o 100 % medvilnin\u0117 virv\u0117 masa\u017euoja dantenas ir palaiko sveik\u0105 dant\u0173 vystym\u0105si. \ud83d\udd25 Kod\u0117l verta rinktis KONG BALL with Rope?\u2714 Patvari nat\u016brali guma \u2013 idealiai tinka stipriems \u0161unims, m\u0117gstantiems kramtyti\u2714 Medvilnin\u0117 virv\u0117 \u2013 masa\u017euoja dantenas ir palaiko dant\u0173 sveikat\u0105\u2714 Puikiai tinka tempimo ir aportavimo \u017eaidimams \u2013 tvirta virv\u0117 traukimui ir metimui\u2714 Tinka vidutinio dyd\u017eio \u0161unims \u2013 skirta \u0161unims, sveriantiems 13\u201330 kg \ud83d\udccf Matmenys:\ud83d\udd39 Kamuolio \u00d8 \u2013 8 cm\ud83d\udd39 Bendras ilgis (su virve) \u2013 34 cm KONG BALL with Rope \u2013 patvarus, smagus ir sveikas \u017eaislas, padedantis i\u0161laikyti \u0161un\u012f aktyv\u0173 ir jo dantis stiprius! \ud83d\udc3e\ud83c\udfbe","og_url":"https:\/\/miumjau.ee\/lt\/produktas\/kong-extreme-itin-tvirtas-sunu-kamuolys-su-virve-l\/","og_site_name":"MiuMjau","article_publisher":"https:\/\/www.facebook.com\/miumjaupood\/","article_modified_time":"2026-01-07T18:44:34+00:00","og_image":[{"width":600,"height":800,"url":"https:\/\/miumjau.ee\/wp-content\/uploads\/2025\/03\/manguasi-koerale-kong39.jpg","type":"image\/jpeg"}],"twitter_card":"summary_large_image","schema":{"@context":"https:\/\/schema.org","@graph":[{"@type":"WebPage","@id":"https:\/\/miumjau.ee\/lt\/produktas\/kong-extreme-itin-tvirtas-sunu-kamuolys-su-virve-l\/","url":"https:\/\/miumjau.ee\/lt\/produktas\/kong-extreme-itin-tvirtas-sunu-kamuolys-su-virve-l\/","name":"KONG Extreme itin tvirtas \u0161un\u0173 kamuolys su virve, L - MiuMjau","isPartOf":{"@id":"https:\/\/miumjau.ee\/#website"},"primaryImageOfPage":{"@id":"https:\/\/miumjau.ee\/lt\/produktas\/kong-extreme-itin-tvirtas-sunu-kamuolys-su-virve-l\/#primaryimage"},"image":{"@id":"https:\/\/miumjau.ee\/lt\/produktas\/kong-extreme-itin-tvirtas-sunu-kamuolys-su-virve-l\/#primaryimage"},"thumbnailUrl":"https:\/\/miumjau.ee\/wp-content\/uploads\/2025\/03\/manguasi-koerale-kong39.jpg","datePublished":"2025-03-05T09:40:07+00:00","dateModified":"2026-01-07T18:44:34+00:00","breadcrumb":{"@id":"https:\/\/miumjau.ee\/lt\/produktas\/kong-extreme-itin-tvirtas-sunu-kamuolys-su-virve-l\/#breadcrumb"},"inLanguage":"lt-LT","potentialAction":[{"@type":"ReadAction","target":["https:\/\/miumjau.ee\/lt\/produktas\/kong-extreme-itin-tvirtas-sunu-kamuolys-su-virve-l\/"]}]},{"@type":"ImageObject","inLanguage":"lt-LT","@id":"https:\/\/miumjau.ee\/lt\/produktas\/kong-extreme-itin-tvirtas-sunu-kamuolys-su-virve-l\/#primaryimage","url":"https:\/\/miumjau.ee\/wp-content\/uploads\/2025\/03\/manguasi-koerale-kong39.jpg","contentUrl":"https:\/\/miumjau.ee\/wp-content\/uploads\/2025\/03\/manguasi-koerale-kong39.jpg","width":600,"height":800},{"@type":"BreadcrumbList","@id":"https:\/\/miumjau.ee\/lt\/produktas\/kong-extreme-itin-tvirtas-sunu-kamuolys-su-virve-l\/#breadcrumb","itemListElement":[{"@type":"ListItem","position":1,"name":"Home","item":"https:\/\/miumjau.ee\/lt\/"},{"@type":"ListItem","position":2,"name":"Parduotuv\u0117","item":"https:\/\/miumjau.ee\/lt\/parduotuve\/"},{"@type":"ListItem","position":3,"name":"KONG Extreme itin tvirtas \u0161un\u0173 kamuolys su virve, L"}]},{"@type":"WebSite","@id":"https:\/\/miumjau.ee\/#website","url":"https:\/\/miumjau.ee\/","name":"MiuMjau","description":"Kraapimispuud kassidele","publisher":{"@id":"https:\/\/miumjau.ee\/#organization"},"potentialAction":[{"@type":"SearchAction","target":{"@type":"EntryPoint","urlTemplate":"https:\/\/miumjau.ee\/?s={search_term_string}"},"query-input":{"@type":"PropertyValueSpecification","valueRequired":true,"valueName":"search_term_string"}}],"inLanguage":"lt-LT"},{"@type":"Organization","@id":"https:\/\/miumjau.ee\/#organization","name":"MiuMjau O\u00dc","url":"https:\/\/miumjau.ee\/","logo":{"@type":"ImageObject","inLanguage":"lt-LT","@id":"https:\/\/miumjau.ee\/#\/schema\/logo\/image\/","url":"https:\/\/miumjau.ee\/wp-content\/uploads\/2022\/04\/MiuMjau-logo-kollane.png","contentUrl":"https:\/\/miumjau.ee\/wp-content\/uploads\/2022\/04\/MiuMjau-logo-kollane.png","width":219,"height":100,"caption":"MiuMjau O\u00dc"},"image":{"@id":"https:\/\/miumjau.ee\/#\/schema\/logo\/image\/"},"sameAs":["https:\/\/www.facebook.com\/miumjaupood\/"]}]}},"_links":{"self":[{"href":"https:\/\/miumjau.ee\/lt\/wp-json\/wp\/v2\/product\/48861","targetHints":{"allow":["GET"]}}],"collection":[{"href":"https:\/\/miumjau.ee\/lt\/wp-json\/wp\/v2\/product"}],"about":[{"href":"https:\/\/miumjau.ee\/lt\/wp-json\/wp\/v2\/types\/product"}],"wp:featuredmedia":[{"embeddable":true,"href":"https:\/\/miumjau.ee\/lt\/wp-json\/wp\/v2\/media\/48862"}],"wp:attachment":[{"href":"https:\/\/miumjau.ee\/lt\/wp-json\/wp\/v2\/media?parent=48861"}],"wp:term":[{"taxonomy":"product_brand","embeddable":true,"href":"https:\/\/miumjau.ee\/lt\/wp-json\/wp\/v2\/product_brand?post=48861"},{"taxonomy":"product_cat","embeddable":true,"href":"https:\/\/miumjau.ee\/lt\/wp-json\/wp\/v2\/product_cat?post=48861"},{"taxonomy":"product_tag","embeddable":true,"href":"https:\/\/miumjau.ee\/lt\/wp-json\/wp\/v2\/product_tag?post=48861"}],"curies":[{"name":"wp","href":"https:\/\/api.w.org\/{rel}","templated":true}]}}