{"id":48856,"date":"2025-03-05T09:58:33","date_gmt":"2025-03-05T07:58:33","guid":{"rendered":"https:\/\/miumjau.ee\/toode\/chuckit-max-glow-svytinti-kamuolys-zaidimams-tamsoje-xl\/"},"modified":"2026-01-07T20:44:34","modified_gmt":"2026-01-07T18:44:34","slug":"chuckit-max-glow-svytinti-kamuolys-zaidimams-tamsoje-xl","status":"publish","type":"product","link":"https:\/\/miumjau.ee\/lt\/produktas\/chuckit-max-glow-svytinti-kamuolys-zaidimams-tamsoje-xl\/","title":{"rendered":"Chuckit! Max Glow \u0160vytinti Kamuolys \u017eaidimams tamsoje XL"},"content":{"rendered":"","protected":false},"excerpt":{"rendered":"<p data-start=\"2818\" data-end=\"2900\"><strong data-start=\"2818\" data-end=\"2900\">Chuckit! Max Glow \u2013 \u0161okin\u0117jantis ir \u0161vytintis kamuolys nakties \u017eaidimams! \ud83c\udf19\ud83d\udc36<\/strong><\/p>\n<p data-start=\"2902\" data-end=\"3077\">Padaryk \u017eaidim\u0105 tamsoje tikru nuotykiu su Chuckit! Max Glow kamuoliu! \u0160is tvirtas gumos kamuolys toli \u0161oka ir \u0161vyti tamsoje, tod\u0117l galite \u017eaisti su \u0161uniu net sutemus ar nakt\u012f.<\/p>\n<p data-start=\"3079\" data-end=\"3444\">\u2728 <strong data-start=\"3081\" data-end=\"3123\">Kod\u0117l verta rinktis Chuckit! Max Glow?<\/strong><br data-start=\"3123\" data-end=\"3126\" \/>\u2714 \u0160vyti tamsoje \u2013 \u012fkrauk ry\u0161kioje \u0161viesoje 5\u201310 minu\u010di\u0173 ir m\u0117gaukis iki 30 minu\u010di\u0173 \u0161vyt\u0117jimu<br data-start=\"3218\" data-end=\"3221\" \/>\u2714 Didelis \u0161uoli\u0173 auk\u0161tis \u2013 puikiai tinka m\u0117tymo ir atsine\u0161imo \u017eaidimams<br data-start=\"3292\" data-end=\"3295\" \/>\u2714 Lengva valyti \u2013 lygi gumos pavir\u0161ius nesukaupia ne\u0161varum\u0173<br data-start=\"3354\" data-end=\"3357\" \/>\u2714 Suderinamas su Chuckit! paleidimo \u012ftaisais \u2013 dar ilgesni metimai ir daugiau smagumo<\/p>\n<p data-start=\"3446\" data-end=\"3544\">\ud83d\udccf <strong data-start=\"3449\" data-end=\"3461\">Dyd\u017eiai:<\/strong><br data-start=\"3461\" data-end=\"3464\" \/>\ud83d\udd39 S \u2013 \u00d8 5 cm<br data-start=\"3477\" data-end=\"3480\" \/>\ud83d\udd39 M \u2013 \u00d8 6 cm (1 arba 2 vnt.)<br data-start=\"3509\" data-end=\"3512\" \/>\ud83d\udd39 L \u2013 \u00d8 7 cm<br data-start=\"3525\" data-end=\"3528\" \/>\ud83d\udd39 XL \u2013 \u00d8 9 cm<\/p>\n<p data-start=\"3546\" data-end=\"3646\" data-is-last-node=\"\" data-is-only-node=\"\">Neleisk tamsai nutraukti \u017eaidimo \u2013 su Chuckit! Max Glow kamuoliu tavo \u0161uo gali \u017eaisti bet kada! \ud83d\ude80\ud83d\udc3e<\/p>\n","protected":false},"featured_media":48852,"template":"","meta":[],"product_brand":[],"product_cat":[541],"product_tag":[],"class_list":{"0":"post-48856","1":"product","2":"type-product","3":"status-publish","4":"has-post-thumbnail","6":"product_cat-zaislai-sunims","8":"first","9":"instock","10":"taxable","11":"shipping-taxable","12":"purchasable","13":"product-type-simple"},"yoast_head":"<!-- This site is optimized with the Yoast SEO plugin v27.2 - https:\/\/yoast.com\/product\/yoast-seo-wordpress\/ -->\n<title>Chuckit! Max Glow \u0160vytinti Kamuolys \u017eaidimams tamsoje XL - MiuMjau<\/title>\n<meta name=\"robots\" content=\"index, follow, max-snippet:-1, max-image-preview:large, max-video-preview:-1\" \/>\n<link rel=\"canonical\" href=\"https:\/\/miumjau.ee\/lt\/produktas\/chuckit-max-glow-svytinti-kamuolys-zaidimams-tamsoje-xl\/\" \/>\n<meta property=\"og:locale\" content=\"lt_LT\" \/>\n<meta property=\"og:type\" content=\"article\" \/>\n<meta property=\"og:title\" content=\"Chuckit! Max Glow \u0160vytinti Kamuolys \u017eaidimams tamsoje XL - MiuMjau\" \/>\n<meta property=\"og:description\" content=\"Chuckit! Max Glow \u2013 \u0161okin\u0117jantis ir \u0161vytintis kamuolys nakties \u017eaidimams! \ud83c\udf19\ud83d\udc36 Padaryk \u017eaidim\u0105 tamsoje tikru nuotykiu su Chuckit! Max Glow kamuoliu! \u0160is tvirtas gumos kamuolys toli \u0161oka ir \u0161vyti tamsoje, tod\u0117l galite \u017eaisti su \u0161uniu net sutemus ar nakt\u012f. \u2728 Kod\u0117l verta rinktis Chuckit! Max Glow?\u2714 \u0160vyti tamsoje \u2013 \u012fkrauk ry\u0161kioje \u0161viesoje 5\u201310 minu\u010di\u0173 ir m\u0117gaukis iki 30 minu\u010di\u0173 \u0161vyt\u0117jimu\u2714 Didelis \u0161uoli\u0173 auk\u0161tis \u2013 puikiai tinka m\u0117tymo ir atsine\u0161imo \u017eaidimams\u2714 Lengva valyti \u2013 lygi gumos pavir\u0161ius nesukaupia ne\u0161varum\u0173\u2714 Suderinamas su Chuckit! paleidimo \u012ftaisais \u2013 dar ilgesni metimai ir daugiau smagumo \ud83d\udccf Dyd\u017eiai:\ud83d\udd39 S \u2013 \u00d8 5 cm\ud83d\udd39 M \u2013 \u00d8 6 cm (1 arba 2 vnt.)\ud83d\udd39 L \u2013 \u00d8 7 cm\ud83d\udd39 XL \u2013 \u00d8 9 cm Neleisk tamsai nutraukti \u017eaidimo \u2013 su Chuckit! Max Glow kamuoliu tavo \u0161uo gali \u017eaisti bet kada! \ud83d\ude80\ud83d\udc3e\" \/>\n<meta property=\"og:url\" content=\"https:\/\/miumjau.ee\/lt\/produktas\/chuckit-max-glow-svytinti-kamuolys-zaidimams-tamsoje-xl\/\" \/>\n<meta property=\"og:site_name\" content=\"MiuMjau\" \/>\n<meta property=\"article:publisher\" content=\"https:\/\/www.facebook.com\/miumjaupood\/\" \/>\n<meta property=\"article:modified_time\" content=\"2026-01-07T18:44:34+00:00\" \/>\n<meta property=\"og:image\" content=\"https:\/\/miumjau.ee\/wp-content\/uploads\/2025\/03\/manguasi-koerale-chuckit2.jpg\" \/>\n\t<meta property=\"og:image:width\" content=\"600\" \/>\n\t<meta property=\"og:image:height\" content=\"800\" \/>\n\t<meta property=\"og:image:type\" content=\"image\/jpeg\" \/>\n<meta name=\"twitter:card\" content=\"summary_large_image\" \/>\n<script type=\"application\/ld+json\" class=\"yoast-schema-graph\">{\"@context\":\"https:\/\/schema.org\",\"@graph\":[{\"@type\":\"WebPage\",\"@id\":\"https:\/\/miumjau.ee\/lt\/produktas\/chuckit-max-glow-svytinti-kamuolys-zaidimams-tamsoje-xl\/\",\"url\":\"https:\/\/miumjau.ee\/lt\/produktas\/chuckit-max-glow-svytinti-kamuolys-zaidimams-tamsoje-xl\/\",\"name\":\"Chuckit! Max Glow \u0160vytinti Kamuolys \u017eaidimams tamsoje XL - MiuMjau\",\"isPartOf\":{\"@id\":\"https:\/\/miumjau.ee\/#website\"},\"primaryImageOfPage\":{\"@id\":\"https:\/\/miumjau.ee\/lt\/produktas\/chuckit-max-glow-svytinti-kamuolys-zaidimams-tamsoje-xl\/#primaryimage\"},\"image\":{\"@id\":\"https:\/\/miumjau.ee\/lt\/produktas\/chuckit-max-glow-svytinti-kamuolys-zaidimams-tamsoje-xl\/#primaryimage\"},\"thumbnailUrl\":\"https:\/\/miumjau.ee\/wp-content\/uploads\/2025\/03\/manguasi-koerale-chuckit2.jpg\",\"datePublished\":\"2025-03-05T07:58:33+00:00\",\"dateModified\":\"2026-01-07T18:44:34+00:00\",\"breadcrumb\":{\"@id\":\"https:\/\/miumjau.ee\/lt\/produktas\/chuckit-max-glow-svytinti-kamuolys-zaidimams-tamsoje-xl\/#breadcrumb\"},\"inLanguage\":\"lt-LT\",\"potentialAction\":[{\"@type\":\"ReadAction\",\"target\":[\"https:\/\/miumjau.ee\/lt\/produktas\/chuckit-max-glow-svytinti-kamuolys-zaidimams-tamsoje-xl\/\"]}]},{\"@type\":\"ImageObject\",\"inLanguage\":\"lt-LT\",\"@id\":\"https:\/\/miumjau.ee\/lt\/produktas\/chuckit-max-glow-svytinti-kamuolys-zaidimams-tamsoje-xl\/#primaryimage\",\"url\":\"https:\/\/miumjau.ee\/wp-content\/uploads\/2025\/03\/manguasi-koerale-chuckit2.jpg\",\"contentUrl\":\"https:\/\/miumjau.ee\/wp-content\/uploads\/2025\/03\/manguasi-koerale-chuckit2.jpg\",\"width\":600,\"height\":800},{\"@type\":\"BreadcrumbList\",\"@id\":\"https:\/\/miumjau.ee\/lt\/produktas\/chuckit-max-glow-svytinti-kamuolys-zaidimams-tamsoje-xl\/#breadcrumb\",\"itemListElement\":[{\"@type\":\"ListItem\",\"position\":1,\"name\":\"Home\",\"item\":\"https:\/\/miumjau.ee\/lt\/\"},{\"@type\":\"ListItem\",\"position\":2,\"name\":\"Parduotuv\u0117\",\"item\":\"https:\/\/miumjau.ee\/lt\/parduotuve\/\"},{\"@type\":\"ListItem\",\"position\":3,\"name\":\"Chuckit! Max Glow \u0160vytinti Kamuolys \u017eaidimams tamsoje XL\"}]},{\"@type\":\"WebSite\",\"@id\":\"https:\/\/miumjau.ee\/#website\",\"url\":\"https:\/\/miumjau.ee\/\",\"name\":\"MiuMjau\",\"description\":\"Kraapimispuud kassidele\",\"publisher\":{\"@id\":\"https:\/\/miumjau.ee\/#organization\"},\"potentialAction\":[{\"@type\":\"SearchAction\",\"target\":{\"@type\":\"EntryPoint\",\"urlTemplate\":\"https:\/\/miumjau.ee\/?s={search_term_string}\"},\"query-input\":{\"@type\":\"PropertyValueSpecification\",\"valueRequired\":true,\"valueName\":\"search_term_string\"}}],\"inLanguage\":\"lt-LT\"},{\"@type\":\"Organization\",\"@id\":\"https:\/\/miumjau.ee\/#organization\",\"name\":\"MiuMjau O\u00dc\",\"url\":\"https:\/\/miumjau.ee\/\",\"logo\":{\"@type\":\"ImageObject\",\"inLanguage\":\"lt-LT\",\"@id\":\"https:\/\/miumjau.ee\/#\/schema\/logo\/image\/\",\"url\":\"https:\/\/miumjau.ee\/wp-content\/uploads\/2022\/04\/MiuMjau-logo-kollane.png\",\"contentUrl\":\"https:\/\/miumjau.ee\/wp-content\/uploads\/2022\/04\/MiuMjau-logo-kollane.png\",\"width\":219,\"height\":100,\"caption\":\"MiuMjau O\u00dc\"},\"image\":{\"@id\":\"https:\/\/miumjau.ee\/#\/schema\/logo\/image\/\"},\"sameAs\":[\"https:\/\/www.facebook.com\/miumjaupood\/\"]}]}<\/script>\n<!-- \/ Yoast SEO plugin. -->","yoast_head_json":{"title":"Chuckit! Max Glow \u0160vytinti Kamuolys \u017eaidimams tamsoje XL - MiuMjau","robots":{"index":"index","follow":"follow","max-snippet":"max-snippet:-1","max-image-preview":"max-image-preview:large","max-video-preview":"max-video-preview:-1"},"canonical":"https:\/\/miumjau.ee\/lt\/produktas\/chuckit-max-glow-svytinti-kamuolys-zaidimams-tamsoje-xl\/","og_locale":"lt_LT","og_type":"article","og_title":"Chuckit! Max Glow \u0160vytinti Kamuolys \u017eaidimams tamsoje XL - MiuMjau","og_description":"Chuckit! Max Glow \u2013 \u0161okin\u0117jantis ir \u0161vytintis kamuolys nakties \u017eaidimams! \ud83c\udf19\ud83d\udc36 Padaryk \u017eaidim\u0105 tamsoje tikru nuotykiu su Chuckit! Max Glow kamuoliu! \u0160is tvirtas gumos kamuolys toli \u0161oka ir \u0161vyti tamsoje, tod\u0117l galite \u017eaisti su \u0161uniu net sutemus ar nakt\u012f. \u2728 Kod\u0117l verta rinktis Chuckit! Max Glow?\u2714 \u0160vyti tamsoje \u2013 \u012fkrauk ry\u0161kioje \u0161viesoje 5\u201310 minu\u010di\u0173 ir m\u0117gaukis iki 30 minu\u010di\u0173 \u0161vyt\u0117jimu\u2714 Didelis \u0161uoli\u0173 auk\u0161tis \u2013 puikiai tinka m\u0117tymo ir atsine\u0161imo \u017eaidimams\u2714 Lengva valyti \u2013 lygi gumos pavir\u0161ius nesukaupia ne\u0161varum\u0173\u2714 Suderinamas su Chuckit! paleidimo \u012ftaisais \u2013 dar ilgesni metimai ir daugiau smagumo \ud83d\udccf Dyd\u017eiai:\ud83d\udd39 S \u2013 \u00d8 5 cm\ud83d\udd39 M \u2013 \u00d8 6 cm (1 arba 2 vnt.)\ud83d\udd39 L \u2013 \u00d8 7 cm\ud83d\udd39 XL \u2013 \u00d8 9 cm Neleisk tamsai nutraukti \u017eaidimo \u2013 su Chuckit! Max Glow kamuoliu tavo \u0161uo gali \u017eaisti bet kada! \ud83d\ude80\ud83d\udc3e","og_url":"https:\/\/miumjau.ee\/lt\/produktas\/chuckit-max-glow-svytinti-kamuolys-zaidimams-tamsoje-xl\/","og_site_name":"MiuMjau","article_publisher":"https:\/\/www.facebook.com\/miumjaupood\/","article_modified_time":"2026-01-07T18:44:34+00:00","og_image":[{"width":600,"height":800,"url":"https:\/\/miumjau.ee\/wp-content\/uploads\/2025\/03\/manguasi-koerale-chuckit2.jpg","type":"image\/jpeg"}],"twitter_card":"summary_large_image","schema":{"@context":"https:\/\/schema.org","@graph":[{"@type":"WebPage","@id":"https:\/\/miumjau.ee\/lt\/produktas\/chuckit-max-glow-svytinti-kamuolys-zaidimams-tamsoje-xl\/","url":"https:\/\/miumjau.ee\/lt\/produktas\/chuckit-max-glow-svytinti-kamuolys-zaidimams-tamsoje-xl\/","name":"Chuckit! Max Glow \u0160vytinti Kamuolys \u017eaidimams tamsoje XL - MiuMjau","isPartOf":{"@id":"https:\/\/miumjau.ee\/#website"},"primaryImageOfPage":{"@id":"https:\/\/miumjau.ee\/lt\/produktas\/chuckit-max-glow-svytinti-kamuolys-zaidimams-tamsoje-xl\/#primaryimage"},"image":{"@id":"https:\/\/miumjau.ee\/lt\/produktas\/chuckit-max-glow-svytinti-kamuolys-zaidimams-tamsoje-xl\/#primaryimage"},"thumbnailUrl":"https:\/\/miumjau.ee\/wp-content\/uploads\/2025\/03\/manguasi-koerale-chuckit2.jpg","datePublished":"2025-03-05T07:58:33+00:00","dateModified":"2026-01-07T18:44:34+00:00","breadcrumb":{"@id":"https:\/\/miumjau.ee\/lt\/produktas\/chuckit-max-glow-svytinti-kamuolys-zaidimams-tamsoje-xl\/#breadcrumb"},"inLanguage":"lt-LT","potentialAction":[{"@type":"ReadAction","target":["https:\/\/miumjau.ee\/lt\/produktas\/chuckit-max-glow-svytinti-kamuolys-zaidimams-tamsoje-xl\/"]}]},{"@type":"ImageObject","inLanguage":"lt-LT","@id":"https:\/\/miumjau.ee\/lt\/produktas\/chuckit-max-glow-svytinti-kamuolys-zaidimams-tamsoje-xl\/#primaryimage","url":"https:\/\/miumjau.ee\/wp-content\/uploads\/2025\/03\/manguasi-koerale-chuckit2.jpg","contentUrl":"https:\/\/miumjau.ee\/wp-content\/uploads\/2025\/03\/manguasi-koerale-chuckit2.jpg","width":600,"height":800},{"@type":"BreadcrumbList","@id":"https:\/\/miumjau.ee\/lt\/produktas\/chuckit-max-glow-svytinti-kamuolys-zaidimams-tamsoje-xl\/#breadcrumb","itemListElement":[{"@type":"ListItem","position":1,"name":"Home","item":"https:\/\/miumjau.ee\/lt\/"},{"@type":"ListItem","position":2,"name":"Parduotuv\u0117","item":"https:\/\/miumjau.ee\/lt\/parduotuve\/"},{"@type":"ListItem","position":3,"name":"Chuckit! Max Glow \u0160vytinti Kamuolys \u017eaidimams tamsoje XL"}]},{"@type":"WebSite","@id":"https:\/\/miumjau.ee\/#website","url":"https:\/\/miumjau.ee\/","name":"MiuMjau","description":"Kraapimispuud kassidele","publisher":{"@id":"https:\/\/miumjau.ee\/#organization"},"potentialAction":[{"@type":"SearchAction","target":{"@type":"EntryPoint","urlTemplate":"https:\/\/miumjau.ee\/?s={search_term_string}"},"query-input":{"@type":"PropertyValueSpecification","valueRequired":true,"valueName":"search_term_string"}}],"inLanguage":"lt-LT"},{"@type":"Organization","@id":"https:\/\/miumjau.ee\/#organization","name":"MiuMjau O\u00dc","url":"https:\/\/miumjau.ee\/","logo":{"@type":"ImageObject","inLanguage":"lt-LT","@id":"https:\/\/miumjau.ee\/#\/schema\/logo\/image\/","url":"https:\/\/miumjau.ee\/wp-content\/uploads\/2022\/04\/MiuMjau-logo-kollane.png","contentUrl":"https:\/\/miumjau.ee\/wp-content\/uploads\/2022\/04\/MiuMjau-logo-kollane.png","width":219,"height":100,"caption":"MiuMjau O\u00dc"},"image":{"@id":"https:\/\/miumjau.ee\/#\/schema\/logo\/image\/"},"sameAs":["https:\/\/www.facebook.com\/miumjaupood\/"]}]}},"_links":{"self":[{"href":"https:\/\/miumjau.ee\/lt\/wp-json\/wp\/v2\/product\/48856","targetHints":{"allow":["GET"]}}],"collection":[{"href":"https:\/\/miumjau.ee\/lt\/wp-json\/wp\/v2\/product"}],"about":[{"href":"https:\/\/miumjau.ee\/lt\/wp-json\/wp\/v2\/types\/product"}],"wp:featuredmedia":[{"embeddable":true,"href":"https:\/\/miumjau.ee\/lt\/wp-json\/wp\/v2\/media\/48852"}],"wp:attachment":[{"href":"https:\/\/miumjau.ee\/lt\/wp-json\/wp\/v2\/media?parent=48856"}],"wp:term":[{"taxonomy":"product_brand","embeddable":true,"href":"https:\/\/miumjau.ee\/lt\/wp-json\/wp\/v2\/product_brand?post=48856"},{"taxonomy":"product_cat","embeddable":true,"href":"https:\/\/miumjau.ee\/lt\/wp-json\/wp\/v2\/product_cat?post=48856"},{"taxonomy":"product_tag","embeddable":true,"href":"https:\/\/miumjau.ee\/lt\/wp-json\/wp\/v2\/product_tag?post=48856"}],"curies":[{"name":"wp","href":"https:\/\/api.w.org\/{rel}","templated":true}]}}