{"id":48833,"date":"2025-03-05T11:42:55","date_gmt":"2025-03-05T09:42:55","guid":{"rendered":"https:\/\/miumjau.ee\/toode\/kong-puppy-dantu-kramtymo-zaislas-suniukams-l\/"},"modified":"2026-01-07T20:44:41","modified_gmt":"2026-01-07T18:44:41","slug":"kong-puppy-dantu-kramtymo-zaislas-suniukams-l","status":"publish","type":"product","link":"https:\/\/miumjau.ee\/lt\/produktas\/kong-puppy-dantu-kramtymo-zaislas-suniukams-l\/","title":{"rendered":"KONG Puppy Dant\u0173 Kramtymo \u017daislas \u0160uniukams L"},"content":{"rendered":"","protected":false},"excerpt":{"rendered":"<p data-start=\"3407\" data-end=\"3490\"><strong data-start=\"3407\" data-end=\"3490\">Puppy Teething Stick \u2013 ramina dantenas ir palaiko \u0161uniuko dant\u0173 vystym\u0105si! \ud83d\udc36\ud83e\uddb7<\/strong><\/p>\n<p data-start=\"3492\" data-end=\"3808\">Puppy Teething Stick specialiai sukurtas \u0161uniukams, kad suma\u017eint\u0173 danten\u0173 skausm\u0105 ir pad\u0117t\u0173 dant\u0173 kaitos metu. Pavir\u0161i\u0173 galima u\u017epildyti \u017eem\u0117s rie\u0161ut\u0173 sviestu arba KONG Easy Treat pasta, suteikiant papildomo malonumo ir gardumyn\u0173. Gardumus taip pat galima pasl\u0117pti lazdel\u0117s viduje, kad \u0161uniukas dar daugiau tyrin\u0117t\u0173!<\/p>\n<p data-start=\"3810\" data-end=\"4117\">\ud83d\udd25 <strong data-start=\"3813\" data-end=\"3858\">Kod\u0117l verta rinktis Puppy Teething Stick?<\/strong><br data-start=\"3858\" data-end=\"3861\" \/>\u2714 Ramina dantenas \u2013 specialus dizainas palaiko \u0161uniukus dant\u0173 kaitos metu<br data-start=\"3934\" data-end=\"3937\" \/>\u2714 U\u017epildomas gardumynais \u2013 u\u017epildykite lazdel\u0119 \u017eem\u0117s rie\u0161ut\u0173 sviestu arba KONG Easy Treat<br data-start=\"4026\" data-end=\"4029\" \/>\u2714 Idealiai tinka \u0161uniukams \u2013 palaiko \u0161uniuko u\u017eimtum\u0105 ir suteikia protin\u012f stimuliavim\u0105<\/p>\n<p data-start=\"4119\" data-end=\"4192\">\ud83c\udfa8 <strong data-start=\"4122\" data-end=\"4134\">Spalvos:<\/strong><br data-start=\"4134\" data-end=\"4137\" \/>\ud83d\udd39 Ro\u017ein\u0117 arba m\u0117lyna (spalva siun\u010diama atsitiktinai)<\/p>\n<p data-start=\"4194\" data-end=\"4318\">\ud83d\udccf <strong data-start=\"4197\" data-end=\"4209\">Dyd\u017eiai:<\/strong><br data-start=\"4209\" data-end=\"4212\" \/>\ud83d\udd39 S \u2013 8,5 cm (\u0161uniukams iki 9 kg)<br data-start=\"4246\" data-end=\"4249\" \/>\ud83d\udd39 M \u2013 9 cm (\u0161uniukams 7\u201316 kg)<br data-start=\"4280\" data-end=\"4283\" \/>\ud83d\udd39 L \u2013 12 cm (\u0161uniukams 13\u201330 kg)<\/p>\n<p data-start=\"4320\" data-end=\"4439\" data-is-last-node=\"\" data-is-only-node=\"\">Puppy Teething Stick yra puikus pasirinkimas palaikyti sveik\u0105 dant\u0173 vystym\u0105si ir suteikti smagi\u0173 \u017eaidimo akimirk\u0173! \ud83d\udc3e\ud83c\udf89<\/p>\n","protected":false},"featured_media":48830,"template":"","meta":[],"product_brand":[],"product_cat":[541],"product_tag":[],"class_list":{"0":"post-48833","1":"product","2":"type-product","3":"status-publish","4":"has-post-thumbnail","6":"product_cat-zaislai-sunims","8":"first","9":"instock","10":"sale","11":"taxable","12":"shipping-taxable","13":"purchasable","14":"product-type-simple"},"yoast_head":"<!-- This site is optimized with the Yoast SEO plugin v27.4 - https:\/\/yoast.com\/product\/yoast-seo-wordpress\/ -->\n<title>KONG Puppy Dant\u0173 Kramtymo \u017daislas \u0160uniukams L - MiuMjau<\/title>\n<meta name=\"robots\" content=\"index, follow, max-snippet:-1, max-image-preview:large, max-video-preview:-1\" \/>\n<link rel=\"canonical\" href=\"https:\/\/miumjau.ee\/lt\/produktas\/kong-puppy-dantu-kramtymo-zaislas-suniukams-l\/\" \/>\n<meta property=\"og:locale\" content=\"lt_LT\" \/>\n<meta property=\"og:type\" content=\"article\" \/>\n<meta property=\"og:title\" content=\"KONG Puppy Dant\u0173 Kramtymo \u017daislas \u0160uniukams L - MiuMjau\" \/>\n<meta property=\"og:description\" content=\"Puppy Teething Stick \u2013 ramina dantenas ir palaiko \u0161uniuko dant\u0173 vystym\u0105si! \ud83d\udc36\ud83e\uddb7 Puppy Teething Stick specialiai sukurtas \u0161uniukams, kad suma\u017eint\u0173 danten\u0173 skausm\u0105 ir pad\u0117t\u0173 dant\u0173 kaitos metu. Pavir\u0161i\u0173 galima u\u017epildyti \u017eem\u0117s rie\u0161ut\u0173 sviestu arba KONG Easy Treat pasta, suteikiant papildomo malonumo ir gardumyn\u0173. Gardumus taip pat galima pasl\u0117pti lazdel\u0117s viduje, kad \u0161uniukas dar daugiau tyrin\u0117t\u0173! \ud83d\udd25 Kod\u0117l verta rinktis Puppy Teething Stick?\u2714 Ramina dantenas \u2013 specialus dizainas palaiko \u0161uniukus dant\u0173 kaitos metu\u2714 U\u017epildomas gardumynais \u2013 u\u017epildykite lazdel\u0119 \u017eem\u0117s rie\u0161ut\u0173 sviestu arba KONG Easy Treat\u2714 Idealiai tinka \u0161uniukams \u2013 palaiko \u0161uniuko u\u017eimtum\u0105 ir suteikia protin\u012f stimuliavim\u0105 \ud83c\udfa8 Spalvos:\ud83d\udd39 Ro\u017ein\u0117 arba m\u0117lyna (spalva siun\u010diama atsitiktinai) \ud83d\udccf Dyd\u017eiai:\ud83d\udd39 S \u2013 8,5 cm (\u0161uniukams iki 9 kg)\ud83d\udd39 M \u2013 9 cm (\u0161uniukams 7\u201316 kg)\ud83d\udd39 L \u2013 12 cm (\u0161uniukams 13\u201330 kg) Puppy Teething Stick yra puikus pasirinkimas palaikyti sveik\u0105 dant\u0173 vystym\u0105si ir suteikti smagi\u0173 \u017eaidimo akimirk\u0173! \ud83d\udc3e\ud83c\udf89\" \/>\n<meta property=\"og:url\" content=\"https:\/\/miumjau.ee\/lt\/produktas\/kong-puppy-dantu-kramtymo-zaislas-suniukams-l\/\" \/>\n<meta property=\"og:site_name\" content=\"MiuMjau\" \/>\n<meta property=\"article:publisher\" content=\"https:\/\/www.facebook.com\/miumjaupood\/\" \/>\n<meta property=\"article:modified_time\" content=\"2026-01-07T18:44:41+00:00\" \/>\n<meta property=\"og:image\" content=\"https:\/\/miumjau.ee\/wp-content\/uploads\/2025\/03\/manguasi-koerale-kong40.jpg\" \/>\n\t<meta property=\"og:image:width\" content=\"600\" \/>\n\t<meta property=\"og:image:height\" content=\"800\" \/>\n\t<meta property=\"og:image:type\" content=\"image\/jpeg\" \/>\n<meta name=\"twitter:card\" content=\"summary_large_image\" \/>\n<script type=\"application\/ld+json\" class=\"yoast-schema-graph\">{\"@context\":\"https:\\\/\\\/schema.org\",\"@graph\":[{\"@type\":\"WebPage\",\"@id\":\"https:\\\/\\\/miumjau.ee\\\/lt\\\/produktas\\\/kong-puppy-dantu-kramtymo-zaislas-suniukams-l\\\/\",\"url\":\"https:\\\/\\\/miumjau.ee\\\/lt\\\/produktas\\\/kong-puppy-dantu-kramtymo-zaislas-suniukams-l\\\/\",\"name\":\"KONG Puppy Dant\u0173 Kramtymo \u017daislas \u0160uniukams L - MiuMjau\",\"isPartOf\":{\"@id\":\"https:\\\/\\\/miumjau.ee\\\/#website\"},\"primaryImageOfPage\":{\"@id\":\"https:\\\/\\\/miumjau.ee\\\/lt\\\/produktas\\\/kong-puppy-dantu-kramtymo-zaislas-suniukams-l\\\/#primaryimage\"},\"image\":{\"@id\":\"https:\\\/\\\/miumjau.ee\\\/lt\\\/produktas\\\/kong-puppy-dantu-kramtymo-zaislas-suniukams-l\\\/#primaryimage\"},\"thumbnailUrl\":\"https:\\\/\\\/miumjau.ee\\\/wp-content\\\/uploads\\\/2025\\\/03\\\/manguasi-koerale-kong40.jpg\",\"datePublished\":\"2025-03-05T09:42:55+00:00\",\"dateModified\":\"2026-01-07T18:44:41+00:00\",\"breadcrumb\":{\"@id\":\"https:\\\/\\\/miumjau.ee\\\/lt\\\/produktas\\\/kong-puppy-dantu-kramtymo-zaislas-suniukams-l\\\/#breadcrumb\"},\"inLanguage\":\"lt-LT\",\"potentialAction\":[{\"@type\":\"ReadAction\",\"target\":[\"https:\\\/\\\/miumjau.ee\\\/lt\\\/produktas\\\/kong-puppy-dantu-kramtymo-zaislas-suniukams-l\\\/\"]}]},{\"@type\":\"ImageObject\",\"inLanguage\":\"lt-LT\",\"@id\":\"https:\\\/\\\/miumjau.ee\\\/lt\\\/produktas\\\/kong-puppy-dantu-kramtymo-zaislas-suniukams-l\\\/#primaryimage\",\"url\":\"https:\\\/\\\/miumjau.ee\\\/wp-content\\\/uploads\\\/2025\\\/03\\\/manguasi-koerale-kong40.jpg\",\"contentUrl\":\"https:\\\/\\\/miumjau.ee\\\/wp-content\\\/uploads\\\/2025\\\/03\\\/manguasi-koerale-kong40.jpg\",\"width\":600,\"height\":800},{\"@type\":\"BreadcrumbList\",\"@id\":\"https:\\\/\\\/miumjau.ee\\\/lt\\\/produktas\\\/kong-puppy-dantu-kramtymo-zaislas-suniukams-l\\\/#breadcrumb\",\"itemListElement\":[{\"@type\":\"ListItem\",\"position\":1,\"name\":\"Home\",\"item\":\"https:\\\/\\\/miumjau.ee\\\/lt\\\/\"},{\"@type\":\"ListItem\",\"position\":2,\"name\":\"Parduotuv\u0117\",\"item\":\"https:\\\/\\\/miumjau.ee\\\/lt\\\/parduotuve\\\/\"},{\"@type\":\"ListItem\",\"position\":3,\"name\":\"KONG Puppy Dant\u0173 Kramtymo \u017daislas \u0160uniukams L\"}]},{\"@type\":\"WebSite\",\"@id\":\"https:\\\/\\\/miumjau.ee\\\/#website\",\"url\":\"https:\\\/\\\/miumjau.ee\\\/\",\"name\":\"MiuMjau\",\"description\":\"Kraapimispuud kassidele\",\"publisher\":{\"@id\":\"https:\\\/\\\/miumjau.ee\\\/#organization\"},\"potentialAction\":[{\"@type\":\"SearchAction\",\"target\":{\"@type\":\"EntryPoint\",\"urlTemplate\":\"https:\\\/\\\/miumjau.ee\\\/?s={search_term_string}\"},\"query-input\":{\"@type\":\"PropertyValueSpecification\",\"valueRequired\":true,\"valueName\":\"search_term_string\"}}],\"inLanguage\":\"lt-LT\"},{\"@type\":\"Organization\",\"@id\":\"https:\\\/\\\/miumjau.ee\\\/#organization\",\"name\":\"MiuMjau O\u00dc\",\"url\":\"https:\\\/\\\/miumjau.ee\\\/\",\"logo\":{\"@type\":\"ImageObject\",\"inLanguage\":\"lt-LT\",\"@id\":\"https:\\\/\\\/miumjau.ee\\\/#\\\/schema\\\/logo\\\/image\\\/\",\"url\":\"https:\\\/\\\/miumjau.ee\\\/wp-content\\\/uploads\\\/2022\\\/04\\\/MiuMjau-logo-kollane.png\",\"contentUrl\":\"https:\\\/\\\/miumjau.ee\\\/wp-content\\\/uploads\\\/2022\\\/04\\\/MiuMjau-logo-kollane.png\",\"width\":219,\"height\":100,\"caption\":\"MiuMjau O\u00dc\"},\"image\":{\"@id\":\"https:\\\/\\\/miumjau.ee\\\/#\\\/schema\\\/logo\\\/image\\\/\"},\"sameAs\":[\"https:\\\/\\\/www.facebook.com\\\/miumjaupood\\\/\"]}]}<\/script>\n<!-- \/ Yoast SEO plugin. -->","yoast_head_json":{"title":"KONG Puppy Dant\u0173 Kramtymo \u017daislas \u0160uniukams L - MiuMjau","robots":{"index":"index","follow":"follow","max-snippet":"max-snippet:-1","max-image-preview":"max-image-preview:large","max-video-preview":"max-video-preview:-1"},"canonical":"https:\/\/miumjau.ee\/lt\/produktas\/kong-puppy-dantu-kramtymo-zaislas-suniukams-l\/","og_locale":"lt_LT","og_type":"article","og_title":"KONG Puppy Dant\u0173 Kramtymo \u017daislas \u0160uniukams L - MiuMjau","og_description":"Puppy Teething Stick \u2013 ramina dantenas ir palaiko \u0161uniuko dant\u0173 vystym\u0105si! \ud83d\udc36\ud83e\uddb7 Puppy Teething Stick specialiai sukurtas \u0161uniukams, kad suma\u017eint\u0173 danten\u0173 skausm\u0105 ir pad\u0117t\u0173 dant\u0173 kaitos metu. Pavir\u0161i\u0173 galima u\u017epildyti \u017eem\u0117s rie\u0161ut\u0173 sviestu arba KONG Easy Treat pasta, suteikiant papildomo malonumo ir gardumyn\u0173. Gardumus taip pat galima pasl\u0117pti lazdel\u0117s viduje, kad \u0161uniukas dar daugiau tyrin\u0117t\u0173! \ud83d\udd25 Kod\u0117l verta rinktis Puppy Teething Stick?\u2714 Ramina dantenas \u2013 specialus dizainas palaiko \u0161uniukus dant\u0173 kaitos metu\u2714 U\u017epildomas gardumynais \u2013 u\u017epildykite lazdel\u0119 \u017eem\u0117s rie\u0161ut\u0173 sviestu arba KONG Easy Treat\u2714 Idealiai tinka \u0161uniukams \u2013 palaiko \u0161uniuko u\u017eimtum\u0105 ir suteikia protin\u012f stimuliavim\u0105 \ud83c\udfa8 Spalvos:\ud83d\udd39 Ro\u017ein\u0117 arba m\u0117lyna (spalva siun\u010diama atsitiktinai) \ud83d\udccf Dyd\u017eiai:\ud83d\udd39 S \u2013 8,5 cm (\u0161uniukams iki 9 kg)\ud83d\udd39 M \u2013 9 cm (\u0161uniukams 7\u201316 kg)\ud83d\udd39 L \u2013 12 cm (\u0161uniukams 13\u201330 kg) Puppy Teething Stick yra puikus pasirinkimas palaikyti sveik\u0105 dant\u0173 vystym\u0105si ir suteikti smagi\u0173 \u017eaidimo akimirk\u0173! \ud83d\udc3e\ud83c\udf89","og_url":"https:\/\/miumjau.ee\/lt\/produktas\/kong-puppy-dantu-kramtymo-zaislas-suniukams-l\/","og_site_name":"MiuMjau","article_publisher":"https:\/\/www.facebook.com\/miumjaupood\/","article_modified_time":"2026-01-07T18:44:41+00:00","og_image":[{"width":600,"height":800,"url":"https:\/\/miumjau.ee\/wp-content\/uploads\/2025\/03\/manguasi-koerale-kong40.jpg","type":"image\/jpeg"}],"twitter_card":"summary_large_image","schema":{"@context":"https:\/\/schema.org","@graph":[{"@type":"WebPage","@id":"https:\/\/miumjau.ee\/lt\/produktas\/kong-puppy-dantu-kramtymo-zaislas-suniukams-l\/","url":"https:\/\/miumjau.ee\/lt\/produktas\/kong-puppy-dantu-kramtymo-zaislas-suniukams-l\/","name":"KONG Puppy Dant\u0173 Kramtymo \u017daislas \u0160uniukams L - MiuMjau","isPartOf":{"@id":"https:\/\/miumjau.ee\/#website"},"primaryImageOfPage":{"@id":"https:\/\/miumjau.ee\/lt\/produktas\/kong-puppy-dantu-kramtymo-zaislas-suniukams-l\/#primaryimage"},"image":{"@id":"https:\/\/miumjau.ee\/lt\/produktas\/kong-puppy-dantu-kramtymo-zaislas-suniukams-l\/#primaryimage"},"thumbnailUrl":"https:\/\/miumjau.ee\/wp-content\/uploads\/2025\/03\/manguasi-koerale-kong40.jpg","datePublished":"2025-03-05T09:42:55+00:00","dateModified":"2026-01-07T18:44:41+00:00","breadcrumb":{"@id":"https:\/\/miumjau.ee\/lt\/produktas\/kong-puppy-dantu-kramtymo-zaislas-suniukams-l\/#breadcrumb"},"inLanguage":"lt-LT","potentialAction":[{"@type":"ReadAction","target":["https:\/\/miumjau.ee\/lt\/produktas\/kong-puppy-dantu-kramtymo-zaislas-suniukams-l\/"]}]},{"@type":"ImageObject","inLanguage":"lt-LT","@id":"https:\/\/miumjau.ee\/lt\/produktas\/kong-puppy-dantu-kramtymo-zaislas-suniukams-l\/#primaryimage","url":"https:\/\/miumjau.ee\/wp-content\/uploads\/2025\/03\/manguasi-koerale-kong40.jpg","contentUrl":"https:\/\/miumjau.ee\/wp-content\/uploads\/2025\/03\/manguasi-koerale-kong40.jpg","width":600,"height":800},{"@type":"BreadcrumbList","@id":"https:\/\/miumjau.ee\/lt\/produktas\/kong-puppy-dantu-kramtymo-zaislas-suniukams-l\/#breadcrumb","itemListElement":[{"@type":"ListItem","position":1,"name":"Home","item":"https:\/\/miumjau.ee\/lt\/"},{"@type":"ListItem","position":2,"name":"Parduotuv\u0117","item":"https:\/\/miumjau.ee\/lt\/parduotuve\/"},{"@type":"ListItem","position":3,"name":"KONG Puppy Dant\u0173 Kramtymo \u017daislas \u0160uniukams L"}]},{"@type":"WebSite","@id":"https:\/\/miumjau.ee\/#website","url":"https:\/\/miumjau.ee\/","name":"MiuMjau","description":"Kraapimispuud kassidele","publisher":{"@id":"https:\/\/miumjau.ee\/#organization"},"potentialAction":[{"@type":"SearchAction","target":{"@type":"EntryPoint","urlTemplate":"https:\/\/miumjau.ee\/?s={search_term_string}"},"query-input":{"@type":"PropertyValueSpecification","valueRequired":true,"valueName":"search_term_string"}}],"inLanguage":"lt-LT"},{"@type":"Organization","@id":"https:\/\/miumjau.ee\/#organization","name":"MiuMjau O\u00dc","url":"https:\/\/miumjau.ee\/","logo":{"@type":"ImageObject","inLanguage":"lt-LT","@id":"https:\/\/miumjau.ee\/#\/schema\/logo\/image\/","url":"https:\/\/miumjau.ee\/wp-content\/uploads\/2022\/04\/MiuMjau-logo-kollane.png","contentUrl":"https:\/\/miumjau.ee\/wp-content\/uploads\/2022\/04\/MiuMjau-logo-kollane.png","width":219,"height":100,"caption":"MiuMjau O\u00dc"},"image":{"@id":"https:\/\/miumjau.ee\/#\/schema\/logo\/image\/"},"sameAs":["https:\/\/www.facebook.com\/miumjaupood\/"]}]}},"_links":{"self":[{"href":"https:\/\/miumjau.ee\/lt\/wp-json\/wp\/v2\/product\/48833","targetHints":{"allow":["GET"]}}],"collection":[{"href":"https:\/\/miumjau.ee\/lt\/wp-json\/wp\/v2\/product"}],"about":[{"href":"https:\/\/miumjau.ee\/lt\/wp-json\/wp\/v2\/types\/product"}],"wp:featuredmedia":[{"embeddable":true,"href":"https:\/\/miumjau.ee\/lt\/wp-json\/wp\/v2\/media\/48830"}],"wp:attachment":[{"href":"https:\/\/miumjau.ee\/lt\/wp-json\/wp\/v2\/media?parent=48833"}],"wp:term":[{"taxonomy":"product_brand","embeddable":true,"href":"https:\/\/miumjau.ee\/lt\/wp-json\/wp\/v2\/product_brand?post=48833"},{"taxonomy":"product_cat","embeddable":true,"href":"https:\/\/miumjau.ee\/lt\/wp-json\/wp\/v2\/product_cat?post=48833"},{"taxonomy":"product_tag","embeddable":true,"href":"https:\/\/miumjau.ee\/lt\/wp-json\/wp\/v2\/product_tag?post=48833"}],"curies":[{"name":"wp","href":"https:\/\/api.w.org\/{rel}","templated":true}]}}