{"id":48813,"date":"2025-03-05T11:46:03","date_gmt":"2025-03-05T09:46:03","guid":{"rendered":"https:\/\/miumjau.ee\/toode\/kong-puppy-activity-kamuolys-s\/"},"modified":"2026-01-07T20:44:41","modified_gmt":"2026-01-07T18:44:41","slug":"kong-puppy-activity-kamuolys-s","status":"publish","type":"product","link":"https:\/\/miumjau.ee\/lt\/produktas\/kong-puppy-activity-kamuolys-s\/","title":{"rendered":"KONG Puppy Activity Kamuolys S"},"content":{"rendered":"","protected":false},"excerpt":{"rendered":"<div class=\"flex flex-col text-sm pb-25\">\n<article class=\"text-token-text-primary w-full focus:outline-none [--shadow-height:45px] has-data-writing-block:pointer-events-none has-data-writing-block:-mt-(--shadow-height) has-data-writing-block:pt-(--shadow-height) [&amp;:has([data-writing-block])&gt;*]:pointer-events-auto scroll-mt-[calc(var(--header-height)+min(200px,max(70px,20svh)))]\" dir=\"auto\" tabindex=\"-1\" data-turn-id=\"request-WEB:981c0a01-6f38-4f1f-9996-29bbd52ecf75-19\" data-testid=\"conversation-turn-40\" data-scroll-anchor=\"true\" data-turn=\"assistant\">\n<div class=\"text-base my-auto mx-auto pb-10 [--thread-content-margin:--spacing(4)] @w-sm\/main:[--thread-content-margin:--spacing(6)] @w-lg\/main:[--thread-content-margin:--spacing(16)] px-(--thread-content-margin)\">\n<div class=\"[--thread-content-max-width:40rem] @w-lg\/main:[--thread-content-max-width:48rem] mx-auto max-w-(--thread-content-max-width) flex-1 group\/turn-messages focus-visible:outline-hidden relative flex w-full min-w-0 flex-col agent-turn\" tabindex=\"-1\">\n<div class=\"flex max-w-full flex-col grow\">\n<div class=\"min-h-8 text-message relative flex w-full flex-col items-end gap-2 text-start break-words whitespace-normal [.text-message+&amp;]:mt-1\" dir=\"auto\" data-message-author-role=\"assistant\" data-message-id=\"ba64b43a-e06d-4d79-9400-561cd38d54a4\" data-message-model-slug=\"gpt-5-mini\">\n<div class=\"flex w-full flex-col gap-1 empty:hidden first:pt-[1px]\">\n<div class=\"markdown prose dark:prose-invert w-full break-words light markdown-new-styling\">\n<p data-start=\"3401\" data-end=\"3524\"><strong data-start=\"3401\" data-end=\"3524\">KONG Puppy Activity Kamuolys \u2013 smagus u\u017epildomas gumos kamuolys, kuris padeda vystytis \u0161uniuko kramtymo \u012fg\u016bd\u017eiams! \ud83d\udc36\ud83c\udfbe<\/strong><\/p>\n<p data-start=\"3526\" data-end=\"3875\">KONG Puppy Activity Kamuolys specialiai sukurtas \u0161uniukams, kad skatint\u0173 tinkam\u0105 kramtymo elges\u012f. Pagamintas i\u0161 unikalios KONG Classic \u0161uniuk\u0173 gumos, \u0161is kamuolys tenkina kramtymo instinkt\u0105 ir tuo pa\u010diu palengvina skausmingus dantis ir dantenas. U\u017epildykite kamuol\u012f gardumynais, kad paskatintum\u0117te \u0161uniuk\u0105 kramtyti ir suteiktum\u0117te papildomo smagumo!<\/p>\n<p data-start=\"3877\" data-end=\"4201\">\ud83d\udd25 <strong data-start=\"3880\" data-end=\"3932\">Kod\u0117l verta rinktis KONG Puppy Activity Kamuol\u012f?<\/strong><br data-start=\"3932\" data-end=\"3935\" \/>\u2714 Skatina tinkam\u0105 kramtymo elges\u012f \u2013 idealu jauniems \u0161unims, besivystant kramtymo \u012fg\u016bd\u017eiams<br data-start=\"4025\" data-end=\"4028\" \/>\u2714 Mal\u0161ina dant\u0173 ir danten\u0173 skausm\u0105 \u2013 speciali guma \u0161velni dantims ir dantenoms<br data-start=\"4106\" data-end=\"4109\" \/>\u2714 U\u017epildomas gardumynais \u2013 palaiko \u0161uniuk\u0105 aktyv\u0173 ir linksminasi su m\u0117gstamais gardumynais<\/p>\n<p data-start=\"4203\" data-end=\"4276\">\ud83c\udfa8 <strong data-start=\"4206\" data-end=\"4218\">Spalvos:<\/strong><br data-start=\"4218\" data-end=\"4221\" \/>\ud83d\udd39 Ro\u017ein\u0117 arba m\u0117lyna (spalva siun\u010diama atsitiktinai)<\/p>\n<p data-start=\"4278\" data-end=\"4329\">\ud83d\udccf <strong data-start=\"4281\" data-end=\"4293\">Dyd\u017eiai:<\/strong><br data-start=\"4293\" data-end=\"4296\" \/>\ud83d\udd39 S \u2013 \u00d8 6 cm<br data-start=\"4309\" data-end=\"4312\" \/>\ud83d\udd39 M \u2013 \u00d8 7,5 cm<\/p>\n<p data-start=\"4331\" data-end=\"4468\" data-is-last-node=\"\" data-is-only-node=\"\">KONG Puppy Activity Kamuolys yra puikus \u017eaislas \u0161uniukui, kad vystyt\u0173 tinkam\u0105 kramtymo elges\u012f ir suteikt\u0173 linksm\u0105, lavinam\u0105 \u017eaidim\u0105! \ud83d\udc3e\ud83d\udc96<\/p>\n<\/div>\n<\/div>\n<\/div>\n<\/div>\n<\/div>\n<\/div>\n<\/article>\n<\/div>\n","protected":false},"featured_media":48814,"template":"","meta":[],"product_brand":[],"product_cat":[541],"product_tag":[],"class_list":{"0":"post-48813","1":"product","2":"type-product","3":"status-publish","4":"has-post-thumbnail","6":"product_cat-zaislai-sunims","8":"first","9":"instock","10":"sale","11":"taxable","12":"shipping-taxable","13":"purchasable","14":"product-type-simple"},"yoast_head":"<!-- This site is optimized with the Yoast SEO plugin v27.4 - https:\/\/yoast.com\/product\/yoast-seo-wordpress\/ -->\n<title>KONG Puppy Activity Kamuolys S - MiuMjau<\/title>\n<meta name=\"robots\" content=\"index, follow, max-snippet:-1, max-image-preview:large, max-video-preview:-1\" \/>\n<link rel=\"canonical\" href=\"https:\/\/miumjau.ee\/lt\/produktas\/kong-puppy-activity-kamuolys-s\/\" \/>\n<meta property=\"og:locale\" content=\"lt_LT\" \/>\n<meta property=\"og:type\" content=\"article\" \/>\n<meta property=\"og:title\" content=\"KONG Puppy Activity Kamuolys S - MiuMjau\" \/>\n<meta property=\"og:description\" content=\"KONG Puppy Activity Kamuolys \u2013 smagus u\u017epildomas gumos kamuolys, kuris padeda vystytis \u0161uniuko kramtymo \u012fg\u016bd\u017eiams! \ud83d\udc36\ud83c\udfbe KONG Puppy Activity Kamuolys specialiai sukurtas \u0161uniukams, kad skatint\u0173 tinkam\u0105 kramtymo elges\u012f. Pagamintas i\u0161 unikalios KONG Classic \u0161uniuk\u0173 gumos, \u0161is kamuolys tenkina kramtymo instinkt\u0105 ir tuo pa\u010diu palengvina skausmingus dantis ir dantenas. U\u017epildykite kamuol\u012f gardumynais, kad paskatintum\u0117te \u0161uniuk\u0105 kramtyti ir suteiktum\u0117te papildomo smagumo! \ud83d\udd25 Kod\u0117l verta rinktis KONG Puppy Activity Kamuol\u012f?\u2714 Skatina tinkam\u0105 kramtymo elges\u012f \u2013 idealu jauniems \u0161unims, besivystant kramtymo \u012fg\u016bd\u017eiams\u2714 Mal\u0161ina dant\u0173 ir danten\u0173 skausm\u0105 \u2013 speciali guma \u0161velni dantims ir dantenoms\u2714 U\u017epildomas gardumynais \u2013 palaiko \u0161uniuk\u0105 aktyv\u0173 ir linksminasi su m\u0117gstamais gardumynais \ud83c\udfa8 Spalvos:\ud83d\udd39 Ro\u017ein\u0117 arba m\u0117lyna (spalva siun\u010diama atsitiktinai) \ud83d\udccf Dyd\u017eiai:\ud83d\udd39 S \u2013 \u00d8 6 cm\ud83d\udd39 M \u2013 \u00d8 7,5 cm KONG Puppy Activity Kamuolys yra puikus \u017eaislas \u0161uniukui, kad vystyt\u0173 tinkam\u0105 kramtymo elges\u012f ir suteikt\u0173 linksm\u0105, lavinam\u0105 \u017eaidim\u0105! \ud83d\udc3e\ud83d\udc96\" \/>\n<meta property=\"og:url\" content=\"https:\/\/miumjau.ee\/lt\/produktas\/kong-puppy-activity-kamuolys-s\/\" \/>\n<meta property=\"og:site_name\" content=\"MiuMjau\" \/>\n<meta property=\"article:publisher\" content=\"https:\/\/www.facebook.com\/miumjaupood\/\" \/>\n<meta property=\"article:modified_time\" content=\"2026-01-07T18:44:41+00:00\" \/>\n<meta property=\"og:image\" content=\"https:\/\/miumjau.ee\/wp-content\/uploads\/2025\/03\/manguasi-koerale-kong26.jpg\" \/>\n\t<meta property=\"og:image:width\" content=\"600\" \/>\n\t<meta property=\"og:image:height\" content=\"800\" \/>\n\t<meta property=\"og:image:type\" content=\"image\/jpeg\" \/>\n<meta name=\"twitter:card\" content=\"summary_large_image\" \/>\n<script type=\"application\/ld+json\" class=\"yoast-schema-graph\">{\"@context\":\"https:\\\/\\\/schema.org\",\"@graph\":[{\"@type\":\"WebPage\",\"@id\":\"https:\\\/\\\/miumjau.ee\\\/lt\\\/produktas\\\/kong-puppy-activity-kamuolys-s\\\/\",\"url\":\"https:\\\/\\\/miumjau.ee\\\/lt\\\/produktas\\\/kong-puppy-activity-kamuolys-s\\\/\",\"name\":\"KONG Puppy Activity Kamuolys S - MiuMjau\",\"isPartOf\":{\"@id\":\"https:\\\/\\\/miumjau.ee\\\/#website\"},\"primaryImageOfPage\":{\"@id\":\"https:\\\/\\\/miumjau.ee\\\/lt\\\/produktas\\\/kong-puppy-activity-kamuolys-s\\\/#primaryimage\"},\"image\":{\"@id\":\"https:\\\/\\\/miumjau.ee\\\/lt\\\/produktas\\\/kong-puppy-activity-kamuolys-s\\\/#primaryimage\"},\"thumbnailUrl\":\"https:\\\/\\\/miumjau.ee\\\/wp-content\\\/uploads\\\/2025\\\/03\\\/manguasi-koerale-kong26.jpg\",\"datePublished\":\"2025-03-05T09:46:03+00:00\",\"dateModified\":\"2026-01-07T18:44:41+00:00\",\"breadcrumb\":{\"@id\":\"https:\\\/\\\/miumjau.ee\\\/lt\\\/produktas\\\/kong-puppy-activity-kamuolys-s\\\/#breadcrumb\"},\"inLanguage\":\"lt-LT\",\"potentialAction\":[{\"@type\":\"ReadAction\",\"target\":[\"https:\\\/\\\/miumjau.ee\\\/lt\\\/produktas\\\/kong-puppy-activity-kamuolys-s\\\/\"]}]},{\"@type\":\"ImageObject\",\"inLanguage\":\"lt-LT\",\"@id\":\"https:\\\/\\\/miumjau.ee\\\/lt\\\/produktas\\\/kong-puppy-activity-kamuolys-s\\\/#primaryimage\",\"url\":\"https:\\\/\\\/miumjau.ee\\\/wp-content\\\/uploads\\\/2025\\\/03\\\/manguasi-koerale-kong26.jpg\",\"contentUrl\":\"https:\\\/\\\/miumjau.ee\\\/wp-content\\\/uploads\\\/2025\\\/03\\\/manguasi-koerale-kong26.jpg\",\"width\":600,\"height\":800},{\"@type\":\"BreadcrumbList\",\"@id\":\"https:\\\/\\\/miumjau.ee\\\/lt\\\/produktas\\\/kong-puppy-activity-kamuolys-s\\\/#breadcrumb\",\"itemListElement\":[{\"@type\":\"ListItem\",\"position\":1,\"name\":\"Home\",\"item\":\"https:\\\/\\\/miumjau.ee\\\/lt\\\/\"},{\"@type\":\"ListItem\",\"position\":2,\"name\":\"Parduotuv\u0117\",\"item\":\"https:\\\/\\\/miumjau.ee\\\/lt\\\/parduotuve\\\/\"},{\"@type\":\"ListItem\",\"position\":3,\"name\":\"KONG Puppy Activity Kamuolys S\"}]},{\"@type\":\"WebSite\",\"@id\":\"https:\\\/\\\/miumjau.ee\\\/#website\",\"url\":\"https:\\\/\\\/miumjau.ee\\\/\",\"name\":\"MiuMjau\",\"description\":\"Kraapimispuud kassidele\",\"publisher\":{\"@id\":\"https:\\\/\\\/miumjau.ee\\\/#organization\"},\"potentialAction\":[{\"@type\":\"SearchAction\",\"target\":{\"@type\":\"EntryPoint\",\"urlTemplate\":\"https:\\\/\\\/miumjau.ee\\\/?s={search_term_string}\"},\"query-input\":{\"@type\":\"PropertyValueSpecification\",\"valueRequired\":true,\"valueName\":\"search_term_string\"}}],\"inLanguage\":\"lt-LT\"},{\"@type\":\"Organization\",\"@id\":\"https:\\\/\\\/miumjau.ee\\\/#organization\",\"name\":\"MiuMjau O\u00dc\",\"url\":\"https:\\\/\\\/miumjau.ee\\\/\",\"logo\":{\"@type\":\"ImageObject\",\"inLanguage\":\"lt-LT\",\"@id\":\"https:\\\/\\\/miumjau.ee\\\/#\\\/schema\\\/logo\\\/image\\\/\",\"url\":\"https:\\\/\\\/miumjau.ee\\\/wp-content\\\/uploads\\\/2022\\\/04\\\/MiuMjau-logo-kollane.png\",\"contentUrl\":\"https:\\\/\\\/miumjau.ee\\\/wp-content\\\/uploads\\\/2022\\\/04\\\/MiuMjau-logo-kollane.png\",\"width\":219,\"height\":100,\"caption\":\"MiuMjau O\u00dc\"},\"image\":{\"@id\":\"https:\\\/\\\/miumjau.ee\\\/#\\\/schema\\\/logo\\\/image\\\/\"},\"sameAs\":[\"https:\\\/\\\/www.facebook.com\\\/miumjaupood\\\/\"]}]}<\/script>\n<!-- \/ Yoast SEO plugin. -->","yoast_head_json":{"title":"KONG Puppy Activity Kamuolys S - MiuMjau","robots":{"index":"index","follow":"follow","max-snippet":"max-snippet:-1","max-image-preview":"max-image-preview:large","max-video-preview":"max-video-preview:-1"},"canonical":"https:\/\/miumjau.ee\/lt\/produktas\/kong-puppy-activity-kamuolys-s\/","og_locale":"lt_LT","og_type":"article","og_title":"KONG Puppy Activity Kamuolys S - MiuMjau","og_description":"KONG Puppy Activity Kamuolys \u2013 smagus u\u017epildomas gumos kamuolys, kuris padeda vystytis \u0161uniuko kramtymo \u012fg\u016bd\u017eiams! \ud83d\udc36\ud83c\udfbe KONG Puppy Activity Kamuolys specialiai sukurtas \u0161uniukams, kad skatint\u0173 tinkam\u0105 kramtymo elges\u012f. Pagamintas i\u0161 unikalios KONG Classic \u0161uniuk\u0173 gumos, \u0161is kamuolys tenkina kramtymo instinkt\u0105 ir tuo pa\u010diu palengvina skausmingus dantis ir dantenas. U\u017epildykite kamuol\u012f gardumynais, kad paskatintum\u0117te \u0161uniuk\u0105 kramtyti ir suteiktum\u0117te papildomo smagumo! \ud83d\udd25 Kod\u0117l verta rinktis KONG Puppy Activity Kamuol\u012f?\u2714 Skatina tinkam\u0105 kramtymo elges\u012f \u2013 idealu jauniems \u0161unims, besivystant kramtymo \u012fg\u016bd\u017eiams\u2714 Mal\u0161ina dant\u0173 ir danten\u0173 skausm\u0105 \u2013 speciali guma \u0161velni dantims ir dantenoms\u2714 U\u017epildomas gardumynais \u2013 palaiko \u0161uniuk\u0105 aktyv\u0173 ir linksminasi su m\u0117gstamais gardumynais \ud83c\udfa8 Spalvos:\ud83d\udd39 Ro\u017ein\u0117 arba m\u0117lyna (spalva siun\u010diama atsitiktinai) \ud83d\udccf Dyd\u017eiai:\ud83d\udd39 S \u2013 \u00d8 6 cm\ud83d\udd39 M \u2013 \u00d8 7,5 cm KONG Puppy Activity Kamuolys yra puikus \u017eaislas \u0161uniukui, kad vystyt\u0173 tinkam\u0105 kramtymo elges\u012f ir suteikt\u0173 linksm\u0105, lavinam\u0105 \u017eaidim\u0105! \ud83d\udc3e\ud83d\udc96","og_url":"https:\/\/miumjau.ee\/lt\/produktas\/kong-puppy-activity-kamuolys-s\/","og_site_name":"MiuMjau","article_publisher":"https:\/\/www.facebook.com\/miumjaupood\/","article_modified_time":"2026-01-07T18:44:41+00:00","og_image":[{"width":600,"height":800,"url":"https:\/\/miumjau.ee\/wp-content\/uploads\/2025\/03\/manguasi-koerale-kong26.jpg","type":"image\/jpeg"}],"twitter_card":"summary_large_image","schema":{"@context":"https:\/\/schema.org","@graph":[{"@type":"WebPage","@id":"https:\/\/miumjau.ee\/lt\/produktas\/kong-puppy-activity-kamuolys-s\/","url":"https:\/\/miumjau.ee\/lt\/produktas\/kong-puppy-activity-kamuolys-s\/","name":"KONG Puppy Activity Kamuolys S - MiuMjau","isPartOf":{"@id":"https:\/\/miumjau.ee\/#website"},"primaryImageOfPage":{"@id":"https:\/\/miumjau.ee\/lt\/produktas\/kong-puppy-activity-kamuolys-s\/#primaryimage"},"image":{"@id":"https:\/\/miumjau.ee\/lt\/produktas\/kong-puppy-activity-kamuolys-s\/#primaryimage"},"thumbnailUrl":"https:\/\/miumjau.ee\/wp-content\/uploads\/2025\/03\/manguasi-koerale-kong26.jpg","datePublished":"2025-03-05T09:46:03+00:00","dateModified":"2026-01-07T18:44:41+00:00","breadcrumb":{"@id":"https:\/\/miumjau.ee\/lt\/produktas\/kong-puppy-activity-kamuolys-s\/#breadcrumb"},"inLanguage":"lt-LT","potentialAction":[{"@type":"ReadAction","target":["https:\/\/miumjau.ee\/lt\/produktas\/kong-puppy-activity-kamuolys-s\/"]}]},{"@type":"ImageObject","inLanguage":"lt-LT","@id":"https:\/\/miumjau.ee\/lt\/produktas\/kong-puppy-activity-kamuolys-s\/#primaryimage","url":"https:\/\/miumjau.ee\/wp-content\/uploads\/2025\/03\/manguasi-koerale-kong26.jpg","contentUrl":"https:\/\/miumjau.ee\/wp-content\/uploads\/2025\/03\/manguasi-koerale-kong26.jpg","width":600,"height":800},{"@type":"BreadcrumbList","@id":"https:\/\/miumjau.ee\/lt\/produktas\/kong-puppy-activity-kamuolys-s\/#breadcrumb","itemListElement":[{"@type":"ListItem","position":1,"name":"Home","item":"https:\/\/miumjau.ee\/lt\/"},{"@type":"ListItem","position":2,"name":"Parduotuv\u0117","item":"https:\/\/miumjau.ee\/lt\/parduotuve\/"},{"@type":"ListItem","position":3,"name":"KONG Puppy Activity Kamuolys S"}]},{"@type":"WebSite","@id":"https:\/\/miumjau.ee\/#website","url":"https:\/\/miumjau.ee\/","name":"MiuMjau","description":"Kraapimispuud kassidele","publisher":{"@id":"https:\/\/miumjau.ee\/#organization"},"potentialAction":[{"@type":"SearchAction","target":{"@type":"EntryPoint","urlTemplate":"https:\/\/miumjau.ee\/?s={search_term_string}"},"query-input":{"@type":"PropertyValueSpecification","valueRequired":true,"valueName":"search_term_string"}}],"inLanguage":"lt-LT"},{"@type":"Organization","@id":"https:\/\/miumjau.ee\/#organization","name":"MiuMjau O\u00dc","url":"https:\/\/miumjau.ee\/","logo":{"@type":"ImageObject","inLanguage":"lt-LT","@id":"https:\/\/miumjau.ee\/#\/schema\/logo\/image\/","url":"https:\/\/miumjau.ee\/wp-content\/uploads\/2022\/04\/MiuMjau-logo-kollane.png","contentUrl":"https:\/\/miumjau.ee\/wp-content\/uploads\/2022\/04\/MiuMjau-logo-kollane.png","width":219,"height":100,"caption":"MiuMjau O\u00dc"},"image":{"@id":"https:\/\/miumjau.ee\/#\/schema\/logo\/image\/"},"sameAs":["https:\/\/www.facebook.com\/miumjaupood\/"]}]}},"_links":{"self":[{"href":"https:\/\/miumjau.ee\/lt\/wp-json\/wp\/v2\/product\/48813","targetHints":{"allow":["GET"]}}],"collection":[{"href":"https:\/\/miumjau.ee\/lt\/wp-json\/wp\/v2\/product"}],"about":[{"href":"https:\/\/miumjau.ee\/lt\/wp-json\/wp\/v2\/types\/product"}],"wp:featuredmedia":[{"embeddable":true,"href":"https:\/\/miumjau.ee\/lt\/wp-json\/wp\/v2\/media\/48814"}],"wp:attachment":[{"href":"https:\/\/miumjau.ee\/lt\/wp-json\/wp\/v2\/media?parent=48813"}],"wp:term":[{"taxonomy":"product_brand","embeddable":true,"href":"https:\/\/miumjau.ee\/lt\/wp-json\/wp\/v2\/product_brand?post=48813"},{"taxonomy":"product_cat","embeddable":true,"href":"https:\/\/miumjau.ee\/lt\/wp-json\/wp\/v2\/product_cat?post=48813"},{"taxonomy":"product_tag","embeddable":true,"href":"https:\/\/miumjau.ee\/lt\/wp-json\/wp\/v2\/product_tag?post=48813"}],"curies":[{"name":"wp","href":"https:\/\/api.w.org\/{rel}","templated":true}]}}