{"id":48804,"date":"2025-03-05T11:51:06","date_gmt":"2025-03-05T09:51:06","guid":{"rendered":"https:\/\/miumjau.ee\/toode\/kong-squeezz-goomz-kamuolys-xl\/"},"modified":"2026-01-07T20:44:41","modified_gmt":"2026-01-07T18:44:41","slug":"kong-squeezz-goomz-kamuolys-xl","status":"publish","type":"product","link":"https:\/\/miumjau.ee\/lt\/produktas\/kong-squeezz-goomz-kamuolys-xl\/","title":{"rendered":"KONG Squeezz\u00ae Goomz Kamuolys XL"},"content":{"rendered":"","protected":false},"excerpt":{"rendered":"<p data-start=\"3044\" data-end=\"3140\"><strong data-start=\"3044\" data-end=\"3140\">KONG Squeezz Goomz Kamuolys \u2013 kamuolys, padedantis valyti dantis ir masa\u017euoti dantenas! \ud83d\udc36\ud83e\uddb7<\/strong><\/p>\n<p data-start=\"3142\" data-end=\"3471\">KONG Squeezz Goomz Kamuolys yra puikus \u017eaislas, padedantis palaikyti j\u016bs\u0173 \u0161uns dantis \u0161varius ir dantenas sveikas. Kamuolio gumbai masa\u017euoja dantenas ir padeda valyti dantis, o patvari med\u017eiaga ir \u012fvair\u016bs pavir\u0161iai u\u017etikrina begalin\u012f \u017eaidimo malonum\u0105. Kamuolyje taip pat yra \u010diulbantis elementas, kad \u017eaidimas b\u016bt\u0173 dar smagesnis!<\/p>\n<p data-start=\"3473\" data-end=\"3820\">\ud83d\udd25 <strong data-start=\"3476\" data-end=\"3527\">Kod\u0117l verta rinktis KONG Squeezz Goomz Kamuol\u012f?<\/strong><br data-start=\"3527\" data-end=\"3530\" \/>\u2714 Masa\u017euoja dantenas ir valo dantis \u2013 gumbai padeda gerinti burnos higien\u0105<br data-start=\"3604\" data-end=\"3607\" \/>\u2714 Patvari med\u017eiaga \u2013 \u012fvair\u016bs pavir\u0161iai suteikia ilgalaik\u012f malonum\u0105<br data-start=\"3673\" data-end=\"3676\" \/>\u2714 \u010ciulbantis elementas \u2013 prideda papildomo d\u017eiaugsmo ir stimuliuoja \u0161un\u012f<br data-start=\"3748\" data-end=\"3751\" \/>\u2714 Tenkina kramtymo instinkt\u0105 \u2013 idealu \u0161unims, m\u0117gstantiems kramtyti<\/p>\n<p data-start=\"3822\" data-end=\"3870\">\ud83d\udccf <strong data-start=\"3825\" data-end=\"3837\">Dyd\u017eiai:<\/strong><br data-start=\"3837\" data-end=\"3840\" \/>\ud83d\udd39 M \u2013 6,5 cm<br data-start=\"3853\" data-end=\"3856\" \/>\ud83d\udd39 XL \u2013 9 cm<\/p>\n<p data-start=\"3872\" data-end=\"4004\" data-is-last-node=\"\" data-is-only-node=\"\">KONG Squeezz Goomz Kamuolys yra puikus pasirinkimas palaikyti j\u016bs\u0173 \u0161uns dant\u0173 sveikat\u0105 ir suteikti smag\u0173 bei lavinant\u012f \u017eaidim\u0105! \ud83d\udc3e\ud83d\udc9a<\/p>\n","protected":false},"featured_media":48801,"template":"","meta":[],"product_brand":[],"product_cat":[541],"product_tag":[],"class_list":{"0":"post-48804","1":"product","2":"type-product","3":"status-publish","4":"has-post-thumbnail","6":"product_cat-zaislai-sunims","8":"first","9":"instock","10":"taxable","11":"shipping-taxable","12":"purchasable","13":"product-type-simple"},"yoast_head":"<!-- This site is optimized with the Yoast SEO plugin v27.2 - https:\/\/yoast.com\/product\/yoast-seo-wordpress\/ -->\n<title>KONG Squeezz\u00ae Goomz Kamuolys XL - MiuMjau<\/title>\n<meta name=\"robots\" content=\"index, follow, max-snippet:-1, max-image-preview:large, max-video-preview:-1\" \/>\n<link rel=\"canonical\" href=\"https:\/\/miumjau.ee\/lt\/produktas\/kong-squeezz-goomz-kamuolys-xl\/\" \/>\n<meta property=\"og:locale\" content=\"lt_LT\" \/>\n<meta property=\"og:type\" content=\"article\" \/>\n<meta property=\"og:title\" content=\"KONG Squeezz\u00ae Goomz Kamuolys XL - MiuMjau\" \/>\n<meta property=\"og:description\" content=\"KONG Squeezz Goomz Kamuolys \u2013 kamuolys, padedantis valyti dantis ir masa\u017euoti dantenas! \ud83d\udc36\ud83e\uddb7 KONG Squeezz Goomz Kamuolys yra puikus \u017eaislas, padedantis palaikyti j\u016bs\u0173 \u0161uns dantis \u0161varius ir dantenas sveikas. Kamuolio gumbai masa\u017euoja dantenas ir padeda valyti dantis, o patvari med\u017eiaga ir \u012fvair\u016bs pavir\u0161iai u\u017etikrina begalin\u012f \u017eaidimo malonum\u0105. Kamuolyje taip pat yra \u010diulbantis elementas, kad \u017eaidimas b\u016bt\u0173 dar smagesnis! \ud83d\udd25 Kod\u0117l verta rinktis KONG Squeezz Goomz Kamuol\u012f?\u2714 Masa\u017euoja dantenas ir valo dantis \u2013 gumbai padeda gerinti burnos higien\u0105\u2714 Patvari med\u017eiaga \u2013 \u012fvair\u016bs pavir\u0161iai suteikia ilgalaik\u012f malonum\u0105\u2714 \u010ciulbantis elementas \u2013 prideda papildomo d\u017eiaugsmo ir stimuliuoja \u0161un\u012f\u2714 Tenkina kramtymo instinkt\u0105 \u2013 idealu \u0161unims, m\u0117gstantiems kramtyti \ud83d\udccf Dyd\u017eiai:\ud83d\udd39 M \u2013 6,5 cm\ud83d\udd39 XL \u2013 9 cm KONG Squeezz Goomz Kamuolys yra puikus pasirinkimas palaikyti j\u016bs\u0173 \u0161uns dant\u0173 sveikat\u0105 ir suteikti smag\u0173 bei lavinant\u012f \u017eaidim\u0105! \ud83d\udc3e\ud83d\udc9a\" \/>\n<meta property=\"og:url\" content=\"https:\/\/miumjau.ee\/lt\/produktas\/kong-squeezz-goomz-kamuolys-xl\/\" \/>\n<meta property=\"og:site_name\" content=\"MiuMjau\" \/>\n<meta property=\"article:publisher\" content=\"https:\/\/www.facebook.com\/miumjaupood\/\" \/>\n<meta property=\"article:modified_time\" content=\"2026-01-07T18:44:41+00:00\" \/>\n<meta property=\"og:image\" content=\"https:\/\/miumjau.ee\/wp-content\/uploads\/2025\/03\/manguasi-koerale-kong28.jpg\" \/>\n\t<meta property=\"og:image:width\" content=\"600\" \/>\n\t<meta property=\"og:image:height\" content=\"800\" \/>\n\t<meta property=\"og:image:type\" content=\"image\/jpeg\" \/>\n<meta name=\"twitter:card\" content=\"summary_large_image\" \/>\n<script type=\"application\/ld+json\" class=\"yoast-schema-graph\">{\"@context\":\"https:\/\/schema.org\",\"@graph\":[{\"@type\":\"WebPage\",\"@id\":\"https:\/\/miumjau.ee\/lt\/produktas\/kong-squeezz-goomz-kamuolys-xl\/\",\"url\":\"https:\/\/miumjau.ee\/lt\/produktas\/kong-squeezz-goomz-kamuolys-xl\/\",\"name\":\"KONG Squeezz\u00ae Goomz Kamuolys XL - MiuMjau\",\"isPartOf\":{\"@id\":\"https:\/\/miumjau.ee\/#website\"},\"primaryImageOfPage\":{\"@id\":\"https:\/\/miumjau.ee\/lt\/produktas\/kong-squeezz-goomz-kamuolys-xl\/#primaryimage\"},\"image\":{\"@id\":\"https:\/\/miumjau.ee\/lt\/produktas\/kong-squeezz-goomz-kamuolys-xl\/#primaryimage\"},\"thumbnailUrl\":\"https:\/\/miumjau.ee\/wp-content\/uploads\/2025\/03\/manguasi-koerale-kong28.jpg\",\"datePublished\":\"2025-03-05T09:51:06+00:00\",\"dateModified\":\"2026-01-07T18:44:41+00:00\",\"breadcrumb\":{\"@id\":\"https:\/\/miumjau.ee\/lt\/produktas\/kong-squeezz-goomz-kamuolys-xl\/#breadcrumb\"},\"inLanguage\":\"lt-LT\",\"potentialAction\":[{\"@type\":\"ReadAction\",\"target\":[\"https:\/\/miumjau.ee\/lt\/produktas\/kong-squeezz-goomz-kamuolys-xl\/\"]}]},{\"@type\":\"ImageObject\",\"inLanguage\":\"lt-LT\",\"@id\":\"https:\/\/miumjau.ee\/lt\/produktas\/kong-squeezz-goomz-kamuolys-xl\/#primaryimage\",\"url\":\"https:\/\/miumjau.ee\/wp-content\/uploads\/2025\/03\/manguasi-koerale-kong28.jpg\",\"contentUrl\":\"https:\/\/miumjau.ee\/wp-content\/uploads\/2025\/03\/manguasi-koerale-kong28.jpg\",\"width\":600,\"height\":800},{\"@type\":\"BreadcrumbList\",\"@id\":\"https:\/\/miumjau.ee\/lt\/produktas\/kong-squeezz-goomz-kamuolys-xl\/#breadcrumb\",\"itemListElement\":[{\"@type\":\"ListItem\",\"position\":1,\"name\":\"Home\",\"item\":\"https:\/\/miumjau.ee\/lt\/\"},{\"@type\":\"ListItem\",\"position\":2,\"name\":\"Parduotuv\u0117\",\"item\":\"https:\/\/miumjau.ee\/lt\/parduotuve\/\"},{\"@type\":\"ListItem\",\"position\":3,\"name\":\"KONG Squeezz\u00ae Goomz Kamuolys XL\"}]},{\"@type\":\"WebSite\",\"@id\":\"https:\/\/miumjau.ee\/#website\",\"url\":\"https:\/\/miumjau.ee\/\",\"name\":\"MiuMjau\",\"description\":\"Kraapimispuud kassidele\",\"publisher\":{\"@id\":\"https:\/\/miumjau.ee\/#organization\"},\"potentialAction\":[{\"@type\":\"SearchAction\",\"target\":{\"@type\":\"EntryPoint\",\"urlTemplate\":\"https:\/\/miumjau.ee\/?s={search_term_string}\"},\"query-input\":{\"@type\":\"PropertyValueSpecification\",\"valueRequired\":true,\"valueName\":\"search_term_string\"}}],\"inLanguage\":\"lt-LT\"},{\"@type\":\"Organization\",\"@id\":\"https:\/\/miumjau.ee\/#organization\",\"name\":\"MiuMjau O\u00dc\",\"url\":\"https:\/\/miumjau.ee\/\",\"logo\":{\"@type\":\"ImageObject\",\"inLanguage\":\"lt-LT\",\"@id\":\"https:\/\/miumjau.ee\/#\/schema\/logo\/image\/\",\"url\":\"https:\/\/miumjau.ee\/wp-content\/uploads\/2022\/04\/MiuMjau-logo-kollane.png\",\"contentUrl\":\"https:\/\/miumjau.ee\/wp-content\/uploads\/2022\/04\/MiuMjau-logo-kollane.png\",\"width\":219,\"height\":100,\"caption\":\"MiuMjau O\u00dc\"},\"image\":{\"@id\":\"https:\/\/miumjau.ee\/#\/schema\/logo\/image\/\"},\"sameAs\":[\"https:\/\/www.facebook.com\/miumjaupood\/\"]}]}<\/script>\n<!-- \/ Yoast SEO plugin. -->","yoast_head_json":{"title":"KONG Squeezz\u00ae Goomz Kamuolys XL - MiuMjau","robots":{"index":"index","follow":"follow","max-snippet":"max-snippet:-1","max-image-preview":"max-image-preview:large","max-video-preview":"max-video-preview:-1"},"canonical":"https:\/\/miumjau.ee\/lt\/produktas\/kong-squeezz-goomz-kamuolys-xl\/","og_locale":"lt_LT","og_type":"article","og_title":"KONG Squeezz\u00ae Goomz Kamuolys XL - MiuMjau","og_description":"KONG Squeezz Goomz Kamuolys \u2013 kamuolys, padedantis valyti dantis ir masa\u017euoti dantenas! \ud83d\udc36\ud83e\uddb7 KONG Squeezz Goomz Kamuolys yra puikus \u017eaislas, padedantis palaikyti j\u016bs\u0173 \u0161uns dantis \u0161varius ir dantenas sveikas. Kamuolio gumbai masa\u017euoja dantenas ir padeda valyti dantis, o patvari med\u017eiaga ir \u012fvair\u016bs pavir\u0161iai u\u017etikrina begalin\u012f \u017eaidimo malonum\u0105. Kamuolyje taip pat yra \u010diulbantis elementas, kad \u017eaidimas b\u016bt\u0173 dar smagesnis! \ud83d\udd25 Kod\u0117l verta rinktis KONG Squeezz Goomz Kamuol\u012f?\u2714 Masa\u017euoja dantenas ir valo dantis \u2013 gumbai padeda gerinti burnos higien\u0105\u2714 Patvari med\u017eiaga \u2013 \u012fvair\u016bs pavir\u0161iai suteikia ilgalaik\u012f malonum\u0105\u2714 \u010ciulbantis elementas \u2013 prideda papildomo d\u017eiaugsmo ir stimuliuoja \u0161un\u012f\u2714 Tenkina kramtymo instinkt\u0105 \u2013 idealu \u0161unims, m\u0117gstantiems kramtyti \ud83d\udccf Dyd\u017eiai:\ud83d\udd39 M \u2013 6,5 cm\ud83d\udd39 XL \u2013 9 cm KONG Squeezz Goomz Kamuolys yra puikus pasirinkimas palaikyti j\u016bs\u0173 \u0161uns dant\u0173 sveikat\u0105 ir suteikti smag\u0173 bei lavinant\u012f \u017eaidim\u0105! \ud83d\udc3e\ud83d\udc9a","og_url":"https:\/\/miumjau.ee\/lt\/produktas\/kong-squeezz-goomz-kamuolys-xl\/","og_site_name":"MiuMjau","article_publisher":"https:\/\/www.facebook.com\/miumjaupood\/","article_modified_time":"2026-01-07T18:44:41+00:00","og_image":[{"width":600,"height":800,"url":"https:\/\/miumjau.ee\/wp-content\/uploads\/2025\/03\/manguasi-koerale-kong28.jpg","type":"image\/jpeg"}],"twitter_card":"summary_large_image","schema":{"@context":"https:\/\/schema.org","@graph":[{"@type":"WebPage","@id":"https:\/\/miumjau.ee\/lt\/produktas\/kong-squeezz-goomz-kamuolys-xl\/","url":"https:\/\/miumjau.ee\/lt\/produktas\/kong-squeezz-goomz-kamuolys-xl\/","name":"KONG Squeezz\u00ae Goomz Kamuolys XL - MiuMjau","isPartOf":{"@id":"https:\/\/miumjau.ee\/#website"},"primaryImageOfPage":{"@id":"https:\/\/miumjau.ee\/lt\/produktas\/kong-squeezz-goomz-kamuolys-xl\/#primaryimage"},"image":{"@id":"https:\/\/miumjau.ee\/lt\/produktas\/kong-squeezz-goomz-kamuolys-xl\/#primaryimage"},"thumbnailUrl":"https:\/\/miumjau.ee\/wp-content\/uploads\/2025\/03\/manguasi-koerale-kong28.jpg","datePublished":"2025-03-05T09:51:06+00:00","dateModified":"2026-01-07T18:44:41+00:00","breadcrumb":{"@id":"https:\/\/miumjau.ee\/lt\/produktas\/kong-squeezz-goomz-kamuolys-xl\/#breadcrumb"},"inLanguage":"lt-LT","potentialAction":[{"@type":"ReadAction","target":["https:\/\/miumjau.ee\/lt\/produktas\/kong-squeezz-goomz-kamuolys-xl\/"]}]},{"@type":"ImageObject","inLanguage":"lt-LT","@id":"https:\/\/miumjau.ee\/lt\/produktas\/kong-squeezz-goomz-kamuolys-xl\/#primaryimage","url":"https:\/\/miumjau.ee\/wp-content\/uploads\/2025\/03\/manguasi-koerale-kong28.jpg","contentUrl":"https:\/\/miumjau.ee\/wp-content\/uploads\/2025\/03\/manguasi-koerale-kong28.jpg","width":600,"height":800},{"@type":"BreadcrumbList","@id":"https:\/\/miumjau.ee\/lt\/produktas\/kong-squeezz-goomz-kamuolys-xl\/#breadcrumb","itemListElement":[{"@type":"ListItem","position":1,"name":"Home","item":"https:\/\/miumjau.ee\/lt\/"},{"@type":"ListItem","position":2,"name":"Parduotuv\u0117","item":"https:\/\/miumjau.ee\/lt\/parduotuve\/"},{"@type":"ListItem","position":3,"name":"KONG Squeezz\u00ae Goomz Kamuolys XL"}]},{"@type":"WebSite","@id":"https:\/\/miumjau.ee\/#website","url":"https:\/\/miumjau.ee\/","name":"MiuMjau","description":"Kraapimispuud kassidele","publisher":{"@id":"https:\/\/miumjau.ee\/#organization"},"potentialAction":[{"@type":"SearchAction","target":{"@type":"EntryPoint","urlTemplate":"https:\/\/miumjau.ee\/?s={search_term_string}"},"query-input":{"@type":"PropertyValueSpecification","valueRequired":true,"valueName":"search_term_string"}}],"inLanguage":"lt-LT"},{"@type":"Organization","@id":"https:\/\/miumjau.ee\/#organization","name":"MiuMjau O\u00dc","url":"https:\/\/miumjau.ee\/","logo":{"@type":"ImageObject","inLanguage":"lt-LT","@id":"https:\/\/miumjau.ee\/#\/schema\/logo\/image\/","url":"https:\/\/miumjau.ee\/wp-content\/uploads\/2022\/04\/MiuMjau-logo-kollane.png","contentUrl":"https:\/\/miumjau.ee\/wp-content\/uploads\/2022\/04\/MiuMjau-logo-kollane.png","width":219,"height":100,"caption":"MiuMjau O\u00dc"},"image":{"@id":"https:\/\/miumjau.ee\/#\/schema\/logo\/image\/"},"sameAs":["https:\/\/www.facebook.com\/miumjaupood\/"]}]}},"_links":{"self":[{"href":"https:\/\/miumjau.ee\/lt\/wp-json\/wp\/v2\/product\/48804","targetHints":{"allow":["GET"]}}],"collection":[{"href":"https:\/\/miumjau.ee\/lt\/wp-json\/wp\/v2\/product"}],"about":[{"href":"https:\/\/miumjau.ee\/lt\/wp-json\/wp\/v2\/types\/product"}],"wp:featuredmedia":[{"embeddable":true,"href":"https:\/\/miumjau.ee\/lt\/wp-json\/wp\/v2\/media\/48801"}],"wp:attachment":[{"href":"https:\/\/miumjau.ee\/lt\/wp-json\/wp\/v2\/media?parent=48804"}],"wp:term":[{"taxonomy":"product_brand","embeddable":true,"href":"https:\/\/miumjau.ee\/lt\/wp-json\/wp\/v2\/product_brand?post=48804"},{"taxonomy":"product_cat","embeddable":true,"href":"https:\/\/miumjau.ee\/lt\/wp-json\/wp\/v2\/product_cat?post=48804"},{"taxonomy":"product_tag","embeddable":true,"href":"https:\/\/miumjau.ee\/lt\/wp-json\/wp\/v2\/product_tag?post=48804"}],"curies":[{"name":"wp","href":"https:\/\/api.w.org\/{rel}","templated":true}]}}