{"id":48788,"date":"2025-03-05T11:54:31","date_gmt":"2025-03-05T09:54:31","guid":{"rendered":"https:\/\/miumjau.ee\/toode\/kong-signature-crunch-virve-double-puppy-m-l\/"},"modified":"2026-01-07T20:44:41","modified_gmt":"2026-01-07T18:44:41","slug":"kong-signature-crunch-virve-double-puppy-m-l","status":"publish","type":"product","link":"https:\/\/miumjau.ee\/lt\/produktas\/kong-signature-crunch-virve-double-puppy-m-l\/","title":{"rendered":"KONG Signature Crunch Virv\u0117 Double Puppy (M\/L)"},"content":{"rendered":"","protected":false},"excerpt":{"rendered":"<p data-start=\"3210\" data-end=\"3267\"><strong data-start=\"3210\" data-end=\"3267\">KONG Signature Crunch \u2013 tra\u0161k\u0117k, trauk ir \u017eaisk! \ud83d\udc3e\ud83c\udf89<\/strong><\/p>\n<p data-start=\"3269\" data-end=\"3710\">KONG Signature Crunch suteikia j\u016bs\u0173 \u0161uniui begal\u0119 smagi\u0173 ir tra\u0161kesio kupin\u0173 \u017eaidim\u0173! Unikalus tra\u0161kesio garsas skatina \u0161un\u012f \u017eaisti ir palaiko traukym\u0105, metim\u0105 bei kratym\u0105, patenkinant nat\u016bralius instinktus. 12 coli\u0173 ilgio \u017eaislas daro nat\u016bral\u0173 kratym\u0105 ypa\u010d smagiu, o klasikinis kojininis dangalas tempiasi ir suteikia ilgalaik\u012f malonum\u0105. Dar daugiau smagumo: kamuolys puikiai tinka net dviems \u0161unims \u017eaisti traukimo ir komandinius \u017eaidimus!<\/p>\n<p data-start=\"3712\" data-end=\"4036\">\ud83d\udd25 <strong data-start=\"3715\" data-end=\"3761\">Kod\u0117l verta rinktis KONG Signature Crunch?<\/strong><br data-start=\"3761\" data-end=\"3764\" \/>\u2714 Patenkina nat\u016bralius instinktus \u2013 tra\u0161kus garsas skatina \u017eaisti ir teikia pasitenkinim\u0105<br data-start=\"3853\" data-end=\"3856\" \/>\u2714 Tampr\u016bs kojininio tipo dangalas \u2013 u\u017etikrina ilgalaik\u012f malonum\u0105 ir prat\u0119st\u0105 \u017eaidim\u0105<br data-start=\"3940\" data-end=\"3943\" \/>\u2714 Papildo traukimo \u017eaidimus \u2013 mazgai padeda ilginti traukimo laik\u0105 ir daro \u017eaidim\u0105 \u012fdomesn\u012f<\/p>\n<p data-start=\"4038\" data-end=\"4141\" data-is-last-node=\"\" data-is-only-node=\"\">KONG Signature Crunch yra tobulas \u017eaislas patenkinti \u0161uns instinktus ir suteikti begalin\u0119 pramog\u0105! \ud83d\udc36\ud83c\udfbe<\/p>\n","protected":false},"featured_media":48789,"template":"","meta":[],"product_brand":[],"product_cat":[541],"product_tag":[],"class_list":{"0":"post-48788","1":"product","2":"type-product","3":"status-publish","4":"has-post-thumbnail","6":"product_cat-zaislai-sunims","8":"first","9":"instock","10":"taxable","11":"shipping-taxable","12":"purchasable","13":"product-type-simple"},"yoast_head":"<!-- This site is optimized with the Yoast SEO plugin v27.2 - https:\/\/yoast.com\/product\/yoast-seo-wordpress\/ -->\n<title>KONG Signature Crunch Virv\u0117 Double Puppy (M\/L) - MiuMjau<\/title>\n<meta name=\"robots\" content=\"index, follow, max-snippet:-1, max-image-preview:large, max-video-preview:-1\" \/>\n<link rel=\"canonical\" href=\"https:\/\/miumjau.ee\/lt\/produktas\/kong-signature-crunch-virve-double-puppy-m-l\/\" \/>\n<meta property=\"og:locale\" content=\"lt_LT\" \/>\n<meta property=\"og:type\" content=\"article\" \/>\n<meta property=\"og:title\" content=\"KONG Signature Crunch Virv\u0117 Double Puppy (M\/L) - MiuMjau\" \/>\n<meta property=\"og:description\" content=\"KONG Signature Crunch \u2013 tra\u0161k\u0117k, trauk ir \u017eaisk! \ud83d\udc3e\ud83c\udf89 KONG Signature Crunch suteikia j\u016bs\u0173 \u0161uniui begal\u0119 smagi\u0173 ir tra\u0161kesio kupin\u0173 \u017eaidim\u0173! Unikalus tra\u0161kesio garsas skatina \u0161un\u012f \u017eaisti ir palaiko traukym\u0105, metim\u0105 bei kratym\u0105, patenkinant nat\u016bralius instinktus. 12 coli\u0173 ilgio \u017eaislas daro nat\u016bral\u0173 kratym\u0105 ypa\u010d smagiu, o klasikinis kojininis dangalas tempiasi ir suteikia ilgalaik\u012f malonum\u0105. Dar daugiau smagumo: kamuolys puikiai tinka net dviems \u0161unims \u017eaisti traukimo ir komandinius \u017eaidimus! \ud83d\udd25 Kod\u0117l verta rinktis KONG Signature Crunch?\u2714 Patenkina nat\u016bralius instinktus \u2013 tra\u0161kus garsas skatina \u017eaisti ir teikia pasitenkinim\u0105\u2714 Tampr\u016bs kojininio tipo dangalas \u2013 u\u017etikrina ilgalaik\u012f malonum\u0105 ir prat\u0119st\u0105 \u017eaidim\u0105\u2714 Papildo traukimo \u017eaidimus \u2013 mazgai padeda ilginti traukimo laik\u0105 ir daro \u017eaidim\u0105 \u012fdomesn\u012f KONG Signature Crunch yra tobulas \u017eaislas patenkinti \u0161uns instinktus ir suteikti begalin\u0119 pramog\u0105! \ud83d\udc36\ud83c\udfbe\" \/>\n<meta property=\"og:url\" content=\"https:\/\/miumjau.ee\/lt\/produktas\/kong-signature-crunch-virve-double-puppy-m-l\/\" \/>\n<meta property=\"og:site_name\" content=\"MiuMjau\" \/>\n<meta property=\"article:publisher\" content=\"https:\/\/www.facebook.com\/miumjaupood\/\" \/>\n<meta property=\"article:modified_time\" content=\"2026-01-07T18:44:41+00:00\" \/>\n<meta property=\"og:image\" content=\"https:\/\/miumjau.ee\/wp-content\/uploads\/2025\/03\/manguasi-koerale-kong32.jpg\" \/>\n\t<meta property=\"og:image:width\" content=\"600\" \/>\n\t<meta property=\"og:image:height\" content=\"800\" \/>\n\t<meta property=\"og:image:type\" content=\"image\/jpeg\" \/>\n<meta name=\"twitter:card\" content=\"summary_large_image\" \/>\n<script type=\"application\/ld+json\" class=\"yoast-schema-graph\">{\"@context\":\"https:\/\/schema.org\",\"@graph\":[{\"@type\":\"WebPage\",\"@id\":\"https:\/\/miumjau.ee\/lt\/produktas\/kong-signature-crunch-virve-double-puppy-m-l\/\",\"url\":\"https:\/\/miumjau.ee\/lt\/produktas\/kong-signature-crunch-virve-double-puppy-m-l\/\",\"name\":\"KONG Signature Crunch Virv\u0117 Double Puppy (M\/L) - MiuMjau\",\"isPartOf\":{\"@id\":\"https:\/\/miumjau.ee\/#website\"},\"primaryImageOfPage\":{\"@id\":\"https:\/\/miumjau.ee\/lt\/produktas\/kong-signature-crunch-virve-double-puppy-m-l\/#primaryimage\"},\"image\":{\"@id\":\"https:\/\/miumjau.ee\/lt\/produktas\/kong-signature-crunch-virve-double-puppy-m-l\/#primaryimage\"},\"thumbnailUrl\":\"https:\/\/miumjau.ee\/wp-content\/uploads\/2025\/03\/manguasi-koerale-kong32.jpg\",\"datePublished\":\"2025-03-05T09:54:31+00:00\",\"dateModified\":\"2026-01-07T18:44:41+00:00\",\"breadcrumb\":{\"@id\":\"https:\/\/miumjau.ee\/lt\/produktas\/kong-signature-crunch-virve-double-puppy-m-l\/#breadcrumb\"},\"inLanguage\":\"lt-LT\",\"potentialAction\":[{\"@type\":\"ReadAction\",\"target\":[\"https:\/\/miumjau.ee\/lt\/produktas\/kong-signature-crunch-virve-double-puppy-m-l\/\"]}]},{\"@type\":\"ImageObject\",\"inLanguage\":\"lt-LT\",\"@id\":\"https:\/\/miumjau.ee\/lt\/produktas\/kong-signature-crunch-virve-double-puppy-m-l\/#primaryimage\",\"url\":\"https:\/\/miumjau.ee\/wp-content\/uploads\/2025\/03\/manguasi-koerale-kong32.jpg\",\"contentUrl\":\"https:\/\/miumjau.ee\/wp-content\/uploads\/2025\/03\/manguasi-koerale-kong32.jpg\",\"width\":600,\"height\":800},{\"@type\":\"BreadcrumbList\",\"@id\":\"https:\/\/miumjau.ee\/lt\/produktas\/kong-signature-crunch-virve-double-puppy-m-l\/#breadcrumb\",\"itemListElement\":[{\"@type\":\"ListItem\",\"position\":1,\"name\":\"Home\",\"item\":\"https:\/\/miumjau.ee\/lt\/\"},{\"@type\":\"ListItem\",\"position\":2,\"name\":\"Parduotuv\u0117\",\"item\":\"https:\/\/miumjau.ee\/lt\/parduotuve\/\"},{\"@type\":\"ListItem\",\"position\":3,\"name\":\"KONG Signature Crunch Virv\u0117 Double Puppy (M\/L)\"}]},{\"@type\":\"WebSite\",\"@id\":\"https:\/\/miumjau.ee\/#website\",\"url\":\"https:\/\/miumjau.ee\/\",\"name\":\"MiuMjau\",\"description\":\"Kraapimispuud kassidele\",\"publisher\":{\"@id\":\"https:\/\/miumjau.ee\/#organization\"},\"potentialAction\":[{\"@type\":\"SearchAction\",\"target\":{\"@type\":\"EntryPoint\",\"urlTemplate\":\"https:\/\/miumjau.ee\/?s={search_term_string}\"},\"query-input\":{\"@type\":\"PropertyValueSpecification\",\"valueRequired\":true,\"valueName\":\"search_term_string\"}}],\"inLanguage\":\"lt-LT\"},{\"@type\":\"Organization\",\"@id\":\"https:\/\/miumjau.ee\/#organization\",\"name\":\"MiuMjau O\u00dc\",\"url\":\"https:\/\/miumjau.ee\/\",\"logo\":{\"@type\":\"ImageObject\",\"inLanguage\":\"lt-LT\",\"@id\":\"https:\/\/miumjau.ee\/#\/schema\/logo\/image\/\",\"url\":\"https:\/\/miumjau.ee\/wp-content\/uploads\/2022\/04\/MiuMjau-logo-kollane.png\",\"contentUrl\":\"https:\/\/miumjau.ee\/wp-content\/uploads\/2022\/04\/MiuMjau-logo-kollane.png\",\"width\":219,\"height\":100,\"caption\":\"MiuMjau O\u00dc\"},\"image\":{\"@id\":\"https:\/\/miumjau.ee\/#\/schema\/logo\/image\/\"},\"sameAs\":[\"https:\/\/www.facebook.com\/miumjaupood\/\"]}]}<\/script>\n<!-- \/ Yoast SEO plugin. -->","yoast_head_json":{"title":"KONG Signature Crunch Virv\u0117 Double Puppy (M\/L) - MiuMjau","robots":{"index":"index","follow":"follow","max-snippet":"max-snippet:-1","max-image-preview":"max-image-preview:large","max-video-preview":"max-video-preview:-1"},"canonical":"https:\/\/miumjau.ee\/lt\/produktas\/kong-signature-crunch-virve-double-puppy-m-l\/","og_locale":"lt_LT","og_type":"article","og_title":"KONG Signature Crunch Virv\u0117 Double Puppy (M\/L) - MiuMjau","og_description":"KONG Signature Crunch \u2013 tra\u0161k\u0117k, trauk ir \u017eaisk! \ud83d\udc3e\ud83c\udf89 KONG Signature Crunch suteikia j\u016bs\u0173 \u0161uniui begal\u0119 smagi\u0173 ir tra\u0161kesio kupin\u0173 \u017eaidim\u0173! Unikalus tra\u0161kesio garsas skatina \u0161un\u012f \u017eaisti ir palaiko traukym\u0105, metim\u0105 bei kratym\u0105, patenkinant nat\u016bralius instinktus. 12 coli\u0173 ilgio \u017eaislas daro nat\u016bral\u0173 kratym\u0105 ypa\u010d smagiu, o klasikinis kojininis dangalas tempiasi ir suteikia ilgalaik\u012f malonum\u0105. Dar daugiau smagumo: kamuolys puikiai tinka net dviems \u0161unims \u017eaisti traukimo ir komandinius \u017eaidimus! \ud83d\udd25 Kod\u0117l verta rinktis KONG Signature Crunch?\u2714 Patenkina nat\u016bralius instinktus \u2013 tra\u0161kus garsas skatina \u017eaisti ir teikia pasitenkinim\u0105\u2714 Tampr\u016bs kojininio tipo dangalas \u2013 u\u017etikrina ilgalaik\u012f malonum\u0105 ir prat\u0119st\u0105 \u017eaidim\u0105\u2714 Papildo traukimo \u017eaidimus \u2013 mazgai padeda ilginti traukimo laik\u0105 ir daro \u017eaidim\u0105 \u012fdomesn\u012f KONG Signature Crunch yra tobulas \u017eaislas patenkinti \u0161uns instinktus ir suteikti begalin\u0119 pramog\u0105! \ud83d\udc36\ud83c\udfbe","og_url":"https:\/\/miumjau.ee\/lt\/produktas\/kong-signature-crunch-virve-double-puppy-m-l\/","og_site_name":"MiuMjau","article_publisher":"https:\/\/www.facebook.com\/miumjaupood\/","article_modified_time":"2026-01-07T18:44:41+00:00","og_image":[{"width":600,"height":800,"url":"https:\/\/miumjau.ee\/wp-content\/uploads\/2025\/03\/manguasi-koerale-kong32.jpg","type":"image\/jpeg"}],"twitter_card":"summary_large_image","schema":{"@context":"https:\/\/schema.org","@graph":[{"@type":"WebPage","@id":"https:\/\/miumjau.ee\/lt\/produktas\/kong-signature-crunch-virve-double-puppy-m-l\/","url":"https:\/\/miumjau.ee\/lt\/produktas\/kong-signature-crunch-virve-double-puppy-m-l\/","name":"KONG Signature Crunch Virv\u0117 Double Puppy (M\/L) - MiuMjau","isPartOf":{"@id":"https:\/\/miumjau.ee\/#website"},"primaryImageOfPage":{"@id":"https:\/\/miumjau.ee\/lt\/produktas\/kong-signature-crunch-virve-double-puppy-m-l\/#primaryimage"},"image":{"@id":"https:\/\/miumjau.ee\/lt\/produktas\/kong-signature-crunch-virve-double-puppy-m-l\/#primaryimage"},"thumbnailUrl":"https:\/\/miumjau.ee\/wp-content\/uploads\/2025\/03\/manguasi-koerale-kong32.jpg","datePublished":"2025-03-05T09:54:31+00:00","dateModified":"2026-01-07T18:44:41+00:00","breadcrumb":{"@id":"https:\/\/miumjau.ee\/lt\/produktas\/kong-signature-crunch-virve-double-puppy-m-l\/#breadcrumb"},"inLanguage":"lt-LT","potentialAction":[{"@type":"ReadAction","target":["https:\/\/miumjau.ee\/lt\/produktas\/kong-signature-crunch-virve-double-puppy-m-l\/"]}]},{"@type":"ImageObject","inLanguage":"lt-LT","@id":"https:\/\/miumjau.ee\/lt\/produktas\/kong-signature-crunch-virve-double-puppy-m-l\/#primaryimage","url":"https:\/\/miumjau.ee\/wp-content\/uploads\/2025\/03\/manguasi-koerale-kong32.jpg","contentUrl":"https:\/\/miumjau.ee\/wp-content\/uploads\/2025\/03\/manguasi-koerale-kong32.jpg","width":600,"height":800},{"@type":"BreadcrumbList","@id":"https:\/\/miumjau.ee\/lt\/produktas\/kong-signature-crunch-virve-double-puppy-m-l\/#breadcrumb","itemListElement":[{"@type":"ListItem","position":1,"name":"Home","item":"https:\/\/miumjau.ee\/lt\/"},{"@type":"ListItem","position":2,"name":"Parduotuv\u0117","item":"https:\/\/miumjau.ee\/lt\/parduotuve\/"},{"@type":"ListItem","position":3,"name":"KONG Signature Crunch Virv\u0117 Double Puppy (M\/L)"}]},{"@type":"WebSite","@id":"https:\/\/miumjau.ee\/#website","url":"https:\/\/miumjau.ee\/","name":"MiuMjau","description":"Kraapimispuud kassidele","publisher":{"@id":"https:\/\/miumjau.ee\/#organization"},"potentialAction":[{"@type":"SearchAction","target":{"@type":"EntryPoint","urlTemplate":"https:\/\/miumjau.ee\/?s={search_term_string}"},"query-input":{"@type":"PropertyValueSpecification","valueRequired":true,"valueName":"search_term_string"}}],"inLanguage":"lt-LT"},{"@type":"Organization","@id":"https:\/\/miumjau.ee\/#organization","name":"MiuMjau O\u00dc","url":"https:\/\/miumjau.ee\/","logo":{"@type":"ImageObject","inLanguage":"lt-LT","@id":"https:\/\/miumjau.ee\/#\/schema\/logo\/image\/","url":"https:\/\/miumjau.ee\/wp-content\/uploads\/2022\/04\/MiuMjau-logo-kollane.png","contentUrl":"https:\/\/miumjau.ee\/wp-content\/uploads\/2022\/04\/MiuMjau-logo-kollane.png","width":219,"height":100,"caption":"MiuMjau O\u00dc"},"image":{"@id":"https:\/\/miumjau.ee\/#\/schema\/logo\/image\/"},"sameAs":["https:\/\/www.facebook.com\/miumjaupood\/"]}]}},"_links":{"self":[{"href":"https:\/\/miumjau.ee\/lt\/wp-json\/wp\/v2\/product\/48788","targetHints":{"allow":["GET"]}}],"collection":[{"href":"https:\/\/miumjau.ee\/lt\/wp-json\/wp\/v2\/product"}],"about":[{"href":"https:\/\/miumjau.ee\/lt\/wp-json\/wp\/v2\/types\/product"}],"wp:featuredmedia":[{"embeddable":true,"href":"https:\/\/miumjau.ee\/lt\/wp-json\/wp\/v2\/media\/48789"}],"wp:attachment":[{"href":"https:\/\/miumjau.ee\/lt\/wp-json\/wp\/v2\/media?parent=48788"}],"wp:term":[{"taxonomy":"product_brand","embeddable":true,"href":"https:\/\/miumjau.ee\/lt\/wp-json\/wp\/v2\/product_brand?post=48788"},{"taxonomy":"product_cat","embeddable":true,"href":"https:\/\/miumjau.ee\/lt\/wp-json\/wp\/v2\/product_cat?post=48788"},{"taxonomy":"product_tag","embeddable":true,"href":"https:\/\/miumjau.ee\/lt\/wp-json\/wp\/v2\/product_tag?post=48788"}],"curies":[{"name":"wp","href":"https:\/\/api.w.org\/{rel}","templated":true}]}}