{"id":48782,"date":"2025-03-05T12:00:51","date_gmt":"2025-03-05T10:00:51","guid":{"rendered":"https:\/\/miumjau.ee\/toode\/kong-cuteseas-astuonkojo-ciulbantis-ir-traskantis-zaislas-s\/"},"modified":"2026-01-07T20:44:41","modified_gmt":"2026-01-07T18:44:41","slug":"kong-cuteseas-astuonkojo-ciulbantis-ir-traskantis-zaislas-s","status":"publish","type":"product","link":"https:\/\/miumjau.ee\/lt\/produktas\/kong-cuteseas-astuonkojo-ciulbantis-ir-traskantis-zaislas-s\/","title":{"rendered":"KONG Cuteseas a\u0161tuonkojo \u010diulbantis ir tra\u0161kantis \u017eaislas, S"},"content":{"rendered":"","protected":false},"excerpt":{"rendered":"<p data-start=\"2640\" data-end=\"2715\"><strong data-start=\"2640\" data-end=\"2715\">KONG CuteSeas \u2013 apkabinti j\u016bros gyv\u016bnus niekada nebuvo taip miela! \ud83d\udc1a\ud83d\udc96<\/strong><\/p>\n<p data-start=\"2717\" data-end=\"2956\">KONG CuteSeas suteikia j\u016bs\u0173 \u0161uniui begales miel\u0173 ir raminan\u010di\u0173 akimirk\u0173. \u0160ie j\u016bros gyv\u016bnai pagaminti i\u0161 mink\u0161tos med\u017eiagos, puikiai tinkamos glostymui. Jie taip pat turi \u010diulbant\u012f ir tra\u0161kant\u012f element\u0105, kuris dar labiau praturtina \u017eaidim\u0105.<\/p>\n<p data-start=\"2958\" data-end=\"3226\">\ud83d\udd25 <strong data-start=\"2961\" data-end=\"2999\">Kod\u0117l verta rinktis KONG CuteSeas?<\/strong><br data-start=\"2999\" data-end=\"3002\" \/>\u2714 \u010ciulbantis ir tra\u0161kantis garsas \u2013 \u012ftraukia \u0161un\u012f ir palaiko aktyvum\u0105<br data-start=\"3071\" data-end=\"3074\" \/>\u2714 Mink\u0161ta ir \u0161velni med\u017eiaga \u2013 puikiai tinka apkabinimams ir ramybei<br data-start=\"3142\" data-end=\"3145\" \/>\u2714 Protinis stimuliavimas \u2013 suteikia \u017eaismingumo ir nauj\u0173 interaktyvi\u0173 galimybi\u0173<\/p>\n<p data-start=\"3228\" data-end=\"3275\">\ud83d\udccf <strong data-start=\"3231\" data-end=\"3243\">Dyd\u017eiai:<\/strong><br data-start=\"3243\" data-end=\"3246\" \/>\ud83d\udd39 S \u2013 16 cm<br data-start=\"3258\" data-end=\"3261\" \/>\ud83d\udd39 L \u2013 32 cm<\/p>\n<p data-start=\"3277\" data-end=\"3392\" data-is-last-node=\"\" data-is-only-node=\"\">KONG CuteSeas yra tobulas \u017eaislas, suteikiantis j\u016bs\u0173 \u0161uniui ramyb\u0117s, linksmumo ir mink\u0161t\u0173 apkabinim\u0173 akimirk\u0173! \ud83d\udc3e\ud83c\udf0a<\/p>\n","protected":false},"featured_media":48775,"template":"","meta":[],"product_brand":[],"product_cat":[541],"product_tag":[],"class_list":{"0":"post-48782","1":"product","2":"type-product","3":"status-publish","4":"has-post-thumbnail","6":"product_cat-zaislai-sunims","8":"first","9":"instock","10":"sale","11":"taxable","12":"shipping-taxable","13":"purchasable","14":"product-type-simple"},"yoast_head":"<!-- This site is optimized with the Yoast SEO plugin v27.4 - https:\/\/yoast.com\/product\/yoast-seo-wordpress\/ -->\n<title>KONG Cuteseas a\u0161tuonkojo \u010diulbantis ir tra\u0161kantis \u017eaislas, S - MiuMjau<\/title>\n<meta name=\"robots\" content=\"index, follow, max-snippet:-1, max-image-preview:large, max-video-preview:-1\" \/>\n<link rel=\"canonical\" href=\"https:\/\/miumjau.ee\/lt\/produktas\/kong-cuteseas-astuonkojo-ciulbantis-ir-traskantis-zaislas-s\/\" \/>\n<meta property=\"og:locale\" content=\"lt_LT\" \/>\n<meta property=\"og:type\" content=\"article\" \/>\n<meta property=\"og:title\" content=\"KONG Cuteseas a\u0161tuonkojo \u010diulbantis ir tra\u0161kantis \u017eaislas, S - MiuMjau\" \/>\n<meta property=\"og:description\" content=\"KONG CuteSeas \u2013 apkabinti j\u016bros gyv\u016bnus niekada nebuvo taip miela! \ud83d\udc1a\ud83d\udc96 KONG CuteSeas suteikia j\u016bs\u0173 \u0161uniui begales miel\u0173 ir raminan\u010di\u0173 akimirk\u0173. \u0160ie j\u016bros gyv\u016bnai pagaminti i\u0161 mink\u0161tos med\u017eiagos, puikiai tinkamos glostymui. Jie taip pat turi \u010diulbant\u012f ir tra\u0161kant\u012f element\u0105, kuris dar labiau praturtina \u017eaidim\u0105. \ud83d\udd25 Kod\u0117l verta rinktis KONG CuteSeas?\u2714 \u010ciulbantis ir tra\u0161kantis garsas \u2013 \u012ftraukia \u0161un\u012f ir palaiko aktyvum\u0105\u2714 Mink\u0161ta ir \u0161velni med\u017eiaga \u2013 puikiai tinka apkabinimams ir ramybei\u2714 Protinis stimuliavimas \u2013 suteikia \u017eaismingumo ir nauj\u0173 interaktyvi\u0173 galimybi\u0173 \ud83d\udccf Dyd\u017eiai:\ud83d\udd39 S \u2013 16 cm\ud83d\udd39 L \u2013 32 cm KONG CuteSeas yra tobulas \u017eaislas, suteikiantis j\u016bs\u0173 \u0161uniui ramyb\u0117s, linksmumo ir mink\u0161t\u0173 apkabinim\u0173 akimirk\u0173! \ud83d\udc3e\ud83c\udf0a\" \/>\n<meta property=\"og:url\" content=\"https:\/\/miumjau.ee\/lt\/produktas\/kong-cuteseas-astuonkojo-ciulbantis-ir-traskantis-zaislas-s\/\" \/>\n<meta property=\"og:site_name\" content=\"MiuMjau\" \/>\n<meta property=\"article:publisher\" content=\"https:\/\/www.facebook.com\/miumjaupood\/\" \/>\n<meta property=\"article:modified_time\" content=\"2026-01-07T18:44:41+00:00\" \/>\n<meta property=\"og:image\" content=\"https:\/\/miumjau.ee\/wp-content\/uploads\/2025\/03\/Kong-cuteseas-octopus.jpg\" \/>\n\t<meta property=\"og:image:width\" content=\"600\" \/>\n\t<meta property=\"og:image:height\" content=\"800\" \/>\n\t<meta property=\"og:image:type\" content=\"image\/jpeg\" \/>\n<meta name=\"twitter:card\" content=\"summary_large_image\" \/>\n<script type=\"application\/ld+json\" class=\"yoast-schema-graph\">{\"@context\":\"https:\\\/\\\/schema.org\",\"@graph\":[{\"@type\":\"WebPage\",\"@id\":\"https:\\\/\\\/miumjau.ee\\\/lt\\\/produktas\\\/kong-cuteseas-astuonkojo-ciulbantis-ir-traskantis-zaislas-s\\\/\",\"url\":\"https:\\\/\\\/miumjau.ee\\\/lt\\\/produktas\\\/kong-cuteseas-astuonkojo-ciulbantis-ir-traskantis-zaislas-s\\\/\",\"name\":\"KONG Cuteseas a\u0161tuonkojo \u010diulbantis ir tra\u0161kantis \u017eaislas, S - MiuMjau\",\"isPartOf\":{\"@id\":\"https:\\\/\\\/miumjau.ee\\\/#website\"},\"primaryImageOfPage\":{\"@id\":\"https:\\\/\\\/miumjau.ee\\\/lt\\\/produktas\\\/kong-cuteseas-astuonkojo-ciulbantis-ir-traskantis-zaislas-s\\\/#primaryimage\"},\"image\":{\"@id\":\"https:\\\/\\\/miumjau.ee\\\/lt\\\/produktas\\\/kong-cuteseas-astuonkojo-ciulbantis-ir-traskantis-zaislas-s\\\/#primaryimage\"},\"thumbnailUrl\":\"https:\\\/\\\/miumjau.ee\\\/wp-content\\\/uploads\\\/2025\\\/03\\\/Kong-cuteseas-octopus.jpg\",\"datePublished\":\"2025-03-05T10:00:51+00:00\",\"dateModified\":\"2026-01-07T18:44:41+00:00\",\"breadcrumb\":{\"@id\":\"https:\\\/\\\/miumjau.ee\\\/lt\\\/produktas\\\/kong-cuteseas-astuonkojo-ciulbantis-ir-traskantis-zaislas-s\\\/#breadcrumb\"},\"inLanguage\":\"lt-LT\",\"potentialAction\":[{\"@type\":\"ReadAction\",\"target\":[\"https:\\\/\\\/miumjau.ee\\\/lt\\\/produktas\\\/kong-cuteseas-astuonkojo-ciulbantis-ir-traskantis-zaislas-s\\\/\"]}]},{\"@type\":\"ImageObject\",\"inLanguage\":\"lt-LT\",\"@id\":\"https:\\\/\\\/miumjau.ee\\\/lt\\\/produktas\\\/kong-cuteseas-astuonkojo-ciulbantis-ir-traskantis-zaislas-s\\\/#primaryimage\",\"url\":\"https:\\\/\\\/miumjau.ee\\\/wp-content\\\/uploads\\\/2025\\\/03\\\/Kong-cuteseas-octopus.jpg\",\"contentUrl\":\"https:\\\/\\\/miumjau.ee\\\/wp-content\\\/uploads\\\/2025\\\/03\\\/Kong-cuteseas-octopus.jpg\",\"width\":600,\"height\":800},{\"@type\":\"BreadcrumbList\",\"@id\":\"https:\\\/\\\/miumjau.ee\\\/lt\\\/produktas\\\/kong-cuteseas-astuonkojo-ciulbantis-ir-traskantis-zaislas-s\\\/#breadcrumb\",\"itemListElement\":[{\"@type\":\"ListItem\",\"position\":1,\"name\":\"Home\",\"item\":\"https:\\\/\\\/miumjau.ee\\\/lt\\\/\"},{\"@type\":\"ListItem\",\"position\":2,\"name\":\"Parduotuv\u0117\",\"item\":\"https:\\\/\\\/miumjau.ee\\\/lt\\\/parduotuve\\\/\"},{\"@type\":\"ListItem\",\"position\":3,\"name\":\"KONG Cuteseas a\u0161tuonkojo \u010diulbantis ir tra\u0161kantis \u017eaislas, S\"}]},{\"@type\":\"WebSite\",\"@id\":\"https:\\\/\\\/miumjau.ee\\\/#website\",\"url\":\"https:\\\/\\\/miumjau.ee\\\/\",\"name\":\"MiuMjau\",\"description\":\"Kraapimispuud kassidele\",\"publisher\":{\"@id\":\"https:\\\/\\\/miumjau.ee\\\/#organization\"},\"potentialAction\":[{\"@type\":\"SearchAction\",\"target\":{\"@type\":\"EntryPoint\",\"urlTemplate\":\"https:\\\/\\\/miumjau.ee\\\/?s={search_term_string}\"},\"query-input\":{\"@type\":\"PropertyValueSpecification\",\"valueRequired\":true,\"valueName\":\"search_term_string\"}}],\"inLanguage\":\"lt-LT\"},{\"@type\":\"Organization\",\"@id\":\"https:\\\/\\\/miumjau.ee\\\/#organization\",\"name\":\"MiuMjau O\u00dc\",\"url\":\"https:\\\/\\\/miumjau.ee\\\/\",\"logo\":{\"@type\":\"ImageObject\",\"inLanguage\":\"lt-LT\",\"@id\":\"https:\\\/\\\/miumjau.ee\\\/#\\\/schema\\\/logo\\\/image\\\/\",\"url\":\"https:\\\/\\\/miumjau.ee\\\/wp-content\\\/uploads\\\/2022\\\/04\\\/MiuMjau-logo-kollane.png\",\"contentUrl\":\"https:\\\/\\\/miumjau.ee\\\/wp-content\\\/uploads\\\/2022\\\/04\\\/MiuMjau-logo-kollane.png\",\"width\":219,\"height\":100,\"caption\":\"MiuMjau O\u00dc\"},\"image\":{\"@id\":\"https:\\\/\\\/miumjau.ee\\\/#\\\/schema\\\/logo\\\/image\\\/\"},\"sameAs\":[\"https:\\\/\\\/www.facebook.com\\\/miumjaupood\\\/\"]}]}<\/script>\n<!-- \/ Yoast SEO plugin. -->","yoast_head_json":{"title":"KONG Cuteseas a\u0161tuonkojo \u010diulbantis ir tra\u0161kantis \u017eaislas, S - MiuMjau","robots":{"index":"index","follow":"follow","max-snippet":"max-snippet:-1","max-image-preview":"max-image-preview:large","max-video-preview":"max-video-preview:-1"},"canonical":"https:\/\/miumjau.ee\/lt\/produktas\/kong-cuteseas-astuonkojo-ciulbantis-ir-traskantis-zaislas-s\/","og_locale":"lt_LT","og_type":"article","og_title":"KONG Cuteseas a\u0161tuonkojo \u010diulbantis ir tra\u0161kantis \u017eaislas, S - MiuMjau","og_description":"KONG CuteSeas \u2013 apkabinti j\u016bros gyv\u016bnus niekada nebuvo taip miela! \ud83d\udc1a\ud83d\udc96 KONG CuteSeas suteikia j\u016bs\u0173 \u0161uniui begales miel\u0173 ir raminan\u010di\u0173 akimirk\u0173. \u0160ie j\u016bros gyv\u016bnai pagaminti i\u0161 mink\u0161tos med\u017eiagos, puikiai tinkamos glostymui. Jie taip pat turi \u010diulbant\u012f ir tra\u0161kant\u012f element\u0105, kuris dar labiau praturtina \u017eaidim\u0105. \ud83d\udd25 Kod\u0117l verta rinktis KONG CuteSeas?\u2714 \u010ciulbantis ir tra\u0161kantis garsas \u2013 \u012ftraukia \u0161un\u012f ir palaiko aktyvum\u0105\u2714 Mink\u0161ta ir \u0161velni med\u017eiaga \u2013 puikiai tinka apkabinimams ir ramybei\u2714 Protinis stimuliavimas \u2013 suteikia \u017eaismingumo ir nauj\u0173 interaktyvi\u0173 galimybi\u0173 \ud83d\udccf Dyd\u017eiai:\ud83d\udd39 S \u2013 16 cm\ud83d\udd39 L \u2013 32 cm KONG CuteSeas yra tobulas \u017eaislas, suteikiantis j\u016bs\u0173 \u0161uniui ramyb\u0117s, linksmumo ir mink\u0161t\u0173 apkabinim\u0173 akimirk\u0173! \ud83d\udc3e\ud83c\udf0a","og_url":"https:\/\/miumjau.ee\/lt\/produktas\/kong-cuteseas-astuonkojo-ciulbantis-ir-traskantis-zaislas-s\/","og_site_name":"MiuMjau","article_publisher":"https:\/\/www.facebook.com\/miumjaupood\/","article_modified_time":"2026-01-07T18:44:41+00:00","og_image":[{"width":600,"height":800,"url":"https:\/\/miumjau.ee\/wp-content\/uploads\/2025\/03\/Kong-cuteseas-octopus.jpg","type":"image\/jpeg"}],"twitter_card":"summary_large_image","schema":{"@context":"https:\/\/schema.org","@graph":[{"@type":"WebPage","@id":"https:\/\/miumjau.ee\/lt\/produktas\/kong-cuteseas-astuonkojo-ciulbantis-ir-traskantis-zaislas-s\/","url":"https:\/\/miumjau.ee\/lt\/produktas\/kong-cuteseas-astuonkojo-ciulbantis-ir-traskantis-zaislas-s\/","name":"KONG Cuteseas a\u0161tuonkojo \u010diulbantis ir tra\u0161kantis \u017eaislas, S - MiuMjau","isPartOf":{"@id":"https:\/\/miumjau.ee\/#website"},"primaryImageOfPage":{"@id":"https:\/\/miumjau.ee\/lt\/produktas\/kong-cuteseas-astuonkojo-ciulbantis-ir-traskantis-zaislas-s\/#primaryimage"},"image":{"@id":"https:\/\/miumjau.ee\/lt\/produktas\/kong-cuteseas-astuonkojo-ciulbantis-ir-traskantis-zaislas-s\/#primaryimage"},"thumbnailUrl":"https:\/\/miumjau.ee\/wp-content\/uploads\/2025\/03\/Kong-cuteseas-octopus.jpg","datePublished":"2025-03-05T10:00:51+00:00","dateModified":"2026-01-07T18:44:41+00:00","breadcrumb":{"@id":"https:\/\/miumjau.ee\/lt\/produktas\/kong-cuteseas-astuonkojo-ciulbantis-ir-traskantis-zaislas-s\/#breadcrumb"},"inLanguage":"lt-LT","potentialAction":[{"@type":"ReadAction","target":["https:\/\/miumjau.ee\/lt\/produktas\/kong-cuteseas-astuonkojo-ciulbantis-ir-traskantis-zaislas-s\/"]}]},{"@type":"ImageObject","inLanguage":"lt-LT","@id":"https:\/\/miumjau.ee\/lt\/produktas\/kong-cuteseas-astuonkojo-ciulbantis-ir-traskantis-zaislas-s\/#primaryimage","url":"https:\/\/miumjau.ee\/wp-content\/uploads\/2025\/03\/Kong-cuteseas-octopus.jpg","contentUrl":"https:\/\/miumjau.ee\/wp-content\/uploads\/2025\/03\/Kong-cuteseas-octopus.jpg","width":600,"height":800},{"@type":"BreadcrumbList","@id":"https:\/\/miumjau.ee\/lt\/produktas\/kong-cuteseas-astuonkojo-ciulbantis-ir-traskantis-zaislas-s\/#breadcrumb","itemListElement":[{"@type":"ListItem","position":1,"name":"Home","item":"https:\/\/miumjau.ee\/lt\/"},{"@type":"ListItem","position":2,"name":"Parduotuv\u0117","item":"https:\/\/miumjau.ee\/lt\/parduotuve\/"},{"@type":"ListItem","position":3,"name":"KONG Cuteseas a\u0161tuonkojo \u010diulbantis ir tra\u0161kantis \u017eaislas, S"}]},{"@type":"WebSite","@id":"https:\/\/miumjau.ee\/#website","url":"https:\/\/miumjau.ee\/","name":"MiuMjau","description":"Kraapimispuud kassidele","publisher":{"@id":"https:\/\/miumjau.ee\/#organization"},"potentialAction":[{"@type":"SearchAction","target":{"@type":"EntryPoint","urlTemplate":"https:\/\/miumjau.ee\/?s={search_term_string}"},"query-input":{"@type":"PropertyValueSpecification","valueRequired":true,"valueName":"search_term_string"}}],"inLanguage":"lt-LT"},{"@type":"Organization","@id":"https:\/\/miumjau.ee\/#organization","name":"MiuMjau O\u00dc","url":"https:\/\/miumjau.ee\/","logo":{"@type":"ImageObject","inLanguage":"lt-LT","@id":"https:\/\/miumjau.ee\/#\/schema\/logo\/image\/","url":"https:\/\/miumjau.ee\/wp-content\/uploads\/2022\/04\/MiuMjau-logo-kollane.png","contentUrl":"https:\/\/miumjau.ee\/wp-content\/uploads\/2022\/04\/MiuMjau-logo-kollane.png","width":219,"height":100,"caption":"MiuMjau O\u00dc"},"image":{"@id":"https:\/\/miumjau.ee\/#\/schema\/logo\/image\/"},"sameAs":["https:\/\/www.facebook.com\/miumjaupood\/"]}]}},"_links":{"self":[{"href":"https:\/\/miumjau.ee\/lt\/wp-json\/wp\/v2\/product\/48782","targetHints":{"allow":["GET"]}}],"collection":[{"href":"https:\/\/miumjau.ee\/lt\/wp-json\/wp\/v2\/product"}],"about":[{"href":"https:\/\/miumjau.ee\/lt\/wp-json\/wp\/v2\/types\/product"}],"wp:featuredmedia":[{"embeddable":true,"href":"https:\/\/miumjau.ee\/lt\/wp-json\/wp\/v2\/media\/48775"}],"wp:attachment":[{"href":"https:\/\/miumjau.ee\/lt\/wp-json\/wp\/v2\/media?parent=48782"}],"wp:term":[{"taxonomy":"product_brand","embeddable":true,"href":"https:\/\/miumjau.ee\/lt\/wp-json\/wp\/v2\/product_brand?post=48782"},{"taxonomy":"product_cat","embeddable":true,"href":"https:\/\/miumjau.ee\/lt\/wp-json\/wp\/v2\/product_cat?post=48782"},{"taxonomy":"product_tag","embeddable":true,"href":"https:\/\/miumjau.ee\/lt\/wp-json\/wp\/v2\/product_tag?post=48782"}],"curies":[{"name":"wp","href":"https:\/\/api.w.org\/{rel}","templated":true}]}}