{"id":48772,"date":"2025-03-05T12:08:14","date_gmt":"2025-03-05T10:08:14","guid":{"rendered":"https:\/\/miumjau.ee\/toode\/kong-shakers-shimmy-crab-zaislas-sunims\/"},"modified":"2026-01-07T20:44:48","modified_gmt":"2026-01-07T18:44:48","slug":"kong-shakers-shimmy-crab-zaislas-sunims","status":"publish","type":"product","link":"https:\/\/miumjau.ee\/lt\/produktas\/kong-shakers-shimmy-crab-zaislas-sunims\/","title":{"rendered":"KONG Shakers Shimmy Crab \u017eaislas \u0161unims"},"content":{"rendered":"","protected":false},"excerpt":{"rendered":"<p data-start=\"3426\" data-end=\"3516\"><strong data-start=\"3426\" data-end=\"3516\">KONG Shakers Shimmy Crab \u2013 didel\u0117s smagios letenos, kurios patraukia \u0161uns d\u0117mes\u012f! \ud83e\udd80\ud83c\udf89<\/strong><\/p>\n<p data-start=\"3518\" data-end=\"3887\">KONG Shakers Shimmy Crab suteikia j\u016bs\u0173 \u0161uniui smag\u0173 ir aktyv\u0173 \u017eaidim\u0105! \u0160iam krabui yra didel\u0117s, si\u016bbuojan\u010dios letenos, kurios patraukia \u0161uns d\u0117mes\u012f ir patenkina nat\u016bralius kratymo instinktus. Blizgi, mink\u0161ta dirbtin\u0117s odos tekst\u016bra palaiko \u0161uns susidom\u0117jim\u0105, o \u017eemas \u010dir\u0161kimo ir tra\u0161kesio garsas skatina smag\u0173 kratymo \u017eaidim\u0105, suteikdamas sveik\u0105 jud\u0117jim\u0105 ilgesn\u012f laik\u0105.<\/p>\n<p data-start=\"3889\" data-end=\"4296\">\ud83d\udd25 <strong data-start=\"3892\" data-end=\"3941\">Kod\u0117l verta rinktis KONG Shakers Shimmy Crab?<\/strong><br data-start=\"3941\" data-end=\"3944\" \/>\u2714 Si\u016bbuojan\u010dios letenos \u2013 patenkina \u0161uns kratymo instinktus ir praturtina \u017eaidim\u0105<br data-start=\"4025\" data-end=\"4028\" \/>\u2714 Ilgas k\u016bnas \u2013 dar smagiau kratytis<br data-start=\"4064\" data-end=\"4067\" \/>\u2714 \u017demas \u010dir\u0161kimo garsas \u2013 prailgina \u017eaidimo laik\u0105 ir palaiko \u0161uns d\u0117mes\u012f<br data-start=\"4139\" data-end=\"4142\" \/>\u2714 Unikalios tekst\u016bros \u2013 stimuliuoja \u017eaidimo instinktus ir suteikia \u012fvairov\u0117s<br data-start=\"4218\" data-end=\"4221\" \/>\u2714 Tra\u0161kantis garsas \u2013 stimuliuoja \u0161un\u012f ir aktyvuoja med\u017eiokl\u0117s instinktus<\/p>\n<p data-start=\"4298\" data-end=\"4440\" data-is-last-node=\"\" data-is-only-node=\"\">KONG Shakers Shimmy Crab yra ideali \u017eaislas patenkinti \u0161uns nat\u016bralius instinktus, suteikti begalin\u012f smagum\u0105 ir skatinti sveik\u0105 jud\u0117jim\u0105! \ud83d\udc3e\ud83c\udf0a<\/p>\n","protected":false},"featured_media":48769,"template":"","meta":[],"product_brand":[],"product_cat":[541],"product_tag":[],"class_list":{"0":"post-48772","1":"product","2":"type-product","3":"status-publish","4":"has-post-thumbnail","6":"product_cat-zaislai-sunims","8":"first","9":"instock","10":"sale","11":"taxable","12":"shipping-taxable","13":"purchasable","14":"product-type-simple"},"yoast_head":"<!-- This site is optimized with the Yoast SEO plugin v27.4 - https:\/\/yoast.com\/product\/yoast-seo-wordpress\/ -->\n<title>KONG Shakers Shimmy Crab \u017eaislas \u0161unims - MiuMjau<\/title>\n<meta name=\"robots\" content=\"index, follow, max-snippet:-1, max-image-preview:large, max-video-preview:-1\" \/>\n<link rel=\"canonical\" href=\"https:\/\/miumjau.ee\/lt\/produktas\/kong-shakers-shimmy-crab-zaislas-sunims\/\" \/>\n<meta property=\"og:locale\" content=\"lt_LT\" \/>\n<meta property=\"og:type\" content=\"article\" \/>\n<meta property=\"og:title\" content=\"KONG Shakers Shimmy Crab \u017eaislas \u0161unims - MiuMjau\" \/>\n<meta property=\"og:description\" content=\"KONG Shakers Shimmy Crab \u2013 didel\u0117s smagios letenos, kurios patraukia \u0161uns d\u0117mes\u012f! \ud83e\udd80\ud83c\udf89 KONG Shakers Shimmy Crab suteikia j\u016bs\u0173 \u0161uniui smag\u0173 ir aktyv\u0173 \u017eaidim\u0105! \u0160iam krabui yra didel\u0117s, si\u016bbuojan\u010dios letenos, kurios patraukia \u0161uns d\u0117mes\u012f ir patenkina nat\u016bralius kratymo instinktus. Blizgi, mink\u0161ta dirbtin\u0117s odos tekst\u016bra palaiko \u0161uns susidom\u0117jim\u0105, o \u017eemas \u010dir\u0161kimo ir tra\u0161kesio garsas skatina smag\u0173 kratymo \u017eaidim\u0105, suteikdamas sveik\u0105 jud\u0117jim\u0105 ilgesn\u012f laik\u0105. \ud83d\udd25 Kod\u0117l verta rinktis KONG Shakers Shimmy Crab?\u2714 Si\u016bbuojan\u010dios letenos \u2013 patenkina \u0161uns kratymo instinktus ir praturtina \u017eaidim\u0105\u2714 Ilgas k\u016bnas \u2013 dar smagiau kratytis\u2714 \u017demas \u010dir\u0161kimo garsas \u2013 prailgina \u017eaidimo laik\u0105 ir palaiko \u0161uns d\u0117mes\u012f\u2714 Unikalios tekst\u016bros \u2013 stimuliuoja \u017eaidimo instinktus ir suteikia \u012fvairov\u0117s\u2714 Tra\u0161kantis garsas \u2013 stimuliuoja \u0161un\u012f ir aktyvuoja med\u017eiokl\u0117s instinktus KONG Shakers Shimmy Crab yra ideali \u017eaislas patenkinti \u0161uns nat\u016bralius instinktus, suteikti begalin\u012f smagum\u0105 ir skatinti sveik\u0105 jud\u0117jim\u0105! \ud83d\udc3e\ud83c\udf0a\" \/>\n<meta property=\"og:url\" content=\"https:\/\/miumjau.ee\/lt\/produktas\/kong-shakers-shimmy-crab-zaislas-sunims\/\" \/>\n<meta property=\"og:site_name\" content=\"MiuMjau\" \/>\n<meta property=\"article:publisher\" content=\"https:\/\/www.facebook.com\/miumjaupood\/\" \/>\n<meta property=\"article:modified_time\" content=\"2026-01-07T18:44:48+00:00\" \/>\n<meta property=\"og:image\" content=\"https:\/\/miumjau.ee\/wp-content\/uploads\/2025\/03\/kong-shakers-crab.jpg\" \/>\n\t<meta property=\"og:image:width\" content=\"600\" \/>\n\t<meta property=\"og:image:height\" content=\"800\" \/>\n\t<meta property=\"og:image:type\" content=\"image\/jpeg\" \/>\n<meta name=\"twitter:card\" content=\"summary_large_image\" \/>\n<script type=\"application\/ld+json\" class=\"yoast-schema-graph\">{\"@context\":\"https:\\\/\\\/schema.org\",\"@graph\":[{\"@type\":\"WebPage\",\"@id\":\"https:\\\/\\\/miumjau.ee\\\/lt\\\/produktas\\\/kong-shakers-shimmy-crab-zaislas-sunims\\\/\",\"url\":\"https:\\\/\\\/miumjau.ee\\\/lt\\\/produktas\\\/kong-shakers-shimmy-crab-zaislas-sunims\\\/\",\"name\":\"KONG Shakers Shimmy Crab \u017eaislas \u0161unims - MiuMjau\",\"isPartOf\":{\"@id\":\"https:\\\/\\\/miumjau.ee\\\/#website\"},\"primaryImageOfPage\":{\"@id\":\"https:\\\/\\\/miumjau.ee\\\/lt\\\/produktas\\\/kong-shakers-shimmy-crab-zaislas-sunims\\\/#primaryimage\"},\"image\":{\"@id\":\"https:\\\/\\\/miumjau.ee\\\/lt\\\/produktas\\\/kong-shakers-shimmy-crab-zaislas-sunims\\\/#primaryimage\"},\"thumbnailUrl\":\"https:\\\/\\\/miumjau.ee\\\/wp-content\\\/uploads\\\/2025\\\/03\\\/kong-shakers-crab.jpg\",\"datePublished\":\"2025-03-05T10:08:14+00:00\",\"dateModified\":\"2026-01-07T18:44:48+00:00\",\"breadcrumb\":{\"@id\":\"https:\\\/\\\/miumjau.ee\\\/lt\\\/produktas\\\/kong-shakers-shimmy-crab-zaislas-sunims\\\/#breadcrumb\"},\"inLanguage\":\"lt-LT\",\"potentialAction\":[{\"@type\":\"ReadAction\",\"target\":[\"https:\\\/\\\/miumjau.ee\\\/lt\\\/produktas\\\/kong-shakers-shimmy-crab-zaislas-sunims\\\/\"]}]},{\"@type\":\"ImageObject\",\"inLanguage\":\"lt-LT\",\"@id\":\"https:\\\/\\\/miumjau.ee\\\/lt\\\/produktas\\\/kong-shakers-shimmy-crab-zaislas-sunims\\\/#primaryimage\",\"url\":\"https:\\\/\\\/miumjau.ee\\\/wp-content\\\/uploads\\\/2025\\\/03\\\/kong-shakers-crab.jpg\",\"contentUrl\":\"https:\\\/\\\/miumjau.ee\\\/wp-content\\\/uploads\\\/2025\\\/03\\\/kong-shakers-crab.jpg\",\"width\":600,\"height\":800},{\"@type\":\"BreadcrumbList\",\"@id\":\"https:\\\/\\\/miumjau.ee\\\/lt\\\/produktas\\\/kong-shakers-shimmy-crab-zaislas-sunims\\\/#breadcrumb\",\"itemListElement\":[{\"@type\":\"ListItem\",\"position\":1,\"name\":\"Home\",\"item\":\"https:\\\/\\\/miumjau.ee\\\/lt\\\/\"},{\"@type\":\"ListItem\",\"position\":2,\"name\":\"Parduotuv\u0117\",\"item\":\"https:\\\/\\\/miumjau.ee\\\/lt\\\/parduotuve\\\/\"},{\"@type\":\"ListItem\",\"position\":3,\"name\":\"KONG Shakers Shimmy Crab \u017eaislas \u0161unims\"}]},{\"@type\":\"WebSite\",\"@id\":\"https:\\\/\\\/miumjau.ee\\\/#website\",\"url\":\"https:\\\/\\\/miumjau.ee\\\/\",\"name\":\"MiuMjau\",\"description\":\"Kraapimispuud kassidele\",\"publisher\":{\"@id\":\"https:\\\/\\\/miumjau.ee\\\/#organization\"},\"potentialAction\":[{\"@type\":\"SearchAction\",\"target\":{\"@type\":\"EntryPoint\",\"urlTemplate\":\"https:\\\/\\\/miumjau.ee\\\/?s={search_term_string}\"},\"query-input\":{\"@type\":\"PropertyValueSpecification\",\"valueRequired\":true,\"valueName\":\"search_term_string\"}}],\"inLanguage\":\"lt-LT\"},{\"@type\":\"Organization\",\"@id\":\"https:\\\/\\\/miumjau.ee\\\/#organization\",\"name\":\"MiuMjau O\u00dc\",\"url\":\"https:\\\/\\\/miumjau.ee\\\/\",\"logo\":{\"@type\":\"ImageObject\",\"inLanguage\":\"lt-LT\",\"@id\":\"https:\\\/\\\/miumjau.ee\\\/#\\\/schema\\\/logo\\\/image\\\/\",\"url\":\"https:\\\/\\\/miumjau.ee\\\/wp-content\\\/uploads\\\/2022\\\/04\\\/MiuMjau-logo-kollane.png\",\"contentUrl\":\"https:\\\/\\\/miumjau.ee\\\/wp-content\\\/uploads\\\/2022\\\/04\\\/MiuMjau-logo-kollane.png\",\"width\":219,\"height\":100,\"caption\":\"MiuMjau O\u00dc\"},\"image\":{\"@id\":\"https:\\\/\\\/miumjau.ee\\\/#\\\/schema\\\/logo\\\/image\\\/\"},\"sameAs\":[\"https:\\\/\\\/www.facebook.com\\\/miumjaupood\\\/\"]}]}<\/script>\n<!-- \/ Yoast SEO plugin. -->","yoast_head_json":{"title":"KONG Shakers Shimmy Crab \u017eaislas \u0161unims - MiuMjau","robots":{"index":"index","follow":"follow","max-snippet":"max-snippet:-1","max-image-preview":"max-image-preview:large","max-video-preview":"max-video-preview:-1"},"canonical":"https:\/\/miumjau.ee\/lt\/produktas\/kong-shakers-shimmy-crab-zaislas-sunims\/","og_locale":"lt_LT","og_type":"article","og_title":"KONG Shakers Shimmy Crab \u017eaislas \u0161unims - MiuMjau","og_description":"KONG Shakers Shimmy Crab \u2013 didel\u0117s smagios letenos, kurios patraukia \u0161uns d\u0117mes\u012f! \ud83e\udd80\ud83c\udf89 KONG Shakers Shimmy Crab suteikia j\u016bs\u0173 \u0161uniui smag\u0173 ir aktyv\u0173 \u017eaidim\u0105! \u0160iam krabui yra didel\u0117s, si\u016bbuojan\u010dios letenos, kurios patraukia \u0161uns d\u0117mes\u012f ir patenkina nat\u016bralius kratymo instinktus. Blizgi, mink\u0161ta dirbtin\u0117s odos tekst\u016bra palaiko \u0161uns susidom\u0117jim\u0105, o \u017eemas \u010dir\u0161kimo ir tra\u0161kesio garsas skatina smag\u0173 kratymo \u017eaidim\u0105, suteikdamas sveik\u0105 jud\u0117jim\u0105 ilgesn\u012f laik\u0105. \ud83d\udd25 Kod\u0117l verta rinktis KONG Shakers Shimmy Crab?\u2714 Si\u016bbuojan\u010dios letenos \u2013 patenkina \u0161uns kratymo instinktus ir praturtina \u017eaidim\u0105\u2714 Ilgas k\u016bnas \u2013 dar smagiau kratytis\u2714 \u017demas \u010dir\u0161kimo garsas \u2013 prailgina \u017eaidimo laik\u0105 ir palaiko \u0161uns d\u0117mes\u012f\u2714 Unikalios tekst\u016bros \u2013 stimuliuoja \u017eaidimo instinktus ir suteikia \u012fvairov\u0117s\u2714 Tra\u0161kantis garsas \u2013 stimuliuoja \u0161un\u012f ir aktyvuoja med\u017eiokl\u0117s instinktus KONG Shakers Shimmy Crab yra ideali \u017eaislas patenkinti \u0161uns nat\u016bralius instinktus, suteikti begalin\u012f smagum\u0105 ir skatinti sveik\u0105 jud\u0117jim\u0105! \ud83d\udc3e\ud83c\udf0a","og_url":"https:\/\/miumjau.ee\/lt\/produktas\/kong-shakers-shimmy-crab-zaislas-sunims\/","og_site_name":"MiuMjau","article_publisher":"https:\/\/www.facebook.com\/miumjaupood\/","article_modified_time":"2026-01-07T18:44:48+00:00","og_image":[{"width":600,"height":800,"url":"https:\/\/miumjau.ee\/wp-content\/uploads\/2025\/03\/kong-shakers-crab.jpg","type":"image\/jpeg"}],"twitter_card":"summary_large_image","schema":{"@context":"https:\/\/schema.org","@graph":[{"@type":"WebPage","@id":"https:\/\/miumjau.ee\/lt\/produktas\/kong-shakers-shimmy-crab-zaislas-sunims\/","url":"https:\/\/miumjau.ee\/lt\/produktas\/kong-shakers-shimmy-crab-zaislas-sunims\/","name":"KONG Shakers Shimmy Crab \u017eaislas \u0161unims - MiuMjau","isPartOf":{"@id":"https:\/\/miumjau.ee\/#website"},"primaryImageOfPage":{"@id":"https:\/\/miumjau.ee\/lt\/produktas\/kong-shakers-shimmy-crab-zaislas-sunims\/#primaryimage"},"image":{"@id":"https:\/\/miumjau.ee\/lt\/produktas\/kong-shakers-shimmy-crab-zaislas-sunims\/#primaryimage"},"thumbnailUrl":"https:\/\/miumjau.ee\/wp-content\/uploads\/2025\/03\/kong-shakers-crab.jpg","datePublished":"2025-03-05T10:08:14+00:00","dateModified":"2026-01-07T18:44:48+00:00","breadcrumb":{"@id":"https:\/\/miumjau.ee\/lt\/produktas\/kong-shakers-shimmy-crab-zaislas-sunims\/#breadcrumb"},"inLanguage":"lt-LT","potentialAction":[{"@type":"ReadAction","target":["https:\/\/miumjau.ee\/lt\/produktas\/kong-shakers-shimmy-crab-zaislas-sunims\/"]}]},{"@type":"ImageObject","inLanguage":"lt-LT","@id":"https:\/\/miumjau.ee\/lt\/produktas\/kong-shakers-shimmy-crab-zaislas-sunims\/#primaryimage","url":"https:\/\/miumjau.ee\/wp-content\/uploads\/2025\/03\/kong-shakers-crab.jpg","contentUrl":"https:\/\/miumjau.ee\/wp-content\/uploads\/2025\/03\/kong-shakers-crab.jpg","width":600,"height":800},{"@type":"BreadcrumbList","@id":"https:\/\/miumjau.ee\/lt\/produktas\/kong-shakers-shimmy-crab-zaislas-sunims\/#breadcrumb","itemListElement":[{"@type":"ListItem","position":1,"name":"Home","item":"https:\/\/miumjau.ee\/lt\/"},{"@type":"ListItem","position":2,"name":"Parduotuv\u0117","item":"https:\/\/miumjau.ee\/lt\/parduotuve\/"},{"@type":"ListItem","position":3,"name":"KONG Shakers Shimmy Crab \u017eaislas \u0161unims"}]},{"@type":"WebSite","@id":"https:\/\/miumjau.ee\/#website","url":"https:\/\/miumjau.ee\/","name":"MiuMjau","description":"Kraapimispuud kassidele","publisher":{"@id":"https:\/\/miumjau.ee\/#organization"},"potentialAction":[{"@type":"SearchAction","target":{"@type":"EntryPoint","urlTemplate":"https:\/\/miumjau.ee\/?s={search_term_string}"},"query-input":{"@type":"PropertyValueSpecification","valueRequired":true,"valueName":"search_term_string"}}],"inLanguage":"lt-LT"},{"@type":"Organization","@id":"https:\/\/miumjau.ee\/#organization","name":"MiuMjau O\u00dc","url":"https:\/\/miumjau.ee\/","logo":{"@type":"ImageObject","inLanguage":"lt-LT","@id":"https:\/\/miumjau.ee\/#\/schema\/logo\/image\/","url":"https:\/\/miumjau.ee\/wp-content\/uploads\/2022\/04\/MiuMjau-logo-kollane.png","contentUrl":"https:\/\/miumjau.ee\/wp-content\/uploads\/2022\/04\/MiuMjau-logo-kollane.png","width":219,"height":100,"caption":"MiuMjau O\u00dc"},"image":{"@id":"https:\/\/miumjau.ee\/#\/schema\/logo\/image\/"},"sameAs":["https:\/\/www.facebook.com\/miumjaupood\/"]}]}},"_links":{"self":[{"href":"https:\/\/miumjau.ee\/lt\/wp-json\/wp\/v2\/product\/48772","targetHints":{"allow":["GET"]}}],"collection":[{"href":"https:\/\/miumjau.ee\/lt\/wp-json\/wp\/v2\/product"}],"about":[{"href":"https:\/\/miumjau.ee\/lt\/wp-json\/wp\/v2\/types\/product"}],"wp:featuredmedia":[{"embeddable":true,"href":"https:\/\/miumjau.ee\/lt\/wp-json\/wp\/v2\/media\/48769"}],"wp:attachment":[{"href":"https:\/\/miumjau.ee\/lt\/wp-json\/wp\/v2\/media?parent=48772"}],"wp:term":[{"taxonomy":"product_brand","embeddable":true,"href":"https:\/\/miumjau.ee\/lt\/wp-json\/wp\/v2\/product_brand?post=48772"},{"taxonomy":"product_cat","embeddable":true,"href":"https:\/\/miumjau.ee\/lt\/wp-json\/wp\/v2\/product_cat?post=48772"},{"taxonomy":"product_tag","embeddable":true,"href":"https:\/\/miumjau.ee\/lt\/wp-json\/wp\/v2\/product_tag?post=48772"}],"curies":[{"name":"wp","href":"https:\/\/api.w.org\/{rel}","templated":true}]}}