{"id":48766,"date":"2025-03-04T13:28:28","date_gmt":"2025-03-04T11:28:28","guid":{"rendered":"https:\/\/miumjau.ee\/toode\/zaislas-sunims-dog-comets-asteroid-metimo-lazdele-l\/"},"modified":"2026-01-07T20:44:48","modified_gmt":"2026-01-07T18:44:48","slug":"zaislas-sunims-dog-comets-asteroid-metimo-lazdele-l","status":"publish","type":"product","link":"https:\/\/miumjau.ee\/lt\/produktas\/zaislas-sunims-dog-comets-asteroid-metimo-lazdele-l\/","title":{"rendered":"\u017daislas \u0161unims Dog Comets Asteroid metimo lazdel\u0117 L"},"content":{"rendered":"","protected":false},"excerpt":{"rendered":"<p data-start=\"3186\" data-end=\"3271\"><strong data-start=\"3186\" data-end=\"3271\">Dog Comets Asteroid \u2013 puikus metimo lazdel\u0117s \u017eaidimams sausumoje ir vandenyje! \ud83d\ude80<\/strong><\/p>\n<p data-start=\"3273\" data-end=\"3488\">Ar tavo \u0161uo m\u0117gsta b\u0117gioti ir atne\u0161ti \u017eaislus? O gal jis yra vandens \u017eaidim\u0173 gerb\u0117jas? Dog Comets Asteroid \u2013 patvari gumos metimo lazdel\u0117, kuri at\u0161oka, pl\u016bduriuoja ir \u010dir\u0161kia \u2013 idealus draugas begaliniams \u017eaidimams!<\/p>\n<p data-start=\"3490\" data-end=\"3923\">\ud83c\udf1f <strong data-start=\"3493\" data-end=\"3537\">Kod\u0117l verta rinktis Dog Comets Asteroid?<\/strong><br data-start=\"3537\" data-end=\"3540\" \/>\u2714 Pl\u016bduriuoja vandenyje \u2013 puikiai tinka \u017eaidimams papl\u016bdimyje ar prie e\u017eero<br data-start=\"3615\" data-end=\"3618\" \/>\u2714 Puikus at\u0161okimas \u2013 palaiko \u017eaidimo \u012fdomum\u0105<br data-start=\"3662\" data-end=\"3665\" \/>\u2714 Valo dantis \u2013 griovelio dizainas padeda suma\u017einti apna\u0161as<br data-start=\"3724\" data-end=\"3727\" \/>\u2714 \u010cir\u0161kimo elementas \u2013 \u017eaislas tampa gyvas ir palaiko \u0161uns susidom\u0117jim\u0105<br data-start=\"3798\" data-end=\"3801\" \/>\u2714 Patogi rankena \u2013 put\u0173 galu lengva tempti ir ne\u0161ioti<br data-start=\"3854\" data-end=\"3857\" \/>\u2714 Ry\u0161kios spalvos \u2013 gerai matomas tiek ant \u017eol\u0117s, tiek vandenyje<\/p>\n<p data-start=\"3925\" data-end=\"3972\">\ud83d\udccf <strong data-start=\"3928\" data-end=\"3940\">Dyd\u017eiai:<\/strong><br data-start=\"3940\" data-end=\"3943\" \/>\ud83d\udd39 S \u2013 24 cm<br data-start=\"3955\" data-end=\"3958\" \/>\ud83d\udd39 L \u2013 31 cm<\/p>\n<p data-start=\"3974\" data-end=\"4157\" data-is-last-node=\"\" data-is-only-node=\"\">Suteik savo \u0161uniui naujos energijos \u017eaidimams su Dog Comets Asteroid metimo lazdele \u2013 at\u0161okanti, vandenyje pl\u016bduriuojanti ir patvari \u017eaidim\u0173 draug\u0117 kiekvienai nuotyki\u0173 akimirkai! \ud83d\udc36\ud83d\ude80<\/p>\n","protected":false},"featured_media":48765,"template":"","meta":[],"product_brand":[],"product_cat":[541],"product_tag":[],"class_list":{"0":"post-48766","1":"product","2":"type-product","3":"status-publish","4":"has-post-thumbnail","6":"product_cat-zaislai-sunims","8":"first","9":"instock","10":"taxable","11":"shipping-taxable","12":"purchasable","13":"product-type-simple"},"yoast_head":"<!-- This site is optimized with the Yoast SEO plugin v27.4 - https:\/\/yoast.com\/product\/yoast-seo-wordpress\/ -->\n<title>\u017daislas \u0161unims Dog Comets Asteroid metimo lazdel\u0117 L - MiuMjau<\/title>\n<meta name=\"robots\" content=\"index, follow, max-snippet:-1, max-image-preview:large, max-video-preview:-1\" \/>\n<link rel=\"canonical\" href=\"https:\/\/miumjau.ee\/lt\/produktas\/zaislas-sunims-dog-comets-asteroid-metimo-lazdele-l\/\" \/>\n<meta property=\"og:locale\" content=\"lt_LT\" \/>\n<meta property=\"og:type\" content=\"article\" \/>\n<meta property=\"og:title\" content=\"\u017daislas \u0161unims Dog Comets Asteroid metimo lazdel\u0117 L - MiuMjau\" \/>\n<meta property=\"og:description\" content=\"Dog Comets Asteroid \u2013 puikus metimo lazdel\u0117s \u017eaidimams sausumoje ir vandenyje! \ud83d\ude80 Ar tavo \u0161uo m\u0117gsta b\u0117gioti ir atne\u0161ti \u017eaislus? O gal jis yra vandens \u017eaidim\u0173 gerb\u0117jas? Dog Comets Asteroid \u2013 patvari gumos metimo lazdel\u0117, kuri at\u0161oka, pl\u016bduriuoja ir \u010dir\u0161kia \u2013 idealus draugas begaliniams \u017eaidimams! \ud83c\udf1f Kod\u0117l verta rinktis Dog Comets Asteroid?\u2714 Pl\u016bduriuoja vandenyje \u2013 puikiai tinka \u017eaidimams papl\u016bdimyje ar prie e\u017eero\u2714 Puikus at\u0161okimas \u2013 palaiko \u017eaidimo \u012fdomum\u0105\u2714 Valo dantis \u2013 griovelio dizainas padeda suma\u017einti apna\u0161as\u2714 \u010cir\u0161kimo elementas \u2013 \u017eaislas tampa gyvas ir palaiko \u0161uns susidom\u0117jim\u0105\u2714 Patogi rankena \u2013 put\u0173 galu lengva tempti ir ne\u0161ioti\u2714 Ry\u0161kios spalvos \u2013 gerai matomas tiek ant \u017eol\u0117s, tiek vandenyje \ud83d\udccf Dyd\u017eiai:\ud83d\udd39 S \u2013 24 cm\ud83d\udd39 L \u2013 31 cm Suteik savo \u0161uniui naujos energijos \u017eaidimams su Dog Comets Asteroid metimo lazdele \u2013 at\u0161okanti, vandenyje pl\u016bduriuojanti ir patvari \u017eaidim\u0173 draug\u0117 kiekvienai nuotyki\u0173 akimirkai! \ud83d\udc36\ud83d\ude80\" \/>\n<meta property=\"og:url\" content=\"https:\/\/miumjau.ee\/lt\/produktas\/zaislas-sunims-dog-comets-asteroid-metimo-lazdele-l\/\" \/>\n<meta property=\"og:site_name\" content=\"MiuMjau\" \/>\n<meta property=\"article:publisher\" content=\"https:\/\/www.facebook.com\/miumjaupood\/\" \/>\n<meta property=\"article:modified_time\" content=\"2026-01-07T18:44:48+00:00\" \/>\n<meta property=\"og:image\" content=\"https:\/\/miumjau.ee\/wp-content\/uploads\/2025\/03\/manguasi-koertele-dog-comets27.jpg\" \/>\n\t<meta property=\"og:image:width\" content=\"600\" \/>\n\t<meta property=\"og:image:height\" content=\"800\" \/>\n\t<meta property=\"og:image:type\" content=\"image\/jpeg\" \/>\n<meta name=\"twitter:card\" content=\"summary_large_image\" \/>\n<script type=\"application\/ld+json\" class=\"yoast-schema-graph\">{\"@context\":\"https:\\\/\\\/schema.org\",\"@graph\":[{\"@type\":\"WebPage\",\"@id\":\"https:\\\/\\\/miumjau.ee\\\/lt\\\/produktas\\\/zaislas-sunims-dog-comets-asteroid-metimo-lazdele-l\\\/\",\"url\":\"https:\\\/\\\/miumjau.ee\\\/lt\\\/produktas\\\/zaislas-sunims-dog-comets-asteroid-metimo-lazdele-l\\\/\",\"name\":\"\u017daislas \u0161unims Dog Comets Asteroid metimo lazdel\u0117 L - MiuMjau\",\"isPartOf\":{\"@id\":\"https:\\\/\\\/miumjau.ee\\\/#website\"},\"primaryImageOfPage\":{\"@id\":\"https:\\\/\\\/miumjau.ee\\\/lt\\\/produktas\\\/zaislas-sunims-dog-comets-asteroid-metimo-lazdele-l\\\/#primaryimage\"},\"image\":{\"@id\":\"https:\\\/\\\/miumjau.ee\\\/lt\\\/produktas\\\/zaislas-sunims-dog-comets-asteroid-metimo-lazdele-l\\\/#primaryimage\"},\"thumbnailUrl\":\"https:\\\/\\\/miumjau.ee\\\/wp-content\\\/uploads\\\/2025\\\/03\\\/manguasi-koertele-dog-comets27.jpg\",\"datePublished\":\"2025-03-04T11:28:28+00:00\",\"dateModified\":\"2026-01-07T18:44:48+00:00\",\"breadcrumb\":{\"@id\":\"https:\\\/\\\/miumjau.ee\\\/lt\\\/produktas\\\/zaislas-sunims-dog-comets-asteroid-metimo-lazdele-l\\\/#breadcrumb\"},\"inLanguage\":\"lt-LT\",\"potentialAction\":[{\"@type\":\"ReadAction\",\"target\":[\"https:\\\/\\\/miumjau.ee\\\/lt\\\/produktas\\\/zaislas-sunims-dog-comets-asteroid-metimo-lazdele-l\\\/\"]}]},{\"@type\":\"ImageObject\",\"inLanguage\":\"lt-LT\",\"@id\":\"https:\\\/\\\/miumjau.ee\\\/lt\\\/produktas\\\/zaislas-sunims-dog-comets-asteroid-metimo-lazdele-l\\\/#primaryimage\",\"url\":\"https:\\\/\\\/miumjau.ee\\\/wp-content\\\/uploads\\\/2025\\\/03\\\/manguasi-koertele-dog-comets27.jpg\",\"contentUrl\":\"https:\\\/\\\/miumjau.ee\\\/wp-content\\\/uploads\\\/2025\\\/03\\\/manguasi-koertele-dog-comets27.jpg\",\"width\":600,\"height\":800},{\"@type\":\"BreadcrumbList\",\"@id\":\"https:\\\/\\\/miumjau.ee\\\/lt\\\/produktas\\\/zaislas-sunims-dog-comets-asteroid-metimo-lazdele-l\\\/#breadcrumb\",\"itemListElement\":[{\"@type\":\"ListItem\",\"position\":1,\"name\":\"Home\",\"item\":\"https:\\\/\\\/miumjau.ee\\\/lt\\\/\"},{\"@type\":\"ListItem\",\"position\":2,\"name\":\"Parduotuv\u0117\",\"item\":\"https:\\\/\\\/miumjau.ee\\\/lt\\\/parduotuve\\\/\"},{\"@type\":\"ListItem\",\"position\":3,\"name\":\"\u017daislas \u0161unims Dog Comets Asteroid metimo lazdel\u0117 L\"}]},{\"@type\":\"WebSite\",\"@id\":\"https:\\\/\\\/miumjau.ee\\\/#website\",\"url\":\"https:\\\/\\\/miumjau.ee\\\/\",\"name\":\"MiuMjau\",\"description\":\"Kraapimispuud kassidele\",\"publisher\":{\"@id\":\"https:\\\/\\\/miumjau.ee\\\/#organization\"},\"potentialAction\":[{\"@type\":\"SearchAction\",\"target\":{\"@type\":\"EntryPoint\",\"urlTemplate\":\"https:\\\/\\\/miumjau.ee\\\/?s={search_term_string}\"},\"query-input\":{\"@type\":\"PropertyValueSpecification\",\"valueRequired\":true,\"valueName\":\"search_term_string\"}}],\"inLanguage\":\"lt-LT\"},{\"@type\":\"Organization\",\"@id\":\"https:\\\/\\\/miumjau.ee\\\/#organization\",\"name\":\"MiuMjau O\u00dc\",\"url\":\"https:\\\/\\\/miumjau.ee\\\/\",\"logo\":{\"@type\":\"ImageObject\",\"inLanguage\":\"lt-LT\",\"@id\":\"https:\\\/\\\/miumjau.ee\\\/#\\\/schema\\\/logo\\\/image\\\/\",\"url\":\"https:\\\/\\\/miumjau.ee\\\/wp-content\\\/uploads\\\/2022\\\/04\\\/MiuMjau-logo-kollane.png\",\"contentUrl\":\"https:\\\/\\\/miumjau.ee\\\/wp-content\\\/uploads\\\/2022\\\/04\\\/MiuMjau-logo-kollane.png\",\"width\":219,\"height\":100,\"caption\":\"MiuMjau O\u00dc\"},\"image\":{\"@id\":\"https:\\\/\\\/miumjau.ee\\\/#\\\/schema\\\/logo\\\/image\\\/\"},\"sameAs\":[\"https:\\\/\\\/www.facebook.com\\\/miumjaupood\\\/\"]}]}<\/script>\n<!-- \/ Yoast SEO plugin. -->","yoast_head_json":{"title":"\u017daislas \u0161unims Dog Comets Asteroid metimo lazdel\u0117 L - MiuMjau","robots":{"index":"index","follow":"follow","max-snippet":"max-snippet:-1","max-image-preview":"max-image-preview:large","max-video-preview":"max-video-preview:-1"},"canonical":"https:\/\/miumjau.ee\/lt\/produktas\/zaislas-sunims-dog-comets-asteroid-metimo-lazdele-l\/","og_locale":"lt_LT","og_type":"article","og_title":"\u017daislas \u0161unims Dog Comets Asteroid metimo lazdel\u0117 L - MiuMjau","og_description":"Dog Comets Asteroid \u2013 puikus metimo lazdel\u0117s \u017eaidimams sausumoje ir vandenyje! \ud83d\ude80 Ar tavo \u0161uo m\u0117gsta b\u0117gioti ir atne\u0161ti \u017eaislus? O gal jis yra vandens \u017eaidim\u0173 gerb\u0117jas? Dog Comets Asteroid \u2013 patvari gumos metimo lazdel\u0117, kuri at\u0161oka, pl\u016bduriuoja ir \u010dir\u0161kia \u2013 idealus draugas begaliniams \u017eaidimams! \ud83c\udf1f Kod\u0117l verta rinktis Dog Comets Asteroid?\u2714 Pl\u016bduriuoja vandenyje \u2013 puikiai tinka \u017eaidimams papl\u016bdimyje ar prie e\u017eero\u2714 Puikus at\u0161okimas \u2013 palaiko \u017eaidimo \u012fdomum\u0105\u2714 Valo dantis \u2013 griovelio dizainas padeda suma\u017einti apna\u0161as\u2714 \u010cir\u0161kimo elementas \u2013 \u017eaislas tampa gyvas ir palaiko \u0161uns susidom\u0117jim\u0105\u2714 Patogi rankena \u2013 put\u0173 galu lengva tempti ir ne\u0161ioti\u2714 Ry\u0161kios spalvos \u2013 gerai matomas tiek ant \u017eol\u0117s, tiek vandenyje \ud83d\udccf Dyd\u017eiai:\ud83d\udd39 S \u2013 24 cm\ud83d\udd39 L \u2013 31 cm Suteik savo \u0161uniui naujos energijos \u017eaidimams su Dog Comets Asteroid metimo lazdele \u2013 at\u0161okanti, vandenyje pl\u016bduriuojanti ir patvari \u017eaidim\u0173 draug\u0117 kiekvienai nuotyki\u0173 akimirkai! \ud83d\udc36\ud83d\ude80","og_url":"https:\/\/miumjau.ee\/lt\/produktas\/zaislas-sunims-dog-comets-asteroid-metimo-lazdele-l\/","og_site_name":"MiuMjau","article_publisher":"https:\/\/www.facebook.com\/miumjaupood\/","article_modified_time":"2026-01-07T18:44:48+00:00","og_image":[{"width":600,"height":800,"url":"https:\/\/miumjau.ee\/wp-content\/uploads\/2025\/03\/manguasi-koertele-dog-comets27.jpg","type":"image\/jpeg"}],"twitter_card":"summary_large_image","schema":{"@context":"https:\/\/schema.org","@graph":[{"@type":"WebPage","@id":"https:\/\/miumjau.ee\/lt\/produktas\/zaislas-sunims-dog-comets-asteroid-metimo-lazdele-l\/","url":"https:\/\/miumjau.ee\/lt\/produktas\/zaislas-sunims-dog-comets-asteroid-metimo-lazdele-l\/","name":"\u017daislas \u0161unims Dog Comets Asteroid metimo lazdel\u0117 L - MiuMjau","isPartOf":{"@id":"https:\/\/miumjau.ee\/#website"},"primaryImageOfPage":{"@id":"https:\/\/miumjau.ee\/lt\/produktas\/zaislas-sunims-dog-comets-asteroid-metimo-lazdele-l\/#primaryimage"},"image":{"@id":"https:\/\/miumjau.ee\/lt\/produktas\/zaislas-sunims-dog-comets-asteroid-metimo-lazdele-l\/#primaryimage"},"thumbnailUrl":"https:\/\/miumjau.ee\/wp-content\/uploads\/2025\/03\/manguasi-koertele-dog-comets27.jpg","datePublished":"2025-03-04T11:28:28+00:00","dateModified":"2026-01-07T18:44:48+00:00","breadcrumb":{"@id":"https:\/\/miumjau.ee\/lt\/produktas\/zaislas-sunims-dog-comets-asteroid-metimo-lazdele-l\/#breadcrumb"},"inLanguage":"lt-LT","potentialAction":[{"@type":"ReadAction","target":["https:\/\/miumjau.ee\/lt\/produktas\/zaislas-sunims-dog-comets-asteroid-metimo-lazdele-l\/"]}]},{"@type":"ImageObject","inLanguage":"lt-LT","@id":"https:\/\/miumjau.ee\/lt\/produktas\/zaislas-sunims-dog-comets-asteroid-metimo-lazdele-l\/#primaryimage","url":"https:\/\/miumjau.ee\/wp-content\/uploads\/2025\/03\/manguasi-koertele-dog-comets27.jpg","contentUrl":"https:\/\/miumjau.ee\/wp-content\/uploads\/2025\/03\/manguasi-koertele-dog-comets27.jpg","width":600,"height":800},{"@type":"BreadcrumbList","@id":"https:\/\/miumjau.ee\/lt\/produktas\/zaislas-sunims-dog-comets-asteroid-metimo-lazdele-l\/#breadcrumb","itemListElement":[{"@type":"ListItem","position":1,"name":"Home","item":"https:\/\/miumjau.ee\/lt\/"},{"@type":"ListItem","position":2,"name":"Parduotuv\u0117","item":"https:\/\/miumjau.ee\/lt\/parduotuve\/"},{"@type":"ListItem","position":3,"name":"\u017daislas \u0161unims Dog Comets Asteroid metimo lazdel\u0117 L"}]},{"@type":"WebSite","@id":"https:\/\/miumjau.ee\/#website","url":"https:\/\/miumjau.ee\/","name":"MiuMjau","description":"Kraapimispuud kassidele","publisher":{"@id":"https:\/\/miumjau.ee\/#organization"},"potentialAction":[{"@type":"SearchAction","target":{"@type":"EntryPoint","urlTemplate":"https:\/\/miumjau.ee\/?s={search_term_string}"},"query-input":{"@type":"PropertyValueSpecification","valueRequired":true,"valueName":"search_term_string"}}],"inLanguage":"lt-LT"},{"@type":"Organization","@id":"https:\/\/miumjau.ee\/#organization","name":"MiuMjau O\u00dc","url":"https:\/\/miumjau.ee\/","logo":{"@type":"ImageObject","inLanguage":"lt-LT","@id":"https:\/\/miumjau.ee\/#\/schema\/logo\/image\/","url":"https:\/\/miumjau.ee\/wp-content\/uploads\/2022\/04\/MiuMjau-logo-kollane.png","contentUrl":"https:\/\/miumjau.ee\/wp-content\/uploads\/2022\/04\/MiuMjau-logo-kollane.png","width":219,"height":100,"caption":"MiuMjau O\u00dc"},"image":{"@id":"https:\/\/miumjau.ee\/#\/schema\/logo\/image\/"},"sameAs":["https:\/\/www.facebook.com\/miumjaupood\/"]}]}},"_links":{"self":[{"href":"https:\/\/miumjau.ee\/lt\/wp-json\/wp\/v2\/product\/48766","targetHints":{"allow":["GET"]}}],"collection":[{"href":"https:\/\/miumjau.ee\/lt\/wp-json\/wp\/v2\/product"}],"about":[{"href":"https:\/\/miumjau.ee\/lt\/wp-json\/wp\/v2\/types\/product"}],"wp:featuredmedia":[{"embeddable":true,"href":"https:\/\/miumjau.ee\/lt\/wp-json\/wp\/v2\/media\/48765"}],"wp:attachment":[{"href":"https:\/\/miumjau.ee\/lt\/wp-json\/wp\/v2\/media?parent=48766"}],"wp:term":[{"taxonomy":"product_brand","embeddable":true,"href":"https:\/\/miumjau.ee\/lt\/wp-json\/wp\/v2\/product_brand?post=48766"},{"taxonomy":"product_cat","embeddable":true,"href":"https:\/\/miumjau.ee\/lt\/wp-json\/wp\/v2\/product_cat?post=48766"},{"taxonomy":"product_tag","embeddable":true,"href":"https:\/\/miumjau.ee\/lt\/wp-json\/wp\/v2\/product_tag?post=48766"}],"curies":[{"name":"wp","href":"https:\/\/api.w.org\/{rel}","templated":true}]}}