{"id":48752,"date":"2025-03-04T11:44:39","date_gmt":"2025-03-04T09:44:39","guid":{"rendered":"https:\/\/miumjau.ee\/toode\/zaislas-sunims-pluduriuojantis-vandenyje-dog-comets-meteor-s\/"},"modified":"2026-01-07T20:44:48","modified_gmt":"2026-01-07T18:44:48","slug":"zaislas-sunims-pluduriuojantis-vandenyje-dog-comets-meteor-s","status":"publish","type":"product","link":"https:\/\/miumjau.ee\/lt\/produktas\/zaislas-sunims-pluduriuojantis-vandenyje-dog-comets-meteor-s\/","title":{"rendered":"\u017daislas \u0161unims, pl\u016bduriuojantis vandenyje Dog Comets Meteor S"},"content":{"rendered":"","protected":false},"excerpt":{"rendered":"<p data-start=\"1211\" data-end=\"1262\"><strong data-start=\"1211\" data-end=\"1262\">Dog Comets Meteor metimo lazdel\u0117 \u2013 Oran\u017ein\u0117 (S)<\/strong><\/p>\n<p data-start=\"1264\" data-end=\"1314\">Patvari gumos metimo lazdel\u0117, kuri puikiai at\u0161oka!<\/p>\n<p data-start=\"1316\" data-end=\"1446\">\ud83d\udd38 Patvari med\u017eiaga<br data-start=\"1335\" data-end=\"1338\" \/>\ud83d\udd38 Masa\u017euoja dantenas ir palaiko dant\u0173 sveikat\u0105<br data-start=\"1385\" data-end=\"1388\" \/>\ud83d\udd38 \u012emontuotas \u010dir\u0161kimo elementas dar smagesniam \u017eaidimui<\/p>\n<p data-start=\"1448\" data-end=\"1471\" data-is-last-node=\"\" data-is-only-node=\"\">\ud83d\udccf <strong data-start=\"1451\" data-end=\"1461\">Dydis:<\/strong> S \u2013 23 cm<\/p>\n","protected":false},"featured_media":48745,"template":"","meta":[],"product_brand":[],"product_cat":[541],"product_tag":[],"class_list":{"0":"post-48752","1":"product","2":"type-product","3":"status-publish","4":"has-post-thumbnail","6":"product_cat-zaislai-sunims","8":"first","9":"instock","10":"sale","11":"taxable","12":"shipping-taxable","13":"purchasable","14":"product-type-simple"},"yoast_head":"<!-- This site is optimized with the Yoast SEO plugin v27.4 - https:\/\/yoast.com\/product\/yoast-seo-wordpress\/ -->\n<title>\u017daislas \u0161unims, pl\u016bduriuojantis vandenyje Dog Comets Meteor S - MiuMjau<\/title>\n<meta name=\"robots\" content=\"index, follow, max-snippet:-1, max-image-preview:large, max-video-preview:-1\" \/>\n<link rel=\"canonical\" href=\"https:\/\/miumjau.ee\/lt\/produktas\/zaislas-sunims-pluduriuojantis-vandenyje-dog-comets-meteor-s\/\" \/>\n<meta property=\"og:locale\" content=\"lt_LT\" \/>\n<meta property=\"og:type\" content=\"article\" \/>\n<meta property=\"og:title\" content=\"\u017daislas \u0161unims, pl\u016bduriuojantis vandenyje Dog Comets Meteor S - MiuMjau\" \/>\n<meta property=\"og:description\" content=\"Dog Comets Meteor metimo lazdel\u0117 \u2013 Oran\u017ein\u0117 (S) Patvari gumos metimo lazdel\u0117, kuri puikiai at\u0161oka! \ud83d\udd38 Patvari med\u017eiaga\ud83d\udd38 Masa\u017euoja dantenas ir palaiko dant\u0173 sveikat\u0105\ud83d\udd38 \u012emontuotas \u010dir\u0161kimo elementas dar smagesniam \u017eaidimui \ud83d\udccf Dydis: S \u2013 23 cm\" \/>\n<meta property=\"og:url\" content=\"https:\/\/miumjau.ee\/lt\/produktas\/zaislas-sunims-pluduriuojantis-vandenyje-dog-comets-meteor-s\/\" \/>\n<meta property=\"og:site_name\" content=\"MiuMjau\" \/>\n<meta property=\"article:publisher\" content=\"https:\/\/www.facebook.com\/miumjaupood\/\" \/>\n<meta property=\"article:modified_time\" content=\"2026-01-07T18:44:48+00:00\" \/>\n<meta property=\"og:image\" content=\"https:\/\/miumjau.ee\/wp-content\/uploads\/2025\/03\/koera-manguasi-dog-meteor-star-comet2.jpg\" \/>\n\t<meta property=\"og:image:width\" content=\"600\" \/>\n\t<meta property=\"og:image:height\" content=\"800\" \/>\n\t<meta property=\"og:image:type\" content=\"image\/jpeg\" \/>\n<meta name=\"twitter:card\" content=\"summary_large_image\" \/>\n<script type=\"application\/ld+json\" class=\"yoast-schema-graph\">{\"@context\":\"https:\\\/\\\/schema.org\",\"@graph\":[{\"@type\":\"WebPage\",\"@id\":\"https:\\\/\\\/miumjau.ee\\\/lt\\\/produktas\\\/zaislas-sunims-pluduriuojantis-vandenyje-dog-comets-meteor-s\\\/\",\"url\":\"https:\\\/\\\/miumjau.ee\\\/lt\\\/produktas\\\/zaislas-sunims-pluduriuojantis-vandenyje-dog-comets-meteor-s\\\/\",\"name\":\"\u017daislas \u0161unims, pl\u016bduriuojantis vandenyje Dog Comets Meteor S - MiuMjau\",\"isPartOf\":{\"@id\":\"https:\\\/\\\/miumjau.ee\\\/#website\"},\"primaryImageOfPage\":{\"@id\":\"https:\\\/\\\/miumjau.ee\\\/lt\\\/produktas\\\/zaislas-sunims-pluduriuojantis-vandenyje-dog-comets-meteor-s\\\/#primaryimage\"},\"image\":{\"@id\":\"https:\\\/\\\/miumjau.ee\\\/lt\\\/produktas\\\/zaislas-sunims-pluduriuojantis-vandenyje-dog-comets-meteor-s\\\/#primaryimage\"},\"thumbnailUrl\":\"https:\\\/\\\/miumjau.ee\\\/wp-content\\\/uploads\\\/2025\\\/03\\\/koera-manguasi-dog-meteor-star-comet2.jpg\",\"datePublished\":\"2025-03-04T09:44:39+00:00\",\"dateModified\":\"2026-01-07T18:44:48+00:00\",\"breadcrumb\":{\"@id\":\"https:\\\/\\\/miumjau.ee\\\/lt\\\/produktas\\\/zaislas-sunims-pluduriuojantis-vandenyje-dog-comets-meteor-s\\\/#breadcrumb\"},\"inLanguage\":\"lt-LT\",\"potentialAction\":[{\"@type\":\"ReadAction\",\"target\":[\"https:\\\/\\\/miumjau.ee\\\/lt\\\/produktas\\\/zaislas-sunims-pluduriuojantis-vandenyje-dog-comets-meteor-s\\\/\"]}]},{\"@type\":\"ImageObject\",\"inLanguage\":\"lt-LT\",\"@id\":\"https:\\\/\\\/miumjau.ee\\\/lt\\\/produktas\\\/zaislas-sunims-pluduriuojantis-vandenyje-dog-comets-meteor-s\\\/#primaryimage\",\"url\":\"https:\\\/\\\/miumjau.ee\\\/wp-content\\\/uploads\\\/2025\\\/03\\\/koera-manguasi-dog-meteor-star-comet2.jpg\",\"contentUrl\":\"https:\\\/\\\/miumjau.ee\\\/wp-content\\\/uploads\\\/2025\\\/03\\\/koera-manguasi-dog-meteor-star-comet2.jpg\",\"width\":600,\"height\":800,\"caption\":\"M\u00e4nguasi koerale, visatav ja vees h\u00f5ljuv Dog Comets Meteor L\"},{\"@type\":\"BreadcrumbList\",\"@id\":\"https:\\\/\\\/miumjau.ee\\\/lt\\\/produktas\\\/zaislas-sunims-pluduriuojantis-vandenyje-dog-comets-meteor-s\\\/#breadcrumb\",\"itemListElement\":[{\"@type\":\"ListItem\",\"position\":1,\"name\":\"Home\",\"item\":\"https:\\\/\\\/miumjau.ee\\\/lt\\\/\"},{\"@type\":\"ListItem\",\"position\":2,\"name\":\"Parduotuv\u0117\",\"item\":\"https:\\\/\\\/miumjau.ee\\\/lt\\\/parduotuve\\\/\"},{\"@type\":\"ListItem\",\"position\":3,\"name\":\"\u017daislas \u0161unims, pl\u016bduriuojantis vandenyje Dog Comets Meteor S\"}]},{\"@type\":\"WebSite\",\"@id\":\"https:\\\/\\\/miumjau.ee\\\/#website\",\"url\":\"https:\\\/\\\/miumjau.ee\\\/\",\"name\":\"MiuMjau\",\"description\":\"Kraapimispuud kassidele\",\"publisher\":{\"@id\":\"https:\\\/\\\/miumjau.ee\\\/#organization\"},\"potentialAction\":[{\"@type\":\"SearchAction\",\"target\":{\"@type\":\"EntryPoint\",\"urlTemplate\":\"https:\\\/\\\/miumjau.ee\\\/?s={search_term_string}\"},\"query-input\":{\"@type\":\"PropertyValueSpecification\",\"valueRequired\":true,\"valueName\":\"search_term_string\"}}],\"inLanguage\":\"lt-LT\"},{\"@type\":\"Organization\",\"@id\":\"https:\\\/\\\/miumjau.ee\\\/#organization\",\"name\":\"MiuMjau O\u00dc\",\"url\":\"https:\\\/\\\/miumjau.ee\\\/\",\"logo\":{\"@type\":\"ImageObject\",\"inLanguage\":\"lt-LT\",\"@id\":\"https:\\\/\\\/miumjau.ee\\\/#\\\/schema\\\/logo\\\/image\\\/\",\"url\":\"https:\\\/\\\/miumjau.ee\\\/wp-content\\\/uploads\\\/2022\\\/04\\\/MiuMjau-logo-kollane.png\",\"contentUrl\":\"https:\\\/\\\/miumjau.ee\\\/wp-content\\\/uploads\\\/2022\\\/04\\\/MiuMjau-logo-kollane.png\",\"width\":219,\"height\":100,\"caption\":\"MiuMjau O\u00dc\"},\"image\":{\"@id\":\"https:\\\/\\\/miumjau.ee\\\/#\\\/schema\\\/logo\\\/image\\\/\"},\"sameAs\":[\"https:\\\/\\\/www.facebook.com\\\/miumjaupood\\\/\"]}]}<\/script>\n<!-- \/ Yoast SEO plugin. -->","yoast_head_json":{"title":"\u017daislas \u0161unims, pl\u016bduriuojantis vandenyje Dog Comets Meteor S - MiuMjau","robots":{"index":"index","follow":"follow","max-snippet":"max-snippet:-1","max-image-preview":"max-image-preview:large","max-video-preview":"max-video-preview:-1"},"canonical":"https:\/\/miumjau.ee\/lt\/produktas\/zaislas-sunims-pluduriuojantis-vandenyje-dog-comets-meteor-s\/","og_locale":"lt_LT","og_type":"article","og_title":"\u017daislas \u0161unims, pl\u016bduriuojantis vandenyje Dog Comets Meteor S - MiuMjau","og_description":"Dog Comets Meteor metimo lazdel\u0117 \u2013 Oran\u017ein\u0117 (S) Patvari gumos metimo lazdel\u0117, kuri puikiai at\u0161oka! \ud83d\udd38 Patvari med\u017eiaga\ud83d\udd38 Masa\u017euoja dantenas ir palaiko dant\u0173 sveikat\u0105\ud83d\udd38 \u012emontuotas \u010dir\u0161kimo elementas dar smagesniam \u017eaidimui \ud83d\udccf Dydis: S \u2013 23 cm","og_url":"https:\/\/miumjau.ee\/lt\/produktas\/zaislas-sunims-pluduriuojantis-vandenyje-dog-comets-meteor-s\/","og_site_name":"MiuMjau","article_publisher":"https:\/\/www.facebook.com\/miumjaupood\/","article_modified_time":"2026-01-07T18:44:48+00:00","og_image":[{"width":600,"height":800,"url":"https:\/\/miumjau.ee\/wp-content\/uploads\/2025\/03\/koera-manguasi-dog-meteor-star-comet2.jpg","type":"image\/jpeg"}],"twitter_card":"summary_large_image","schema":{"@context":"https:\/\/schema.org","@graph":[{"@type":"WebPage","@id":"https:\/\/miumjau.ee\/lt\/produktas\/zaislas-sunims-pluduriuojantis-vandenyje-dog-comets-meteor-s\/","url":"https:\/\/miumjau.ee\/lt\/produktas\/zaislas-sunims-pluduriuojantis-vandenyje-dog-comets-meteor-s\/","name":"\u017daislas \u0161unims, pl\u016bduriuojantis vandenyje Dog Comets Meteor S - MiuMjau","isPartOf":{"@id":"https:\/\/miumjau.ee\/#website"},"primaryImageOfPage":{"@id":"https:\/\/miumjau.ee\/lt\/produktas\/zaislas-sunims-pluduriuojantis-vandenyje-dog-comets-meteor-s\/#primaryimage"},"image":{"@id":"https:\/\/miumjau.ee\/lt\/produktas\/zaislas-sunims-pluduriuojantis-vandenyje-dog-comets-meteor-s\/#primaryimage"},"thumbnailUrl":"https:\/\/miumjau.ee\/wp-content\/uploads\/2025\/03\/koera-manguasi-dog-meteor-star-comet2.jpg","datePublished":"2025-03-04T09:44:39+00:00","dateModified":"2026-01-07T18:44:48+00:00","breadcrumb":{"@id":"https:\/\/miumjau.ee\/lt\/produktas\/zaislas-sunims-pluduriuojantis-vandenyje-dog-comets-meteor-s\/#breadcrumb"},"inLanguage":"lt-LT","potentialAction":[{"@type":"ReadAction","target":["https:\/\/miumjau.ee\/lt\/produktas\/zaislas-sunims-pluduriuojantis-vandenyje-dog-comets-meteor-s\/"]}]},{"@type":"ImageObject","inLanguage":"lt-LT","@id":"https:\/\/miumjau.ee\/lt\/produktas\/zaislas-sunims-pluduriuojantis-vandenyje-dog-comets-meteor-s\/#primaryimage","url":"https:\/\/miumjau.ee\/wp-content\/uploads\/2025\/03\/koera-manguasi-dog-meteor-star-comet2.jpg","contentUrl":"https:\/\/miumjau.ee\/wp-content\/uploads\/2025\/03\/koera-manguasi-dog-meteor-star-comet2.jpg","width":600,"height":800,"caption":"M\u00e4nguasi koerale, visatav ja vees h\u00f5ljuv Dog Comets Meteor L"},{"@type":"BreadcrumbList","@id":"https:\/\/miumjau.ee\/lt\/produktas\/zaislas-sunims-pluduriuojantis-vandenyje-dog-comets-meteor-s\/#breadcrumb","itemListElement":[{"@type":"ListItem","position":1,"name":"Home","item":"https:\/\/miumjau.ee\/lt\/"},{"@type":"ListItem","position":2,"name":"Parduotuv\u0117","item":"https:\/\/miumjau.ee\/lt\/parduotuve\/"},{"@type":"ListItem","position":3,"name":"\u017daislas \u0161unims, pl\u016bduriuojantis vandenyje Dog Comets Meteor S"}]},{"@type":"WebSite","@id":"https:\/\/miumjau.ee\/#website","url":"https:\/\/miumjau.ee\/","name":"MiuMjau","description":"Kraapimispuud kassidele","publisher":{"@id":"https:\/\/miumjau.ee\/#organization"},"potentialAction":[{"@type":"SearchAction","target":{"@type":"EntryPoint","urlTemplate":"https:\/\/miumjau.ee\/?s={search_term_string}"},"query-input":{"@type":"PropertyValueSpecification","valueRequired":true,"valueName":"search_term_string"}}],"inLanguage":"lt-LT"},{"@type":"Organization","@id":"https:\/\/miumjau.ee\/#organization","name":"MiuMjau O\u00dc","url":"https:\/\/miumjau.ee\/","logo":{"@type":"ImageObject","inLanguage":"lt-LT","@id":"https:\/\/miumjau.ee\/#\/schema\/logo\/image\/","url":"https:\/\/miumjau.ee\/wp-content\/uploads\/2022\/04\/MiuMjau-logo-kollane.png","contentUrl":"https:\/\/miumjau.ee\/wp-content\/uploads\/2022\/04\/MiuMjau-logo-kollane.png","width":219,"height":100,"caption":"MiuMjau O\u00dc"},"image":{"@id":"https:\/\/miumjau.ee\/#\/schema\/logo\/image\/"},"sameAs":["https:\/\/www.facebook.com\/miumjaupood\/"]}]}},"_links":{"self":[{"href":"https:\/\/miumjau.ee\/lt\/wp-json\/wp\/v2\/product\/48752","targetHints":{"allow":["GET"]}}],"collection":[{"href":"https:\/\/miumjau.ee\/lt\/wp-json\/wp\/v2\/product"}],"about":[{"href":"https:\/\/miumjau.ee\/lt\/wp-json\/wp\/v2\/types\/product"}],"wp:featuredmedia":[{"embeddable":true,"href":"https:\/\/miumjau.ee\/lt\/wp-json\/wp\/v2\/media\/48745"}],"wp:attachment":[{"href":"https:\/\/miumjau.ee\/lt\/wp-json\/wp\/v2\/media?parent=48752"}],"wp:term":[{"taxonomy":"product_brand","embeddable":true,"href":"https:\/\/miumjau.ee\/lt\/wp-json\/wp\/v2\/product_brand?post=48752"},{"taxonomy":"product_cat","embeddable":true,"href":"https:\/\/miumjau.ee\/lt\/wp-json\/wp\/v2\/product_cat?post=48752"},{"taxonomy":"product_tag","embeddable":true,"href":"https:\/\/miumjau.ee\/lt\/wp-json\/wp\/v2\/product_tag?post=48752"}],"curies":[{"name":"wp","href":"https:\/\/api.w.org\/{rel}","templated":true}]}}