{"id":48740,"date":"2025-03-04T11:46:58","date_gmt":"2025-03-04T09:46:58","guid":{"rendered":"https:\/\/miumjau.ee\/toode\/zaislas-sunims-kamuolys-dog-comets-stardust-s\/"},"modified":"2026-01-07T20:44:48","modified_gmt":"2026-01-07T18:44:48","slug":"zaislas-sunims-kamuolys-dog-comets-stardust-s","status":"publish","type":"product","link":"https:\/\/miumjau.ee\/lt\/produktas\/zaislas-sunims-kamuolys-dog-comets-stardust-s\/","title":{"rendered":"\u017daislas \u0161unims, kamuolys Dog Comets Stardust S"},"content":{"rendered":"","protected":false},"excerpt":{"rendered":"<p data-start=\"1340\" data-end=\"1442\">Patvarus kamuolys i\u0161 100 % nat\u016bralios gumos, puikiai at\u0161okantis ir pl\u016bduriuojantis vandens pavir\u0161iuje!<\/p>\n<p data-start=\"1444\" data-end=\"1563\">\ud83d\udd39 Valo dantis ir masa\u017euoja dantenas<br data-start=\"1480\" data-end=\"1483\" \/>\ud83d\udd39 Patvarus ir lengvai valomas<br data-start=\"1513\" data-end=\"1516\" \/>\ud83d\udd39 Puikiai tinka m\u0117tymo ir atne\u0161imo \u017eaidimams<\/p>\n<p data-start=\"1565\" data-end=\"1638\">\ud83c\udf0c Tiesiai i\u0161 Visatos gelmi\u0173 \u2013 begaliniam \u017eaidim\u0173 d\u017eiaugsmui tavo \u0161uniui!<\/p>\n<p data-start=\"1640\" data-end=\"1664\" data-is-last-node=\"\" data-is-only-node=\"\">\ud83d\udccf <strong data-start=\"1643\" data-end=\"1653\">Dydis:<\/strong> S \u2013 \u00d8 5 cm<\/p>\n","protected":false},"featured_media":48735,"template":"","meta":[],"product_brand":[],"product_cat":[541],"product_tag":[],"class_list":{"0":"post-48740","1":"product","2":"type-product","3":"status-publish","4":"has-post-thumbnail","6":"product_cat-zaislai-sunims","8":"first","9":"instock","10":"taxable","11":"shipping-taxable","12":"purchasable","13":"product-type-simple"},"yoast_head":"<!-- This site is optimized with the Yoast SEO plugin v27.2 - https:\/\/yoast.com\/product\/yoast-seo-wordpress\/ -->\n<title>\u017daislas \u0161unims, kamuolys Dog Comets Stardust S - MiuMjau<\/title>\n<meta name=\"robots\" content=\"index, follow, max-snippet:-1, max-image-preview:large, max-video-preview:-1\" \/>\n<link rel=\"canonical\" href=\"https:\/\/miumjau.ee\/lt\/produktas\/zaislas-sunims-kamuolys-dog-comets-stardust-s\/\" \/>\n<meta property=\"og:locale\" content=\"lt_LT\" \/>\n<meta property=\"og:type\" content=\"article\" \/>\n<meta property=\"og:title\" content=\"\u017daislas \u0161unims, kamuolys Dog Comets Stardust S - MiuMjau\" \/>\n<meta property=\"og:description\" content=\"Patvarus kamuolys i\u0161 100 % nat\u016bralios gumos, puikiai at\u0161okantis ir pl\u016bduriuojantis vandens pavir\u0161iuje! \ud83d\udd39 Valo dantis ir masa\u017euoja dantenas\ud83d\udd39 Patvarus ir lengvai valomas\ud83d\udd39 Puikiai tinka m\u0117tymo ir atne\u0161imo \u017eaidimams \ud83c\udf0c Tiesiai i\u0161 Visatos gelmi\u0173 \u2013 begaliniam \u017eaidim\u0173 d\u017eiaugsmui tavo \u0161uniui! \ud83d\udccf Dydis: S \u2013 \u00d8 5 cm\" \/>\n<meta property=\"og:url\" content=\"https:\/\/miumjau.ee\/lt\/produktas\/zaislas-sunims-kamuolys-dog-comets-stardust-s\/\" \/>\n<meta property=\"og:site_name\" content=\"MiuMjau\" \/>\n<meta property=\"article:publisher\" content=\"https:\/\/www.facebook.com\/miumjaupood\/\" \/>\n<meta property=\"article:modified_time\" content=\"2026-01-07T18:44:48+00:00\" \/>\n<meta property=\"og:image\" content=\"https:\/\/miumjau.ee\/wp-content\/uploads\/2025\/03\/pall-koerale-dog-comet-stardust-roosa1.jpg\" \/>\n\t<meta property=\"og:image:width\" content=\"600\" \/>\n\t<meta property=\"og:image:height\" content=\"800\" \/>\n\t<meta property=\"og:image:type\" content=\"image\/jpeg\" \/>\n<meta name=\"twitter:card\" content=\"summary_large_image\" \/>\n<script type=\"application\/ld+json\" class=\"yoast-schema-graph\">{\"@context\":\"https:\/\/schema.org\",\"@graph\":[{\"@type\":\"WebPage\",\"@id\":\"https:\/\/miumjau.ee\/lt\/produktas\/zaislas-sunims-kamuolys-dog-comets-stardust-s\/\",\"url\":\"https:\/\/miumjau.ee\/lt\/produktas\/zaislas-sunims-kamuolys-dog-comets-stardust-s\/\",\"name\":\"\u017daislas \u0161unims, kamuolys Dog Comets Stardust S - MiuMjau\",\"isPartOf\":{\"@id\":\"https:\/\/miumjau.ee\/#website\"},\"primaryImageOfPage\":{\"@id\":\"https:\/\/miumjau.ee\/lt\/produktas\/zaislas-sunims-kamuolys-dog-comets-stardust-s\/#primaryimage\"},\"image\":{\"@id\":\"https:\/\/miumjau.ee\/lt\/produktas\/zaislas-sunims-kamuolys-dog-comets-stardust-s\/#primaryimage\"},\"thumbnailUrl\":\"https:\/\/miumjau.ee\/wp-content\/uploads\/2025\/03\/pall-koerale-dog-comet-stardust-roosa1.jpg\",\"datePublished\":\"2025-03-04T09:46:58+00:00\",\"dateModified\":\"2026-01-07T18:44:48+00:00\",\"breadcrumb\":{\"@id\":\"https:\/\/miumjau.ee\/lt\/produktas\/zaislas-sunims-kamuolys-dog-comets-stardust-s\/#breadcrumb\"},\"inLanguage\":\"lt-LT\",\"potentialAction\":[{\"@type\":\"ReadAction\",\"target\":[\"https:\/\/miumjau.ee\/lt\/produktas\/zaislas-sunims-kamuolys-dog-comets-stardust-s\/\"]}]},{\"@type\":\"ImageObject\",\"inLanguage\":\"lt-LT\",\"@id\":\"https:\/\/miumjau.ee\/lt\/produktas\/zaislas-sunims-kamuolys-dog-comets-stardust-s\/#primaryimage\",\"url\":\"https:\/\/miumjau.ee\/wp-content\/uploads\/2025\/03\/pall-koerale-dog-comet-stardust-roosa1.jpg\",\"contentUrl\":\"https:\/\/miumjau.ee\/wp-content\/uploads\/2025\/03\/pall-koerale-dog-comet-stardust-roosa1.jpg\",\"width\":600,\"height\":800},{\"@type\":\"BreadcrumbList\",\"@id\":\"https:\/\/miumjau.ee\/lt\/produktas\/zaislas-sunims-kamuolys-dog-comets-stardust-s\/#breadcrumb\",\"itemListElement\":[{\"@type\":\"ListItem\",\"position\":1,\"name\":\"Home\",\"item\":\"https:\/\/miumjau.ee\/lt\/\"},{\"@type\":\"ListItem\",\"position\":2,\"name\":\"Parduotuv\u0117\",\"item\":\"https:\/\/miumjau.ee\/lt\/parduotuve\/\"},{\"@type\":\"ListItem\",\"position\":3,\"name\":\"\u017daislas \u0161unims, kamuolys Dog Comets Stardust S\"}]},{\"@type\":\"WebSite\",\"@id\":\"https:\/\/miumjau.ee\/#website\",\"url\":\"https:\/\/miumjau.ee\/\",\"name\":\"MiuMjau\",\"description\":\"Kraapimispuud kassidele\",\"publisher\":{\"@id\":\"https:\/\/miumjau.ee\/#organization\"},\"potentialAction\":[{\"@type\":\"SearchAction\",\"target\":{\"@type\":\"EntryPoint\",\"urlTemplate\":\"https:\/\/miumjau.ee\/?s={search_term_string}\"},\"query-input\":{\"@type\":\"PropertyValueSpecification\",\"valueRequired\":true,\"valueName\":\"search_term_string\"}}],\"inLanguage\":\"lt-LT\"},{\"@type\":\"Organization\",\"@id\":\"https:\/\/miumjau.ee\/#organization\",\"name\":\"MiuMjau O\u00dc\",\"url\":\"https:\/\/miumjau.ee\/\",\"logo\":{\"@type\":\"ImageObject\",\"inLanguage\":\"lt-LT\",\"@id\":\"https:\/\/miumjau.ee\/#\/schema\/logo\/image\/\",\"url\":\"https:\/\/miumjau.ee\/wp-content\/uploads\/2022\/04\/MiuMjau-logo-kollane.png\",\"contentUrl\":\"https:\/\/miumjau.ee\/wp-content\/uploads\/2022\/04\/MiuMjau-logo-kollane.png\",\"width\":219,\"height\":100,\"caption\":\"MiuMjau O\u00dc\"},\"image\":{\"@id\":\"https:\/\/miumjau.ee\/#\/schema\/logo\/image\/\"},\"sameAs\":[\"https:\/\/www.facebook.com\/miumjaupood\/\"]}]}<\/script>\n<!-- \/ Yoast SEO plugin. -->","yoast_head_json":{"title":"\u017daislas \u0161unims, kamuolys Dog Comets Stardust S - MiuMjau","robots":{"index":"index","follow":"follow","max-snippet":"max-snippet:-1","max-image-preview":"max-image-preview:large","max-video-preview":"max-video-preview:-1"},"canonical":"https:\/\/miumjau.ee\/lt\/produktas\/zaislas-sunims-kamuolys-dog-comets-stardust-s\/","og_locale":"lt_LT","og_type":"article","og_title":"\u017daislas \u0161unims, kamuolys Dog Comets Stardust S - MiuMjau","og_description":"Patvarus kamuolys i\u0161 100 % nat\u016bralios gumos, puikiai at\u0161okantis ir pl\u016bduriuojantis vandens pavir\u0161iuje! \ud83d\udd39 Valo dantis ir masa\u017euoja dantenas\ud83d\udd39 Patvarus ir lengvai valomas\ud83d\udd39 Puikiai tinka m\u0117tymo ir atne\u0161imo \u017eaidimams \ud83c\udf0c Tiesiai i\u0161 Visatos gelmi\u0173 \u2013 begaliniam \u017eaidim\u0173 d\u017eiaugsmui tavo \u0161uniui! \ud83d\udccf Dydis: S \u2013 \u00d8 5 cm","og_url":"https:\/\/miumjau.ee\/lt\/produktas\/zaislas-sunims-kamuolys-dog-comets-stardust-s\/","og_site_name":"MiuMjau","article_publisher":"https:\/\/www.facebook.com\/miumjaupood\/","article_modified_time":"2026-01-07T18:44:48+00:00","og_image":[{"width":600,"height":800,"url":"https:\/\/miumjau.ee\/wp-content\/uploads\/2025\/03\/pall-koerale-dog-comet-stardust-roosa1.jpg","type":"image\/jpeg"}],"twitter_card":"summary_large_image","schema":{"@context":"https:\/\/schema.org","@graph":[{"@type":"WebPage","@id":"https:\/\/miumjau.ee\/lt\/produktas\/zaislas-sunims-kamuolys-dog-comets-stardust-s\/","url":"https:\/\/miumjau.ee\/lt\/produktas\/zaislas-sunims-kamuolys-dog-comets-stardust-s\/","name":"\u017daislas \u0161unims, kamuolys Dog Comets Stardust S - MiuMjau","isPartOf":{"@id":"https:\/\/miumjau.ee\/#website"},"primaryImageOfPage":{"@id":"https:\/\/miumjau.ee\/lt\/produktas\/zaislas-sunims-kamuolys-dog-comets-stardust-s\/#primaryimage"},"image":{"@id":"https:\/\/miumjau.ee\/lt\/produktas\/zaislas-sunims-kamuolys-dog-comets-stardust-s\/#primaryimage"},"thumbnailUrl":"https:\/\/miumjau.ee\/wp-content\/uploads\/2025\/03\/pall-koerale-dog-comet-stardust-roosa1.jpg","datePublished":"2025-03-04T09:46:58+00:00","dateModified":"2026-01-07T18:44:48+00:00","breadcrumb":{"@id":"https:\/\/miumjau.ee\/lt\/produktas\/zaislas-sunims-kamuolys-dog-comets-stardust-s\/#breadcrumb"},"inLanguage":"lt-LT","potentialAction":[{"@type":"ReadAction","target":["https:\/\/miumjau.ee\/lt\/produktas\/zaislas-sunims-kamuolys-dog-comets-stardust-s\/"]}]},{"@type":"ImageObject","inLanguage":"lt-LT","@id":"https:\/\/miumjau.ee\/lt\/produktas\/zaislas-sunims-kamuolys-dog-comets-stardust-s\/#primaryimage","url":"https:\/\/miumjau.ee\/wp-content\/uploads\/2025\/03\/pall-koerale-dog-comet-stardust-roosa1.jpg","contentUrl":"https:\/\/miumjau.ee\/wp-content\/uploads\/2025\/03\/pall-koerale-dog-comet-stardust-roosa1.jpg","width":600,"height":800},{"@type":"BreadcrumbList","@id":"https:\/\/miumjau.ee\/lt\/produktas\/zaislas-sunims-kamuolys-dog-comets-stardust-s\/#breadcrumb","itemListElement":[{"@type":"ListItem","position":1,"name":"Home","item":"https:\/\/miumjau.ee\/lt\/"},{"@type":"ListItem","position":2,"name":"Parduotuv\u0117","item":"https:\/\/miumjau.ee\/lt\/parduotuve\/"},{"@type":"ListItem","position":3,"name":"\u017daislas \u0161unims, kamuolys Dog Comets Stardust S"}]},{"@type":"WebSite","@id":"https:\/\/miumjau.ee\/#website","url":"https:\/\/miumjau.ee\/","name":"MiuMjau","description":"Kraapimispuud kassidele","publisher":{"@id":"https:\/\/miumjau.ee\/#organization"},"potentialAction":[{"@type":"SearchAction","target":{"@type":"EntryPoint","urlTemplate":"https:\/\/miumjau.ee\/?s={search_term_string}"},"query-input":{"@type":"PropertyValueSpecification","valueRequired":true,"valueName":"search_term_string"}}],"inLanguage":"lt-LT"},{"@type":"Organization","@id":"https:\/\/miumjau.ee\/#organization","name":"MiuMjau O\u00dc","url":"https:\/\/miumjau.ee\/","logo":{"@type":"ImageObject","inLanguage":"lt-LT","@id":"https:\/\/miumjau.ee\/#\/schema\/logo\/image\/","url":"https:\/\/miumjau.ee\/wp-content\/uploads\/2022\/04\/MiuMjau-logo-kollane.png","contentUrl":"https:\/\/miumjau.ee\/wp-content\/uploads\/2022\/04\/MiuMjau-logo-kollane.png","width":219,"height":100,"caption":"MiuMjau O\u00dc"},"image":{"@id":"https:\/\/miumjau.ee\/#\/schema\/logo\/image\/"},"sameAs":["https:\/\/www.facebook.com\/miumjaupood\/"]}]}},"_links":{"self":[{"href":"https:\/\/miumjau.ee\/lt\/wp-json\/wp\/v2\/product\/48740","targetHints":{"allow":["GET"]}}],"collection":[{"href":"https:\/\/miumjau.ee\/lt\/wp-json\/wp\/v2\/product"}],"about":[{"href":"https:\/\/miumjau.ee\/lt\/wp-json\/wp\/v2\/types\/product"}],"wp:featuredmedia":[{"embeddable":true,"href":"https:\/\/miumjau.ee\/lt\/wp-json\/wp\/v2\/media\/48735"}],"wp:attachment":[{"href":"https:\/\/miumjau.ee\/lt\/wp-json\/wp\/v2\/media?parent=48740"}],"wp:term":[{"taxonomy":"product_brand","embeddable":true,"href":"https:\/\/miumjau.ee\/lt\/wp-json\/wp\/v2\/product_brand?post=48740"},{"taxonomy":"product_cat","embeddable":true,"href":"https:\/\/miumjau.ee\/lt\/wp-json\/wp\/v2\/product_cat?post=48740"},{"taxonomy":"product_tag","embeddable":true,"href":"https:\/\/miumjau.ee\/lt\/wp-json\/wp\/v2\/product_tag?post=48740"}],"curies":[{"name":"wp","href":"https:\/\/api.w.org\/{rel}","templated":true}]}}