{"id":48728,"date":"2025-03-04T12:17:45","date_gmt":"2025-03-04T10:17:45","guid":{"rendered":"https:\/\/miumjau.ee\/toode\/zaislas-sunims-dog-comets-hypernova-15-cm-zalias\/"},"modified":"2026-01-07T20:44:55","modified_gmt":"2026-01-07T18:44:55","slug":"zaislas-sunims-dog-comets-hypernova-15-cm-zalias","status":"publish","type":"product","link":"https:\/\/miumjau.ee\/lt\/produktas\/zaislas-sunims-dog-comets-hypernova-15-cm-zalias\/","title":{"rendered":"\u017daislas \u0161unims Dog Comets Hypernova 15 cm, \u017ealias"},"content":{"rendered":"","protected":false},"excerpt":{"rendered":"<p data-start=\"3326\" data-end=\"3405\"><strong data-start=\"3326\" data-end=\"3405\">Dog Comets Hypernova \u2013 kosminis \u017eaidim\u0173 d\u017eiaugsmas tavo geriausiam draugui!<\/strong><\/p>\n<p data-start=\"3407\" data-end=\"3603\">Po galingiausio sprogimo \u2013 HYPERNOVOS \u2013 Visatoje kilo visi\u0161kas chaosas. B\u0117gant metams \u0161ie unikal\u016bs Dog Comets Hypernova kamuoliai pasiek\u0117 \u017dem\u0119, kad suteikt\u0173 tavo \u0161uniui begalin\u012f \u017eaidimo d\u017eiaugsm\u0105!<\/p>\n<p data-start=\"3605\" data-end=\"3895\">\ud83d\udc3e <strong data-start=\"3608\" data-end=\"3687\">Tvirtas ir patvarus \u2013 trij\u0173 sluoksni\u0173 dizainas, sukurtas specialiai \u0161unims:<\/strong><br data-start=\"3687\" data-end=\"3690\" \/>\u2714 Vidinis sluoksnis \u2013 sandarus guminis branduolys<br data-start=\"3739\" data-end=\"3742\" \/>\u2714 Tarpinis sluoksnis \u2013 mink\u0161tinantis medviln\u0117s sluoksnis<br data-start=\"3798\" data-end=\"3801\" \/>\u2714 I\u0161orinis sluoksnis \u2013 patvari PU med\u017eiaga, suteikianti kamuoliui mink\u0161tum\u0105 ir ger\u0105 at\u0161okim\u0105<\/p>\n<p data-start=\"3897\" data-end=\"4132\">\ud83d\udd39 Saugus \u0161uns dantims<br data-start=\"3919\" data-end=\"3922\" \/>\ud83d\udd39 Lengva pasiimti \u2013 tvirtos nailonin\u0117s kilpos palengvina m\u0117tym\u0105 ir atne\u0161im\u0105<br data-start=\"3998\" data-end=\"4001\" \/>\ud83d\udd39 Tinka \u017eaidimams sausumoje ir vandenyje \u2013 kamuolys pl\u016bduriuoja<br data-start=\"4065\" data-end=\"4068\" \/>\ud83d\udd39 Komplekte pompa \u2013 kamuol\u012f lengva prip\u016bsti<br data-start=\"4112\" data-end=\"4115\" \/>\ud83d\udd39 Dydis: 15 cm<\/p>\n<p data-start=\"4134\" data-end=\"4295\">Leisk savo \u0161uniui patirti kosmin\u012f d\u017eiaugsm\u0105 su Dog Comets Hypernova kamuoliu \u2013 patvarus, \u0161oklus ir idealus \u017eaidim\u0173 draugas kiekvienam energingam keturkojui! \ud83d\ude80\ud83d\udc36<\/p>\n","protected":false},"featured_media":48719,"template":"","meta":[],"product_brand":[],"product_cat":[541],"product_tag":[],"class_list":{"0":"post-48728","1":"product","2":"type-product","3":"status-publish","4":"has-post-thumbnail","6":"product_cat-zaislai-sunims","8":"first","9":"instock","10":"sale","11":"taxable","12":"shipping-taxable","13":"purchasable","14":"product-type-simple"},"yoast_head":"<!-- This site is optimized with the Yoast SEO plugin v27.4 - https:\/\/yoast.com\/product\/yoast-seo-wordpress\/ -->\n<title>\u017daislas \u0161unims Dog Comets Hypernova 15 cm, \u017ealias - MiuMjau<\/title>\n<meta name=\"robots\" content=\"index, follow, max-snippet:-1, max-image-preview:large, max-video-preview:-1\" \/>\n<link rel=\"canonical\" href=\"https:\/\/miumjau.ee\/lt\/produktas\/zaislas-sunims-dog-comets-hypernova-15-cm-zalias\/\" \/>\n<meta property=\"og:locale\" content=\"lt_LT\" \/>\n<meta property=\"og:type\" content=\"article\" \/>\n<meta property=\"og:title\" content=\"\u017daislas \u0161unims Dog Comets Hypernova 15 cm, \u017ealias - MiuMjau\" \/>\n<meta property=\"og:description\" content=\"Dog Comets Hypernova \u2013 kosminis \u017eaidim\u0173 d\u017eiaugsmas tavo geriausiam draugui! Po galingiausio sprogimo \u2013 HYPERNOVOS \u2013 Visatoje kilo visi\u0161kas chaosas. B\u0117gant metams \u0161ie unikal\u016bs Dog Comets Hypernova kamuoliai pasiek\u0117 \u017dem\u0119, kad suteikt\u0173 tavo \u0161uniui begalin\u012f \u017eaidimo d\u017eiaugsm\u0105! \ud83d\udc3e Tvirtas ir patvarus \u2013 trij\u0173 sluoksni\u0173 dizainas, sukurtas specialiai \u0161unims:\u2714 Vidinis sluoksnis \u2013 sandarus guminis branduolys\u2714 Tarpinis sluoksnis \u2013 mink\u0161tinantis medviln\u0117s sluoksnis\u2714 I\u0161orinis sluoksnis \u2013 patvari PU med\u017eiaga, suteikianti kamuoliui mink\u0161tum\u0105 ir ger\u0105 at\u0161okim\u0105 \ud83d\udd39 Saugus \u0161uns dantims\ud83d\udd39 Lengva pasiimti \u2013 tvirtos nailonin\u0117s kilpos palengvina m\u0117tym\u0105 ir atne\u0161im\u0105\ud83d\udd39 Tinka \u017eaidimams sausumoje ir vandenyje \u2013 kamuolys pl\u016bduriuoja\ud83d\udd39 Komplekte pompa \u2013 kamuol\u012f lengva prip\u016bsti\ud83d\udd39 Dydis: 15 cm Leisk savo \u0161uniui patirti kosmin\u012f d\u017eiaugsm\u0105 su Dog Comets Hypernova kamuoliu \u2013 patvarus, \u0161oklus ir idealus \u017eaidim\u0173 draugas kiekvienam energingam keturkojui! \ud83d\ude80\ud83d\udc36\" \/>\n<meta property=\"og:url\" content=\"https:\/\/miumjau.ee\/lt\/produktas\/zaislas-sunims-dog-comets-hypernova-15-cm-zalias\/\" \/>\n<meta property=\"og:site_name\" content=\"MiuMjau\" \/>\n<meta property=\"article:publisher\" content=\"https:\/\/www.facebook.com\/miumjaupood\/\" \/>\n<meta property=\"article:modified_time\" content=\"2026-01-07T18:44:55+00:00\" \/>\n<meta property=\"og:image\" content=\"https:\/\/miumjau.ee\/wp-content\/uploads\/2025\/03\/manguasi-koerale-hypernova7.jpg\" \/>\n\t<meta property=\"og:image:width\" content=\"600\" \/>\n\t<meta property=\"og:image:height\" content=\"800\" \/>\n\t<meta property=\"og:image:type\" content=\"image\/jpeg\" \/>\n<meta name=\"twitter:card\" content=\"summary_large_image\" \/>\n<script type=\"application\/ld+json\" class=\"yoast-schema-graph\">{\"@context\":\"https:\\\/\\\/schema.org\",\"@graph\":[{\"@type\":\"WebPage\",\"@id\":\"https:\\\/\\\/miumjau.ee\\\/lt\\\/produktas\\\/zaislas-sunims-dog-comets-hypernova-15-cm-zalias\\\/\",\"url\":\"https:\\\/\\\/miumjau.ee\\\/lt\\\/produktas\\\/zaislas-sunims-dog-comets-hypernova-15-cm-zalias\\\/\",\"name\":\"\u017daislas \u0161unims Dog Comets Hypernova 15 cm, \u017ealias - MiuMjau\",\"isPartOf\":{\"@id\":\"https:\\\/\\\/miumjau.ee\\\/#website\"},\"primaryImageOfPage\":{\"@id\":\"https:\\\/\\\/miumjau.ee\\\/lt\\\/produktas\\\/zaislas-sunims-dog-comets-hypernova-15-cm-zalias\\\/#primaryimage\"},\"image\":{\"@id\":\"https:\\\/\\\/miumjau.ee\\\/lt\\\/produktas\\\/zaislas-sunims-dog-comets-hypernova-15-cm-zalias\\\/#primaryimage\"},\"thumbnailUrl\":\"https:\\\/\\\/miumjau.ee\\\/wp-content\\\/uploads\\\/2025\\\/03\\\/manguasi-koerale-hypernova7.jpg\",\"datePublished\":\"2025-03-04T10:17:45+00:00\",\"dateModified\":\"2026-01-07T18:44:55+00:00\",\"breadcrumb\":{\"@id\":\"https:\\\/\\\/miumjau.ee\\\/lt\\\/produktas\\\/zaislas-sunims-dog-comets-hypernova-15-cm-zalias\\\/#breadcrumb\"},\"inLanguage\":\"lt-LT\",\"potentialAction\":[{\"@type\":\"ReadAction\",\"target\":[\"https:\\\/\\\/miumjau.ee\\\/lt\\\/produktas\\\/zaislas-sunims-dog-comets-hypernova-15-cm-zalias\\\/\"]}]},{\"@type\":\"ImageObject\",\"inLanguage\":\"lt-LT\",\"@id\":\"https:\\\/\\\/miumjau.ee\\\/lt\\\/produktas\\\/zaislas-sunims-dog-comets-hypernova-15-cm-zalias\\\/#primaryimage\",\"url\":\"https:\\\/\\\/miumjau.ee\\\/wp-content\\\/uploads\\\/2025\\\/03\\\/manguasi-koerale-hypernova7.jpg\",\"contentUrl\":\"https:\\\/\\\/miumjau.ee\\\/wp-content\\\/uploads\\\/2025\\\/03\\\/manguasi-koerale-hypernova7.jpg\",\"width\":600,\"height\":800},{\"@type\":\"BreadcrumbList\",\"@id\":\"https:\\\/\\\/miumjau.ee\\\/lt\\\/produktas\\\/zaislas-sunims-dog-comets-hypernova-15-cm-zalias\\\/#breadcrumb\",\"itemListElement\":[{\"@type\":\"ListItem\",\"position\":1,\"name\":\"Home\",\"item\":\"https:\\\/\\\/miumjau.ee\\\/lt\\\/\"},{\"@type\":\"ListItem\",\"position\":2,\"name\":\"Parduotuv\u0117\",\"item\":\"https:\\\/\\\/miumjau.ee\\\/lt\\\/parduotuve\\\/\"},{\"@type\":\"ListItem\",\"position\":3,\"name\":\"\u017daislas \u0161unims Dog Comets Hypernova 15 cm, \u017ealias\"}]},{\"@type\":\"WebSite\",\"@id\":\"https:\\\/\\\/miumjau.ee\\\/#website\",\"url\":\"https:\\\/\\\/miumjau.ee\\\/\",\"name\":\"MiuMjau\",\"description\":\"Kraapimispuud kassidele\",\"publisher\":{\"@id\":\"https:\\\/\\\/miumjau.ee\\\/#organization\"},\"potentialAction\":[{\"@type\":\"SearchAction\",\"target\":{\"@type\":\"EntryPoint\",\"urlTemplate\":\"https:\\\/\\\/miumjau.ee\\\/?s={search_term_string}\"},\"query-input\":{\"@type\":\"PropertyValueSpecification\",\"valueRequired\":true,\"valueName\":\"search_term_string\"}}],\"inLanguage\":\"lt-LT\"},{\"@type\":\"Organization\",\"@id\":\"https:\\\/\\\/miumjau.ee\\\/#organization\",\"name\":\"MiuMjau O\u00dc\",\"url\":\"https:\\\/\\\/miumjau.ee\\\/\",\"logo\":{\"@type\":\"ImageObject\",\"inLanguage\":\"lt-LT\",\"@id\":\"https:\\\/\\\/miumjau.ee\\\/#\\\/schema\\\/logo\\\/image\\\/\",\"url\":\"https:\\\/\\\/miumjau.ee\\\/wp-content\\\/uploads\\\/2022\\\/04\\\/MiuMjau-logo-kollane.png\",\"contentUrl\":\"https:\\\/\\\/miumjau.ee\\\/wp-content\\\/uploads\\\/2022\\\/04\\\/MiuMjau-logo-kollane.png\",\"width\":219,\"height\":100,\"caption\":\"MiuMjau O\u00dc\"},\"image\":{\"@id\":\"https:\\\/\\\/miumjau.ee\\\/#\\\/schema\\\/logo\\\/image\\\/\"},\"sameAs\":[\"https:\\\/\\\/www.facebook.com\\\/miumjaupood\\\/\"]}]}<\/script>\n<!-- \/ Yoast SEO plugin. -->","yoast_head_json":{"title":"\u017daislas \u0161unims Dog Comets Hypernova 15 cm, \u017ealias - MiuMjau","robots":{"index":"index","follow":"follow","max-snippet":"max-snippet:-1","max-image-preview":"max-image-preview:large","max-video-preview":"max-video-preview:-1"},"canonical":"https:\/\/miumjau.ee\/lt\/produktas\/zaislas-sunims-dog-comets-hypernova-15-cm-zalias\/","og_locale":"lt_LT","og_type":"article","og_title":"\u017daislas \u0161unims Dog Comets Hypernova 15 cm, \u017ealias - MiuMjau","og_description":"Dog Comets Hypernova \u2013 kosminis \u017eaidim\u0173 d\u017eiaugsmas tavo geriausiam draugui! Po galingiausio sprogimo \u2013 HYPERNOVOS \u2013 Visatoje kilo visi\u0161kas chaosas. B\u0117gant metams \u0161ie unikal\u016bs Dog Comets Hypernova kamuoliai pasiek\u0117 \u017dem\u0119, kad suteikt\u0173 tavo \u0161uniui begalin\u012f \u017eaidimo d\u017eiaugsm\u0105! \ud83d\udc3e Tvirtas ir patvarus \u2013 trij\u0173 sluoksni\u0173 dizainas, sukurtas specialiai \u0161unims:\u2714 Vidinis sluoksnis \u2013 sandarus guminis branduolys\u2714 Tarpinis sluoksnis \u2013 mink\u0161tinantis medviln\u0117s sluoksnis\u2714 I\u0161orinis sluoksnis \u2013 patvari PU med\u017eiaga, suteikianti kamuoliui mink\u0161tum\u0105 ir ger\u0105 at\u0161okim\u0105 \ud83d\udd39 Saugus \u0161uns dantims\ud83d\udd39 Lengva pasiimti \u2013 tvirtos nailonin\u0117s kilpos palengvina m\u0117tym\u0105 ir atne\u0161im\u0105\ud83d\udd39 Tinka \u017eaidimams sausumoje ir vandenyje \u2013 kamuolys pl\u016bduriuoja\ud83d\udd39 Komplekte pompa \u2013 kamuol\u012f lengva prip\u016bsti\ud83d\udd39 Dydis: 15 cm Leisk savo \u0161uniui patirti kosmin\u012f d\u017eiaugsm\u0105 su Dog Comets Hypernova kamuoliu \u2013 patvarus, \u0161oklus ir idealus \u017eaidim\u0173 draugas kiekvienam energingam keturkojui! \ud83d\ude80\ud83d\udc36","og_url":"https:\/\/miumjau.ee\/lt\/produktas\/zaislas-sunims-dog-comets-hypernova-15-cm-zalias\/","og_site_name":"MiuMjau","article_publisher":"https:\/\/www.facebook.com\/miumjaupood\/","article_modified_time":"2026-01-07T18:44:55+00:00","og_image":[{"width":600,"height":800,"url":"https:\/\/miumjau.ee\/wp-content\/uploads\/2025\/03\/manguasi-koerale-hypernova7.jpg","type":"image\/jpeg"}],"twitter_card":"summary_large_image","schema":{"@context":"https:\/\/schema.org","@graph":[{"@type":"WebPage","@id":"https:\/\/miumjau.ee\/lt\/produktas\/zaislas-sunims-dog-comets-hypernova-15-cm-zalias\/","url":"https:\/\/miumjau.ee\/lt\/produktas\/zaislas-sunims-dog-comets-hypernova-15-cm-zalias\/","name":"\u017daislas \u0161unims Dog Comets Hypernova 15 cm, \u017ealias - MiuMjau","isPartOf":{"@id":"https:\/\/miumjau.ee\/#website"},"primaryImageOfPage":{"@id":"https:\/\/miumjau.ee\/lt\/produktas\/zaislas-sunims-dog-comets-hypernova-15-cm-zalias\/#primaryimage"},"image":{"@id":"https:\/\/miumjau.ee\/lt\/produktas\/zaislas-sunims-dog-comets-hypernova-15-cm-zalias\/#primaryimage"},"thumbnailUrl":"https:\/\/miumjau.ee\/wp-content\/uploads\/2025\/03\/manguasi-koerale-hypernova7.jpg","datePublished":"2025-03-04T10:17:45+00:00","dateModified":"2026-01-07T18:44:55+00:00","breadcrumb":{"@id":"https:\/\/miumjau.ee\/lt\/produktas\/zaislas-sunims-dog-comets-hypernova-15-cm-zalias\/#breadcrumb"},"inLanguage":"lt-LT","potentialAction":[{"@type":"ReadAction","target":["https:\/\/miumjau.ee\/lt\/produktas\/zaislas-sunims-dog-comets-hypernova-15-cm-zalias\/"]}]},{"@type":"ImageObject","inLanguage":"lt-LT","@id":"https:\/\/miumjau.ee\/lt\/produktas\/zaislas-sunims-dog-comets-hypernova-15-cm-zalias\/#primaryimage","url":"https:\/\/miumjau.ee\/wp-content\/uploads\/2025\/03\/manguasi-koerale-hypernova7.jpg","contentUrl":"https:\/\/miumjau.ee\/wp-content\/uploads\/2025\/03\/manguasi-koerale-hypernova7.jpg","width":600,"height":800},{"@type":"BreadcrumbList","@id":"https:\/\/miumjau.ee\/lt\/produktas\/zaislas-sunims-dog-comets-hypernova-15-cm-zalias\/#breadcrumb","itemListElement":[{"@type":"ListItem","position":1,"name":"Home","item":"https:\/\/miumjau.ee\/lt\/"},{"@type":"ListItem","position":2,"name":"Parduotuv\u0117","item":"https:\/\/miumjau.ee\/lt\/parduotuve\/"},{"@type":"ListItem","position":3,"name":"\u017daislas \u0161unims Dog Comets Hypernova 15 cm, \u017ealias"}]},{"@type":"WebSite","@id":"https:\/\/miumjau.ee\/#website","url":"https:\/\/miumjau.ee\/","name":"MiuMjau","description":"Kraapimispuud kassidele","publisher":{"@id":"https:\/\/miumjau.ee\/#organization"},"potentialAction":[{"@type":"SearchAction","target":{"@type":"EntryPoint","urlTemplate":"https:\/\/miumjau.ee\/?s={search_term_string}"},"query-input":{"@type":"PropertyValueSpecification","valueRequired":true,"valueName":"search_term_string"}}],"inLanguage":"lt-LT"},{"@type":"Organization","@id":"https:\/\/miumjau.ee\/#organization","name":"MiuMjau O\u00dc","url":"https:\/\/miumjau.ee\/","logo":{"@type":"ImageObject","inLanguage":"lt-LT","@id":"https:\/\/miumjau.ee\/#\/schema\/logo\/image\/","url":"https:\/\/miumjau.ee\/wp-content\/uploads\/2022\/04\/MiuMjau-logo-kollane.png","contentUrl":"https:\/\/miumjau.ee\/wp-content\/uploads\/2022\/04\/MiuMjau-logo-kollane.png","width":219,"height":100,"caption":"MiuMjau O\u00dc"},"image":{"@id":"https:\/\/miumjau.ee\/#\/schema\/logo\/image\/"},"sameAs":["https:\/\/www.facebook.com\/miumjaupood\/"]}]}},"_links":{"self":[{"href":"https:\/\/miumjau.ee\/lt\/wp-json\/wp\/v2\/product\/48728","targetHints":{"allow":["GET"]}}],"collection":[{"href":"https:\/\/miumjau.ee\/lt\/wp-json\/wp\/v2\/product"}],"about":[{"href":"https:\/\/miumjau.ee\/lt\/wp-json\/wp\/v2\/types\/product"}],"wp:featuredmedia":[{"embeddable":true,"href":"https:\/\/miumjau.ee\/lt\/wp-json\/wp\/v2\/media\/48719"}],"wp:attachment":[{"href":"https:\/\/miumjau.ee\/lt\/wp-json\/wp\/v2\/media?parent=48728"}],"wp:term":[{"taxonomy":"product_brand","embeddable":true,"href":"https:\/\/miumjau.ee\/lt\/wp-json\/wp\/v2\/product_brand?post=48728"},{"taxonomy":"product_cat","embeddable":true,"href":"https:\/\/miumjau.ee\/lt\/wp-json\/wp\/v2\/product_cat?post=48728"},{"taxonomy":"product_tag","embeddable":true,"href":"https:\/\/miumjau.ee\/lt\/wp-json\/wp\/v2\/product_tag?post=48728"}],"curies":[{"name":"wp","href":"https:\/\/api.w.org\/{rel}","templated":true}]}}