{"id":48708,"date":"2025-05-02T14:05:24","date_gmt":"2025-05-02T11:05:24","guid":{"rendered":"https:\/\/miumjau.ee\/toode\/uostymo-kilimelis-sunims-eat-slow-live-longer-50-cm\/"},"modified":"2026-01-07T20:44:55","modified_gmt":"2026-01-07T18:44:55","slug":"uostymo-kilimelis-sunims-eat-slow-live-longer-50-cm","status":"publish","type":"product","link":"https:\/\/miumjau.ee\/lt\/produktas\/uostymo-kilimelis-sunims-eat-slow-live-longer-50-cm\/","title":{"rendered":"Uostymo kilim\u0117lis \u0161unims Eat Slow Live Longer 50 cm"},"content":{"rendered":"","protected":false},"excerpt":{"rendered":"<p data-start=\"4373\" data-end=\"4455\">Uostymo kilim\u0117lis, suteikiantis protin\u0119 stimuliacij\u0105 ir skatinantis l\u0117tesn\u012f \u0117dim\u0105!<\/p>\n<p data-start=\"4457\" data-end=\"4619\">\u2714\ufe0f Padeda i\u0161vengti maisto rijimo ir skatina l\u0117tesn\u012f valgym\u0105<br data-start=\"4516\" data-end=\"4519\" \/>\u2714\ufe0f Suteikia protin\u0119 stimuliacij\u0105 ir pramog\u0105<br data-start=\"4562\" data-end=\"4565\" \/>\u2714\ufe0f Su sutraukimo virvele kilim\u0117lio dyd\u017eiui suma\u017einti<\/p>\n<p data-start=\"4621\" data-end=\"5018\">Eat Slow Live Longer uostymo kilim\u0117lis padeda i\u0161vengti per greito valgymo ir suteikia augintiniui protin\u0119 stimuliacij\u0105. Kilim\u0117lis padengtas daugybe audinio kilpeli\u0173, tarp kuri\u0173 galima pasl\u0117pti saus\u0105 maist\u0105 ar skan\u0117stus, tod\u0117l \u0161uo ar kat\u0117 turi juos ie\u0161koti uostydami. Tai l\u0117tina valgym\u0105 ir skatina geresn\u012f kramtym\u0105. Be to, tai smagus protinis i\u0161\u0161\u016bkis, suteikiantis augintiniui veiklos ir d\u017eiaugsmo.<\/p>\n<p data-start=\"5020\" data-end=\"5178\">Sutraukimo virvel\u0117s pagalba kilim\u0117l\u012f galima suma\u017einti arba naudoti kaip duben\u012f. Kilim\u0117lio apa\u010dia yra neslidi, tod\u0117l jis nejuda, kol augintinis ie\u0161ko skan\u0117st\u0173.<\/p>\n<p data-start=\"5180\" data-end=\"5441\">Per greitas valgymas ar maisto rijimas gali sukelti \u012fvairi\u0173 sveikatos problem\u0173, toki\u0173 kaip nutukimas (maistas tinkamai nesuvir\u0161kinamas), skrand\u017eio u\u017esisukimas ir pilvo p\u016btimas (d\u0117l oro rijimo). Uostymo kilim\u0117lis padeda \u0161ias problemas suma\u017einti arba j\u0173 i\u0161vengti.<\/p>\n<p data-start=\"5443\" data-end=\"5736\"><strong data-start=\"5443\" data-end=\"5469\">Naudojimo instrukcija:<\/strong><br data-start=\"5469\" data-end=\"5472\" \/>Naudokite kilim\u0117l\u012f kasdien\u0117s saus\u0173 pa\u0161ar\u0173 porcijos pateikimui arba skan\u0117stams duoti. Pabarstykite maist\u0105 ar skan\u0117stus ant kilim\u0117lio ir leiskite \u0161uniui ar katei j\u0173 ie\u0161koti. Jei norite, sutraukimo virvele galite suma\u017einti kilim\u0117l\u012f, kad suteiktum\u0117te papildom\u0105 i\u0161\u0161\u016bk\u012f.<\/p>\n<p data-start=\"5738\" data-end=\"5759\"><strong data-start=\"5738\" data-end=\"5751\">Matmenys:<\/strong> \u00d8 50 cm<\/p>\n","protected":false},"featured_media":48705,"template":"","meta":[],"product_brand":[],"product_cat":[541],"product_tag":[],"class_list":{"0":"post-48708","1":"product","2":"type-product","3":"status-publish","4":"has-post-thumbnail","6":"product_cat-zaislai-sunims","8":"first","9":"instock","10":"taxable","11":"shipping-taxable","12":"purchasable","13":"product-type-simple"},"yoast_head":"<!-- This site is optimized with the Yoast SEO plugin v27.2 - https:\/\/yoast.com\/product\/yoast-seo-wordpress\/ -->\n<title>Uostymo kilim\u0117lis \u0161unims Eat Slow Live Longer 50 cm - MiuMjau<\/title>\n<meta name=\"robots\" content=\"index, follow, max-snippet:-1, max-image-preview:large, max-video-preview:-1\" \/>\n<link rel=\"canonical\" href=\"https:\/\/miumjau.ee\/lt\/produktas\/uostymo-kilimelis-sunims-eat-slow-live-longer-50-cm\/\" \/>\n<meta property=\"og:locale\" content=\"lt_LT\" \/>\n<meta property=\"og:type\" content=\"article\" \/>\n<meta property=\"og:title\" content=\"Uostymo kilim\u0117lis \u0161unims Eat Slow Live Longer 50 cm - MiuMjau\" \/>\n<meta property=\"og:description\" content=\"Uostymo kilim\u0117lis, suteikiantis protin\u0119 stimuliacij\u0105 ir skatinantis l\u0117tesn\u012f \u0117dim\u0105! \u2714\ufe0f Padeda i\u0161vengti maisto rijimo ir skatina l\u0117tesn\u012f valgym\u0105\u2714\ufe0f Suteikia protin\u0119 stimuliacij\u0105 ir pramog\u0105\u2714\ufe0f Su sutraukimo virvele kilim\u0117lio dyd\u017eiui suma\u017einti Eat Slow Live Longer uostymo kilim\u0117lis padeda i\u0161vengti per greito valgymo ir suteikia augintiniui protin\u0119 stimuliacij\u0105. Kilim\u0117lis padengtas daugybe audinio kilpeli\u0173, tarp kuri\u0173 galima pasl\u0117pti saus\u0105 maist\u0105 ar skan\u0117stus, tod\u0117l \u0161uo ar kat\u0117 turi juos ie\u0161koti uostydami. Tai l\u0117tina valgym\u0105 ir skatina geresn\u012f kramtym\u0105. Be to, tai smagus protinis i\u0161\u0161\u016bkis, suteikiantis augintiniui veiklos ir d\u017eiaugsmo. Sutraukimo virvel\u0117s pagalba kilim\u0117l\u012f galima suma\u017einti arba naudoti kaip duben\u012f. Kilim\u0117lio apa\u010dia yra neslidi, tod\u0117l jis nejuda, kol augintinis ie\u0161ko skan\u0117st\u0173. Per greitas valgymas ar maisto rijimas gali sukelti \u012fvairi\u0173 sveikatos problem\u0173, toki\u0173 kaip nutukimas (maistas tinkamai nesuvir\u0161kinamas), skrand\u017eio u\u017esisukimas ir pilvo p\u016btimas (d\u0117l oro rijimo). Uostymo kilim\u0117lis padeda \u0161ias problemas suma\u017einti arba j\u0173 i\u0161vengti. Naudojimo instrukcija:Naudokite kilim\u0117l\u012f kasdien\u0117s saus\u0173 pa\u0161ar\u0173 porcijos pateikimui arba skan\u0117stams duoti. Pabarstykite maist\u0105 ar skan\u0117stus ant kilim\u0117lio ir leiskite \u0161uniui ar katei j\u0173 ie\u0161koti. Jei norite, sutraukimo virvele galite suma\u017einti kilim\u0117l\u012f, kad suteiktum\u0117te papildom\u0105 i\u0161\u0161\u016bk\u012f. Matmenys: \u00d8 50 cm\" \/>\n<meta property=\"og:url\" content=\"https:\/\/miumjau.ee\/lt\/produktas\/uostymo-kilimelis-sunims-eat-slow-live-longer-50-cm\/\" \/>\n<meta property=\"og:site_name\" content=\"MiuMjau\" \/>\n<meta property=\"article:publisher\" content=\"https:\/\/www.facebook.com\/miumjaupood\/\" \/>\n<meta property=\"article:modified_time\" content=\"2026-01-07T18:44:55+00:00\" \/>\n<meta property=\"og:image\" content=\"https:\/\/miumjau.ee\/wp-content\/uploads\/2025\/05\/nuuskimismatt-koertele2.webp\" \/>\n\t<meta property=\"og:image:width\" content=\"600\" \/>\n\t<meta property=\"og:image:height\" content=\"800\" \/>\n\t<meta property=\"og:image:type\" content=\"image\/webp\" \/>\n<meta name=\"twitter:card\" content=\"summary_large_image\" \/>\n<script type=\"application\/ld+json\" class=\"yoast-schema-graph\">{\"@context\":\"https:\/\/schema.org\",\"@graph\":[{\"@type\":\"WebPage\",\"@id\":\"https:\/\/miumjau.ee\/lt\/produktas\/uostymo-kilimelis-sunims-eat-slow-live-longer-50-cm\/\",\"url\":\"https:\/\/miumjau.ee\/lt\/produktas\/uostymo-kilimelis-sunims-eat-slow-live-longer-50-cm\/\",\"name\":\"Uostymo kilim\u0117lis \u0161unims Eat Slow Live Longer 50 cm - MiuMjau\",\"isPartOf\":{\"@id\":\"https:\/\/miumjau.ee\/#website\"},\"primaryImageOfPage\":{\"@id\":\"https:\/\/miumjau.ee\/lt\/produktas\/uostymo-kilimelis-sunims-eat-slow-live-longer-50-cm\/#primaryimage\"},\"image\":{\"@id\":\"https:\/\/miumjau.ee\/lt\/produktas\/uostymo-kilimelis-sunims-eat-slow-live-longer-50-cm\/#primaryimage\"},\"thumbnailUrl\":\"https:\/\/miumjau.ee\/wp-content\/uploads\/2025\/05\/nuuskimismatt-koertele2.webp\",\"datePublished\":\"2025-05-02T11:05:24+00:00\",\"dateModified\":\"2026-01-07T18:44:55+00:00\",\"breadcrumb\":{\"@id\":\"https:\/\/miumjau.ee\/lt\/produktas\/uostymo-kilimelis-sunims-eat-slow-live-longer-50-cm\/#breadcrumb\"},\"inLanguage\":\"lt-LT\",\"potentialAction\":[{\"@type\":\"ReadAction\",\"target\":[\"https:\/\/miumjau.ee\/lt\/produktas\/uostymo-kilimelis-sunims-eat-slow-live-longer-50-cm\/\"]}]},{\"@type\":\"ImageObject\",\"inLanguage\":\"lt-LT\",\"@id\":\"https:\/\/miumjau.ee\/lt\/produktas\/uostymo-kilimelis-sunims-eat-slow-live-longer-50-cm\/#primaryimage\",\"url\":\"https:\/\/miumjau.ee\/wp-content\/uploads\/2025\/05\/nuuskimismatt-koertele2.webp\",\"contentUrl\":\"https:\/\/miumjau.ee\/wp-content\/uploads\/2025\/05\/nuuskimismatt-koertele2.webp\",\"width\":600,\"height\":800},{\"@type\":\"BreadcrumbList\",\"@id\":\"https:\/\/miumjau.ee\/lt\/produktas\/uostymo-kilimelis-sunims-eat-slow-live-longer-50-cm\/#breadcrumb\",\"itemListElement\":[{\"@type\":\"ListItem\",\"position\":1,\"name\":\"Home\",\"item\":\"https:\/\/miumjau.ee\/lt\/\"},{\"@type\":\"ListItem\",\"position\":2,\"name\":\"Parduotuv\u0117\",\"item\":\"https:\/\/miumjau.ee\/lt\/parduotuve\/\"},{\"@type\":\"ListItem\",\"position\":3,\"name\":\"Uostymo kilim\u0117lis \u0161unims Eat Slow Live Longer 50 cm\"}]},{\"@type\":\"WebSite\",\"@id\":\"https:\/\/miumjau.ee\/#website\",\"url\":\"https:\/\/miumjau.ee\/\",\"name\":\"MiuMjau\",\"description\":\"Kraapimispuud kassidele\",\"publisher\":{\"@id\":\"https:\/\/miumjau.ee\/#organization\"},\"potentialAction\":[{\"@type\":\"SearchAction\",\"target\":{\"@type\":\"EntryPoint\",\"urlTemplate\":\"https:\/\/miumjau.ee\/?s={search_term_string}\"},\"query-input\":{\"@type\":\"PropertyValueSpecification\",\"valueRequired\":true,\"valueName\":\"search_term_string\"}}],\"inLanguage\":\"lt-LT\"},{\"@type\":\"Organization\",\"@id\":\"https:\/\/miumjau.ee\/#organization\",\"name\":\"MiuMjau O\u00dc\",\"url\":\"https:\/\/miumjau.ee\/\",\"logo\":{\"@type\":\"ImageObject\",\"inLanguage\":\"lt-LT\",\"@id\":\"https:\/\/miumjau.ee\/#\/schema\/logo\/image\/\",\"url\":\"https:\/\/miumjau.ee\/wp-content\/uploads\/2022\/04\/MiuMjau-logo-kollane.png\",\"contentUrl\":\"https:\/\/miumjau.ee\/wp-content\/uploads\/2022\/04\/MiuMjau-logo-kollane.png\",\"width\":219,\"height\":100,\"caption\":\"MiuMjau O\u00dc\"},\"image\":{\"@id\":\"https:\/\/miumjau.ee\/#\/schema\/logo\/image\/\"},\"sameAs\":[\"https:\/\/www.facebook.com\/miumjaupood\/\"]}]}<\/script>\n<!-- \/ Yoast SEO plugin. -->","yoast_head_json":{"title":"Uostymo kilim\u0117lis \u0161unims Eat Slow Live Longer 50 cm - MiuMjau","robots":{"index":"index","follow":"follow","max-snippet":"max-snippet:-1","max-image-preview":"max-image-preview:large","max-video-preview":"max-video-preview:-1"},"canonical":"https:\/\/miumjau.ee\/lt\/produktas\/uostymo-kilimelis-sunims-eat-slow-live-longer-50-cm\/","og_locale":"lt_LT","og_type":"article","og_title":"Uostymo kilim\u0117lis \u0161unims Eat Slow Live Longer 50 cm - MiuMjau","og_description":"Uostymo kilim\u0117lis, suteikiantis protin\u0119 stimuliacij\u0105 ir skatinantis l\u0117tesn\u012f \u0117dim\u0105! \u2714\ufe0f Padeda i\u0161vengti maisto rijimo ir skatina l\u0117tesn\u012f valgym\u0105\u2714\ufe0f Suteikia protin\u0119 stimuliacij\u0105 ir pramog\u0105\u2714\ufe0f Su sutraukimo virvele kilim\u0117lio dyd\u017eiui suma\u017einti Eat Slow Live Longer uostymo kilim\u0117lis padeda i\u0161vengti per greito valgymo ir suteikia augintiniui protin\u0119 stimuliacij\u0105. Kilim\u0117lis padengtas daugybe audinio kilpeli\u0173, tarp kuri\u0173 galima pasl\u0117pti saus\u0105 maist\u0105 ar skan\u0117stus, tod\u0117l \u0161uo ar kat\u0117 turi juos ie\u0161koti uostydami. Tai l\u0117tina valgym\u0105 ir skatina geresn\u012f kramtym\u0105. Be to, tai smagus protinis i\u0161\u0161\u016bkis, suteikiantis augintiniui veiklos ir d\u017eiaugsmo. Sutraukimo virvel\u0117s pagalba kilim\u0117l\u012f galima suma\u017einti arba naudoti kaip duben\u012f. Kilim\u0117lio apa\u010dia yra neslidi, tod\u0117l jis nejuda, kol augintinis ie\u0161ko skan\u0117st\u0173. Per greitas valgymas ar maisto rijimas gali sukelti \u012fvairi\u0173 sveikatos problem\u0173, toki\u0173 kaip nutukimas (maistas tinkamai nesuvir\u0161kinamas), skrand\u017eio u\u017esisukimas ir pilvo p\u016btimas (d\u0117l oro rijimo). Uostymo kilim\u0117lis padeda \u0161ias problemas suma\u017einti arba j\u0173 i\u0161vengti. Naudojimo instrukcija:Naudokite kilim\u0117l\u012f kasdien\u0117s saus\u0173 pa\u0161ar\u0173 porcijos pateikimui arba skan\u0117stams duoti. Pabarstykite maist\u0105 ar skan\u0117stus ant kilim\u0117lio ir leiskite \u0161uniui ar katei j\u0173 ie\u0161koti. Jei norite, sutraukimo virvele galite suma\u017einti kilim\u0117l\u012f, kad suteiktum\u0117te papildom\u0105 i\u0161\u0161\u016bk\u012f. Matmenys: \u00d8 50 cm","og_url":"https:\/\/miumjau.ee\/lt\/produktas\/uostymo-kilimelis-sunims-eat-slow-live-longer-50-cm\/","og_site_name":"MiuMjau","article_publisher":"https:\/\/www.facebook.com\/miumjaupood\/","article_modified_time":"2026-01-07T18:44:55+00:00","og_image":[{"width":600,"height":800,"url":"https:\/\/miumjau.ee\/wp-content\/uploads\/2025\/05\/nuuskimismatt-koertele2.webp","type":"image\/webp"}],"twitter_card":"summary_large_image","schema":{"@context":"https:\/\/schema.org","@graph":[{"@type":"WebPage","@id":"https:\/\/miumjau.ee\/lt\/produktas\/uostymo-kilimelis-sunims-eat-slow-live-longer-50-cm\/","url":"https:\/\/miumjau.ee\/lt\/produktas\/uostymo-kilimelis-sunims-eat-slow-live-longer-50-cm\/","name":"Uostymo kilim\u0117lis \u0161unims Eat Slow Live Longer 50 cm - MiuMjau","isPartOf":{"@id":"https:\/\/miumjau.ee\/#website"},"primaryImageOfPage":{"@id":"https:\/\/miumjau.ee\/lt\/produktas\/uostymo-kilimelis-sunims-eat-slow-live-longer-50-cm\/#primaryimage"},"image":{"@id":"https:\/\/miumjau.ee\/lt\/produktas\/uostymo-kilimelis-sunims-eat-slow-live-longer-50-cm\/#primaryimage"},"thumbnailUrl":"https:\/\/miumjau.ee\/wp-content\/uploads\/2025\/05\/nuuskimismatt-koertele2.webp","datePublished":"2025-05-02T11:05:24+00:00","dateModified":"2026-01-07T18:44:55+00:00","breadcrumb":{"@id":"https:\/\/miumjau.ee\/lt\/produktas\/uostymo-kilimelis-sunims-eat-slow-live-longer-50-cm\/#breadcrumb"},"inLanguage":"lt-LT","potentialAction":[{"@type":"ReadAction","target":["https:\/\/miumjau.ee\/lt\/produktas\/uostymo-kilimelis-sunims-eat-slow-live-longer-50-cm\/"]}]},{"@type":"ImageObject","inLanguage":"lt-LT","@id":"https:\/\/miumjau.ee\/lt\/produktas\/uostymo-kilimelis-sunims-eat-slow-live-longer-50-cm\/#primaryimage","url":"https:\/\/miumjau.ee\/wp-content\/uploads\/2025\/05\/nuuskimismatt-koertele2.webp","contentUrl":"https:\/\/miumjau.ee\/wp-content\/uploads\/2025\/05\/nuuskimismatt-koertele2.webp","width":600,"height":800},{"@type":"BreadcrumbList","@id":"https:\/\/miumjau.ee\/lt\/produktas\/uostymo-kilimelis-sunims-eat-slow-live-longer-50-cm\/#breadcrumb","itemListElement":[{"@type":"ListItem","position":1,"name":"Home","item":"https:\/\/miumjau.ee\/lt\/"},{"@type":"ListItem","position":2,"name":"Parduotuv\u0117","item":"https:\/\/miumjau.ee\/lt\/parduotuve\/"},{"@type":"ListItem","position":3,"name":"Uostymo kilim\u0117lis \u0161unims Eat Slow Live Longer 50 cm"}]},{"@type":"WebSite","@id":"https:\/\/miumjau.ee\/#website","url":"https:\/\/miumjau.ee\/","name":"MiuMjau","description":"Kraapimispuud kassidele","publisher":{"@id":"https:\/\/miumjau.ee\/#organization"},"potentialAction":[{"@type":"SearchAction","target":{"@type":"EntryPoint","urlTemplate":"https:\/\/miumjau.ee\/?s={search_term_string}"},"query-input":{"@type":"PropertyValueSpecification","valueRequired":true,"valueName":"search_term_string"}}],"inLanguage":"lt-LT"},{"@type":"Organization","@id":"https:\/\/miumjau.ee\/#organization","name":"MiuMjau O\u00dc","url":"https:\/\/miumjau.ee\/","logo":{"@type":"ImageObject","inLanguage":"lt-LT","@id":"https:\/\/miumjau.ee\/#\/schema\/logo\/image\/","url":"https:\/\/miumjau.ee\/wp-content\/uploads\/2022\/04\/MiuMjau-logo-kollane.png","contentUrl":"https:\/\/miumjau.ee\/wp-content\/uploads\/2022\/04\/MiuMjau-logo-kollane.png","width":219,"height":100,"caption":"MiuMjau O\u00dc"},"image":{"@id":"https:\/\/miumjau.ee\/#\/schema\/logo\/image\/"},"sameAs":["https:\/\/www.facebook.com\/miumjaupood\/"]}]}},"_links":{"self":[{"href":"https:\/\/miumjau.ee\/lt\/wp-json\/wp\/v2\/product\/48708","targetHints":{"allow":["GET"]}}],"collection":[{"href":"https:\/\/miumjau.ee\/lt\/wp-json\/wp\/v2\/product"}],"about":[{"href":"https:\/\/miumjau.ee\/lt\/wp-json\/wp\/v2\/types\/product"}],"wp:featuredmedia":[{"embeddable":true,"href":"https:\/\/miumjau.ee\/lt\/wp-json\/wp\/v2\/media\/48705"}],"wp:attachment":[{"href":"https:\/\/miumjau.ee\/lt\/wp-json\/wp\/v2\/media?parent=48708"}],"wp:term":[{"taxonomy":"product_brand","embeddable":true,"href":"https:\/\/miumjau.ee\/lt\/wp-json\/wp\/v2\/product_brand?post=48708"},{"taxonomy":"product_cat","embeddable":true,"href":"https:\/\/miumjau.ee\/lt\/wp-json\/wp\/v2\/product_cat?post=48708"},{"taxonomy":"product_tag","embeddable":true,"href":"https:\/\/miumjau.ee\/lt\/wp-json\/wp\/v2\/product_tag?post=48708"}],"curies":[{"name":"wp","href":"https:\/\/api.w.org\/{rel}","templated":true}]}}