{"id":48699,"date":"2025-04-21T23:29:33","date_gmt":"2025-04-21T20:29:33","guid":{"rendered":"https:\/\/miumjau.ee\/toode\/kong-wubba-l-zaislas-sunims\/"},"modified":"2026-01-07T20:44:55","modified_gmt":"2026-01-07T18:44:55","slug":"kong-wubba-l-zaislas-sunims","status":"publish","type":"product","link":"https:\/\/miumjau.ee\/lt\/produktas\/kong-wubba-l-zaislas-sunims\/","title":{"rendered":"KONG Wubba L \u017eaislas \u0161unims"},"content":{"rendered":"","protected":false},"excerpt":{"rendered":"<p data-start=\"2399\" data-end=\"2468\"><strong data-start=\"2399\" data-end=\"2468\">KONG Wubba \u2013 puikiai tinka m\u0117tyti, tampyti ir smagiems \u017eaidimams!<\/strong><\/p>\n<p data-start=\"2470\" data-end=\"2766\">KONG Wubba \u2013 tai interaktyvus \u017eaislas, specialiai sukurtas \u0161unims, suteikiantis smagi\u0105 veikl\u0105 ir stiprinantis ry\u0161\u012f tarp \u0161eimininko ir augintinio. Patvarus nailoninis apvalkalas slepia du kamuoliukus \u2013 vir\u0161uje teniso kamuoliuk\u0105, apa\u010dioje cypsiant\u012f kamuoliuk\u0105, kuris \u017eaidim\u0105 paver\u010dia dar \u012fdomesniu.<\/p>\n<p data-start=\"2768\" data-end=\"3112\"><strong data-start=\"2768\" data-end=\"2797\">Kod\u0117l rinktis KONG Wubba?<\/strong><br data-start=\"2797\" data-end=\"2800\" \/>\u2714 Ilgos \u201euodegos\u201c \u2013 lengva sugriebti, mesti ir tampyti<br data-start=\"2854\" data-end=\"2857\" \/>\u2714 Dvigubo kamuoliuko dizainas \u2013 teniso kamuoliukas + cypsiantis kamuoliukas suteikia daugiau energijos \u017eaidimui<br data-start=\"2968\" data-end=\"2971\" \/>\u2714 Patvari nailono med\u017eiaga \u2013 papildomas tvirtumas aktyviems \u0161unims<br data-start=\"3037\" data-end=\"3040\" \/>\u2714 Cypsiantis vidus \u2013 suteikia \u017eaidimui jaudulio ir skatina \u0161un\u012f \u017eaisti<\/p>\n<p data-start=\"3114\" data-end=\"3174\"><strong data-start=\"3114\" data-end=\"3126\">Dyd\u017eiai:<\/strong><br data-start=\"3126\" data-end=\"3129\" \/>S \u2013 22,86 cm<br data-start=\"3141\" data-end=\"3144\" \/>L \u2013 33,02 cm<br data-start=\"3156\" data-end=\"3159\" \/>XL \u2013 43,18 cm<\/p>\n<p data-start=\"3176\" data-end=\"3199\"><strong data-start=\"3176\" data-end=\"3199\">Spalva atsitiktin\u0117!<\/strong><\/p>\n","protected":false},"featured_media":48687,"template":"","meta":[],"product_brand":[],"product_cat":[541],"product_tag":[],"class_list":{"0":"post-48699","1":"product","2":"type-product","3":"status-publish","4":"has-post-thumbnail","6":"product_cat-zaislai-sunims","8":"first","9":"outofstock","10":"taxable","11":"shipping-taxable","12":"purchasable","13":"product-type-simple"},"yoast_head":"<!-- This site is optimized with the Yoast SEO plugin v27.2 - https:\/\/yoast.com\/product\/yoast-seo-wordpress\/ -->\n<title>KONG Wubba L \u017eaislas \u0161unims - MiuMjau<\/title>\n<meta name=\"robots\" content=\"index, follow, max-snippet:-1, max-image-preview:large, max-video-preview:-1\" \/>\n<link rel=\"canonical\" href=\"https:\/\/miumjau.ee\/lt\/produktas\/kong-wubba-l-zaislas-sunims\/\" \/>\n<meta property=\"og:locale\" content=\"lt_LT\" \/>\n<meta property=\"og:type\" content=\"article\" \/>\n<meta property=\"og:title\" content=\"KONG Wubba L \u017eaislas \u0161unims - MiuMjau\" \/>\n<meta property=\"og:description\" content=\"KONG Wubba \u2013 puikiai tinka m\u0117tyti, tampyti ir smagiems \u017eaidimams! KONG Wubba \u2013 tai interaktyvus \u017eaislas, specialiai sukurtas \u0161unims, suteikiantis smagi\u0105 veikl\u0105 ir stiprinantis ry\u0161\u012f tarp \u0161eimininko ir augintinio. Patvarus nailoninis apvalkalas slepia du kamuoliukus \u2013 vir\u0161uje teniso kamuoliuk\u0105, apa\u010dioje cypsiant\u012f kamuoliuk\u0105, kuris \u017eaidim\u0105 paver\u010dia dar \u012fdomesniu. Kod\u0117l rinktis KONG Wubba?\u2714 Ilgos \u201euodegos\u201c \u2013 lengva sugriebti, mesti ir tampyti\u2714 Dvigubo kamuoliuko dizainas \u2013 teniso kamuoliukas + cypsiantis kamuoliukas suteikia daugiau energijos \u017eaidimui\u2714 Patvari nailono med\u017eiaga \u2013 papildomas tvirtumas aktyviems \u0161unims\u2714 Cypsiantis vidus \u2013 suteikia \u017eaidimui jaudulio ir skatina \u0161un\u012f \u017eaisti Dyd\u017eiai:S \u2013 22,86 cmL \u2013 33,02 cmXL \u2013 43,18 cm Spalva atsitiktin\u0117!\" \/>\n<meta property=\"og:url\" content=\"https:\/\/miumjau.ee\/lt\/produktas\/kong-wubba-l-zaislas-sunims\/\" \/>\n<meta property=\"og:site_name\" content=\"MiuMjau\" \/>\n<meta property=\"article:publisher\" content=\"https:\/\/www.facebook.com\/miumjaupood\/\" \/>\n<meta property=\"article:modified_time\" content=\"2026-01-07T18:44:55+00:00\" \/>\n<meta property=\"og:image\" content=\"https:\/\/miumjau.ee\/wp-content\/uploads\/2025\/04\/kong-wubba-manguasi-koertele-1.webp\" \/>\n\t<meta property=\"og:image:width\" content=\"600\" \/>\n\t<meta property=\"og:image:height\" content=\"799\" \/>\n\t<meta property=\"og:image:type\" content=\"image\/webp\" \/>\n<meta name=\"twitter:card\" content=\"summary_large_image\" \/>\n<script type=\"application\/ld+json\" class=\"yoast-schema-graph\">{\"@context\":\"https:\/\/schema.org\",\"@graph\":[{\"@type\":\"WebPage\",\"@id\":\"https:\/\/miumjau.ee\/lt\/produktas\/kong-wubba-l-zaislas-sunims\/\",\"url\":\"https:\/\/miumjau.ee\/lt\/produktas\/kong-wubba-l-zaislas-sunims\/\",\"name\":\"KONG Wubba L \u017eaislas \u0161unims - MiuMjau\",\"isPartOf\":{\"@id\":\"https:\/\/miumjau.ee\/#website\"},\"primaryImageOfPage\":{\"@id\":\"https:\/\/miumjau.ee\/lt\/produktas\/kong-wubba-l-zaislas-sunims\/#primaryimage\"},\"image\":{\"@id\":\"https:\/\/miumjau.ee\/lt\/produktas\/kong-wubba-l-zaislas-sunims\/#primaryimage\"},\"thumbnailUrl\":\"https:\/\/miumjau.ee\/wp-content\/uploads\/2025\/04\/kong-wubba-manguasi-koertele-1.webp\",\"datePublished\":\"2025-04-21T20:29:33+00:00\",\"dateModified\":\"2026-01-07T18:44:55+00:00\",\"breadcrumb\":{\"@id\":\"https:\/\/miumjau.ee\/lt\/produktas\/kong-wubba-l-zaislas-sunims\/#breadcrumb\"},\"inLanguage\":\"lt-LT\",\"potentialAction\":[{\"@type\":\"ReadAction\",\"target\":[\"https:\/\/miumjau.ee\/lt\/produktas\/kong-wubba-l-zaislas-sunims\/\"]}]},{\"@type\":\"ImageObject\",\"inLanguage\":\"lt-LT\",\"@id\":\"https:\/\/miumjau.ee\/lt\/produktas\/kong-wubba-l-zaislas-sunims\/#primaryimage\",\"url\":\"https:\/\/miumjau.ee\/wp-content\/uploads\/2025\/04\/kong-wubba-manguasi-koertele-1.webp\",\"contentUrl\":\"https:\/\/miumjau.ee\/wp-content\/uploads\/2025\/04\/kong-wubba-manguasi-koertele-1.webp\",\"width\":600,\"height\":799},{\"@type\":\"BreadcrumbList\",\"@id\":\"https:\/\/miumjau.ee\/lt\/produktas\/kong-wubba-l-zaislas-sunims\/#breadcrumb\",\"itemListElement\":[{\"@type\":\"ListItem\",\"position\":1,\"name\":\"Home\",\"item\":\"https:\/\/miumjau.ee\/lt\/\"},{\"@type\":\"ListItem\",\"position\":2,\"name\":\"Parduotuv\u0117\",\"item\":\"https:\/\/miumjau.ee\/lt\/parduotuve\/\"},{\"@type\":\"ListItem\",\"position\":3,\"name\":\"KONG Wubba L \u017eaislas \u0161unims\"}]},{\"@type\":\"WebSite\",\"@id\":\"https:\/\/miumjau.ee\/#website\",\"url\":\"https:\/\/miumjau.ee\/\",\"name\":\"MiuMjau\",\"description\":\"Kraapimispuud kassidele\",\"publisher\":{\"@id\":\"https:\/\/miumjau.ee\/#organization\"},\"potentialAction\":[{\"@type\":\"SearchAction\",\"target\":{\"@type\":\"EntryPoint\",\"urlTemplate\":\"https:\/\/miumjau.ee\/?s={search_term_string}\"},\"query-input\":{\"@type\":\"PropertyValueSpecification\",\"valueRequired\":true,\"valueName\":\"search_term_string\"}}],\"inLanguage\":\"lt-LT\"},{\"@type\":\"Organization\",\"@id\":\"https:\/\/miumjau.ee\/#organization\",\"name\":\"MiuMjau O\u00dc\",\"url\":\"https:\/\/miumjau.ee\/\",\"logo\":{\"@type\":\"ImageObject\",\"inLanguage\":\"lt-LT\",\"@id\":\"https:\/\/miumjau.ee\/#\/schema\/logo\/image\/\",\"url\":\"https:\/\/miumjau.ee\/wp-content\/uploads\/2022\/04\/MiuMjau-logo-kollane.png\",\"contentUrl\":\"https:\/\/miumjau.ee\/wp-content\/uploads\/2022\/04\/MiuMjau-logo-kollane.png\",\"width\":219,\"height\":100,\"caption\":\"MiuMjau O\u00dc\"},\"image\":{\"@id\":\"https:\/\/miumjau.ee\/#\/schema\/logo\/image\/\"},\"sameAs\":[\"https:\/\/www.facebook.com\/miumjaupood\/\"]}]}<\/script>\n<!-- \/ Yoast SEO plugin. -->","yoast_head_json":{"title":"KONG Wubba L \u017eaislas \u0161unims - MiuMjau","robots":{"index":"index","follow":"follow","max-snippet":"max-snippet:-1","max-image-preview":"max-image-preview:large","max-video-preview":"max-video-preview:-1"},"canonical":"https:\/\/miumjau.ee\/lt\/produktas\/kong-wubba-l-zaislas-sunims\/","og_locale":"lt_LT","og_type":"article","og_title":"KONG Wubba L \u017eaislas \u0161unims - MiuMjau","og_description":"KONG Wubba \u2013 puikiai tinka m\u0117tyti, tampyti ir smagiems \u017eaidimams! KONG Wubba \u2013 tai interaktyvus \u017eaislas, specialiai sukurtas \u0161unims, suteikiantis smagi\u0105 veikl\u0105 ir stiprinantis ry\u0161\u012f tarp \u0161eimininko ir augintinio. Patvarus nailoninis apvalkalas slepia du kamuoliukus \u2013 vir\u0161uje teniso kamuoliuk\u0105, apa\u010dioje cypsiant\u012f kamuoliuk\u0105, kuris \u017eaidim\u0105 paver\u010dia dar \u012fdomesniu. Kod\u0117l rinktis KONG Wubba?\u2714 Ilgos \u201euodegos\u201c \u2013 lengva sugriebti, mesti ir tampyti\u2714 Dvigubo kamuoliuko dizainas \u2013 teniso kamuoliukas + cypsiantis kamuoliukas suteikia daugiau energijos \u017eaidimui\u2714 Patvari nailono med\u017eiaga \u2013 papildomas tvirtumas aktyviems \u0161unims\u2714 Cypsiantis vidus \u2013 suteikia \u017eaidimui jaudulio ir skatina \u0161un\u012f \u017eaisti Dyd\u017eiai:S \u2013 22,86 cmL \u2013 33,02 cmXL \u2013 43,18 cm Spalva atsitiktin\u0117!","og_url":"https:\/\/miumjau.ee\/lt\/produktas\/kong-wubba-l-zaislas-sunims\/","og_site_name":"MiuMjau","article_publisher":"https:\/\/www.facebook.com\/miumjaupood\/","article_modified_time":"2026-01-07T18:44:55+00:00","og_image":[{"width":600,"height":799,"url":"https:\/\/miumjau.ee\/wp-content\/uploads\/2025\/04\/kong-wubba-manguasi-koertele-1.webp","type":"image\/webp"}],"twitter_card":"summary_large_image","schema":{"@context":"https:\/\/schema.org","@graph":[{"@type":"WebPage","@id":"https:\/\/miumjau.ee\/lt\/produktas\/kong-wubba-l-zaislas-sunims\/","url":"https:\/\/miumjau.ee\/lt\/produktas\/kong-wubba-l-zaislas-sunims\/","name":"KONG Wubba L \u017eaislas \u0161unims - MiuMjau","isPartOf":{"@id":"https:\/\/miumjau.ee\/#website"},"primaryImageOfPage":{"@id":"https:\/\/miumjau.ee\/lt\/produktas\/kong-wubba-l-zaislas-sunims\/#primaryimage"},"image":{"@id":"https:\/\/miumjau.ee\/lt\/produktas\/kong-wubba-l-zaislas-sunims\/#primaryimage"},"thumbnailUrl":"https:\/\/miumjau.ee\/wp-content\/uploads\/2025\/04\/kong-wubba-manguasi-koertele-1.webp","datePublished":"2025-04-21T20:29:33+00:00","dateModified":"2026-01-07T18:44:55+00:00","breadcrumb":{"@id":"https:\/\/miumjau.ee\/lt\/produktas\/kong-wubba-l-zaislas-sunims\/#breadcrumb"},"inLanguage":"lt-LT","potentialAction":[{"@type":"ReadAction","target":["https:\/\/miumjau.ee\/lt\/produktas\/kong-wubba-l-zaislas-sunims\/"]}]},{"@type":"ImageObject","inLanguage":"lt-LT","@id":"https:\/\/miumjau.ee\/lt\/produktas\/kong-wubba-l-zaislas-sunims\/#primaryimage","url":"https:\/\/miumjau.ee\/wp-content\/uploads\/2025\/04\/kong-wubba-manguasi-koertele-1.webp","contentUrl":"https:\/\/miumjau.ee\/wp-content\/uploads\/2025\/04\/kong-wubba-manguasi-koertele-1.webp","width":600,"height":799},{"@type":"BreadcrumbList","@id":"https:\/\/miumjau.ee\/lt\/produktas\/kong-wubba-l-zaislas-sunims\/#breadcrumb","itemListElement":[{"@type":"ListItem","position":1,"name":"Home","item":"https:\/\/miumjau.ee\/lt\/"},{"@type":"ListItem","position":2,"name":"Parduotuv\u0117","item":"https:\/\/miumjau.ee\/lt\/parduotuve\/"},{"@type":"ListItem","position":3,"name":"KONG Wubba L \u017eaislas \u0161unims"}]},{"@type":"WebSite","@id":"https:\/\/miumjau.ee\/#website","url":"https:\/\/miumjau.ee\/","name":"MiuMjau","description":"Kraapimispuud kassidele","publisher":{"@id":"https:\/\/miumjau.ee\/#organization"},"potentialAction":[{"@type":"SearchAction","target":{"@type":"EntryPoint","urlTemplate":"https:\/\/miumjau.ee\/?s={search_term_string}"},"query-input":{"@type":"PropertyValueSpecification","valueRequired":true,"valueName":"search_term_string"}}],"inLanguage":"lt-LT"},{"@type":"Organization","@id":"https:\/\/miumjau.ee\/#organization","name":"MiuMjau O\u00dc","url":"https:\/\/miumjau.ee\/","logo":{"@type":"ImageObject","inLanguage":"lt-LT","@id":"https:\/\/miumjau.ee\/#\/schema\/logo\/image\/","url":"https:\/\/miumjau.ee\/wp-content\/uploads\/2022\/04\/MiuMjau-logo-kollane.png","contentUrl":"https:\/\/miumjau.ee\/wp-content\/uploads\/2022\/04\/MiuMjau-logo-kollane.png","width":219,"height":100,"caption":"MiuMjau O\u00dc"},"image":{"@id":"https:\/\/miumjau.ee\/#\/schema\/logo\/image\/"},"sameAs":["https:\/\/www.facebook.com\/miumjaupood\/"]}]}},"_links":{"self":[{"href":"https:\/\/miumjau.ee\/lt\/wp-json\/wp\/v2\/product\/48699","targetHints":{"allow":["GET"]}}],"collection":[{"href":"https:\/\/miumjau.ee\/lt\/wp-json\/wp\/v2\/product"}],"about":[{"href":"https:\/\/miumjau.ee\/lt\/wp-json\/wp\/v2\/types\/product"}],"wp:featuredmedia":[{"embeddable":true,"href":"https:\/\/miumjau.ee\/lt\/wp-json\/wp\/v2\/media\/48687"}],"wp:attachment":[{"href":"https:\/\/miumjau.ee\/lt\/wp-json\/wp\/v2\/media?parent=48699"}],"wp:term":[{"taxonomy":"product_brand","embeddable":true,"href":"https:\/\/miumjau.ee\/lt\/wp-json\/wp\/v2\/product_brand?post=48699"},{"taxonomy":"product_cat","embeddable":true,"href":"https:\/\/miumjau.ee\/lt\/wp-json\/wp\/v2\/product_cat?post=48699"},{"taxonomy":"product_tag","embeddable":true,"href":"https:\/\/miumjau.ee\/lt\/wp-json\/wp\/v2\/product_tag?post=48699"}],"curies":[{"name":"wp","href":"https:\/\/api.w.org\/{rel}","templated":true}]}}