{"id":48680,"date":"2025-05-03T09:00:17","date_gmt":"2025-05-03T06:00:17","guid":{"rendered":"https:\/\/miumjau.ee\/toode\/sunu-baseinas-coolpets-100-x-25-cm\/"},"modified":"2026-01-07T20:44:55","modified_gmt":"2026-01-07T18:44:55","slug":"sunu-baseinas-coolpets-100-x-25-cm","status":"publish","type":"product","link":"https:\/\/miumjau.ee\/lt\/produktas\/sunu-baseinas-coolpets-100-x-25-cm\/","title":{"rendered":"\u0160un\u0173 baseinas Coolpets 100 x 25 cm"},"content":{"rendered":"","protected":false},"excerpt":{"rendered":"<p data-start=\"2631\" data-end=\"2919\">\u0160is baseinas suteikia \u0161unims puiki\u0105 galimyb\u0119 atsiv\u0117sinti!<br data-start=\"2688\" data-end=\"2691\" \/>Pagamintas i\u0161 labai patvari\u0173 med\u017eiag\u0173, tod\u0117l tinka ilgalaikiam naudojimui. Baseino sienel\u0117s ir dugnas padengti neslid\u017eia med\u017eiaga. Med\u017eiaga yra atspari UV spinduliams ir turi i\u0161leidimo kam\u0161t\u012f, kuris palengvina vandens i\u0161leidim\u0105.<\/p>\n<p data-start=\"2921\" data-end=\"2996\">Naudoti ant lygaus pavir\u0161iaus, po kuriuo n\u0117ra akmen\u0173 ar kit\u0173 a\u0161tri\u0173 daikt\u0173.<\/p>\n<p data-start=\"2998\" data-end=\"3297\"><strong data-start=\"2998\" data-end=\"3013\">Privalumai:<\/strong><br data-start=\"3013\" data-end=\"3016\" \/>\u2714\ufe0f Suteikia malon\u0173 v\u0117sinim\u0105<br data-start=\"3043\" data-end=\"3046\" \/>\u2714\ufe0f Lengva pastatyti kieme, terasoje ar balkone<br data-start=\"3092\" data-end=\"3095\" \/>\u2714\ufe0f Ma\u017eina perkaitimo rizik\u0105<br data-start=\"3122\" data-end=\"3125\" \/>\u2714\ufe0f Neslidus dugnas ir sienel\u0117s<br data-start=\"3155\" data-end=\"3158\" \/>\u2714\ufe0f Kam\u0161tis patogiam vandens i\u0161leidimui<br data-start=\"3196\" data-end=\"3199\" \/>\u2714\ufe0f Sulankstomas ir kompakti\u0161kas laikymui \u017eiemos laikotarpiu<br data-start=\"3258\" data-end=\"3261\" \/>\u2714\ufe0f UV spinduliams atspari med\u017eiaga<\/p>\n<p data-start=\"3299\" data-end=\"3370\"><strong data-start=\"3299\" data-end=\"3312\">Matmenys:<\/strong><br data-start=\"3312\" data-end=\"3315\" \/>S: \u00f8 80 x 20 cm<br data-start=\"3330\" data-end=\"3333\" \/>M: \u00f8 100 x 25 cm<br data-start=\"3349\" data-end=\"3352\" \/>L: \u00f8 120 x 30 cm<\/p>\n","protected":false},"featured_media":48674,"template":"","meta":[],"product_brand":[],"product_cat":[541],"product_tag":[],"class_list":{"0":"post-48680","1":"product","2":"type-product","3":"status-publish","4":"has-post-thumbnail","6":"product_cat-zaislai-sunims","8":"first","9":"instock","10":"taxable","11":"shipping-taxable","12":"purchasable","13":"product-type-simple"},"yoast_head":"<!-- This site is optimized with the Yoast SEO plugin v27.2 - https:\/\/yoast.com\/product\/yoast-seo-wordpress\/ -->\n<title>\u0160un\u0173 baseinas Coolpets 100 x 25 cm - MiuMjau<\/title>\n<meta name=\"robots\" content=\"index, follow, max-snippet:-1, max-image-preview:large, max-video-preview:-1\" \/>\n<link rel=\"canonical\" href=\"https:\/\/miumjau.ee\/lt\/produktas\/sunu-baseinas-coolpets-100-x-25-cm\/\" \/>\n<meta property=\"og:locale\" content=\"lt_LT\" \/>\n<meta property=\"og:type\" content=\"article\" \/>\n<meta property=\"og:title\" content=\"\u0160un\u0173 baseinas Coolpets 100 x 25 cm - MiuMjau\" \/>\n<meta property=\"og:description\" content=\"\u0160is baseinas suteikia \u0161unims puiki\u0105 galimyb\u0119 atsiv\u0117sinti!Pagamintas i\u0161 labai patvari\u0173 med\u017eiag\u0173, tod\u0117l tinka ilgalaikiam naudojimui. Baseino sienel\u0117s ir dugnas padengti neslid\u017eia med\u017eiaga. Med\u017eiaga yra atspari UV spinduliams ir turi i\u0161leidimo kam\u0161t\u012f, kuris palengvina vandens i\u0161leidim\u0105. Naudoti ant lygaus pavir\u0161iaus, po kuriuo n\u0117ra akmen\u0173 ar kit\u0173 a\u0161tri\u0173 daikt\u0173. Privalumai:\u2714\ufe0f Suteikia malon\u0173 v\u0117sinim\u0105\u2714\ufe0f Lengva pastatyti kieme, terasoje ar balkone\u2714\ufe0f Ma\u017eina perkaitimo rizik\u0105\u2714\ufe0f Neslidus dugnas ir sienel\u0117s\u2714\ufe0f Kam\u0161tis patogiam vandens i\u0161leidimui\u2714\ufe0f Sulankstomas ir kompakti\u0161kas laikymui \u017eiemos laikotarpiu\u2714\ufe0f UV spinduliams atspari med\u017eiaga Matmenys:S: \u00f8 80 x 20 cmM: \u00f8 100 x 25 cmL: \u00f8 120 x 30 cm\" \/>\n<meta property=\"og:url\" content=\"https:\/\/miumjau.ee\/lt\/produktas\/sunu-baseinas-coolpets-100-x-25-cm\/\" \/>\n<meta property=\"og:site_name\" content=\"MiuMjau\" \/>\n<meta property=\"article:publisher\" content=\"https:\/\/www.facebook.com\/miumjaupood\/\" \/>\n<meta property=\"article:modified_time\" content=\"2026-01-07T18:44:55+00:00\" \/>\n<meta property=\"og:image\" content=\"https:\/\/miumjau.ee\/wp-content\/uploads\/2025\/05\/koerte-bassein-coolpets4.webp\" \/>\n\t<meta property=\"og:image:width\" content=\"600\" \/>\n\t<meta property=\"og:image:height\" content=\"800\" \/>\n\t<meta property=\"og:image:type\" content=\"image\/webp\" \/>\n<meta name=\"twitter:card\" content=\"summary_large_image\" \/>\n<script type=\"application\/ld+json\" class=\"yoast-schema-graph\">{\"@context\":\"https:\/\/schema.org\",\"@graph\":[{\"@type\":\"WebPage\",\"@id\":\"https:\/\/miumjau.ee\/lt\/produktas\/sunu-baseinas-coolpets-100-x-25-cm\/\",\"url\":\"https:\/\/miumjau.ee\/lt\/produktas\/sunu-baseinas-coolpets-100-x-25-cm\/\",\"name\":\"\u0160un\u0173 baseinas Coolpets 100 x 25 cm - MiuMjau\",\"isPartOf\":{\"@id\":\"https:\/\/miumjau.ee\/#website\"},\"primaryImageOfPage\":{\"@id\":\"https:\/\/miumjau.ee\/lt\/produktas\/sunu-baseinas-coolpets-100-x-25-cm\/#primaryimage\"},\"image\":{\"@id\":\"https:\/\/miumjau.ee\/lt\/produktas\/sunu-baseinas-coolpets-100-x-25-cm\/#primaryimage\"},\"thumbnailUrl\":\"https:\/\/miumjau.ee\/wp-content\/uploads\/2025\/05\/koerte-bassein-coolpets4.webp\",\"datePublished\":\"2025-05-03T06:00:17+00:00\",\"dateModified\":\"2026-01-07T18:44:55+00:00\",\"breadcrumb\":{\"@id\":\"https:\/\/miumjau.ee\/lt\/produktas\/sunu-baseinas-coolpets-100-x-25-cm\/#breadcrumb\"},\"inLanguage\":\"lt-LT\",\"potentialAction\":[{\"@type\":\"ReadAction\",\"target\":[\"https:\/\/miumjau.ee\/lt\/produktas\/sunu-baseinas-coolpets-100-x-25-cm\/\"]}]},{\"@type\":\"ImageObject\",\"inLanguage\":\"lt-LT\",\"@id\":\"https:\/\/miumjau.ee\/lt\/produktas\/sunu-baseinas-coolpets-100-x-25-cm\/#primaryimage\",\"url\":\"https:\/\/miumjau.ee\/wp-content\/uploads\/2025\/05\/koerte-bassein-coolpets4.webp\",\"contentUrl\":\"https:\/\/miumjau.ee\/wp-content\/uploads\/2025\/05\/koerte-bassein-coolpets4.webp\",\"width\":600,\"height\":800},{\"@type\":\"BreadcrumbList\",\"@id\":\"https:\/\/miumjau.ee\/lt\/produktas\/sunu-baseinas-coolpets-100-x-25-cm\/#breadcrumb\",\"itemListElement\":[{\"@type\":\"ListItem\",\"position\":1,\"name\":\"Home\",\"item\":\"https:\/\/miumjau.ee\/lt\/\"},{\"@type\":\"ListItem\",\"position\":2,\"name\":\"Parduotuv\u0117\",\"item\":\"https:\/\/miumjau.ee\/lt\/parduotuve\/\"},{\"@type\":\"ListItem\",\"position\":3,\"name\":\"\u0160un\u0173 baseinas Coolpets 100 x 25 cm\"}]},{\"@type\":\"WebSite\",\"@id\":\"https:\/\/miumjau.ee\/#website\",\"url\":\"https:\/\/miumjau.ee\/\",\"name\":\"MiuMjau\",\"description\":\"Kraapimispuud kassidele\",\"publisher\":{\"@id\":\"https:\/\/miumjau.ee\/#organization\"},\"potentialAction\":[{\"@type\":\"SearchAction\",\"target\":{\"@type\":\"EntryPoint\",\"urlTemplate\":\"https:\/\/miumjau.ee\/?s={search_term_string}\"},\"query-input\":{\"@type\":\"PropertyValueSpecification\",\"valueRequired\":true,\"valueName\":\"search_term_string\"}}],\"inLanguage\":\"lt-LT\"},{\"@type\":\"Organization\",\"@id\":\"https:\/\/miumjau.ee\/#organization\",\"name\":\"MiuMjau O\u00dc\",\"url\":\"https:\/\/miumjau.ee\/\",\"logo\":{\"@type\":\"ImageObject\",\"inLanguage\":\"lt-LT\",\"@id\":\"https:\/\/miumjau.ee\/#\/schema\/logo\/image\/\",\"url\":\"https:\/\/miumjau.ee\/wp-content\/uploads\/2022\/04\/MiuMjau-logo-kollane.png\",\"contentUrl\":\"https:\/\/miumjau.ee\/wp-content\/uploads\/2022\/04\/MiuMjau-logo-kollane.png\",\"width\":219,\"height\":100,\"caption\":\"MiuMjau O\u00dc\"},\"image\":{\"@id\":\"https:\/\/miumjau.ee\/#\/schema\/logo\/image\/\"},\"sameAs\":[\"https:\/\/www.facebook.com\/miumjaupood\/\"]}]}<\/script>\n<!-- \/ Yoast SEO plugin. -->","yoast_head_json":{"title":"\u0160un\u0173 baseinas Coolpets 100 x 25 cm - MiuMjau","robots":{"index":"index","follow":"follow","max-snippet":"max-snippet:-1","max-image-preview":"max-image-preview:large","max-video-preview":"max-video-preview:-1"},"canonical":"https:\/\/miumjau.ee\/lt\/produktas\/sunu-baseinas-coolpets-100-x-25-cm\/","og_locale":"lt_LT","og_type":"article","og_title":"\u0160un\u0173 baseinas Coolpets 100 x 25 cm - MiuMjau","og_description":"\u0160is baseinas suteikia \u0161unims puiki\u0105 galimyb\u0119 atsiv\u0117sinti!Pagamintas i\u0161 labai patvari\u0173 med\u017eiag\u0173, tod\u0117l tinka ilgalaikiam naudojimui. Baseino sienel\u0117s ir dugnas padengti neslid\u017eia med\u017eiaga. Med\u017eiaga yra atspari UV spinduliams ir turi i\u0161leidimo kam\u0161t\u012f, kuris palengvina vandens i\u0161leidim\u0105. Naudoti ant lygaus pavir\u0161iaus, po kuriuo n\u0117ra akmen\u0173 ar kit\u0173 a\u0161tri\u0173 daikt\u0173. Privalumai:\u2714\ufe0f Suteikia malon\u0173 v\u0117sinim\u0105\u2714\ufe0f Lengva pastatyti kieme, terasoje ar balkone\u2714\ufe0f Ma\u017eina perkaitimo rizik\u0105\u2714\ufe0f Neslidus dugnas ir sienel\u0117s\u2714\ufe0f Kam\u0161tis patogiam vandens i\u0161leidimui\u2714\ufe0f Sulankstomas ir kompakti\u0161kas laikymui \u017eiemos laikotarpiu\u2714\ufe0f UV spinduliams atspari med\u017eiaga Matmenys:S: \u00f8 80 x 20 cmM: \u00f8 100 x 25 cmL: \u00f8 120 x 30 cm","og_url":"https:\/\/miumjau.ee\/lt\/produktas\/sunu-baseinas-coolpets-100-x-25-cm\/","og_site_name":"MiuMjau","article_publisher":"https:\/\/www.facebook.com\/miumjaupood\/","article_modified_time":"2026-01-07T18:44:55+00:00","og_image":[{"width":600,"height":800,"url":"https:\/\/miumjau.ee\/wp-content\/uploads\/2025\/05\/koerte-bassein-coolpets4.webp","type":"image\/webp"}],"twitter_card":"summary_large_image","schema":{"@context":"https:\/\/schema.org","@graph":[{"@type":"WebPage","@id":"https:\/\/miumjau.ee\/lt\/produktas\/sunu-baseinas-coolpets-100-x-25-cm\/","url":"https:\/\/miumjau.ee\/lt\/produktas\/sunu-baseinas-coolpets-100-x-25-cm\/","name":"\u0160un\u0173 baseinas Coolpets 100 x 25 cm - MiuMjau","isPartOf":{"@id":"https:\/\/miumjau.ee\/#website"},"primaryImageOfPage":{"@id":"https:\/\/miumjau.ee\/lt\/produktas\/sunu-baseinas-coolpets-100-x-25-cm\/#primaryimage"},"image":{"@id":"https:\/\/miumjau.ee\/lt\/produktas\/sunu-baseinas-coolpets-100-x-25-cm\/#primaryimage"},"thumbnailUrl":"https:\/\/miumjau.ee\/wp-content\/uploads\/2025\/05\/koerte-bassein-coolpets4.webp","datePublished":"2025-05-03T06:00:17+00:00","dateModified":"2026-01-07T18:44:55+00:00","breadcrumb":{"@id":"https:\/\/miumjau.ee\/lt\/produktas\/sunu-baseinas-coolpets-100-x-25-cm\/#breadcrumb"},"inLanguage":"lt-LT","potentialAction":[{"@type":"ReadAction","target":["https:\/\/miumjau.ee\/lt\/produktas\/sunu-baseinas-coolpets-100-x-25-cm\/"]}]},{"@type":"ImageObject","inLanguage":"lt-LT","@id":"https:\/\/miumjau.ee\/lt\/produktas\/sunu-baseinas-coolpets-100-x-25-cm\/#primaryimage","url":"https:\/\/miumjau.ee\/wp-content\/uploads\/2025\/05\/koerte-bassein-coolpets4.webp","contentUrl":"https:\/\/miumjau.ee\/wp-content\/uploads\/2025\/05\/koerte-bassein-coolpets4.webp","width":600,"height":800},{"@type":"BreadcrumbList","@id":"https:\/\/miumjau.ee\/lt\/produktas\/sunu-baseinas-coolpets-100-x-25-cm\/#breadcrumb","itemListElement":[{"@type":"ListItem","position":1,"name":"Home","item":"https:\/\/miumjau.ee\/lt\/"},{"@type":"ListItem","position":2,"name":"Parduotuv\u0117","item":"https:\/\/miumjau.ee\/lt\/parduotuve\/"},{"@type":"ListItem","position":3,"name":"\u0160un\u0173 baseinas Coolpets 100 x 25 cm"}]},{"@type":"WebSite","@id":"https:\/\/miumjau.ee\/#website","url":"https:\/\/miumjau.ee\/","name":"MiuMjau","description":"Kraapimispuud kassidele","publisher":{"@id":"https:\/\/miumjau.ee\/#organization"},"potentialAction":[{"@type":"SearchAction","target":{"@type":"EntryPoint","urlTemplate":"https:\/\/miumjau.ee\/?s={search_term_string}"},"query-input":{"@type":"PropertyValueSpecification","valueRequired":true,"valueName":"search_term_string"}}],"inLanguage":"lt-LT"},{"@type":"Organization","@id":"https:\/\/miumjau.ee\/#organization","name":"MiuMjau O\u00dc","url":"https:\/\/miumjau.ee\/","logo":{"@type":"ImageObject","inLanguage":"lt-LT","@id":"https:\/\/miumjau.ee\/#\/schema\/logo\/image\/","url":"https:\/\/miumjau.ee\/wp-content\/uploads\/2022\/04\/MiuMjau-logo-kollane.png","contentUrl":"https:\/\/miumjau.ee\/wp-content\/uploads\/2022\/04\/MiuMjau-logo-kollane.png","width":219,"height":100,"caption":"MiuMjau O\u00dc"},"image":{"@id":"https:\/\/miumjau.ee\/#\/schema\/logo\/image\/"},"sameAs":["https:\/\/www.facebook.com\/miumjaupood\/"]}]}},"_links":{"self":[{"href":"https:\/\/miumjau.ee\/lt\/wp-json\/wp\/v2\/product\/48680","targetHints":{"allow":["GET"]}}],"collection":[{"href":"https:\/\/miumjau.ee\/lt\/wp-json\/wp\/v2\/product"}],"about":[{"href":"https:\/\/miumjau.ee\/lt\/wp-json\/wp\/v2\/types\/product"}],"wp:featuredmedia":[{"embeddable":true,"href":"https:\/\/miumjau.ee\/lt\/wp-json\/wp\/v2\/media\/48674"}],"wp:attachment":[{"href":"https:\/\/miumjau.ee\/lt\/wp-json\/wp\/v2\/media?parent=48680"}],"wp:term":[{"taxonomy":"product_brand","embeddable":true,"href":"https:\/\/miumjau.ee\/lt\/wp-json\/wp\/v2\/product_brand?post=48680"},{"taxonomy":"product_cat","embeddable":true,"href":"https:\/\/miumjau.ee\/lt\/wp-json\/wp\/v2\/product_cat?post=48680"},{"taxonomy":"product_tag","embeddable":true,"href":"https:\/\/miumjau.ee\/lt\/wp-json\/wp\/v2\/product_tag?post=48680"}],"curies":[{"name":"wp","href":"https:\/\/api.w.org\/{rel}","templated":true}]}}