{"id":48623,"date":"2025-08-12T16:35:58","date_gmt":"2025-08-12T13:35:58","guid":{"rendered":"https:\/\/miumjau.ee\/toode\/laipiojimo-tunelis-miumjau-8507-61-cm\/"},"modified":"2026-01-07T20:45:02","modified_gmt":"2026-01-07T18:45:02","slug":"laipiojimo-tunelis-miumjau-8507-61-cm","status":"publish","type":"product","link":"https:\/\/miumjau.ee\/lt\/produktas\/laipiojimo-tunelis-miumjau-8507-61-cm\/","title":{"rendered":"Laipiojimo tunelis MiuMjau 8507, 61 cm"},"content":{"rendered":"","protected":false},"excerpt":{"rendered":"<p data-start=\"1815\" data-end=\"2228\">Kat\u0117ms reikalingas draskymo medis, nes draskymas yra nat\u016bralus b\u016bdas pri\u017ei\u016br\u0117ti nagus, tempti raumenis ir pa\u017eym\u0117ti teritorij\u0105. Be draskymo med\u017eio jos gali naudoti sof\u0105 ar u\u017euolaidas, kas gali sukelti brangi\u0173 bald\u0173 remonto i\u0161laidas. Draskymo medis taip pat suteikia katei \u017eaidimo ir laipiojimo galimybes, palaiko j\u0105 aktyvi\u0105 ir ma\u017eina nuobodul\u012f. Lengva investicija, kuri palaiko kat\u0119 laiming\u0105 ir namus tvarkingus.<\/p>\n<p data-start=\"2230\" data-end=\"2424\">Atkreipkite d\u0117mes\u012f, kad dvi priekin\u0117s pus\u0117s yra visi\u0161kai padengtos draskymui tinkama med\u017eiaga. Tinka ka\u010diukams, ma\u017eoms ir vidutinio dyd\u017eio kat\u0117ms. Lizdeliuose yra du nuimami mink\u0161ti pagrindai.<\/p>\n<p data-start=\"2426\" data-end=\"2489\"><strong data-start=\"2426\" data-end=\"2439\">Matmenys:<\/strong><br data-start=\"2439\" data-end=\"2442\" \/>Auk\u0161tis: 61 cm<br data-start=\"2456\" data-end=\"2459\" \/>Plotis: 36 cm<br data-start=\"2472\" data-end=\"2475\" \/>Gylis: 36 cm<\/p>\n<p data-start=\"2491\" data-end=\"2557\" data-is-last-node=\"\" data-is-only-node=\"\"><strong data-start=\"2491\" data-end=\"2511\">Produkto svoris:<\/strong> 8 kg<br data-start=\"2516\" data-end=\"2519\" \/><strong data-start=\"2519\" data-end=\"2550\">Produkto svoris su pakuote:<\/strong> 8,8 kg<\/p>\n","protected":false},"featured_media":42250,"template":"","meta":[],"product_brand":[],"product_cat":[511],"product_tag":[],"class_list":{"0":"post-48623","1":"product","2":"type-product","3":"status-publish","4":"has-post-thumbnail","6":"product_cat-vidutinio-dydzio-draskymo-medziai","7":"product_shipping_class-pakiautomaati-sobimatu-lt","9":"first","10":"instock","11":"sale","12":"taxable","13":"shipping-taxable","14":"purchasable","15":"product-type-simple"},"yoast_head":"<!-- This site is optimized with the Yoast SEO plugin v27.2 - https:\/\/yoast.com\/product\/yoast-seo-wordpress\/ -->\n<title>Laipiojimo tunelis MiuMjau 8507, 61 cm - MiuMjau<\/title>\n<meta name=\"robots\" content=\"index, follow, max-snippet:-1, max-image-preview:large, max-video-preview:-1\" \/>\n<link rel=\"canonical\" href=\"https:\/\/miumjau.ee\/lt\/produktas\/laipiojimo-tunelis-miumjau-8507-61-cm\/\" \/>\n<meta property=\"og:locale\" content=\"lt_LT\" \/>\n<meta property=\"og:type\" content=\"article\" \/>\n<meta property=\"og:title\" content=\"Laipiojimo tunelis MiuMjau 8507, 61 cm - MiuMjau\" \/>\n<meta property=\"og:description\" content=\"Kat\u0117ms reikalingas draskymo medis, nes draskymas yra nat\u016bralus b\u016bdas pri\u017ei\u016br\u0117ti nagus, tempti raumenis ir pa\u017eym\u0117ti teritorij\u0105. Be draskymo med\u017eio jos gali naudoti sof\u0105 ar u\u017euolaidas, kas gali sukelti brangi\u0173 bald\u0173 remonto i\u0161laidas. Draskymo medis taip pat suteikia katei \u017eaidimo ir laipiojimo galimybes, palaiko j\u0105 aktyvi\u0105 ir ma\u017eina nuobodul\u012f. Lengva investicija, kuri palaiko kat\u0119 laiming\u0105 ir namus tvarkingus. Atkreipkite d\u0117mes\u012f, kad dvi priekin\u0117s pus\u0117s yra visi\u0161kai padengtos draskymui tinkama med\u017eiaga. Tinka ka\u010diukams, ma\u017eoms ir vidutinio dyd\u017eio kat\u0117ms. Lizdeliuose yra du nuimami mink\u0161ti pagrindai. Matmenys:Auk\u0161tis: 61 cmPlotis: 36 cmGylis: 36 cm Produkto svoris: 8 kgProdukto svoris su pakuote: 8,8 kg\" \/>\n<meta property=\"og:url\" content=\"https:\/\/miumjau.ee\/lt\/produktas\/laipiojimo-tunelis-miumjau-8507-61-cm\/\" \/>\n<meta property=\"og:site_name\" content=\"MiuMjau\" \/>\n<meta property=\"article:publisher\" content=\"https:\/\/www.facebook.com\/miumjaupood\/\" \/>\n<meta property=\"article:modified_time\" content=\"2026-01-07T18:45:02+00:00\" \/>\n<meta property=\"og:image\" content=\"https:\/\/miumjau.ee\/wp-content\/uploads\/2025\/08\/ronimispuu-miumjau-85072.jpg\" \/>\n\t<meta property=\"og:image:width\" content=\"600\" \/>\n\t<meta property=\"og:image:height\" content=\"800\" \/>\n\t<meta property=\"og:image:type\" content=\"image\/jpeg\" \/>\n<meta name=\"twitter:card\" content=\"summary_large_image\" \/>\n<script type=\"application\/ld+json\" class=\"yoast-schema-graph\">{\"@context\":\"https:\/\/schema.org\",\"@graph\":[{\"@type\":\"WebPage\",\"@id\":\"https:\/\/miumjau.ee\/lt\/produktas\/laipiojimo-tunelis-miumjau-8507-61-cm\/\",\"url\":\"https:\/\/miumjau.ee\/lt\/produktas\/laipiojimo-tunelis-miumjau-8507-61-cm\/\",\"name\":\"Laipiojimo tunelis MiuMjau 8507, 61 cm - MiuMjau\",\"isPartOf\":{\"@id\":\"https:\/\/miumjau.ee\/#website\"},\"primaryImageOfPage\":{\"@id\":\"https:\/\/miumjau.ee\/lt\/produktas\/laipiojimo-tunelis-miumjau-8507-61-cm\/#primaryimage\"},\"image\":{\"@id\":\"https:\/\/miumjau.ee\/lt\/produktas\/laipiojimo-tunelis-miumjau-8507-61-cm\/#primaryimage\"},\"thumbnailUrl\":\"https:\/\/miumjau.ee\/wp-content\/uploads\/2025\/08\/ronimispuu-miumjau-85072.jpg\",\"datePublished\":\"2025-08-12T13:35:58+00:00\",\"dateModified\":\"2026-01-07T18:45:02+00:00\",\"breadcrumb\":{\"@id\":\"https:\/\/miumjau.ee\/lt\/produktas\/laipiojimo-tunelis-miumjau-8507-61-cm\/#breadcrumb\"},\"inLanguage\":\"lt-LT\",\"potentialAction\":[{\"@type\":\"ReadAction\",\"target\":[\"https:\/\/miumjau.ee\/lt\/produktas\/laipiojimo-tunelis-miumjau-8507-61-cm\/\"]}]},{\"@type\":\"ImageObject\",\"inLanguage\":\"lt-LT\",\"@id\":\"https:\/\/miumjau.ee\/lt\/produktas\/laipiojimo-tunelis-miumjau-8507-61-cm\/#primaryimage\",\"url\":\"https:\/\/miumjau.ee\/wp-content\/uploads\/2025\/08\/ronimispuu-miumjau-85072.jpg\",\"contentUrl\":\"https:\/\/miumjau.ee\/wp-content\/uploads\/2025\/08\/ronimispuu-miumjau-85072.jpg\",\"width\":600,\"height\":800,\"caption\":\"Ronimispuu, tuub MiuMjau 8507, 61cm\"},{\"@type\":\"BreadcrumbList\",\"@id\":\"https:\/\/miumjau.ee\/lt\/produktas\/laipiojimo-tunelis-miumjau-8507-61-cm\/#breadcrumb\",\"itemListElement\":[{\"@type\":\"ListItem\",\"position\":1,\"name\":\"Home\",\"item\":\"https:\/\/miumjau.ee\/lt\/\"},{\"@type\":\"ListItem\",\"position\":2,\"name\":\"Parduotuv\u0117\",\"item\":\"https:\/\/miumjau.ee\/lt\/parduotuve\/\"},{\"@type\":\"ListItem\",\"position\":3,\"name\":\"Laipiojimo tunelis MiuMjau 8507, 61 cm\"}]},{\"@type\":\"WebSite\",\"@id\":\"https:\/\/miumjau.ee\/#website\",\"url\":\"https:\/\/miumjau.ee\/\",\"name\":\"MiuMjau\",\"description\":\"Kraapimispuud kassidele\",\"publisher\":{\"@id\":\"https:\/\/miumjau.ee\/#organization\"},\"potentialAction\":[{\"@type\":\"SearchAction\",\"target\":{\"@type\":\"EntryPoint\",\"urlTemplate\":\"https:\/\/miumjau.ee\/?s={search_term_string}\"},\"query-input\":{\"@type\":\"PropertyValueSpecification\",\"valueRequired\":true,\"valueName\":\"search_term_string\"}}],\"inLanguage\":\"lt-LT\"},{\"@type\":\"Organization\",\"@id\":\"https:\/\/miumjau.ee\/#organization\",\"name\":\"MiuMjau O\u00dc\",\"url\":\"https:\/\/miumjau.ee\/\",\"logo\":{\"@type\":\"ImageObject\",\"inLanguage\":\"lt-LT\",\"@id\":\"https:\/\/miumjau.ee\/#\/schema\/logo\/image\/\",\"url\":\"https:\/\/miumjau.ee\/wp-content\/uploads\/2022\/04\/MiuMjau-logo-kollane.png\",\"contentUrl\":\"https:\/\/miumjau.ee\/wp-content\/uploads\/2022\/04\/MiuMjau-logo-kollane.png\",\"width\":219,\"height\":100,\"caption\":\"MiuMjau O\u00dc\"},\"image\":{\"@id\":\"https:\/\/miumjau.ee\/#\/schema\/logo\/image\/\"},\"sameAs\":[\"https:\/\/www.facebook.com\/miumjaupood\/\"]}]}<\/script>\n<!-- \/ Yoast SEO plugin. -->","yoast_head_json":{"title":"Laipiojimo tunelis MiuMjau 8507, 61 cm - MiuMjau","robots":{"index":"index","follow":"follow","max-snippet":"max-snippet:-1","max-image-preview":"max-image-preview:large","max-video-preview":"max-video-preview:-1"},"canonical":"https:\/\/miumjau.ee\/lt\/produktas\/laipiojimo-tunelis-miumjau-8507-61-cm\/","og_locale":"lt_LT","og_type":"article","og_title":"Laipiojimo tunelis MiuMjau 8507, 61 cm - MiuMjau","og_description":"Kat\u0117ms reikalingas draskymo medis, nes draskymas yra nat\u016bralus b\u016bdas pri\u017ei\u016br\u0117ti nagus, tempti raumenis ir pa\u017eym\u0117ti teritorij\u0105. Be draskymo med\u017eio jos gali naudoti sof\u0105 ar u\u017euolaidas, kas gali sukelti brangi\u0173 bald\u0173 remonto i\u0161laidas. Draskymo medis taip pat suteikia katei \u017eaidimo ir laipiojimo galimybes, palaiko j\u0105 aktyvi\u0105 ir ma\u017eina nuobodul\u012f. Lengva investicija, kuri palaiko kat\u0119 laiming\u0105 ir namus tvarkingus. Atkreipkite d\u0117mes\u012f, kad dvi priekin\u0117s pus\u0117s yra visi\u0161kai padengtos draskymui tinkama med\u017eiaga. Tinka ka\u010diukams, ma\u017eoms ir vidutinio dyd\u017eio kat\u0117ms. Lizdeliuose yra du nuimami mink\u0161ti pagrindai. Matmenys:Auk\u0161tis: 61 cmPlotis: 36 cmGylis: 36 cm Produkto svoris: 8 kgProdukto svoris su pakuote: 8,8 kg","og_url":"https:\/\/miumjau.ee\/lt\/produktas\/laipiojimo-tunelis-miumjau-8507-61-cm\/","og_site_name":"MiuMjau","article_publisher":"https:\/\/www.facebook.com\/miumjaupood\/","article_modified_time":"2026-01-07T18:45:02+00:00","og_image":[{"width":600,"height":800,"url":"https:\/\/miumjau.ee\/wp-content\/uploads\/2025\/08\/ronimispuu-miumjau-85072.jpg","type":"image\/jpeg"}],"twitter_card":"summary_large_image","schema":{"@context":"https:\/\/schema.org","@graph":[{"@type":"WebPage","@id":"https:\/\/miumjau.ee\/lt\/produktas\/laipiojimo-tunelis-miumjau-8507-61-cm\/","url":"https:\/\/miumjau.ee\/lt\/produktas\/laipiojimo-tunelis-miumjau-8507-61-cm\/","name":"Laipiojimo tunelis MiuMjau 8507, 61 cm - MiuMjau","isPartOf":{"@id":"https:\/\/miumjau.ee\/#website"},"primaryImageOfPage":{"@id":"https:\/\/miumjau.ee\/lt\/produktas\/laipiojimo-tunelis-miumjau-8507-61-cm\/#primaryimage"},"image":{"@id":"https:\/\/miumjau.ee\/lt\/produktas\/laipiojimo-tunelis-miumjau-8507-61-cm\/#primaryimage"},"thumbnailUrl":"https:\/\/miumjau.ee\/wp-content\/uploads\/2025\/08\/ronimispuu-miumjau-85072.jpg","datePublished":"2025-08-12T13:35:58+00:00","dateModified":"2026-01-07T18:45:02+00:00","breadcrumb":{"@id":"https:\/\/miumjau.ee\/lt\/produktas\/laipiojimo-tunelis-miumjau-8507-61-cm\/#breadcrumb"},"inLanguage":"lt-LT","potentialAction":[{"@type":"ReadAction","target":["https:\/\/miumjau.ee\/lt\/produktas\/laipiojimo-tunelis-miumjau-8507-61-cm\/"]}]},{"@type":"ImageObject","inLanguage":"lt-LT","@id":"https:\/\/miumjau.ee\/lt\/produktas\/laipiojimo-tunelis-miumjau-8507-61-cm\/#primaryimage","url":"https:\/\/miumjau.ee\/wp-content\/uploads\/2025\/08\/ronimispuu-miumjau-85072.jpg","contentUrl":"https:\/\/miumjau.ee\/wp-content\/uploads\/2025\/08\/ronimispuu-miumjau-85072.jpg","width":600,"height":800,"caption":"Ronimispuu, tuub MiuMjau 8507, 61cm"},{"@type":"BreadcrumbList","@id":"https:\/\/miumjau.ee\/lt\/produktas\/laipiojimo-tunelis-miumjau-8507-61-cm\/#breadcrumb","itemListElement":[{"@type":"ListItem","position":1,"name":"Home","item":"https:\/\/miumjau.ee\/lt\/"},{"@type":"ListItem","position":2,"name":"Parduotuv\u0117","item":"https:\/\/miumjau.ee\/lt\/parduotuve\/"},{"@type":"ListItem","position":3,"name":"Laipiojimo tunelis MiuMjau 8507, 61 cm"}]},{"@type":"WebSite","@id":"https:\/\/miumjau.ee\/#website","url":"https:\/\/miumjau.ee\/","name":"MiuMjau","description":"Kraapimispuud kassidele","publisher":{"@id":"https:\/\/miumjau.ee\/#organization"},"potentialAction":[{"@type":"SearchAction","target":{"@type":"EntryPoint","urlTemplate":"https:\/\/miumjau.ee\/?s={search_term_string}"},"query-input":{"@type":"PropertyValueSpecification","valueRequired":true,"valueName":"search_term_string"}}],"inLanguage":"lt-LT"},{"@type":"Organization","@id":"https:\/\/miumjau.ee\/#organization","name":"MiuMjau O\u00dc","url":"https:\/\/miumjau.ee\/","logo":{"@type":"ImageObject","inLanguage":"lt-LT","@id":"https:\/\/miumjau.ee\/#\/schema\/logo\/image\/","url":"https:\/\/miumjau.ee\/wp-content\/uploads\/2022\/04\/MiuMjau-logo-kollane.png","contentUrl":"https:\/\/miumjau.ee\/wp-content\/uploads\/2022\/04\/MiuMjau-logo-kollane.png","width":219,"height":100,"caption":"MiuMjau O\u00dc"},"image":{"@id":"https:\/\/miumjau.ee\/#\/schema\/logo\/image\/"},"sameAs":["https:\/\/www.facebook.com\/miumjaupood\/"]}]}},"_links":{"self":[{"href":"https:\/\/miumjau.ee\/lt\/wp-json\/wp\/v2\/product\/48623","targetHints":{"allow":["GET"]}}],"collection":[{"href":"https:\/\/miumjau.ee\/lt\/wp-json\/wp\/v2\/product"}],"about":[{"href":"https:\/\/miumjau.ee\/lt\/wp-json\/wp\/v2\/types\/product"}],"wp:featuredmedia":[{"embeddable":true,"href":"https:\/\/miumjau.ee\/lt\/wp-json\/wp\/v2\/media\/42250"}],"wp:attachment":[{"href":"https:\/\/miumjau.ee\/lt\/wp-json\/wp\/v2\/media?parent=48623"}],"wp:term":[{"taxonomy":"product_brand","embeddable":true,"href":"https:\/\/miumjau.ee\/lt\/wp-json\/wp\/v2\/product_brand?post=48623"},{"taxonomy":"product_cat","embeddable":true,"href":"https:\/\/miumjau.ee\/lt\/wp-json\/wp\/v2\/product_cat?post=48623"},{"taxonomy":"product_tag","embeddable":true,"href":"https:\/\/miumjau.ee\/lt\/wp-json\/wp\/v2\/product_tag?post=48623"}],"curies":[{"name":"wp","href":"https:\/\/api.w.org\/{rel}","templated":true}]}}