{"id":48614,"date":"2025-08-12T16:36:21","date_gmt":"2025-08-12T13:36:21","guid":{"rendered":"https:\/\/miumjau.ee\/toode\/laipiojimo-medis-miumjau-7060-155-cm\/"},"modified":"2026-03-10T22:07:44","modified_gmt":"2026-03-10T20:07:44","slug":"laipiojimo-medis-miumjau-7060-155-cm","status":"publish","type":"product","link":"https:\/\/miumjau.ee\/lt\/produktas\/laipiojimo-medis-miumjau-7060-155-cm\/","title":{"rendered":"Laipiojimo medis MiuMjau 7060, 155 cm"},"content":{"rendered":"","protected":false},"excerpt":{"rendered":"<p data-start=\"1915\" data-end=\"2328\">Kat\u0117ms reikalingas draskymo medis, nes draskymas yra nat\u016bralus b\u016bdas pri\u017ei\u016br\u0117ti nagus, tempti raumenis ir pa\u017eym\u0117ti teritorij\u0105. Be draskymo med\u017eio jos gali naudoti sof\u0105 ar u\u017euolaidas, kas gali sukelti brangi\u0173 bald\u0173 remonto i\u0161laidas. Draskymo medis taip pat suteikia katei \u017eaidimo ir laipiojimo galimybes, palaiko j\u0105 aktyvi\u0105 ir ma\u017eina nuobodul\u012f. Lengva investicija, kuri palaiko kat\u0119 laiming\u0105 ir namus tvarkingus.<\/p>\n<p data-start=\"2330\" data-end=\"2496\">Draskymo medis tinka ka\u010diukams, ma\u017eoms kat\u0117ms ir lengvoms vidutinio dyd\u017eio kat\u0117ms. Pagrindinis stulpas yra labai storas ir visi\u0161kai padengtas trinties sisalo virve.<\/p>\n<p data-start=\"2498\" data-end=\"2648\"><strong data-start=\"2498\" data-end=\"2511\">Matmenys:<\/strong><br data-start=\"2511\" data-end=\"2514\" \/>Auk\u0161tis: 155 cm<br data-start=\"2529\" data-end=\"2532\" \/>Vir\u0161utin\u0117 platforma su mink\u0161ta lova: skersmuo 57 cm<br data-start=\"2583\" data-end=\"2586\" \/>Kabanti lova: skersmuo 47 cm<br data-start=\"2614\" data-end=\"2617\" \/>Pagrindo matmenys: 57 x 57 cm<\/p>\n<p data-start=\"2650\" data-end=\"2718\" data-is-last-node=\"\" data-is-only-node=\"\"><strong data-start=\"2650\" data-end=\"2670\">Produkto svoris:<\/strong> 28 kg<br data-start=\"2676\" data-end=\"2679\" \/><strong data-start=\"2679\" data-end=\"2710\">Produkto svoris su pakuote:<\/strong> 28,9 kg<\/p>\n","protected":false},"featured_media":42242,"template":"","meta":[],"product_brand":[],"product_cat":[511],"product_tag":[],"class_list":{"0":"post-48614","1":"product","2":"type-product","3":"status-publish","4":"has-post-thumbnail","6":"product_cat-vidutinio-dydzio-draskymo-medziai","7":"product_shipping_class-pakiautomaati-sobimatu-lt","9":"first","10":"instock","11":"sale","12":"taxable","13":"shipping-taxable","14":"purchasable","15":"product-type-simple"},"yoast_head":"<!-- This site is optimized with the Yoast SEO plugin v27.2 - https:\/\/yoast.com\/product\/yoast-seo-wordpress\/ -->\n<title>Laipiojimo medis MiuMjau 7060, 155 cm - MiuMjau<\/title>\n<meta name=\"robots\" content=\"index, follow, max-snippet:-1, max-image-preview:large, max-video-preview:-1\" \/>\n<link rel=\"canonical\" href=\"https:\/\/miumjau.ee\/lt\/produktas\/laipiojimo-medis-miumjau-7060-155-cm\/\" \/>\n<meta property=\"og:locale\" content=\"lt_LT\" \/>\n<meta property=\"og:type\" content=\"article\" \/>\n<meta property=\"og:title\" content=\"Laipiojimo medis MiuMjau 7060, 155 cm - MiuMjau\" \/>\n<meta property=\"og:description\" content=\"Kat\u0117ms reikalingas draskymo medis, nes draskymas yra nat\u016bralus b\u016bdas pri\u017ei\u016br\u0117ti nagus, tempti raumenis ir pa\u017eym\u0117ti teritorij\u0105. Be draskymo med\u017eio jos gali naudoti sof\u0105 ar u\u017euolaidas, kas gali sukelti brangi\u0173 bald\u0173 remonto i\u0161laidas. Draskymo medis taip pat suteikia katei \u017eaidimo ir laipiojimo galimybes, palaiko j\u0105 aktyvi\u0105 ir ma\u017eina nuobodul\u012f. Lengva investicija, kuri palaiko kat\u0119 laiming\u0105 ir namus tvarkingus. Draskymo medis tinka ka\u010diukams, ma\u017eoms kat\u0117ms ir lengvoms vidutinio dyd\u017eio kat\u0117ms. Pagrindinis stulpas yra labai storas ir visi\u0161kai padengtas trinties sisalo virve. Matmenys:Auk\u0161tis: 155 cmVir\u0161utin\u0117 platforma su mink\u0161ta lova: skersmuo 57 cmKabanti lova: skersmuo 47 cmPagrindo matmenys: 57 x 57 cm Produkto svoris: 28 kgProdukto svoris su pakuote: 28,9 kg\" \/>\n<meta property=\"og:url\" content=\"https:\/\/miumjau.ee\/lt\/produktas\/laipiojimo-medis-miumjau-7060-155-cm\/\" \/>\n<meta property=\"og:site_name\" content=\"MiuMjau\" \/>\n<meta property=\"article:publisher\" content=\"https:\/\/www.facebook.com\/miumjaupood\/\" \/>\n<meta property=\"article:modified_time\" content=\"2026-03-10T20:07:44+00:00\" \/>\n<meta property=\"og:image\" content=\"https:\/\/miumjau.ee\/wp-content\/uploads\/2025\/08\/ronimispuu-miumjau-7060.jpg\" \/>\n\t<meta property=\"og:image:width\" content=\"600\" \/>\n\t<meta property=\"og:image:height\" content=\"800\" \/>\n\t<meta property=\"og:image:type\" content=\"image\/jpeg\" \/>\n<meta name=\"twitter:card\" content=\"summary_large_image\" \/>\n<script type=\"application\/ld+json\" class=\"yoast-schema-graph\">{\"@context\":\"https:\/\/schema.org\",\"@graph\":[{\"@type\":\"WebPage\",\"@id\":\"https:\/\/miumjau.ee\/lt\/produktas\/laipiojimo-medis-miumjau-7060-155-cm\/\",\"url\":\"https:\/\/miumjau.ee\/lt\/produktas\/laipiojimo-medis-miumjau-7060-155-cm\/\",\"name\":\"Laipiojimo medis MiuMjau 7060, 155 cm - MiuMjau\",\"isPartOf\":{\"@id\":\"https:\/\/miumjau.ee\/#website\"},\"primaryImageOfPage\":{\"@id\":\"https:\/\/miumjau.ee\/lt\/produktas\/laipiojimo-medis-miumjau-7060-155-cm\/#primaryimage\"},\"image\":{\"@id\":\"https:\/\/miumjau.ee\/lt\/produktas\/laipiojimo-medis-miumjau-7060-155-cm\/#primaryimage\"},\"thumbnailUrl\":\"https:\/\/miumjau.ee\/wp-content\/uploads\/2025\/08\/ronimispuu-miumjau-7060.jpg\",\"datePublished\":\"2025-08-12T13:36:21+00:00\",\"dateModified\":\"2026-03-10T20:07:44+00:00\",\"breadcrumb\":{\"@id\":\"https:\/\/miumjau.ee\/lt\/produktas\/laipiojimo-medis-miumjau-7060-155-cm\/#breadcrumb\"},\"inLanguage\":\"lt-LT\",\"potentialAction\":[{\"@type\":\"ReadAction\",\"target\":[\"https:\/\/miumjau.ee\/lt\/produktas\/laipiojimo-medis-miumjau-7060-155-cm\/\"]}]},{\"@type\":\"ImageObject\",\"inLanguage\":\"lt-LT\",\"@id\":\"https:\/\/miumjau.ee\/lt\/produktas\/laipiojimo-medis-miumjau-7060-155-cm\/#primaryimage\",\"url\":\"https:\/\/miumjau.ee\/wp-content\/uploads\/2025\/08\/ronimispuu-miumjau-7060.jpg\",\"contentUrl\":\"https:\/\/miumjau.ee\/wp-content\/uploads\/2025\/08\/ronimispuu-miumjau-7060.jpg\",\"width\":600,\"height\":800,\"caption\":\"Ronimispuu MiuMjau 7060, 150cm\"},{\"@type\":\"BreadcrumbList\",\"@id\":\"https:\/\/miumjau.ee\/lt\/produktas\/laipiojimo-medis-miumjau-7060-155-cm\/#breadcrumb\",\"itemListElement\":[{\"@type\":\"ListItem\",\"position\":1,\"name\":\"Home\",\"item\":\"https:\/\/miumjau.ee\/lt\/\"},{\"@type\":\"ListItem\",\"position\":2,\"name\":\"Parduotuv\u0117\",\"item\":\"https:\/\/miumjau.ee\/lt\/parduotuve\/\"},{\"@type\":\"ListItem\",\"position\":3,\"name\":\"Laipiojimo medis MiuMjau 7060, 155 cm\"}]},{\"@type\":\"WebSite\",\"@id\":\"https:\/\/miumjau.ee\/#website\",\"url\":\"https:\/\/miumjau.ee\/\",\"name\":\"MiuMjau\",\"description\":\"Kraapimispuud kassidele\",\"publisher\":{\"@id\":\"https:\/\/miumjau.ee\/#organization\"},\"potentialAction\":[{\"@type\":\"SearchAction\",\"target\":{\"@type\":\"EntryPoint\",\"urlTemplate\":\"https:\/\/miumjau.ee\/?s={search_term_string}\"},\"query-input\":{\"@type\":\"PropertyValueSpecification\",\"valueRequired\":true,\"valueName\":\"search_term_string\"}}],\"inLanguage\":\"lt-LT\"},{\"@type\":\"Organization\",\"@id\":\"https:\/\/miumjau.ee\/#organization\",\"name\":\"MiuMjau O\u00dc\",\"url\":\"https:\/\/miumjau.ee\/\",\"logo\":{\"@type\":\"ImageObject\",\"inLanguage\":\"lt-LT\",\"@id\":\"https:\/\/miumjau.ee\/#\/schema\/logo\/image\/\",\"url\":\"https:\/\/miumjau.ee\/wp-content\/uploads\/2022\/04\/MiuMjau-logo-kollane.png\",\"contentUrl\":\"https:\/\/miumjau.ee\/wp-content\/uploads\/2022\/04\/MiuMjau-logo-kollane.png\",\"width\":219,\"height\":100,\"caption\":\"MiuMjau O\u00dc\"},\"image\":{\"@id\":\"https:\/\/miumjau.ee\/#\/schema\/logo\/image\/\"},\"sameAs\":[\"https:\/\/www.facebook.com\/miumjaupood\/\"]}]}<\/script>\n<!-- \/ Yoast SEO plugin. -->","yoast_head_json":{"title":"Laipiojimo medis MiuMjau 7060, 155 cm - MiuMjau","robots":{"index":"index","follow":"follow","max-snippet":"max-snippet:-1","max-image-preview":"max-image-preview:large","max-video-preview":"max-video-preview:-1"},"canonical":"https:\/\/miumjau.ee\/lt\/produktas\/laipiojimo-medis-miumjau-7060-155-cm\/","og_locale":"lt_LT","og_type":"article","og_title":"Laipiojimo medis MiuMjau 7060, 155 cm - MiuMjau","og_description":"Kat\u0117ms reikalingas draskymo medis, nes draskymas yra nat\u016bralus b\u016bdas pri\u017ei\u016br\u0117ti nagus, tempti raumenis ir pa\u017eym\u0117ti teritorij\u0105. Be draskymo med\u017eio jos gali naudoti sof\u0105 ar u\u017euolaidas, kas gali sukelti brangi\u0173 bald\u0173 remonto i\u0161laidas. Draskymo medis taip pat suteikia katei \u017eaidimo ir laipiojimo galimybes, palaiko j\u0105 aktyvi\u0105 ir ma\u017eina nuobodul\u012f. Lengva investicija, kuri palaiko kat\u0119 laiming\u0105 ir namus tvarkingus. Draskymo medis tinka ka\u010diukams, ma\u017eoms kat\u0117ms ir lengvoms vidutinio dyd\u017eio kat\u0117ms. Pagrindinis stulpas yra labai storas ir visi\u0161kai padengtas trinties sisalo virve. Matmenys:Auk\u0161tis: 155 cmVir\u0161utin\u0117 platforma su mink\u0161ta lova: skersmuo 57 cmKabanti lova: skersmuo 47 cmPagrindo matmenys: 57 x 57 cm Produkto svoris: 28 kgProdukto svoris su pakuote: 28,9 kg","og_url":"https:\/\/miumjau.ee\/lt\/produktas\/laipiojimo-medis-miumjau-7060-155-cm\/","og_site_name":"MiuMjau","article_publisher":"https:\/\/www.facebook.com\/miumjaupood\/","article_modified_time":"2026-03-10T20:07:44+00:00","og_image":[{"width":600,"height":800,"url":"https:\/\/miumjau.ee\/wp-content\/uploads\/2025\/08\/ronimispuu-miumjau-7060.jpg","type":"image\/jpeg"}],"twitter_card":"summary_large_image","schema":{"@context":"https:\/\/schema.org","@graph":[{"@type":"WebPage","@id":"https:\/\/miumjau.ee\/lt\/produktas\/laipiojimo-medis-miumjau-7060-155-cm\/","url":"https:\/\/miumjau.ee\/lt\/produktas\/laipiojimo-medis-miumjau-7060-155-cm\/","name":"Laipiojimo medis MiuMjau 7060, 155 cm - MiuMjau","isPartOf":{"@id":"https:\/\/miumjau.ee\/#website"},"primaryImageOfPage":{"@id":"https:\/\/miumjau.ee\/lt\/produktas\/laipiojimo-medis-miumjau-7060-155-cm\/#primaryimage"},"image":{"@id":"https:\/\/miumjau.ee\/lt\/produktas\/laipiojimo-medis-miumjau-7060-155-cm\/#primaryimage"},"thumbnailUrl":"https:\/\/miumjau.ee\/wp-content\/uploads\/2025\/08\/ronimispuu-miumjau-7060.jpg","datePublished":"2025-08-12T13:36:21+00:00","dateModified":"2026-03-10T20:07:44+00:00","breadcrumb":{"@id":"https:\/\/miumjau.ee\/lt\/produktas\/laipiojimo-medis-miumjau-7060-155-cm\/#breadcrumb"},"inLanguage":"lt-LT","potentialAction":[{"@type":"ReadAction","target":["https:\/\/miumjau.ee\/lt\/produktas\/laipiojimo-medis-miumjau-7060-155-cm\/"]}]},{"@type":"ImageObject","inLanguage":"lt-LT","@id":"https:\/\/miumjau.ee\/lt\/produktas\/laipiojimo-medis-miumjau-7060-155-cm\/#primaryimage","url":"https:\/\/miumjau.ee\/wp-content\/uploads\/2025\/08\/ronimispuu-miumjau-7060.jpg","contentUrl":"https:\/\/miumjau.ee\/wp-content\/uploads\/2025\/08\/ronimispuu-miumjau-7060.jpg","width":600,"height":800,"caption":"Ronimispuu MiuMjau 7060, 150cm"},{"@type":"BreadcrumbList","@id":"https:\/\/miumjau.ee\/lt\/produktas\/laipiojimo-medis-miumjau-7060-155-cm\/#breadcrumb","itemListElement":[{"@type":"ListItem","position":1,"name":"Home","item":"https:\/\/miumjau.ee\/lt\/"},{"@type":"ListItem","position":2,"name":"Parduotuv\u0117","item":"https:\/\/miumjau.ee\/lt\/parduotuve\/"},{"@type":"ListItem","position":3,"name":"Laipiojimo medis MiuMjau 7060, 155 cm"}]},{"@type":"WebSite","@id":"https:\/\/miumjau.ee\/#website","url":"https:\/\/miumjau.ee\/","name":"MiuMjau","description":"Kraapimispuud kassidele","publisher":{"@id":"https:\/\/miumjau.ee\/#organization"},"potentialAction":[{"@type":"SearchAction","target":{"@type":"EntryPoint","urlTemplate":"https:\/\/miumjau.ee\/?s={search_term_string}"},"query-input":{"@type":"PropertyValueSpecification","valueRequired":true,"valueName":"search_term_string"}}],"inLanguage":"lt-LT"},{"@type":"Organization","@id":"https:\/\/miumjau.ee\/#organization","name":"MiuMjau O\u00dc","url":"https:\/\/miumjau.ee\/","logo":{"@type":"ImageObject","inLanguage":"lt-LT","@id":"https:\/\/miumjau.ee\/#\/schema\/logo\/image\/","url":"https:\/\/miumjau.ee\/wp-content\/uploads\/2022\/04\/MiuMjau-logo-kollane.png","contentUrl":"https:\/\/miumjau.ee\/wp-content\/uploads\/2022\/04\/MiuMjau-logo-kollane.png","width":219,"height":100,"caption":"MiuMjau O\u00dc"},"image":{"@id":"https:\/\/miumjau.ee\/#\/schema\/logo\/image\/"},"sameAs":["https:\/\/www.facebook.com\/miumjaupood\/"]}]}},"_links":{"self":[{"href":"https:\/\/miumjau.ee\/lt\/wp-json\/wp\/v2\/product\/48614","targetHints":{"allow":["GET"]}}],"collection":[{"href":"https:\/\/miumjau.ee\/lt\/wp-json\/wp\/v2\/product"}],"about":[{"href":"https:\/\/miumjau.ee\/lt\/wp-json\/wp\/v2\/types\/product"}],"wp:featuredmedia":[{"embeddable":true,"href":"https:\/\/miumjau.ee\/lt\/wp-json\/wp\/v2\/media\/42242"}],"wp:attachment":[{"href":"https:\/\/miumjau.ee\/lt\/wp-json\/wp\/v2\/media?parent=48614"}],"wp:term":[{"taxonomy":"product_brand","embeddable":true,"href":"https:\/\/miumjau.ee\/lt\/wp-json\/wp\/v2\/product_brand?post=48614"},{"taxonomy":"product_cat","embeddable":true,"href":"https:\/\/miumjau.ee\/lt\/wp-json\/wp\/v2\/product_cat?post=48614"},{"taxonomy":"product_tag","embeddable":true,"href":"https:\/\/miumjau.ee\/lt\/wp-json\/wp\/v2\/product_tag?post=48614"}],"curies":[{"name":"wp","href":"https:\/\/api.w.org\/{rel}","templated":true}]}}