{"id":48608,"date":"2025-08-12T16:36:54","date_gmt":"2025-08-12T13:36:54","guid":{"rendered":"https:\/\/miumjau.ee\/toode\/laipiojimo-medis-miumjau-7071-140-cm\/"},"modified":"2026-01-07T20:45:02","modified_gmt":"2026-01-07T18:45:02","slug":"laipiojimo-medis-miumjau-7071-140-cm","status":"publish","type":"product","link":"https:\/\/miumjau.ee\/lt\/produktas\/laipiojimo-medis-miumjau-7071-140-cm\/","title":{"rendered":"Laipiojimo medis MiuMjau 7071, 140 cm"},"content":{"rendered":"","protected":false},"excerpt":{"rendered":"<p data-start=\"1875\" data-end=\"2288\">Kat\u0117ms reikalingas draskymo medis, nes draskymas yra nat\u016bralus b\u016bdas pri\u017ei\u016br\u0117ti nagus, tempti raumenis ir pa\u017eym\u0117ti teritorij\u0105. Be draskymo med\u017eio jos gali naudoti sof\u0105 ar u\u017euolaidas, kas gali sukelti brangi\u0173 bald\u0173 remonto i\u0161laidas. Draskymo medis taip pat suteikia katei \u017eaidimo ir laipiojimo galimybes, palaiko j\u0105 aktyvi\u0105 ir ma\u017eina nuobodul\u012f. Lengva investicija, kuri palaiko kat\u0119 laiming\u0105 ir namus tvarkingus.<\/p>\n<p data-start=\"2290\" data-end=\"2423\">Tiek namelio viduje, tiek vir\u0161utin\u0117je platformoje yra mink\u0161ta nuimama pagalv\u0117l\u0117. Puikiai tinka ka\u010diukams ir ma\u017eoms\/lengvoms kat\u0117ms.<\/p>\n<p data-start=\"2425\" data-end=\"2607\"><strong data-start=\"2425\" data-end=\"2438\">Matmenys:<\/strong><br data-start=\"2438\" data-end=\"2441\" \/>Auk\u0161tis: 140 cm<br data-start=\"2456\" data-end=\"2459\" \/>Pagrindo matmenys: 66 x 45 cm<br data-start=\"2488\" data-end=\"2491\" \/>Namelio matmenys: 40 x 36 x 31 cm<br data-start=\"2524\" data-end=\"2527\" \/>Vir\u0161utin\u0117s platformos matmenys: 32 x 50 cm<br data-start=\"2569\" data-end=\"2572\" \/>Stulp\u0173 skersmenys: 11 cm ir 15 cm<\/p>\n<p data-start=\"2609\" data-end=\"2677\" data-is-last-node=\"\" data-is-only-node=\"\"><strong data-start=\"2609\" data-end=\"2629\">Produkto svoris:<\/strong> 26 kg<br data-start=\"2635\" data-end=\"2638\" \/><strong data-start=\"2638\" data-end=\"2669\">Produkto svoris su pakuote:<\/strong> 26,8 kg<\/p>\n","protected":false},"featured_media":42246,"template":"","meta":[],"product_brand":[],"product_cat":[511],"product_tag":[],"class_list":{"0":"post-48608","1":"product","2":"type-product","3":"status-publish","4":"has-post-thumbnail","6":"product_cat-vidutinio-dydzio-draskymo-medziai","7":"product_shipping_class-pakiautomaati-sobimatu-lt","9":"first","10":"instock","11":"sale","12":"taxable","13":"shipping-taxable","14":"purchasable","15":"product-type-simple"},"yoast_head":"<!-- This site is optimized with the Yoast SEO plugin v27.2 - https:\/\/yoast.com\/product\/yoast-seo-wordpress\/ -->\n<title>Laipiojimo medis MiuMjau 7071, 140 cm - MiuMjau<\/title>\n<meta name=\"robots\" content=\"index, follow, max-snippet:-1, max-image-preview:large, max-video-preview:-1\" \/>\n<link rel=\"canonical\" href=\"https:\/\/miumjau.ee\/lt\/produktas\/laipiojimo-medis-miumjau-7071-140-cm\/\" \/>\n<meta property=\"og:locale\" content=\"lt_LT\" \/>\n<meta property=\"og:type\" content=\"article\" \/>\n<meta property=\"og:title\" content=\"Laipiojimo medis MiuMjau 7071, 140 cm - MiuMjau\" \/>\n<meta property=\"og:description\" content=\"Kat\u0117ms reikalingas draskymo medis, nes draskymas yra nat\u016bralus b\u016bdas pri\u017ei\u016br\u0117ti nagus, tempti raumenis ir pa\u017eym\u0117ti teritorij\u0105. Be draskymo med\u017eio jos gali naudoti sof\u0105 ar u\u017euolaidas, kas gali sukelti brangi\u0173 bald\u0173 remonto i\u0161laidas. Draskymo medis taip pat suteikia katei \u017eaidimo ir laipiojimo galimybes, palaiko j\u0105 aktyvi\u0105 ir ma\u017eina nuobodul\u012f. Lengva investicija, kuri palaiko kat\u0119 laiming\u0105 ir namus tvarkingus. Tiek namelio viduje, tiek vir\u0161utin\u0117je platformoje yra mink\u0161ta nuimama pagalv\u0117l\u0117. Puikiai tinka ka\u010diukams ir ma\u017eoms\/lengvoms kat\u0117ms. Matmenys:Auk\u0161tis: 140 cmPagrindo matmenys: 66 x 45 cmNamelio matmenys: 40 x 36 x 31 cmVir\u0161utin\u0117s platformos matmenys: 32 x 50 cmStulp\u0173 skersmenys: 11 cm ir 15 cm Produkto svoris: 26 kgProdukto svoris su pakuote: 26,8 kg\" \/>\n<meta property=\"og:url\" content=\"https:\/\/miumjau.ee\/lt\/produktas\/laipiojimo-medis-miumjau-7071-140-cm\/\" \/>\n<meta property=\"og:site_name\" content=\"MiuMjau\" \/>\n<meta property=\"article:publisher\" content=\"https:\/\/www.facebook.com\/miumjaupood\/\" \/>\n<meta property=\"article:modified_time\" content=\"2026-01-07T18:45:02+00:00\" \/>\n<meta property=\"og:image\" content=\"https:\/\/miumjau.ee\/wp-content\/uploads\/2025\/08\/ronimispuu-miumjau-70712.jpg\" \/>\n\t<meta property=\"og:image:width\" content=\"600\" \/>\n\t<meta property=\"og:image:height\" content=\"800\" \/>\n\t<meta property=\"og:image:type\" content=\"image\/jpeg\" \/>\n<meta name=\"twitter:card\" content=\"summary_large_image\" \/>\n<script type=\"application\/ld+json\" class=\"yoast-schema-graph\">{\"@context\":\"https:\/\/schema.org\",\"@graph\":[{\"@type\":\"WebPage\",\"@id\":\"https:\/\/miumjau.ee\/lt\/produktas\/laipiojimo-medis-miumjau-7071-140-cm\/\",\"url\":\"https:\/\/miumjau.ee\/lt\/produktas\/laipiojimo-medis-miumjau-7071-140-cm\/\",\"name\":\"Laipiojimo medis MiuMjau 7071, 140 cm - MiuMjau\",\"isPartOf\":{\"@id\":\"https:\/\/miumjau.ee\/#website\"},\"primaryImageOfPage\":{\"@id\":\"https:\/\/miumjau.ee\/lt\/produktas\/laipiojimo-medis-miumjau-7071-140-cm\/#primaryimage\"},\"image\":{\"@id\":\"https:\/\/miumjau.ee\/lt\/produktas\/laipiojimo-medis-miumjau-7071-140-cm\/#primaryimage\"},\"thumbnailUrl\":\"https:\/\/miumjau.ee\/wp-content\/uploads\/2025\/08\/ronimispuu-miumjau-70712.jpg\",\"datePublished\":\"2025-08-12T13:36:54+00:00\",\"dateModified\":\"2026-01-07T18:45:02+00:00\",\"breadcrumb\":{\"@id\":\"https:\/\/miumjau.ee\/lt\/produktas\/laipiojimo-medis-miumjau-7071-140-cm\/#breadcrumb\"},\"inLanguage\":\"lt-LT\",\"potentialAction\":[{\"@type\":\"ReadAction\",\"target\":[\"https:\/\/miumjau.ee\/lt\/produktas\/laipiojimo-medis-miumjau-7071-140-cm\/\"]}]},{\"@type\":\"ImageObject\",\"inLanguage\":\"lt-LT\",\"@id\":\"https:\/\/miumjau.ee\/lt\/produktas\/laipiojimo-medis-miumjau-7071-140-cm\/#primaryimage\",\"url\":\"https:\/\/miumjau.ee\/wp-content\/uploads\/2025\/08\/ronimispuu-miumjau-70712.jpg\",\"contentUrl\":\"https:\/\/miumjau.ee\/wp-content\/uploads\/2025\/08\/ronimispuu-miumjau-70712.jpg\",\"width\":600,\"height\":800,\"caption\":\"Ronimispuu MiuMjau 7071, 140cm\"},{\"@type\":\"BreadcrumbList\",\"@id\":\"https:\/\/miumjau.ee\/lt\/produktas\/laipiojimo-medis-miumjau-7071-140-cm\/#breadcrumb\",\"itemListElement\":[{\"@type\":\"ListItem\",\"position\":1,\"name\":\"Home\",\"item\":\"https:\/\/miumjau.ee\/lt\/\"},{\"@type\":\"ListItem\",\"position\":2,\"name\":\"Parduotuv\u0117\",\"item\":\"https:\/\/miumjau.ee\/lt\/parduotuve\/\"},{\"@type\":\"ListItem\",\"position\":3,\"name\":\"Laipiojimo medis MiuMjau 7071, 140 cm\"}]},{\"@type\":\"WebSite\",\"@id\":\"https:\/\/miumjau.ee\/#website\",\"url\":\"https:\/\/miumjau.ee\/\",\"name\":\"MiuMjau\",\"description\":\"Kraapimispuud kassidele\",\"publisher\":{\"@id\":\"https:\/\/miumjau.ee\/#organization\"},\"potentialAction\":[{\"@type\":\"SearchAction\",\"target\":{\"@type\":\"EntryPoint\",\"urlTemplate\":\"https:\/\/miumjau.ee\/?s={search_term_string}\"},\"query-input\":{\"@type\":\"PropertyValueSpecification\",\"valueRequired\":true,\"valueName\":\"search_term_string\"}}],\"inLanguage\":\"lt-LT\"},{\"@type\":\"Organization\",\"@id\":\"https:\/\/miumjau.ee\/#organization\",\"name\":\"MiuMjau O\u00dc\",\"url\":\"https:\/\/miumjau.ee\/\",\"logo\":{\"@type\":\"ImageObject\",\"inLanguage\":\"lt-LT\",\"@id\":\"https:\/\/miumjau.ee\/#\/schema\/logo\/image\/\",\"url\":\"https:\/\/miumjau.ee\/wp-content\/uploads\/2022\/04\/MiuMjau-logo-kollane.png\",\"contentUrl\":\"https:\/\/miumjau.ee\/wp-content\/uploads\/2022\/04\/MiuMjau-logo-kollane.png\",\"width\":219,\"height\":100,\"caption\":\"MiuMjau O\u00dc\"},\"image\":{\"@id\":\"https:\/\/miumjau.ee\/#\/schema\/logo\/image\/\"},\"sameAs\":[\"https:\/\/www.facebook.com\/miumjaupood\/\"]}]}<\/script>\n<!-- \/ Yoast SEO plugin. -->","yoast_head_json":{"title":"Laipiojimo medis MiuMjau 7071, 140 cm - MiuMjau","robots":{"index":"index","follow":"follow","max-snippet":"max-snippet:-1","max-image-preview":"max-image-preview:large","max-video-preview":"max-video-preview:-1"},"canonical":"https:\/\/miumjau.ee\/lt\/produktas\/laipiojimo-medis-miumjau-7071-140-cm\/","og_locale":"lt_LT","og_type":"article","og_title":"Laipiojimo medis MiuMjau 7071, 140 cm - MiuMjau","og_description":"Kat\u0117ms reikalingas draskymo medis, nes draskymas yra nat\u016bralus b\u016bdas pri\u017ei\u016br\u0117ti nagus, tempti raumenis ir pa\u017eym\u0117ti teritorij\u0105. Be draskymo med\u017eio jos gali naudoti sof\u0105 ar u\u017euolaidas, kas gali sukelti brangi\u0173 bald\u0173 remonto i\u0161laidas. Draskymo medis taip pat suteikia katei \u017eaidimo ir laipiojimo galimybes, palaiko j\u0105 aktyvi\u0105 ir ma\u017eina nuobodul\u012f. Lengva investicija, kuri palaiko kat\u0119 laiming\u0105 ir namus tvarkingus. Tiek namelio viduje, tiek vir\u0161utin\u0117je platformoje yra mink\u0161ta nuimama pagalv\u0117l\u0117. Puikiai tinka ka\u010diukams ir ma\u017eoms\/lengvoms kat\u0117ms. Matmenys:Auk\u0161tis: 140 cmPagrindo matmenys: 66 x 45 cmNamelio matmenys: 40 x 36 x 31 cmVir\u0161utin\u0117s platformos matmenys: 32 x 50 cmStulp\u0173 skersmenys: 11 cm ir 15 cm Produkto svoris: 26 kgProdukto svoris su pakuote: 26,8 kg","og_url":"https:\/\/miumjau.ee\/lt\/produktas\/laipiojimo-medis-miumjau-7071-140-cm\/","og_site_name":"MiuMjau","article_publisher":"https:\/\/www.facebook.com\/miumjaupood\/","article_modified_time":"2026-01-07T18:45:02+00:00","og_image":[{"width":600,"height":800,"url":"https:\/\/miumjau.ee\/wp-content\/uploads\/2025\/08\/ronimispuu-miumjau-70712.jpg","type":"image\/jpeg"}],"twitter_card":"summary_large_image","schema":{"@context":"https:\/\/schema.org","@graph":[{"@type":"WebPage","@id":"https:\/\/miumjau.ee\/lt\/produktas\/laipiojimo-medis-miumjau-7071-140-cm\/","url":"https:\/\/miumjau.ee\/lt\/produktas\/laipiojimo-medis-miumjau-7071-140-cm\/","name":"Laipiojimo medis MiuMjau 7071, 140 cm - MiuMjau","isPartOf":{"@id":"https:\/\/miumjau.ee\/#website"},"primaryImageOfPage":{"@id":"https:\/\/miumjau.ee\/lt\/produktas\/laipiojimo-medis-miumjau-7071-140-cm\/#primaryimage"},"image":{"@id":"https:\/\/miumjau.ee\/lt\/produktas\/laipiojimo-medis-miumjau-7071-140-cm\/#primaryimage"},"thumbnailUrl":"https:\/\/miumjau.ee\/wp-content\/uploads\/2025\/08\/ronimispuu-miumjau-70712.jpg","datePublished":"2025-08-12T13:36:54+00:00","dateModified":"2026-01-07T18:45:02+00:00","breadcrumb":{"@id":"https:\/\/miumjau.ee\/lt\/produktas\/laipiojimo-medis-miumjau-7071-140-cm\/#breadcrumb"},"inLanguage":"lt-LT","potentialAction":[{"@type":"ReadAction","target":["https:\/\/miumjau.ee\/lt\/produktas\/laipiojimo-medis-miumjau-7071-140-cm\/"]}]},{"@type":"ImageObject","inLanguage":"lt-LT","@id":"https:\/\/miumjau.ee\/lt\/produktas\/laipiojimo-medis-miumjau-7071-140-cm\/#primaryimage","url":"https:\/\/miumjau.ee\/wp-content\/uploads\/2025\/08\/ronimispuu-miumjau-70712.jpg","contentUrl":"https:\/\/miumjau.ee\/wp-content\/uploads\/2025\/08\/ronimispuu-miumjau-70712.jpg","width":600,"height":800,"caption":"Ronimispuu MiuMjau 7071, 140cm"},{"@type":"BreadcrumbList","@id":"https:\/\/miumjau.ee\/lt\/produktas\/laipiojimo-medis-miumjau-7071-140-cm\/#breadcrumb","itemListElement":[{"@type":"ListItem","position":1,"name":"Home","item":"https:\/\/miumjau.ee\/lt\/"},{"@type":"ListItem","position":2,"name":"Parduotuv\u0117","item":"https:\/\/miumjau.ee\/lt\/parduotuve\/"},{"@type":"ListItem","position":3,"name":"Laipiojimo medis MiuMjau 7071, 140 cm"}]},{"@type":"WebSite","@id":"https:\/\/miumjau.ee\/#website","url":"https:\/\/miumjau.ee\/","name":"MiuMjau","description":"Kraapimispuud kassidele","publisher":{"@id":"https:\/\/miumjau.ee\/#organization"},"potentialAction":[{"@type":"SearchAction","target":{"@type":"EntryPoint","urlTemplate":"https:\/\/miumjau.ee\/?s={search_term_string}"},"query-input":{"@type":"PropertyValueSpecification","valueRequired":true,"valueName":"search_term_string"}}],"inLanguage":"lt-LT"},{"@type":"Organization","@id":"https:\/\/miumjau.ee\/#organization","name":"MiuMjau O\u00dc","url":"https:\/\/miumjau.ee\/","logo":{"@type":"ImageObject","inLanguage":"lt-LT","@id":"https:\/\/miumjau.ee\/#\/schema\/logo\/image\/","url":"https:\/\/miumjau.ee\/wp-content\/uploads\/2022\/04\/MiuMjau-logo-kollane.png","contentUrl":"https:\/\/miumjau.ee\/wp-content\/uploads\/2022\/04\/MiuMjau-logo-kollane.png","width":219,"height":100,"caption":"MiuMjau O\u00dc"},"image":{"@id":"https:\/\/miumjau.ee\/#\/schema\/logo\/image\/"},"sameAs":["https:\/\/www.facebook.com\/miumjaupood\/"]}]}},"_links":{"self":[{"href":"https:\/\/miumjau.ee\/lt\/wp-json\/wp\/v2\/product\/48608","targetHints":{"allow":["GET"]}}],"collection":[{"href":"https:\/\/miumjau.ee\/lt\/wp-json\/wp\/v2\/product"}],"about":[{"href":"https:\/\/miumjau.ee\/lt\/wp-json\/wp\/v2\/types\/product"}],"wp:featuredmedia":[{"embeddable":true,"href":"https:\/\/miumjau.ee\/lt\/wp-json\/wp\/v2\/media\/42246"}],"wp:attachment":[{"href":"https:\/\/miumjau.ee\/lt\/wp-json\/wp\/v2\/media?parent=48608"}],"wp:term":[{"taxonomy":"product_brand","embeddable":true,"href":"https:\/\/miumjau.ee\/lt\/wp-json\/wp\/v2\/product_brand?post=48608"},{"taxonomy":"product_cat","embeddable":true,"href":"https:\/\/miumjau.ee\/lt\/wp-json\/wp\/v2\/product_cat?post=48608"},{"taxonomy":"product_tag","embeddable":true,"href":"https:\/\/miumjau.ee\/lt\/wp-json\/wp\/v2\/product_tag?post=48608"}],"curies":[{"name":"wp","href":"https:\/\/api.w.org\/{rel}","templated":true}]}}