{"id":48524,"date":"2025-05-16T00:15:46","date_gmt":"2025-05-15T21:15:46","guid":{"rendered":"https:\/\/miumjau.ee\/toode\/frigera-pusiau-dregnas-daug-mesos-turintis-skanestas-su-arkliu-mesa-165-g\/"},"modified":"2026-01-07T20:45:02","modified_gmt":"2026-01-07T18:45:02","slug":"frigera-pusiau-dregnas-daug-mesos-turintis-skanestas-su-arkliu-mesa-165-g","status":"publish","type":"product","link":"https:\/\/miumjau.ee\/lt\/produktas\/frigera-pusiau-dregnas-daug-mesos-turintis-skanestas-su-arkliu-mesa-165-g\/","title":{"rendered":"Frigera pusiau dr\u0117gnas, daug m\u0117sos turintis skan\u0117stas su arkli\u0173 m\u0117sa, 165 g"},"content":{"rendered":"","protected":false},"excerpt":{"rendered":"<p data-start=\"3094\" data-end=\"3380\">Tikri Frigera pusiau dr\u0117gn\u0173 skan\u0117st\u0173 serijos \u0161edevrai! Be glitimo ir labai didelis m\u0117sos kiekis \u2013 net 85%! Net pa\u010dios jautriausios \u0161unys negal\u0117s jiems atsispirti. Pagaminta tik i\u0161 geriausi\u0173 turim\u0173 ingredient\u0173, be konservant\u0173 ir dirbtini\u0173 da\u017eikli\u0173 \u2013 vieni sveikiausi\u0173 skan\u0117st\u0173 rinkoje.<\/p>\n<p data-start=\"3382\" data-end=\"3478\">Kaip ir visi kiti Frigera mink\u0161ti skan\u0117stai, \u0161ie yra patogaus dyd\u017eio ir prakti\u0161koje pakuot\u0117je.<\/p>\n<p data-start=\"3480\" data-end=\"3635\"><strong data-start=\"3480\" data-end=\"3492\">Sud\u0117tis:<\/strong> m\u0117sa ir gyv\u016bnin\u0117s kilm\u0117s produktai (85 % m\u0117sos, \u012fskaitant 9,5 % arklienos milt\u0173), augalin\u0117s kilm\u0117s produktai, aliejai ir riebalai, mineralai<\/p>\n<p data-start=\"3637\" data-end=\"3739\"><strong data-start=\"3637\" data-end=\"3659\">Analitin\u0117 sud\u0117tis:<\/strong> Baltymai 48,8 %, Riebalai 9,6 %, Pelenai 0,84 %, Skaidulos 1,6 %, Dr\u0117gm\u0117 21 %<\/p>\n<p data-start=\"3741\" data-end=\"3952\">Pateikite Frigera skan\u0117stus kaip u\u017ekand\u012f ar apdovanojim\u0105 tarp valgi\u0173 kaip subalansuotos mitybos dal\u012f. Visada pri\u017ei\u016br\u0117kite \u0161un\u012f \u0161\u0117rimo metu ir u\u017etikrinkite \u0161vie\u017eio vandens prieinamum\u0105. Nerekomenduojama \u017emon\u0117ms.<\/p>\n","protected":false},"featured_media":48525,"template":"","meta":[],"product_brand":[],"product_cat":[540],"product_tag":[],"class_list":{"0":"post-48524","1":"product","2":"type-product","3":"status-publish","4":"has-post-thumbnail","6":"product_cat-skanestai-sunims","8":"first","9":"instock","10":"taxable","11":"shipping-taxable","12":"purchasable","13":"product-type-simple"},"yoast_head":"<!-- This site is optimized with the Yoast SEO plugin v27.4 - https:\/\/yoast.com\/product\/yoast-seo-wordpress\/ -->\n<title>Frigera pusiau dr\u0117gnas, daug m\u0117sos turintis skan\u0117stas su arkli\u0173 m\u0117sa, 165 g - MiuMjau<\/title>\n<meta name=\"robots\" content=\"index, follow, max-snippet:-1, max-image-preview:large, max-video-preview:-1\" \/>\n<link rel=\"canonical\" href=\"https:\/\/miumjau.ee\/lt\/produktas\/frigera-pusiau-dregnas-daug-mesos-turintis-skanestas-su-arkliu-mesa-165-g\/\" \/>\n<meta property=\"og:locale\" content=\"lt_LT\" \/>\n<meta property=\"og:type\" content=\"article\" \/>\n<meta property=\"og:title\" content=\"Frigera pusiau dr\u0117gnas, daug m\u0117sos turintis skan\u0117stas su arkli\u0173 m\u0117sa, 165 g - MiuMjau\" \/>\n<meta property=\"og:description\" content=\"Tikri Frigera pusiau dr\u0117gn\u0173 skan\u0117st\u0173 serijos \u0161edevrai! Be glitimo ir labai didelis m\u0117sos kiekis \u2013 net 85%! Net pa\u010dios jautriausios \u0161unys negal\u0117s jiems atsispirti. Pagaminta tik i\u0161 geriausi\u0173 turim\u0173 ingredient\u0173, be konservant\u0173 ir dirbtini\u0173 da\u017eikli\u0173 \u2013 vieni sveikiausi\u0173 skan\u0117st\u0173 rinkoje. Kaip ir visi kiti Frigera mink\u0161ti skan\u0117stai, \u0161ie yra patogaus dyd\u017eio ir prakti\u0161koje pakuot\u0117je. Sud\u0117tis: m\u0117sa ir gyv\u016bnin\u0117s kilm\u0117s produktai (85 % m\u0117sos, \u012fskaitant 9,5 % arklienos milt\u0173), augalin\u0117s kilm\u0117s produktai, aliejai ir riebalai, mineralai Analitin\u0117 sud\u0117tis: Baltymai 48,8 %, Riebalai 9,6 %, Pelenai 0,84 %, Skaidulos 1,6 %, Dr\u0117gm\u0117 21 % Pateikite Frigera skan\u0117stus kaip u\u017ekand\u012f ar apdovanojim\u0105 tarp valgi\u0173 kaip subalansuotos mitybos dal\u012f. Visada pri\u017ei\u016br\u0117kite \u0161un\u012f \u0161\u0117rimo metu ir u\u017etikrinkite \u0161vie\u017eio vandens prieinamum\u0105. Nerekomenduojama \u017emon\u0117ms.\" \/>\n<meta property=\"og:url\" content=\"https:\/\/miumjau.ee\/lt\/produktas\/frigera-pusiau-dregnas-daug-mesos-turintis-skanestas-su-arkliu-mesa-165-g\/\" \/>\n<meta property=\"og:site_name\" content=\"MiuMjau\" \/>\n<meta property=\"article:publisher\" content=\"https:\/\/www.facebook.com\/miumjaupood\/\" \/>\n<meta property=\"article:modified_time\" content=\"2026-01-07T18:45:02+00:00\" \/>\n<meta property=\"og:image\" content=\"https:\/\/miumjau.ee\/wp-content\/uploads\/2025\/05\/frigera-poolniisked-pehmed-maiused-gluteenivaba-korge-lihasisaldusega-hobune-165g-1-Photoroom.webp\" \/>\n\t<meta property=\"og:image:width\" content=\"600\" \/>\n\t<meta property=\"og:image:height\" content=\"800\" \/>\n\t<meta property=\"og:image:type\" content=\"image\/webp\" \/>\n<meta name=\"twitter:card\" content=\"summary_large_image\" \/>\n<script type=\"application\/ld+json\" class=\"yoast-schema-graph\">{\"@context\":\"https:\\\/\\\/schema.org\",\"@graph\":[{\"@type\":\"WebPage\",\"@id\":\"https:\\\/\\\/miumjau.ee\\\/lt\\\/produktas\\\/frigera-pusiau-dregnas-daug-mesos-turintis-skanestas-su-arkliu-mesa-165-g\\\/\",\"url\":\"https:\\\/\\\/miumjau.ee\\\/lt\\\/produktas\\\/frigera-pusiau-dregnas-daug-mesos-turintis-skanestas-su-arkliu-mesa-165-g\\\/\",\"name\":\"Frigera pusiau dr\u0117gnas, daug m\u0117sos turintis skan\u0117stas su arkli\u0173 m\u0117sa, 165 g - MiuMjau\",\"isPartOf\":{\"@id\":\"https:\\\/\\\/miumjau.ee\\\/#website\"},\"primaryImageOfPage\":{\"@id\":\"https:\\\/\\\/miumjau.ee\\\/lt\\\/produktas\\\/frigera-pusiau-dregnas-daug-mesos-turintis-skanestas-su-arkliu-mesa-165-g\\\/#primaryimage\"},\"image\":{\"@id\":\"https:\\\/\\\/miumjau.ee\\\/lt\\\/produktas\\\/frigera-pusiau-dregnas-daug-mesos-turintis-skanestas-su-arkliu-mesa-165-g\\\/#primaryimage\"},\"thumbnailUrl\":\"https:\\\/\\\/miumjau.ee\\\/wp-content\\\/uploads\\\/2025\\\/05\\\/frigera-poolniisked-pehmed-maiused-gluteenivaba-korge-lihasisaldusega-hobune-165g-1-Photoroom.webp\",\"datePublished\":\"2025-05-15T21:15:46+00:00\",\"dateModified\":\"2026-01-07T18:45:02+00:00\",\"breadcrumb\":{\"@id\":\"https:\\\/\\\/miumjau.ee\\\/lt\\\/produktas\\\/frigera-pusiau-dregnas-daug-mesos-turintis-skanestas-su-arkliu-mesa-165-g\\\/#breadcrumb\"},\"inLanguage\":\"lt-LT\",\"potentialAction\":[{\"@type\":\"ReadAction\",\"target\":[\"https:\\\/\\\/miumjau.ee\\\/lt\\\/produktas\\\/frigera-pusiau-dregnas-daug-mesos-turintis-skanestas-su-arkliu-mesa-165-g\\\/\"]}]},{\"@type\":\"ImageObject\",\"inLanguage\":\"lt-LT\",\"@id\":\"https:\\\/\\\/miumjau.ee\\\/lt\\\/produktas\\\/frigera-pusiau-dregnas-daug-mesos-turintis-skanestas-su-arkliu-mesa-165-g\\\/#primaryimage\",\"url\":\"https:\\\/\\\/miumjau.ee\\\/wp-content\\\/uploads\\\/2025\\\/05\\\/frigera-poolniisked-pehmed-maiused-gluteenivaba-korge-lihasisaldusega-hobune-165g-1-Photoroom.webp\",\"contentUrl\":\"https:\\\/\\\/miumjau.ee\\\/wp-content\\\/uploads\\\/2025\\\/05\\\/frigera-poolniisked-pehmed-maiused-gluteenivaba-korge-lihasisaldusega-hobune-165g-1-Photoroom.webp\",\"width\":600,\"height\":800},{\"@type\":\"BreadcrumbList\",\"@id\":\"https:\\\/\\\/miumjau.ee\\\/lt\\\/produktas\\\/frigera-pusiau-dregnas-daug-mesos-turintis-skanestas-su-arkliu-mesa-165-g\\\/#breadcrumb\",\"itemListElement\":[{\"@type\":\"ListItem\",\"position\":1,\"name\":\"Home\",\"item\":\"https:\\\/\\\/miumjau.ee\\\/lt\\\/\"},{\"@type\":\"ListItem\",\"position\":2,\"name\":\"Parduotuv\u0117\",\"item\":\"https:\\\/\\\/miumjau.ee\\\/lt\\\/parduotuve\\\/\"},{\"@type\":\"ListItem\",\"position\":3,\"name\":\"Frigera pusiau dr\u0117gnas, daug m\u0117sos turintis skan\u0117stas su arkli\u0173 m\u0117sa, 165 g\"}]},{\"@type\":\"WebSite\",\"@id\":\"https:\\\/\\\/miumjau.ee\\\/#website\",\"url\":\"https:\\\/\\\/miumjau.ee\\\/\",\"name\":\"MiuMjau\",\"description\":\"Kraapimispuud kassidele\",\"publisher\":{\"@id\":\"https:\\\/\\\/miumjau.ee\\\/#organization\"},\"potentialAction\":[{\"@type\":\"SearchAction\",\"target\":{\"@type\":\"EntryPoint\",\"urlTemplate\":\"https:\\\/\\\/miumjau.ee\\\/?s={search_term_string}\"},\"query-input\":{\"@type\":\"PropertyValueSpecification\",\"valueRequired\":true,\"valueName\":\"search_term_string\"}}],\"inLanguage\":\"lt-LT\"},{\"@type\":\"Organization\",\"@id\":\"https:\\\/\\\/miumjau.ee\\\/#organization\",\"name\":\"MiuMjau O\u00dc\",\"url\":\"https:\\\/\\\/miumjau.ee\\\/\",\"logo\":{\"@type\":\"ImageObject\",\"inLanguage\":\"lt-LT\",\"@id\":\"https:\\\/\\\/miumjau.ee\\\/#\\\/schema\\\/logo\\\/image\\\/\",\"url\":\"https:\\\/\\\/miumjau.ee\\\/wp-content\\\/uploads\\\/2022\\\/04\\\/MiuMjau-logo-kollane.png\",\"contentUrl\":\"https:\\\/\\\/miumjau.ee\\\/wp-content\\\/uploads\\\/2022\\\/04\\\/MiuMjau-logo-kollane.png\",\"width\":219,\"height\":100,\"caption\":\"MiuMjau O\u00dc\"},\"image\":{\"@id\":\"https:\\\/\\\/miumjau.ee\\\/#\\\/schema\\\/logo\\\/image\\\/\"},\"sameAs\":[\"https:\\\/\\\/www.facebook.com\\\/miumjaupood\\\/\"]}]}<\/script>\n<!-- \/ Yoast SEO plugin. -->","yoast_head_json":{"title":"Frigera pusiau dr\u0117gnas, daug m\u0117sos turintis skan\u0117stas su arkli\u0173 m\u0117sa, 165 g - MiuMjau","robots":{"index":"index","follow":"follow","max-snippet":"max-snippet:-1","max-image-preview":"max-image-preview:large","max-video-preview":"max-video-preview:-1"},"canonical":"https:\/\/miumjau.ee\/lt\/produktas\/frigera-pusiau-dregnas-daug-mesos-turintis-skanestas-su-arkliu-mesa-165-g\/","og_locale":"lt_LT","og_type":"article","og_title":"Frigera pusiau dr\u0117gnas, daug m\u0117sos turintis skan\u0117stas su arkli\u0173 m\u0117sa, 165 g - MiuMjau","og_description":"Tikri Frigera pusiau dr\u0117gn\u0173 skan\u0117st\u0173 serijos \u0161edevrai! Be glitimo ir labai didelis m\u0117sos kiekis \u2013 net 85%! Net pa\u010dios jautriausios \u0161unys negal\u0117s jiems atsispirti. Pagaminta tik i\u0161 geriausi\u0173 turim\u0173 ingredient\u0173, be konservant\u0173 ir dirbtini\u0173 da\u017eikli\u0173 \u2013 vieni sveikiausi\u0173 skan\u0117st\u0173 rinkoje. Kaip ir visi kiti Frigera mink\u0161ti skan\u0117stai, \u0161ie yra patogaus dyd\u017eio ir prakti\u0161koje pakuot\u0117je. Sud\u0117tis: m\u0117sa ir gyv\u016bnin\u0117s kilm\u0117s produktai (85 % m\u0117sos, \u012fskaitant 9,5 % arklienos milt\u0173), augalin\u0117s kilm\u0117s produktai, aliejai ir riebalai, mineralai Analitin\u0117 sud\u0117tis: Baltymai 48,8 %, Riebalai 9,6 %, Pelenai 0,84 %, Skaidulos 1,6 %, Dr\u0117gm\u0117 21 % Pateikite Frigera skan\u0117stus kaip u\u017ekand\u012f ar apdovanojim\u0105 tarp valgi\u0173 kaip subalansuotos mitybos dal\u012f. Visada pri\u017ei\u016br\u0117kite \u0161un\u012f \u0161\u0117rimo metu ir u\u017etikrinkite \u0161vie\u017eio vandens prieinamum\u0105. Nerekomenduojama \u017emon\u0117ms.","og_url":"https:\/\/miumjau.ee\/lt\/produktas\/frigera-pusiau-dregnas-daug-mesos-turintis-skanestas-su-arkliu-mesa-165-g\/","og_site_name":"MiuMjau","article_publisher":"https:\/\/www.facebook.com\/miumjaupood\/","article_modified_time":"2026-01-07T18:45:02+00:00","og_image":[{"width":600,"height":800,"url":"https:\/\/miumjau.ee\/wp-content\/uploads\/2025\/05\/frigera-poolniisked-pehmed-maiused-gluteenivaba-korge-lihasisaldusega-hobune-165g-1-Photoroom.webp","type":"image\/webp"}],"twitter_card":"summary_large_image","schema":{"@context":"https:\/\/schema.org","@graph":[{"@type":"WebPage","@id":"https:\/\/miumjau.ee\/lt\/produktas\/frigera-pusiau-dregnas-daug-mesos-turintis-skanestas-su-arkliu-mesa-165-g\/","url":"https:\/\/miumjau.ee\/lt\/produktas\/frigera-pusiau-dregnas-daug-mesos-turintis-skanestas-su-arkliu-mesa-165-g\/","name":"Frigera pusiau dr\u0117gnas, daug m\u0117sos turintis skan\u0117stas su arkli\u0173 m\u0117sa, 165 g - MiuMjau","isPartOf":{"@id":"https:\/\/miumjau.ee\/#website"},"primaryImageOfPage":{"@id":"https:\/\/miumjau.ee\/lt\/produktas\/frigera-pusiau-dregnas-daug-mesos-turintis-skanestas-su-arkliu-mesa-165-g\/#primaryimage"},"image":{"@id":"https:\/\/miumjau.ee\/lt\/produktas\/frigera-pusiau-dregnas-daug-mesos-turintis-skanestas-su-arkliu-mesa-165-g\/#primaryimage"},"thumbnailUrl":"https:\/\/miumjau.ee\/wp-content\/uploads\/2025\/05\/frigera-poolniisked-pehmed-maiused-gluteenivaba-korge-lihasisaldusega-hobune-165g-1-Photoroom.webp","datePublished":"2025-05-15T21:15:46+00:00","dateModified":"2026-01-07T18:45:02+00:00","breadcrumb":{"@id":"https:\/\/miumjau.ee\/lt\/produktas\/frigera-pusiau-dregnas-daug-mesos-turintis-skanestas-su-arkliu-mesa-165-g\/#breadcrumb"},"inLanguage":"lt-LT","potentialAction":[{"@type":"ReadAction","target":["https:\/\/miumjau.ee\/lt\/produktas\/frigera-pusiau-dregnas-daug-mesos-turintis-skanestas-su-arkliu-mesa-165-g\/"]}]},{"@type":"ImageObject","inLanguage":"lt-LT","@id":"https:\/\/miumjau.ee\/lt\/produktas\/frigera-pusiau-dregnas-daug-mesos-turintis-skanestas-su-arkliu-mesa-165-g\/#primaryimage","url":"https:\/\/miumjau.ee\/wp-content\/uploads\/2025\/05\/frigera-poolniisked-pehmed-maiused-gluteenivaba-korge-lihasisaldusega-hobune-165g-1-Photoroom.webp","contentUrl":"https:\/\/miumjau.ee\/wp-content\/uploads\/2025\/05\/frigera-poolniisked-pehmed-maiused-gluteenivaba-korge-lihasisaldusega-hobune-165g-1-Photoroom.webp","width":600,"height":800},{"@type":"BreadcrumbList","@id":"https:\/\/miumjau.ee\/lt\/produktas\/frigera-pusiau-dregnas-daug-mesos-turintis-skanestas-su-arkliu-mesa-165-g\/#breadcrumb","itemListElement":[{"@type":"ListItem","position":1,"name":"Home","item":"https:\/\/miumjau.ee\/lt\/"},{"@type":"ListItem","position":2,"name":"Parduotuv\u0117","item":"https:\/\/miumjau.ee\/lt\/parduotuve\/"},{"@type":"ListItem","position":3,"name":"Frigera pusiau dr\u0117gnas, daug m\u0117sos turintis skan\u0117stas su arkli\u0173 m\u0117sa, 165 g"}]},{"@type":"WebSite","@id":"https:\/\/miumjau.ee\/#website","url":"https:\/\/miumjau.ee\/","name":"MiuMjau","description":"Kraapimispuud kassidele","publisher":{"@id":"https:\/\/miumjau.ee\/#organization"},"potentialAction":[{"@type":"SearchAction","target":{"@type":"EntryPoint","urlTemplate":"https:\/\/miumjau.ee\/?s={search_term_string}"},"query-input":{"@type":"PropertyValueSpecification","valueRequired":true,"valueName":"search_term_string"}}],"inLanguage":"lt-LT"},{"@type":"Organization","@id":"https:\/\/miumjau.ee\/#organization","name":"MiuMjau O\u00dc","url":"https:\/\/miumjau.ee\/","logo":{"@type":"ImageObject","inLanguage":"lt-LT","@id":"https:\/\/miumjau.ee\/#\/schema\/logo\/image\/","url":"https:\/\/miumjau.ee\/wp-content\/uploads\/2022\/04\/MiuMjau-logo-kollane.png","contentUrl":"https:\/\/miumjau.ee\/wp-content\/uploads\/2022\/04\/MiuMjau-logo-kollane.png","width":219,"height":100,"caption":"MiuMjau O\u00dc"},"image":{"@id":"https:\/\/miumjau.ee\/#\/schema\/logo\/image\/"},"sameAs":["https:\/\/www.facebook.com\/miumjaupood\/"]}]}},"_links":{"self":[{"href":"https:\/\/miumjau.ee\/lt\/wp-json\/wp\/v2\/product\/48524","targetHints":{"allow":["GET"]}}],"collection":[{"href":"https:\/\/miumjau.ee\/lt\/wp-json\/wp\/v2\/product"}],"about":[{"href":"https:\/\/miumjau.ee\/lt\/wp-json\/wp\/v2\/types\/product"}],"wp:featuredmedia":[{"embeddable":true,"href":"https:\/\/miumjau.ee\/lt\/wp-json\/wp\/v2\/media\/48525"}],"wp:attachment":[{"href":"https:\/\/miumjau.ee\/lt\/wp-json\/wp\/v2\/media?parent=48524"}],"wp:term":[{"taxonomy":"product_brand","embeddable":true,"href":"https:\/\/miumjau.ee\/lt\/wp-json\/wp\/v2\/product_brand?post=48524"},{"taxonomy":"product_cat","embeddable":true,"href":"https:\/\/miumjau.ee\/lt\/wp-json\/wp\/v2\/product_cat?post=48524"},{"taxonomy":"product_tag","embeddable":true,"href":"https:\/\/miumjau.ee\/lt\/wp-json\/wp\/v2\/product_tag?post=48524"}],"curies":[{"name":"wp","href":"https:\/\/api.w.org\/{rel}","templated":true}]}}