{"id":48502,"date":"2025-05-18T12:15:14","date_gmt":"2025-05-18T09:15:14","guid":{"rendered":"https:\/\/miumjau.ee\/toode\/frigera-dziovinti-vistu-kojytes-250-g\/"},"modified":"2026-01-07T20:45:02","modified_gmt":"2026-01-07T18:45:02","slug":"frigera-dziovinti-vistu-kojytes-250-g","status":"publish","type":"product","link":"https:\/\/miumjau.ee\/lt\/produktas\/frigera-dziovinti-vistu-kojytes-250-g\/","title":{"rendered":"Frigera d\u017eiovinti vi\u0161t\u0173 kojyt\u0117s, 250 g"},"content":{"rendered":"","protected":false},"excerpt":{"rendered":"<p data-start=\"3934\" data-end=\"4038\">FRIGERA d\u017eiovintos vi\u0161t\u0173 kojyt\u0117s yra nat\u016bralus ir sveikas skan\u0117stas, tinkamas \u0161unims bet kokio dyd\u017eio!<\/p>\n<p data-start=\"4040\" data-end=\"4559\">Ie\u0161kote puikaus ir nat\u016bralaus alternatyva s\u0105nari\u0173 papildams? I\u0161bandykite FRIGERA vi\u0161t\u0173 kojytes! I\u0161skirtinai tra\u0161kios ir maloniai spragsin\u010dios, \u0161ios kojyt\u0117s yra idealus ir vis populiaresnis u\u017ekandis j\u016bs\u0173 \u0161uniui. 100 % nat\u016bralios ir oro d\u017eiovintos, vi\u0161t\u0173 kojyt\u0117s daugiausia susideda i\u0161 odos, sausgysli\u0173, kremzli\u0173 ir ma\u017e\u0173 kaul\u0173. Lengvai vir\u0161kinamos ir turtingos kalcio, kuris palaiko sveikus kaulus ir dantis. Didelis gliukozamino ir chondroitino kiekis skatina s\u0105nari\u0173 sveikat\u0105. Kramtymas taip pat padeda valyti dantis.<\/p>\n<p data-start=\"4561\" data-end=\"4722\">\u012edomu \u2013 daugelyje pasaulio \u0161ali\u0173 \u0161ios kojyt\u0117s laikomos delikatesu ir \u017emon\u0117ms! D\u0117l ma\u017eo dyd\u017eio ir patogaus porcijavimo puikiai tinka ma\u017eiems ir jauniems \u0161unims.<\/p>\n<p data-start=\"4724\" data-end=\"4870\"><strong data-start=\"4724\" data-end=\"4744\">Grynasis svoris:<\/strong> 250 g<br data-start=\"4750\" data-end=\"4753\" \/><strong data-start=\"4753\" data-end=\"4765\">Sud\u0117tis:<\/strong> 100 % vi\u0161tiena<br data-start=\"4780\" data-end=\"4783\" \/><strong data-start=\"4783\" data-end=\"4805\">Analitin\u0117 sud\u0117tis:<\/strong> Baltymai 48,2 %, Riebalai 34,3 %, Pelenai 11,2 %, Dr\u0117gm\u0117 6,3 %<\/p>\n<p data-start=\"4872\" data-end=\"5127\"><strong data-start=\"4872\" data-end=\"4896\">\u0160\u0117rimo instrukcijos:<\/strong> Duokite kaip u\u017ekand\u012f arba apdovanojim\u0105 kaip subalansuotos mitybos dal\u012f. Visada pri\u017ei\u016br\u0117kite \u0161un\u012f \u0161\u0117rimo metu ir u\u017etikrinkite \u0161vie\u017eio vandens prieinamum\u0105. Tinka kasdieniam naudojimui, bet tik pri\u017ei\u016brint. Nerekomenduojama \u017emon\u0117ms.<\/p>\n","protected":false},"featured_media":48503,"template":"","meta":[],"product_brand":[],"product_cat":[540],"product_tag":[],"class_list":{"0":"post-48502","1":"product","2":"type-product","3":"status-publish","4":"has-post-thumbnail","6":"product_cat-skanestai-sunims","8":"first","9":"instock","10":"taxable","11":"shipping-taxable","12":"purchasable","13":"product-type-simple"},"yoast_head":"<!-- This site is optimized with the Yoast SEO plugin v27.4 - https:\/\/yoast.com\/product\/yoast-seo-wordpress\/ -->\n<title>Frigera d\u017eiovinti vi\u0161t\u0173 kojyt\u0117s, 250 g - MiuMjau<\/title>\n<meta name=\"robots\" content=\"index, follow, max-snippet:-1, max-image-preview:large, max-video-preview:-1\" \/>\n<link rel=\"canonical\" href=\"https:\/\/miumjau.ee\/lt\/produktas\/frigera-dziovinti-vistu-kojytes-250-g\/\" \/>\n<meta property=\"og:locale\" content=\"lt_LT\" \/>\n<meta property=\"og:type\" content=\"article\" \/>\n<meta property=\"og:title\" content=\"Frigera d\u017eiovinti vi\u0161t\u0173 kojyt\u0117s, 250 g - MiuMjau\" \/>\n<meta property=\"og:description\" content=\"FRIGERA d\u017eiovintos vi\u0161t\u0173 kojyt\u0117s yra nat\u016bralus ir sveikas skan\u0117stas, tinkamas \u0161unims bet kokio dyd\u017eio! Ie\u0161kote puikaus ir nat\u016bralaus alternatyva s\u0105nari\u0173 papildams? I\u0161bandykite FRIGERA vi\u0161t\u0173 kojytes! I\u0161skirtinai tra\u0161kios ir maloniai spragsin\u010dios, \u0161ios kojyt\u0117s yra idealus ir vis populiaresnis u\u017ekandis j\u016bs\u0173 \u0161uniui. 100 % nat\u016bralios ir oro d\u017eiovintos, vi\u0161t\u0173 kojyt\u0117s daugiausia susideda i\u0161 odos, sausgysli\u0173, kremzli\u0173 ir ma\u017e\u0173 kaul\u0173. Lengvai vir\u0161kinamos ir turtingos kalcio, kuris palaiko sveikus kaulus ir dantis. Didelis gliukozamino ir chondroitino kiekis skatina s\u0105nari\u0173 sveikat\u0105. Kramtymas taip pat padeda valyti dantis. \u012edomu \u2013 daugelyje pasaulio \u0161ali\u0173 \u0161ios kojyt\u0117s laikomos delikatesu ir \u017emon\u0117ms! D\u0117l ma\u017eo dyd\u017eio ir patogaus porcijavimo puikiai tinka ma\u017eiems ir jauniems \u0161unims. Grynasis svoris: 250 gSud\u0117tis: 100 % vi\u0161tienaAnalitin\u0117 sud\u0117tis: Baltymai 48,2 %, Riebalai 34,3 %, Pelenai 11,2 %, Dr\u0117gm\u0117 6,3 % \u0160\u0117rimo instrukcijos: Duokite kaip u\u017ekand\u012f arba apdovanojim\u0105 kaip subalansuotos mitybos dal\u012f. Visada pri\u017ei\u016br\u0117kite \u0161un\u012f \u0161\u0117rimo metu ir u\u017etikrinkite \u0161vie\u017eio vandens prieinamum\u0105. Tinka kasdieniam naudojimui, bet tik pri\u017ei\u016brint. Nerekomenduojama \u017emon\u0117ms.\" \/>\n<meta property=\"og:url\" content=\"https:\/\/miumjau.ee\/lt\/produktas\/frigera-dziovinti-vistu-kojytes-250-g\/\" \/>\n<meta property=\"og:site_name\" content=\"MiuMjau\" \/>\n<meta property=\"article:publisher\" content=\"https:\/\/www.facebook.com\/miumjaupood\/\" \/>\n<meta property=\"article:modified_time\" content=\"2026-01-07T18:45:02+00:00\" \/>\n<meta property=\"og:image\" content=\"https:\/\/miumjau.ee\/wp-content\/uploads\/2025\/05\/frigera-koerte-maius-kanajalad-250g-1-Photoroom.webp\" \/>\n\t<meta property=\"og:image:width\" content=\"600\" \/>\n\t<meta property=\"og:image:height\" content=\"800\" \/>\n\t<meta property=\"og:image:type\" content=\"image\/webp\" \/>\n<meta name=\"twitter:card\" content=\"summary_large_image\" \/>\n<script type=\"application\/ld+json\" class=\"yoast-schema-graph\">{\"@context\":\"https:\\\/\\\/schema.org\",\"@graph\":[{\"@type\":\"WebPage\",\"@id\":\"https:\\\/\\\/miumjau.ee\\\/lt\\\/produktas\\\/frigera-dziovinti-vistu-kojytes-250-g\\\/\",\"url\":\"https:\\\/\\\/miumjau.ee\\\/lt\\\/produktas\\\/frigera-dziovinti-vistu-kojytes-250-g\\\/\",\"name\":\"Frigera d\u017eiovinti vi\u0161t\u0173 kojyt\u0117s, 250 g - MiuMjau\",\"isPartOf\":{\"@id\":\"https:\\\/\\\/miumjau.ee\\\/#website\"},\"primaryImageOfPage\":{\"@id\":\"https:\\\/\\\/miumjau.ee\\\/lt\\\/produktas\\\/frigera-dziovinti-vistu-kojytes-250-g\\\/#primaryimage\"},\"image\":{\"@id\":\"https:\\\/\\\/miumjau.ee\\\/lt\\\/produktas\\\/frigera-dziovinti-vistu-kojytes-250-g\\\/#primaryimage\"},\"thumbnailUrl\":\"https:\\\/\\\/miumjau.ee\\\/wp-content\\\/uploads\\\/2025\\\/05\\\/frigera-koerte-maius-kanajalad-250g-1-Photoroom.webp\",\"datePublished\":\"2025-05-18T09:15:14+00:00\",\"dateModified\":\"2026-01-07T18:45:02+00:00\",\"breadcrumb\":{\"@id\":\"https:\\\/\\\/miumjau.ee\\\/lt\\\/produktas\\\/frigera-dziovinti-vistu-kojytes-250-g\\\/#breadcrumb\"},\"inLanguage\":\"lt-LT\",\"potentialAction\":[{\"@type\":\"ReadAction\",\"target\":[\"https:\\\/\\\/miumjau.ee\\\/lt\\\/produktas\\\/frigera-dziovinti-vistu-kojytes-250-g\\\/\"]}]},{\"@type\":\"ImageObject\",\"inLanguage\":\"lt-LT\",\"@id\":\"https:\\\/\\\/miumjau.ee\\\/lt\\\/produktas\\\/frigera-dziovinti-vistu-kojytes-250-g\\\/#primaryimage\",\"url\":\"https:\\\/\\\/miumjau.ee\\\/wp-content\\\/uploads\\\/2025\\\/05\\\/frigera-koerte-maius-kanajalad-250g-1-Photoroom.webp\",\"contentUrl\":\"https:\\\/\\\/miumjau.ee\\\/wp-content\\\/uploads\\\/2025\\\/05\\\/frigera-koerte-maius-kanajalad-250g-1-Photoroom.webp\",\"width\":600,\"height\":800},{\"@type\":\"BreadcrumbList\",\"@id\":\"https:\\\/\\\/miumjau.ee\\\/lt\\\/produktas\\\/frigera-dziovinti-vistu-kojytes-250-g\\\/#breadcrumb\",\"itemListElement\":[{\"@type\":\"ListItem\",\"position\":1,\"name\":\"Home\",\"item\":\"https:\\\/\\\/miumjau.ee\\\/lt\\\/\"},{\"@type\":\"ListItem\",\"position\":2,\"name\":\"Parduotuv\u0117\",\"item\":\"https:\\\/\\\/miumjau.ee\\\/lt\\\/parduotuve\\\/\"},{\"@type\":\"ListItem\",\"position\":3,\"name\":\"Frigera d\u017eiovinti vi\u0161t\u0173 kojyt\u0117s, 250 g\"}]},{\"@type\":\"WebSite\",\"@id\":\"https:\\\/\\\/miumjau.ee\\\/#website\",\"url\":\"https:\\\/\\\/miumjau.ee\\\/\",\"name\":\"MiuMjau\",\"description\":\"Kraapimispuud kassidele\",\"publisher\":{\"@id\":\"https:\\\/\\\/miumjau.ee\\\/#organization\"},\"potentialAction\":[{\"@type\":\"SearchAction\",\"target\":{\"@type\":\"EntryPoint\",\"urlTemplate\":\"https:\\\/\\\/miumjau.ee\\\/?s={search_term_string}\"},\"query-input\":{\"@type\":\"PropertyValueSpecification\",\"valueRequired\":true,\"valueName\":\"search_term_string\"}}],\"inLanguage\":\"lt-LT\"},{\"@type\":\"Organization\",\"@id\":\"https:\\\/\\\/miumjau.ee\\\/#organization\",\"name\":\"MiuMjau O\u00dc\",\"url\":\"https:\\\/\\\/miumjau.ee\\\/\",\"logo\":{\"@type\":\"ImageObject\",\"inLanguage\":\"lt-LT\",\"@id\":\"https:\\\/\\\/miumjau.ee\\\/#\\\/schema\\\/logo\\\/image\\\/\",\"url\":\"https:\\\/\\\/miumjau.ee\\\/wp-content\\\/uploads\\\/2022\\\/04\\\/MiuMjau-logo-kollane.png\",\"contentUrl\":\"https:\\\/\\\/miumjau.ee\\\/wp-content\\\/uploads\\\/2022\\\/04\\\/MiuMjau-logo-kollane.png\",\"width\":219,\"height\":100,\"caption\":\"MiuMjau O\u00dc\"},\"image\":{\"@id\":\"https:\\\/\\\/miumjau.ee\\\/#\\\/schema\\\/logo\\\/image\\\/\"},\"sameAs\":[\"https:\\\/\\\/www.facebook.com\\\/miumjaupood\\\/\"]}]}<\/script>\n<!-- \/ Yoast SEO plugin. -->","yoast_head_json":{"title":"Frigera d\u017eiovinti vi\u0161t\u0173 kojyt\u0117s, 250 g - MiuMjau","robots":{"index":"index","follow":"follow","max-snippet":"max-snippet:-1","max-image-preview":"max-image-preview:large","max-video-preview":"max-video-preview:-1"},"canonical":"https:\/\/miumjau.ee\/lt\/produktas\/frigera-dziovinti-vistu-kojytes-250-g\/","og_locale":"lt_LT","og_type":"article","og_title":"Frigera d\u017eiovinti vi\u0161t\u0173 kojyt\u0117s, 250 g - MiuMjau","og_description":"FRIGERA d\u017eiovintos vi\u0161t\u0173 kojyt\u0117s yra nat\u016bralus ir sveikas skan\u0117stas, tinkamas \u0161unims bet kokio dyd\u017eio! Ie\u0161kote puikaus ir nat\u016bralaus alternatyva s\u0105nari\u0173 papildams? I\u0161bandykite FRIGERA vi\u0161t\u0173 kojytes! I\u0161skirtinai tra\u0161kios ir maloniai spragsin\u010dios, \u0161ios kojyt\u0117s yra idealus ir vis populiaresnis u\u017ekandis j\u016bs\u0173 \u0161uniui. 100 % nat\u016bralios ir oro d\u017eiovintos, vi\u0161t\u0173 kojyt\u0117s daugiausia susideda i\u0161 odos, sausgysli\u0173, kremzli\u0173 ir ma\u017e\u0173 kaul\u0173. Lengvai vir\u0161kinamos ir turtingos kalcio, kuris palaiko sveikus kaulus ir dantis. Didelis gliukozamino ir chondroitino kiekis skatina s\u0105nari\u0173 sveikat\u0105. Kramtymas taip pat padeda valyti dantis. \u012edomu \u2013 daugelyje pasaulio \u0161ali\u0173 \u0161ios kojyt\u0117s laikomos delikatesu ir \u017emon\u0117ms! D\u0117l ma\u017eo dyd\u017eio ir patogaus porcijavimo puikiai tinka ma\u017eiems ir jauniems \u0161unims. Grynasis svoris: 250 gSud\u0117tis: 100 % vi\u0161tienaAnalitin\u0117 sud\u0117tis: Baltymai 48,2 %, Riebalai 34,3 %, Pelenai 11,2 %, Dr\u0117gm\u0117 6,3 % \u0160\u0117rimo instrukcijos: Duokite kaip u\u017ekand\u012f arba apdovanojim\u0105 kaip subalansuotos mitybos dal\u012f. Visada pri\u017ei\u016br\u0117kite \u0161un\u012f \u0161\u0117rimo metu ir u\u017etikrinkite \u0161vie\u017eio vandens prieinamum\u0105. Tinka kasdieniam naudojimui, bet tik pri\u017ei\u016brint. Nerekomenduojama \u017emon\u0117ms.","og_url":"https:\/\/miumjau.ee\/lt\/produktas\/frigera-dziovinti-vistu-kojytes-250-g\/","og_site_name":"MiuMjau","article_publisher":"https:\/\/www.facebook.com\/miumjaupood\/","article_modified_time":"2026-01-07T18:45:02+00:00","og_image":[{"width":600,"height":800,"url":"https:\/\/miumjau.ee\/wp-content\/uploads\/2025\/05\/frigera-koerte-maius-kanajalad-250g-1-Photoroom.webp","type":"image\/webp"}],"twitter_card":"summary_large_image","schema":{"@context":"https:\/\/schema.org","@graph":[{"@type":"WebPage","@id":"https:\/\/miumjau.ee\/lt\/produktas\/frigera-dziovinti-vistu-kojytes-250-g\/","url":"https:\/\/miumjau.ee\/lt\/produktas\/frigera-dziovinti-vistu-kojytes-250-g\/","name":"Frigera d\u017eiovinti vi\u0161t\u0173 kojyt\u0117s, 250 g - MiuMjau","isPartOf":{"@id":"https:\/\/miumjau.ee\/#website"},"primaryImageOfPage":{"@id":"https:\/\/miumjau.ee\/lt\/produktas\/frigera-dziovinti-vistu-kojytes-250-g\/#primaryimage"},"image":{"@id":"https:\/\/miumjau.ee\/lt\/produktas\/frigera-dziovinti-vistu-kojytes-250-g\/#primaryimage"},"thumbnailUrl":"https:\/\/miumjau.ee\/wp-content\/uploads\/2025\/05\/frigera-koerte-maius-kanajalad-250g-1-Photoroom.webp","datePublished":"2025-05-18T09:15:14+00:00","dateModified":"2026-01-07T18:45:02+00:00","breadcrumb":{"@id":"https:\/\/miumjau.ee\/lt\/produktas\/frigera-dziovinti-vistu-kojytes-250-g\/#breadcrumb"},"inLanguage":"lt-LT","potentialAction":[{"@type":"ReadAction","target":["https:\/\/miumjau.ee\/lt\/produktas\/frigera-dziovinti-vistu-kojytes-250-g\/"]}]},{"@type":"ImageObject","inLanguage":"lt-LT","@id":"https:\/\/miumjau.ee\/lt\/produktas\/frigera-dziovinti-vistu-kojytes-250-g\/#primaryimage","url":"https:\/\/miumjau.ee\/wp-content\/uploads\/2025\/05\/frigera-koerte-maius-kanajalad-250g-1-Photoroom.webp","contentUrl":"https:\/\/miumjau.ee\/wp-content\/uploads\/2025\/05\/frigera-koerte-maius-kanajalad-250g-1-Photoroom.webp","width":600,"height":800},{"@type":"BreadcrumbList","@id":"https:\/\/miumjau.ee\/lt\/produktas\/frigera-dziovinti-vistu-kojytes-250-g\/#breadcrumb","itemListElement":[{"@type":"ListItem","position":1,"name":"Home","item":"https:\/\/miumjau.ee\/lt\/"},{"@type":"ListItem","position":2,"name":"Parduotuv\u0117","item":"https:\/\/miumjau.ee\/lt\/parduotuve\/"},{"@type":"ListItem","position":3,"name":"Frigera d\u017eiovinti vi\u0161t\u0173 kojyt\u0117s, 250 g"}]},{"@type":"WebSite","@id":"https:\/\/miumjau.ee\/#website","url":"https:\/\/miumjau.ee\/","name":"MiuMjau","description":"Kraapimispuud kassidele","publisher":{"@id":"https:\/\/miumjau.ee\/#organization"},"potentialAction":[{"@type":"SearchAction","target":{"@type":"EntryPoint","urlTemplate":"https:\/\/miumjau.ee\/?s={search_term_string}"},"query-input":{"@type":"PropertyValueSpecification","valueRequired":true,"valueName":"search_term_string"}}],"inLanguage":"lt-LT"},{"@type":"Organization","@id":"https:\/\/miumjau.ee\/#organization","name":"MiuMjau O\u00dc","url":"https:\/\/miumjau.ee\/","logo":{"@type":"ImageObject","inLanguage":"lt-LT","@id":"https:\/\/miumjau.ee\/#\/schema\/logo\/image\/","url":"https:\/\/miumjau.ee\/wp-content\/uploads\/2022\/04\/MiuMjau-logo-kollane.png","contentUrl":"https:\/\/miumjau.ee\/wp-content\/uploads\/2022\/04\/MiuMjau-logo-kollane.png","width":219,"height":100,"caption":"MiuMjau O\u00dc"},"image":{"@id":"https:\/\/miumjau.ee\/#\/schema\/logo\/image\/"},"sameAs":["https:\/\/www.facebook.com\/miumjaupood\/"]}]}},"_links":{"self":[{"href":"https:\/\/miumjau.ee\/lt\/wp-json\/wp\/v2\/product\/48502","targetHints":{"allow":["GET"]}}],"collection":[{"href":"https:\/\/miumjau.ee\/lt\/wp-json\/wp\/v2\/product"}],"about":[{"href":"https:\/\/miumjau.ee\/lt\/wp-json\/wp\/v2\/types\/product"}],"wp:featuredmedia":[{"embeddable":true,"href":"https:\/\/miumjau.ee\/lt\/wp-json\/wp\/v2\/media\/48503"}],"wp:attachment":[{"href":"https:\/\/miumjau.ee\/lt\/wp-json\/wp\/v2\/media?parent=48502"}],"wp:term":[{"taxonomy":"product_brand","embeddable":true,"href":"https:\/\/miumjau.ee\/lt\/wp-json\/wp\/v2\/product_brand?post=48502"},{"taxonomy":"product_cat","embeddable":true,"href":"https:\/\/miumjau.ee\/lt\/wp-json\/wp\/v2\/product_cat?post=48502"},{"taxonomy":"product_tag","embeddable":true,"href":"https:\/\/miumjau.ee\/lt\/wp-json\/wp\/v2\/product_tag?post=48502"}],"curies":[{"name":"wp","href":"https:\/\/api.w.org\/{rel}","templated":true}]}}