{"id":48488,"date":"2025-05-18T12:26:08","date_gmt":"2025-05-18T09:26:08","guid":{"rendered":"https:\/\/miumjau.ee\/toode\/frigera-dziovinti-vistienos-kaklai-250-g\/"},"modified":"2026-01-07T20:45:09","modified_gmt":"2026-01-07T18:45:09","slug":"frigera-dziovinti-vistienos-kaklai-250-g","status":"publish","type":"product","link":"https:\/\/miumjau.ee\/lt\/produktas\/frigera-dziovinti-vistienos-kaklai-250-g\/","title":{"rendered":"Frigera d\u017eiovinti vi\u0161tienos kaklai, 250 g"},"content":{"rendered":"","protected":false},"excerpt":{"rendered":"<p data-start=\"3813\" data-end=\"3928\">FRIGERA d\u017eiovinti vi\u0161tienos kaklai yra nat\u016bralus ir sveikas skan\u0117stas, puikiai tinkantis \u0161unims bet kokio dyd\u017eio!<\/p>\n<p data-start=\"3930\" data-end=\"4265\">Ie\u0161kote tra\u0161kaus vi\u0161tienos skan\u0117sto, kuris taip pat palaikyt\u0173 dant\u0173 sveikat\u0105? Mes turime b\u016btent tai, ko jums reikia! FRIGERA vi\u0161tienos kaklai yra \u0161velniai oro d\u017eiovinti visais kaklais, \u012fskaitant stubur\u0105, trach\u0117j\u0105, jungiam\u0105j\u012f audin\u012f ir raumenis. Juose gausu gliukozamino, chondroitino ir kalcio, padedan\u010di\u0173 i\u0161laikyti s\u0105narius sveikus.<\/p>\n<p data-start=\"4267\" data-end=\"4571\">Puikiai tinka ma\u017eiems ir pradedantiesiems \u0161unims, taip pat didesniems ir vyresniems \u0161unims, nes susideda i\u0161 mink\u0161to ir lengvai kramtomo kremzl\u0117s audinio. \u0160ie nat\u016bral\u016bs, i\u0161 \u0161varios vi\u0161tienos pagaminti skan\u0117stai yra tikrai sunkiai pranokstami. Palepinkite savo augintin\u012f \u0161iuo gard\u0117siu \u2013 jis bus d\u0117kingas!<\/p>\n<p data-start=\"4573\" data-end=\"4719\"><strong data-start=\"4573\" data-end=\"4593\">Grynasis svoris:<\/strong> 250 g<br data-start=\"4599\" data-end=\"4602\" \/><strong data-start=\"4602\" data-end=\"4614\">Sud\u0117tis:<\/strong> 100 % vi\u0161tiena<br data-start=\"4629\" data-end=\"4632\" \/><strong data-start=\"4632\" data-end=\"4654\">Analitin\u0117 sud\u0117tis:<\/strong> Baltymai 42,5 %, Riebalai 13,8 %, Pelenai 11,2 %, Dr\u0117gm\u0117 5,9 %<\/p>\n<p data-start=\"4721\" data-end=\"4992\"><strong data-start=\"4721\" data-end=\"4745\">\u0160\u0117rimo instrukcijos:<\/strong> Duokite kaip skan\u0117st\u0105 tarp valgym\u0173 arba kaip apdovanojim\u0105 subalansuotos mitybos dalyje. Visada pri\u017ei\u016br\u0117kite \u0161un\u012f \u0161\u0117rimo metu ir u\u017etikrinkite \u0161vie\u017eio vandens prieinamum\u0105. Tinka kasdieniam naudojimui, bet tik pri\u017ei\u016brint. Nerekomenduojama \u017emon\u0117ms.<\/p>\n","protected":false},"featured_media":48489,"template":"","meta":[],"product_brand":[],"product_cat":[540],"product_tag":[],"class_list":{"0":"post-48488","1":"product","2":"type-product","3":"status-publish","4":"has-post-thumbnail","6":"product_cat-skanestai-sunims","8":"first","9":"instock","10":"taxable","11":"shipping-taxable","12":"purchasable","13":"product-type-simple"},"yoast_head":"<!-- This site is optimized with the Yoast SEO plugin v27.2 - https:\/\/yoast.com\/product\/yoast-seo-wordpress\/ -->\n<title>Frigera d\u017eiovinti vi\u0161tienos kaklai, 250 g - MiuMjau<\/title>\n<meta name=\"robots\" content=\"index, follow, max-snippet:-1, max-image-preview:large, max-video-preview:-1\" \/>\n<link rel=\"canonical\" href=\"https:\/\/miumjau.ee\/lt\/produktas\/frigera-dziovinti-vistienos-kaklai-250-g\/\" \/>\n<meta property=\"og:locale\" content=\"lt_LT\" \/>\n<meta property=\"og:type\" content=\"article\" \/>\n<meta property=\"og:title\" content=\"Frigera d\u017eiovinti vi\u0161tienos kaklai, 250 g - MiuMjau\" \/>\n<meta property=\"og:description\" content=\"FRIGERA d\u017eiovinti vi\u0161tienos kaklai yra nat\u016bralus ir sveikas skan\u0117stas, puikiai tinkantis \u0161unims bet kokio dyd\u017eio! Ie\u0161kote tra\u0161kaus vi\u0161tienos skan\u0117sto, kuris taip pat palaikyt\u0173 dant\u0173 sveikat\u0105? Mes turime b\u016btent tai, ko jums reikia! FRIGERA vi\u0161tienos kaklai yra \u0161velniai oro d\u017eiovinti visais kaklais, \u012fskaitant stubur\u0105, trach\u0117j\u0105, jungiam\u0105j\u012f audin\u012f ir raumenis. Juose gausu gliukozamino, chondroitino ir kalcio, padedan\u010di\u0173 i\u0161laikyti s\u0105narius sveikus. Puikiai tinka ma\u017eiems ir pradedantiesiems \u0161unims, taip pat didesniems ir vyresniems \u0161unims, nes susideda i\u0161 mink\u0161to ir lengvai kramtomo kremzl\u0117s audinio. \u0160ie nat\u016bral\u016bs, i\u0161 \u0161varios vi\u0161tienos pagaminti skan\u0117stai yra tikrai sunkiai pranokstami. Palepinkite savo augintin\u012f \u0161iuo gard\u0117siu \u2013 jis bus d\u0117kingas! Grynasis svoris: 250 gSud\u0117tis: 100 % vi\u0161tienaAnalitin\u0117 sud\u0117tis: Baltymai 42,5 %, Riebalai 13,8 %, Pelenai 11,2 %, Dr\u0117gm\u0117 5,9 % \u0160\u0117rimo instrukcijos: Duokite kaip skan\u0117st\u0105 tarp valgym\u0173 arba kaip apdovanojim\u0105 subalansuotos mitybos dalyje. Visada pri\u017ei\u016br\u0117kite \u0161un\u012f \u0161\u0117rimo metu ir u\u017etikrinkite \u0161vie\u017eio vandens prieinamum\u0105. Tinka kasdieniam naudojimui, bet tik pri\u017ei\u016brint. Nerekomenduojama \u017emon\u0117ms.\" \/>\n<meta property=\"og:url\" content=\"https:\/\/miumjau.ee\/lt\/produktas\/frigera-dziovinti-vistienos-kaklai-250-g\/\" \/>\n<meta property=\"og:site_name\" content=\"MiuMjau\" \/>\n<meta property=\"article:publisher\" content=\"https:\/\/www.facebook.com\/miumjaupood\/\" \/>\n<meta property=\"article:modified_time\" content=\"2026-01-07T18:45:09+00:00\" \/>\n<meta property=\"og:image\" content=\"https:\/\/miumjau.ee\/wp-content\/uploads\/2025\/05\/frigera-koerte-maius-kanakaelad-250g-1-Photoroom.webp\" \/>\n\t<meta property=\"og:image:width\" content=\"600\" \/>\n\t<meta property=\"og:image:height\" content=\"800\" \/>\n\t<meta property=\"og:image:type\" content=\"image\/webp\" \/>\n<meta name=\"twitter:card\" content=\"summary_large_image\" \/>\n<script type=\"application\/ld+json\" class=\"yoast-schema-graph\">{\"@context\":\"https:\/\/schema.org\",\"@graph\":[{\"@type\":\"WebPage\",\"@id\":\"https:\/\/miumjau.ee\/lt\/produktas\/frigera-dziovinti-vistienos-kaklai-250-g\/\",\"url\":\"https:\/\/miumjau.ee\/lt\/produktas\/frigera-dziovinti-vistienos-kaklai-250-g\/\",\"name\":\"Frigera d\u017eiovinti vi\u0161tienos kaklai, 250 g - MiuMjau\",\"isPartOf\":{\"@id\":\"https:\/\/miumjau.ee\/#website\"},\"primaryImageOfPage\":{\"@id\":\"https:\/\/miumjau.ee\/lt\/produktas\/frigera-dziovinti-vistienos-kaklai-250-g\/#primaryimage\"},\"image\":{\"@id\":\"https:\/\/miumjau.ee\/lt\/produktas\/frigera-dziovinti-vistienos-kaklai-250-g\/#primaryimage\"},\"thumbnailUrl\":\"https:\/\/miumjau.ee\/wp-content\/uploads\/2025\/05\/frigera-koerte-maius-kanakaelad-250g-1-Photoroom.webp\",\"datePublished\":\"2025-05-18T09:26:08+00:00\",\"dateModified\":\"2026-01-07T18:45:09+00:00\",\"breadcrumb\":{\"@id\":\"https:\/\/miumjau.ee\/lt\/produktas\/frigera-dziovinti-vistienos-kaklai-250-g\/#breadcrumb\"},\"inLanguage\":\"lt-LT\",\"potentialAction\":[{\"@type\":\"ReadAction\",\"target\":[\"https:\/\/miumjau.ee\/lt\/produktas\/frigera-dziovinti-vistienos-kaklai-250-g\/\"]}]},{\"@type\":\"ImageObject\",\"inLanguage\":\"lt-LT\",\"@id\":\"https:\/\/miumjau.ee\/lt\/produktas\/frigera-dziovinti-vistienos-kaklai-250-g\/#primaryimage\",\"url\":\"https:\/\/miumjau.ee\/wp-content\/uploads\/2025\/05\/frigera-koerte-maius-kanakaelad-250g-1-Photoroom.webp\",\"contentUrl\":\"https:\/\/miumjau.ee\/wp-content\/uploads\/2025\/05\/frigera-koerte-maius-kanakaelad-250g-1-Photoroom.webp\",\"width\":600,\"height\":800},{\"@type\":\"BreadcrumbList\",\"@id\":\"https:\/\/miumjau.ee\/lt\/produktas\/frigera-dziovinti-vistienos-kaklai-250-g\/#breadcrumb\",\"itemListElement\":[{\"@type\":\"ListItem\",\"position\":1,\"name\":\"Home\",\"item\":\"https:\/\/miumjau.ee\/lt\/\"},{\"@type\":\"ListItem\",\"position\":2,\"name\":\"Parduotuv\u0117\",\"item\":\"https:\/\/miumjau.ee\/lt\/parduotuve\/\"},{\"@type\":\"ListItem\",\"position\":3,\"name\":\"Frigera d\u017eiovinti vi\u0161tienos kaklai, 250 g\"}]},{\"@type\":\"WebSite\",\"@id\":\"https:\/\/miumjau.ee\/#website\",\"url\":\"https:\/\/miumjau.ee\/\",\"name\":\"MiuMjau\",\"description\":\"Kraapimispuud kassidele\",\"publisher\":{\"@id\":\"https:\/\/miumjau.ee\/#organization\"},\"potentialAction\":[{\"@type\":\"SearchAction\",\"target\":{\"@type\":\"EntryPoint\",\"urlTemplate\":\"https:\/\/miumjau.ee\/?s={search_term_string}\"},\"query-input\":{\"@type\":\"PropertyValueSpecification\",\"valueRequired\":true,\"valueName\":\"search_term_string\"}}],\"inLanguage\":\"lt-LT\"},{\"@type\":\"Organization\",\"@id\":\"https:\/\/miumjau.ee\/#organization\",\"name\":\"MiuMjau O\u00dc\",\"url\":\"https:\/\/miumjau.ee\/\",\"logo\":{\"@type\":\"ImageObject\",\"inLanguage\":\"lt-LT\",\"@id\":\"https:\/\/miumjau.ee\/#\/schema\/logo\/image\/\",\"url\":\"https:\/\/miumjau.ee\/wp-content\/uploads\/2022\/04\/MiuMjau-logo-kollane.png\",\"contentUrl\":\"https:\/\/miumjau.ee\/wp-content\/uploads\/2022\/04\/MiuMjau-logo-kollane.png\",\"width\":219,\"height\":100,\"caption\":\"MiuMjau O\u00dc\"},\"image\":{\"@id\":\"https:\/\/miumjau.ee\/#\/schema\/logo\/image\/\"},\"sameAs\":[\"https:\/\/www.facebook.com\/miumjaupood\/\"]}]}<\/script>\n<!-- \/ Yoast SEO plugin. -->","yoast_head_json":{"title":"Frigera d\u017eiovinti vi\u0161tienos kaklai, 250 g - MiuMjau","robots":{"index":"index","follow":"follow","max-snippet":"max-snippet:-1","max-image-preview":"max-image-preview:large","max-video-preview":"max-video-preview:-1"},"canonical":"https:\/\/miumjau.ee\/lt\/produktas\/frigera-dziovinti-vistienos-kaklai-250-g\/","og_locale":"lt_LT","og_type":"article","og_title":"Frigera d\u017eiovinti vi\u0161tienos kaklai, 250 g - MiuMjau","og_description":"FRIGERA d\u017eiovinti vi\u0161tienos kaklai yra nat\u016bralus ir sveikas skan\u0117stas, puikiai tinkantis \u0161unims bet kokio dyd\u017eio! Ie\u0161kote tra\u0161kaus vi\u0161tienos skan\u0117sto, kuris taip pat palaikyt\u0173 dant\u0173 sveikat\u0105? Mes turime b\u016btent tai, ko jums reikia! FRIGERA vi\u0161tienos kaklai yra \u0161velniai oro d\u017eiovinti visais kaklais, \u012fskaitant stubur\u0105, trach\u0117j\u0105, jungiam\u0105j\u012f audin\u012f ir raumenis. Juose gausu gliukozamino, chondroitino ir kalcio, padedan\u010di\u0173 i\u0161laikyti s\u0105narius sveikus. Puikiai tinka ma\u017eiems ir pradedantiesiems \u0161unims, taip pat didesniems ir vyresniems \u0161unims, nes susideda i\u0161 mink\u0161to ir lengvai kramtomo kremzl\u0117s audinio. \u0160ie nat\u016bral\u016bs, i\u0161 \u0161varios vi\u0161tienos pagaminti skan\u0117stai yra tikrai sunkiai pranokstami. Palepinkite savo augintin\u012f \u0161iuo gard\u0117siu \u2013 jis bus d\u0117kingas! Grynasis svoris: 250 gSud\u0117tis: 100 % vi\u0161tienaAnalitin\u0117 sud\u0117tis: Baltymai 42,5 %, Riebalai 13,8 %, Pelenai 11,2 %, Dr\u0117gm\u0117 5,9 % \u0160\u0117rimo instrukcijos: Duokite kaip skan\u0117st\u0105 tarp valgym\u0173 arba kaip apdovanojim\u0105 subalansuotos mitybos dalyje. Visada pri\u017ei\u016br\u0117kite \u0161un\u012f \u0161\u0117rimo metu ir u\u017etikrinkite \u0161vie\u017eio vandens prieinamum\u0105. Tinka kasdieniam naudojimui, bet tik pri\u017ei\u016brint. Nerekomenduojama \u017emon\u0117ms.","og_url":"https:\/\/miumjau.ee\/lt\/produktas\/frigera-dziovinti-vistienos-kaklai-250-g\/","og_site_name":"MiuMjau","article_publisher":"https:\/\/www.facebook.com\/miumjaupood\/","article_modified_time":"2026-01-07T18:45:09+00:00","og_image":[{"width":600,"height":800,"url":"https:\/\/miumjau.ee\/wp-content\/uploads\/2025\/05\/frigera-koerte-maius-kanakaelad-250g-1-Photoroom.webp","type":"image\/webp"}],"twitter_card":"summary_large_image","schema":{"@context":"https:\/\/schema.org","@graph":[{"@type":"WebPage","@id":"https:\/\/miumjau.ee\/lt\/produktas\/frigera-dziovinti-vistienos-kaklai-250-g\/","url":"https:\/\/miumjau.ee\/lt\/produktas\/frigera-dziovinti-vistienos-kaklai-250-g\/","name":"Frigera d\u017eiovinti vi\u0161tienos kaklai, 250 g - MiuMjau","isPartOf":{"@id":"https:\/\/miumjau.ee\/#website"},"primaryImageOfPage":{"@id":"https:\/\/miumjau.ee\/lt\/produktas\/frigera-dziovinti-vistienos-kaklai-250-g\/#primaryimage"},"image":{"@id":"https:\/\/miumjau.ee\/lt\/produktas\/frigera-dziovinti-vistienos-kaklai-250-g\/#primaryimage"},"thumbnailUrl":"https:\/\/miumjau.ee\/wp-content\/uploads\/2025\/05\/frigera-koerte-maius-kanakaelad-250g-1-Photoroom.webp","datePublished":"2025-05-18T09:26:08+00:00","dateModified":"2026-01-07T18:45:09+00:00","breadcrumb":{"@id":"https:\/\/miumjau.ee\/lt\/produktas\/frigera-dziovinti-vistienos-kaklai-250-g\/#breadcrumb"},"inLanguage":"lt-LT","potentialAction":[{"@type":"ReadAction","target":["https:\/\/miumjau.ee\/lt\/produktas\/frigera-dziovinti-vistienos-kaklai-250-g\/"]}]},{"@type":"ImageObject","inLanguage":"lt-LT","@id":"https:\/\/miumjau.ee\/lt\/produktas\/frigera-dziovinti-vistienos-kaklai-250-g\/#primaryimage","url":"https:\/\/miumjau.ee\/wp-content\/uploads\/2025\/05\/frigera-koerte-maius-kanakaelad-250g-1-Photoroom.webp","contentUrl":"https:\/\/miumjau.ee\/wp-content\/uploads\/2025\/05\/frigera-koerte-maius-kanakaelad-250g-1-Photoroom.webp","width":600,"height":800},{"@type":"BreadcrumbList","@id":"https:\/\/miumjau.ee\/lt\/produktas\/frigera-dziovinti-vistienos-kaklai-250-g\/#breadcrumb","itemListElement":[{"@type":"ListItem","position":1,"name":"Home","item":"https:\/\/miumjau.ee\/lt\/"},{"@type":"ListItem","position":2,"name":"Parduotuv\u0117","item":"https:\/\/miumjau.ee\/lt\/parduotuve\/"},{"@type":"ListItem","position":3,"name":"Frigera d\u017eiovinti vi\u0161tienos kaklai, 250 g"}]},{"@type":"WebSite","@id":"https:\/\/miumjau.ee\/#website","url":"https:\/\/miumjau.ee\/","name":"MiuMjau","description":"Kraapimispuud kassidele","publisher":{"@id":"https:\/\/miumjau.ee\/#organization"},"potentialAction":[{"@type":"SearchAction","target":{"@type":"EntryPoint","urlTemplate":"https:\/\/miumjau.ee\/?s={search_term_string}"},"query-input":{"@type":"PropertyValueSpecification","valueRequired":true,"valueName":"search_term_string"}}],"inLanguage":"lt-LT"},{"@type":"Organization","@id":"https:\/\/miumjau.ee\/#organization","name":"MiuMjau O\u00dc","url":"https:\/\/miumjau.ee\/","logo":{"@type":"ImageObject","inLanguage":"lt-LT","@id":"https:\/\/miumjau.ee\/#\/schema\/logo\/image\/","url":"https:\/\/miumjau.ee\/wp-content\/uploads\/2022\/04\/MiuMjau-logo-kollane.png","contentUrl":"https:\/\/miumjau.ee\/wp-content\/uploads\/2022\/04\/MiuMjau-logo-kollane.png","width":219,"height":100,"caption":"MiuMjau O\u00dc"},"image":{"@id":"https:\/\/miumjau.ee\/#\/schema\/logo\/image\/"},"sameAs":["https:\/\/www.facebook.com\/miumjaupood\/"]}]}},"_links":{"self":[{"href":"https:\/\/miumjau.ee\/lt\/wp-json\/wp\/v2\/product\/48488","targetHints":{"allow":["GET"]}}],"collection":[{"href":"https:\/\/miumjau.ee\/lt\/wp-json\/wp\/v2\/product"}],"about":[{"href":"https:\/\/miumjau.ee\/lt\/wp-json\/wp\/v2\/types\/product"}],"wp:featuredmedia":[{"embeddable":true,"href":"https:\/\/miumjau.ee\/lt\/wp-json\/wp\/v2\/media\/48489"}],"wp:attachment":[{"href":"https:\/\/miumjau.ee\/lt\/wp-json\/wp\/v2\/media?parent=48488"}],"wp:term":[{"taxonomy":"product_brand","embeddable":true,"href":"https:\/\/miumjau.ee\/lt\/wp-json\/wp\/v2\/product_brand?post=48488"},{"taxonomy":"product_cat","embeddable":true,"href":"https:\/\/miumjau.ee\/lt\/wp-json\/wp\/v2\/product_cat?post=48488"},{"taxonomy":"product_tag","embeddable":true,"href":"https:\/\/miumjau.ee\/lt\/wp-json\/wp\/v2\/product_tag?post=48488"}],"curies":[{"name":"wp","href":"https:\/\/api.w.org\/{rel}","templated":true}]}}