{"id":48478,"date":"2025-05-18T12:35:46","date_gmt":"2025-05-18T09:35:46","guid":{"rendered":"https:\/\/miumjau.ee\/toode\/frigera-dziovinti-jeros-ausys-su-vilna-100-g\/"},"modified":"2026-01-07T20:45:09","modified_gmt":"2026-01-07T18:45:09","slug":"frigera-dziovinti-jeros-ausys-su-vilna-100-g","status":"publish","type":"product","link":"https:\/\/miumjau.ee\/lt\/produktas\/frigera-dziovinti-jeros-ausys-su-vilna-100-g\/","title":{"rendered":"Frigera d\u017eiovinti kalakut\u0173 kaklai, 250 g"},"content":{"rendered":"","protected":false},"excerpt":{"rendered":"<p data-start=\"4200\" data-end=\"4271\">FRIGERA d\u017eiovinti kalakut\u0173 kaklai yra nat\u016bralus ir sveikas skan\u0117stas!<\/p>\n<p data-start=\"4273\" data-end=\"4557\">Ar j\u016bs\u0173 keturkojis draugas degina kalorijas kaip tikras sportininkas? Tada m\u016bs\u0173 FRIGERA kalakut\u0173 kaklai yra b\u016btent tai, ko jums reikia! Visas kalakut\u0173 kaklas \u2013 \u012fskaitant stubur\u0105, trach\u0117j\u0105, jungiam\u0105j\u012f audin\u012f ir raumenis \u2013 \u0161velniai d\u017eiovinamas ore, sukuriant tra\u0161k\u0173 ir skan\u0173 skan\u0117st\u0105.<\/p>\n<p data-start=\"4559\" data-end=\"4963\">\u0160ie skan\u0117stai yra baltym\u0173 turtingi, palaiko raumen\u0173 vystym\u0105si ir skatina sveik\u0105 od\u0105 bei kail\u012f. Be to, juose yra reik\u0161mingas riebal\u0173 kiekis \u2013 puikus energijos \u0161altinis aktyviems \u0161unims. Tai taip pat nat\u016bralus chondroitino ir gliukozamino \u0161altinis, padedantis palaikyti s\u0105nari\u0173 sveikat\u0105 ir judrum\u0105. Kramtant \u0161iuos tra\u0161kius skan\u0117stus, taip pat palaikoma dant\u0173 sveikata ir teikiamas protinis stimuliavimas.<\/p>\n<p data-start=\"4965\" data-end=\"5110\">Kalakut\u0173 kaklai yra didesni nei vi\u0161t\u0173 kaklai, tod\u0117l geriau tinka vidutinio ir didelio dyd\u017eio \u0161unims. J\u016bs\u0173 \u0161uo tikrai m\u0117gausis kiekvienu k\u0105sniu!<\/p>\n<p data-start=\"5112\" data-end=\"5244\"><strong data-start=\"5112\" data-end=\"5132\">Grynasis svoris:<\/strong> 250 g<br data-start=\"5138\" data-end=\"5141\" \/><strong data-start=\"5141\" data-end=\"5153\">Sud\u0117tis:<\/strong> 100 % kalakutas<br data-start=\"5169\" data-end=\"5172\" \/><strong data-start=\"5172\" data-end=\"5194\">Analitin\u0117 sud\u0117tis:<\/strong> Baltymai 42,9 %, Riebalai 22,7 %, Pelenai 7,9 %<\/p>\n<p data-start=\"5246\" data-end=\"5520\"><strong data-start=\"5246\" data-end=\"5270\">\u0160\u0117rimo instrukcijos:<\/strong> Duokite kaip skan\u0117st\u0105 tarp valgym\u0173 arba kaip apdovanojim\u0105 subalansuotos mitybos dalyje. Visada pri\u017ei\u016br\u0117kite \u0161un\u012f \u0161\u0117rimo metu ir u\u017etikrinkite \u0161vie\u017eio vandens prieinamum\u0105. Tinka kasdieniam naudojimui, ta\u010diau tik pri\u017ei\u016brint. Nerekomenduojama \u017emon\u0117ms.<\/p>\n","protected":false},"featured_media":48479,"template":"","meta":[],"product_brand":[],"product_cat":[540],"product_tag":[],"class_list":{"0":"post-48478","1":"product","2":"type-product","3":"status-publish","4":"has-post-thumbnail","6":"product_cat-skanestai-sunims","8":"first","9":"instock","10":"taxable","11":"shipping-taxable","12":"purchasable","13":"product-type-simple"},"yoast_head":"<!-- This site is optimized with the Yoast SEO plugin v27.2 - https:\/\/yoast.com\/product\/yoast-seo-wordpress\/ -->\n<title>Frigera d\u017eiovinti kalakut\u0173 kaklai, 250 g - MiuMjau<\/title>\n<meta name=\"robots\" content=\"index, follow, max-snippet:-1, max-image-preview:large, max-video-preview:-1\" \/>\n<link rel=\"canonical\" href=\"https:\/\/miumjau.ee\/lt\/produktas\/frigera-dziovinti-jeros-ausys-su-vilna-100-g\/\" \/>\n<meta property=\"og:locale\" content=\"lt_LT\" \/>\n<meta property=\"og:type\" content=\"article\" \/>\n<meta property=\"og:title\" content=\"Frigera d\u017eiovinti kalakut\u0173 kaklai, 250 g - MiuMjau\" \/>\n<meta property=\"og:description\" content=\"FRIGERA d\u017eiovinti kalakut\u0173 kaklai yra nat\u016bralus ir sveikas skan\u0117stas! Ar j\u016bs\u0173 keturkojis draugas degina kalorijas kaip tikras sportininkas? Tada m\u016bs\u0173 FRIGERA kalakut\u0173 kaklai yra b\u016btent tai, ko jums reikia! Visas kalakut\u0173 kaklas \u2013 \u012fskaitant stubur\u0105, trach\u0117j\u0105, jungiam\u0105j\u012f audin\u012f ir raumenis \u2013 \u0161velniai d\u017eiovinamas ore, sukuriant tra\u0161k\u0173 ir skan\u0173 skan\u0117st\u0105. \u0160ie skan\u0117stai yra baltym\u0173 turtingi, palaiko raumen\u0173 vystym\u0105si ir skatina sveik\u0105 od\u0105 bei kail\u012f. Be to, juose yra reik\u0161mingas riebal\u0173 kiekis \u2013 puikus energijos \u0161altinis aktyviems \u0161unims. Tai taip pat nat\u016bralus chondroitino ir gliukozamino \u0161altinis, padedantis palaikyti s\u0105nari\u0173 sveikat\u0105 ir judrum\u0105. Kramtant \u0161iuos tra\u0161kius skan\u0117stus, taip pat palaikoma dant\u0173 sveikata ir teikiamas protinis stimuliavimas. Kalakut\u0173 kaklai yra didesni nei vi\u0161t\u0173 kaklai, tod\u0117l geriau tinka vidutinio ir didelio dyd\u017eio \u0161unims. J\u016bs\u0173 \u0161uo tikrai m\u0117gausis kiekvienu k\u0105sniu! Grynasis svoris: 250 gSud\u0117tis: 100 % kalakutasAnalitin\u0117 sud\u0117tis: Baltymai 42,9 %, Riebalai 22,7 %, Pelenai 7,9 % \u0160\u0117rimo instrukcijos: Duokite kaip skan\u0117st\u0105 tarp valgym\u0173 arba kaip apdovanojim\u0105 subalansuotos mitybos dalyje. Visada pri\u017ei\u016br\u0117kite \u0161un\u012f \u0161\u0117rimo metu ir u\u017etikrinkite \u0161vie\u017eio vandens prieinamum\u0105. Tinka kasdieniam naudojimui, ta\u010diau tik pri\u017ei\u016brint. Nerekomenduojama \u017emon\u0117ms.\" \/>\n<meta property=\"og:url\" content=\"https:\/\/miumjau.ee\/lt\/produktas\/frigera-dziovinti-jeros-ausys-su-vilna-100-g\/\" \/>\n<meta property=\"og:site_name\" content=\"MiuMjau\" \/>\n<meta property=\"article:publisher\" content=\"https:\/\/www.facebook.com\/miumjaupood\/\" \/>\n<meta property=\"article:modified_time\" content=\"2026-01-07T18:45:09+00:00\" \/>\n<meta property=\"og:image\" content=\"https:\/\/miumjau.ee\/wp-content\/uploads\/2025\/05\/frigera-koerte-maius-kalkuni-kaelad-250g-1-Photoroom.webp\" \/>\n\t<meta property=\"og:image:width\" content=\"600\" \/>\n\t<meta property=\"og:image:height\" content=\"800\" \/>\n\t<meta property=\"og:image:type\" content=\"image\/webp\" \/>\n<meta name=\"twitter:card\" content=\"summary_large_image\" \/>\n<script type=\"application\/ld+json\" class=\"yoast-schema-graph\">{\"@context\":\"https:\/\/schema.org\",\"@graph\":[{\"@type\":\"WebPage\",\"@id\":\"https:\/\/miumjau.ee\/lt\/produktas\/frigera-dziovinti-jeros-ausys-su-vilna-100-g\/\",\"url\":\"https:\/\/miumjau.ee\/lt\/produktas\/frigera-dziovinti-jeros-ausys-su-vilna-100-g\/\",\"name\":\"Frigera d\u017eiovinti kalakut\u0173 kaklai, 250 g - MiuMjau\",\"isPartOf\":{\"@id\":\"https:\/\/miumjau.ee\/#website\"},\"primaryImageOfPage\":{\"@id\":\"https:\/\/miumjau.ee\/lt\/produktas\/frigera-dziovinti-jeros-ausys-su-vilna-100-g\/#primaryimage\"},\"image\":{\"@id\":\"https:\/\/miumjau.ee\/lt\/produktas\/frigera-dziovinti-jeros-ausys-su-vilna-100-g\/#primaryimage\"},\"thumbnailUrl\":\"https:\/\/miumjau.ee\/wp-content\/uploads\/2025\/05\/frigera-koerte-maius-kalkuni-kaelad-250g-1-Photoroom.webp\",\"datePublished\":\"2025-05-18T09:35:46+00:00\",\"dateModified\":\"2026-01-07T18:45:09+00:00\",\"breadcrumb\":{\"@id\":\"https:\/\/miumjau.ee\/lt\/produktas\/frigera-dziovinti-jeros-ausys-su-vilna-100-g\/#breadcrumb\"},\"inLanguage\":\"lt-LT\",\"potentialAction\":[{\"@type\":\"ReadAction\",\"target\":[\"https:\/\/miumjau.ee\/lt\/produktas\/frigera-dziovinti-jeros-ausys-su-vilna-100-g\/\"]}]},{\"@type\":\"ImageObject\",\"inLanguage\":\"lt-LT\",\"@id\":\"https:\/\/miumjau.ee\/lt\/produktas\/frigera-dziovinti-jeros-ausys-su-vilna-100-g\/#primaryimage\",\"url\":\"https:\/\/miumjau.ee\/wp-content\/uploads\/2025\/05\/frigera-koerte-maius-kalkuni-kaelad-250g-1-Photoroom.webp\",\"contentUrl\":\"https:\/\/miumjau.ee\/wp-content\/uploads\/2025\/05\/frigera-koerte-maius-kalkuni-kaelad-250g-1-Photoroom.webp\",\"width\":600,\"height\":800},{\"@type\":\"BreadcrumbList\",\"@id\":\"https:\/\/miumjau.ee\/lt\/produktas\/frigera-dziovinti-jeros-ausys-su-vilna-100-g\/#breadcrumb\",\"itemListElement\":[{\"@type\":\"ListItem\",\"position\":1,\"name\":\"Home\",\"item\":\"https:\/\/miumjau.ee\/lt\/\"},{\"@type\":\"ListItem\",\"position\":2,\"name\":\"Parduotuv\u0117\",\"item\":\"https:\/\/miumjau.ee\/lt\/parduotuve\/\"},{\"@type\":\"ListItem\",\"position\":3,\"name\":\"Frigera d\u017eiovinti kalakut\u0173 kaklai, 250 g\"}]},{\"@type\":\"WebSite\",\"@id\":\"https:\/\/miumjau.ee\/#website\",\"url\":\"https:\/\/miumjau.ee\/\",\"name\":\"MiuMjau\",\"description\":\"Kraapimispuud kassidele\",\"publisher\":{\"@id\":\"https:\/\/miumjau.ee\/#organization\"},\"potentialAction\":[{\"@type\":\"SearchAction\",\"target\":{\"@type\":\"EntryPoint\",\"urlTemplate\":\"https:\/\/miumjau.ee\/?s={search_term_string}\"},\"query-input\":{\"@type\":\"PropertyValueSpecification\",\"valueRequired\":true,\"valueName\":\"search_term_string\"}}],\"inLanguage\":\"lt-LT\"},{\"@type\":\"Organization\",\"@id\":\"https:\/\/miumjau.ee\/#organization\",\"name\":\"MiuMjau O\u00dc\",\"url\":\"https:\/\/miumjau.ee\/\",\"logo\":{\"@type\":\"ImageObject\",\"inLanguage\":\"lt-LT\",\"@id\":\"https:\/\/miumjau.ee\/#\/schema\/logo\/image\/\",\"url\":\"https:\/\/miumjau.ee\/wp-content\/uploads\/2022\/04\/MiuMjau-logo-kollane.png\",\"contentUrl\":\"https:\/\/miumjau.ee\/wp-content\/uploads\/2022\/04\/MiuMjau-logo-kollane.png\",\"width\":219,\"height\":100,\"caption\":\"MiuMjau O\u00dc\"},\"image\":{\"@id\":\"https:\/\/miumjau.ee\/#\/schema\/logo\/image\/\"},\"sameAs\":[\"https:\/\/www.facebook.com\/miumjaupood\/\"]}]}<\/script>\n<!-- \/ Yoast SEO plugin. -->","yoast_head_json":{"title":"Frigera d\u017eiovinti kalakut\u0173 kaklai, 250 g - MiuMjau","robots":{"index":"index","follow":"follow","max-snippet":"max-snippet:-1","max-image-preview":"max-image-preview:large","max-video-preview":"max-video-preview:-1"},"canonical":"https:\/\/miumjau.ee\/lt\/produktas\/frigera-dziovinti-jeros-ausys-su-vilna-100-g\/","og_locale":"lt_LT","og_type":"article","og_title":"Frigera d\u017eiovinti kalakut\u0173 kaklai, 250 g - MiuMjau","og_description":"FRIGERA d\u017eiovinti kalakut\u0173 kaklai yra nat\u016bralus ir sveikas skan\u0117stas! Ar j\u016bs\u0173 keturkojis draugas degina kalorijas kaip tikras sportininkas? Tada m\u016bs\u0173 FRIGERA kalakut\u0173 kaklai yra b\u016btent tai, ko jums reikia! Visas kalakut\u0173 kaklas \u2013 \u012fskaitant stubur\u0105, trach\u0117j\u0105, jungiam\u0105j\u012f audin\u012f ir raumenis \u2013 \u0161velniai d\u017eiovinamas ore, sukuriant tra\u0161k\u0173 ir skan\u0173 skan\u0117st\u0105. \u0160ie skan\u0117stai yra baltym\u0173 turtingi, palaiko raumen\u0173 vystym\u0105si ir skatina sveik\u0105 od\u0105 bei kail\u012f. Be to, juose yra reik\u0161mingas riebal\u0173 kiekis \u2013 puikus energijos \u0161altinis aktyviems \u0161unims. Tai taip pat nat\u016bralus chondroitino ir gliukozamino \u0161altinis, padedantis palaikyti s\u0105nari\u0173 sveikat\u0105 ir judrum\u0105. Kramtant \u0161iuos tra\u0161kius skan\u0117stus, taip pat palaikoma dant\u0173 sveikata ir teikiamas protinis stimuliavimas. Kalakut\u0173 kaklai yra didesni nei vi\u0161t\u0173 kaklai, tod\u0117l geriau tinka vidutinio ir didelio dyd\u017eio \u0161unims. J\u016bs\u0173 \u0161uo tikrai m\u0117gausis kiekvienu k\u0105sniu! Grynasis svoris: 250 gSud\u0117tis: 100 % kalakutasAnalitin\u0117 sud\u0117tis: Baltymai 42,9 %, Riebalai 22,7 %, Pelenai 7,9 % \u0160\u0117rimo instrukcijos: Duokite kaip skan\u0117st\u0105 tarp valgym\u0173 arba kaip apdovanojim\u0105 subalansuotos mitybos dalyje. Visada pri\u017ei\u016br\u0117kite \u0161un\u012f \u0161\u0117rimo metu ir u\u017etikrinkite \u0161vie\u017eio vandens prieinamum\u0105. Tinka kasdieniam naudojimui, ta\u010diau tik pri\u017ei\u016brint. Nerekomenduojama \u017emon\u0117ms.","og_url":"https:\/\/miumjau.ee\/lt\/produktas\/frigera-dziovinti-jeros-ausys-su-vilna-100-g\/","og_site_name":"MiuMjau","article_publisher":"https:\/\/www.facebook.com\/miumjaupood\/","article_modified_time":"2026-01-07T18:45:09+00:00","og_image":[{"width":600,"height":800,"url":"https:\/\/miumjau.ee\/wp-content\/uploads\/2025\/05\/frigera-koerte-maius-kalkuni-kaelad-250g-1-Photoroom.webp","type":"image\/webp"}],"twitter_card":"summary_large_image","schema":{"@context":"https:\/\/schema.org","@graph":[{"@type":"WebPage","@id":"https:\/\/miumjau.ee\/lt\/produktas\/frigera-dziovinti-jeros-ausys-su-vilna-100-g\/","url":"https:\/\/miumjau.ee\/lt\/produktas\/frigera-dziovinti-jeros-ausys-su-vilna-100-g\/","name":"Frigera d\u017eiovinti kalakut\u0173 kaklai, 250 g - MiuMjau","isPartOf":{"@id":"https:\/\/miumjau.ee\/#website"},"primaryImageOfPage":{"@id":"https:\/\/miumjau.ee\/lt\/produktas\/frigera-dziovinti-jeros-ausys-su-vilna-100-g\/#primaryimage"},"image":{"@id":"https:\/\/miumjau.ee\/lt\/produktas\/frigera-dziovinti-jeros-ausys-su-vilna-100-g\/#primaryimage"},"thumbnailUrl":"https:\/\/miumjau.ee\/wp-content\/uploads\/2025\/05\/frigera-koerte-maius-kalkuni-kaelad-250g-1-Photoroom.webp","datePublished":"2025-05-18T09:35:46+00:00","dateModified":"2026-01-07T18:45:09+00:00","breadcrumb":{"@id":"https:\/\/miumjau.ee\/lt\/produktas\/frigera-dziovinti-jeros-ausys-su-vilna-100-g\/#breadcrumb"},"inLanguage":"lt-LT","potentialAction":[{"@type":"ReadAction","target":["https:\/\/miumjau.ee\/lt\/produktas\/frigera-dziovinti-jeros-ausys-su-vilna-100-g\/"]}]},{"@type":"ImageObject","inLanguage":"lt-LT","@id":"https:\/\/miumjau.ee\/lt\/produktas\/frigera-dziovinti-jeros-ausys-su-vilna-100-g\/#primaryimage","url":"https:\/\/miumjau.ee\/wp-content\/uploads\/2025\/05\/frigera-koerte-maius-kalkuni-kaelad-250g-1-Photoroom.webp","contentUrl":"https:\/\/miumjau.ee\/wp-content\/uploads\/2025\/05\/frigera-koerte-maius-kalkuni-kaelad-250g-1-Photoroom.webp","width":600,"height":800},{"@type":"BreadcrumbList","@id":"https:\/\/miumjau.ee\/lt\/produktas\/frigera-dziovinti-jeros-ausys-su-vilna-100-g\/#breadcrumb","itemListElement":[{"@type":"ListItem","position":1,"name":"Home","item":"https:\/\/miumjau.ee\/lt\/"},{"@type":"ListItem","position":2,"name":"Parduotuv\u0117","item":"https:\/\/miumjau.ee\/lt\/parduotuve\/"},{"@type":"ListItem","position":3,"name":"Frigera d\u017eiovinti kalakut\u0173 kaklai, 250 g"}]},{"@type":"WebSite","@id":"https:\/\/miumjau.ee\/#website","url":"https:\/\/miumjau.ee\/","name":"MiuMjau","description":"Kraapimispuud kassidele","publisher":{"@id":"https:\/\/miumjau.ee\/#organization"},"potentialAction":[{"@type":"SearchAction","target":{"@type":"EntryPoint","urlTemplate":"https:\/\/miumjau.ee\/?s={search_term_string}"},"query-input":{"@type":"PropertyValueSpecification","valueRequired":true,"valueName":"search_term_string"}}],"inLanguage":"lt-LT"},{"@type":"Organization","@id":"https:\/\/miumjau.ee\/#organization","name":"MiuMjau O\u00dc","url":"https:\/\/miumjau.ee\/","logo":{"@type":"ImageObject","inLanguage":"lt-LT","@id":"https:\/\/miumjau.ee\/#\/schema\/logo\/image\/","url":"https:\/\/miumjau.ee\/wp-content\/uploads\/2022\/04\/MiuMjau-logo-kollane.png","contentUrl":"https:\/\/miumjau.ee\/wp-content\/uploads\/2022\/04\/MiuMjau-logo-kollane.png","width":219,"height":100,"caption":"MiuMjau O\u00dc"},"image":{"@id":"https:\/\/miumjau.ee\/#\/schema\/logo\/image\/"},"sameAs":["https:\/\/www.facebook.com\/miumjaupood\/"]}]}},"_links":{"self":[{"href":"https:\/\/miumjau.ee\/lt\/wp-json\/wp\/v2\/product\/48478","targetHints":{"allow":["GET"]}}],"collection":[{"href":"https:\/\/miumjau.ee\/lt\/wp-json\/wp\/v2\/product"}],"about":[{"href":"https:\/\/miumjau.ee\/lt\/wp-json\/wp\/v2\/types\/product"}],"wp:featuredmedia":[{"embeddable":true,"href":"https:\/\/miumjau.ee\/lt\/wp-json\/wp\/v2\/media\/48479"}],"wp:attachment":[{"href":"https:\/\/miumjau.ee\/lt\/wp-json\/wp\/v2\/media?parent=48478"}],"wp:term":[{"taxonomy":"product_brand","embeddable":true,"href":"https:\/\/miumjau.ee\/lt\/wp-json\/wp\/v2\/product_brand?post=48478"},{"taxonomy":"product_cat","embeddable":true,"href":"https:\/\/miumjau.ee\/lt\/wp-json\/wp\/v2\/product_cat?post=48478"},{"taxonomy":"product_tag","embeddable":true,"href":"https:\/\/miumjau.ee\/lt\/wp-json\/wp\/v2\/product_tag?post=48478"}],"curies":[{"name":"wp","href":"https:\/\/api.w.org\/{rel}","templated":true}]}}