{"id":48472,"date":"2025-05-22T00:07:44","date_gmt":"2025-05-21T21:07:44","guid":{"rendered":"https:\/\/miumjau.ee\/toode\/frigera-suns-skanestas-jautienos-plauciai-250-g\/"},"modified":"2026-01-07T20:45:09","modified_gmt":"2026-01-07T18:45:09","slug":"frigera-suns-skanestas-jautienos-plauciai-250-g","status":"publish","type":"product","link":"https:\/\/miumjau.ee\/lt\/produktas\/frigera-suns-skanestas-jautienos-plauciai-250-g\/","title":{"rendered":"Frigera \u0161uns skan\u0117stas, jautienos plau\u010diai 250 g"},"content":{"rendered":"","protected":false},"excerpt":{"rendered":"<p data-start=\"4344\" data-end=\"4423\">FRIGERA jautienos plau\u010diai \u2013 beveik be riebal\u0173, lengvai vir\u0161kinami ir skan\u016bs!<\/p>\n<p data-start=\"4425\" data-end=\"4739\">Ie\u0161kote ma\u017eai riebal\u0173 turin\u010dio, lengvai vir\u0161kinamo skan\u0117sto savo keturkojui draugui? \u0160tai jis! M\u016bs\u0173 jautienos plau\u010diai pagaminti i\u0161 l\u0117tai d\u017eiovint\u0173 nat\u016brali\u0173 plau\u010di\u0173 i\u0161 laisvai laikom\u0173 galvij\u0173, auginam\u0173 \u017emoni\u0173 maistui. Gyvuliai auginami be antibiotik\u0173, steroid\u0173 ar hormon\u0173 \u2013 tai vienas i\u0161 nat\u016braliausi\u0173 skan\u0117st\u0173!<\/p>\n<p data-start=\"4741\" data-end=\"5080\">Jautienos plau\u010diai turi por\u0117t\u0105, medienai pana\u0161i\u0105 tekst\u016br\u0105, kuri\u0105 \u0161unys tiesiog dievina. Jie labai ma\u017eai riebal\u0173, bet daug baltym\u0173, tod\u0117l ypa\u010d tinka jautriems ar linkusiems \u012f antsvor\u012f \u0161unims. Be to, plau\u010diai turi svarbi\u0173 mineral\u0173 ir riebal\u0173 r\u016bg\u0161\u010di\u0173, toki\u0173 kaip omega-3, yra turtingi vitaminais ir bent a\u0161tuoniais b\u016btiniausiais mineralais.<\/p>\n<p data-start=\"5082\" data-end=\"5272\">D\u0117l mink\u0161tos strukt\u016bros ir lengvai dalijamos formos \u0161is skan\u0117stas tinka ir labai jauniems, senyviems ar turintiems dant\u0173 problem\u0173 \u0161unims. \u0160velnus kvapas daro j\u012f idealiu skan\u0117stu patalpose.<\/p>\n<p data-start=\"5274\" data-end=\"5405\"><strong data-start=\"5274\" data-end=\"5294\">Grynasis svoris:<\/strong> 250 g<br data-start=\"5300\" data-end=\"5303\" \/><strong data-start=\"5303\" data-end=\"5315\">Sud\u0117tis:<\/strong> 100% jautiena<br data-start=\"5329\" data-end=\"5332\" \/><strong data-start=\"5332\" data-end=\"5354\">Analitin\u0117 sud\u0117tis:<\/strong> Baltymai 82,56 %, Riebalai 9,94 %, Dr\u0117gm\u0117 3,09 %<\/p>\n<p data-start=\"5407\" data-end=\"5629\"><strong data-start=\"5407\" data-end=\"5431\">\u0160\u0117rimo instrukcijos:<\/strong> Duokite kaip skan\u0117st\u0105 tarp valgym\u0173 arba kaip apdovanojim\u0105 subalansuotos mitybos dalyje. Visada pri\u017ei\u016br\u0117kite \u0161un\u012f \u0161\u0117rimo metu ir u\u017etikrinkite \u0161vie\u017eio vandens prieinamum\u0105. Nerekomenduojama \u017emon\u0117ms.<\/p>\n","protected":false},"featured_media":48473,"template":"","meta":[],"product_brand":[],"product_cat":[540],"product_tag":[],"class_list":{"0":"post-48472","1":"product","2":"type-product","3":"status-publish","4":"has-post-thumbnail","6":"product_cat-skanestai-sunims","8":"first","9":"instock","10":"taxable","11":"shipping-taxable","12":"purchasable","13":"product-type-simple"},"yoast_head":"<!-- This site is optimized with the Yoast SEO plugin v27.2 - https:\/\/yoast.com\/product\/yoast-seo-wordpress\/ -->\n<title>Frigera \u0161uns skan\u0117stas, jautienos plau\u010diai 250 g - MiuMjau<\/title>\n<meta name=\"robots\" content=\"index, follow, max-snippet:-1, max-image-preview:large, max-video-preview:-1\" \/>\n<link rel=\"canonical\" href=\"https:\/\/miumjau.ee\/lt\/produktas\/frigera-suns-skanestas-jautienos-plauciai-250-g\/\" \/>\n<meta property=\"og:locale\" content=\"lt_LT\" \/>\n<meta property=\"og:type\" content=\"article\" \/>\n<meta property=\"og:title\" content=\"Frigera \u0161uns skan\u0117stas, jautienos plau\u010diai 250 g - MiuMjau\" \/>\n<meta property=\"og:description\" content=\"FRIGERA jautienos plau\u010diai \u2013 beveik be riebal\u0173, lengvai vir\u0161kinami ir skan\u016bs! Ie\u0161kote ma\u017eai riebal\u0173 turin\u010dio, lengvai vir\u0161kinamo skan\u0117sto savo keturkojui draugui? \u0160tai jis! M\u016bs\u0173 jautienos plau\u010diai pagaminti i\u0161 l\u0117tai d\u017eiovint\u0173 nat\u016brali\u0173 plau\u010di\u0173 i\u0161 laisvai laikom\u0173 galvij\u0173, auginam\u0173 \u017emoni\u0173 maistui. Gyvuliai auginami be antibiotik\u0173, steroid\u0173 ar hormon\u0173 \u2013 tai vienas i\u0161 nat\u016braliausi\u0173 skan\u0117st\u0173! Jautienos plau\u010diai turi por\u0117t\u0105, medienai pana\u0161i\u0105 tekst\u016br\u0105, kuri\u0105 \u0161unys tiesiog dievina. Jie labai ma\u017eai riebal\u0173, bet daug baltym\u0173, tod\u0117l ypa\u010d tinka jautriems ar linkusiems \u012f antsvor\u012f \u0161unims. Be to, plau\u010diai turi svarbi\u0173 mineral\u0173 ir riebal\u0173 r\u016bg\u0161\u010di\u0173, toki\u0173 kaip omega-3, yra turtingi vitaminais ir bent a\u0161tuoniais b\u016btiniausiais mineralais. D\u0117l mink\u0161tos strukt\u016bros ir lengvai dalijamos formos \u0161is skan\u0117stas tinka ir labai jauniems, senyviems ar turintiems dant\u0173 problem\u0173 \u0161unims. \u0160velnus kvapas daro j\u012f idealiu skan\u0117stu patalpose. Grynasis svoris: 250 gSud\u0117tis: 100% jautienaAnalitin\u0117 sud\u0117tis: Baltymai 82,56 %, Riebalai 9,94 %, Dr\u0117gm\u0117 3,09 % \u0160\u0117rimo instrukcijos: Duokite kaip skan\u0117st\u0105 tarp valgym\u0173 arba kaip apdovanojim\u0105 subalansuotos mitybos dalyje. Visada pri\u017ei\u016br\u0117kite \u0161un\u012f \u0161\u0117rimo metu ir u\u017etikrinkite \u0161vie\u017eio vandens prieinamum\u0105. Nerekomenduojama \u017emon\u0117ms.\" \/>\n<meta property=\"og:url\" content=\"https:\/\/miumjau.ee\/lt\/produktas\/frigera-suns-skanestas-jautienos-plauciai-250-g\/\" \/>\n<meta property=\"og:site_name\" content=\"MiuMjau\" \/>\n<meta property=\"article:publisher\" content=\"https:\/\/www.facebook.com\/miumjaupood\/\" \/>\n<meta property=\"article:modified_time\" content=\"2026-01-07T18:45:09+00:00\" \/>\n<meta property=\"og:image\" content=\"https:\/\/miumjau.ee\/wp-content\/uploads\/2025\/05\/frigera-koerte-maius-veisekops-250g-1-Photoroom.webp\" \/>\n\t<meta property=\"og:image:width\" content=\"600\" \/>\n\t<meta property=\"og:image:height\" content=\"800\" \/>\n\t<meta property=\"og:image:type\" content=\"image\/webp\" \/>\n<meta name=\"twitter:card\" content=\"summary_large_image\" \/>\n<script type=\"application\/ld+json\" class=\"yoast-schema-graph\">{\"@context\":\"https:\/\/schema.org\",\"@graph\":[{\"@type\":\"WebPage\",\"@id\":\"https:\/\/miumjau.ee\/lt\/produktas\/frigera-suns-skanestas-jautienos-plauciai-250-g\/\",\"url\":\"https:\/\/miumjau.ee\/lt\/produktas\/frigera-suns-skanestas-jautienos-plauciai-250-g\/\",\"name\":\"Frigera \u0161uns skan\u0117stas, jautienos plau\u010diai 250 g - MiuMjau\",\"isPartOf\":{\"@id\":\"https:\/\/miumjau.ee\/#website\"},\"primaryImageOfPage\":{\"@id\":\"https:\/\/miumjau.ee\/lt\/produktas\/frigera-suns-skanestas-jautienos-plauciai-250-g\/#primaryimage\"},\"image\":{\"@id\":\"https:\/\/miumjau.ee\/lt\/produktas\/frigera-suns-skanestas-jautienos-plauciai-250-g\/#primaryimage\"},\"thumbnailUrl\":\"https:\/\/miumjau.ee\/wp-content\/uploads\/2025\/05\/frigera-koerte-maius-veisekops-250g-1-Photoroom.webp\",\"datePublished\":\"2025-05-21T21:07:44+00:00\",\"dateModified\":\"2026-01-07T18:45:09+00:00\",\"breadcrumb\":{\"@id\":\"https:\/\/miumjau.ee\/lt\/produktas\/frigera-suns-skanestas-jautienos-plauciai-250-g\/#breadcrumb\"},\"inLanguage\":\"lt-LT\",\"potentialAction\":[{\"@type\":\"ReadAction\",\"target\":[\"https:\/\/miumjau.ee\/lt\/produktas\/frigera-suns-skanestas-jautienos-plauciai-250-g\/\"]}]},{\"@type\":\"ImageObject\",\"inLanguage\":\"lt-LT\",\"@id\":\"https:\/\/miumjau.ee\/lt\/produktas\/frigera-suns-skanestas-jautienos-plauciai-250-g\/#primaryimage\",\"url\":\"https:\/\/miumjau.ee\/wp-content\/uploads\/2025\/05\/frigera-koerte-maius-veisekops-250g-1-Photoroom.webp\",\"contentUrl\":\"https:\/\/miumjau.ee\/wp-content\/uploads\/2025\/05\/frigera-koerte-maius-veisekops-250g-1-Photoroom.webp\",\"width\":600,\"height\":800},{\"@type\":\"BreadcrumbList\",\"@id\":\"https:\/\/miumjau.ee\/lt\/produktas\/frigera-suns-skanestas-jautienos-plauciai-250-g\/#breadcrumb\",\"itemListElement\":[{\"@type\":\"ListItem\",\"position\":1,\"name\":\"Home\",\"item\":\"https:\/\/miumjau.ee\/lt\/\"},{\"@type\":\"ListItem\",\"position\":2,\"name\":\"Parduotuv\u0117\",\"item\":\"https:\/\/miumjau.ee\/lt\/parduotuve\/\"},{\"@type\":\"ListItem\",\"position\":3,\"name\":\"Frigera \u0161uns skan\u0117stas, jautienos plau\u010diai 250 g\"}]},{\"@type\":\"WebSite\",\"@id\":\"https:\/\/miumjau.ee\/#website\",\"url\":\"https:\/\/miumjau.ee\/\",\"name\":\"MiuMjau\",\"description\":\"Kraapimispuud kassidele\",\"publisher\":{\"@id\":\"https:\/\/miumjau.ee\/#organization\"},\"potentialAction\":[{\"@type\":\"SearchAction\",\"target\":{\"@type\":\"EntryPoint\",\"urlTemplate\":\"https:\/\/miumjau.ee\/?s={search_term_string}\"},\"query-input\":{\"@type\":\"PropertyValueSpecification\",\"valueRequired\":true,\"valueName\":\"search_term_string\"}}],\"inLanguage\":\"lt-LT\"},{\"@type\":\"Organization\",\"@id\":\"https:\/\/miumjau.ee\/#organization\",\"name\":\"MiuMjau O\u00dc\",\"url\":\"https:\/\/miumjau.ee\/\",\"logo\":{\"@type\":\"ImageObject\",\"inLanguage\":\"lt-LT\",\"@id\":\"https:\/\/miumjau.ee\/#\/schema\/logo\/image\/\",\"url\":\"https:\/\/miumjau.ee\/wp-content\/uploads\/2022\/04\/MiuMjau-logo-kollane.png\",\"contentUrl\":\"https:\/\/miumjau.ee\/wp-content\/uploads\/2022\/04\/MiuMjau-logo-kollane.png\",\"width\":219,\"height\":100,\"caption\":\"MiuMjau O\u00dc\"},\"image\":{\"@id\":\"https:\/\/miumjau.ee\/#\/schema\/logo\/image\/\"},\"sameAs\":[\"https:\/\/www.facebook.com\/miumjaupood\/\"]}]}<\/script>\n<!-- \/ Yoast SEO plugin. -->","yoast_head_json":{"title":"Frigera \u0161uns skan\u0117stas, jautienos plau\u010diai 250 g - MiuMjau","robots":{"index":"index","follow":"follow","max-snippet":"max-snippet:-1","max-image-preview":"max-image-preview:large","max-video-preview":"max-video-preview:-1"},"canonical":"https:\/\/miumjau.ee\/lt\/produktas\/frigera-suns-skanestas-jautienos-plauciai-250-g\/","og_locale":"lt_LT","og_type":"article","og_title":"Frigera \u0161uns skan\u0117stas, jautienos plau\u010diai 250 g - MiuMjau","og_description":"FRIGERA jautienos plau\u010diai \u2013 beveik be riebal\u0173, lengvai vir\u0161kinami ir skan\u016bs! Ie\u0161kote ma\u017eai riebal\u0173 turin\u010dio, lengvai vir\u0161kinamo skan\u0117sto savo keturkojui draugui? \u0160tai jis! M\u016bs\u0173 jautienos plau\u010diai pagaminti i\u0161 l\u0117tai d\u017eiovint\u0173 nat\u016brali\u0173 plau\u010di\u0173 i\u0161 laisvai laikom\u0173 galvij\u0173, auginam\u0173 \u017emoni\u0173 maistui. Gyvuliai auginami be antibiotik\u0173, steroid\u0173 ar hormon\u0173 \u2013 tai vienas i\u0161 nat\u016braliausi\u0173 skan\u0117st\u0173! Jautienos plau\u010diai turi por\u0117t\u0105, medienai pana\u0161i\u0105 tekst\u016br\u0105, kuri\u0105 \u0161unys tiesiog dievina. Jie labai ma\u017eai riebal\u0173, bet daug baltym\u0173, tod\u0117l ypa\u010d tinka jautriems ar linkusiems \u012f antsvor\u012f \u0161unims. Be to, plau\u010diai turi svarbi\u0173 mineral\u0173 ir riebal\u0173 r\u016bg\u0161\u010di\u0173, toki\u0173 kaip omega-3, yra turtingi vitaminais ir bent a\u0161tuoniais b\u016btiniausiais mineralais. D\u0117l mink\u0161tos strukt\u016bros ir lengvai dalijamos formos \u0161is skan\u0117stas tinka ir labai jauniems, senyviems ar turintiems dant\u0173 problem\u0173 \u0161unims. \u0160velnus kvapas daro j\u012f idealiu skan\u0117stu patalpose. Grynasis svoris: 250 gSud\u0117tis: 100% jautienaAnalitin\u0117 sud\u0117tis: Baltymai 82,56 %, Riebalai 9,94 %, Dr\u0117gm\u0117 3,09 % \u0160\u0117rimo instrukcijos: Duokite kaip skan\u0117st\u0105 tarp valgym\u0173 arba kaip apdovanojim\u0105 subalansuotos mitybos dalyje. Visada pri\u017ei\u016br\u0117kite \u0161un\u012f \u0161\u0117rimo metu ir u\u017etikrinkite \u0161vie\u017eio vandens prieinamum\u0105. Nerekomenduojama \u017emon\u0117ms.","og_url":"https:\/\/miumjau.ee\/lt\/produktas\/frigera-suns-skanestas-jautienos-plauciai-250-g\/","og_site_name":"MiuMjau","article_publisher":"https:\/\/www.facebook.com\/miumjaupood\/","article_modified_time":"2026-01-07T18:45:09+00:00","og_image":[{"width":600,"height":800,"url":"https:\/\/miumjau.ee\/wp-content\/uploads\/2025\/05\/frigera-koerte-maius-veisekops-250g-1-Photoroom.webp","type":"image\/webp"}],"twitter_card":"summary_large_image","schema":{"@context":"https:\/\/schema.org","@graph":[{"@type":"WebPage","@id":"https:\/\/miumjau.ee\/lt\/produktas\/frigera-suns-skanestas-jautienos-plauciai-250-g\/","url":"https:\/\/miumjau.ee\/lt\/produktas\/frigera-suns-skanestas-jautienos-plauciai-250-g\/","name":"Frigera \u0161uns skan\u0117stas, jautienos plau\u010diai 250 g - MiuMjau","isPartOf":{"@id":"https:\/\/miumjau.ee\/#website"},"primaryImageOfPage":{"@id":"https:\/\/miumjau.ee\/lt\/produktas\/frigera-suns-skanestas-jautienos-plauciai-250-g\/#primaryimage"},"image":{"@id":"https:\/\/miumjau.ee\/lt\/produktas\/frigera-suns-skanestas-jautienos-plauciai-250-g\/#primaryimage"},"thumbnailUrl":"https:\/\/miumjau.ee\/wp-content\/uploads\/2025\/05\/frigera-koerte-maius-veisekops-250g-1-Photoroom.webp","datePublished":"2025-05-21T21:07:44+00:00","dateModified":"2026-01-07T18:45:09+00:00","breadcrumb":{"@id":"https:\/\/miumjau.ee\/lt\/produktas\/frigera-suns-skanestas-jautienos-plauciai-250-g\/#breadcrumb"},"inLanguage":"lt-LT","potentialAction":[{"@type":"ReadAction","target":["https:\/\/miumjau.ee\/lt\/produktas\/frigera-suns-skanestas-jautienos-plauciai-250-g\/"]}]},{"@type":"ImageObject","inLanguage":"lt-LT","@id":"https:\/\/miumjau.ee\/lt\/produktas\/frigera-suns-skanestas-jautienos-plauciai-250-g\/#primaryimage","url":"https:\/\/miumjau.ee\/wp-content\/uploads\/2025\/05\/frigera-koerte-maius-veisekops-250g-1-Photoroom.webp","contentUrl":"https:\/\/miumjau.ee\/wp-content\/uploads\/2025\/05\/frigera-koerte-maius-veisekops-250g-1-Photoroom.webp","width":600,"height":800},{"@type":"BreadcrumbList","@id":"https:\/\/miumjau.ee\/lt\/produktas\/frigera-suns-skanestas-jautienos-plauciai-250-g\/#breadcrumb","itemListElement":[{"@type":"ListItem","position":1,"name":"Home","item":"https:\/\/miumjau.ee\/lt\/"},{"@type":"ListItem","position":2,"name":"Parduotuv\u0117","item":"https:\/\/miumjau.ee\/lt\/parduotuve\/"},{"@type":"ListItem","position":3,"name":"Frigera \u0161uns skan\u0117stas, jautienos plau\u010diai 250 g"}]},{"@type":"WebSite","@id":"https:\/\/miumjau.ee\/#website","url":"https:\/\/miumjau.ee\/","name":"MiuMjau","description":"Kraapimispuud kassidele","publisher":{"@id":"https:\/\/miumjau.ee\/#organization"},"potentialAction":[{"@type":"SearchAction","target":{"@type":"EntryPoint","urlTemplate":"https:\/\/miumjau.ee\/?s={search_term_string}"},"query-input":{"@type":"PropertyValueSpecification","valueRequired":true,"valueName":"search_term_string"}}],"inLanguage":"lt-LT"},{"@type":"Organization","@id":"https:\/\/miumjau.ee\/#organization","name":"MiuMjau O\u00dc","url":"https:\/\/miumjau.ee\/","logo":{"@type":"ImageObject","inLanguage":"lt-LT","@id":"https:\/\/miumjau.ee\/#\/schema\/logo\/image\/","url":"https:\/\/miumjau.ee\/wp-content\/uploads\/2022\/04\/MiuMjau-logo-kollane.png","contentUrl":"https:\/\/miumjau.ee\/wp-content\/uploads\/2022\/04\/MiuMjau-logo-kollane.png","width":219,"height":100,"caption":"MiuMjau O\u00dc"},"image":{"@id":"https:\/\/miumjau.ee\/#\/schema\/logo\/image\/"},"sameAs":["https:\/\/www.facebook.com\/miumjaupood\/"]}]}},"_links":{"self":[{"href":"https:\/\/miumjau.ee\/lt\/wp-json\/wp\/v2\/product\/48472","targetHints":{"allow":["GET"]}}],"collection":[{"href":"https:\/\/miumjau.ee\/lt\/wp-json\/wp\/v2\/product"}],"about":[{"href":"https:\/\/miumjau.ee\/lt\/wp-json\/wp\/v2\/types\/product"}],"wp:featuredmedia":[{"embeddable":true,"href":"https:\/\/miumjau.ee\/lt\/wp-json\/wp\/v2\/media\/48473"}],"wp:attachment":[{"href":"https:\/\/miumjau.ee\/lt\/wp-json\/wp\/v2\/media?parent=48472"}],"wp:term":[{"taxonomy":"product_brand","embeddable":true,"href":"https:\/\/miumjau.ee\/lt\/wp-json\/wp\/v2\/product_brand?post=48472"},{"taxonomy":"product_cat","embeddable":true,"href":"https:\/\/miumjau.ee\/lt\/wp-json\/wp\/v2\/product_cat?post=48472"},{"taxonomy":"product_tag","embeddable":true,"href":"https:\/\/miumjau.ee\/lt\/wp-json\/wp\/v2\/product_tag?post=48472"}],"curies":[{"name":"wp","href":"https:\/\/api.w.org\/{rel}","templated":true}]}}