{"id":48462,"date":"2025-05-22T00:57:56","date_gmt":"2025-05-21T21:57:56","guid":{"rendered":"https:\/\/miumjau.ee\/toode\/frigera-suns-skanestas-jautienos-skrandis-250-g\/"},"modified":"2026-01-07T20:45:09","modified_gmt":"2026-01-07T18:45:09","slug":"frigera-suns-skanestas-jautienos-skrandis-250-g","status":"publish","type":"product","link":"https:\/\/miumjau.ee\/lt\/produktas\/frigera-suns-skanestas-jautienos-skrandis-250-g\/","title":{"rendered":"Frigera \u0161uns skan\u0117stas, jautienos skrandis 250 g"},"content":{"rendered":"","protected":false},"excerpt":{"rendered":"<p data-start=\"4072\" data-end=\"4150\">FRIGERA jautienos skrandis \u2013 nat\u016bralus ir viliojantis skan\u0117stas j\u016bs\u0173 \u0161uniui!<\/p>\n<p data-start=\"4152\" data-end=\"4350\">Skan\u0117stas l\u0117tai d\u017eiovintas, tra\u0161kus, su kori\u0173 tekst\u016bra. \u017daliava gaunama i\u0161 laisvai laikom\u0173 galvij\u0173, auginam\u0173 \u017emoni\u0173 maistui. Gyvuliai auginami be antibiotik\u0173, steroid\u0173 ar hormon\u0173 \u2013 kuo nat\u016braliau!<\/p>\n<p data-start=\"4352\" data-end=\"4545\">\u0160is skan\u0117stas turi ma\u017eai riebal\u0173, bet daug baltym\u0173 ir yra turtingas B12 vitamino. Be to, jis neturi dirbtini\u0173 da\u017eikli\u0173 ar konservant\u0173. Auk\u0161tas kolageno kiekis palaiko odos ir kailio sveikat\u0105.<\/p>\n<p data-start=\"4547\" data-end=\"4873\">Ar \u017einojote, kad skrandis ne tik vienas i\u0161 populiariausi\u0173 ir mylimiausi\u0173 \u0161un\u0173 kramtom\u0173j\u0173 skan\u0117st\u0173, bet kai kuriose \u0161alyse ir tikras delikatesas \u017emon\u0117ms? D\u0117l intensyvaus kvapo ir maistingumo \u0161is skan\u0117stas ypa\u010d patiks i\u0161rankiems \u0161unims. Taip pat palaiko vir\u0161kinimo trakto mikroflor\u0105 ir teigiamai veikia \u0161uns psichin\u0119 sveikat\u0105.<\/p>\n<p data-start=\"4875\" data-end=\"5007\"><strong data-start=\"4875\" data-end=\"4895\">Grynasis svoris:<\/strong> 250 g<br data-start=\"4901\" data-end=\"4904\" \/><strong data-start=\"4904\" data-end=\"4916\">Sud\u0117tis:<\/strong> 100% jautiena<br data-start=\"4930\" data-end=\"4933\" \/><strong data-start=\"4933\" data-end=\"4955\">Analitin\u0117 sud\u0117tis:<\/strong> Baltymai 57,41 %, Riebalai 18,32 %, Dr\u0117gm\u0117 5,58 %<\/p>\n<p data-start=\"5009\" data-end=\"5231\"><strong data-start=\"5009\" data-end=\"5033\">\u0160\u0117rimo instrukcijos:<\/strong> Duokite kaip skan\u0117st\u0105 tarp valgym\u0173 arba kaip apdovanojim\u0105 subalansuotos mitybos dalyje. Visada pri\u017ei\u016br\u0117kite \u0161un\u012f \u0161\u0117rimo metu ir u\u017etikrinkite \u0161vie\u017eio vandens prieinamum\u0105. Nerekomenduojama \u017emon\u0117ms.<\/p>\n","protected":false},"featured_media":48463,"template":"","meta":[],"product_brand":[],"product_cat":[540],"product_tag":[],"class_list":{"0":"post-48462","1":"product","2":"type-product","3":"status-publish","4":"has-post-thumbnail","6":"product_cat-skanestai-sunims","8":"first","9":"instock","10":"taxable","11":"shipping-taxable","12":"purchasable","13":"product-type-simple"},"yoast_head":"<!-- This site is optimized with the Yoast SEO plugin v27.2 - https:\/\/yoast.com\/product\/yoast-seo-wordpress\/ -->\n<title>Frigera \u0161uns skan\u0117stas, jautienos skrandis 250 g - MiuMjau<\/title>\n<meta name=\"robots\" content=\"index, follow, max-snippet:-1, max-image-preview:large, max-video-preview:-1\" \/>\n<link rel=\"canonical\" href=\"https:\/\/miumjau.ee\/lt\/produktas\/frigera-suns-skanestas-jautienos-skrandis-250-g\/\" \/>\n<meta property=\"og:locale\" content=\"lt_LT\" \/>\n<meta property=\"og:type\" content=\"article\" \/>\n<meta property=\"og:title\" content=\"Frigera \u0161uns skan\u0117stas, jautienos skrandis 250 g - MiuMjau\" \/>\n<meta property=\"og:description\" content=\"FRIGERA jautienos skrandis \u2013 nat\u016bralus ir viliojantis skan\u0117stas j\u016bs\u0173 \u0161uniui! Skan\u0117stas l\u0117tai d\u017eiovintas, tra\u0161kus, su kori\u0173 tekst\u016bra. \u017daliava gaunama i\u0161 laisvai laikom\u0173 galvij\u0173, auginam\u0173 \u017emoni\u0173 maistui. Gyvuliai auginami be antibiotik\u0173, steroid\u0173 ar hormon\u0173 \u2013 kuo nat\u016braliau! \u0160is skan\u0117stas turi ma\u017eai riebal\u0173, bet daug baltym\u0173 ir yra turtingas B12 vitamino. Be to, jis neturi dirbtini\u0173 da\u017eikli\u0173 ar konservant\u0173. Auk\u0161tas kolageno kiekis palaiko odos ir kailio sveikat\u0105. Ar \u017einojote, kad skrandis ne tik vienas i\u0161 populiariausi\u0173 ir mylimiausi\u0173 \u0161un\u0173 kramtom\u0173j\u0173 skan\u0117st\u0173, bet kai kuriose \u0161alyse ir tikras delikatesas \u017emon\u0117ms? D\u0117l intensyvaus kvapo ir maistingumo \u0161is skan\u0117stas ypa\u010d patiks i\u0161rankiems \u0161unims. Taip pat palaiko vir\u0161kinimo trakto mikroflor\u0105 ir teigiamai veikia \u0161uns psichin\u0119 sveikat\u0105. Grynasis svoris: 250 gSud\u0117tis: 100% jautienaAnalitin\u0117 sud\u0117tis: Baltymai 57,41 %, Riebalai 18,32 %, Dr\u0117gm\u0117 5,58 % \u0160\u0117rimo instrukcijos: Duokite kaip skan\u0117st\u0105 tarp valgym\u0173 arba kaip apdovanojim\u0105 subalansuotos mitybos dalyje. Visada pri\u017ei\u016br\u0117kite \u0161un\u012f \u0161\u0117rimo metu ir u\u017etikrinkite \u0161vie\u017eio vandens prieinamum\u0105. Nerekomenduojama \u017emon\u0117ms.\" \/>\n<meta property=\"og:url\" content=\"https:\/\/miumjau.ee\/lt\/produktas\/frigera-suns-skanestas-jautienos-skrandis-250-g\/\" \/>\n<meta property=\"og:site_name\" content=\"MiuMjau\" \/>\n<meta property=\"article:publisher\" content=\"https:\/\/www.facebook.com\/miumjaupood\/\" \/>\n<meta property=\"article:modified_time\" content=\"2026-01-07T18:45:09+00:00\" \/>\n<meta property=\"og:image\" content=\"https:\/\/miumjau.ee\/wp-content\/uploads\/2025\/05\/frigera-koerte-maius-veise-sisus-250g-1-Photoroom.webp\" \/>\n\t<meta property=\"og:image:width\" content=\"600\" \/>\n\t<meta property=\"og:image:height\" content=\"800\" \/>\n\t<meta property=\"og:image:type\" content=\"image\/webp\" \/>\n<meta name=\"twitter:card\" content=\"summary_large_image\" \/>\n<script type=\"application\/ld+json\" class=\"yoast-schema-graph\">{\"@context\":\"https:\/\/schema.org\",\"@graph\":[{\"@type\":\"WebPage\",\"@id\":\"https:\/\/miumjau.ee\/lt\/produktas\/frigera-suns-skanestas-jautienos-skrandis-250-g\/\",\"url\":\"https:\/\/miumjau.ee\/lt\/produktas\/frigera-suns-skanestas-jautienos-skrandis-250-g\/\",\"name\":\"Frigera \u0161uns skan\u0117stas, jautienos skrandis 250 g - MiuMjau\",\"isPartOf\":{\"@id\":\"https:\/\/miumjau.ee\/#website\"},\"primaryImageOfPage\":{\"@id\":\"https:\/\/miumjau.ee\/lt\/produktas\/frigera-suns-skanestas-jautienos-skrandis-250-g\/#primaryimage\"},\"image\":{\"@id\":\"https:\/\/miumjau.ee\/lt\/produktas\/frigera-suns-skanestas-jautienos-skrandis-250-g\/#primaryimage\"},\"thumbnailUrl\":\"https:\/\/miumjau.ee\/wp-content\/uploads\/2025\/05\/frigera-koerte-maius-veise-sisus-250g-1-Photoroom.webp\",\"datePublished\":\"2025-05-21T21:57:56+00:00\",\"dateModified\":\"2026-01-07T18:45:09+00:00\",\"breadcrumb\":{\"@id\":\"https:\/\/miumjau.ee\/lt\/produktas\/frigera-suns-skanestas-jautienos-skrandis-250-g\/#breadcrumb\"},\"inLanguage\":\"lt-LT\",\"potentialAction\":[{\"@type\":\"ReadAction\",\"target\":[\"https:\/\/miumjau.ee\/lt\/produktas\/frigera-suns-skanestas-jautienos-skrandis-250-g\/\"]}]},{\"@type\":\"ImageObject\",\"inLanguage\":\"lt-LT\",\"@id\":\"https:\/\/miumjau.ee\/lt\/produktas\/frigera-suns-skanestas-jautienos-skrandis-250-g\/#primaryimage\",\"url\":\"https:\/\/miumjau.ee\/wp-content\/uploads\/2025\/05\/frigera-koerte-maius-veise-sisus-250g-1-Photoroom.webp\",\"contentUrl\":\"https:\/\/miumjau.ee\/wp-content\/uploads\/2025\/05\/frigera-koerte-maius-veise-sisus-250g-1-Photoroom.webp\",\"width\":600,\"height\":800},{\"@type\":\"BreadcrumbList\",\"@id\":\"https:\/\/miumjau.ee\/lt\/produktas\/frigera-suns-skanestas-jautienos-skrandis-250-g\/#breadcrumb\",\"itemListElement\":[{\"@type\":\"ListItem\",\"position\":1,\"name\":\"Home\",\"item\":\"https:\/\/miumjau.ee\/lt\/\"},{\"@type\":\"ListItem\",\"position\":2,\"name\":\"Parduotuv\u0117\",\"item\":\"https:\/\/miumjau.ee\/lt\/parduotuve\/\"},{\"@type\":\"ListItem\",\"position\":3,\"name\":\"Frigera \u0161uns skan\u0117stas, jautienos skrandis 250 g\"}]},{\"@type\":\"WebSite\",\"@id\":\"https:\/\/miumjau.ee\/#website\",\"url\":\"https:\/\/miumjau.ee\/\",\"name\":\"MiuMjau\",\"description\":\"Kraapimispuud kassidele\",\"publisher\":{\"@id\":\"https:\/\/miumjau.ee\/#organization\"},\"potentialAction\":[{\"@type\":\"SearchAction\",\"target\":{\"@type\":\"EntryPoint\",\"urlTemplate\":\"https:\/\/miumjau.ee\/?s={search_term_string}\"},\"query-input\":{\"@type\":\"PropertyValueSpecification\",\"valueRequired\":true,\"valueName\":\"search_term_string\"}}],\"inLanguage\":\"lt-LT\"},{\"@type\":\"Organization\",\"@id\":\"https:\/\/miumjau.ee\/#organization\",\"name\":\"MiuMjau O\u00dc\",\"url\":\"https:\/\/miumjau.ee\/\",\"logo\":{\"@type\":\"ImageObject\",\"inLanguage\":\"lt-LT\",\"@id\":\"https:\/\/miumjau.ee\/#\/schema\/logo\/image\/\",\"url\":\"https:\/\/miumjau.ee\/wp-content\/uploads\/2022\/04\/MiuMjau-logo-kollane.png\",\"contentUrl\":\"https:\/\/miumjau.ee\/wp-content\/uploads\/2022\/04\/MiuMjau-logo-kollane.png\",\"width\":219,\"height\":100,\"caption\":\"MiuMjau O\u00dc\"},\"image\":{\"@id\":\"https:\/\/miumjau.ee\/#\/schema\/logo\/image\/\"},\"sameAs\":[\"https:\/\/www.facebook.com\/miumjaupood\/\"]}]}<\/script>\n<!-- \/ Yoast SEO plugin. -->","yoast_head_json":{"title":"Frigera \u0161uns skan\u0117stas, jautienos skrandis 250 g - MiuMjau","robots":{"index":"index","follow":"follow","max-snippet":"max-snippet:-1","max-image-preview":"max-image-preview:large","max-video-preview":"max-video-preview:-1"},"canonical":"https:\/\/miumjau.ee\/lt\/produktas\/frigera-suns-skanestas-jautienos-skrandis-250-g\/","og_locale":"lt_LT","og_type":"article","og_title":"Frigera \u0161uns skan\u0117stas, jautienos skrandis 250 g - MiuMjau","og_description":"FRIGERA jautienos skrandis \u2013 nat\u016bralus ir viliojantis skan\u0117stas j\u016bs\u0173 \u0161uniui! Skan\u0117stas l\u0117tai d\u017eiovintas, tra\u0161kus, su kori\u0173 tekst\u016bra. \u017daliava gaunama i\u0161 laisvai laikom\u0173 galvij\u0173, auginam\u0173 \u017emoni\u0173 maistui. Gyvuliai auginami be antibiotik\u0173, steroid\u0173 ar hormon\u0173 \u2013 kuo nat\u016braliau! \u0160is skan\u0117stas turi ma\u017eai riebal\u0173, bet daug baltym\u0173 ir yra turtingas B12 vitamino. Be to, jis neturi dirbtini\u0173 da\u017eikli\u0173 ar konservant\u0173. Auk\u0161tas kolageno kiekis palaiko odos ir kailio sveikat\u0105. Ar \u017einojote, kad skrandis ne tik vienas i\u0161 populiariausi\u0173 ir mylimiausi\u0173 \u0161un\u0173 kramtom\u0173j\u0173 skan\u0117st\u0173, bet kai kuriose \u0161alyse ir tikras delikatesas \u017emon\u0117ms? D\u0117l intensyvaus kvapo ir maistingumo \u0161is skan\u0117stas ypa\u010d patiks i\u0161rankiems \u0161unims. Taip pat palaiko vir\u0161kinimo trakto mikroflor\u0105 ir teigiamai veikia \u0161uns psichin\u0119 sveikat\u0105. Grynasis svoris: 250 gSud\u0117tis: 100% jautienaAnalitin\u0117 sud\u0117tis: Baltymai 57,41 %, Riebalai 18,32 %, Dr\u0117gm\u0117 5,58 % \u0160\u0117rimo instrukcijos: Duokite kaip skan\u0117st\u0105 tarp valgym\u0173 arba kaip apdovanojim\u0105 subalansuotos mitybos dalyje. Visada pri\u017ei\u016br\u0117kite \u0161un\u012f \u0161\u0117rimo metu ir u\u017etikrinkite \u0161vie\u017eio vandens prieinamum\u0105. Nerekomenduojama \u017emon\u0117ms.","og_url":"https:\/\/miumjau.ee\/lt\/produktas\/frigera-suns-skanestas-jautienos-skrandis-250-g\/","og_site_name":"MiuMjau","article_publisher":"https:\/\/www.facebook.com\/miumjaupood\/","article_modified_time":"2026-01-07T18:45:09+00:00","og_image":[{"width":600,"height":800,"url":"https:\/\/miumjau.ee\/wp-content\/uploads\/2025\/05\/frigera-koerte-maius-veise-sisus-250g-1-Photoroom.webp","type":"image\/webp"}],"twitter_card":"summary_large_image","schema":{"@context":"https:\/\/schema.org","@graph":[{"@type":"WebPage","@id":"https:\/\/miumjau.ee\/lt\/produktas\/frigera-suns-skanestas-jautienos-skrandis-250-g\/","url":"https:\/\/miumjau.ee\/lt\/produktas\/frigera-suns-skanestas-jautienos-skrandis-250-g\/","name":"Frigera \u0161uns skan\u0117stas, jautienos skrandis 250 g - MiuMjau","isPartOf":{"@id":"https:\/\/miumjau.ee\/#website"},"primaryImageOfPage":{"@id":"https:\/\/miumjau.ee\/lt\/produktas\/frigera-suns-skanestas-jautienos-skrandis-250-g\/#primaryimage"},"image":{"@id":"https:\/\/miumjau.ee\/lt\/produktas\/frigera-suns-skanestas-jautienos-skrandis-250-g\/#primaryimage"},"thumbnailUrl":"https:\/\/miumjau.ee\/wp-content\/uploads\/2025\/05\/frigera-koerte-maius-veise-sisus-250g-1-Photoroom.webp","datePublished":"2025-05-21T21:57:56+00:00","dateModified":"2026-01-07T18:45:09+00:00","breadcrumb":{"@id":"https:\/\/miumjau.ee\/lt\/produktas\/frigera-suns-skanestas-jautienos-skrandis-250-g\/#breadcrumb"},"inLanguage":"lt-LT","potentialAction":[{"@type":"ReadAction","target":["https:\/\/miumjau.ee\/lt\/produktas\/frigera-suns-skanestas-jautienos-skrandis-250-g\/"]}]},{"@type":"ImageObject","inLanguage":"lt-LT","@id":"https:\/\/miumjau.ee\/lt\/produktas\/frigera-suns-skanestas-jautienos-skrandis-250-g\/#primaryimage","url":"https:\/\/miumjau.ee\/wp-content\/uploads\/2025\/05\/frigera-koerte-maius-veise-sisus-250g-1-Photoroom.webp","contentUrl":"https:\/\/miumjau.ee\/wp-content\/uploads\/2025\/05\/frigera-koerte-maius-veise-sisus-250g-1-Photoroom.webp","width":600,"height":800},{"@type":"BreadcrumbList","@id":"https:\/\/miumjau.ee\/lt\/produktas\/frigera-suns-skanestas-jautienos-skrandis-250-g\/#breadcrumb","itemListElement":[{"@type":"ListItem","position":1,"name":"Home","item":"https:\/\/miumjau.ee\/lt\/"},{"@type":"ListItem","position":2,"name":"Parduotuv\u0117","item":"https:\/\/miumjau.ee\/lt\/parduotuve\/"},{"@type":"ListItem","position":3,"name":"Frigera \u0161uns skan\u0117stas, jautienos skrandis 250 g"}]},{"@type":"WebSite","@id":"https:\/\/miumjau.ee\/#website","url":"https:\/\/miumjau.ee\/","name":"MiuMjau","description":"Kraapimispuud kassidele","publisher":{"@id":"https:\/\/miumjau.ee\/#organization"},"potentialAction":[{"@type":"SearchAction","target":{"@type":"EntryPoint","urlTemplate":"https:\/\/miumjau.ee\/?s={search_term_string}"},"query-input":{"@type":"PropertyValueSpecification","valueRequired":true,"valueName":"search_term_string"}}],"inLanguage":"lt-LT"},{"@type":"Organization","@id":"https:\/\/miumjau.ee\/#organization","name":"MiuMjau O\u00dc","url":"https:\/\/miumjau.ee\/","logo":{"@type":"ImageObject","inLanguage":"lt-LT","@id":"https:\/\/miumjau.ee\/#\/schema\/logo\/image\/","url":"https:\/\/miumjau.ee\/wp-content\/uploads\/2022\/04\/MiuMjau-logo-kollane.png","contentUrl":"https:\/\/miumjau.ee\/wp-content\/uploads\/2022\/04\/MiuMjau-logo-kollane.png","width":219,"height":100,"caption":"MiuMjau O\u00dc"},"image":{"@id":"https:\/\/miumjau.ee\/#\/schema\/logo\/image\/"},"sameAs":["https:\/\/www.facebook.com\/miumjaupood\/"]}]}},"_links":{"self":[{"href":"https:\/\/miumjau.ee\/lt\/wp-json\/wp\/v2\/product\/48462","targetHints":{"allow":["GET"]}}],"collection":[{"href":"https:\/\/miumjau.ee\/lt\/wp-json\/wp\/v2\/product"}],"about":[{"href":"https:\/\/miumjau.ee\/lt\/wp-json\/wp\/v2\/types\/product"}],"wp:featuredmedia":[{"embeddable":true,"href":"https:\/\/miumjau.ee\/lt\/wp-json\/wp\/v2\/media\/48463"}],"wp:attachment":[{"href":"https:\/\/miumjau.ee\/lt\/wp-json\/wp\/v2\/media?parent=48462"}],"wp:term":[{"taxonomy":"product_brand","embeddable":true,"href":"https:\/\/miumjau.ee\/lt\/wp-json\/wp\/v2\/product_brand?post=48462"},{"taxonomy":"product_cat","embeddable":true,"href":"https:\/\/miumjau.ee\/lt\/wp-json\/wp\/v2\/product_cat?post=48462"},{"taxonomy":"product_tag","embeddable":true,"href":"https:\/\/miumjau.ee\/lt\/wp-json\/wp\/v2\/product_tag?post=48462"}],"curies":[{"name":"wp","href":"https:\/\/api.w.org\/{rel}","templated":true}]}}