{"id":48456,"date":"2025-05-27T19:12:03","date_gmt":"2025-05-27T16:12:03","guid":{"rendered":"https:\/\/miumjau.ee\/toode\/dziovinta-jautienos-ausis-suns-skanestas-frigera-1-vnt\/"},"modified":"2026-01-07T20:45:09","modified_gmt":"2026-01-07T18:45:09","slug":"dziovinta-jautienos-ausis-suns-skanestas-frigera-1-vnt","status":"publish","type":"product","link":"https:\/\/miumjau.ee\/lt\/produktas\/dziovinta-jautienos-ausis-suns-skanestas-frigera-1-vnt\/","title":{"rendered":"D\u017eiovinta jautienos ausis, \u0161uns skan\u0117stas Frigera 1 vnt."},"content":{"rendered":"","protected":false},"excerpt":{"rendered":"<p>Ar esate kaip dauguma \u0161un\u0173 savinink\u0173 ir m\u0117gstate duoti savo p\u016bkuotam draugui skan\u0117st\u0173? Tuomet verta \u012fsitikinti, kad \u0161ie skan\u0117stai b\u016bt\u0173 sveiki ir maistingi \u2013 kaip m\u016bs\u0173 jautienos ausys!<\/p>\n<p>M\u016bs\u0173 jautienos ausys gaunamos i\u0161 laisvai laikom\u0173 galvij\u0173, auginam\u0173 be antibiotik\u0173, steroid\u0173 ir hormon\u0173 \u2013 kuo nat\u016braliau! Be to, jos beveik be riebal\u0173 ir bekvap\u0117s, o j\u0173 tekst\u016bra tvirta, tod\u0117l puikiai tinka kaip alternatyva kiaulienos ausims. Tai rei\u0161kia daug kramtymo malonumo ir geresn\u012f vir\u0161kinim\u0105 j\u016bs\u0173 \u0161uniui. Kadangi jos daugiausia sudarytos i\u0161 kremzl\u0117s, apsuptos oda, nat\u016braliai turi gliukozamino ir chondroitino \u2013 jungini\u0173, palaikan\u010di\u0173 s\u0105nari\u0173 sveikat\u0105. Be to, jautienos ausys yra geras omega-3 riebal\u0173 r\u016bg\u0161\u010di\u0173, cinko ir seleno \u0161altinis!<\/p>\n<p>Jautienos ausys yra prieinama pasirinkimo galimyb\u0117, kuri valo, masa\u017euoja ir pri\u017ei\u016bri j\u016bs\u0173 \u0161uns dantis bei dantenas!<\/p>\n<p>Sud\u0117tis: 100% jautiena<\/p>\n<p>Analitin\u0117 sud\u0117tis: Baltymai: 85,1 %, Riebalai: 1,16 %, Dr\u0117gm\u0117: 6,73 %<\/p>\n<p>\u0160\u0117rimo instrukcijos: Duokite kaip skan\u0117st\u0105 tarp valgym\u0173 arba kaip apdovanojim\u0105 subalansuotos mitybos dalyje. Visada pri\u017ei\u016br\u0117kite \u0161un\u012f \u0161\u0117rimo metu. U\u017etikrinkite \u0161vie\u017eio vandens prieinamum\u0105. Nerekomenduojama \u017emon\u0117ms.<\/p>\n","protected":false},"featured_media":48457,"template":"","meta":[],"product_brand":[],"product_cat":[540],"product_tag":[],"class_list":{"0":"post-48456","1":"product","2":"type-product","3":"status-publish","4":"has-post-thumbnail","6":"product_cat-skanestai-sunims","8":"first","9":"instock","10":"sale","11":"taxable","12":"shipping-taxable","13":"purchasable","14":"product-type-simple"},"yoast_head":"<!-- This site is optimized with the Yoast SEO plugin v27.2 - https:\/\/yoast.com\/product\/yoast-seo-wordpress\/ -->\n<title>D\u017eiovinta jautienos ausis, \u0161uns skan\u0117stas Frigera 1 vnt. - MiuMjau<\/title>\n<meta name=\"robots\" content=\"index, follow, max-snippet:-1, max-image-preview:large, max-video-preview:-1\" \/>\n<link rel=\"canonical\" href=\"https:\/\/miumjau.ee\/lt\/produktas\/dziovinta-jautienos-ausis-suns-skanestas-frigera-1-vnt\/\" \/>\n<meta property=\"og:locale\" content=\"lt_LT\" \/>\n<meta property=\"og:type\" content=\"article\" \/>\n<meta property=\"og:title\" content=\"D\u017eiovinta jautienos ausis, \u0161uns skan\u0117stas Frigera 1 vnt. - MiuMjau\" \/>\n<meta property=\"og:description\" content=\"Ar esate kaip dauguma \u0161un\u0173 savinink\u0173 ir m\u0117gstate duoti savo p\u016bkuotam draugui skan\u0117st\u0173? Tuomet verta \u012fsitikinti, kad \u0161ie skan\u0117stai b\u016bt\u0173 sveiki ir maistingi \u2013 kaip m\u016bs\u0173 jautienos ausys!  M\u016bs\u0173 jautienos ausys gaunamos i\u0161 laisvai laikom\u0173 galvij\u0173, auginam\u0173 be antibiotik\u0173, steroid\u0173 ir hormon\u0173 \u2013 kuo nat\u016braliau! Be to, jos beveik be riebal\u0173 ir bekvap\u0117s, o j\u0173 tekst\u016bra tvirta, tod\u0117l puikiai tinka kaip alternatyva kiaulienos ausims. Tai rei\u0161kia daug kramtymo malonumo ir geresn\u012f vir\u0161kinim\u0105 j\u016bs\u0173 \u0161uniui. Kadangi jos daugiausia sudarytos i\u0161 kremzl\u0117s, apsuptos oda, nat\u016braliai turi gliukozamino ir chondroitino \u2013 jungini\u0173, palaikan\u010di\u0173 s\u0105nari\u0173 sveikat\u0105. Be to, jautienos ausys yra geras omega-3 riebal\u0173 r\u016bg\u0161\u010di\u0173, cinko ir seleno \u0161altinis!  Jautienos ausys yra prieinama pasirinkimo galimyb\u0117, kuri valo, masa\u017euoja ir pri\u017ei\u016bri j\u016bs\u0173 \u0161uns dantis bei dantenas!  Sud\u0117tis: 100% jautiena  Analitin\u0117 sud\u0117tis: Baltymai: 85,1 %, Riebalai: 1,16 %, Dr\u0117gm\u0117: 6,73 %  \u0160\u0117rimo instrukcijos: Duokite kaip skan\u0117st\u0105 tarp valgym\u0173 arba kaip apdovanojim\u0105 subalansuotos mitybos dalyje. Visada pri\u017ei\u016br\u0117kite \u0161un\u012f \u0161\u0117rimo metu. U\u017etikrinkite \u0161vie\u017eio vandens prieinamum\u0105. Nerekomenduojama \u017emon\u0117ms.\" \/>\n<meta property=\"og:url\" content=\"https:\/\/miumjau.ee\/lt\/produktas\/dziovinta-jautienos-ausis-suns-skanestas-frigera-1-vnt\/\" \/>\n<meta property=\"og:site_name\" content=\"MiuMjau\" \/>\n<meta property=\"article:publisher\" content=\"https:\/\/www.facebook.com\/miumjaupood\/\" \/>\n<meta property=\"article:modified_time\" content=\"2026-01-07T18:45:09+00:00\" \/>\n<meta property=\"og:image\" content=\"https:\/\/miumjau.ee\/wp-content\/uploads\/2025\/05\/frigera-koerte-maius-puhvli-korvad-100tk-Photoroom.webp\" \/>\n\t<meta property=\"og:image:width\" content=\"600\" \/>\n\t<meta property=\"og:image:height\" content=\"800\" \/>\n\t<meta property=\"og:image:type\" content=\"image\/webp\" \/>\n<meta name=\"twitter:card\" content=\"summary_large_image\" \/>\n<script type=\"application\/ld+json\" class=\"yoast-schema-graph\">{\"@context\":\"https:\/\/schema.org\",\"@graph\":[{\"@type\":\"WebPage\",\"@id\":\"https:\/\/miumjau.ee\/lt\/produktas\/dziovinta-jautienos-ausis-suns-skanestas-frigera-1-vnt\/\",\"url\":\"https:\/\/miumjau.ee\/lt\/produktas\/dziovinta-jautienos-ausis-suns-skanestas-frigera-1-vnt\/\",\"name\":\"D\u017eiovinta jautienos ausis, \u0161uns skan\u0117stas Frigera 1 vnt. - MiuMjau\",\"isPartOf\":{\"@id\":\"https:\/\/miumjau.ee\/#website\"},\"primaryImageOfPage\":{\"@id\":\"https:\/\/miumjau.ee\/lt\/produktas\/dziovinta-jautienos-ausis-suns-skanestas-frigera-1-vnt\/#primaryimage\"},\"image\":{\"@id\":\"https:\/\/miumjau.ee\/lt\/produktas\/dziovinta-jautienos-ausis-suns-skanestas-frigera-1-vnt\/#primaryimage\"},\"thumbnailUrl\":\"https:\/\/miumjau.ee\/wp-content\/uploads\/2025\/05\/frigera-koerte-maius-puhvli-korvad-100tk-Photoroom.webp\",\"datePublished\":\"2025-05-27T16:12:03+00:00\",\"dateModified\":\"2026-01-07T18:45:09+00:00\",\"breadcrumb\":{\"@id\":\"https:\/\/miumjau.ee\/lt\/produktas\/dziovinta-jautienos-ausis-suns-skanestas-frigera-1-vnt\/#breadcrumb\"},\"inLanguage\":\"lt-LT\",\"potentialAction\":[{\"@type\":\"ReadAction\",\"target\":[\"https:\/\/miumjau.ee\/lt\/produktas\/dziovinta-jautienos-ausis-suns-skanestas-frigera-1-vnt\/\"]}]},{\"@type\":\"ImageObject\",\"inLanguage\":\"lt-LT\",\"@id\":\"https:\/\/miumjau.ee\/lt\/produktas\/dziovinta-jautienos-ausis-suns-skanestas-frigera-1-vnt\/#primaryimage\",\"url\":\"https:\/\/miumjau.ee\/wp-content\/uploads\/2025\/05\/frigera-koerte-maius-puhvli-korvad-100tk-Photoroom.webp\",\"contentUrl\":\"https:\/\/miumjau.ee\/wp-content\/uploads\/2025\/05\/frigera-koerte-maius-puhvli-korvad-100tk-Photoroom.webp\",\"width\":600,\"height\":800},{\"@type\":\"BreadcrumbList\",\"@id\":\"https:\/\/miumjau.ee\/lt\/produktas\/dziovinta-jautienos-ausis-suns-skanestas-frigera-1-vnt\/#breadcrumb\",\"itemListElement\":[{\"@type\":\"ListItem\",\"position\":1,\"name\":\"Home\",\"item\":\"https:\/\/miumjau.ee\/lt\/\"},{\"@type\":\"ListItem\",\"position\":2,\"name\":\"Parduotuv\u0117\",\"item\":\"https:\/\/miumjau.ee\/lt\/parduotuve\/\"},{\"@type\":\"ListItem\",\"position\":3,\"name\":\"D\u017eiovinta jautienos ausis, \u0161uns skan\u0117stas Frigera 1 vnt.\"}]},{\"@type\":\"WebSite\",\"@id\":\"https:\/\/miumjau.ee\/#website\",\"url\":\"https:\/\/miumjau.ee\/\",\"name\":\"MiuMjau\",\"description\":\"Kraapimispuud kassidele\",\"publisher\":{\"@id\":\"https:\/\/miumjau.ee\/#organization\"},\"potentialAction\":[{\"@type\":\"SearchAction\",\"target\":{\"@type\":\"EntryPoint\",\"urlTemplate\":\"https:\/\/miumjau.ee\/?s={search_term_string}\"},\"query-input\":{\"@type\":\"PropertyValueSpecification\",\"valueRequired\":true,\"valueName\":\"search_term_string\"}}],\"inLanguage\":\"lt-LT\"},{\"@type\":\"Organization\",\"@id\":\"https:\/\/miumjau.ee\/#organization\",\"name\":\"MiuMjau O\u00dc\",\"url\":\"https:\/\/miumjau.ee\/\",\"logo\":{\"@type\":\"ImageObject\",\"inLanguage\":\"lt-LT\",\"@id\":\"https:\/\/miumjau.ee\/#\/schema\/logo\/image\/\",\"url\":\"https:\/\/miumjau.ee\/wp-content\/uploads\/2022\/04\/MiuMjau-logo-kollane.png\",\"contentUrl\":\"https:\/\/miumjau.ee\/wp-content\/uploads\/2022\/04\/MiuMjau-logo-kollane.png\",\"width\":219,\"height\":100,\"caption\":\"MiuMjau O\u00dc\"},\"image\":{\"@id\":\"https:\/\/miumjau.ee\/#\/schema\/logo\/image\/\"},\"sameAs\":[\"https:\/\/www.facebook.com\/miumjaupood\/\"]}]}<\/script>\n<!-- \/ Yoast SEO plugin. -->","yoast_head_json":{"title":"D\u017eiovinta jautienos ausis, \u0161uns skan\u0117stas Frigera 1 vnt. - MiuMjau","robots":{"index":"index","follow":"follow","max-snippet":"max-snippet:-1","max-image-preview":"max-image-preview:large","max-video-preview":"max-video-preview:-1"},"canonical":"https:\/\/miumjau.ee\/lt\/produktas\/dziovinta-jautienos-ausis-suns-skanestas-frigera-1-vnt\/","og_locale":"lt_LT","og_type":"article","og_title":"D\u017eiovinta jautienos ausis, \u0161uns skan\u0117stas Frigera 1 vnt. - MiuMjau","og_description":"Ar esate kaip dauguma \u0161un\u0173 savinink\u0173 ir m\u0117gstate duoti savo p\u016bkuotam draugui skan\u0117st\u0173? Tuomet verta \u012fsitikinti, kad \u0161ie skan\u0117stai b\u016bt\u0173 sveiki ir maistingi \u2013 kaip m\u016bs\u0173 jautienos ausys!  M\u016bs\u0173 jautienos ausys gaunamos i\u0161 laisvai laikom\u0173 galvij\u0173, auginam\u0173 be antibiotik\u0173, steroid\u0173 ir hormon\u0173 \u2013 kuo nat\u016braliau! Be to, jos beveik be riebal\u0173 ir bekvap\u0117s, o j\u0173 tekst\u016bra tvirta, tod\u0117l puikiai tinka kaip alternatyva kiaulienos ausims. Tai rei\u0161kia daug kramtymo malonumo ir geresn\u012f vir\u0161kinim\u0105 j\u016bs\u0173 \u0161uniui. Kadangi jos daugiausia sudarytos i\u0161 kremzl\u0117s, apsuptos oda, nat\u016braliai turi gliukozamino ir chondroitino \u2013 jungini\u0173, palaikan\u010di\u0173 s\u0105nari\u0173 sveikat\u0105. Be to, jautienos ausys yra geras omega-3 riebal\u0173 r\u016bg\u0161\u010di\u0173, cinko ir seleno \u0161altinis!  Jautienos ausys yra prieinama pasirinkimo galimyb\u0117, kuri valo, masa\u017euoja ir pri\u017ei\u016bri j\u016bs\u0173 \u0161uns dantis bei dantenas!  Sud\u0117tis: 100% jautiena  Analitin\u0117 sud\u0117tis: Baltymai: 85,1 %, Riebalai: 1,16 %, Dr\u0117gm\u0117: 6,73 %  \u0160\u0117rimo instrukcijos: Duokite kaip skan\u0117st\u0105 tarp valgym\u0173 arba kaip apdovanojim\u0105 subalansuotos mitybos dalyje. Visada pri\u017ei\u016br\u0117kite \u0161un\u012f \u0161\u0117rimo metu. U\u017etikrinkite \u0161vie\u017eio vandens prieinamum\u0105. Nerekomenduojama \u017emon\u0117ms.","og_url":"https:\/\/miumjau.ee\/lt\/produktas\/dziovinta-jautienos-ausis-suns-skanestas-frigera-1-vnt\/","og_site_name":"MiuMjau","article_publisher":"https:\/\/www.facebook.com\/miumjaupood\/","article_modified_time":"2026-01-07T18:45:09+00:00","og_image":[{"width":600,"height":800,"url":"https:\/\/miumjau.ee\/wp-content\/uploads\/2025\/05\/frigera-koerte-maius-puhvli-korvad-100tk-Photoroom.webp","type":"image\/webp"}],"twitter_card":"summary_large_image","schema":{"@context":"https:\/\/schema.org","@graph":[{"@type":"WebPage","@id":"https:\/\/miumjau.ee\/lt\/produktas\/dziovinta-jautienos-ausis-suns-skanestas-frigera-1-vnt\/","url":"https:\/\/miumjau.ee\/lt\/produktas\/dziovinta-jautienos-ausis-suns-skanestas-frigera-1-vnt\/","name":"D\u017eiovinta jautienos ausis, \u0161uns skan\u0117stas Frigera 1 vnt. - MiuMjau","isPartOf":{"@id":"https:\/\/miumjau.ee\/#website"},"primaryImageOfPage":{"@id":"https:\/\/miumjau.ee\/lt\/produktas\/dziovinta-jautienos-ausis-suns-skanestas-frigera-1-vnt\/#primaryimage"},"image":{"@id":"https:\/\/miumjau.ee\/lt\/produktas\/dziovinta-jautienos-ausis-suns-skanestas-frigera-1-vnt\/#primaryimage"},"thumbnailUrl":"https:\/\/miumjau.ee\/wp-content\/uploads\/2025\/05\/frigera-koerte-maius-puhvli-korvad-100tk-Photoroom.webp","datePublished":"2025-05-27T16:12:03+00:00","dateModified":"2026-01-07T18:45:09+00:00","breadcrumb":{"@id":"https:\/\/miumjau.ee\/lt\/produktas\/dziovinta-jautienos-ausis-suns-skanestas-frigera-1-vnt\/#breadcrumb"},"inLanguage":"lt-LT","potentialAction":[{"@type":"ReadAction","target":["https:\/\/miumjau.ee\/lt\/produktas\/dziovinta-jautienos-ausis-suns-skanestas-frigera-1-vnt\/"]}]},{"@type":"ImageObject","inLanguage":"lt-LT","@id":"https:\/\/miumjau.ee\/lt\/produktas\/dziovinta-jautienos-ausis-suns-skanestas-frigera-1-vnt\/#primaryimage","url":"https:\/\/miumjau.ee\/wp-content\/uploads\/2025\/05\/frigera-koerte-maius-puhvli-korvad-100tk-Photoroom.webp","contentUrl":"https:\/\/miumjau.ee\/wp-content\/uploads\/2025\/05\/frigera-koerte-maius-puhvli-korvad-100tk-Photoroom.webp","width":600,"height":800},{"@type":"BreadcrumbList","@id":"https:\/\/miumjau.ee\/lt\/produktas\/dziovinta-jautienos-ausis-suns-skanestas-frigera-1-vnt\/#breadcrumb","itemListElement":[{"@type":"ListItem","position":1,"name":"Home","item":"https:\/\/miumjau.ee\/lt\/"},{"@type":"ListItem","position":2,"name":"Parduotuv\u0117","item":"https:\/\/miumjau.ee\/lt\/parduotuve\/"},{"@type":"ListItem","position":3,"name":"D\u017eiovinta jautienos ausis, \u0161uns skan\u0117stas Frigera 1 vnt."}]},{"@type":"WebSite","@id":"https:\/\/miumjau.ee\/#website","url":"https:\/\/miumjau.ee\/","name":"MiuMjau","description":"Kraapimispuud kassidele","publisher":{"@id":"https:\/\/miumjau.ee\/#organization"},"potentialAction":[{"@type":"SearchAction","target":{"@type":"EntryPoint","urlTemplate":"https:\/\/miumjau.ee\/?s={search_term_string}"},"query-input":{"@type":"PropertyValueSpecification","valueRequired":true,"valueName":"search_term_string"}}],"inLanguage":"lt-LT"},{"@type":"Organization","@id":"https:\/\/miumjau.ee\/#organization","name":"MiuMjau O\u00dc","url":"https:\/\/miumjau.ee\/","logo":{"@type":"ImageObject","inLanguage":"lt-LT","@id":"https:\/\/miumjau.ee\/#\/schema\/logo\/image\/","url":"https:\/\/miumjau.ee\/wp-content\/uploads\/2022\/04\/MiuMjau-logo-kollane.png","contentUrl":"https:\/\/miumjau.ee\/wp-content\/uploads\/2022\/04\/MiuMjau-logo-kollane.png","width":219,"height":100,"caption":"MiuMjau O\u00dc"},"image":{"@id":"https:\/\/miumjau.ee\/#\/schema\/logo\/image\/"},"sameAs":["https:\/\/www.facebook.com\/miumjaupood\/"]}]}},"_links":{"self":[{"href":"https:\/\/miumjau.ee\/lt\/wp-json\/wp\/v2\/product\/48456","targetHints":{"allow":["GET"]}}],"collection":[{"href":"https:\/\/miumjau.ee\/lt\/wp-json\/wp\/v2\/product"}],"about":[{"href":"https:\/\/miumjau.ee\/lt\/wp-json\/wp\/v2\/types\/product"}],"wp:featuredmedia":[{"embeddable":true,"href":"https:\/\/miumjau.ee\/lt\/wp-json\/wp\/v2\/media\/48457"}],"wp:attachment":[{"href":"https:\/\/miumjau.ee\/lt\/wp-json\/wp\/v2\/media?parent=48456"}],"wp:term":[{"taxonomy":"product_brand","embeddable":true,"href":"https:\/\/miumjau.ee\/lt\/wp-json\/wp\/v2\/product_brand?post=48456"},{"taxonomy":"product_cat","embeddable":true,"href":"https:\/\/miumjau.ee\/lt\/wp-json\/wp\/v2\/product_cat?post=48456"},{"taxonomy":"product_tag","embeddable":true,"href":"https:\/\/miumjau.ee\/lt\/wp-json\/wp\/v2\/product_tag?post=48456"}],"curies":[{"name":"wp","href":"https:\/\/api.w.org\/{rel}","templated":true}]}}