{"id":48450,"date":"2025-05-28T10:56:44","date_gmt":"2025-05-28T07:56:44","guid":{"rendered":"https:\/\/miumjau.ee\/toode\/stiprus-kramtomasis-skanestas-frigera-buliu-penis-12-cm-1-vnt\/"},"modified":"2026-01-07T20:45:09","modified_gmt":"2026-01-07T18:45:09","slug":"stiprus-kramtomasis-skanestas-frigera-buliu-penis-12-cm-1-vnt","status":"publish","type":"product","link":"https:\/\/miumjau.ee\/lt\/produktas\/stiprus-kramtomasis-skanestas-frigera-buliu-penis-12-cm-1-vnt\/","title":{"rendered":"Stiprus kramtomasis skan\u0117stas, Frigera buli\u0173 penis 12 cm 1 vnt."},"content":{"rendered":"","protected":false},"excerpt":{"rendered":"<p data-start=\"3985\" data-end=\"4213\">Visi\u0161kai nat\u016bral\u016bs kramtomieji pagaliukai \u0161unims? Tiksliai \u2013 b\u016btent tai laikote rankose! \u0160ie skan\u016bs aromatingi skan\u0117stai neapvils j\u016bs\u0173 \u0161uns! Tinka ma\u017eiems ir vidutinio dyd\u017eio \u0161unims. Didesni \u0161unys gali rinktis didesn\u0119 versij\u0105.<\/p>\n<p data-start=\"4215\" data-end=\"4495\">friGERA bully sticks pagaminti i\u0161 geriausi\u0173 laisvai laikom\u0173 buli\u0173. Tai nat\u016bralus raumen\u0173 produktas, puikus omega-3, taurino, baltym\u0173, nepakei\u010diam\u0173 aminor\u016bg\u0161\u010di\u0173 ir mineral\u0173 \u0161altinis \u2013 tuo pa\u010diu turintis ma\u017eiau so\u010di\u0173j\u0173 riebal\u0173 ir cholesterolio nei dauguma kit\u0173 nat\u016brali\u0173 skan\u0117st\u0173.<\/p>\n<p data-start=\"4497\" data-end=\"4717\">Bully sticks kramtymas ne tik palaiko \u0161uns dant\u0173 higien\u0105 ir psichin\u0119 gerov\u0119, bet ir stiprius \u017eandikaulius bei bendr\u0105 raumen\u0173 vystym\u0105si. M\u016bs\u0173 bully sticks suteikia tikr\u0105 kramtymo malonum\u0105 kiekvienam uodegos vizgintojui!<\/p>\n<p data-start=\"4719\" data-end=\"4747\"><strong data-start=\"4719\" data-end=\"4731\">Sud\u0117tis:<\/strong> 100% jautiena<\/p>\n<p data-start=\"4749\" data-end=\"4816\"><strong data-start=\"4749\" data-end=\"4771\">Analitin\u0117 sud\u0117tis:<\/strong> Baltymai: 81 %, Riebalai: 3 %, Dr\u0117gm\u0117: 9 %<\/p>\n<p data-start=\"4818\" data-end=\"5042\"><strong data-start=\"4818\" data-end=\"4842\">\u0160\u0117rimo instrukcijos:<\/strong> Duokite kaip skan\u0117st\u0105 tarp valgym\u0173 arba kaip apdovanojim\u0105 subalansuotos mitybos dalyje. Visada pri\u017ei\u016br\u0117kite \u0161un\u012f \u0161\u0117rimo metu. U\u017etikrinkite pakankam\u0105 \u0161vie\u017eio vandens kiek\u012f. Nerekomenduojama \u017emon\u0117ms.<\/p>\n<p data-start=\"5044\" data-end=\"5144\">PS! Tai yra svorio produktas ir bus supakuotas pagal \u012fsigyt\u0105 kiek\u012f \u2013 popieriuje arba pl\u0117vel\u0117je.<\/p>\n","protected":false},"featured_media":48451,"template":"","meta":[],"product_brand":[],"product_cat":[540],"product_tag":[],"class_list":{"0":"post-48450","1":"product","2":"type-product","3":"status-publish","4":"has-post-thumbnail","6":"product_cat-skanestai-sunims","8":"first","9":"instock","10":"taxable","11":"shipping-taxable","12":"purchasable","13":"product-type-simple"},"yoast_head":"<!-- This site is optimized with the Yoast SEO plugin v27.4 - https:\/\/yoast.com\/product\/yoast-seo-wordpress\/ -->\n<title>Stiprus kramtomasis skan\u0117stas, Frigera buli\u0173 penis 12 cm 1 vnt. - MiuMjau<\/title>\n<meta name=\"robots\" content=\"index, follow, max-snippet:-1, max-image-preview:large, max-video-preview:-1\" \/>\n<link rel=\"canonical\" href=\"https:\/\/miumjau.ee\/lt\/produktas\/stiprus-kramtomasis-skanestas-frigera-buliu-penis-12-cm-1-vnt\/\" \/>\n<meta property=\"og:locale\" content=\"lt_LT\" \/>\n<meta property=\"og:type\" content=\"article\" \/>\n<meta property=\"og:title\" content=\"Stiprus kramtomasis skan\u0117stas, Frigera buli\u0173 penis 12 cm 1 vnt. - MiuMjau\" \/>\n<meta property=\"og:description\" content=\"Visi\u0161kai nat\u016bral\u016bs kramtomieji pagaliukai \u0161unims? Tiksliai \u2013 b\u016btent tai laikote rankose! \u0160ie skan\u016bs aromatingi skan\u0117stai neapvils j\u016bs\u0173 \u0161uns! Tinka ma\u017eiems ir vidutinio dyd\u017eio \u0161unims. Didesni \u0161unys gali rinktis didesn\u0119 versij\u0105. friGERA bully sticks pagaminti i\u0161 geriausi\u0173 laisvai laikom\u0173 buli\u0173. Tai nat\u016bralus raumen\u0173 produktas, puikus omega-3, taurino, baltym\u0173, nepakei\u010diam\u0173 aminor\u016bg\u0161\u010di\u0173 ir mineral\u0173 \u0161altinis \u2013 tuo pa\u010diu turintis ma\u017eiau so\u010di\u0173j\u0173 riebal\u0173 ir cholesterolio nei dauguma kit\u0173 nat\u016brali\u0173 skan\u0117st\u0173. Bully sticks kramtymas ne tik palaiko \u0161uns dant\u0173 higien\u0105 ir psichin\u0119 gerov\u0119, bet ir stiprius \u017eandikaulius bei bendr\u0105 raumen\u0173 vystym\u0105si. M\u016bs\u0173 bully sticks suteikia tikr\u0105 kramtymo malonum\u0105 kiekvienam uodegos vizgintojui! Sud\u0117tis: 100% jautiena Analitin\u0117 sud\u0117tis: Baltymai: 81 %, Riebalai: 3 %, Dr\u0117gm\u0117: 9 % \u0160\u0117rimo instrukcijos: Duokite kaip skan\u0117st\u0105 tarp valgym\u0173 arba kaip apdovanojim\u0105 subalansuotos mitybos dalyje. Visada pri\u017ei\u016br\u0117kite \u0161un\u012f \u0161\u0117rimo metu. U\u017etikrinkite pakankam\u0105 \u0161vie\u017eio vandens kiek\u012f. Nerekomenduojama \u017emon\u0117ms. PS! Tai yra svorio produktas ir bus supakuotas pagal \u012fsigyt\u0105 kiek\u012f \u2013 popieriuje arba pl\u0117vel\u0117je.\" \/>\n<meta property=\"og:url\" content=\"https:\/\/miumjau.ee\/lt\/produktas\/stiprus-kramtomasis-skanestas-frigera-buliu-penis-12-cm-1-vnt\/\" \/>\n<meta property=\"og:site_name\" content=\"MiuMjau\" \/>\n<meta property=\"article:publisher\" content=\"https:\/\/www.facebook.com\/miumjaupood\/\" \/>\n<meta property=\"article:modified_time\" content=\"2026-01-07T18:45:09+00:00\" \/>\n<meta property=\"og:image\" content=\"https:\/\/miumjau.ee\/wp-content\/uploads\/2025\/05\/frigera-koerte-maius-pullipeenis-12cm-125tk-Photoroom.webp\" \/>\n\t<meta property=\"og:image:width\" content=\"600\" \/>\n\t<meta property=\"og:image:height\" content=\"800\" \/>\n\t<meta property=\"og:image:type\" content=\"image\/webp\" \/>\n<meta name=\"twitter:card\" content=\"summary_large_image\" \/>\n<script type=\"application\/ld+json\" class=\"yoast-schema-graph\">{\"@context\":\"https:\\\/\\\/schema.org\",\"@graph\":[{\"@type\":\"WebPage\",\"@id\":\"https:\\\/\\\/miumjau.ee\\\/lt\\\/produktas\\\/stiprus-kramtomasis-skanestas-frigera-buliu-penis-12-cm-1-vnt\\\/\",\"url\":\"https:\\\/\\\/miumjau.ee\\\/lt\\\/produktas\\\/stiprus-kramtomasis-skanestas-frigera-buliu-penis-12-cm-1-vnt\\\/\",\"name\":\"Stiprus kramtomasis skan\u0117stas, Frigera buli\u0173 penis 12 cm 1 vnt. - MiuMjau\",\"isPartOf\":{\"@id\":\"https:\\\/\\\/miumjau.ee\\\/#website\"},\"primaryImageOfPage\":{\"@id\":\"https:\\\/\\\/miumjau.ee\\\/lt\\\/produktas\\\/stiprus-kramtomasis-skanestas-frigera-buliu-penis-12-cm-1-vnt\\\/#primaryimage\"},\"image\":{\"@id\":\"https:\\\/\\\/miumjau.ee\\\/lt\\\/produktas\\\/stiprus-kramtomasis-skanestas-frigera-buliu-penis-12-cm-1-vnt\\\/#primaryimage\"},\"thumbnailUrl\":\"https:\\\/\\\/miumjau.ee\\\/wp-content\\\/uploads\\\/2025\\\/05\\\/frigera-koerte-maius-pullipeenis-12cm-125tk-Photoroom.webp\",\"datePublished\":\"2025-05-28T07:56:44+00:00\",\"dateModified\":\"2026-01-07T18:45:09+00:00\",\"breadcrumb\":{\"@id\":\"https:\\\/\\\/miumjau.ee\\\/lt\\\/produktas\\\/stiprus-kramtomasis-skanestas-frigera-buliu-penis-12-cm-1-vnt\\\/#breadcrumb\"},\"inLanguage\":\"lt-LT\",\"potentialAction\":[{\"@type\":\"ReadAction\",\"target\":[\"https:\\\/\\\/miumjau.ee\\\/lt\\\/produktas\\\/stiprus-kramtomasis-skanestas-frigera-buliu-penis-12-cm-1-vnt\\\/\"]}]},{\"@type\":\"ImageObject\",\"inLanguage\":\"lt-LT\",\"@id\":\"https:\\\/\\\/miumjau.ee\\\/lt\\\/produktas\\\/stiprus-kramtomasis-skanestas-frigera-buliu-penis-12-cm-1-vnt\\\/#primaryimage\",\"url\":\"https:\\\/\\\/miumjau.ee\\\/wp-content\\\/uploads\\\/2025\\\/05\\\/frigera-koerte-maius-pullipeenis-12cm-125tk-Photoroom.webp\",\"contentUrl\":\"https:\\\/\\\/miumjau.ee\\\/wp-content\\\/uploads\\\/2025\\\/05\\\/frigera-koerte-maius-pullipeenis-12cm-125tk-Photoroom.webp\",\"width\":600,\"height\":800},{\"@type\":\"BreadcrumbList\",\"@id\":\"https:\\\/\\\/miumjau.ee\\\/lt\\\/produktas\\\/stiprus-kramtomasis-skanestas-frigera-buliu-penis-12-cm-1-vnt\\\/#breadcrumb\",\"itemListElement\":[{\"@type\":\"ListItem\",\"position\":1,\"name\":\"Home\",\"item\":\"https:\\\/\\\/miumjau.ee\\\/lt\\\/\"},{\"@type\":\"ListItem\",\"position\":2,\"name\":\"Parduotuv\u0117\",\"item\":\"https:\\\/\\\/miumjau.ee\\\/lt\\\/parduotuve\\\/\"},{\"@type\":\"ListItem\",\"position\":3,\"name\":\"Stiprus kramtomasis skan\u0117stas, Frigera buli\u0173 penis 12 cm 1 vnt.\"}]},{\"@type\":\"WebSite\",\"@id\":\"https:\\\/\\\/miumjau.ee\\\/#website\",\"url\":\"https:\\\/\\\/miumjau.ee\\\/\",\"name\":\"MiuMjau\",\"description\":\"Kraapimispuud kassidele\",\"publisher\":{\"@id\":\"https:\\\/\\\/miumjau.ee\\\/#organization\"},\"potentialAction\":[{\"@type\":\"SearchAction\",\"target\":{\"@type\":\"EntryPoint\",\"urlTemplate\":\"https:\\\/\\\/miumjau.ee\\\/?s={search_term_string}\"},\"query-input\":{\"@type\":\"PropertyValueSpecification\",\"valueRequired\":true,\"valueName\":\"search_term_string\"}}],\"inLanguage\":\"lt-LT\"},{\"@type\":\"Organization\",\"@id\":\"https:\\\/\\\/miumjau.ee\\\/#organization\",\"name\":\"MiuMjau O\u00dc\",\"url\":\"https:\\\/\\\/miumjau.ee\\\/\",\"logo\":{\"@type\":\"ImageObject\",\"inLanguage\":\"lt-LT\",\"@id\":\"https:\\\/\\\/miumjau.ee\\\/#\\\/schema\\\/logo\\\/image\\\/\",\"url\":\"https:\\\/\\\/miumjau.ee\\\/wp-content\\\/uploads\\\/2022\\\/04\\\/MiuMjau-logo-kollane.png\",\"contentUrl\":\"https:\\\/\\\/miumjau.ee\\\/wp-content\\\/uploads\\\/2022\\\/04\\\/MiuMjau-logo-kollane.png\",\"width\":219,\"height\":100,\"caption\":\"MiuMjau O\u00dc\"},\"image\":{\"@id\":\"https:\\\/\\\/miumjau.ee\\\/#\\\/schema\\\/logo\\\/image\\\/\"},\"sameAs\":[\"https:\\\/\\\/www.facebook.com\\\/miumjaupood\\\/\"]}]}<\/script>\n<!-- \/ Yoast SEO plugin. -->","yoast_head_json":{"title":"Stiprus kramtomasis skan\u0117stas, Frigera buli\u0173 penis 12 cm 1 vnt. - MiuMjau","robots":{"index":"index","follow":"follow","max-snippet":"max-snippet:-1","max-image-preview":"max-image-preview:large","max-video-preview":"max-video-preview:-1"},"canonical":"https:\/\/miumjau.ee\/lt\/produktas\/stiprus-kramtomasis-skanestas-frigera-buliu-penis-12-cm-1-vnt\/","og_locale":"lt_LT","og_type":"article","og_title":"Stiprus kramtomasis skan\u0117stas, Frigera buli\u0173 penis 12 cm 1 vnt. - MiuMjau","og_description":"Visi\u0161kai nat\u016bral\u016bs kramtomieji pagaliukai \u0161unims? Tiksliai \u2013 b\u016btent tai laikote rankose! \u0160ie skan\u016bs aromatingi skan\u0117stai neapvils j\u016bs\u0173 \u0161uns! Tinka ma\u017eiems ir vidutinio dyd\u017eio \u0161unims. Didesni \u0161unys gali rinktis didesn\u0119 versij\u0105. friGERA bully sticks pagaminti i\u0161 geriausi\u0173 laisvai laikom\u0173 buli\u0173. Tai nat\u016bralus raumen\u0173 produktas, puikus omega-3, taurino, baltym\u0173, nepakei\u010diam\u0173 aminor\u016bg\u0161\u010di\u0173 ir mineral\u0173 \u0161altinis \u2013 tuo pa\u010diu turintis ma\u017eiau so\u010di\u0173j\u0173 riebal\u0173 ir cholesterolio nei dauguma kit\u0173 nat\u016brali\u0173 skan\u0117st\u0173. Bully sticks kramtymas ne tik palaiko \u0161uns dant\u0173 higien\u0105 ir psichin\u0119 gerov\u0119, bet ir stiprius \u017eandikaulius bei bendr\u0105 raumen\u0173 vystym\u0105si. M\u016bs\u0173 bully sticks suteikia tikr\u0105 kramtymo malonum\u0105 kiekvienam uodegos vizgintojui! Sud\u0117tis: 100% jautiena Analitin\u0117 sud\u0117tis: Baltymai: 81 %, Riebalai: 3 %, Dr\u0117gm\u0117: 9 % \u0160\u0117rimo instrukcijos: Duokite kaip skan\u0117st\u0105 tarp valgym\u0173 arba kaip apdovanojim\u0105 subalansuotos mitybos dalyje. Visada pri\u017ei\u016br\u0117kite \u0161un\u012f \u0161\u0117rimo metu. U\u017etikrinkite pakankam\u0105 \u0161vie\u017eio vandens kiek\u012f. Nerekomenduojama \u017emon\u0117ms. PS! Tai yra svorio produktas ir bus supakuotas pagal \u012fsigyt\u0105 kiek\u012f \u2013 popieriuje arba pl\u0117vel\u0117je.","og_url":"https:\/\/miumjau.ee\/lt\/produktas\/stiprus-kramtomasis-skanestas-frigera-buliu-penis-12-cm-1-vnt\/","og_site_name":"MiuMjau","article_publisher":"https:\/\/www.facebook.com\/miumjaupood\/","article_modified_time":"2026-01-07T18:45:09+00:00","og_image":[{"width":600,"height":800,"url":"https:\/\/miumjau.ee\/wp-content\/uploads\/2025\/05\/frigera-koerte-maius-pullipeenis-12cm-125tk-Photoroom.webp","type":"image\/webp"}],"twitter_card":"summary_large_image","schema":{"@context":"https:\/\/schema.org","@graph":[{"@type":"WebPage","@id":"https:\/\/miumjau.ee\/lt\/produktas\/stiprus-kramtomasis-skanestas-frigera-buliu-penis-12-cm-1-vnt\/","url":"https:\/\/miumjau.ee\/lt\/produktas\/stiprus-kramtomasis-skanestas-frigera-buliu-penis-12-cm-1-vnt\/","name":"Stiprus kramtomasis skan\u0117stas, Frigera buli\u0173 penis 12 cm 1 vnt. - MiuMjau","isPartOf":{"@id":"https:\/\/miumjau.ee\/#website"},"primaryImageOfPage":{"@id":"https:\/\/miumjau.ee\/lt\/produktas\/stiprus-kramtomasis-skanestas-frigera-buliu-penis-12-cm-1-vnt\/#primaryimage"},"image":{"@id":"https:\/\/miumjau.ee\/lt\/produktas\/stiprus-kramtomasis-skanestas-frigera-buliu-penis-12-cm-1-vnt\/#primaryimage"},"thumbnailUrl":"https:\/\/miumjau.ee\/wp-content\/uploads\/2025\/05\/frigera-koerte-maius-pullipeenis-12cm-125tk-Photoroom.webp","datePublished":"2025-05-28T07:56:44+00:00","dateModified":"2026-01-07T18:45:09+00:00","breadcrumb":{"@id":"https:\/\/miumjau.ee\/lt\/produktas\/stiprus-kramtomasis-skanestas-frigera-buliu-penis-12-cm-1-vnt\/#breadcrumb"},"inLanguage":"lt-LT","potentialAction":[{"@type":"ReadAction","target":["https:\/\/miumjau.ee\/lt\/produktas\/stiprus-kramtomasis-skanestas-frigera-buliu-penis-12-cm-1-vnt\/"]}]},{"@type":"ImageObject","inLanguage":"lt-LT","@id":"https:\/\/miumjau.ee\/lt\/produktas\/stiprus-kramtomasis-skanestas-frigera-buliu-penis-12-cm-1-vnt\/#primaryimage","url":"https:\/\/miumjau.ee\/wp-content\/uploads\/2025\/05\/frigera-koerte-maius-pullipeenis-12cm-125tk-Photoroom.webp","contentUrl":"https:\/\/miumjau.ee\/wp-content\/uploads\/2025\/05\/frigera-koerte-maius-pullipeenis-12cm-125tk-Photoroom.webp","width":600,"height":800},{"@type":"BreadcrumbList","@id":"https:\/\/miumjau.ee\/lt\/produktas\/stiprus-kramtomasis-skanestas-frigera-buliu-penis-12-cm-1-vnt\/#breadcrumb","itemListElement":[{"@type":"ListItem","position":1,"name":"Home","item":"https:\/\/miumjau.ee\/lt\/"},{"@type":"ListItem","position":2,"name":"Parduotuv\u0117","item":"https:\/\/miumjau.ee\/lt\/parduotuve\/"},{"@type":"ListItem","position":3,"name":"Stiprus kramtomasis skan\u0117stas, Frigera buli\u0173 penis 12 cm 1 vnt."}]},{"@type":"WebSite","@id":"https:\/\/miumjau.ee\/#website","url":"https:\/\/miumjau.ee\/","name":"MiuMjau","description":"Kraapimispuud kassidele","publisher":{"@id":"https:\/\/miumjau.ee\/#organization"},"potentialAction":[{"@type":"SearchAction","target":{"@type":"EntryPoint","urlTemplate":"https:\/\/miumjau.ee\/?s={search_term_string}"},"query-input":{"@type":"PropertyValueSpecification","valueRequired":true,"valueName":"search_term_string"}}],"inLanguage":"lt-LT"},{"@type":"Organization","@id":"https:\/\/miumjau.ee\/#organization","name":"MiuMjau O\u00dc","url":"https:\/\/miumjau.ee\/","logo":{"@type":"ImageObject","inLanguage":"lt-LT","@id":"https:\/\/miumjau.ee\/#\/schema\/logo\/image\/","url":"https:\/\/miumjau.ee\/wp-content\/uploads\/2022\/04\/MiuMjau-logo-kollane.png","contentUrl":"https:\/\/miumjau.ee\/wp-content\/uploads\/2022\/04\/MiuMjau-logo-kollane.png","width":219,"height":100,"caption":"MiuMjau O\u00dc"},"image":{"@id":"https:\/\/miumjau.ee\/#\/schema\/logo\/image\/"},"sameAs":["https:\/\/www.facebook.com\/miumjaupood\/"]}]}},"_links":{"self":[{"href":"https:\/\/miumjau.ee\/lt\/wp-json\/wp\/v2\/product\/48450","targetHints":{"allow":["GET"]}}],"collection":[{"href":"https:\/\/miumjau.ee\/lt\/wp-json\/wp\/v2\/product"}],"about":[{"href":"https:\/\/miumjau.ee\/lt\/wp-json\/wp\/v2\/types\/product"}],"wp:featuredmedia":[{"embeddable":true,"href":"https:\/\/miumjau.ee\/lt\/wp-json\/wp\/v2\/media\/48451"}],"wp:attachment":[{"href":"https:\/\/miumjau.ee\/lt\/wp-json\/wp\/v2\/media?parent=48450"}],"wp:term":[{"taxonomy":"product_brand","embeddable":true,"href":"https:\/\/miumjau.ee\/lt\/wp-json\/wp\/v2\/product_brand?post=48450"},{"taxonomy":"product_cat","embeddable":true,"href":"https:\/\/miumjau.ee\/lt\/wp-json\/wp\/v2\/product_cat?post=48450"},{"taxonomy":"product_tag","embeddable":true,"href":"https:\/\/miumjau.ee\/lt\/wp-json\/wp\/v2\/product_tag?post=48450"}],"curies":[{"name":"wp","href":"https:\/\/api.w.org\/{rel}","templated":true}]}}