{"id":48423,"date":"2025-05-28T09:51:06","date_gmt":"2025-05-28T06:51:06","guid":{"rendered":"https:\/\/miumjau.ee\/toode\/naturalus-suns-skanestas-avies-ausis-su-plaukais-frigera-1-vnt\/"},"modified":"2026-02-01T21:12:45","modified_gmt":"2026-02-01T19:12:45","slug":"naturalus-suns-skanestas-avies-ausis-su-plaukais-frigera-1-vnt","status":"publish","type":"product","link":"https:\/\/miumjau.ee\/lt\/produktas\/naturalus-suns-skanestas-avies-ausis-su-plaukais-frigera-1-vnt\/","title":{"rendered":"Nat\u016bralus \u0161uns skan\u0117stas, avies ausis su plaukais Frigera 1 vnt."},"content":{"rendered":"","protected":false},"excerpt":{"rendered":"<p>Ar kiaulienos ar jautienos ausys j\u016bs\u0173 \u0161uniui atrodo per daug \u012fprastos, arba jis j\u0173 netoleruoja? friGERA ausys su plaukais i\u0161 avies yra sprendimas!<\/p>\n<p>M\u016bs\u0173 avies ausys yra 100 % nat\u016bralus produktas, kruop\u0161\u010diai d\u017eiovintos, kad suteikt\u0173 tra\u0161k\u0173, bet \u0161iek tiek mink\u0161tesn\u012f ir liesesn\u012f skan\u0117st\u0105, palyginti su kiaulienos ausimis.<\/p>\n<p>\u0160is hipoalerginis skan\u0117stas ne tik patenkina kramtymo poreik\u012f ir valo dantis, bet ir padeda palaikyti stiprius s\u0105narius bei sveikus rai\u0161\u010dius, nes yra turtingas mangano.<\/p>\n<p>Be to, avies ausys yra draugi\u0161kesn\u0117 aplinkai alternatyva \u2013 avys daro ma\u017eesn\u0119 ekologin\u0119 \u012ftak\u0105 nei karv\u0117s ar kiaul\u0117s. Ma\u017eas arba beveik nejuntamas kvapas leid\u017eia jas puikiai naudoti patalpose.<\/p>\n<p>Plauk\u0173 prid\u0117jimas padeda nat\u016braliai i\u0161valyti vir\u0161kinimo trakt\u0105 \u2013 kaip \u0161unys kadaise valg\u0117 grob\u012f laukin\u0117je gamtoje, kartu su plaukais ir kaulais!<\/p>\n<p>D\u0117l tinkamo dyd\u017eio ir tekst\u016bros tinka ir ma\u017eesniems \u0161unims arba tiems, kuri\u0173 \u017eandikauliai silpnesni.<\/p>\n<p>Sud\u0117tis: 100% avis (su plaukais)<\/p>\n<p>Analitin\u0117 sud\u0117tis: Baltymai: 59,78 %, Riebalai: 29,4 %, Dr\u0117gm\u0117: 8,27 %<\/p>\n<p>\u0160\u0117rimo instrukcijos: Duokite kaip skan\u0117st\u0105 tarp valgym\u0173 arba kaip apdovanojim\u0105 subalansuotos mitybos dalyje. Visada pri\u017ei\u016br\u0117kite \u0161un\u012f \u0161\u0117rimo metu. U\u017etikrinkite pakankam\u0105 \u0161vie\u017eio vandens kiek\u012f. Nerekomenduojama \u017emon\u0117ms.<\/p>\n<p>PS! Tai laisvo svorio produktas, supakuojamas pagal \u012fsigyt\u0105 kiek\u012f \u2013 popieriuje arba pl\u0117vel\u0117je.<\/p>\n","protected":false},"featured_media":48424,"template":"","meta":[],"product_brand":[],"product_cat":[540],"product_tag":[],"class_list":{"0":"post-48423","1":"product","2":"type-product","3":"status-publish","4":"has-post-thumbnail","6":"product_cat-skanestai-sunims","8":"first","9":"instock","10":"taxable","11":"shipping-taxable","12":"purchasable","13":"product-type-simple"},"yoast_head":"<!-- This site is optimized with the Yoast SEO plugin v27.4 - https:\/\/yoast.com\/product\/yoast-seo-wordpress\/ -->\n<title>Nat\u016bralus \u0161uns skan\u0117stas, avies ausis su plaukais Frigera 1 vnt. - MiuMjau<\/title>\n<meta name=\"robots\" content=\"index, follow, max-snippet:-1, max-image-preview:large, max-video-preview:-1\" \/>\n<link rel=\"canonical\" href=\"https:\/\/miumjau.ee\/lt\/produktas\/naturalus-suns-skanestas-avies-ausis-su-plaukais-frigera-1-vnt\/\" \/>\n<meta property=\"og:locale\" content=\"lt_LT\" \/>\n<meta property=\"og:type\" content=\"article\" \/>\n<meta property=\"og:title\" content=\"Nat\u016bralus \u0161uns skan\u0117stas, avies ausis su plaukais Frigera 1 vnt. - MiuMjau\" \/>\n<meta property=\"og:description\" content=\"Ar kiaulienos ar jautienos ausys j\u016bs\u0173 \u0161uniui atrodo per daug \u012fprastos, arba jis j\u0173 netoleruoja? friGERA ausys su plaukais i\u0161 avies yra sprendimas!  M\u016bs\u0173 avies ausys yra 100 % nat\u016bralus produktas, kruop\u0161\u010diai d\u017eiovintos, kad suteikt\u0173 tra\u0161k\u0173, bet \u0161iek tiek mink\u0161tesn\u012f ir liesesn\u012f skan\u0117st\u0105, palyginti su kiaulienos ausimis.  \u0160is hipoalerginis skan\u0117stas ne tik patenkina kramtymo poreik\u012f ir valo dantis, bet ir padeda palaikyti stiprius s\u0105narius bei sveikus rai\u0161\u010dius, nes yra turtingas mangano.  Be to, avies ausys yra draugi\u0161kesn\u0117 aplinkai alternatyva \u2013 avys daro ma\u017eesn\u0119 ekologin\u0119 \u012ftak\u0105 nei karv\u0117s ar kiaul\u0117s. Ma\u017eas arba beveik nejuntamas kvapas leid\u017eia jas puikiai naudoti patalpose.  Plauk\u0173 prid\u0117jimas padeda nat\u016braliai i\u0161valyti vir\u0161kinimo trakt\u0105 \u2013 kaip \u0161unys kadaise valg\u0117 grob\u012f laukin\u0117je gamtoje, kartu su plaukais ir kaulais!  D\u0117l tinkamo dyd\u017eio ir tekst\u016bros tinka ir ma\u017eesniems \u0161unims arba tiems, kuri\u0173 \u017eandikauliai silpnesni.  Sud\u0117tis: 100% avis (su plaukais)  Analitin\u0117 sud\u0117tis: Baltymai: 59,78 %, Riebalai: 29,4 %, Dr\u0117gm\u0117: 8,27 %  \u0160\u0117rimo instrukcijos: Duokite kaip skan\u0117st\u0105 tarp valgym\u0173 arba kaip apdovanojim\u0105 subalansuotos mitybos dalyje. Visada pri\u017ei\u016br\u0117kite \u0161un\u012f \u0161\u0117rimo metu. U\u017etikrinkite pakankam\u0105 \u0161vie\u017eio vandens kiek\u012f. Nerekomenduojama \u017emon\u0117ms.  PS! Tai laisvo svorio produktas, supakuojamas pagal \u012fsigyt\u0105 kiek\u012f \u2013 popieriuje arba pl\u0117vel\u0117je.\" \/>\n<meta property=\"og:url\" content=\"https:\/\/miumjau.ee\/lt\/produktas\/naturalus-suns-skanestas-avies-ausis-su-plaukais-frigera-1-vnt\/\" \/>\n<meta property=\"og:site_name\" content=\"MiuMjau\" \/>\n<meta property=\"article:publisher\" content=\"https:\/\/www.facebook.com\/miumjaupood\/\" \/>\n<meta property=\"article:modified_time\" content=\"2026-02-01T19:12:45+00:00\" \/>\n<meta property=\"og:image\" content=\"https:\/\/miumjau.ee\/wp-content\/uploads\/2025\/05\/frigera-koerte-maius-lambakorvad-karvaga-100tk-Photoroom.webp\" \/>\n\t<meta property=\"og:image:width\" content=\"600\" \/>\n\t<meta property=\"og:image:height\" content=\"800\" \/>\n\t<meta property=\"og:image:type\" content=\"image\/webp\" \/>\n<meta name=\"twitter:card\" content=\"summary_large_image\" \/>\n<script type=\"application\/ld+json\" class=\"yoast-schema-graph\">{\"@context\":\"https:\\\/\\\/schema.org\",\"@graph\":[{\"@type\":\"WebPage\",\"@id\":\"https:\\\/\\\/miumjau.ee\\\/lt\\\/produktas\\\/naturalus-suns-skanestas-avies-ausis-su-plaukais-frigera-1-vnt\\\/\",\"url\":\"https:\\\/\\\/miumjau.ee\\\/lt\\\/produktas\\\/naturalus-suns-skanestas-avies-ausis-su-plaukais-frigera-1-vnt\\\/\",\"name\":\"Nat\u016bralus \u0161uns skan\u0117stas, avies ausis su plaukais Frigera 1 vnt. - MiuMjau\",\"isPartOf\":{\"@id\":\"https:\\\/\\\/miumjau.ee\\\/#website\"},\"primaryImageOfPage\":{\"@id\":\"https:\\\/\\\/miumjau.ee\\\/lt\\\/produktas\\\/naturalus-suns-skanestas-avies-ausis-su-plaukais-frigera-1-vnt\\\/#primaryimage\"},\"image\":{\"@id\":\"https:\\\/\\\/miumjau.ee\\\/lt\\\/produktas\\\/naturalus-suns-skanestas-avies-ausis-su-plaukais-frigera-1-vnt\\\/#primaryimage\"},\"thumbnailUrl\":\"https:\\\/\\\/miumjau.ee\\\/wp-content\\\/uploads\\\/2025\\\/05\\\/frigera-koerte-maius-lambakorvad-karvaga-100tk-Photoroom.webp\",\"datePublished\":\"2025-05-28T06:51:06+00:00\",\"dateModified\":\"2026-02-01T19:12:45+00:00\",\"breadcrumb\":{\"@id\":\"https:\\\/\\\/miumjau.ee\\\/lt\\\/produktas\\\/naturalus-suns-skanestas-avies-ausis-su-plaukais-frigera-1-vnt\\\/#breadcrumb\"},\"inLanguage\":\"lt-LT\",\"potentialAction\":[{\"@type\":\"ReadAction\",\"target\":[\"https:\\\/\\\/miumjau.ee\\\/lt\\\/produktas\\\/naturalus-suns-skanestas-avies-ausis-su-plaukais-frigera-1-vnt\\\/\"]}]},{\"@type\":\"ImageObject\",\"inLanguage\":\"lt-LT\",\"@id\":\"https:\\\/\\\/miumjau.ee\\\/lt\\\/produktas\\\/naturalus-suns-skanestas-avies-ausis-su-plaukais-frigera-1-vnt\\\/#primaryimage\",\"url\":\"https:\\\/\\\/miumjau.ee\\\/wp-content\\\/uploads\\\/2025\\\/05\\\/frigera-koerte-maius-lambakorvad-karvaga-100tk-Photoroom.webp\",\"contentUrl\":\"https:\\\/\\\/miumjau.ee\\\/wp-content\\\/uploads\\\/2025\\\/05\\\/frigera-koerte-maius-lambakorvad-karvaga-100tk-Photoroom.webp\",\"width\":600,\"height\":800},{\"@type\":\"BreadcrumbList\",\"@id\":\"https:\\\/\\\/miumjau.ee\\\/lt\\\/produktas\\\/naturalus-suns-skanestas-avies-ausis-su-plaukais-frigera-1-vnt\\\/#breadcrumb\",\"itemListElement\":[{\"@type\":\"ListItem\",\"position\":1,\"name\":\"Home\",\"item\":\"https:\\\/\\\/miumjau.ee\\\/lt\\\/\"},{\"@type\":\"ListItem\",\"position\":2,\"name\":\"Parduotuv\u0117\",\"item\":\"https:\\\/\\\/miumjau.ee\\\/lt\\\/parduotuve\\\/\"},{\"@type\":\"ListItem\",\"position\":3,\"name\":\"Nat\u016bralus \u0161uns skan\u0117stas, avies ausis su plaukais Frigera 1 vnt.\"}]},{\"@type\":\"WebSite\",\"@id\":\"https:\\\/\\\/miumjau.ee\\\/#website\",\"url\":\"https:\\\/\\\/miumjau.ee\\\/\",\"name\":\"MiuMjau\",\"description\":\"Kraapimispuud kassidele\",\"publisher\":{\"@id\":\"https:\\\/\\\/miumjau.ee\\\/#organization\"},\"potentialAction\":[{\"@type\":\"SearchAction\",\"target\":{\"@type\":\"EntryPoint\",\"urlTemplate\":\"https:\\\/\\\/miumjau.ee\\\/?s={search_term_string}\"},\"query-input\":{\"@type\":\"PropertyValueSpecification\",\"valueRequired\":true,\"valueName\":\"search_term_string\"}}],\"inLanguage\":\"lt-LT\"},{\"@type\":\"Organization\",\"@id\":\"https:\\\/\\\/miumjau.ee\\\/#organization\",\"name\":\"MiuMjau O\u00dc\",\"url\":\"https:\\\/\\\/miumjau.ee\\\/\",\"logo\":{\"@type\":\"ImageObject\",\"inLanguage\":\"lt-LT\",\"@id\":\"https:\\\/\\\/miumjau.ee\\\/#\\\/schema\\\/logo\\\/image\\\/\",\"url\":\"https:\\\/\\\/miumjau.ee\\\/wp-content\\\/uploads\\\/2022\\\/04\\\/MiuMjau-logo-kollane.png\",\"contentUrl\":\"https:\\\/\\\/miumjau.ee\\\/wp-content\\\/uploads\\\/2022\\\/04\\\/MiuMjau-logo-kollane.png\",\"width\":219,\"height\":100,\"caption\":\"MiuMjau O\u00dc\"},\"image\":{\"@id\":\"https:\\\/\\\/miumjau.ee\\\/#\\\/schema\\\/logo\\\/image\\\/\"},\"sameAs\":[\"https:\\\/\\\/www.facebook.com\\\/miumjaupood\\\/\"]}]}<\/script>\n<!-- \/ Yoast SEO plugin. -->","yoast_head_json":{"title":"Nat\u016bralus \u0161uns skan\u0117stas, avies ausis su plaukais Frigera 1 vnt. - MiuMjau","robots":{"index":"index","follow":"follow","max-snippet":"max-snippet:-1","max-image-preview":"max-image-preview:large","max-video-preview":"max-video-preview:-1"},"canonical":"https:\/\/miumjau.ee\/lt\/produktas\/naturalus-suns-skanestas-avies-ausis-su-plaukais-frigera-1-vnt\/","og_locale":"lt_LT","og_type":"article","og_title":"Nat\u016bralus \u0161uns skan\u0117stas, avies ausis su plaukais Frigera 1 vnt. - MiuMjau","og_description":"Ar kiaulienos ar jautienos ausys j\u016bs\u0173 \u0161uniui atrodo per daug \u012fprastos, arba jis j\u0173 netoleruoja? friGERA ausys su plaukais i\u0161 avies yra sprendimas!  M\u016bs\u0173 avies ausys yra 100 % nat\u016bralus produktas, kruop\u0161\u010diai d\u017eiovintos, kad suteikt\u0173 tra\u0161k\u0173, bet \u0161iek tiek mink\u0161tesn\u012f ir liesesn\u012f skan\u0117st\u0105, palyginti su kiaulienos ausimis.  \u0160is hipoalerginis skan\u0117stas ne tik patenkina kramtymo poreik\u012f ir valo dantis, bet ir padeda palaikyti stiprius s\u0105narius bei sveikus rai\u0161\u010dius, nes yra turtingas mangano.  Be to, avies ausys yra draugi\u0161kesn\u0117 aplinkai alternatyva \u2013 avys daro ma\u017eesn\u0119 ekologin\u0119 \u012ftak\u0105 nei karv\u0117s ar kiaul\u0117s. Ma\u017eas arba beveik nejuntamas kvapas leid\u017eia jas puikiai naudoti patalpose.  Plauk\u0173 prid\u0117jimas padeda nat\u016braliai i\u0161valyti vir\u0161kinimo trakt\u0105 \u2013 kaip \u0161unys kadaise valg\u0117 grob\u012f laukin\u0117je gamtoje, kartu su plaukais ir kaulais!  D\u0117l tinkamo dyd\u017eio ir tekst\u016bros tinka ir ma\u017eesniems \u0161unims arba tiems, kuri\u0173 \u017eandikauliai silpnesni.  Sud\u0117tis: 100% avis (su plaukais)  Analitin\u0117 sud\u0117tis: Baltymai: 59,78 %, Riebalai: 29,4 %, Dr\u0117gm\u0117: 8,27 %  \u0160\u0117rimo instrukcijos: Duokite kaip skan\u0117st\u0105 tarp valgym\u0173 arba kaip apdovanojim\u0105 subalansuotos mitybos dalyje. Visada pri\u017ei\u016br\u0117kite \u0161un\u012f \u0161\u0117rimo metu. U\u017etikrinkite pakankam\u0105 \u0161vie\u017eio vandens kiek\u012f. Nerekomenduojama \u017emon\u0117ms.  PS! Tai laisvo svorio produktas, supakuojamas pagal \u012fsigyt\u0105 kiek\u012f \u2013 popieriuje arba pl\u0117vel\u0117je.","og_url":"https:\/\/miumjau.ee\/lt\/produktas\/naturalus-suns-skanestas-avies-ausis-su-plaukais-frigera-1-vnt\/","og_site_name":"MiuMjau","article_publisher":"https:\/\/www.facebook.com\/miumjaupood\/","article_modified_time":"2026-02-01T19:12:45+00:00","og_image":[{"width":600,"height":800,"url":"https:\/\/miumjau.ee\/wp-content\/uploads\/2025\/05\/frigera-koerte-maius-lambakorvad-karvaga-100tk-Photoroom.webp","type":"image\/webp"}],"twitter_card":"summary_large_image","schema":{"@context":"https:\/\/schema.org","@graph":[{"@type":"WebPage","@id":"https:\/\/miumjau.ee\/lt\/produktas\/naturalus-suns-skanestas-avies-ausis-su-plaukais-frigera-1-vnt\/","url":"https:\/\/miumjau.ee\/lt\/produktas\/naturalus-suns-skanestas-avies-ausis-su-plaukais-frigera-1-vnt\/","name":"Nat\u016bralus \u0161uns skan\u0117stas, avies ausis su plaukais Frigera 1 vnt. - MiuMjau","isPartOf":{"@id":"https:\/\/miumjau.ee\/#website"},"primaryImageOfPage":{"@id":"https:\/\/miumjau.ee\/lt\/produktas\/naturalus-suns-skanestas-avies-ausis-su-plaukais-frigera-1-vnt\/#primaryimage"},"image":{"@id":"https:\/\/miumjau.ee\/lt\/produktas\/naturalus-suns-skanestas-avies-ausis-su-plaukais-frigera-1-vnt\/#primaryimage"},"thumbnailUrl":"https:\/\/miumjau.ee\/wp-content\/uploads\/2025\/05\/frigera-koerte-maius-lambakorvad-karvaga-100tk-Photoroom.webp","datePublished":"2025-05-28T06:51:06+00:00","dateModified":"2026-02-01T19:12:45+00:00","breadcrumb":{"@id":"https:\/\/miumjau.ee\/lt\/produktas\/naturalus-suns-skanestas-avies-ausis-su-plaukais-frigera-1-vnt\/#breadcrumb"},"inLanguage":"lt-LT","potentialAction":[{"@type":"ReadAction","target":["https:\/\/miumjau.ee\/lt\/produktas\/naturalus-suns-skanestas-avies-ausis-su-plaukais-frigera-1-vnt\/"]}]},{"@type":"ImageObject","inLanguage":"lt-LT","@id":"https:\/\/miumjau.ee\/lt\/produktas\/naturalus-suns-skanestas-avies-ausis-su-plaukais-frigera-1-vnt\/#primaryimage","url":"https:\/\/miumjau.ee\/wp-content\/uploads\/2025\/05\/frigera-koerte-maius-lambakorvad-karvaga-100tk-Photoroom.webp","contentUrl":"https:\/\/miumjau.ee\/wp-content\/uploads\/2025\/05\/frigera-koerte-maius-lambakorvad-karvaga-100tk-Photoroom.webp","width":600,"height":800},{"@type":"BreadcrumbList","@id":"https:\/\/miumjau.ee\/lt\/produktas\/naturalus-suns-skanestas-avies-ausis-su-plaukais-frigera-1-vnt\/#breadcrumb","itemListElement":[{"@type":"ListItem","position":1,"name":"Home","item":"https:\/\/miumjau.ee\/lt\/"},{"@type":"ListItem","position":2,"name":"Parduotuv\u0117","item":"https:\/\/miumjau.ee\/lt\/parduotuve\/"},{"@type":"ListItem","position":3,"name":"Nat\u016bralus \u0161uns skan\u0117stas, avies ausis su plaukais Frigera 1 vnt."}]},{"@type":"WebSite","@id":"https:\/\/miumjau.ee\/#website","url":"https:\/\/miumjau.ee\/","name":"MiuMjau","description":"Kraapimispuud kassidele","publisher":{"@id":"https:\/\/miumjau.ee\/#organization"},"potentialAction":[{"@type":"SearchAction","target":{"@type":"EntryPoint","urlTemplate":"https:\/\/miumjau.ee\/?s={search_term_string}"},"query-input":{"@type":"PropertyValueSpecification","valueRequired":true,"valueName":"search_term_string"}}],"inLanguage":"lt-LT"},{"@type":"Organization","@id":"https:\/\/miumjau.ee\/#organization","name":"MiuMjau O\u00dc","url":"https:\/\/miumjau.ee\/","logo":{"@type":"ImageObject","inLanguage":"lt-LT","@id":"https:\/\/miumjau.ee\/#\/schema\/logo\/image\/","url":"https:\/\/miumjau.ee\/wp-content\/uploads\/2022\/04\/MiuMjau-logo-kollane.png","contentUrl":"https:\/\/miumjau.ee\/wp-content\/uploads\/2022\/04\/MiuMjau-logo-kollane.png","width":219,"height":100,"caption":"MiuMjau O\u00dc"},"image":{"@id":"https:\/\/miumjau.ee\/#\/schema\/logo\/image\/"},"sameAs":["https:\/\/www.facebook.com\/miumjaupood\/"]}]}},"_links":{"self":[{"href":"https:\/\/miumjau.ee\/lt\/wp-json\/wp\/v2\/product\/48423","targetHints":{"allow":["GET"]}}],"collection":[{"href":"https:\/\/miumjau.ee\/lt\/wp-json\/wp\/v2\/product"}],"about":[{"href":"https:\/\/miumjau.ee\/lt\/wp-json\/wp\/v2\/types\/product"}],"wp:featuredmedia":[{"embeddable":true,"href":"https:\/\/miumjau.ee\/lt\/wp-json\/wp\/v2\/media\/48424"}],"wp:attachment":[{"href":"https:\/\/miumjau.ee\/lt\/wp-json\/wp\/v2\/media?parent=48423"}],"wp:term":[{"taxonomy":"product_brand","embeddable":true,"href":"https:\/\/miumjau.ee\/lt\/wp-json\/wp\/v2\/product_brand?post=48423"},{"taxonomy":"product_cat","embeddable":true,"href":"https:\/\/miumjau.ee\/lt\/wp-json\/wp\/v2\/product_cat?post=48423"},{"taxonomy":"product_tag","embeddable":true,"href":"https:\/\/miumjau.ee\/lt\/wp-json\/wp\/v2\/product_tag?post=48423"}],"curies":[{"name":"wp","href":"https:\/\/api.w.org\/{rel}","templated":true}]}}