{"id":48417,"date":"2025-05-28T11:35:58","date_gmt":"2025-05-28T08:35:58","guid":{"rendered":"https:\/\/miumjau.ee\/toode\/frigera-jautienos-ausis-su-plaukais-ir-mesa-2-vnt\/"},"modified":"2026-01-07T20:45:09","modified_gmt":"2026-01-07T18:45:09","slug":"frigera-jautienos-ausis-su-plaukais-ir-mesa-2-vnt","status":"publish","type":"product","link":"https:\/\/miumjau.ee\/lt\/produktas\/frigera-jautienos-ausis-su-plaukais-ir-mesa-2-vnt\/","title":{"rendered":"Frigera jautienos ausis su plaukais ir m\u0117sa, 2 vnt."},"content":{"rendered":"","protected":false},"excerpt":{"rendered":"<p>Ar esate kaip dauguma \u0161un\u0173 savinink\u0173 ir m\u0117gstate savo p\u016bkuotam draugui duoti skan\u0117st\u0173? Tuomet tikrai norite, kad jie b\u016bt\u0173 sveiki ir maistingi. \u0160tai kur praver\u010dia m\u016bs\u0173 ausys su plaukais!<\/p>\n<p>M\u016bs\u0173 ausys su plaukais pagamintos i\u0161 geriausios Europos jautienos. Jos turi ma\u017eiau riebal\u0173 nei kiaulienos ausys ir yra daug tvirtesn\u0117s, tod\u0117l puikiai tinka kaip alternatyva. Rezultatas \u2013 daug kramtymo malonumo ir geresnis j\u016bs\u0173 \u0161uns vir\u0161kinimas.<\/p>\n<p>Tai tikras dviej\u0173 pasauli\u0173 geriausias derinys: vidin\u0117 ausis su m\u0117sa, kremzle ir oda. Nat\u016braliai turtinga gliukozaminu ir chondroitinu, palaikanti s\u0105nari\u0173 sveikat\u0105. Be to, jose yra verting\u0173 omega-3 riebal\u0173 r\u016bg\u0161\u010di\u0173 ir mineral\u0173, toki\u0173 kaip cinkas ir selenas.<\/p>\n<p>Ir geriausia \u2013 plaukai gali nat\u016braliai pad\u0117ti valyti \u0161uns \u017earnyn\u0105, imituojant tai, kaip \u0161unys kadaise med\u017eiodavo ir valgydavo gyv\u016bnus su plaukais ir kaulais!<\/p>\n<p>Ausys su plaukais yra idealus skan\u0117stas, kuris valo, masa\u017euoja ir pri\u017ei\u016bri j\u016bs\u0173 \u0161uns dantis bei dantenas.<\/p>\n<p>Sud\u0117tis: 100% jautiena<\/p>\n<p>Analitin\u0117 sud\u0117tis: Baltymai: 78,1%, Riebalai: 5%, Dr\u0117gm\u0117: 4,9%<\/p>\n<p>\u0160\u0117rimo instrukcijos: Duokite kaip skan\u0117st\u0105 tarp valgym\u0173 arba kaip apdovanojim\u0105 dalyvaujant subalansuotoje mityboje. Visada pri\u017ei\u016br\u0117kite \u0161un\u012f \u0161\u0117rimo metu. U\u017etikrinkite pakankam\u0105 \u0161vie\u017eio geriamojo vandens kiek\u012f. Nerekomenduojama \u017emon\u0117ms.<\/p>\n<p>Pastaba! Tai yra svorio produktas ir bus supakuotas pagal \u012fsigyt\u0105 kiek\u012f \u2013 popieriuje arba pl\u0117vel\u0117je.<\/p>\n","protected":false},"featured_media":48418,"template":"","meta":[],"product_brand":[],"product_cat":[540],"product_tag":[],"class_list":{"0":"post-48417","1":"product","2":"type-product","3":"status-publish","4":"has-post-thumbnail","6":"product_cat-skanestai-sunims","8":"first","9":"instock","10":"taxable","11":"shipping-taxable","12":"purchasable","13":"product-type-simple"},"yoast_head":"<!-- This site is optimized with the Yoast SEO plugin v27.2 - https:\/\/yoast.com\/product\/yoast-seo-wordpress\/ -->\n<title>Frigera jautienos ausis su plaukais ir m\u0117sa, 2 vnt. - MiuMjau<\/title>\n<meta name=\"robots\" content=\"index, follow, max-snippet:-1, max-image-preview:large, max-video-preview:-1\" \/>\n<link rel=\"canonical\" href=\"https:\/\/miumjau.ee\/lt\/produktas\/frigera-jautienos-ausis-su-plaukais-ir-mesa-2-vnt\/\" \/>\n<meta property=\"og:locale\" content=\"lt_LT\" \/>\n<meta property=\"og:type\" content=\"article\" \/>\n<meta property=\"og:title\" content=\"Frigera jautienos ausis su plaukais ir m\u0117sa, 2 vnt. - MiuMjau\" \/>\n<meta property=\"og:description\" content=\"Ar esate kaip dauguma \u0161un\u0173 savinink\u0173 ir m\u0117gstate savo p\u016bkuotam draugui duoti skan\u0117st\u0173? Tuomet tikrai norite, kad jie b\u016bt\u0173 sveiki ir maistingi. \u0160tai kur praver\u010dia m\u016bs\u0173 ausys su plaukais!  M\u016bs\u0173 ausys su plaukais pagamintos i\u0161 geriausios Europos jautienos. Jos turi ma\u017eiau riebal\u0173 nei kiaulienos ausys ir yra daug tvirtesn\u0117s, tod\u0117l puikiai tinka kaip alternatyva. Rezultatas \u2013 daug kramtymo malonumo ir geresnis j\u016bs\u0173 \u0161uns vir\u0161kinimas.  Tai tikras dviej\u0173 pasauli\u0173 geriausias derinys: vidin\u0117 ausis su m\u0117sa, kremzle ir oda. Nat\u016braliai turtinga gliukozaminu ir chondroitinu, palaikanti s\u0105nari\u0173 sveikat\u0105. Be to, jose yra verting\u0173 omega-3 riebal\u0173 r\u016bg\u0161\u010di\u0173 ir mineral\u0173, toki\u0173 kaip cinkas ir selenas.  Ir geriausia \u2013 plaukai gali nat\u016braliai pad\u0117ti valyti \u0161uns \u017earnyn\u0105, imituojant tai, kaip \u0161unys kadaise med\u017eiodavo ir valgydavo gyv\u016bnus su plaukais ir kaulais!  Ausys su plaukais yra idealus skan\u0117stas, kuris valo, masa\u017euoja ir pri\u017ei\u016bri j\u016bs\u0173 \u0161uns dantis bei dantenas.  Sud\u0117tis: 100% jautiena  Analitin\u0117 sud\u0117tis: Baltymai: 78,1%, Riebalai: 5%, Dr\u0117gm\u0117: 4,9%  \u0160\u0117rimo instrukcijos: Duokite kaip skan\u0117st\u0105 tarp valgym\u0173 arba kaip apdovanojim\u0105 dalyvaujant subalansuotoje mityboje. Visada pri\u017ei\u016br\u0117kite \u0161un\u012f \u0161\u0117rimo metu. U\u017etikrinkite pakankam\u0105 \u0161vie\u017eio geriamojo vandens kiek\u012f. Nerekomenduojama \u017emon\u0117ms.  Pastaba! Tai yra svorio produktas ir bus supakuotas pagal \u012fsigyt\u0105 kiek\u012f \u2013 popieriuje arba pl\u0117vel\u0117je.\" \/>\n<meta property=\"og:url\" content=\"https:\/\/miumjau.ee\/lt\/produktas\/frigera-jautienos-ausis-su-plaukais-ir-mesa-2-vnt\/\" \/>\n<meta property=\"og:site_name\" content=\"MiuMjau\" \/>\n<meta property=\"article:publisher\" content=\"https:\/\/www.facebook.com\/miumjaupood\/\" \/>\n<meta property=\"article:modified_time\" content=\"2026-01-07T18:45:09+00:00\" \/>\n<meta property=\"og:image\" content=\"https:\/\/miumjau.ee\/wp-content\/uploads\/2025\/05\/frigera-koerte-maius-veisekorvad-lihaga-ja-karvaga-25tk-Photoroom.webp\" \/>\n\t<meta property=\"og:image:width\" content=\"600\" \/>\n\t<meta property=\"og:image:height\" content=\"800\" \/>\n\t<meta property=\"og:image:type\" content=\"image\/webp\" \/>\n<meta name=\"twitter:card\" content=\"summary_large_image\" \/>\n<script type=\"application\/ld+json\" class=\"yoast-schema-graph\">{\"@context\":\"https:\/\/schema.org\",\"@graph\":[{\"@type\":\"WebPage\",\"@id\":\"https:\/\/miumjau.ee\/lt\/produktas\/frigera-jautienos-ausis-su-plaukais-ir-mesa-2-vnt\/\",\"url\":\"https:\/\/miumjau.ee\/lt\/produktas\/frigera-jautienos-ausis-su-plaukais-ir-mesa-2-vnt\/\",\"name\":\"Frigera jautienos ausis su plaukais ir m\u0117sa, 2 vnt. - MiuMjau\",\"isPartOf\":{\"@id\":\"https:\/\/miumjau.ee\/#website\"},\"primaryImageOfPage\":{\"@id\":\"https:\/\/miumjau.ee\/lt\/produktas\/frigera-jautienos-ausis-su-plaukais-ir-mesa-2-vnt\/#primaryimage\"},\"image\":{\"@id\":\"https:\/\/miumjau.ee\/lt\/produktas\/frigera-jautienos-ausis-su-plaukais-ir-mesa-2-vnt\/#primaryimage\"},\"thumbnailUrl\":\"https:\/\/miumjau.ee\/wp-content\/uploads\/2025\/05\/frigera-koerte-maius-veisekorvad-lihaga-ja-karvaga-25tk-Photoroom.webp\",\"datePublished\":\"2025-05-28T08:35:58+00:00\",\"dateModified\":\"2026-01-07T18:45:09+00:00\",\"breadcrumb\":{\"@id\":\"https:\/\/miumjau.ee\/lt\/produktas\/frigera-jautienos-ausis-su-plaukais-ir-mesa-2-vnt\/#breadcrumb\"},\"inLanguage\":\"lt-LT\",\"potentialAction\":[{\"@type\":\"ReadAction\",\"target\":[\"https:\/\/miumjau.ee\/lt\/produktas\/frigera-jautienos-ausis-su-plaukais-ir-mesa-2-vnt\/\"]}]},{\"@type\":\"ImageObject\",\"inLanguage\":\"lt-LT\",\"@id\":\"https:\/\/miumjau.ee\/lt\/produktas\/frigera-jautienos-ausis-su-plaukais-ir-mesa-2-vnt\/#primaryimage\",\"url\":\"https:\/\/miumjau.ee\/wp-content\/uploads\/2025\/05\/frigera-koerte-maius-veisekorvad-lihaga-ja-karvaga-25tk-Photoroom.webp\",\"contentUrl\":\"https:\/\/miumjau.ee\/wp-content\/uploads\/2025\/05\/frigera-koerte-maius-veisekorvad-lihaga-ja-karvaga-25tk-Photoroom.webp\",\"width\":600,\"height\":800},{\"@type\":\"BreadcrumbList\",\"@id\":\"https:\/\/miumjau.ee\/lt\/produktas\/frigera-jautienos-ausis-su-plaukais-ir-mesa-2-vnt\/#breadcrumb\",\"itemListElement\":[{\"@type\":\"ListItem\",\"position\":1,\"name\":\"Home\",\"item\":\"https:\/\/miumjau.ee\/lt\/\"},{\"@type\":\"ListItem\",\"position\":2,\"name\":\"Parduotuv\u0117\",\"item\":\"https:\/\/miumjau.ee\/lt\/parduotuve\/\"},{\"@type\":\"ListItem\",\"position\":3,\"name\":\"Frigera jautienos ausis su plaukais ir m\u0117sa, 2 vnt.\"}]},{\"@type\":\"WebSite\",\"@id\":\"https:\/\/miumjau.ee\/#website\",\"url\":\"https:\/\/miumjau.ee\/\",\"name\":\"MiuMjau\",\"description\":\"Kraapimispuud kassidele\",\"publisher\":{\"@id\":\"https:\/\/miumjau.ee\/#organization\"},\"potentialAction\":[{\"@type\":\"SearchAction\",\"target\":{\"@type\":\"EntryPoint\",\"urlTemplate\":\"https:\/\/miumjau.ee\/?s={search_term_string}\"},\"query-input\":{\"@type\":\"PropertyValueSpecification\",\"valueRequired\":true,\"valueName\":\"search_term_string\"}}],\"inLanguage\":\"lt-LT\"},{\"@type\":\"Organization\",\"@id\":\"https:\/\/miumjau.ee\/#organization\",\"name\":\"MiuMjau O\u00dc\",\"url\":\"https:\/\/miumjau.ee\/\",\"logo\":{\"@type\":\"ImageObject\",\"inLanguage\":\"lt-LT\",\"@id\":\"https:\/\/miumjau.ee\/#\/schema\/logo\/image\/\",\"url\":\"https:\/\/miumjau.ee\/wp-content\/uploads\/2022\/04\/MiuMjau-logo-kollane.png\",\"contentUrl\":\"https:\/\/miumjau.ee\/wp-content\/uploads\/2022\/04\/MiuMjau-logo-kollane.png\",\"width\":219,\"height\":100,\"caption\":\"MiuMjau O\u00dc\"},\"image\":{\"@id\":\"https:\/\/miumjau.ee\/#\/schema\/logo\/image\/\"},\"sameAs\":[\"https:\/\/www.facebook.com\/miumjaupood\/\"]}]}<\/script>\n<!-- \/ Yoast SEO plugin. -->","yoast_head_json":{"title":"Frigera jautienos ausis su plaukais ir m\u0117sa, 2 vnt. - MiuMjau","robots":{"index":"index","follow":"follow","max-snippet":"max-snippet:-1","max-image-preview":"max-image-preview:large","max-video-preview":"max-video-preview:-1"},"canonical":"https:\/\/miumjau.ee\/lt\/produktas\/frigera-jautienos-ausis-su-plaukais-ir-mesa-2-vnt\/","og_locale":"lt_LT","og_type":"article","og_title":"Frigera jautienos ausis su plaukais ir m\u0117sa, 2 vnt. - MiuMjau","og_description":"Ar esate kaip dauguma \u0161un\u0173 savinink\u0173 ir m\u0117gstate savo p\u016bkuotam draugui duoti skan\u0117st\u0173? Tuomet tikrai norite, kad jie b\u016bt\u0173 sveiki ir maistingi. \u0160tai kur praver\u010dia m\u016bs\u0173 ausys su plaukais!  M\u016bs\u0173 ausys su plaukais pagamintos i\u0161 geriausios Europos jautienos. Jos turi ma\u017eiau riebal\u0173 nei kiaulienos ausys ir yra daug tvirtesn\u0117s, tod\u0117l puikiai tinka kaip alternatyva. Rezultatas \u2013 daug kramtymo malonumo ir geresnis j\u016bs\u0173 \u0161uns vir\u0161kinimas.  Tai tikras dviej\u0173 pasauli\u0173 geriausias derinys: vidin\u0117 ausis su m\u0117sa, kremzle ir oda. Nat\u016braliai turtinga gliukozaminu ir chondroitinu, palaikanti s\u0105nari\u0173 sveikat\u0105. Be to, jose yra verting\u0173 omega-3 riebal\u0173 r\u016bg\u0161\u010di\u0173 ir mineral\u0173, toki\u0173 kaip cinkas ir selenas.  Ir geriausia \u2013 plaukai gali nat\u016braliai pad\u0117ti valyti \u0161uns \u017earnyn\u0105, imituojant tai, kaip \u0161unys kadaise med\u017eiodavo ir valgydavo gyv\u016bnus su plaukais ir kaulais!  Ausys su plaukais yra idealus skan\u0117stas, kuris valo, masa\u017euoja ir pri\u017ei\u016bri j\u016bs\u0173 \u0161uns dantis bei dantenas.  Sud\u0117tis: 100% jautiena  Analitin\u0117 sud\u0117tis: Baltymai: 78,1%, Riebalai: 5%, Dr\u0117gm\u0117: 4,9%  \u0160\u0117rimo instrukcijos: Duokite kaip skan\u0117st\u0105 tarp valgym\u0173 arba kaip apdovanojim\u0105 dalyvaujant subalansuotoje mityboje. Visada pri\u017ei\u016br\u0117kite \u0161un\u012f \u0161\u0117rimo metu. U\u017etikrinkite pakankam\u0105 \u0161vie\u017eio geriamojo vandens kiek\u012f. Nerekomenduojama \u017emon\u0117ms.  Pastaba! Tai yra svorio produktas ir bus supakuotas pagal \u012fsigyt\u0105 kiek\u012f \u2013 popieriuje arba pl\u0117vel\u0117je.","og_url":"https:\/\/miumjau.ee\/lt\/produktas\/frigera-jautienos-ausis-su-plaukais-ir-mesa-2-vnt\/","og_site_name":"MiuMjau","article_publisher":"https:\/\/www.facebook.com\/miumjaupood\/","article_modified_time":"2026-01-07T18:45:09+00:00","og_image":[{"width":600,"height":800,"url":"https:\/\/miumjau.ee\/wp-content\/uploads\/2025\/05\/frigera-koerte-maius-veisekorvad-lihaga-ja-karvaga-25tk-Photoroom.webp","type":"image\/webp"}],"twitter_card":"summary_large_image","schema":{"@context":"https:\/\/schema.org","@graph":[{"@type":"WebPage","@id":"https:\/\/miumjau.ee\/lt\/produktas\/frigera-jautienos-ausis-su-plaukais-ir-mesa-2-vnt\/","url":"https:\/\/miumjau.ee\/lt\/produktas\/frigera-jautienos-ausis-su-plaukais-ir-mesa-2-vnt\/","name":"Frigera jautienos ausis su plaukais ir m\u0117sa, 2 vnt. - MiuMjau","isPartOf":{"@id":"https:\/\/miumjau.ee\/#website"},"primaryImageOfPage":{"@id":"https:\/\/miumjau.ee\/lt\/produktas\/frigera-jautienos-ausis-su-plaukais-ir-mesa-2-vnt\/#primaryimage"},"image":{"@id":"https:\/\/miumjau.ee\/lt\/produktas\/frigera-jautienos-ausis-su-plaukais-ir-mesa-2-vnt\/#primaryimage"},"thumbnailUrl":"https:\/\/miumjau.ee\/wp-content\/uploads\/2025\/05\/frigera-koerte-maius-veisekorvad-lihaga-ja-karvaga-25tk-Photoroom.webp","datePublished":"2025-05-28T08:35:58+00:00","dateModified":"2026-01-07T18:45:09+00:00","breadcrumb":{"@id":"https:\/\/miumjau.ee\/lt\/produktas\/frigera-jautienos-ausis-su-plaukais-ir-mesa-2-vnt\/#breadcrumb"},"inLanguage":"lt-LT","potentialAction":[{"@type":"ReadAction","target":["https:\/\/miumjau.ee\/lt\/produktas\/frigera-jautienos-ausis-su-plaukais-ir-mesa-2-vnt\/"]}]},{"@type":"ImageObject","inLanguage":"lt-LT","@id":"https:\/\/miumjau.ee\/lt\/produktas\/frigera-jautienos-ausis-su-plaukais-ir-mesa-2-vnt\/#primaryimage","url":"https:\/\/miumjau.ee\/wp-content\/uploads\/2025\/05\/frigera-koerte-maius-veisekorvad-lihaga-ja-karvaga-25tk-Photoroom.webp","contentUrl":"https:\/\/miumjau.ee\/wp-content\/uploads\/2025\/05\/frigera-koerte-maius-veisekorvad-lihaga-ja-karvaga-25tk-Photoroom.webp","width":600,"height":800},{"@type":"BreadcrumbList","@id":"https:\/\/miumjau.ee\/lt\/produktas\/frigera-jautienos-ausis-su-plaukais-ir-mesa-2-vnt\/#breadcrumb","itemListElement":[{"@type":"ListItem","position":1,"name":"Home","item":"https:\/\/miumjau.ee\/lt\/"},{"@type":"ListItem","position":2,"name":"Parduotuv\u0117","item":"https:\/\/miumjau.ee\/lt\/parduotuve\/"},{"@type":"ListItem","position":3,"name":"Frigera jautienos ausis su plaukais ir m\u0117sa, 2 vnt."}]},{"@type":"WebSite","@id":"https:\/\/miumjau.ee\/#website","url":"https:\/\/miumjau.ee\/","name":"MiuMjau","description":"Kraapimispuud kassidele","publisher":{"@id":"https:\/\/miumjau.ee\/#organization"},"potentialAction":[{"@type":"SearchAction","target":{"@type":"EntryPoint","urlTemplate":"https:\/\/miumjau.ee\/?s={search_term_string}"},"query-input":{"@type":"PropertyValueSpecification","valueRequired":true,"valueName":"search_term_string"}}],"inLanguage":"lt-LT"},{"@type":"Organization","@id":"https:\/\/miumjau.ee\/#organization","name":"MiuMjau O\u00dc","url":"https:\/\/miumjau.ee\/","logo":{"@type":"ImageObject","inLanguage":"lt-LT","@id":"https:\/\/miumjau.ee\/#\/schema\/logo\/image\/","url":"https:\/\/miumjau.ee\/wp-content\/uploads\/2022\/04\/MiuMjau-logo-kollane.png","contentUrl":"https:\/\/miumjau.ee\/wp-content\/uploads\/2022\/04\/MiuMjau-logo-kollane.png","width":219,"height":100,"caption":"MiuMjau O\u00dc"},"image":{"@id":"https:\/\/miumjau.ee\/#\/schema\/logo\/image\/"},"sameAs":["https:\/\/www.facebook.com\/miumjaupood\/"]}]}},"_links":{"self":[{"href":"https:\/\/miumjau.ee\/lt\/wp-json\/wp\/v2\/product\/48417","targetHints":{"allow":["GET"]}}],"collection":[{"href":"https:\/\/miumjau.ee\/lt\/wp-json\/wp\/v2\/product"}],"about":[{"href":"https:\/\/miumjau.ee\/lt\/wp-json\/wp\/v2\/types\/product"}],"wp:featuredmedia":[{"embeddable":true,"href":"https:\/\/miumjau.ee\/lt\/wp-json\/wp\/v2\/media\/48418"}],"wp:attachment":[{"href":"https:\/\/miumjau.ee\/lt\/wp-json\/wp\/v2\/media?parent=48417"}],"wp:term":[{"taxonomy":"product_brand","embeddable":true,"href":"https:\/\/miumjau.ee\/lt\/wp-json\/wp\/v2\/product_brand?post=48417"},{"taxonomy":"product_cat","embeddable":true,"href":"https:\/\/miumjau.ee\/lt\/wp-json\/wp\/v2\/product_cat?post=48417"},{"taxonomy":"product_tag","embeddable":true,"href":"https:\/\/miumjau.ee\/lt\/wp-json\/wp\/v2\/product_tag?post=48417"}],"curies":[{"name":"wp","href":"https:\/\/api.w.org\/{rel}","templated":true}]}}