{"id":48411,"date":"2025-05-28T11:53:22","date_gmt":"2025-05-28T08:53:22","guid":{"rendered":"https:\/\/miumjau.ee\/toode\/kramtomasis-skanestas-sunims-frigera-bully-wrap-1-vnt\/"},"modified":"2026-01-07T20:45:16","modified_gmt":"2026-01-07T18:45:16","slug":"kramtomasis-skanestas-sunims-frigera-bully-wrap-1-vnt","status":"publish","type":"product","link":"https:\/\/miumjau.ee\/lt\/produktas\/kramtomasis-skanestas-sunims-frigera-bully-wrap-1-vnt\/","title":{"rendered":"Kramtomasis skan\u0117stas \u0161unims Frigera Bully Wrap 1 vnt."},"content":{"rendered":"","protected":false},"excerpt":{"rendered":"<p>Ar pavargote savo p\u016bkuotam draugui duoti nuobod\u017ei\u0173 ir perdirbt\u0173 kramtom\u0173j\u0173 pagaliuk\u0173? Tas metas pra\u0117jo! friGERA jautienos Bully Wrap yra geriausias b\u016bdas palepinti savo mylim\u0105 \u0161un\u012f!<\/p>\n<p>M\u016bs\u0173 Bully Wrap yra skanus skan\u0117stas, pagamintas i\u0161 \u0161velniai d\u017eiovintos laisvai auginam\u0173 galvij\u0173 m\u0117sos, skirta \u017emogaus vartojimui. Gyvuliai auginami be antibiotik\u0173, steroid\u0173 ar hormon\u0173 \u2013 beveik visi\u0161kai nat\u016bral\u016bs!<\/p>\n<p>\u0160is skan\u0117stas yra turtingas baltym\u0173, jame yra gele\u017eies, cinko, magnio ir B12 vitamino, bet ma\u017eai riebal\u0173 \u2013 puikiai tinka raumenims palaikyti ir svarbioms maistin\u0117ms med\u017eiagoms suteikti j\u016bs\u0173 \u0161uniui.<\/p>\n<p>Skirtingai nuo \u012fprast\u0173 kramtom\u0173j\u0173, m\u016bs\u0173 Bully Wrap turi mink\u0161t\u0105 tekst\u016br\u0105, bet vis tiek yra tvirtas, tod\u0117l puikiai tinka \u0161uns dantims ir dantenoms pri\u017ei\u016br\u0117ti tuo pa\u010diu metu. Nesitenkink nuobod\u017eiu \u2013 apdovanok savo \u0161un\u012f \u0161iuo skaniu skan\u0117stu!<\/p>\n<p>Pastaba! Tai yra svorio produktas ir bus supakuotas pagal \u012fsigyt\u0105 kiek\u012f \u2013 popieriuje arba pl\u0117vel\u0117je.<\/p>\n","protected":false},"featured_media":48412,"template":"","meta":[],"product_brand":[],"product_cat":[540],"product_tag":[],"class_list":{"0":"post-48411","1":"product","2":"type-product","3":"status-publish","4":"has-post-thumbnail","6":"product_cat-skanestai-sunims","8":"first","9":"instock","10":"taxable","11":"shipping-taxable","12":"purchasable","13":"product-type-simple"},"yoast_head":"<!-- This site is optimized with the Yoast SEO plugin v27.2 - https:\/\/yoast.com\/product\/yoast-seo-wordpress\/ -->\n<title>Kramtomasis skan\u0117stas \u0161unims Frigera Bully Wrap 1 vnt. - MiuMjau<\/title>\n<meta name=\"robots\" content=\"index, follow, max-snippet:-1, max-image-preview:large, max-video-preview:-1\" \/>\n<link rel=\"canonical\" href=\"https:\/\/miumjau.ee\/lt\/produktas\/kramtomasis-skanestas-sunims-frigera-bully-wrap-1-vnt\/\" \/>\n<meta property=\"og:locale\" content=\"lt_LT\" \/>\n<meta property=\"og:type\" content=\"article\" \/>\n<meta property=\"og:title\" content=\"Kramtomasis skan\u0117stas \u0161unims Frigera Bully Wrap 1 vnt. - MiuMjau\" \/>\n<meta property=\"og:description\" content=\"Ar pavargote savo p\u016bkuotam draugui duoti nuobod\u017ei\u0173 ir perdirbt\u0173 kramtom\u0173j\u0173 pagaliuk\u0173? Tas metas pra\u0117jo! friGERA jautienos Bully Wrap yra geriausias b\u016bdas palepinti savo mylim\u0105 \u0161un\u012f!  M\u016bs\u0173 Bully Wrap yra skanus skan\u0117stas, pagamintas i\u0161 \u0161velniai d\u017eiovintos laisvai auginam\u0173 galvij\u0173 m\u0117sos, skirta \u017emogaus vartojimui. Gyvuliai auginami be antibiotik\u0173, steroid\u0173 ar hormon\u0173 \u2013 beveik visi\u0161kai nat\u016bral\u016bs!  \u0160is skan\u0117stas yra turtingas baltym\u0173, jame yra gele\u017eies, cinko, magnio ir B12 vitamino, bet ma\u017eai riebal\u0173 \u2013 puikiai tinka raumenims palaikyti ir svarbioms maistin\u0117ms med\u017eiagoms suteikti j\u016bs\u0173 \u0161uniui.  Skirtingai nuo \u012fprast\u0173 kramtom\u0173j\u0173, m\u016bs\u0173 Bully Wrap turi mink\u0161t\u0105 tekst\u016br\u0105, bet vis tiek yra tvirtas, tod\u0117l puikiai tinka \u0161uns dantims ir dantenoms pri\u017ei\u016br\u0117ti tuo pa\u010diu metu. Nesitenkink nuobod\u017eiu \u2013 apdovanok savo \u0161un\u012f \u0161iuo skaniu skan\u0117stu!  Pastaba! Tai yra svorio produktas ir bus supakuotas pagal \u012fsigyt\u0105 kiek\u012f \u2013 popieriuje arba pl\u0117vel\u0117je.\" \/>\n<meta property=\"og:url\" content=\"https:\/\/miumjau.ee\/lt\/produktas\/kramtomasis-skanestas-sunims-frigera-bully-wrap-1-vnt\/\" \/>\n<meta property=\"og:site_name\" content=\"MiuMjau\" \/>\n<meta property=\"article:publisher\" content=\"https:\/\/www.facebook.com\/miumjaupood\/\" \/>\n<meta property=\"article:modified_time\" content=\"2026-01-07T18:45:16+00:00\" \/>\n<meta property=\"og:image\" content=\"https:\/\/miumjau.ee\/wp-content\/uploads\/2025\/05\/frigera-pullipeenise-torud-35tk-Photoroom.webp\" \/>\n\t<meta property=\"og:image:width\" content=\"600\" \/>\n\t<meta property=\"og:image:height\" content=\"800\" \/>\n\t<meta property=\"og:image:type\" content=\"image\/webp\" \/>\n<meta name=\"twitter:card\" content=\"summary_large_image\" \/>\n<script type=\"application\/ld+json\" class=\"yoast-schema-graph\">{\"@context\":\"https:\/\/schema.org\",\"@graph\":[{\"@type\":\"WebPage\",\"@id\":\"https:\/\/miumjau.ee\/lt\/produktas\/kramtomasis-skanestas-sunims-frigera-bully-wrap-1-vnt\/\",\"url\":\"https:\/\/miumjau.ee\/lt\/produktas\/kramtomasis-skanestas-sunims-frigera-bully-wrap-1-vnt\/\",\"name\":\"Kramtomasis skan\u0117stas \u0161unims Frigera Bully Wrap 1 vnt. - MiuMjau\",\"isPartOf\":{\"@id\":\"https:\/\/miumjau.ee\/#website\"},\"primaryImageOfPage\":{\"@id\":\"https:\/\/miumjau.ee\/lt\/produktas\/kramtomasis-skanestas-sunims-frigera-bully-wrap-1-vnt\/#primaryimage\"},\"image\":{\"@id\":\"https:\/\/miumjau.ee\/lt\/produktas\/kramtomasis-skanestas-sunims-frigera-bully-wrap-1-vnt\/#primaryimage\"},\"thumbnailUrl\":\"https:\/\/miumjau.ee\/wp-content\/uploads\/2025\/05\/frigera-pullipeenise-torud-35tk-Photoroom.webp\",\"datePublished\":\"2025-05-28T08:53:22+00:00\",\"dateModified\":\"2026-01-07T18:45:16+00:00\",\"breadcrumb\":{\"@id\":\"https:\/\/miumjau.ee\/lt\/produktas\/kramtomasis-skanestas-sunims-frigera-bully-wrap-1-vnt\/#breadcrumb\"},\"inLanguage\":\"lt-LT\",\"potentialAction\":[{\"@type\":\"ReadAction\",\"target\":[\"https:\/\/miumjau.ee\/lt\/produktas\/kramtomasis-skanestas-sunims-frigera-bully-wrap-1-vnt\/\"]}]},{\"@type\":\"ImageObject\",\"inLanguage\":\"lt-LT\",\"@id\":\"https:\/\/miumjau.ee\/lt\/produktas\/kramtomasis-skanestas-sunims-frigera-bully-wrap-1-vnt\/#primaryimage\",\"url\":\"https:\/\/miumjau.ee\/wp-content\/uploads\/2025\/05\/frigera-pullipeenise-torud-35tk-Photoroom.webp\",\"contentUrl\":\"https:\/\/miumjau.ee\/wp-content\/uploads\/2025\/05\/frigera-pullipeenise-torud-35tk-Photoroom.webp\",\"width\":600,\"height\":800},{\"@type\":\"BreadcrumbList\",\"@id\":\"https:\/\/miumjau.ee\/lt\/produktas\/kramtomasis-skanestas-sunims-frigera-bully-wrap-1-vnt\/#breadcrumb\",\"itemListElement\":[{\"@type\":\"ListItem\",\"position\":1,\"name\":\"Home\",\"item\":\"https:\/\/miumjau.ee\/lt\/\"},{\"@type\":\"ListItem\",\"position\":2,\"name\":\"Parduotuv\u0117\",\"item\":\"https:\/\/miumjau.ee\/lt\/parduotuve\/\"},{\"@type\":\"ListItem\",\"position\":3,\"name\":\"Kramtomasis skan\u0117stas \u0161unims Frigera Bully Wrap 1 vnt.\"}]},{\"@type\":\"WebSite\",\"@id\":\"https:\/\/miumjau.ee\/#website\",\"url\":\"https:\/\/miumjau.ee\/\",\"name\":\"MiuMjau\",\"description\":\"Kraapimispuud kassidele\",\"publisher\":{\"@id\":\"https:\/\/miumjau.ee\/#organization\"},\"potentialAction\":[{\"@type\":\"SearchAction\",\"target\":{\"@type\":\"EntryPoint\",\"urlTemplate\":\"https:\/\/miumjau.ee\/?s={search_term_string}\"},\"query-input\":{\"@type\":\"PropertyValueSpecification\",\"valueRequired\":true,\"valueName\":\"search_term_string\"}}],\"inLanguage\":\"lt-LT\"},{\"@type\":\"Organization\",\"@id\":\"https:\/\/miumjau.ee\/#organization\",\"name\":\"MiuMjau O\u00dc\",\"url\":\"https:\/\/miumjau.ee\/\",\"logo\":{\"@type\":\"ImageObject\",\"inLanguage\":\"lt-LT\",\"@id\":\"https:\/\/miumjau.ee\/#\/schema\/logo\/image\/\",\"url\":\"https:\/\/miumjau.ee\/wp-content\/uploads\/2022\/04\/MiuMjau-logo-kollane.png\",\"contentUrl\":\"https:\/\/miumjau.ee\/wp-content\/uploads\/2022\/04\/MiuMjau-logo-kollane.png\",\"width\":219,\"height\":100,\"caption\":\"MiuMjau O\u00dc\"},\"image\":{\"@id\":\"https:\/\/miumjau.ee\/#\/schema\/logo\/image\/\"},\"sameAs\":[\"https:\/\/www.facebook.com\/miumjaupood\/\"]}]}<\/script>\n<!-- \/ Yoast SEO plugin. -->","yoast_head_json":{"title":"Kramtomasis skan\u0117stas \u0161unims Frigera Bully Wrap 1 vnt. - MiuMjau","robots":{"index":"index","follow":"follow","max-snippet":"max-snippet:-1","max-image-preview":"max-image-preview:large","max-video-preview":"max-video-preview:-1"},"canonical":"https:\/\/miumjau.ee\/lt\/produktas\/kramtomasis-skanestas-sunims-frigera-bully-wrap-1-vnt\/","og_locale":"lt_LT","og_type":"article","og_title":"Kramtomasis skan\u0117stas \u0161unims Frigera Bully Wrap 1 vnt. - MiuMjau","og_description":"Ar pavargote savo p\u016bkuotam draugui duoti nuobod\u017ei\u0173 ir perdirbt\u0173 kramtom\u0173j\u0173 pagaliuk\u0173? Tas metas pra\u0117jo! friGERA jautienos Bully Wrap yra geriausias b\u016bdas palepinti savo mylim\u0105 \u0161un\u012f!  M\u016bs\u0173 Bully Wrap yra skanus skan\u0117stas, pagamintas i\u0161 \u0161velniai d\u017eiovintos laisvai auginam\u0173 galvij\u0173 m\u0117sos, skirta \u017emogaus vartojimui. Gyvuliai auginami be antibiotik\u0173, steroid\u0173 ar hormon\u0173 \u2013 beveik visi\u0161kai nat\u016bral\u016bs!  \u0160is skan\u0117stas yra turtingas baltym\u0173, jame yra gele\u017eies, cinko, magnio ir B12 vitamino, bet ma\u017eai riebal\u0173 \u2013 puikiai tinka raumenims palaikyti ir svarbioms maistin\u0117ms med\u017eiagoms suteikti j\u016bs\u0173 \u0161uniui.  Skirtingai nuo \u012fprast\u0173 kramtom\u0173j\u0173, m\u016bs\u0173 Bully Wrap turi mink\u0161t\u0105 tekst\u016br\u0105, bet vis tiek yra tvirtas, tod\u0117l puikiai tinka \u0161uns dantims ir dantenoms pri\u017ei\u016br\u0117ti tuo pa\u010diu metu. Nesitenkink nuobod\u017eiu \u2013 apdovanok savo \u0161un\u012f \u0161iuo skaniu skan\u0117stu!  Pastaba! Tai yra svorio produktas ir bus supakuotas pagal \u012fsigyt\u0105 kiek\u012f \u2013 popieriuje arba pl\u0117vel\u0117je.","og_url":"https:\/\/miumjau.ee\/lt\/produktas\/kramtomasis-skanestas-sunims-frigera-bully-wrap-1-vnt\/","og_site_name":"MiuMjau","article_publisher":"https:\/\/www.facebook.com\/miumjaupood\/","article_modified_time":"2026-01-07T18:45:16+00:00","og_image":[{"width":600,"height":800,"url":"https:\/\/miumjau.ee\/wp-content\/uploads\/2025\/05\/frigera-pullipeenise-torud-35tk-Photoroom.webp","type":"image\/webp"}],"twitter_card":"summary_large_image","schema":{"@context":"https:\/\/schema.org","@graph":[{"@type":"WebPage","@id":"https:\/\/miumjau.ee\/lt\/produktas\/kramtomasis-skanestas-sunims-frigera-bully-wrap-1-vnt\/","url":"https:\/\/miumjau.ee\/lt\/produktas\/kramtomasis-skanestas-sunims-frigera-bully-wrap-1-vnt\/","name":"Kramtomasis skan\u0117stas \u0161unims Frigera Bully Wrap 1 vnt. - MiuMjau","isPartOf":{"@id":"https:\/\/miumjau.ee\/#website"},"primaryImageOfPage":{"@id":"https:\/\/miumjau.ee\/lt\/produktas\/kramtomasis-skanestas-sunims-frigera-bully-wrap-1-vnt\/#primaryimage"},"image":{"@id":"https:\/\/miumjau.ee\/lt\/produktas\/kramtomasis-skanestas-sunims-frigera-bully-wrap-1-vnt\/#primaryimage"},"thumbnailUrl":"https:\/\/miumjau.ee\/wp-content\/uploads\/2025\/05\/frigera-pullipeenise-torud-35tk-Photoroom.webp","datePublished":"2025-05-28T08:53:22+00:00","dateModified":"2026-01-07T18:45:16+00:00","breadcrumb":{"@id":"https:\/\/miumjau.ee\/lt\/produktas\/kramtomasis-skanestas-sunims-frigera-bully-wrap-1-vnt\/#breadcrumb"},"inLanguage":"lt-LT","potentialAction":[{"@type":"ReadAction","target":["https:\/\/miumjau.ee\/lt\/produktas\/kramtomasis-skanestas-sunims-frigera-bully-wrap-1-vnt\/"]}]},{"@type":"ImageObject","inLanguage":"lt-LT","@id":"https:\/\/miumjau.ee\/lt\/produktas\/kramtomasis-skanestas-sunims-frigera-bully-wrap-1-vnt\/#primaryimage","url":"https:\/\/miumjau.ee\/wp-content\/uploads\/2025\/05\/frigera-pullipeenise-torud-35tk-Photoroom.webp","contentUrl":"https:\/\/miumjau.ee\/wp-content\/uploads\/2025\/05\/frigera-pullipeenise-torud-35tk-Photoroom.webp","width":600,"height":800},{"@type":"BreadcrumbList","@id":"https:\/\/miumjau.ee\/lt\/produktas\/kramtomasis-skanestas-sunims-frigera-bully-wrap-1-vnt\/#breadcrumb","itemListElement":[{"@type":"ListItem","position":1,"name":"Home","item":"https:\/\/miumjau.ee\/lt\/"},{"@type":"ListItem","position":2,"name":"Parduotuv\u0117","item":"https:\/\/miumjau.ee\/lt\/parduotuve\/"},{"@type":"ListItem","position":3,"name":"Kramtomasis skan\u0117stas \u0161unims Frigera Bully Wrap 1 vnt."}]},{"@type":"WebSite","@id":"https:\/\/miumjau.ee\/#website","url":"https:\/\/miumjau.ee\/","name":"MiuMjau","description":"Kraapimispuud kassidele","publisher":{"@id":"https:\/\/miumjau.ee\/#organization"},"potentialAction":[{"@type":"SearchAction","target":{"@type":"EntryPoint","urlTemplate":"https:\/\/miumjau.ee\/?s={search_term_string}"},"query-input":{"@type":"PropertyValueSpecification","valueRequired":true,"valueName":"search_term_string"}}],"inLanguage":"lt-LT"},{"@type":"Organization","@id":"https:\/\/miumjau.ee\/#organization","name":"MiuMjau O\u00dc","url":"https:\/\/miumjau.ee\/","logo":{"@type":"ImageObject","inLanguage":"lt-LT","@id":"https:\/\/miumjau.ee\/#\/schema\/logo\/image\/","url":"https:\/\/miumjau.ee\/wp-content\/uploads\/2022\/04\/MiuMjau-logo-kollane.png","contentUrl":"https:\/\/miumjau.ee\/wp-content\/uploads\/2022\/04\/MiuMjau-logo-kollane.png","width":219,"height":100,"caption":"MiuMjau O\u00dc"},"image":{"@id":"https:\/\/miumjau.ee\/#\/schema\/logo\/image\/"},"sameAs":["https:\/\/www.facebook.com\/miumjaupood\/"]}]}},"_links":{"self":[{"href":"https:\/\/miumjau.ee\/lt\/wp-json\/wp\/v2\/product\/48411","targetHints":{"allow":["GET"]}}],"collection":[{"href":"https:\/\/miumjau.ee\/lt\/wp-json\/wp\/v2\/product"}],"about":[{"href":"https:\/\/miumjau.ee\/lt\/wp-json\/wp\/v2\/types\/product"}],"wp:featuredmedia":[{"embeddable":true,"href":"https:\/\/miumjau.ee\/lt\/wp-json\/wp\/v2\/media\/48412"}],"wp:attachment":[{"href":"https:\/\/miumjau.ee\/lt\/wp-json\/wp\/v2\/media?parent=48411"}],"wp:term":[{"taxonomy":"product_brand","embeddable":true,"href":"https:\/\/miumjau.ee\/lt\/wp-json\/wp\/v2\/product_brand?post=48411"},{"taxonomy":"product_cat","embeddable":true,"href":"https:\/\/miumjau.ee\/lt\/wp-json\/wp\/v2\/product_cat?post=48411"},{"taxonomy":"product_tag","embeddable":true,"href":"https:\/\/miumjau.ee\/lt\/wp-json\/wp\/v2\/product_tag?post=48411"}],"curies":[{"name":"wp","href":"https:\/\/api.w.org\/{rel}","templated":true}]}}